{"id":448675,"date":"2025-06-25T01:22:28","date_gmt":"2025-06-24T23:22:28","guid":{"rendered":"https:\/\/shopatoa.com\/ro\/le-chameau-elixir-noir-eau-de-parfum-unisex-120-ml\/"},"modified":"2025-06-25T01:22:46","modified_gmt":"2025-06-24T23:22:46","slug":"le-chameau-elixir-noir-eau-de-parfum-unisex-120-ml","status":"publish","type":"product","link":"https:\/\/shopatoa.com\/ro\/le-chameau-elixir-noir-eau-de-parfum-unisex-120-ml\/","title":{"rendered":"Le Chameau Elixir Noir Eau de Parfum unisex 120 ml"},"content":{"rendered":"<p>Le Chameau Elixir Noir, 120 ml, Ap\u0103 de parfum unisex, \u00cenv\u0103lui\u021bi-v\u0103 \u00eentr-un parfum care se \u00eencadreaz\u0103 perfect \u00een stilul dvs. \u0219i care devine rapid noua dvs. semn\u0103tur\u0103. Apa de parfum unisex Le Chameau Elixir Noir v\u0103 cucere\u0219te de la prima parfumare \u0219i nu va \u00eencerca niciodat\u0103 s\u0103 v\u0103 surprind\u0103.  parfum de fructe parfum lemnos pentru to\u021bi cei care nu se tem s\u0103 ias\u0103 \u00een eviden\u021b\u0103<\/p>\n","protected":false},"excerpt":{"rendered":"<p>Le Chameau Elixir Noir, 120 ml, Ap\u0103 de parfum unisex, \u00cenv\u0103lui\u021bi-v\u0103 \u00eentr-un parfum care se \u00eencadreaz\u0103 perfect \u00een stilul dvs. \u0219i care devine rapid noua dvs. semn\u0103tur\u0103. Apa de parfum unisex Le Chameau Elixir Noir v\u0103 cucere\u0219te de la prima parfumare \u0219i nu va \u00eencerca niciodat\u0103 s\u0103 v\u0103 surprind\u0103. parfum de fructe parfum lemnos pentru&#8230;<\/p>\n","protected":false},"featured_media":448676,"comment_status":"closed","ping_status":"open","template":"","meta":{"_acf_changed":false,"_kadence_starter_templates_imported_post":false,"_kad_post_transparent":"","_kad_post_title":"","_kad_post_layout":"","_kad_post_sidebar_id":"","_kad_post_content_style":"","_kad_post_vertical_padding":"","_kad_post_feature":"","_kad_post_feature_position":"","_kad_post_header":false,"_kad_post_footer":false,"_kad_post_classname":""},"product_brand":[3207],"product_cat":[3202,1564,1563,3200,1562],"product_tag":[],"class_list":{"0":"post-448675","1":"product","2":"type-product","3":"status-publish","4":"has-post-thumbnail","6":"product_brand-le-chameau","7":"product_cat-ape-de-parfum","8":"product_cat-cosmetice-ingrijire-personala","9":"product_cat-ingrijire-personala","10":"product_cat-parfumuri-si-colonii","11":"product_cat-sanatate-si-frumusete","12":"pa_gen-unisex","13":"pa_marime-120-ml","15":"first","16":"instock","17":"sale","18":"product-type-external","19":"entry","20":"content-bg","21":"loop-entry"},"acf":[],"yoast_head":"<!-- This site is optimized with the Yoast SEO plugin v27.3 - https:\/\/yoast.com\/product\/yoast-seo-wordpress\/ -->\n<title>Le Chameau Elixir Noir Eau de Parfum unisex 120 ml - SHOPATOA.COM<\/title>\n<meta name=\"robots\" content=\"index, follow, max-snippet:-1, max-image-preview:large, max-video-preview:-1\" \/>\n<link rel=\"canonical\" href=\"https:\/\/shopatoa.com\/ro\/le-chameau-elixir-noir-eau-de-parfum-unisex-120-ml\/\" \/>\n<meta property=\"og:locale\" content=\"ro_RO\" \/>\n<meta property=\"og:type\" content=\"article\" \/>\n<meta property=\"og:title\" content=\"Le Chameau Elixir Noir Eau de Parfum unisex 120 ml - SHOPATOA.COM\" \/>\n<meta property=\"og:description\" content=\"Le Chameau Elixir Noir, 120 ml, Ap\u0103 de parfum unisex, \u00cenv\u0103lui\u021bi-v\u0103 \u00eentr-un parfum care se \u00eencadreaz\u0103 perfect \u00een stilul dvs. \u0219i care devine rapid noua dvs. semn\u0103tur\u0103. Apa de parfum unisex Le Chameau Elixir Noir v\u0103 cucere\u0219te de la prima parfumare \u0219i nu va \u00eencerca niciodat\u0103 s\u0103 v\u0103 surprind\u0103. parfum de fructe parfum lemnos pentru...\" \/>\n<meta property=\"og:url\" content=\"https:\/\/shopatoa.com\/ro\/le-chameau-elixir-noir-eau-de-parfum-unisex-120-ml\/\" \/>\n<meta property=\"og:site_name\" content=\"SHOPATOA\" \/>\n<meta property=\"article:modified_time\" content=\"2025-06-24T23:22:46+00:00\" \/>\n<meta property=\"og:image\" content=\"https:\/\/storage.googleapis.com\/cz-shopatoa-img\/ro\/fb95cd15-unnamed-file.webp\" \/>\n\t<meta property=\"og:image:width\" content=\"800\" \/>\n\t<meta property=\"og:image:height\" content=\"800\" \/>\n\t<meta property=\"og:image:type\" content=\"image\/webp\" \/>\n<meta name=\"twitter:card\" content=\"summary_large_image\" \/>\n<script type=\"application\/ld+json\" class=\"yoast-schema-graph\">{\"@context\":\"https:\\\/\\\/schema.org\",\"@graph\":[{\"@type\":\"WebPage\",\"@id\":\"https:\\\/\\\/shopatoa.com\\\/ro\\\/le-chameau-elixir-noir-eau-de-parfum-unisex-120-ml\\\/\",\"url\":\"https:\\\/\\\/shopatoa.com\\\/ro\\\/le-chameau-elixir-noir-eau-de-parfum-unisex-120-ml\\\/\",\"name\":\"Le Chameau Elixir Noir Eau de Parfum unisex 120 ml - SHOPATOA.COM\",\"isPartOf\":{\"@id\":\"https:\\\/\\\/shopatoa.com\\\/ro\\\/#website\"},\"primaryImageOfPage\":{\"@id\":\"https:\\\/\\\/shopatoa.com\\\/ro\\\/le-chameau-elixir-noir-eau-de-parfum-unisex-120-ml\\\/#primaryimage\"},\"image\":{\"@id\":\"https:\\\/\\\/shopatoa.com\\\/ro\\\/le-chameau-elixir-noir-eau-de-parfum-unisex-120-ml\\\/#primaryimage\"},\"thumbnailUrl\":\"https:\\\/\\\/storage.googleapis.com\\\/cz-shopatoa-img\\\/ro\\\/fb95cd15-unnamed-file.webp\",\"datePublished\":\"2025-06-24T23:22:28+00:00\",\"dateModified\":\"2025-06-24T23:22:46+00:00\",\"breadcrumb\":{\"@id\":\"https:\\\/\\\/shopatoa.com\\\/ro\\\/le-chameau-elixir-noir-eau-de-parfum-unisex-120-ml\\\/#breadcrumb\"},\"inLanguage\":\"ro-RO\",\"potentialAction\":[{\"@type\":\"ReadAction\",\"target\":[\"https:\\\/\\\/shopatoa.com\\\/ro\\\/le-chameau-elixir-noir-eau-de-parfum-unisex-120-ml\\\/\"]}]},{\"@type\":\"ImageObject\",\"inLanguage\":\"ro-RO\",\"@id\":\"https:\\\/\\\/shopatoa.com\\\/ro\\\/le-chameau-elixir-noir-eau-de-parfum-unisex-120-ml\\\/#primaryimage\",\"url\":\"https:\\\/\\\/storage.googleapis.com\\\/cz-shopatoa-img\\\/ro\\\/fb95cd15-unnamed-file.webp\",\"contentUrl\":\"https:\\\/\\\/storage.googleapis.com\\\/cz-shopatoa-img\\\/ro\\\/fb95cd15-unnamed-file.webp\",\"width\":800,\"height\":800},{\"@type\":\"BreadcrumbList\",\"@id\":\"https:\\\/\\\/shopatoa.com\\\/ro\\\/le-chameau-elixir-noir-eau-de-parfum-unisex-120-ml\\\/#breadcrumb\",\"itemListElement\":[{\"@type\":\"ListItem\",\"position\":1,\"name\":\"Dom\u016f\",\"item\":\"https:\\\/\\\/shopatoa.com\\\/ro\\\/\"},{\"@type\":\"ListItem\",\"position\":2,\"name\":\"Shop\",\"item\":\"https:\\\/\\\/shopatoa.com\\\/ro\\\/shop\\\/\"},{\"@type\":\"ListItem\",\"position\":3,\"name\":\"Le Chameau Elixir Noir Eau de Parfum unisex 120 ml\"}]},{\"@type\":\"WebSite\",\"@id\":\"https:\\\/\\\/shopatoa.com\\\/ro\\\/#website\",\"url\":\"https:\\\/\\\/shopatoa.com\\\/ro\\\/\",\"name\":\"SHOPATOA\",\"description\":\"\",\"publisher\":{\"@id\":\"https:\\\/\\\/shopatoa.com\\\/ro\\\/#organization\"},\"potentialAction\":[{\"@type\":\"SearchAction\",\"target\":{\"@type\":\"EntryPoint\",\"urlTemplate\":\"https:\\\/\\\/shopatoa.com\\\/ro\\\/?s={search_term_string}\"},\"query-input\":{\"@type\":\"PropertyValueSpecification\",\"valueRequired\":true,\"valueName\":\"search_term_string\"}}],\"inLanguage\":\"ro-RO\"},{\"@type\":\"Organization\",\"@id\":\"https:\\\/\\\/shopatoa.com\\\/ro\\\/#organization\",\"name\":\"SHOPATOA\",\"url\":\"https:\\\/\\\/shopatoa.com\\\/ro\\\/\",\"logo\":{\"@type\":\"ImageObject\",\"inLanguage\":\"ro-RO\",\"@id\":\"https:\\\/\\\/shopatoa.com\\\/ro\\\/#\\\/schema\\\/logo\\\/image\\\/\",\"url\":\"https:\\\/\\\/storage.googleapis.com\\\/cz-shopatoa-img\\\/ro\\\/b4dac915-shopatoa_logo.png\",\"contentUrl\":\"https:\\\/\\\/storage.googleapis.com\\\/cz-shopatoa-img\\\/ro\\\/b4dac915-shopatoa_logo.png\",\"width\":416,\"height\":63,\"caption\":\"SHOPATOA\"},\"image\":{\"@id\":\"https:\\\/\\\/shopatoa.com\\\/ro\\\/#\\\/schema\\\/logo\\\/image\\\/\"}}]}<\/script>\n<!-- \/ Yoast SEO plugin. -->","yoast_head_json":{"title":"Le Chameau Elixir Noir Eau de Parfum unisex 120 ml - SHOPATOA.COM","robots":{"index":"index","follow":"follow","max-snippet":"max-snippet:-1","max-image-preview":"max-image-preview:large","max-video-preview":"max-video-preview:-1"},"canonical":"https:\/\/shopatoa.com\/ro\/le-chameau-elixir-noir-eau-de-parfum-unisex-120-ml\/","og_locale":"ro_RO","og_type":"article","og_title":"Le Chameau Elixir Noir Eau de Parfum unisex 120 ml - SHOPATOA.COM","og_description":"Le Chameau Elixir Noir, 120 ml, Ap\u0103 de parfum unisex, \u00cenv\u0103lui\u021bi-v\u0103 \u00eentr-un parfum care se \u00eencadreaz\u0103 perfect \u00een stilul dvs. \u0219i care devine rapid noua dvs. semn\u0103tur\u0103. Apa de parfum unisex Le Chameau Elixir Noir v\u0103 cucere\u0219te de la prima parfumare \u0219i nu va \u00eencerca niciodat\u0103 s\u0103 v\u0103 surprind\u0103. parfum de fructe parfum lemnos pentru...","og_url":"https:\/\/shopatoa.com\/ro\/le-chameau-elixir-noir-eau-de-parfum-unisex-120-ml\/","og_site_name":"SHOPATOA","article_modified_time":"2025-06-24T23:22:46+00:00","og_image":[{"width":800,"height":800,"url":"https:\/\/storage.googleapis.com\/cz-shopatoa-img\/ro\/fb95cd15-unnamed-file.webp","type":"image\/webp"}],"twitter_card":"summary_large_image","schema":{"@context":"https:\/\/schema.org","@graph":[{"@type":"WebPage","@id":"https:\/\/shopatoa.com\/ro\/le-chameau-elixir-noir-eau-de-parfum-unisex-120-ml\/","url":"https:\/\/shopatoa.com\/ro\/le-chameau-elixir-noir-eau-de-parfum-unisex-120-ml\/","name":"Le Chameau Elixir Noir Eau de Parfum unisex 120 ml - SHOPATOA.COM","isPartOf":{"@id":"https:\/\/shopatoa.com\/ro\/#website"},"primaryImageOfPage":{"@id":"https:\/\/shopatoa.com\/ro\/le-chameau-elixir-noir-eau-de-parfum-unisex-120-ml\/#primaryimage"},"image":{"@id":"https:\/\/shopatoa.com\/ro\/le-chameau-elixir-noir-eau-de-parfum-unisex-120-ml\/#primaryimage"},"thumbnailUrl":"https:\/\/storage.googleapis.com\/cz-shopatoa-img\/ro\/fb95cd15-unnamed-file.webp","datePublished":"2025-06-24T23:22:28+00:00","dateModified":"2025-06-24T23:22:46+00:00","breadcrumb":{"@id":"https:\/\/shopatoa.com\/ro\/le-chameau-elixir-noir-eau-de-parfum-unisex-120-ml\/#breadcrumb"},"inLanguage":"ro-RO","potentialAction":[{"@type":"ReadAction","target":["https:\/\/shopatoa.com\/ro\/le-chameau-elixir-noir-eau-de-parfum-unisex-120-ml\/"]}]},{"@type":"ImageObject","inLanguage":"ro-RO","@id":"https:\/\/shopatoa.com\/ro\/le-chameau-elixir-noir-eau-de-parfum-unisex-120-ml\/#primaryimage","url":"https:\/\/storage.googleapis.com\/cz-shopatoa-img\/ro\/fb95cd15-unnamed-file.webp","contentUrl":"https:\/\/storage.googleapis.com\/cz-shopatoa-img\/ro\/fb95cd15-unnamed-file.webp","width":800,"height":800},{"@type":"BreadcrumbList","@id":"https:\/\/shopatoa.com\/ro\/le-chameau-elixir-noir-eau-de-parfum-unisex-120-ml\/#breadcrumb","itemListElement":[{"@type":"ListItem","position":1,"name":"Dom\u016f","item":"https:\/\/shopatoa.com\/ro\/"},{"@type":"ListItem","position":2,"name":"Shop","item":"https:\/\/shopatoa.com\/ro\/shop\/"},{"@type":"ListItem","position":3,"name":"Le Chameau Elixir Noir Eau de Parfum unisex 120 ml"}]},{"@type":"WebSite","@id":"https:\/\/shopatoa.com\/ro\/#website","url":"https:\/\/shopatoa.com\/ro\/","name":"SHOPATOA","description":"","publisher":{"@id":"https:\/\/shopatoa.com\/ro\/#organization"},"potentialAction":[{"@type":"SearchAction","target":{"@type":"EntryPoint","urlTemplate":"https:\/\/shopatoa.com\/ro\/?s={search_term_string}"},"query-input":{"@type":"PropertyValueSpecification","valueRequired":true,"valueName":"search_term_string"}}],"inLanguage":"ro-RO"},{"@type":"Organization","@id":"https:\/\/shopatoa.com\/ro\/#organization","name":"SHOPATOA","url":"https:\/\/shopatoa.com\/ro\/","logo":{"@type":"ImageObject","inLanguage":"ro-RO","@id":"https:\/\/shopatoa.com\/ro\/#\/schema\/logo\/image\/","url":"https:\/\/storage.googleapis.com\/cz-shopatoa-img\/ro\/b4dac915-shopatoa_logo.png","contentUrl":"https:\/\/storage.googleapis.com\/cz-shopatoa-img\/ro\/b4dac915-shopatoa_logo.png","width":416,"height":63,"caption":"SHOPATOA"},"image":{"@id":"https:\/\/shopatoa.com\/ro\/#\/schema\/logo\/image\/"}}]}},"_links":{"self":[{"href":"https:\/\/shopatoa.com\/ro\/wp-json\/wp\/v2\/product\/448675","targetHints":{"allow":["GET"]}}],"collection":[{"href":"https:\/\/shopatoa.com\/ro\/wp-json\/wp\/v2\/product"}],"about":[{"href":"https:\/\/shopatoa.com\/ro\/wp-json\/wp\/v2\/types\/product"}],"replies":[{"embeddable":true,"href":"https:\/\/shopatoa.com\/ro\/wp-json\/wp\/v2\/comments?post=448675"}],"wp:featuredmedia":[{"embeddable":true,"href":"https:\/\/shopatoa.com\/ro\/wp-json\/wp\/v2\/media\/448676"}],"wp:attachment":[{"href":"https:\/\/shopatoa.com\/ro\/wp-json\/wp\/v2\/media?parent=448675"}],"wp:term":[{"taxonomy":"product_brand","embeddable":true,"href":"https:\/\/shopatoa.com\/ro\/wp-json\/wp\/v2\/product_brand?post=448675"},{"taxonomy":"product_cat","embeddable":true,"href":"https:\/\/shopatoa.com\/ro\/wp-json\/wp\/v2\/product_cat?post=448675"},{"taxonomy":"product_tag","embeddable":true,"href":"https:\/\/shopatoa.com\/ro\/wp-json\/wp\/v2\/product_tag?post=448675"}],"curies":[{"name":"wp","href":"https:\/\/api.w.org\/{rel}","templated":true}]}}