{"id":448709,"date":"2025-06-25T01:24:05","date_gmt":"2025-06-24T23:24:05","guid":{"rendered":"https:\/\/shopatoa.com\/ro\/brushart-accessories-transparent-cosmetic-bag-geanta-de-cosmetice-transparenta-culoare-ice-cream-1-buc\/"},"modified":"2026-02-05T02:43:13","modified_gmt":"2026-02-05T01:43:13","slug":"brushart-accessories-transparent-cosmetic-bag-geanta-de-cosmetice-transparenta-culoare-ice-cream-1-buc","status":"publish","type":"product","link":"https:\/\/shopatoa.com\/ro\/brushart-accessories-transparent-cosmetic-bag-geanta-de-cosmetice-transparenta-culoare-ice-cream-1-buc\/","title":{"rendered":"BrushArt Accessories Transparent cosmetic bag geant\u0103 de cosmetice transparent\u0103 culoare Ice Cream 1 buc"},"content":{"rendered":"<p>BrushArt Accessories Transparent cosmetic bag, 1 buc, Gen\u021bi cosmetice pentru copii pentru femei, Geanta de cosmetice BrushArt Accessories Transparent cosmetic bag este excelent\u0103 pentru toate acele produse cosmetice \u0219i de igien\u0103 indispensabile bebelu\u0219ului dvs., f\u0103r\u0103 de care nu ie\u0219i\u021bi din cas\u0103. Datorit\u0103 \u00eenchiderii sigure, nimic nu se vars\u0103, toate r\u0103m\u00e2n la locul lor, iar dvs. g\u0103si\u021bi imediat ce v\u0103 trebuie.  Caracteristici:  design elegant \u0219i trendy ofer\u0103 posibilitatea unor utiliz\u0103ri versatile material rezistent \u0219i de calitate<\/p>\n","protected":false},"excerpt":{"rendered":"<p>BrushArt Accessories Transparent cosmetic bag, 1 buc, Gen\u021bi cosmetice pentru copii pentru femei, Geanta de cosmetice BrushArt Accessories Transparent cosmetic bag este excelent\u0103 pentru toate acele produse cosmetice \u0219i de igien\u0103 indispensabile bebelu\u0219ului dvs., f\u0103r\u0103 de care nu ie\u0219i\u021bi din cas\u0103. Datorit\u0103 \u00eenchiderii sigure, nimic nu se vars\u0103, toate r\u0103m\u00e2n la locul lor, iar dvs&#8230;.<\/p>\n","protected":false},"featured_media":448710,"comment_status":"closed","ping_status":"open","template":"","meta":{"_acf_changed":false,"_kadence_starter_templates_imported_post":false,"_kad_post_transparent":"","_kad_post_title":"","_kad_post_layout":"","_kad_post_sidebar_id":"","_kad_post_content_style":"","_kad_post_vertical_padding":"","_kad_post_feature":"","_kad_post_feature_position":"","_kad_post_header":false,"_kad_post_footer":false,"_kad_post_classname":""},"product_brand":[1671],"product_cat":[3217,1564,3218,1563,1576,1562],"product_tag":[],"class_list":{"0":"post-448709","1":"product","2":"type-product","3":"status-publish","4":"has-post-thumbnail","6":"product_brand-brushart","7":"product_cat-accesorii","8":"product_cat-cosmetice-ingrijire-personala","9":"product_cat-genti-cosmetice","10":"product_cat-ingrijire-personala","11":"product_cat-machiaj","12":"product_cat-sanatate-si-frumusete","13":"pa_gen-female","14":"pa_marime-1-buc","16":"first","17":"instock","18":"product-type-external","19":"entry","20":"content-bg","21":"loop-entry"},"acf":[],"yoast_head":"<!-- This site is optimized with the Yoast SEO plugin v27.4 - https:\/\/yoast.com\/product\/yoast-seo-wordpress\/ -->\n<title>BrushArt Accessories Transparent cosmetic bag geant\u0103 de cosmetice transparent\u0103 culoare Ice Cream 1 buc - SHOPATOA.COM<\/title>\n<meta name=\"robots\" content=\"index, follow, max-snippet:-1, max-image-preview:large, max-video-preview:-1\" \/>\n<link rel=\"canonical\" href=\"https:\/\/shopatoa.com\/ro\/brushart-accessories-transparent-cosmetic-bag-geanta-de-cosmetice-transparenta-culoare-ice-cream-1-buc\/\" \/>\n<meta property=\"og:locale\" content=\"ro_RO\" \/>\n<meta property=\"og:type\" content=\"article\" \/>\n<meta property=\"og:title\" content=\"BrushArt Accessories Transparent cosmetic bag geant\u0103 de cosmetice transparent\u0103 culoare Ice Cream 1 buc - SHOPATOA.COM\" \/>\n<meta property=\"og:description\" content=\"BrushArt Accessories Transparent cosmetic bag, 1 buc, Gen\u021bi cosmetice pentru copii pentru femei, Geanta de cosmetice BrushArt Accessories Transparent cosmetic bag este excelent\u0103 pentru toate acele produse cosmetice \u0219i de igien\u0103 indispensabile bebelu\u0219ului dvs., f\u0103r\u0103 de care nu ie\u0219i\u021bi din cas\u0103. Datorit\u0103 \u00eenchiderii sigure, nimic nu se vars\u0103, toate r\u0103m\u00e2n la locul lor, iar dvs....\" \/>\n<meta property=\"og:url\" content=\"https:\/\/shopatoa.com\/ro\/brushart-accessories-transparent-cosmetic-bag-geanta-de-cosmetice-transparenta-culoare-ice-cream-1-buc\/\" \/>\n<meta property=\"og:site_name\" content=\"SHOPATOA\" \/>\n<meta property=\"article:modified_time\" content=\"2026-02-05T01:43:13+00:00\" \/>\n<meta property=\"og:image\" content=\"https:\/\/storage.googleapis.com\/cz-shopatoa-img\/ro\/7368c183-unnamed-file.webp\" \/>\n\t<meta property=\"og:image:width\" content=\"800\" \/>\n\t<meta property=\"og:image:height\" content=\"800\" \/>\n\t<meta property=\"og:image:type\" content=\"image\/webp\" \/>\n<meta name=\"twitter:card\" content=\"summary_large_image\" \/>\n<script type=\"application\/ld+json\" class=\"yoast-schema-graph\">{\"@context\":\"https:\\\/\\\/schema.org\",\"@graph\":[{\"@type\":\"WebPage\",\"@id\":\"https:\\\/\\\/shopatoa.com\\\/ro\\\/brushart-accessories-transparent-cosmetic-bag-geanta-de-cosmetice-transparenta-culoare-ice-cream-1-buc\\\/\",\"url\":\"https:\\\/\\\/shopatoa.com\\\/ro\\\/brushart-accessories-transparent-cosmetic-bag-geanta-de-cosmetice-transparenta-culoare-ice-cream-1-buc\\\/\",\"name\":\"BrushArt Accessories Transparent cosmetic bag geant\u0103 de cosmetice transparent\u0103 culoare Ice Cream 1 buc - SHOPATOA.COM\",\"isPartOf\":{\"@id\":\"https:\\\/\\\/shopatoa.com\\\/ro\\\/#website\"},\"primaryImageOfPage\":{\"@id\":\"https:\\\/\\\/shopatoa.com\\\/ro\\\/brushart-accessories-transparent-cosmetic-bag-geanta-de-cosmetice-transparenta-culoare-ice-cream-1-buc\\\/#primaryimage\"},\"image\":{\"@id\":\"https:\\\/\\\/shopatoa.com\\\/ro\\\/brushart-accessories-transparent-cosmetic-bag-geanta-de-cosmetice-transparenta-culoare-ice-cream-1-buc\\\/#primaryimage\"},\"thumbnailUrl\":\"https:\\\/\\\/storage.googleapis.com\\\/cz-shopatoa-img\\\/ro\\\/7368c183-unnamed-file.webp\",\"datePublished\":\"2025-06-24T23:24:05+00:00\",\"dateModified\":\"2026-02-05T01:43:13+00:00\",\"breadcrumb\":{\"@id\":\"https:\\\/\\\/shopatoa.com\\\/ro\\\/brushart-accessories-transparent-cosmetic-bag-geanta-de-cosmetice-transparenta-culoare-ice-cream-1-buc\\\/#breadcrumb\"},\"inLanguage\":\"ro-RO\",\"potentialAction\":[{\"@type\":\"ReadAction\",\"target\":[\"https:\\\/\\\/shopatoa.com\\\/ro\\\/brushart-accessories-transparent-cosmetic-bag-geanta-de-cosmetice-transparenta-culoare-ice-cream-1-buc\\\/\"]}]},{\"@type\":\"ImageObject\",\"inLanguage\":\"ro-RO\",\"@id\":\"https:\\\/\\\/shopatoa.com\\\/ro\\\/brushart-accessories-transparent-cosmetic-bag-geanta-de-cosmetice-transparenta-culoare-ice-cream-1-buc\\\/#primaryimage\",\"url\":\"https:\\\/\\\/storage.googleapis.com\\\/cz-shopatoa-img\\\/ro\\\/7368c183-unnamed-file.webp\",\"contentUrl\":\"https:\\\/\\\/storage.googleapis.com\\\/cz-shopatoa-img\\\/ro\\\/7368c183-unnamed-file.webp\",\"width\":800,\"height\":800},{\"@type\":\"BreadcrumbList\",\"@id\":\"https:\\\/\\\/shopatoa.com\\\/ro\\\/brushart-accessories-transparent-cosmetic-bag-geanta-de-cosmetice-transparenta-culoare-ice-cream-1-buc\\\/#breadcrumb\",\"itemListElement\":[{\"@type\":\"ListItem\",\"position\":1,\"name\":\"Dom\u016f\",\"item\":\"https:\\\/\\\/shopatoa.com\\\/ro\\\/\"},{\"@type\":\"ListItem\",\"position\":2,\"name\":\"Shop\",\"item\":\"https:\\\/\\\/shopatoa.com\\\/ro\\\/shop\\\/\"},{\"@type\":\"ListItem\",\"position\":3,\"name\":\"S\u0103n\u0103tate \u0219i frumuse\u021be\",\"item\":\"https:\\\/\\\/shopatoa.com\\\/ro\\\/sanatate-si-frumusete\\\/\"},{\"@type\":\"ListItem\",\"position\":4,\"name\":\"\u00cengrijire personal\u0103\",\"item\":\"https:\\\/\\\/shopatoa.com\\\/ro\\\/ingrijire-personala\\\/\"},{\"@type\":\"ListItem\",\"position\":5,\"name\":\"Cosmetice\",\"item\":\"https:\\\/\\\/shopatoa.com\\\/ro\\\/cosmetice-ingrijire-personala\\\/\"},{\"@type\":\"ListItem\",\"position\":6,\"name\":\"Machiaj\",\"item\":\"https:\\\/\\\/shopatoa.com\\\/ro\\\/machiaj\\\/\"},{\"@type\":\"ListItem\",\"position\":7,\"name\":\"Accesorii\",\"item\":\"https:\\\/\\\/shopatoa.com\\\/ro\\\/accesorii\\\/\"},{\"@type\":\"ListItem\",\"position\":8,\"name\":\"Gen\u021bi cosmetice\",\"item\":\"https:\\\/\\\/shopatoa.com\\\/ro\\\/genti-cosmetice\\\/\"},{\"@type\":\"ListItem\",\"position\":9,\"name\":\"BrushArt Accessories Transparent cosmetic bag geant\u0103 de cosmetice transparent\u0103 culoare Ice Cream 1 buc\"}]},{\"@type\":\"WebSite\",\"@id\":\"https:\\\/\\\/shopatoa.com\\\/ro\\\/#website\",\"url\":\"https:\\\/\\\/shopatoa.com\\\/ro\\\/\",\"name\":\"SHOPATOA\",\"description\":\"\",\"publisher\":{\"@id\":\"https:\\\/\\\/shopatoa.com\\\/ro\\\/#organization\"},\"potentialAction\":[{\"@type\":\"SearchAction\",\"target\":{\"@type\":\"EntryPoint\",\"urlTemplate\":\"https:\\\/\\\/shopatoa.com\\\/ro\\\/?s={search_term_string}\"},\"query-input\":{\"@type\":\"PropertyValueSpecification\",\"valueRequired\":true,\"valueName\":\"search_term_string\"}}],\"inLanguage\":\"ro-RO\"},{\"@type\":\"Organization\",\"@id\":\"https:\\\/\\\/shopatoa.com\\\/ro\\\/#organization\",\"name\":\"SHOPATOA\",\"url\":\"https:\\\/\\\/shopatoa.com\\\/ro\\\/\",\"logo\":{\"@type\":\"ImageObject\",\"inLanguage\":\"ro-RO\",\"@id\":\"https:\\\/\\\/shopatoa.com\\\/ro\\\/#\\\/schema\\\/logo\\\/image\\\/\",\"url\":\"https:\\\/\\\/storage.googleapis.com\\\/cz-shopatoa-img\\\/ro\\\/b4dac915-shopatoa_logo.png\",\"contentUrl\":\"https:\\\/\\\/storage.googleapis.com\\\/cz-shopatoa-img\\\/ro\\\/b4dac915-shopatoa_logo.png\",\"width\":416,\"height\":63,\"caption\":\"SHOPATOA\"},\"image\":{\"@id\":\"https:\\\/\\\/shopatoa.com\\\/ro\\\/#\\\/schema\\\/logo\\\/image\\\/\"}}]}<\/script>\n<!-- \/ Yoast SEO plugin. -->","yoast_head_json":{"title":"BrushArt Accessories Transparent cosmetic bag geant\u0103 de cosmetice transparent\u0103 culoare Ice Cream 1 buc - SHOPATOA.COM","robots":{"index":"index","follow":"follow","max-snippet":"max-snippet:-1","max-image-preview":"max-image-preview:large","max-video-preview":"max-video-preview:-1"},"canonical":"https:\/\/shopatoa.com\/ro\/brushart-accessories-transparent-cosmetic-bag-geanta-de-cosmetice-transparenta-culoare-ice-cream-1-buc\/","og_locale":"ro_RO","og_type":"article","og_title":"BrushArt Accessories Transparent cosmetic bag geant\u0103 de cosmetice transparent\u0103 culoare Ice Cream 1 buc - SHOPATOA.COM","og_description":"BrushArt Accessories Transparent cosmetic bag, 1 buc, Gen\u021bi cosmetice pentru copii pentru femei, Geanta de cosmetice BrushArt Accessories Transparent cosmetic bag este excelent\u0103 pentru toate acele produse cosmetice \u0219i de igien\u0103 indispensabile bebelu\u0219ului dvs., f\u0103r\u0103 de care nu ie\u0219i\u021bi din cas\u0103. Datorit\u0103 \u00eenchiderii sigure, nimic nu se vars\u0103, toate r\u0103m\u00e2n la locul lor, iar dvs....","og_url":"https:\/\/shopatoa.com\/ro\/brushart-accessories-transparent-cosmetic-bag-geanta-de-cosmetice-transparenta-culoare-ice-cream-1-buc\/","og_site_name":"SHOPATOA","article_modified_time":"2026-02-05T01:43:13+00:00","og_image":[{"width":800,"height":800,"url":"https:\/\/storage.googleapis.com\/cz-shopatoa-img\/ro\/7368c183-unnamed-file.webp","type":"image\/webp"}],"twitter_card":"summary_large_image","schema":{"@context":"https:\/\/schema.org","@graph":[{"@type":"WebPage","@id":"https:\/\/shopatoa.com\/ro\/brushart-accessories-transparent-cosmetic-bag-geanta-de-cosmetice-transparenta-culoare-ice-cream-1-buc\/","url":"https:\/\/shopatoa.com\/ro\/brushart-accessories-transparent-cosmetic-bag-geanta-de-cosmetice-transparenta-culoare-ice-cream-1-buc\/","name":"BrushArt Accessories Transparent cosmetic bag geant\u0103 de cosmetice transparent\u0103 culoare Ice Cream 1 buc - SHOPATOA.COM","isPartOf":{"@id":"https:\/\/shopatoa.com\/ro\/#website"},"primaryImageOfPage":{"@id":"https:\/\/shopatoa.com\/ro\/brushart-accessories-transparent-cosmetic-bag-geanta-de-cosmetice-transparenta-culoare-ice-cream-1-buc\/#primaryimage"},"image":{"@id":"https:\/\/shopatoa.com\/ro\/brushart-accessories-transparent-cosmetic-bag-geanta-de-cosmetice-transparenta-culoare-ice-cream-1-buc\/#primaryimage"},"thumbnailUrl":"https:\/\/storage.googleapis.com\/cz-shopatoa-img\/ro\/7368c183-unnamed-file.webp","datePublished":"2025-06-24T23:24:05+00:00","dateModified":"2026-02-05T01:43:13+00:00","breadcrumb":{"@id":"https:\/\/shopatoa.com\/ro\/brushart-accessories-transparent-cosmetic-bag-geanta-de-cosmetice-transparenta-culoare-ice-cream-1-buc\/#breadcrumb"},"inLanguage":"ro-RO","potentialAction":[{"@type":"ReadAction","target":["https:\/\/shopatoa.com\/ro\/brushart-accessories-transparent-cosmetic-bag-geanta-de-cosmetice-transparenta-culoare-ice-cream-1-buc\/"]}]},{"@type":"ImageObject","inLanguage":"ro-RO","@id":"https:\/\/shopatoa.com\/ro\/brushart-accessories-transparent-cosmetic-bag-geanta-de-cosmetice-transparenta-culoare-ice-cream-1-buc\/#primaryimage","url":"https:\/\/storage.googleapis.com\/cz-shopatoa-img\/ro\/7368c183-unnamed-file.webp","contentUrl":"https:\/\/storage.googleapis.com\/cz-shopatoa-img\/ro\/7368c183-unnamed-file.webp","width":800,"height":800},{"@type":"BreadcrumbList","@id":"https:\/\/shopatoa.com\/ro\/brushart-accessories-transparent-cosmetic-bag-geanta-de-cosmetice-transparenta-culoare-ice-cream-1-buc\/#breadcrumb","itemListElement":[{"@type":"ListItem","position":1,"name":"Dom\u016f","item":"https:\/\/shopatoa.com\/ro\/"},{"@type":"ListItem","position":2,"name":"Shop","item":"https:\/\/shopatoa.com\/ro\/shop\/"},{"@type":"ListItem","position":3,"name":"S\u0103n\u0103tate \u0219i frumuse\u021be","item":"https:\/\/shopatoa.com\/ro\/sanatate-si-frumusete\/"},{"@type":"ListItem","position":4,"name":"\u00cengrijire personal\u0103","item":"https:\/\/shopatoa.com\/ro\/ingrijire-personala\/"},{"@type":"ListItem","position":5,"name":"Cosmetice","item":"https:\/\/shopatoa.com\/ro\/cosmetice-ingrijire-personala\/"},{"@type":"ListItem","position":6,"name":"Machiaj","item":"https:\/\/shopatoa.com\/ro\/machiaj\/"},{"@type":"ListItem","position":7,"name":"Accesorii","item":"https:\/\/shopatoa.com\/ro\/accesorii\/"},{"@type":"ListItem","position":8,"name":"Gen\u021bi cosmetice","item":"https:\/\/shopatoa.com\/ro\/genti-cosmetice\/"},{"@type":"ListItem","position":9,"name":"BrushArt Accessories Transparent cosmetic bag geant\u0103 de cosmetice transparent\u0103 culoare Ice Cream 1 buc"}]},{"@type":"WebSite","@id":"https:\/\/shopatoa.com\/ro\/#website","url":"https:\/\/shopatoa.com\/ro\/","name":"SHOPATOA","description":"","publisher":{"@id":"https:\/\/shopatoa.com\/ro\/#organization"},"potentialAction":[{"@type":"SearchAction","target":{"@type":"EntryPoint","urlTemplate":"https:\/\/shopatoa.com\/ro\/?s={search_term_string}"},"query-input":{"@type":"PropertyValueSpecification","valueRequired":true,"valueName":"search_term_string"}}],"inLanguage":"ro-RO"},{"@type":"Organization","@id":"https:\/\/shopatoa.com\/ro\/#organization","name":"SHOPATOA","url":"https:\/\/shopatoa.com\/ro\/","logo":{"@type":"ImageObject","inLanguage":"ro-RO","@id":"https:\/\/shopatoa.com\/ro\/#\/schema\/logo\/image\/","url":"https:\/\/storage.googleapis.com\/cz-shopatoa-img\/ro\/b4dac915-shopatoa_logo.png","contentUrl":"https:\/\/storage.googleapis.com\/cz-shopatoa-img\/ro\/b4dac915-shopatoa_logo.png","width":416,"height":63,"caption":"SHOPATOA"},"image":{"@id":"https:\/\/shopatoa.com\/ro\/#\/schema\/logo\/image\/"}}]}},"_links":{"self":[{"href":"https:\/\/shopatoa.com\/ro\/wp-json\/wp\/v2\/product\/448709","targetHints":{"allow":["GET"]}}],"collection":[{"href":"https:\/\/shopatoa.com\/ro\/wp-json\/wp\/v2\/product"}],"about":[{"href":"https:\/\/shopatoa.com\/ro\/wp-json\/wp\/v2\/types\/product"}],"replies":[{"embeddable":true,"href":"https:\/\/shopatoa.com\/ro\/wp-json\/wp\/v2\/comments?post=448709"}],"wp:featuredmedia":[{"embeddable":true,"href":"https:\/\/shopatoa.com\/ro\/wp-json\/wp\/v2\/media\/448710"}],"wp:attachment":[{"href":"https:\/\/shopatoa.com\/ro\/wp-json\/wp\/v2\/media?parent=448709"}],"wp:term":[{"taxonomy":"product_brand","embeddable":true,"href":"https:\/\/shopatoa.com\/ro\/wp-json\/wp\/v2\/product_brand?post=448709"},{"taxonomy":"product_cat","embeddable":true,"href":"https:\/\/shopatoa.com\/ro\/wp-json\/wp\/v2\/product_cat?post=448709"},{"taxonomy":"product_tag","embeddable":true,"href":"https:\/\/shopatoa.com\/ro\/wp-json\/wp\/v2\/product_tag?post=448709"}],"curies":[{"name":"wp","href":"https:\/\/api.w.org\/{rel}","templated":true}]}}