{"id":448933,"date":"2025-06-25T01:55:43","date_gmt":"2025-06-24T23:55:43","guid":{"rendered":"https:\/\/shopatoa.com\/ro\/facevolution-hairplus-set-set-cadou-pentru-ochi-3-buc\/"},"modified":"2026-02-05T02:09:12","modified_gmt":"2026-02-05T01:09:12","slug":"facevolution-hairplus-set-set-cadou-pentru-ochi-3-buc","status":"publish","type":"product","link":"https:\/\/shopatoa.com\/ro\/facevolution-hairplus-set-set-cadou-pentru-ochi-3-buc\/","title":{"rendered":"FacEvolution Hairplus Set set cadou pentru ochi 3 buc"},"content":{"rendered":"<p>FacEvolution Hairplus Set, 3 buc, Grija pentru gene si sprancene pentru femei, Natura nu v-a \u00eenzestrat cu gene suficient de frumoase pe c\u00e2t v-a\u021bi fi dorit? Serul FacEvolution Hairplus Set le va favoriza cre\u0219terea \u0219i le va \u00eent\u0103ri de la r\u0103d\u0103cin\u0103, pentru a c\u00e2\u0219tiga lungime \u0219i volum. Drept rezultat, ve\u021bi ob\u021bine gene mai lungi, mai \u00eengrijite \u0219i cu un aspect mai s\u0103n\u0103tos, fiind mai pu\u021bin predispuse la c\u0103dere. Accentueaz\u0103 privirea \u0219i scoate \u00een eviden\u021b\u0103 frumuse\u021bea ochilor.  Setul con\u021bine:   FacEvolution Hairplus ser pentru stimularea cre\u0219terii genelor \u0219i a spr\u00e2ncenelor 4.5 ml  FacEvolution Hairplus mascara pentru volum \u0219i alungire 6 ml   Caracteristici:  promoveaz\u0103 \u0219i accelereaz\u0103 cre\u0219terea genelor previne c\u0103derea genelor aplicare rapid\u0103 \u0219i u\u0219oar\u0103, din confortul de acas\u0103 fortific\u0103 \u0219i hr\u0103ne\u0219te genele asigur\u0103 o densitate mai mare  Ingrediente:  acid hialuronic \u2013 leag\u0103 o cantitate mare de ap\u0103 \u0219i hidrateaz\u0103 intens pantenol \u2013 are efecte hidratante \u0219i calmante, amelioreaz\u0103 irita\u021bia, ro\u0219ea\u021ba, uscarea \u0219i senza\u021biilor de disconfort acid citric \u2013 prin exfoliere, \u00eendep\u0103rteaz\u0103 celulele moarte cutanate, ajut\u0103 la regenerarea stratului superior al pielii, contribuie la uniformizarea, luminarea \u0219i netezirea acesteia  Cum se utilizeaz\u0103: Se aplic\u0103 pe linia genelor superioare \u0219i inferioare. Se va evita contactul direct cu ochii.<\/p>\n","protected":false},"excerpt":{"rendered":"<p>FacEvolution Hairplus Set, 3 buc, Grija pentru gene si sprancene pentru femei, Natura nu v-a \u00eenzestrat cu gene suficient de frumoase pe c\u00e2t v-a\u021bi fi dorit? Serul FacEvolution Hairplus Set le va favoriza cre\u0219terea \u0219i le va \u00eent\u0103ri de la r\u0103d\u0103cin\u0103, pentru a c\u00e2\u0219tiga lungime \u0219i volum. Drept rezultat, ve\u021bi ob\u021bine gene mai lungi, mai&#8230;<\/p>\n","protected":false},"featured_media":448934,"comment_status":"closed","ping_status":"open","template":"","meta":{"_acf_changed":false,"_kadence_starter_templates_imported_post":false,"_kad_post_transparent":"","_kad_post_title":"","_kad_post_layout":"","_kad_post_sidebar_id":"","_kad_post_content_style":"","_kad_post_vertical_padding":"","_kad_post_feature":"","_kad_post_feature_position":"","_kad_post_header":false,"_kad_post_footer":false,"_kad_post_classname":""},"product_brand":[3341],"product_cat":[1564,1563,1562,1651],"product_tag":[],"class_list":{"0":"post-448933","1":"product","2":"type-product","3":"status-publish","4":"has-post-thumbnail","6":"product_brand-facevolution","7":"product_cat-cosmetice-ingrijire-personala","8":"product_cat-ingrijire-personala","9":"product_cat-sanatate-si-frumusete","10":"product_cat-seturi-cosmetice","11":"pa_gen-female","12":"pa_marime-3-buc","14":"first","15":"instock","16":"sale","17":"product-type-external","18":"entry","19":"content-bg","20":"loop-entry"},"acf":[],"yoast_head":"<!-- This site is optimized with the Yoast SEO plugin v27.4 - https:\/\/yoast.com\/product\/yoast-seo-wordpress\/ -->\n<title>FacEvolution Hairplus Set set cadou pentru ochi 3 buc - SHOPATOA.COM<\/title>\n<meta name=\"robots\" content=\"index, follow, max-snippet:-1, max-image-preview:large, max-video-preview:-1\" \/>\n<link rel=\"canonical\" href=\"https:\/\/shopatoa.com\/ro\/facevolution-hairplus-set-set-cadou-pentru-ochi-3-buc\/\" \/>\n<meta property=\"og:locale\" content=\"ro_RO\" \/>\n<meta property=\"og:type\" content=\"article\" \/>\n<meta property=\"og:title\" content=\"FacEvolution Hairplus Set set cadou pentru ochi 3 buc - SHOPATOA.COM\" \/>\n<meta property=\"og:description\" content=\"FacEvolution Hairplus Set, 3 buc, Grija pentru gene si sprancene pentru femei, Natura nu v-a \u00eenzestrat cu gene suficient de frumoase pe c\u00e2t v-a\u021bi fi dorit? Serul FacEvolution Hairplus Set le va favoriza cre\u0219terea \u0219i le va \u00eent\u0103ri de la r\u0103d\u0103cin\u0103, pentru a c\u00e2\u0219tiga lungime \u0219i volum. Drept rezultat, ve\u021bi ob\u021bine gene mai lungi, mai...\" \/>\n<meta property=\"og:url\" content=\"https:\/\/shopatoa.com\/ro\/facevolution-hairplus-set-set-cadou-pentru-ochi-3-buc\/\" \/>\n<meta property=\"og:site_name\" content=\"SHOPATOA\" \/>\n<meta property=\"article:modified_time\" content=\"2026-02-05T01:09:12+00:00\" \/>\n<meta property=\"og:image\" content=\"https:\/\/storage.googleapis.com\/cz-shopatoa-img\/ro\/e9b29eb3-unnamed-file.webp\" \/>\n\t<meta property=\"og:image:width\" content=\"800\" \/>\n\t<meta property=\"og:image:height\" content=\"800\" \/>\n\t<meta property=\"og:image:type\" content=\"image\/webp\" \/>\n<meta name=\"twitter:card\" content=\"summary_large_image\" \/>\n<meta name=\"twitter:label1\" content=\"Timp estimat pentru citire\" \/>\n\t<meta name=\"twitter:data1\" content=\"1 minut\" \/>\n<script type=\"application\/ld+json\" class=\"yoast-schema-graph\">{\"@context\":\"https:\\\/\\\/schema.org\",\"@graph\":[{\"@type\":\"WebPage\",\"@id\":\"https:\\\/\\\/shopatoa.com\\\/ro\\\/facevolution-hairplus-set-set-cadou-pentru-ochi-3-buc\\\/\",\"url\":\"https:\\\/\\\/shopatoa.com\\\/ro\\\/facevolution-hairplus-set-set-cadou-pentru-ochi-3-buc\\\/\",\"name\":\"FacEvolution Hairplus Set set cadou pentru ochi 3 buc - SHOPATOA.COM\",\"isPartOf\":{\"@id\":\"https:\\\/\\\/shopatoa.com\\\/ro\\\/#website\"},\"primaryImageOfPage\":{\"@id\":\"https:\\\/\\\/shopatoa.com\\\/ro\\\/facevolution-hairplus-set-set-cadou-pentru-ochi-3-buc\\\/#primaryimage\"},\"image\":{\"@id\":\"https:\\\/\\\/shopatoa.com\\\/ro\\\/facevolution-hairplus-set-set-cadou-pentru-ochi-3-buc\\\/#primaryimage\"},\"thumbnailUrl\":\"https:\\\/\\\/storage.googleapis.com\\\/cz-shopatoa-img\\\/ro\\\/e9b29eb3-unnamed-file.webp\",\"datePublished\":\"2025-06-24T23:55:43+00:00\",\"dateModified\":\"2026-02-05T01:09:12+00:00\",\"breadcrumb\":{\"@id\":\"https:\\\/\\\/shopatoa.com\\\/ro\\\/facevolution-hairplus-set-set-cadou-pentru-ochi-3-buc\\\/#breadcrumb\"},\"inLanguage\":\"ro-RO\",\"potentialAction\":[{\"@type\":\"ReadAction\",\"target\":[\"https:\\\/\\\/shopatoa.com\\\/ro\\\/facevolution-hairplus-set-set-cadou-pentru-ochi-3-buc\\\/\"]}]},{\"@type\":\"ImageObject\",\"inLanguage\":\"ro-RO\",\"@id\":\"https:\\\/\\\/shopatoa.com\\\/ro\\\/facevolution-hairplus-set-set-cadou-pentru-ochi-3-buc\\\/#primaryimage\",\"url\":\"https:\\\/\\\/storage.googleapis.com\\\/cz-shopatoa-img\\\/ro\\\/e9b29eb3-unnamed-file.webp\",\"contentUrl\":\"https:\\\/\\\/storage.googleapis.com\\\/cz-shopatoa-img\\\/ro\\\/e9b29eb3-unnamed-file.webp\",\"width\":800,\"height\":800},{\"@type\":\"BreadcrumbList\",\"@id\":\"https:\\\/\\\/shopatoa.com\\\/ro\\\/facevolution-hairplus-set-set-cadou-pentru-ochi-3-buc\\\/#breadcrumb\",\"itemListElement\":[{\"@type\":\"ListItem\",\"position\":1,\"name\":\"Dom\u016f\",\"item\":\"https:\\\/\\\/shopatoa.com\\\/ro\\\/\"},{\"@type\":\"ListItem\",\"position\":2,\"name\":\"Shop\",\"item\":\"https:\\\/\\\/shopatoa.com\\\/ro\\\/shop\\\/\"},{\"@type\":\"ListItem\",\"position\":3,\"name\":\"S\u0103n\u0103tate \u0219i frumuse\u021be\",\"item\":\"https:\\\/\\\/shopatoa.com\\\/ro\\\/sanatate-si-frumusete\\\/\"},{\"@type\":\"ListItem\",\"position\":4,\"name\":\"\u00cengrijire personal\u0103\",\"item\":\"https:\\\/\\\/shopatoa.com\\\/ro\\\/ingrijire-personala\\\/\"},{\"@type\":\"ListItem\",\"position\":5,\"name\":\"Cosmetice\",\"item\":\"https:\\\/\\\/shopatoa.com\\\/ro\\\/cosmetice-ingrijire-personala\\\/\"},{\"@type\":\"ListItem\",\"position\":6,\"name\":\"Seturi cosmetice\",\"item\":\"https:\\\/\\\/shopatoa.com\\\/ro\\\/seturi-cosmetice\\\/\"},{\"@type\":\"ListItem\",\"position\":7,\"name\":\"FacEvolution Hairplus Set set cadou pentru ochi 3 buc\"}]},{\"@type\":\"WebSite\",\"@id\":\"https:\\\/\\\/shopatoa.com\\\/ro\\\/#website\",\"url\":\"https:\\\/\\\/shopatoa.com\\\/ro\\\/\",\"name\":\"SHOPATOA\",\"description\":\"\",\"publisher\":{\"@id\":\"https:\\\/\\\/shopatoa.com\\\/ro\\\/#organization\"},\"potentialAction\":[{\"@type\":\"SearchAction\",\"target\":{\"@type\":\"EntryPoint\",\"urlTemplate\":\"https:\\\/\\\/shopatoa.com\\\/ro\\\/?s={search_term_string}\"},\"query-input\":{\"@type\":\"PropertyValueSpecification\",\"valueRequired\":true,\"valueName\":\"search_term_string\"}}],\"inLanguage\":\"ro-RO\"},{\"@type\":\"Organization\",\"@id\":\"https:\\\/\\\/shopatoa.com\\\/ro\\\/#organization\",\"name\":\"SHOPATOA\",\"url\":\"https:\\\/\\\/shopatoa.com\\\/ro\\\/\",\"logo\":{\"@type\":\"ImageObject\",\"inLanguage\":\"ro-RO\",\"@id\":\"https:\\\/\\\/shopatoa.com\\\/ro\\\/#\\\/schema\\\/logo\\\/image\\\/\",\"url\":\"https:\\\/\\\/storage.googleapis.com\\\/cz-shopatoa-img\\\/ro\\\/b4dac915-shopatoa_logo.png\",\"contentUrl\":\"https:\\\/\\\/storage.googleapis.com\\\/cz-shopatoa-img\\\/ro\\\/b4dac915-shopatoa_logo.png\",\"width\":416,\"height\":63,\"caption\":\"SHOPATOA\"},\"image\":{\"@id\":\"https:\\\/\\\/shopatoa.com\\\/ro\\\/#\\\/schema\\\/logo\\\/image\\\/\"}}]}<\/script>\n<!-- \/ Yoast SEO plugin. -->","yoast_head_json":{"title":"FacEvolution Hairplus Set set cadou pentru ochi 3 buc - SHOPATOA.COM","robots":{"index":"index","follow":"follow","max-snippet":"max-snippet:-1","max-image-preview":"max-image-preview:large","max-video-preview":"max-video-preview:-1"},"canonical":"https:\/\/shopatoa.com\/ro\/facevolution-hairplus-set-set-cadou-pentru-ochi-3-buc\/","og_locale":"ro_RO","og_type":"article","og_title":"FacEvolution Hairplus Set set cadou pentru ochi 3 buc - SHOPATOA.COM","og_description":"FacEvolution Hairplus Set, 3 buc, Grija pentru gene si sprancene pentru femei, Natura nu v-a \u00eenzestrat cu gene suficient de frumoase pe c\u00e2t v-a\u021bi fi dorit? Serul FacEvolution Hairplus Set le va favoriza cre\u0219terea \u0219i le va \u00eent\u0103ri de la r\u0103d\u0103cin\u0103, pentru a c\u00e2\u0219tiga lungime \u0219i volum. Drept rezultat, ve\u021bi ob\u021bine gene mai lungi, mai...","og_url":"https:\/\/shopatoa.com\/ro\/facevolution-hairplus-set-set-cadou-pentru-ochi-3-buc\/","og_site_name":"SHOPATOA","article_modified_time":"2026-02-05T01:09:12+00:00","og_image":[{"width":800,"height":800,"url":"https:\/\/storage.googleapis.com\/cz-shopatoa-img\/ro\/e9b29eb3-unnamed-file.webp","type":"image\/webp"}],"twitter_card":"summary_large_image","twitter_misc":{"Timp estimat pentru citire":"1 minut"},"schema":{"@context":"https:\/\/schema.org","@graph":[{"@type":"WebPage","@id":"https:\/\/shopatoa.com\/ro\/facevolution-hairplus-set-set-cadou-pentru-ochi-3-buc\/","url":"https:\/\/shopatoa.com\/ro\/facevolution-hairplus-set-set-cadou-pentru-ochi-3-buc\/","name":"FacEvolution Hairplus Set set cadou pentru ochi 3 buc - SHOPATOA.COM","isPartOf":{"@id":"https:\/\/shopatoa.com\/ro\/#website"},"primaryImageOfPage":{"@id":"https:\/\/shopatoa.com\/ro\/facevolution-hairplus-set-set-cadou-pentru-ochi-3-buc\/#primaryimage"},"image":{"@id":"https:\/\/shopatoa.com\/ro\/facevolution-hairplus-set-set-cadou-pentru-ochi-3-buc\/#primaryimage"},"thumbnailUrl":"https:\/\/storage.googleapis.com\/cz-shopatoa-img\/ro\/e9b29eb3-unnamed-file.webp","datePublished":"2025-06-24T23:55:43+00:00","dateModified":"2026-02-05T01:09:12+00:00","breadcrumb":{"@id":"https:\/\/shopatoa.com\/ro\/facevolution-hairplus-set-set-cadou-pentru-ochi-3-buc\/#breadcrumb"},"inLanguage":"ro-RO","potentialAction":[{"@type":"ReadAction","target":["https:\/\/shopatoa.com\/ro\/facevolution-hairplus-set-set-cadou-pentru-ochi-3-buc\/"]}]},{"@type":"ImageObject","inLanguage":"ro-RO","@id":"https:\/\/shopatoa.com\/ro\/facevolution-hairplus-set-set-cadou-pentru-ochi-3-buc\/#primaryimage","url":"https:\/\/storage.googleapis.com\/cz-shopatoa-img\/ro\/e9b29eb3-unnamed-file.webp","contentUrl":"https:\/\/storage.googleapis.com\/cz-shopatoa-img\/ro\/e9b29eb3-unnamed-file.webp","width":800,"height":800},{"@type":"BreadcrumbList","@id":"https:\/\/shopatoa.com\/ro\/facevolution-hairplus-set-set-cadou-pentru-ochi-3-buc\/#breadcrumb","itemListElement":[{"@type":"ListItem","position":1,"name":"Dom\u016f","item":"https:\/\/shopatoa.com\/ro\/"},{"@type":"ListItem","position":2,"name":"Shop","item":"https:\/\/shopatoa.com\/ro\/shop\/"},{"@type":"ListItem","position":3,"name":"S\u0103n\u0103tate \u0219i frumuse\u021be","item":"https:\/\/shopatoa.com\/ro\/sanatate-si-frumusete\/"},{"@type":"ListItem","position":4,"name":"\u00cengrijire personal\u0103","item":"https:\/\/shopatoa.com\/ro\/ingrijire-personala\/"},{"@type":"ListItem","position":5,"name":"Cosmetice","item":"https:\/\/shopatoa.com\/ro\/cosmetice-ingrijire-personala\/"},{"@type":"ListItem","position":6,"name":"Seturi cosmetice","item":"https:\/\/shopatoa.com\/ro\/seturi-cosmetice\/"},{"@type":"ListItem","position":7,"name":"FacEvolution Hairplus Set set cadou pentru ochi 3 buc"}]},{"@type":"WebSite","@id":"https:\/\/shopatoa.com\/ro\/#website","url":"https:\/\/shopatoa.com\/ro\/","name":"SHOPATOA","description":"","publisher":{"@id":"https:\/\/shopatoa.com\/ro\/#organization"},"potentialAction":[{"@type":"SearchAction","target":{"@type":"EntryPoint","urlTemplate":"https:\/\/shopatoa.com\/ro\/?s={search_term_string}"},"query-input":{"@type":"PropertyValueSpecification","valueRequired":true,"valueName":"search_term_string"}}],"inLanguage":"ro-RO"},{"@type":"Organization","@id":"https:\/\/shopatoa.com\/ro\/#organization","name":"SHOPATOA","url":"https:\/\/shopatoa.com\/ro\/","logo":{"@type":"ImageObject","inLanguage":"ro-RO","@id":"https:\/\/shopatoa.com\/ro\/#\/schema\/logo\/image\/","url":"https:\/\/storage.googleapis.com\/cz-shopatoa-img\/ro\/b4dac915-shopatoa_logo.png","contentUrl":"https:\/\/storage.googleapis.com\/cz-shopatoa-img\/ro\/b4dac915-shopatoa_logo.png","width":416,"height":63,"caption":"SHOPATOA"},"image":{"@id":"https:\/\/shopatoa.com\/ro\/#\/schema\/logo\/image\/"}}]}},"_links":{"self":[{"href":"https:\/\/shopatoa.com\/ro\/wp-json\/wp\/v2\/product\/448933","targetHints":{"allow":["GET"]}}],"collection":[{"href":"https:\/\/shopatoa.com\/ro\/wp-json\/wp\/v2\/product"}],"about":[{"href":"https:\/\/shopatoa.com\/ro\/wp-json\/wp\/v2\/types\/product"}],"replies":[{"embeddable":true,"href":"https:\/\/shopatoa.com\/ro\/wp-json\/wp\/v2\/comments?post=448933"}],"wp:featuredmedia":[{"embeddable":true,"href":"https:\/\/shopatoa.com\/ro\/wp-json\/wp\/v2\/media\/448934"}],"wp:attachment":[{"href":"https:\/\/shopatoa.com\/ro\/wp-json\/wp\/v2\/media?parent=448933"}],"wp:term":[{"taxonomy":"product_brand","embeddable":true,"href":"https:\/\/shopatoa.com\/ro\/wp-json\/wp\/v2\/product_brand?post=448933"},{"taxonomy":"product_cat","embeddable":true,"href":"https:\/\/shopatoa.com\/ro\/wp-json\/wp\/v2\/product_cat?post=448933"},{"taxonomy":"product_tag","embeddable":true,"href":"https:\/\/shopatoa.com\/ro\/wp-json\/wp\/v2\/product_tag?post=448933"}],"curies":[{"name":"wp","href":"https:\/\/api.w.org\/{rel}","templated":true}]}}