{"id":449273,"date":"2025-06-25T02:27:41","date_gmt":"2025-06-25T00:27:41","guid":{"rendered":"https:\/\/shopatoa.com\/ro\/mylaq-lamp-led-uv-10w-lampa-cu-led-pentru-manichiura-cu-gel-1-buc\/"},"modified":"2025-06-25T02:27:48","modified_gmt":"2025-06-25T00:27:48","slug":"mylaq-lamp-led-uv-10w-lampa-cu-led-pentru-manichiura-cu-gel-1-buc","status":"publish","type":"product","link":"https:\/\/shopatoa.com\/ro\/mylaq-lamp-led-uv-10w-lampa-cu-led-pentru-manichiura-cu-gel-1-buc\/","title":{"rendered":"MYLAQ Lamp LED\/UV 10W lamp\u0103 cu LED, pentru manichiura cu gel 1 buc"},"content":{"rendered":"<p>MYLAQ Lamp LED\/UV 10W, 1 buc, Modelarea unghiilor pentru femei, Dori\u021bi s\u0103 v\u0103 impresiona\u021bi anturajul cu o manichiur\u0103 impecabil\u0103? Nu este nevoie s\u0103 apela\u021bi imediat la un salon de manichiur\u0103, lampa MYLAQLampLED\/UV 10W v\u0103 permite s\u0103 crea\u021bi o manichiur\u0103 ca un profesionist \u00een confortul de acas\u0103, cu un efort minim. Cu ajutorul acestei l\u0103mpi, v\u0103 ve\u021bi polimeriza lacurile gel preferate \u00een cel mai scurt timp, ob\u021bin\u00e2nd unghii cu aspect perfect, care vor rezista vopsite impecabil \u0219i f\u0103r\u0103 exfolieri nedorite timp de mai multe s\u0103pt\u0103m\u00e2ni.  Caracteristici:  asigur\u0103 lacului un look perfect \u0219i o persisten\u021b\u0103 \u00eendelungat\u0103 \u00eent\u0103re\u0219te perfect orice lac de unghii simplu de manevrat  Cum se utilizeaz\u0103: Se vor urma instruc\u021biunile de utilizare.<\/p>\n","protected":false},"excerpt":{"rendered":"<p>MYLAQ Lamp LED\/UV 10W, 1 buc, Modelarea unghiilor pentru femei, Dori\u021bi s\u0103 v\u0103 impresiona\u021bi anturajul cu o manichiur\u0103 impecabil\u0103? Nu este nevoie s\u0103 apela\u021bi imediat la un salon de manichiur\u0103, lampa MYLAQLampLED\/UV 10W v\u0103 permite s\u0103 crea\u021bi o manichiur\u0103 ca un profesionist \u00een confortul de acas\u0103, cu un efort minim. Cu ajutorul acestei l\u0103mpi, v\u0103&#8230;<\/p>\n","protected":false},"featured_media":449274,"comment_status":"closed","ping_status":"open","template":"","meta":{"_acf_changed":false,"_kadence_starter_templates_imported_post":false,"_kad_post_transparent":"","_kad_post_title":"","_kad_post_layout":"","_kad_post_sidebar_id":"","_kad_post_content_style":"","_kad_post_vertical_padding":"","_kad_post_feature":"","_kad_post_feature_position":"","_kad_post_header":false,"_kad_post_footer":false,"_kad_post_classname":""},"product_brand":[3039],"product_cat":[1564,1563,1581,1562],"product_tag":[],"class_list":{"0":"post-449273","1":"product","2":"type-product","3":"status-publish","4":"has-post-thumbnail","6":"product_brand-mylaq","7":"product_cat-cosmetice-ingrijire-personala","8":"product_cat-ingrijire-personala","9":"product_cat-ingrijirea-unghiilor","10":"product_cat-sanatate-si-frumusete","11":"pa_gen-female","12":"pa_marime-1-buc","14":"first","15":"instock","16":"sale","17":"product-type-external","18":"entry","19":"content-bg","20":"loop-entry"},"acf":[],"yoast_head":"<!-- This site is optimized with the Yoast SEO plugin v27.4 - https:\/\/yoast.com\/product\/yoast-seo-wordpress\/ -->\n<title>MYLAQ Lamp LED\/UV 10W lamp\u0103 cu LED, pentru manichiura cu gel 1 buc - SHOPATOA.COM<\/title>\n<meta name=\"robots\" content=\"index, follow, max-snippet:-1, max-image-preview:large, max-video-preview:-1\" \/>\n<link rel=\"canonical\" href=\"https:\/\/shopatoa.com\/ro\/mylaq-lamp-led-uv-10w-lampa-cu-led-pentru-manichiura-cu-gel-1-buc\/\" \/>\n<meta property=\"og:locale\" content=\"ro_RO\" \/>\n<meta property=\"og:type\" content=\"article\" \/>\n<meta property=\"og:title\" content=\"MYLAQ Lamp LED\/UV 10W lamp\u0103 cu LED, pentru manichiura cu gel 1 buc - SHOPATOA.COM\" \/>\n<meta property=\"og:description\" content=\"MYLAQ Lamp LED\/UV 10W, 1 buc, Modelarea unghiilor pentru femei, Dori\u021bi s\u0103 v\u0103 impresiona\u021bi anturajul cu o manichiur\u0103 impecabil\u0103? Nu este nevoie s\u0103 apela\u021bi imediat la un salon de manichiur\u0103, lampa MYLAQLampLED\/UV 10W v\u0103 permite s\u0103 crea\u021bi o manichiur\u0103 ca un profesionist \u00een confortul de acas\u0103, cu un efort minim. Cu ajutorul acestei l\u0103mpi, v\u0103...\" \/>\n<meta property=\"og:url\" content=\"https:\/\/shopatoa.com\/ro\/mylaq-lamp-led-uv-10w-lampa-cu-led-pentru-manichiura-cu-gel-1-buc\/\" \/>\n<meta property=\"og:site_name\" content=\"SHOPATOA\" \/>\n<meta property=\"article:modified_time\" content=\"2025-06-25T00:27:48+00:00\" \/>\n<meta property=\"og:image\" content=\"https:\/\/storage.googleapis.com\/cz-shopatoa-img\/ro\/7156ea7e-unnamed-file.webp\" \/>\n\t<meta property=\"og:image:width\" content=\"800\" \/>\n\t<meta property=\"og:image:height\" content=\"800\" \/>\n\t<meta property=\"og:image:type\" content=\"image\/webp\" \/>\n<meta name=\"twitter:card\" content=\"summary_large_image\" \/>\n<meta name=\"twitter:label1\" content=\"Timp estimat pentru citire\" \/>\n\t<meta name=\"twitter:data1\" content=\"1 minut\" \/>\n<script type=\"application\/ld+json\" class=\"yoast-schema-graph\">{\"@context\":\"https:\\\/\\\/schema.org\",\"@graph\":[{\"@type\":\"WebPage\",\"@id\":\"https:\\\/\\\/shopatoa.com\\\/ro\\\/mylaq-lamp-led-uv-10w-lampa-cu-led-pentru-manichiura-cu-gel-1-buc\\\/\",\"url\":\"https:\\\/\\\/shopatoa.com\\\/ro\\\/mylaq-lamp-led-uv-10w-lampa-cu-led-pentru-manichiura-cu-gel-1-buc\\\/\",\"name\":\"MYLAQ Lamp LED\\\/UV 10W lamp\u0103 cu LED, pentru manichiura cu gel 1 buc - SHOPATOA.COM\",\"isPartOf\":{\"@id\":\"https:\\\/\\\/shopatoa.com\\\/ro\\\/#website\"},\"primaryImageOfPage\":{\"@id\":\"https:\\\/\\\/shopatoa.com\\\/ro\\\/mylaq-lamp-led-uv-10w-lampa-cu-led-pentru-manichiura-cu-gel-1-buc\\\/#primaryimage\"},\"image\":{\"@id\":\"https:\\\/\\\/shopatoa.com\\\/ro\\\/mylaq-lamp-led-uv-10w-lampa-cu-led-pentru-manichiura-cu-gel-1-buc\\\/#primaryimage\"},\"thumbnailUrl\":\"https:\\\/\\\/storage.googleapis.com\\\/cz-shopatoa-img\\\/ro\\\/7156ea7e-unnamed-file.webp\",\"datePublished\":\"2025-06-25T00:27:41+00:00\",\"dateModified\":\"2025-06-25T00:27:48+00:00\",\"breadcrumb\":{\"@id\":\"https:\\\/\\\/shopatoa.com\\\/ro\\\/mylaq-lamp-led-uv-10w-lampa-cu-led-pentru-manichiura-cu-gel-1-buc\\\/#breadcrumb\"},\"inLanguage\":\"ro-RO\",\"potentialAction\":[{\"@type\":\"ReadAction\",\"target\":[\"https:\\\/\\\/shopatoa.com\\\/ro\\\/mylaq-lamp-led-uv-10w-lampa-cu-led-pentru-manichiura-cu-gel-1-buc\\\/\"]}]},{\"@type\":\"ImageObject\",\"inLanguage\":\"ro-RO\",\"@id\":\"https:\\\/\\\/shopatoa.com\\\/ro\\\/mylaq-lamp-led-uv-10w-lampa-cu-led-pentru-manichiura-cu-gel-1-buc\\\/#primaryimage\",\"url\":\"https:\\\/\\\/storage.googleapis.com\\\/cz-shopatoa-img\\\/ro\\\/7156ea7e-unnamed-file.webp\",\"contentUrl\":\"https:\\\/\\\/storage.googleapis.com\\\/cz-shopatoa-img\\\/ro\\\/7156ea7e-unnamed-file.webp\",\"width\":800,\"height\":800},{\"@type\":\"BreadcrumbList\",\"@id\":\"https:\\\/\\\/shopatoa.com\\\/ro\\\/mylaq-lamp-led-uv-10w-lampa-cu-led-pentru-manichiura-cu-gel-1-buc\\\/#breadcrumb\",\"itemListElement\":[{\"@type\":\"ListItem\",\"position\":1,\"name\":\"Dom\u016f\",\"item\":\"https:\\\/\\\/shopatoa.com\\\/ro\\\/\"},{\"@type\":\"ListItem\",\"position\":2,\"name\":\"Shop\",\"item\":\"https:\\\/\\\/shopatoa.com\\\/ro\\\/shop\\\/\"},{\"@type\":\"ListItem\",\"position\":3,\"name\":\"MYLAQ Lamp LED\\\/UV 10W lamp\u0103 cu LED, pentru manichiura cu gel 1 buc\"}]},{\"@type\":\"WebSite\",\"@id\":\"https:\\\/\\\/shopatoa.com\\\/ro\\\/#website\",\"url\":\"https:\\\/\\\/shopatoa.com\\\/ro\\\/\",\"name\":\"SHOPATOA\",\"description\":\"\",\"publisher\":{\"@id\":\"https:\\\/\\\/shopatoa.com\\\/ro\\\/#organization\"},\"potentialAction\":[{\"@type\":\"SearchAction\",\"target\":{\"@type\":\"EntryPoint\",\"urlTemplate\":\"https:\\\/\\\/shopatoa.com\\\/ro\\\/?s={search_term_string}\"},\"query-input\":{\"@type\":\"PropertyValueSpecification\",\"valueRequired\":true,\"valueName\":\"search_term_string\"}}],\"inLanguage\":\"ro-RO\"},{\"@type\":\"Organization\",\"@id\":\"https:\\\/\\\/shopatoa.com\\\/ro\\\/#organization\",\"name\":\"SHOPATOA\",\"url\":\"https:\\\/\\\/shopatoa.com\\\/ro\\\/\",\"logo\":{\"@type\":\"ImageObject\",\"inLanguage\":\"ro-RO\",\"@id\":\"https:\\\/\\\/shopatoa.com\\\/ro\\\/#\\\/schema\\\/logo\\\/image\\\/\",\"url\":\"https:\\\/\\\/storage.googleapis.com\\\/cz-shopatoa-img\\\/ro\\\/b4dac915-shopatoa_logo.png\",\"contentUrl\":\"https:\\\/\\\/storage.googleapis.com\\\/cz-shopatoa-img\\\/ro\\\/b4dac915-shopatoa_logo.png\",\"width\":416,\"height\":63,\"caption\":\"SHOPATOA\"},\"image\":{\"@id\":\"https:\\\/\\\/shopatoa.com\\\/ro\\\/#\\\/schema\\\/logo\\\/image\\\/\"}}]}<\/script>\n<!-- \/ Yoast SEO plugin. -->","yoast_head_json":{"title":"MYLAQ Lamp LED\/UV 10W lamp\u0103 cu LED, pentru manichiura cu gel 1 buc - SHOPATOA.COM","robots":{"index":"index","follow":"follow","max-snippet":"max-snippet:-1","max-image-preview":"max-image-preview:large","max-video-preview":"max-video-preview:-1"},"canonical":"https:\/\/shopatoa.com\/ro\/mylaq-lamp-led-uv-10w-lampa-cu-led-pentru-manichiura-cu-gel-1-buc\/","og_locale":"ro_RO","og_type":"article","og_title":"MYLAQ Lamp LED\/UV 10W lamp\u0103 cu LED, pentru manichiura cu gel 1 buc - SHOPATOA.COM","og_description":"MYLAQ Lamp LED\/UV 10W, 1 buc, Modelarea unghiilor pentru femei, Dori\u021bi s\u0103 v\u0103 impresiona\u021bi anturajul cu o manichiur\u0103 impecabil\u0103? Nu este nevoie s\u0103 apela\u021bi imediat la un salon de manichiur\u0103, lampa MYLAQLampLED\/UV 10W v\u0103 permite s\u0103 crea\u021bi o manichiur\u0103 ca un profesionist \u00een confortul de acas\u0103, cu un efort minim. Cu ajutorul acestei l\u0103mpi, v\u0103...","og_url":"https:\/\/shopatoa.com\/ro\/mylaq-lamp-led-uv-10w-lampa-cu-led-pentru-manichiura-cu-gel-1-buc\/","og_site_name":"SHOPATOA","article_modified_time":"2025-06-25T00:27:48+00:00","og_image":[{"width":800,"height":800,"url":"https:\/\/storage.googleapis.com\/cz-shopatoa-img\/ro\/7156ea7e-unnamed-file.webp","type":"image\/webp"}],"twitter_card":"summary_large_image","twitter_misc":{"Timp estimat pentru citire":"1 minut"},"schema":{"@context":"https:\/\/schema.org","@graph":[{"@type":"WebPage","@id":"https:\/\/shopatoa.com\/ro\/mylaq-lamp-led-uv-10w-lampa-cu-led-pentru-manichiura-cu-gel-1-buc\/","url":"https:\/\/shopatoa.com\/ro\/mylaq-lamp-led-uv-10w-lampa-cu-led-pentru-manichiura-cu-gel-1-buc\/","name":"MYLAQ Lamp LED\/UV 10W lamp\u0103 cu LED, pentru manichiura cu gel 1 buc - SHOPATOA.COM","isPartOf":{"@id":"https:\/\/shopatoa.com\/ro\/#website"},"primaryImageOfPage":{"@id":"https:\/\/shopatoa.com\/ro\/mylaq-lamp-led-uv-10w-lampa-cu-led-pentru-manichiura-cu-gel-1-buc\/#primaryimage"},"image":{"@id":"https:\/\/shopatoa.com\/ro\/mylaq-lamp-led-uv-10w-lampa-cu-led-pentru-manichiura-cu-gel-1-buc\/#primaryimage"},"thumbnailUrl":"https:\/\/storage.googleapis.com\/cz-shopatoa-img\/ro\/7156ea7e-unnamed-file.webp","datePublished":"2025-06-25T00:27:41+00:00","dateModified":"2025-06-25T00:27:48+00:00","breadcrumb":{"@id":"https:\/\/shopatoa.com\/ro\/mylaq-lamp-led-uv-10w-lampa-cu-led-pentru-manichiura-cu-gel-1-buc\/#breadcrumb"},"inLanguage":"ro-RO","potentialAction":[{"@type":"ReadAction","target":["https:\/\/shopatoa.com\/ro\/mylaq-lamp-led-uv-10w-lampa-cu-led-pentru-manichiura-cu-gel-1-buc\/"]}]},{"@type":"ImageObject","inLanguage":"ro-RO","@id":"https:\/\/shopatoa.com\/ro\/mylaq-lamp-led-uv-10w-lampa-cu-led-pentru-manichiura-cu-gel-1-buc\/#primaryimage","url":"https:\/\/storage.googleapis.com\/cz-shopatoa-img\/ro\/7156ea7e-unnamed-file.webp","contentUrl":"https:\/\/storage.googleapis.com\/cz-shopatoa-img\/ro\/7156ea7e-unnamed-file.webp","width":800,"height":800},{"@type":"BreadcrumbList","@id":"https:\/\/shopatoa.com\/ro\/mylaq-lamp-led-uv-10w-lampa-cu-led-pentru-manichiura-cu-gel-1-buc\/#breadcrumb","itemListElement":[{"@type":"ListItem","position":1,"name":"Dom\u016f","item":"https:\/\/shopatoa.com\/ro\/"},{"@type":"ListItem","position":2,"name":"Shop","item":"https:\/\/shopatoa.com\/ro\/shop\/"},{"@type":"ListItem","position":3,"name":"MYLAQ Lamp LED\/UV 10W lamp\u0103 cu LED, pentru manichiura cu gel 1 buc"}]},{"@type":"WebSite","@id":"https:\/\/shopatoa.com\/ro\/#website","url":"https:\/\/shopatoa.com\/ro\/","name":"SHOPATOA","description":"","publisher":{"@id":"https:\/\/shopatoa.com\/ro\/#organization"},"potentialAction":[{"@type":"SearchAction","target":{"@type":"EntryPoint","urlTemplate":"https:\/\/shopatoa.com\/ro\/?s={search_term_string}"},"query-input":{"@type":"PropertyValueSpecification","valueRequired":true,"valueName":"search_term_string"}}],"inLanguage":"ro-RO"},{"@type":"Organization","@id":"https:\/\/shopatoa.com\/ro\/#organization","name":"SHOPATOA","url":"https:\/\/shopatoa.com\/ro\/","logo":{"@type":"ImageObject","inLanguage":"ro-RO","@id":"https:\/\/shopatoa.com\/ro\/#\/schema\/logo\/image\/","url":"https:\/\/storage.googleapis.com\/cz-shopatoa-img\/ro\/b4dac915-shopatoa_logo.png","contentUrl":"https:\/\/storage.googleapis.com\/cz-shopatoa-img\/ro\/b4dac915-shopatoa_logo.png","width":416,"height":63,"caption":"SHOPATOA"},"image":{"@id":"https:\/\/shopatoa.com\/ro\/#\/schema\/logo\/image\/"}}]}},"_links":{"self":[{"href":"https:\/\/shopatoa.com\/ro\/wp-json\/wp\/v2\/product\/449273","targetHints":{"allow":["GET"]}}],"collection":[{"href":"https:\/\/shopatoa.com\/ro\/wp-json\/wp\/v2\/product"}],"about":[{"href":"https:\/\/shopatoa.com\/ro\/wp-json\/wp\/v2\/types\/product"}],"replies":[{"embeddable":true,"href":"https:\/\/shopatoa.com\/ro\/wp-json\/wp\/v2\/comments?post=449273"}],"wp:featuredmedia":[{"embeddable":true,"href":"https:\/\/shopatoa.com\/ro\/wp-json\/wp\/v2\/media\/449274"}],"wp:attachment":[{"href":"https:\/\/shopatoa.com\/ro\/wp-json\/wp\/v2\/media?parent=449273"}],"wp:term":[{"taxonomy":"product_brand","embeddable":true,"href":"https:\/\/shopatoa.com\/ro\/wp-json\/wp\/v2\/product_brand?post=449273"},{"taxonomy":"product_cat","embeddable":true,"href":"https:\/\/shopatoa.com\/ro\/wp-json\/wp\/v2\/product_cat?post=449273"},{"taxonomy":"product_tag","embeddable":true,"href":"https:\/\/shopatoa.com\/ro\/wp-json\/wp\/v2\/product_tag?post=449273"}],"curies":[{"name":"wp","href":"https:\/\/api.w.org\/{rel}","templated":true}]}}