{"id":449449,"date":"2025-06-25T02:41:37","date_gmt":"2025-06-25T00:41:37","guid":{"rendered":"https:\/\/shopatoa.com\/ro\/valentino-born-in-roma-uomo-set-cadou-pentru-barbati-2\/"},"modified":"2026-02-05T00:49:08","modified_gmt":"2026-02-04T23:49:08","slug":"valentino-born-in-roma-uomo-set-cadou-pentru-barbati-2","status":"publish","type":"product","link":"https:\/\/shopatoa.com\/ro\/valentino-born-in-roma-uomo-set-cadou-pentru-barbati-2\/","title":{"rendered":"Valentino Born In Roma Uomo set cadou pentru b\u0103rba\u021bi"},"content":{"rendered":"<p>Valentino Born In Roma Uomo, Seturi pentru b\u0103rba\u021bi pentru b\u0103rba\u021bi, Permite\u021bi apei de toalet\u0103 Valentino Born In Roma Uomo s\u0103 dezv\u0103luie celor din jur c\u0103, \u00een \u00eenc\u0103pere, tocmai a intrat un b\u0103rbat care ob\u021bine mereu tot ceea ce vrea. Un parfum plin de senzualitate viril\u0103, de seduc\u021bie \u0219i de pasiune, la care nimeni din anturajul dvs. nu poate r\u0103m\u00e2ne rece.  Caracteristici:  setul atrage de la prima vedere, datorit\u0103 ambalajului frumos con\u021bine m\u0103rimea complet\u0103 a parfumului \u0219i miniatura sa parfumul \u00een set cadou aduce mai mult\u0103 bucurie foarte potrivit ca un cadou bucur\u0103 orice b\u0103rbat  Setul con\u021bine:   Valentino Born In Roma Uomo Eau de Toilette 50 ml  Valentino Born In Roma Uomo Eau de Toilette 15 ml<\/p>\n","protected":false},"excerpt":{"rendered":"<p>Valentino Born In Roma Uomo, Seturi pentru b\u0103rba\u021bi pentru b\u0103rba\u021bi, Permite\u021bi apei de toalet\u0103 Valentino Born In Roma Uomo s\u0103 dezv\u0103luie celor din jur c\u0103, \u00een \u00eenc\u0103pere, tocmai a intrat un b\u0103rbat care ob\u021bine mereu tot ceea ce vrea. Un parfum plin de senzualitate viril\u0103, de seduc\u021bie \u0219i de pasiune, la care nimeni din anturajul&#8230;<\/p>\n","protected":false},"featured_media":449450,"comment_status":"closed","ping_status":"open","template":"","meta":{"_acf_changed":false,"_kadence_starter_templates_imported_post":false,"_kad_post_transparent":"","_kad_post_title":"","_kad_post_layout":"","_kad_post_sidebar_id":"","_kad_post_content_style":"","_kad_post_vertical_padding":"","_kad_post_feature":"","_kad_post_feature_position":"","_kad_post_header":false,"_kad_post_footer":false,"_kad_post_classname":""},"product_brand":[286],"product_cat":[1564,1563,1740,1562],"product_tag":[],"class_list":{"0":"post-449449","1":"product","2":"type-product","3":"status-publish","4":"has-post-thumbnail","6":"product_brand-valentino","7":"product_cat-cosmetice-ingrijire-personala","8":"product_cat-ingrijire-personala","9":"product_cat-parfumuri-si-colonele","10":"product_cat-sanatate-si-frumusete","11":"pa_gen-male","13":"first","14":"instock","15":"sale","16":"product-type-external","17":"entry","18":"content-bg","19":"loop-entry"},"acf":[],"yoast_head":"<!-- This site is optimized with the Yoast SEO plugin v27.4 - https:\/\/yoast.com\/product\/yoast-seo-wordpress\/ -->\n<title>Valentino Born In Roma Uomo set cadou pentru b\u0103rba\u021bi - SHOPATOA.COM<\/title>\n<meta name=\"robots\" content=\"index, follow, max-snippet:-1, max-image-preview:large, max-video-preview:-1\" \/>\n<link rel=\"canonical\" href=\"https:\/\/shopatoa.com\/ro\/valentino-born-in-roma-uomo-set-cadou-pentru-barbati-2\/\" \/>\n<meta property=\"og:locale\" content=\"ro_RO\" \/>\n<meta property=\"og:type\" content=\"article\" \/>\n<meta property=\"og:title\" content=\"Valentino Born In Roma Uomo set cadou pentru b\u0103rba\u021bi - SHOPATOA.COM\" \/>\n<meta property=\"og:description\" content=\"Valentino Born In Roma Uomo, Seturi pentru b\u0103rba\u021bi pentru b\u0103rba\u021bi, Permite\u021bi apei de toalet\u0103 Valentino Born In Roma Uomo s\u0103 dezv\u0103luie celor din jur c\u0103, \u00een \u00eenc\u0103pere, tocmai a intrat un b\u0103rbat care ob\u021bine mereu tot ceea ce vrea. Un parfum plin de senzualitate viril\u0103, de seduc\u021bie \u0219i de pasiune, la care nimeni din anturajul...\" \/>\n<meta property=\"og:url\" content=\"https:\/\/shopatoa.com\/ro\/valentino-born-in-roma-uomo-set-cadou-pentru-barbati-2\/\" \/>\n<meta property=\"og:site_name\" content=\"SHOPATOA\" \/>\n<meta property=\"article:modified_time\" content=\"2026-02-04T23:49:08+00:00\" \/>\n<meta property=\"og:image\" content=\"https:\/\/storage.googleapis.com\/cz-shopatoa-img\/ro\/3490c438-unnamed-file.webp\" \/>\n\t<meta property=\"og:image:width\" content=\"800\" \/>\n\t<meta property=\"og:image:height\" content=\"800\" \/>\n\t<meta property=\"og:image:type\" content=\"image\/webp\" \/>\n<meta name=\"twitter:card\" content=\"summary_large_image\" \/>\n<meta name=\"twitter:label1\" content=\"Timp estimat pentru citire\" \/>\n\t<meta name=\"twitter:data1\" content=\"1 minut\" \/>\n<script type=\"application\/ld+json\" class=\"yoast-schema-graph\">{\"@context\":\"https:\\\/\\\/schema.org\",\"@graph\":[{\"@type\":\"WebPage\",\"@id\":\"https:\\\/\\\/shopatoa.com\\\/ro\\\/valentino-born-in-roma-uomo-set-cadou-pentru-barbati-2\\\/\",\"url\":\"https:\\\/\\\/shopatoa.com\\\/ro\\\/valentino-born-in-roma-uomo-set-cadou-pentru-barbati-2\\\/\",\"name\":\"Valentino Born In Roma Uomo set cadou pentru b\u0103rba\u021bi - SHOPATOA.COM\",\"isPartOf\":{\"@id\":\"https:\\\/\\\/shopatoa.com\\\/ro\\\/#website\"},\"primaryImageOfPage\":{\"@id\":\"https:\\\/\\\/shopatoa.com\\\/ro\\\/valentino-born-in-roma-uomo-set-cadou-pentru-barbati-2\\\/#primaryimage\"},\"image\":{\"@id\":\"https:\\\/\\\/shopatoa.com\\\/ro\\\/valentino-born-in-roma-uomo-set-cadou-pentru-barbati-2\\\/#primaryimage\"},\"thumbnailUrl\":\"https:\\\/\\\/storage.googleapis.com\\\/cz-shopatoa-img\\\/ro\\\/3490c438-unnamed-file.webp\",\"datePublished\":\"2025-06-25T00:41:37+00:00\",\"dateModified\":\"2026-02-04T23:49:08+00:00\",\"breadcrumb\":{\"@id\":\"https:\\\/\\\/shopatoa.com\\\/ro\\\/valentino-born-in-roma-uomo-set-cadou-pentru-barbati-2\\\/#breadcrumb\"},\"inLanguage\":\"ro-RO\",\"potentialAction\":[{\"@type\":\"ReadAction\",\"target\":[\"https:\\\/\\\/shopatoa.com\\\/ro\\\/valentino-born-in-roma-uomo-set-cadou-pentru-barbati-2\\\/\"]}]},{\"@type\":\"ImageObject\",\"inLanguage\":\"ro-RO\",\"@id\":\"https:\\\/\\\/shopatoa.com\\\/ro\\\/valentino-born-in-roma-uomo-set-cadou-pentru-barbati-2\\\/#primaryimage\",\"url\":\"https:\\\/\\\/storage.googleapis.com\\\/cz-shopatoa-img\\\/ro\\\/3490c438-unnamed-file.webp\",\"contentUrl\":\"https:\\\/\\\/storage.googleapis.com\\\/cz-shopatoa-img\\\/ro\\\/3490c438-unnamed-file.webp\",\"width\":800,\"height\":800},{\"@type\":\"BreadcrumbList\",\"@id\":\"https:\\\/\\\/shopatoa.com\\\/ro\\\/valentino-born-in-roma-uomo-set-cadou-pentru-barbati-2\\\/#breadcrumb\",\"itemListElement\":[{\"@type\":\"ListItem\",\"position\":1,\"name\":\"Dom\u016f\",\"item\":\"https:\\\/\\\/shopatoa.com\\\/ro\\\/\"},{\"@type\":\"ListItem\",\"position\":2,\"name\":\"Shop\",\"item\":\"https:\\\/\\\/shopatoa.com\\\/ro\\\/shop\\\/\"},{\"@type\":\"ListItem\",\"position\":3,\"name\":\"S\u0103n\u0103tate \u0219i frumuse\u021be\",\"item\":\"https:\\\/\\\/shopatoa.com\\\/ro\\\/sanatate-si-frumusete\\\/\"},{\"@type\":\"ListItem\",\"position\":4,\"name\":\"\u00cengrijire personal\u0103\",\"item\":\"https:\\\/\\\/shopatoa.com\\\/ro\\\/ingrijire-personala\\\/\"},{\"@type\":\"ListItem\",\"position\":5,\"name\":\"Cosmetice\",\"item\":\"https:\\\/\\\/shopatoa.com\\\/ro\\\/cosmetice-ingrijire-personala\\\/\"},{\"@type\":\"ListItem\",\"position\":6,\"name\":\"Parfumuri \u0219i Colonele\",\"item\":\"https:\\\/\\\/shopatoa.com\\\/ro\\\/parfumuri-si-colonele\\\/\"},{\"@type\":\"ListItem\",\"position\":7,\"name\":\"Valentino Born In Roma Uomo set cadou pentru b\u0103rba\u021bi\"}]},{\"@type\":\"WebSite\",\"@id\":\"https:\\\/\\\/shopatoa.com\\\/ro\\\/#website\",\"url\":\"https:\\\/\\\/shopatoa.com\\\/ro\\\/\",\"name\":\"SHOPATOA\",\"description\":\"\",\"publisher\":{\"@id\":\"https:\\\/\\\/shopatoa.com\\\/ro\\\/#organization\"},\"potentialAction\":[{\"@type\":\"SearchAction\",\"target\":{\"@type\":\"EntryPoint\",\"urlTemplate\":\"https:\\\/\\\/shopatoa.com\\\/ro\\\/?s={search_term_string}\"},\"query-input\":{\"@type\":\"PropertyValueSpecification\",\"valueRequired\":true,\"valueName\":\"search_term_string\"}}],\"inLanguage\":\"ro-RO\"},{\"@type\":\"Organization\",\"@id\":\"https:\\\/\\\/shopatoa.com\\\/ro\\\/#organization\",\"name\":\"SHOPATOA\",\"url\":\"https:\\\/\\\/shopatoa.com\\\/ro\\\/\",\"logo\":{\"@type\":\"ImageObject\",\"inLanguage\":\"ro-RO\",\"@id\":\"https:\\\/\\\/shopatoa.com\\\/ro\\\/#\\\/schema\\\/logo\\\/image\\\/\",\"url\":\"https:\\\/\\\/storage.googleapis.com\\\/cz-shopatoa-img\\\/ro\\\/b4dac915-shopatoa_logo.png\",\"contentUrl\":\"https:\\\/\\\/storage.googleapis.com\\\/cz-shopatoa-img\\\/ro\\\/b4dac915-shopatoa_logo.png\",\"width\":416,\"height\":63,\"caption\":\"SHOPATOA\"},\"image\":{\"@id\":\"https:\\\/\\\/shopatoa.com\\\/ro\\\/#\\\/schema\\\/logo\\\/image\\\/\"}}]}<\/script>\n<!-- \/ Yoast SEO plugin. -->","yoast_head_json":{"title":"Valentino Born In Roma Uomo set cadou pentru b\u0103rba\u021bi - SHOPATOA.COM","robots":{"index":"index","follow":"follow","max-snippet":"max-snippet:-1","max-image-preview":"max-image-preview:large","max-video-preview":"max-video-preview:-1"},"canonical":"https:\/\/shopatoa.com\/ro\/valentino-born-in-roma-uomo-set-cadou-pentru-barbati-2\/","og_locale":"ro_RO","og_type":"article","og_title":"Valentino Born In Roma Uomo set cadou pentru b\u0103rba\u021bi - SHOPATOA.COM","og_description":"Valentino Born In Roma Uomo, Seturi pentru b\u0103rba\u021bi pentru b\u0103rba\u021bi, Permite\u021bi apei de toalet\u0103 Valentino Born In Roma Uomo s\u0103 dezv\u0103luie celor din jur c\u0103, \u00een \u00eenc\u0103pere, tocmai a intrat un b\u0103rbat care ob\u021bine mereu tot ceea ce vrea. Un parfum plin de senzualitate viril\u0103, de seduc\u021bie \u0219i de pasiune, la care nimeni din anturajul...","og_url":"https:\/\/shopatoa.com\/ro\/valentino-born-in-roma-uomo-set-cadou-pentru-barbati-2\/","og_site_name":"SHOPATOA","article_modified_time":"2026-02-04T23:49:08+00:00","og_image":[{"width":800,"height":800,"url":"https:\/\/storage.googleapis.com\/cz-shopatoa-img\/ro\/3490c438-unnamed-file.webp","type":"image\/webp"}],"twitter_card":"summary_large_image","twitter_misc":{"Timp estimat pentru citire":"1 minut"},"schema":{"@context":"https:\/\/schema.org","@graph":[{"@type":"WebPage","@id":"https:\/\/shopatoa.com\/ro\/valentino-born-in-roma-uomo-set-cadou-pentru-barbati-2\/","url":"https:\/\/shopatoa.com\/ro\/valentino-born-in-roma-uomo-set-cadou-pentru-barbati-2\/","name":"Valentino Born In Roma Uomo set cadou pentru b\u0103rba\u021bi - SHOPATOA.COM","isPartOf":{"@id":"https:\/\/shopatoa.com\/ro\/#website"},"primaryImageOfPage":{"@id":"https:\/\/shopatoa.com\/ro\/valentino-born-in-roma-uomo-set-cadou-pentru-barbati-2\/#primaryimage"},"image":{"@id":"https:\/\/shopatoa.com\/ro\/valentino-born-in-roma-uomo-set-cadou-pentru-barbati-2\/#primaryimage"},"thumbnailUrl":"https:\/\/storage.googleapis.com\/cz-shopatoa-img\/ro\/3490c438-unnamed-file.webp","datePublished":"2025-06-25T00:41:37+00:00","dateModified":"2026-02-04T23:49:08+00:00","breadcrumb":{"@id":"https:\/\/shopatoa.com\/ro\/valentino-born-in-roma-uomo-set-cadou-pentru-barbati-2\/#breadcrumb"},"inLanguage":"ro-RO","potentialAction":[{"@type":"ReadAction","target":["https:\/\/shopatoa.com\/ro\/valentino-born-in-roma-uomo-set-cadou-pentru-barbati-2\/"]}]},{"@type":"ImageObject","inLanguage":"ro-RO","@id":"https:\/\/shopatoa.com\/ro\/valentino-born-in-roma-uomo-set-cadou-pentru-barbati-2\/#primaryimage","url":"https:\/\/storage.googleapis.com\/cz-shopatoa-img\/ro\/3490c438-unnamed-file.webp","contentUrl":"https:\/\/storage.googleapis.com\/cz-shopatoa-img\/ro\/3490c438-unnamed-file.webp","width":800,"height":800},{"@type":"BreadcrumbList","@id":"https:\/\/shopatoa.com\/ro\/valentino-born-in-roma-uomo-set-cadou-pentru-barbati-2\/#breadcrumb","itemListElement":[{"@type":"ListItem","position":1,"name":"Dom\u016f","item":"https:\/\/shopatoa.com\/ro\/"},{"@type":"ListItem","position":2,"name":"Shop","item":"https:\/\/shopatoa.com\/ro\/shop\/"},{"@type":"ListItem","position":3,"name":"S\u0103n\u0103tate \u0219i frumuse\u021be","item":"https:\/\/shopatoa.com\/ro\/sanatate-si-frumusete\/"},{"@type":"ListItem","position":4,"name":"\u00cengrijire personal\u0103","item":"https:\/\/shopatoa.com\/ro\/ingrijire-personala\/"},{"@type":"ListItem","position":5,"name":"Cosmetice","item":"https:\/\/shopatoa.com\/ro\/cosmetice-ingrijire-personala\/"},{"@type":"ListItem","position":6,"name":"Parfumuri \u0219i Colonele","item":"https:\/\/shopatoa.com\/ro\/parfumuri-si-colonele\/"},{"@type":"ListItem","position":7,"name":"Valentino Born In Roma Uomo set cadou pentru b\u0103rba\u021bi"}]},{"@type":"WebSite","@id":"https:\/\/shopatoa.com\/ro\/#website","url":"https:\/\/shopatoa.com\/ro\/","name":"SHOPATOA","description":"","publisher":{"@id":"https:\/\/shopatoa.com\/ro\/#organization"},"potentialAction":[{"@type":"SearchAction","target":{"@type":"EntryPoint","urlTemplate":"https:\/\/shopatoa.com\/ro\/?s={search_term_string}"},"query-input":{"@type":"PropertyValueSpecification","valueRequired":true,"valueName":"search_term_string"}}],"inLanguage":"ro-RO"},{"@type":"Organization","@id":"https:\/\/shopatoa.com\/ro\/#organization","name":"SHOPATOA","url":"https:\/\/shopatoa.com\/ro\/","logo":{"@type":"ImageObject","inLanguage":"ro-RO","@id":"https:\/\/shopatoa.com\/ro\/#\/schema\/logo\/image\/","url":"https:\/\/storage.googleapis.com\/cz-shopatoa-img\/ro\/b4dac915-shopatoa_logo.png","contentUrl":"https:\/\/storage.googleapis.com\/cz-shopatoa-img\/ro\/b4dac915-shopatoa_logo.png","width":416,"height":63,"caption":"SHOPATOA"},"image":{"@id":"https:\/\/shopatoa.com\/ro\/#\/schema\/logo\/image\/"}}]}},"_links":{"self":[{"href":"https:\/\/shopatoa.com\/ro\/wp-json\/wp\/v2\/product\/449449","targetHints":{"allow":["GET"]}}],"collection":[{"href":"https:\/\/shopatoa.com\/ro\/wp-json\/wp\/v2\/product"}],"about":[{"href":"https:\/\/shopatoa.com\/ro\/wp-json\/wp\/v2\/types\/product"}],"replies":[{"embeddable":true,"href":"https:\/\/shopatoa.com\/ro\/wp-json\/wp\/v2\/comments?post=449449"}],"wp:featuredmedia":[{"embeddable":true,"href":"https:\/\/shopatoa.com\/ro\/wp-json\/wp\/v2\/media\/449450"}],"wp:attachment":[{"href":"https:\/\/shopatoa.com\/ro\/wp-json\/wp\/v2\/media?parent=449449"}],"wp:term":[{"taxonomy":"product_brand","embeddable":true,"href":"https:\/\/shopatoa.com\/ro\/wp-json\/wp\/v2\/product_brand?post=449449"},{"taxonomy":"product_cat","embeddable":true,"href":"https:\/\/shopatoa.com\/ro\/wp-json\/wp\/v2\/product_cat?post=449449"},{"taxonomy":"product_tag","embeddable":true,"href":"https:\/\/shopatoa.com\/ro\/wp-json\/wp\/v2\/product_tag?post=449449"}],"curies":[{"name":"wp","href":"https:\/\/api.w.org\/{rel}","templated":true}]}}