{"id":449491,"date":"2025-06-25T02:45:20","date_gmt":"2025-06-25T00:45:20","guid":{"rendered":"https:\/\/shopatoa.com\/ro\/delia-cosmetics-cameleo-coloring-shampoo-sampon-nuantator-pentru-par-pentru-barbati-15-ml-3\/"},"modified":"2026-02-05T00:43:10","modified_gmt":"2026-02-04T23:43:10","slug":"delia-cosmetics-cameleo-coloring-shampoo-sampon-nuantator-pentru-par-pentru-barbati-15-ml-3","status":"publish","type":"product","link":"https:\/\/shopatoa.com\/ro\/delia-cosmetics-cameleo-coloring-shampoo-sampon-nuantator-pentru-par-pentru-barbati-15-ml-3\/","title":{"rendered":"Delia Cosmetics Cameleo Coloring Shampoo \u0219ampon nuan\u021bator pentru p\u0103r pentru b\u0103rba\u021bi 15 ml"},"content":{"rendered":"<p>Delia Cosmetics Cameleo Coloring Shampoo, 15 ml, \u0218ampoane pentru b\u0103rba\u021bi, Spune la revedere p\u0103rului f\u0103r\u0103 vlag\u0103! Produsul pentru p\u0103r Delia Cosmetics Cameleo Coloring Shampoo \u00eei confer\u0103 nuan\u021ba \u0219i luciul dorite.  Caracteristici:  acoper\u0103 r\u0103d\u0103cinile crescute coloreaz\u0103 p\u0103rul acoper\u0103 firele albe  Ingrediente:  produs vegan  Cum se utilizeaz\u0103: Se vor purta m\u0103nu\u0219i de protec\u021bie adecvate. Se aplic\u0103 uniform, pe p\u0103rul uscat. L\u0103sa\u021bi s\u0103 ac\u021bioneze pentru num\u0103rul de minute indicat: 10. Apoi se cl\u0103te\u0219te bine.<\/p>\n","protected":false},"excerpt":{"rendered":"<p>Delia Cosmetics Cameleo Coloring Shampoo, 15 ml, \u0218ampoane pentru b\u0103rba\u021bi, Spune la revedere p\u0103rului f\u0103r\u0103 vlag\u0103! Produsul pentru p\u0103r Delia Cosmetics Cameleo Coloring Shampoo \u00eei confer\u0103 nuan\u021ba \u0219i luciul dorite. Caracteristici: acoper\u0103 r\u0103d\u0103cinile crescute coloreaz\u0103 p\u0103rul acoper\u0103 firele albe Ingrediente: produs vegan Cum se utilizeaz\u0103: Se vor purta m\u0103nu\u0219i de protec\u021bie adecvate. Se aplic\u0103 uniform,&#8230;<\/p>\n","protected":false},"featured_media":449492,"comment_status":"closed","ping_status":"open","template":"","meta":{"_acf_changed":false,"_kadence_starter_templates_imported_post":false,"_kad_post_transparent":"","_kad_post_title":"","_kad_post_layout":"","_kad_post_sidebar_id":"","_kad_post_content_style":"","_kad_post_vertical_padding":"","_kad_post_feature":"","_kad_post_feature_position":"","_kad_post_header":false,"_kad_post_footer":false,"_kad_post_classname":""},"product_brand":[1674],"product_cat":[1563,1590,1562,1675],"product_tag":[],"class_list":{"0":"post-449491","1":"product","2":"type-product","3":"status-publish","4":"has-post-thumbnail","6":"product_brand-delia-cosmetics","7":"product_cat-ingrijire-personala","8":"product_cat-ingrijirea-parului","9":"product_cat-sanatate-si-frumusete","10":"product_cat-vopsirea-parului","11":"pa_gen-male","12":"pa_marime-15-ml","14":"first","15":"instock","16":"sale","17":"product-type-external","18":"entry","19":"content-bg","20":"loop-entry"},"acf":[],"yoast_head":"<!-- This site is optimized with the Yoast SEO plugin v27.4 - https:\/\/yoast.com\/product\/yoast-seo-wordpress\/ -->\n<title>Delia Cosmetics Cameleo Coloring Shampoo \u0219ampon nuan\u021bator pentru p\u0103r pentru b\u0103rba\u021bi 15 ml - SHOPATOA.COM<\/title>\n<meta name=\"robots\" content=\"index, follow, max-snippet:-1, max-image-preview:large, max-video-preview:-1\" \/>\n<link rel=\"canonical\" href=\"https:\/\/shopatoa.com\/ro\/delia-cosmetics-cameleo-coloring-shampoo-sampon-nuantator-pentru-par-pentru-barbati-15-ml-3\/\" \/>\n<meta property=\"og:locale\" content=\"ro_RO\" \/>\n<meta property=\"og:type\" content=\"article\" \/>\n<meta property=\"og:title\" content=\"Delia Cosmetics Cameleo Coloring Shampoo \u0219ampon nuan\u021bator pentru p\u0103r pentru b\u0103rba\u021bi 15 ml - SHOPATOA.COM\" \/>\n<meta property=\"og:description\" content=\"Delia Cosmetics Cameleo Coloring Shampoo, 15 ml, \u0218ampoane pentru b\u0103rba\u021bi, Spune la revedere p\u0103rului f\u0103r\u0103 vlag\u0103! Produsul pentru p\u0103r Delia Cosmetics Cameleo Coloring Shampoo \u00eei confer\u0103 nuan\u021ba \u0219i luciul dorite. Caracteristici: acoper\u0103 r\u0103d\u0103cinile crescute coloreaz\u0103 p\u0103rul acoper\u0103 firele albe Ingrediente: produs vegan Cum se utilizeaz\u0103: Se vor purta m\u0103nu\u0219i de protec\u021bie adecvate. Se aplic\u0103 uniform,...\" \/>\n<meta property=\"og:url\" content=\"https:\/\/shopatoa.com\/ro\/delia-cosmetics-cameleo-coloring-shampoo-sampon-nuantator-pentru-par-pentru-barbati-15-ml-3\/\" \/>\n<meta property=\"og:site_name\" content=\"SHOPATOA\" \/>\n<meta property=\"article:modified_time\" content=\"2026-02-04T23:43:10+00:00\" \/>\n<meta property=\"og:image\" content=\"https:\/\/storage.googleapis.com\/cz-shopatoa-img\/ro\/b374d834-unnamed-file.webp\" \/>\n\t<meta property=\"og:image:width\" content=\"800\" \/>\n\t<meta property=\"og:image:height\" content=\"800\" \/>\n\t<meta property=\"og:image:type\" content=\"image\/webp\" \/>\n<meta name=\"twitter:card\" content=\"summary_large_image\" \/>\n<script type=\"application\/ld+json\" class=\"yoast-schema-graph\">{\"@context\":\"https:\\\/\\\/schema.org\",\"@graph\":[{\"@type\":\"WebPage\",\"@id\":\"https:\\\/\\\/shopatoa.com\\\/ro\\\/delia-cosmetics-cameleo-coloring-shampoo-sampon-nuantator-pentru-par-pentru-barbati-15-ml-3\\\/\",\"url\":\"https:\\\/\\\/shopatoa.com\\\/ro\\\/delia-cosmetics-cameleo-coloring-shampoo-sampon-nuantator-pentru-par-pentru-barbati-15-ml-3\\\/\",\"name\":\"Delia Cosmetics Cameleo Coloring Shampoo \u0219ampon nuan\u021bator pentru p\u0103r pentru b\u0103rba\u021bi 15 ml - SHOPATOA.COM\",\"isPartOf\":{\"@id\":\"https:\\\/\\\/shopatoa.com\\\/ro\\\/#website\"},\"primaryImageOfPage\":{\"@id\":\"https:\\\/\\\/shopatoa.com\\\/ro\\\/delia-cosmetics-cameleo-coloring-shampoo-sampon-nuantator-pentru-par-pentru-barbati-15-ml-3\\\/#primaryimage\"},\"image\":{\"@id\":\"https:\\\/\\\/shopatoa.com\\\/ro\\\/delia-cosmetics-cameleo-coloring-shampoo-sampon-nuantator-pentru-par-pentru-barbati-15-ml-3\\\/#primaryimage\"},\"thumbnailUrl\":\"https:\\\/\\\/storage.googleapis.com\\\/cz-shopatoa-img\\\/ro\\\/b374d834-unnamed-file.webp\",\"datePublished\":\"2025-06-25T00:45:20+00:00\",\"dateModified\":\"2026-02-04T23:43:10+00:00\",\"breadcrumb\":{\"@id\":\"https:\\\/\\\/shopatoa.com\\\/ro\\\/delia-cosmetics-cameleo-coloring-shampoo-sampon-nuantator-pentru-par-pentru-barbati-15-ml-3\\\/#breadcrumb\"},\"inLanguage\":\"ro-RO\",\"potentialAction\":[{\"@type\":\"ReadAction\",\"target\":[\"https:\\\/\\\/shopatoa.com\\\/ro\\\/delia-cosmetics-cameleo-coloring-shampoo-sampon-nuantator-pentru-par-pentru-barbati-15-ml-3\\\/\"]}]},{\"@type\":\"ImageObject\",\"inLanguage\":\"ro-RO\",\"@id\":\"https:\\\/\\\/shopatoa.com\\\/ro\\\/delia-cosmetics-cameleo-coloring-shampoo-sampon-nuantator-pentru-par-pentru-barbati-15-ml-3\\\/#primaryimage\",\"url\":\"https:\\\/\\\/storage.googleapis.com\\\/cz-shopatoa-img\\\/ro\\\/b374d834-unnamed-file.webp\",\"contentUrl\":\"https:\\\/\\\/storage.googleapis.com\\\/cz-shopatoa-img\\\/ro\\\/b374d834-unnamed-file.webp\",\"width\":800,\"height\":800},{\"@type\":\"BreadcrumbList\",\"@id\":\"https:\\\/\\\/shopatoa.com\\\/ro\\\/delia-cosmetics-cameleo-coloring-shampoo-sampon-nuantator-pentru-par-pentru-barbati-15-ml-3\\\/#breadcrumb\",\"itemListElement\":[{\"@type\":\"ListItem\",\"position\":1,\"name\":\"Dom\u016f\",\"item\":\"https:\\\/\\\/shopatoa.com\\\/ro\\\/\"},{\"@type\":\"ListItem\",\"position\":2,\"name\":\"Shop\",\"item\":\"https:\\\/\\\/shopatoa.com\\\/ro\\\/shop\\\/\"},{\"@type\":\"ListItem\",\"position\":3,\"name\":\"S\u0103n\u0103tate \u0219i frumuse\u021be\",\"item\":\"https:\\\/\\\/shopatoa.com\\\/ro\\\/sanatate-si-frumusete\\\/\"},{\"@type\":\"ListItem\",\"position\":4,\"name\":\"\u00cengrijire personal\u0103\",\"item\":\"https:\\\/\\\/shopatoa.com\\\/ro\\\/ingrijire-personala\\\/\"},{\"@type\":\"ListItem\",\"position\":5,\"name\":\"\u00cengrijirea p\u0103rului\",\"item\":\"https:\\\/\\\/shopatoa.com\\\/ro\\\/ingrijirea-parului\\\/\"},{\"@type\":\"ListItem\",\"position\":6,\"name\":\"Vopsirea p\u0103rului\",\"item\":\"https:\\\/\\\/shopatoa.com\\\/ro\\\/vopsirea-parului\\\/\"},{\"@type\":\"ListItem\",\"position\":7,\"name\":\"Delia Cosmetics Cameleo Coloring Shampoo \u0219ampon nuan\u021bator pentru p\u0103r pentru b\u0103rba\u021bi 15 ml\"}]},{\"@type\":\"WebSite\",\"@id\":\"https:\\\/\\\/shopatoa.com\\\/ro\\\/#website\",\"url\":\"https:\\\/\\\/shopatoa.com\\\/ro\\\/\",\"name\":\"SHOPATOA\",\"description\":\"\",\"publisher\":{\"@id\":\"https:\\\/\\\/shopatoa.com\\\/ro\\\/#organization\"},\"potentialAction\":[{\"@type\":\"SearchAction\",\"target\":{\"@type\":\"EntryPoint\",\"urlTemplate\":\"https:\\\/\\\/shopatoa.com\\\/ro\\\/?s={search_term_string}\"},\"query-input\":{\"@type\":\"PropertyValueSpecification\",\"valueRequired\":true,\"valueName\":\"search_term_string\"}}],\"inLanguage\":\"ro-RO\"},{\"@type\":\"Organization\",\"@id\":\"https:\\\/\\\/shopatoa.com\\\/ro\\\/#organization\",\"name\":\"SHOPATOA\",\"url\":\"https:\\\/\\\/shopatoa.com\\\/ro\\\/\",\"logo\":{\"@type\":\"ImageObject\",\"inLanguage\":\"ro-RO\",\"@id\":\"https:\\\/\\\/shopatoa.com\\\/ro\\\/#\\\/schema\\\/logo\\\/image\\\/\",\"url\":\"https:\\\/\\\/storage.googleapis.com\\\/cz-shopatoa-img\\\/ro\\\/b4dac915-shopatoa_logo.png\",\"contentUrl\":\"https:\\\/\\\/storage.googleapis.com\\\/cz-shopatoa-img\\\/ro\\\/b4dac915-shopatoa_logo.png\",\"width\":416,\"height\":63,\"caption\":\"SHOPATOA\"},\"image\":{\"@id\":\"https:\\\/\\\/shopatoa.com\\\/ro\\\/#\\\/schema\\\/logo\\\/image\\\/\"}}]}<\/script>\n<!-- \/ Yoast SEO plugin. -->","yoast_head_json":{"title":"Delia Cosmetics Cameleo Coloring Shampoo \u0219ampon nuan\u021bator pentru p\u0103r pentru b\u0103rba\u021bi 15 ml - SHOPATOA.COM","robots":{"index":"index","follow":"follow","max-snippet":"max-snippet:-1","max-image-preview":"max-image-preview:large","max-video-preview":"max-video-preview:-1"},"canonical":"https:\/\/shopatoa.com\/ro\/delia-cosmetics-cameleo-coloring-shampoo-sampon-nuantator-pentru-par-pentru-barbati-15-ml-3\/","og_locale":"ro_RO","og_type":"article","og_title":"Delia Cosmetics Cameleo Coloring Shampoo \u0219ampon nuan\u021bator pentru p\u0103r pentru b\u0103rba\u021bi 15 ml - SHOPATOA.COM","og_description":"Delia Cosmetics Cameleo Coloring Shampoo, 15 ml, \u0218ampoane pentru b\u0103rba\u021bi, Spune la revedere p\u0103rului f\u0103r\u0103 vlag\u0103! Produsul pentru p\u0103r Delia Cosmetics Cameleo Coloring Shampoo \u00eei confer\u0103 nuan\u021ba \u0219i luciul dorite. Caracteristici: acoper\u0103 r\u0103d\u0103cinile crescute coloreaz\u0103 p\u0103rul acoper\u0103 firele albe Ingrediente: produs vegan Cum se utilizeaz\u0103: Se vor purta m\u0103nu\u0219i de protec\u021bie adecvate. Se aplic\u0103 uniform,...","og_url":"https:\/\/shopatoa.com\/ro\/delia-cosmetics-cameleo-coloring-shampoo-sampon-nuantator-pentru-par-pentru-barbati-15-ml-3\/","og_site_name":"SHOPATOA","article_modified_time":"2026-02-04T23:43:10+00:00","og_image":[{"width":800,"height":800,"url":"https:\/\/storage.googleapis.com\/cz-shopatoa-img\/ro\/b374d834-unnamed-file.webp","type":"image\/webp"}],"twitter_card":"summary_large_image","schema":{"@context":"https:\/\/schema.org","@graph":[{"@type":"WebPage","@id":"https:\/\/shopatoa.com\/ro\/delia-cosmetics-cameleo-coloring-shampoo-sampon-nuantator-pentru-par-pentru-barbati-15-ml-3\/","url":"https:\/\/shopatoa.com\/ro\/delia-cosmetics-cameleo-coloring-shampoo-sampon-nuantator-pentru-par-pentru-barbati-15-ml-3\/","name":"Delia Cosmetics Cameleo Coloring Shampoo \u0219ampon nuan\u021bator pentru p\u0103r pentru b\u0103rba\u021bi 15 ml - SHOPATOA.COM","isPartOf":{"@id":"https:\/\/shopatoa.com\/ro\/#website"},"primaryImageOfPage":{"@id":"https:\/\/shopatoa.com\/ro\/delia-cosmetics-cameleo-coloring-shampoo-sampon-nuantator-pentru-par-pentru-barbati-15-ml-3\/#primaryimage"},"image":{"@id":"https:\/\/shopatoa.com\/ro\/delia-cosmetics-cameleo-coloring-shampoo-sampon-nuantator-pentru-par-pentru-barbati-15-ml-3\/#primaryimage"},"thumbnailUrl":"https:\/\/storage.googleapis.com\/cz-shopatoa-img\/ro\/b374d834-unnamed-file.webp","datePublished":"2025-06-25T00:45:20+00:00","dateModified":"2026-02-04T23:43:10+00:00","breadcrumb":{"@id":"https:\/\/shopatoa.com\/ro\/delia-cosmetics-cameleo-coloring-shampoo-sampon-nuantator-pentru-par-pentru-barbati-15-ml-3\/#breadcrumb"},"inLanguage":"ro-RO","potentialAction":[{"@type":"ReadAction","target":["https:\/\/shopatoa.com\/ro\/delia-cosmetics-cameleo-coloring-shampoo-sampon-nuantator-pentru-par-pentru-barbati-15-ml-3\/"]}]},{"@type":"ImageObject","inLanguage":"ro-RO","@id":"https:\/\/shopatoa.com\/ro\/delia-cosmetics-cameleo-coloring-shampoo-sampon-nuantator-pentru-par-pentru-barbati-15-ml-3\/#primaryimage","url":"https:\/\/storage.googleapis.com\/cz-shopatoa-img\/ro\/b374d834-unnamed-file.webp","contentUrl":"https:\/\/storage.googleapis.com\/cz-shopatoa-img\/ro\/b374d834-unnamed-file.webp","width":800,"height":800},{"@type":"BreadcrumbList","@id":"https:\/\/shopatoa.com\/ro\/delia-cosmetics-cameleo-coloring-shampoo-sampon-nuantator-pentru-par-pentru-barbati-15-ml-3\/#breadcrumb","itemListElement":[{"@type":"ListItem","position":1,"name":"Dom\u016f","item":"https:\/\/shopatoa.com\/ro\/"},{"@type":"ListItem","position":2,"name":"Shop","item":"https:\/\/shopatoa.com\/ro\/shop\/"},{"@type":"ListItem","position":3,"name":"S\u0103n\u0103tate \u0219i frumuse\u021be","item":"https:\/\/shopatoa.com\/ro\/sanatate-si-frumusete\/"},{"@type":"ListItem","position":4,"name":"\u00cengrijire personal\u0103","item":"https:\/\/shopatoa.com\/ro\/ingrijire-personala\/"},{"@type":"ListItem","position":5,"name":"\u00cengrijirea p\u0103rului","item":"https:\/\/shopatoa.com\/ro\/ingrijirea-parului\/"},{"@type":"ListItem","position":6,"name":"Vopsirea p\u0103rului","item":"https:\/\/shopatoa.com\/ro\/vopsirea-parului\/"},{"@type":"ListItem","position":7,"name":"Delia Cosmetics Cameleo Coloring Shampoo \u0219ampon nuan\u021bator pentru p\u0103r pentru b\u0103rba\u021bi 15 ml"}]},{"@type":"WebSite","@id":"https:\/\/shopatoa.com\/ro\/#website","url":"https:\/\/shopatoa.com\/ro\/","name":"SHOPATOA","description":"","publisher":{"@id":"https:\/\/shopatoa.com\/ro\/#organization"},"potentialAction":[{"@type":"SearchAction","target":{"@type":"EntryPoint","urlTemplate":"https:\/\/shopatoa.com\/ro\/?s={search_term_string}"},"query-input":{"@type":"PropertyValueSpecification","valueRequired":true,"valueName":"search_term_string"}}],"inLanguage":"ro-RO"},{"@type":"Organization","@id":"https:\/\/shopatoa.com\/ro\/#organization","name":"SHOPATOA","url":"https:\/\/shopatoa.com\/ro\/","logo":{"@type":"ImageObject","inLanguage":"ro-RO","@id":"https:\/\/shopatoa.com\/ro\/#\/schema\/logo\/image\/","url":"https:\/\/storage.googleapis.com\/cz-shopatoa-img\/ro\/b4dac915-shopatoa_logo.png","contentUrl":"https:\/\/storage.googleapis.com\/cz-shopatoa-img\/ro\/b4dac915-shopatoa_logo.png","width":416,"height":63,"caption":"SHOPATOA"},"image":{"@id":"https:\/\/shopatoa.com\/ro\/#\/schema\/logo\/image\/"}}]}},"_links":{"self":[{"href":"https:\/\/shopatoa.com\/ro\/wp-json\/wp\/v2\/product\/449491","targetHints":{"allow":["GET"]}}],"collection":[{"href":"https:\/\/shopatoa.com\/ro\/wp-json\/wp\/v2\/product"}],"about":[{"href":"https:\/\/shopatoa.com\/ro\/wp-json\/wp\/v2\/types\/product"}],"replies":[{"embeddable":true,"href":"https:\/\/shopatoa.com\/ro\/wp-json\/wp\/v2\/comments?post=449491"}],"wp:featuredmedia":[{"embeddable":true,"href":"https:\/\/shopatoa.com\/ro\/wp-json\/wp\/v2\/media\/449492"}],"wp:attachment":[{"href":"https:\/\/shopatoa.com\/ro\/wp-json\/wp\/v2\/media?parent=449491"}],"wp:term":[{"taxonomy":"product_brand","embeddable":true,"href":"https:\/\/shopatoa.com\/ro\/wp-json\/wp\/v2\/product_brand?post=449491"},{"taxonomy":"product_cat","embeddable":true,"href":"https:\/\/shopatoa.com\/ro\/wp-json\/wp\/v2\/product_cat?post=449491"},{"taxonomy":"product_tag","embeddable":true,"href":"https:\/\/shopatoa.com\/ro\/wp-json\/wp\/v2\/product_tag?post=449491"}],"curies":[{"name":"wp","href":"https:\/\/api.w.org\/{rel}","templated":true}]}}