{"id":449791,"date":"2025-06-25T03:24:25","date_gmt":"2025-06-25T01:24:25","guid":{"rendered":"https:\/\/shopatoa.com\/ro\/real-barrier-peach-fit-tone-up-sun-cream-crema-de-fata-cu-efect-de-protectie-spf-50-50-ml\/"},"modified":"2026-02-04T23:57:31","modified_gmt":"2026-02-04T22:57:31","slug":"real-barrier-peach-fit-tone-up-sun-cream-crema-de-fata-cu-efect-de-protectie-spf-50-50-ml","status":"publish","type":"product","link":"https:\/\/shopatoa.com\/ro\/real-barrier-peach-fit-tone-up-sun-cream-crema-de-fata-cu-efect-de-protectie-spf-50-50-ml\/","title":{"rendered":"Real Barrier Peach Fit Tone-Up Sun Cream crema de fata cu efect de protectie SPF 50+ 50 ml"},"content":{"rendered":"<p>Real Barrier Peach Fit Tone-Up Sun Cream, 50 ml, Protec\u021bie contra radia\u021biilor solare pentru femei, Proteja\u021bi-v\u0103 tenul \u00eempotriva \u00eemb\u0103tr\u00e2nirii premature \u0219i a altor afec\u021biuni cauzate de expunerea la soare. Tenul delicat al fe\u021bei este mult mai sensibil dec\u00e2t pielea celorlalte zone ale corpului \u0219i este expus la razele soarelui pe tot parcursul anului \u2013 de aceea este foarte important s\u0103 nu-i subestima\u021bi protec\u021bia. Produsul cu filtru UV mineral Real Barrier Peach Fit Tone-Up Sun Cream creeaz\u0103 la nivelul tenului o barier\u0103, care asigur\u0103 protec\u021bie eficient\u0103 \u00eempotriva radia\u021biilor UV, ajut\u00e2ndu-v\u0103 s\u0103 preveni\u021bi nu doar arsurile solare sau petele pigmentare, ci \u0219i reducerea elasticit\u0103\u021bii, pierderea colagenului \u0219i alte semne de \u00eemb\u0103tr\u00e2nire a tenului.  Caracteristici:  protejeaz\u0103 pielea fa\u021b\u0103 de radia\u021biile UVA \u0219i UVB fere\u0219te tenul de \u00eemb\u0103tr\u00e2nirea prematur\u0103 hidrateaz\u0103 intens acoper\u0103 imperfec\u021biunile tenului se absoarbe rapid previne pigmentarea inegal\u0103 a pielii uniformizeaz\u0103 nuan\u021ba pielii  Ingrediente:  oxid de zinc \u2013 ofer\u0103 protec\u021bie \u00eempotriva radia\u021biilor UVA \u0219i UVB ceramide \u2013 lipide esen\u021biale care se g\u0103sesc natural \u00een piele, sunt esen\u021biale pentru buna func\u021bionare a barierei protectoare cutanate, hidrateaz\u0103 \u0219i ajut\u0103 la prevenirea usc\u0103rii, irita\u021biei, deterior\u0103rii \u0219i ridurilor niacinamid\u0103 \u2013 favorizeaz\u0103 luminozitatea tenului, reducerea petelor pigmentare, uniformizarea nuan\u021bei \u0219i netezirea texturii neuniforme, contribuie la \u00eent\u0103rirea barierei protectoare cutanate \u0219i la \u00eembun\u0103t\u0103\u021birea nivelului de hidratare a tenului squalane \u2013 fixeaz\u0103 umiditatea \u00een piele prin formarea unui strat protector pe suprafa\u021ba acesteia, hidrateaz\u0103, catifeleaz\u0103 \u0219i neteze\u0219te, ajut\u0103 la reglarea produc\u021biei de sebum, datorit\u0103 efectelor sale antioxidante puternice contribuie \u0219i la uniformizarea nuan\u021bei acid stearic \u2013 favorizeaz\u0103 func\u021bia barierei cutanate, previne pierderea nedorit\u0103 de umiditate, neteze\u0219te \u0219i catifeleaz\u0103 textura  Cum se utilizeaz\u0103: Produsul de protec\u021bie trebuie aplicat \u00een cantitate suficient\u0103. Se repet\u0103 dac\u0103 este necesar, \u00een special dup\u0103 \u00eemb\u0103iere, \u00een caz de transpira\u021bie \u0219i dup\u0103 uscarea pielii cu prosopul.<\/p>\n","protected":false},"excerpt":{"rendered":"<p>Real Barrier Peach Fit Tone-Up Sun Cream, 50 ml, Protec\u021bie contra radia\u021biilor solare pentru femei, Proteja\u021bi-v\u0103 tenul \u00eempotriva \u00eemb\u0103tr\u00e2nirii premature \u0219i a altor afec\u021biuni cauzate de expunerea la soare. Tenul delicat al fe\u021bei este mult mai sensibil dec\u00e2t pielea celorlalte zone ale corpului \u0219i este expus la razele soarelui pe tot parcursul anului \u2013 de&#8230;<\/p>\n","protected":false},"featured_media":449792,"comment_status":"closed","ping_status":"open","template":"","meta":{"_acf_changed":false,"_kadence_starter_templates_imported_post":false,"_kad_post_transparent":"","_kad_post_title":"","_kad_post_layout":"","_kad_post_sidebar_id":"","_kad_post_content_style":"","_kad_post_vertical_padding":"","_kad_post_feature":"","_kad_post_feature_position":"","_kad_post_header":false,"_kad_post_footer":false,"_kad_post_classname":""},"product_brand":[3301],"product_cat":[1564,1563,1565,1562],"product_tag":[],"class_list":{"0":"post-449791","1":"product","2":"type-product","3":"status-publish","4":"has-post-thumbnail","6":"product_brand-real-barrier","7":"product_cat-cosmetice-ingrijire-personala","8":"product_cat-ingrijire-personala","9":"product_cat-ingrijirea-pielii","10":"product_cat-sanatate-si-frumusete","11":"pa_gen-female","12":"pa_marime-50-ml","14":"first","15":"instock","16":"sale","17":"product-type-external","18":"entry","19":"content-bg","20":"loop-entry"},"acf":[],"yoast_head":"<!-- This site is optimized with the Yoast SEO plugin v27.4 - https:\/\/yoast.com\/product\/yoast-seo-wordpress\/ -->\n<title>Real Barrier Peach Fit Tone-Up Sun Cream crema de fata cu efect de protectie SPF 50+ 50 ml - SHOPATOA.COM<\/title>\n<meta name=\"robots\" content=\"index, follow, max-snippet:-1, max-image-preview:large, max-video-preview:-1\" \/>\n<link rel=\"canonical\" href=\"https:\/\/shopatoa.com\/ro\/real-barrier-peach-fit-tone-up-sun-cream-crema-de-fata-cu-efect-de-protectie-spf-50-50-ml\/\" \/>\n<meta property=\"og:locale\" content=\"ro_RO\" \/>\n<meta property=\"og:type\" content=\"article\" \/>\n<meta property=\"og:title\" content=\"Real Barrier Peach Fit Tone-Up Sun Cream crema de fata cu efect de protectie SPF 50+ 50 ml - SHOPATOA.COM\" \/>\n<meta property=\"og:description\" content=\"Real Barrier Peach Fit Tone-Up Sun Cream, 50 ml, Protec\u021bie contra radia\u021biilor solare pentru femei, Proteja\u021bi-v\u0103 tenul \u00eempotriva \u00eemb\u0103tr\u00e2nirii premature \u0219i a altor afec\u021biuni cauzate de expunerea la soare. Tenul delicat al fe\u021bei este mult mai sensibil dec\u00e2t pielea celorlalte zone ale corpului \u0219i este expus la razele soarelui pe tot parcursul anului \u2013 de...\" \/>\n<meta property=\"og:url\" content=\"https:\/\/shopatoa.com\/ro\/real-barrier-peach-fit-tone-up-sun-cream-crema-de-fata-cu-efect-de-protectie-spf-50-50-ml\/\" \/>\n<meta property=\"og:site_name\" content=\"SHOPATOA\" \/>\n<meta property=\"article:modified_time\" content=\"2026-02-04T22:57:31+00:00\" \/>\n<meta property=\"og:image\" content=\"https:\/\/storage.googleapis.com\/cz-shopatoa-img\/ro\/4decba64-unnamed-file.webp\" \/>\n\t<meta property=\"og:image:width\" content=\"800\" \/>\n\t<meta property=\"og:image:height\" content=\"800\" \/>\n\t<meta property=\"og:image:type\" content=\"image\/webp\" \/>\n<meta name=\"twitter:card\" content=\"summary_large_image\" \/>\n<meta name=\"twitter:label1\" content=\"Timp estimat pentru citire\" \/>\n\t<meta name=\"twitter:data1\" content=\"2 minute\" \/>\n<script type=\"application\/ld+json\" class=\"yoast-schema-graph\">{\"@context\":\"https:\\\/\\\/schema.org\",\"@graph\":[{\"@type\":\"WebPage\",\"@id\":\"https:\\\/\\\/shopatoa.com\\\/ro\\\/real-barrier-peach-fit-tone-up-sun-cream-crema-de-fata-cu-efect-de-protectie-spf-50-50-ml\\\/\",\"url\":\"https:\\\/\\\/shopatoa.com\\\/ro\\\/real-barrier-peach-fit-tone-up-sun-cream-crema-de-fata-cu-efect-de-protectie-spf-50-50-ml\\\/\",\"name\":\"Real Barrier Peach Fit Tone-Up Sun Cream crema de fata cu efect de protectie SPF 50+ 50 ml - SHOPATOA.COM\",\"isPartOf\":{\"@id\":\"https:\\\/\\\/shopatoa.com\\\/ro\\\/#website\"},\"primaryImageOfPage\":{\"@id\":\"https:\\\/\\\/shopatoa.com\\\/ro\\\/real-barrier-peach-fit-tone-up-sun-cream-crema-de-fata-cu-efect-de-protectie-spf-50-50-ml\\\/#primaryimage\"},\"image\":{\"@id\":\"https:\\\/\\\/shopatoa.com\\\/ro\\\/real-barrier-peach-fit-tone-up-sun-cream-crema-de-fata-cu-efect-de-protectie-spf-50-50-ml\\\/#primaryimage\"},\"thumbnailUrl\":\"https:\\\/\\\/storage.googleapis.com\\\/cz-shopatoa-img\\\/ro\\\/4decba64-unnamed-file.webp\",\"datePublished\":\"2025-06-25T01:24:25+00:00\",\"dateModified\":\"2026-02-04T22:57:31+00:00\",\"breadcrumb\":{\"@id\":\"https:\\\/\\\/shopatoa.com\\\/ro\\\/real-barrier-peach-fit-tone-up-sun-cream-crema-de-fata-cu-efect-de-protectie-spf-50-50-ml\\\/#breadcrumb\"},\"inLanguage\":\"ro-RO\",\"potentialAction\":[{\"@type\":\"ReadAction\",\"target\":[\"https:\\\/\\\/shopatoa.com\\\/ro\\\/real-barrier-peach-fit-tone-up-sun-cream-crema-de-fata-cu-efect-de-protectie-spf-50-50-ml\\\/\"]}]},{\"@type\":\"ImageObject\",\"inLanguage\":\"ro-RO\",\"@id\":\"https:\\\/\\\/shopatoa.com\\\/ro\\\/real-barrier-peach-fit-tone-up-sun-cream-crema-de-fata-cu-efect-de-protectie-spf-50-50-ml\\\/#primaryimage\",\"url\":\"https:\\\/\\\/storage.googleapis.com\\\/cz-shopatoa-img\\\/ro\\\/4decba64-unnamed-file.webp\",\"contentUrl\":\"https:\\\/\\\/storage.googleapis.com\\\/cz-shopatoa-img\\\/ro\\\/4decba64-unnamed-file.webp\",\"width\":800,\"height\":800},{\"@type\":\"BreadcrumbList\",\"@id\":\"https:\\\/\\\/shopatoa.com\\\/ro\\\/real-barrier-peach-fit-tone-up-sun-cream-crema-de-fata-cu-efect-de-protectie-spf-50-50-ml\\\/#breadcrumb\",\"itemListElement\":[{\"@type\":\"ListItem\",\"position\":1,\"name\":\"Dom\u016f\",\"item\":\"https:\\\/\\\/shopatoa.com\\\/ro\\\/\"},{\"@type\":\"ListItem\",\"position\":2,\"name\":\"Shop\",\"item\":\"https:\\\/\\\/shopatoa.com\\\/ro\\\/shop\\\/\"},{\"@type\":\"ListItem\",\"position\":3,\"name\":\"S\u0103n\u0103tate \u0219i frumuse\u021be\",\"item\":\"https:\\\/\\\/shopatoa.com\\\/ro\\\/sanatate-si-frumusete\\\/\"},{\"@type\":\"ListItem\",\"position\":4,\"name\":\"\u00cengrijire personal\u0103\",\"item\":\"https:\\\/\\\/shopatoa.com\\\/ro\\\/ingrijire-personala\\\/\"},{\"@type\":\"ListItem\",\"position\":5,\"name\":\"Cosmetice\",\"item\":\"https:\\\/\\\/shopatoa.com\\\/ro\\\/cosmetice-ingrijire-personala\\\/\"},{\"@type\":\"ListItem\",\"position\":6,\"name\":\"\u00cengrijirea pielii\",\"item\":\"https:\\\/\\\/shopatoa.com\\\/ro\\\/ingrijirea-pielii\\\/\"},{\"@type\":\"ListItem\",\"position\":7,\"name\":\"Real Barrier Peach Fit Tone-Up Sun Cream crema de fata cu efect de protectie SPF 50+ 50 ml\"}]},{\"@type\":\"WebSite\",\"@id\":\"https:\\\/\\\/shopatoa.com\\\/ro\\\/#website\",\"url\":\"https:\\\/\\\/shopatoa.com\\\/ro\\\/\",\"name\":\"SHOPATOA\",\"description\":\"\",\"publisher\":{\"@id\":\"https:\\\/\\\/shopatoa.com\\\/ro\\\/#organization\"},\"potentialAction\":[{\"@type\":\"SearchAction\",\"target\":{\"@type\":\"EntryPoint\",\"urlTemplate\":\"https:\\\/\\\/shopatoa.com\\\/ro\\\/?s={search_term_string}\"},\"query-input\":{\"@type\":\"PropertyValueSpecification\",\"valueRequired\":true,\"valueName\":\"search_term_string\"}}],\"inLanguage\":\"ro-RO\"},{\"@type\":\"Organization\",\"@id\":\"https:\\\/\\\/shopatoa.com\\\/ro\\\/#organization\",\"name\":\"SHOPATOA\",\"url\":\"https:\\\/\\\/shopatoa.com\\\/ro\\\/\",\"logo\":{\"@type\":\"ImageObject\",\"inLanguage\":\"ro-RO\",\"@id\":\"https:\\\/\\\/shopatoa.com\\\/ro\\\/#\\\/schema\\\/logo\\\/image\\\/\",\"url\":\"https:\\\/\\\/storage.googleapis.com\\\/cz-shopatoa-img\\\/ro\\\/b4dac915-shopatoa_logo.png\",\"contentUrl\":\"https:\\\/\\\/storage.googleapis.com\\\/cz-shopatoa-img\\\/ro\\\/b4dac915-shopatoa_logo.png\",\"width\":416,\"height\":63,\"caption\":\"SHOPATOA\"},\"image\":{\"@id\":\"https:\\\/\\\/shopatoa.com\\\/ro\\\/#\\\/schema\\\/logo\\\/image\\\/\"}}]}<\/script>\n<!-- \/ Yoast SEO plugin. -->","yoast_head_json":{"title":"Real Barrier Peach Fit Tone-Up Sun Cream crema de fata cu efect de protectie SPF 50+ 50 ml - SHOPATOA.COM","robots":{"index":"index","follow":"follow","max-snippet":"max-snippet:-1","max-image-preview":"max-image-preview:large","max-video-preview":"max-video-preview:-1"},"canonical":"https:\/\/shopatoa.com\/ro\/real-barrier-peach-fit-tone-up-sun-cream-crema-de-fata-cu-efect-de-protectie-spf-50-50-ml\/","og_locale":"ro_RO","og_type":"article","og_title":"Real Barrier Peach Fit Tone-Up Sun Cream crema de fata cu efect de protectie SPF 50+ 50 ml - SHOPATOA.COM","og_description":"Real Barrier Peach Fit Tone-Up Sun Cream, 50 ml, Protec\u021bie contra radia\u021biilor solare pentru femei, Proteja\u021bi-v\u0103 tenul \u00eempotriva \u00eemb\u0103tr\u00e2nirii premature \u0219i a altor afec\u021biuni cauzate de expunerea la soare. Tenul delicat al fe\u021bei este mult mai sensibil dec\u00e2t pielea celorlalte zone ale corpului \u0219i este expus la razele soarelui pe tot parcursul anului \u2013 de...","og_url":"https:\/\/shopatoa.com\/ro\/real-barrier-peach-fit-tone-up-sun-cream-crema-de-fata-cu-efect-de-protectie-spf-50-50-ml\/","og_site_name":"SHOPATOA","article_modified_time":"2026-02-04T22:57:31+00:00","og_image":[{"width":800,"height":800,"url":"https:\/\/storage.googleapis.com\/cz-shopatoa-img\/ro\/4decba64-unnamed-file.webp","type":"image\/webp"}],"twitter_card":"summary_large_image","twitter_misc":{"Timp estimat pentru citire":"2 minute"},"schema":{"@context":"https:\/\/schema.org","@graph":[{"@type":"WebPage","@id":"https:\/\/shopatoa.com\/ro\/real-barrier-peach-fit-tone-up-sun-cream-crema-de-fata-cu-efect-de-protectie-spf-50-50-ml\/","url":"https:\/\/shopatoa.com\/ro\/real-barrier-peach-fit-tone-up-sun-cream-crema-de-fata-cu-efect-de-protectie-spf-50-50-ml\/","name":"Real Barrier Peach Fit Tone-Up Sun Cream crema de fata cu efect de protectie SPF 50+ 50 ml - SHOPATOA.COM","isPartOf":{"@id":"https:\/\/shopatoa.com\/ro\/#website"},"primaryImageOfPage":{"@id":"https:\/\/shopatoa.com\/ro\/real-barrier-peach-fit-tone-up-sun-cream-crema-de-fata-cu-efect-de-protectie-spf-50-50-ml\/#primaryimage"},"image":{"@id":"https:\/\/shopatoa.com\/ro\/real-barrier-peach-fit-tone-up-sun-cream-crema-de-fata-cu-efect-de-protectie-spf-50-50-ml\/#primaryimage"},"thumbnailUrl":"https:\/\/storage.googleapis.com\/cz-shopatoa-img\/ro\/4decba64-unnamed-file.webp","datePublished":"2025-06-25T01:24:25+00:00","dateModified":"2026-02-04T22:57:31+00:00","breadcrumb":{"@id":"https:\/\/shopatoa.com\/ro\/real-barrier-peach-fit-tone-up-sun-cream-crema-de-fata-cu-efect-de-protectie-spf-50-50-ml\/#breadcrumb"},"inLanguage":"ro-RO","potentialAction":[{"@type":"ReadAction","target":["https:\/\/shopatoa.com\/ro\/real-barrier-peach-fit-tone-up-sun-cream-crema-de-fata-cu-efect-de-protectie-spf-50-50-ml\/"]}]},{"@type":"ImageObject","inLanguage":"ro-RO","@id":"https:\/\/shopatoa.com\/ro\/real-barrier-peach-fit-tone-up-sun-cream-crema-de-fata-cu-efect-de-protectie-spf-50-50-ml\/#primaryimage","url":"https:\/\/storage.googleapis.com\/cz-shopatoa-img\/ro\/4decba64-unnamed-file.webp","contentUrl":"https:\/\/storage.googleapis.com\/cz-shopatoa-img\/ro\/4decba64-unnamed-file.webp","width":800,"height":800},{"@type":"BreadcrumbList","@id":"https:\/\/shopatoa.com\/ro\/real-barrier-peach-fit-tone-up-sun-cream-crema-de-fata-cu-efect-de-protectie-spf-50-50-ml\/#breadcrumb","itemListElement":[{"@type":"ListItem","position":1,"name":"Dom\u016f","item":"https:\/\/shopatoa.com\/ro\/"},{"@type":"ListItem","position":2,"name":"Shop","item":"https:\/\/shopatoa.com\/ro\/shop\/"},{"@type":"ListItem","position":3,"name":"S\u0103n\u0103tate \u0219i frumuse\u021be","item":"https:\/\/shopatoa.com\/ro\/sanatate-si-frumusete\/"},{"@type":"ListItem","position":4,"name":"\u00cengrijire personal\u0103","item":"https:\/\/shopatoa.com\/ro\/ingrijire-personala\/"},{"@type":"ListItem","position":5,"name":"Cosmetice","item":"https:\/\/shopatoa.com\/ro\/cosmetice-ingrijire-personala\/"},{"@type":"ListItem","position":6,"name":"\u00cengrijirea pielii","item":"https:\/\/shopatoa.com\/ro\/ingrijirea-pielii\/"},{"@type":"ListItem","position":7,"name":"Real Barrier Peach Fit Tone-Up Sun Cream crema de fata cu efect de protectie SPF 50+ 50 ml"}]},{"@type":"WebSite","@id":"https:\/\/shopatoa.com\/ro\/#website","url":"https:\/\/shopatoa.com\/ro\/","name":"SHOPATOA","description":"","publisher":{"@id":"https:\/\/shopatoa.com\/ro\/#organization"},"potentialAction":[{"@type":"SearchAction","target":{"@type":"EntryPoint","urlTemplate":"https:\/\/shopatoa.com\/ro\/?s={search_term_string}"},"query-input":{"@type":"PropertyValueSpecification","valueRequired":true,"valueName":"search_term_string"}}],"inLanguage":"ro-RO"},{"@type":"Organization","@id":"https:\/\/shopatoa.com\/ro\/#organization","name":"SHOPATOA","url":"https:\/\/shopatoa.com\/ro\/","logo":{"@type":"ImageObject","inLanguage":"ro-RO","@id":"https:\/\/shopatoa.com\/ro\/#\/schema\/logo\/image\/","url":"https:\/\/storage.googleapis.com\/cz-shopatoa-img\/ro\/b4dac915-shopatoa_logo.png","contentUrl":"https:\/\/storage.googleapis.com\/cz-shopatoa-img\/ro\/b4dac915-shopatoa_logo.png","width":416,"height":63,"caption":"SHOPATOA"},"image":{"@id":"https:\/\/shopatoa.com\/ro\/#\/schema\/logo\/image\/"}}]}},"_links":{"self":[{"href":"https:\/\/shopatoa.com\/ro\/wp-json\/wp\/v2\/product\/449791","targetHints":{"allow":["GET"]}}],"collection":[{"href":"https:\/\/shopatoa.com\/ro\/wp-json\/wp\/v2\/product"}],"about":[{"href":"https:\/\/shopatoa.com\/ro\/wp-json\/wp\/v2\/types\/product"}],"replies":[{"embeddable":true,"href":"https:\/\/shopatoa.com\/ro\/wp-json\/wp\/v2\/comments?post=449791"}],"wp:featuredmedia":[{"embeddable":true,"href":"https:\/\/shopatoa.com\/ro\/wp-json\/wp\/v2\/media\/449792"}],"wp:attachment":[{"href":"https:\/\/shopatoa.com\/ro\/wp-json\/wp\/v2\/media?parent=449791"}],"wp:term":[{"taxonomy":"product_brand","embeddable":true,"href":"https:\/\/shopatoa.com\/ro\/wp-json\/wp\/v2\/product_brand?post=449791"},{"taxonomy":"product_cat","embeddable":true,"href":"https:\/\/shopatoa.com\/ro\/wp-json\/wp\/v2\/product_cat?post=449791"},{"taxonomy":"product_tag","embeddable":true,"href":"https:\/\/shopatoa.com\/ro\/wp-json\/wp\/v2\/product_tag?post=449791"}],"curies":[{"name":"wp","href":"https:\/\/api.w.org\/{rel}","templated":true}]}}