{"id":449853,"date":"2025-06-25T03:31:02","date_gmt":"2025-06-25T01:31:02","guid":{"rendered":"https:\/\/shopatoa.com\/ro\/noreva-trio-white-xp-anti-dark-spot-eye-contour-care-ser-de-noapte-impotriva-cearcanelor-10-ml\/"},"modified":"2026-02-04T23:48:03","modified_gmt":"2026-02-04T22:48:03","slug":"noreva-trio-white-xp-anti-dark-spot-eye-contour-care-ser-de-noapte-impotriva-cearcanelor-10-ml","status":"publish","type":"product","link":"https:\/\/shopatoa.com\/ro\/noreva-trio-white-xp-anti-dark-spot-eye-contour-care-ser-de-noapte-impotriva-cearcanelor-10-ml\/","title":{"rendered":"Noreva Trio White XP Anti-Dark Spot Eye Contour Care ser de noapte impotriva cearcanelor 10 ml"},"content":{"rendered":"<p>Noreva Trio White XP Anti-Dark Spot Eye Contour Care, 10 ml, Ser pentru ochi pentru femei, Serul pentru ochi Noreva Trio White XP hr\u0103ne\u0219te intens pielea din jurul ochilor, conferindu-i un aspect tineresc.  Caracteristici:  elimin\u0103 pungile \u0219i cercurile \u00eentunecate de sub ochi combate \u00eemb\u0103tr\u00e2nirea pielii neteze\u0219te eficient liniile \u0219i ridurile fine d\u0103 pielii un aspect proasp\u0103t \u0219i odihnit are efect de lifting  Ingrediente:  vitamina C \u2013 ofer\u0103 protec\u021bie antioxidant\u0103 \u00eempotriva deterior\u0103rii cauzate de radicalii liberi, combate petele pigmentare, uniformizeaz\u0103 nuan\u021ba \u0219i spore\u0219te aspectul radiant al pielii, favorizeaz\u0103 produc\u021bia de colagen, \u00eencetinind astfel procesul de \u00eemb\u0103tr\u00e2nire acid hialuronic \u2013 leag\u0103 o cantitate mare de ap\u0103 \u0219i hidrateaz\u0103 intens  Cum se utilizeaz\u0103: Se aplic\u0103 pe zona curat\u0103 din jurul ochilor \u0219i se tapoteaz\u0103 u\u0219or, cu v\u00e2rfurile degetelor.<\/p>\n","protected":false},"excerpt":{"rendered":"<p>Noreva Trio White XP Anti-Dark Spot Eye Contour Care, 10 ml, Ser pentru ochi pentru femei, Serul pentru ochi Noreva Trio White XP hr\u0103ne\u0219te intens pielea din jurul ochilor, conferindu-i un aspect tineresc. Caracteristici: elimin\u0103 pungile \u0219i cercurile \u00eentunecate de sub ochi combate \u00eemb\u0103tr\u00e2nirea pielii neteze\u0219te eficient liniile \u0219i ridurile fine d\u0103 pielii un aspect&#8230;<\/p>\n","protected":false},"featured_media":449854,"comment_status":"closed","ping_status":"open","template":"","meta":{"_acf_changed":false,"_kadence_starter_templates_imported_post":false,"_kad_post_transparent":"","_kad_post_title":"","_kad_post_layout":"","_kad_post_sidebar_id":"","_kad_post_content_style":"","_kad_post_vertical_padding":"","_kad_post_feature":"","_kad_post_feature_position":"","_kad_post_header":false,"_kad_post_footer":false,"_kad_post_classname":""},"product_brand":[2489],"product_cat":[1564,1563,1565,1562],"product_tag":[],"class_list":{"0":"post-449853","1":"product","2":"type-product","3":"status-publish","4":"has-post-thumbnail","6":"product_brand-noreva","7":"product_cat-cosmetice-ingrijire-personala","8":"product_cat-ingrijire-personala","9":"product_cat-ingrijirea-pielii","10":"product_cat-sanatate-si-frumusete","11":"pa_gen-female","12":"pa_marime-10-ml","14":"first","15":"instock","16":"product-type-external","17":"entry","18":"content-bg","19":"loop-entry"},"acf":[],"yoast_head":"<!-- This site is optimized with the Yoast SEO plugin v27.4 - https:\/\/yoast.com\/product\/yoast-seo-wordpress\/ -->\n<title>Noreva Trio White XP Anti-Dark Spot Eye Contour Care ser de noapte impotriva cearcanelor 10 ml - SHOPATOA.COM<\/title>\n<meta name=\"robots\" content=\"index, follow, max-snippet:-1, max-image-preview:large, max-video-preview:-1\" \/>\n<link rel=\"canonical\" href=\"https:\/\/shopatoa.com\/ro\/noreva-trio-white-xp-anti-dark-spot-eye-contour-care-ser-de-noapte-impotriva-cearcanelor-10-ml\/\" \/>\n<meta property=\"og:locale\" content=\"ro_RO\" \/>\n<meta property=\"og:type\" content=\"article\" \/>\n<meta property=\"og:title\" content=\"Noreva Trio White XP Anti-Dark Spot Eye Contour Care ser de noapte impotriva cearcanelor 10 ml - SHOPATOA.COM\" \/>\n<meta property=\"og:description\" content=\"Noreva Trio White XP Anti-Dark Spot Eye Contour Care, 10 ml, Ser pentru ochi pentru femei, Serul pentru ochi Noreva Trio White XP hr\u0103ne\u0219te intens pielea din jurul ochilor, conferindu-i un aspect tineresc. Caracteristici: elimin\u0103 pungile \u0219i cercurile \u00eentunecate de sub ochi combate \u00eemb\u0103tr\u00e2nirea pielii neteze\u0219te eficient liniile \u0219i ridurile fine d\u0103 pielii un aspect...\" \/>\n<meta property=\"og:url\" content=\"https:\/\/shopatoa.com\/ro\/noreva-trio-white-xp-anti-dark-spot-eye-contour-care-ser-de-noapte-impotriva-cearcanelor-10-ml\/\" \/>\n<meta property=\"og:site_name\" content=\"SHOPATOA\" \/>\n<meta property=\"article:modified_time\" content=\"2026-02-04T22:48:03+00:00\" \/>\n<meta property=\"og:image\" content=\"https:\/\/storage.googleapis.com\/cz-shopatoa-img\/ro\/bdcb664f-unnamed-file.webp\" \/>\n\t<meta property=\"og:image:width\" content=\"800\" \/>\n\t<meta property=\"og:image:height\" content=\"800\" \/>\n\t<meta property=\"og:image:type\" content=\"image\/webp\" \/>\n<meta name=\"twitter:card\" content=\"summary_large_image\" \/>\n<meta name=\"twitter:label1\" content=\"Timp estimat pentru citire\" \/>\n\t<meta name=\"twitter:data1\" content=\"1 minut\" \/>\n<script type=\"application\/ld+json\" class=\"yoast-schema-graph\">{\"@context\":\"https:\\\/\\\/schema.org\",\"@graph\":[{\"@type\":\"WebPage\",\"@id\":\"https:\\\/\\\/shopatoa.com\\\/ro\\\/noreva-trio-white-xp-anti-dark-spot-eye-contour-care-ser-de-noapte-impotriva-cearcanelor-10-ml\\\/\",\"url\":\"https:\\\/\\\/shopatoa.com\\\/ro\\\/noreva-trio-white-xp-anti-dark-spot-eye-contour-care-ser-de-noapte-impotriva-cearcanelor-10-ml\\\/\",\"name\":\"Noreva Trio White XP Anti-Dark Spot Eye Contour Care ser de noapte impotriva cearcanelor 10 ml - SHOPATOA.COM\",\"isPartOf\":{\"@id\":\"https:\\\/\\\/shopatoa.com\\\/ro\\\/#website\"},\"primaryImageOfPage\":{\"@id\":\"https:\\\/\\\/shopatoa.com\\\/ro\\\/noreva-trio-white-xp-anti-dark-spot-eye-contour-care-ser-de-noapte-impotriva-cearcanelor-10-ml\\\/#primaryimage\"},\"image\":{\"@id\":\"https:\\\/\\\/shopatoa.com\\\/ro\\\/noreva-trio-white-xp-anti-dark-spot-eye-contour-care-ser-de-noapte-impotriva-cearcanelor-10-ml\\\/#primaryimage\"},\"thumbnailUrl\":\"https:\\\/\\\/storage.googleapis.com\\\/cz-shopatoa-img\\\/ro\\\/bdcb664f-unnamed-file.webp\",\"datePublished\":\"2025-06-25T01:31:02+00:00\",\"dateModified\":\"2026-02-04T22:48:03+00:00\",\"breadcrumb\":{\"@id\":\"https:\\\/\\\/shopatoa.com\\\/ro\\\/noreva-trio-white-xp-anti-dark-spot-eye-contour-care-ser-de-noapte-impotriva-cearcanelor-10-ml\\\/#breadcrumb\"},\"inLanguage\":\"ro-RO\",\"potentialAction\":[{\"@type\":\"ReadAction\",\"target\":[\"https:\\\/\\\/shopatoa.com\\\/ro\\\/noreva-trio-white-xp-anti-dark-spot-eye-contour-care-ser-de-noapte-impotriva-cearcanelor-10-ml\\\/\"]}]},{\"@type\":\"ImageObject\",\"inLanguage\":\"ro-RO\",\"@id\":\"https:\\\/\\\/shopatoa.com\\\/ro\\\/noreva-trio-white-xp-anti-dark-spot-eye-contour-care-ser-de-noapte-impotriva-cearcanelor-10-ml\\\/#primaryimage\",\"url\":\"https:\\\/\\\/storage.googleapis.com\\\/cz-shopatoa-img\\\/ro\\\/bdcb664f-unnamed-file.webp\",\"contentUrl\":\"https:\\\/\\\/storage.googleapis.com\\\/cz-shopatoa-img\\\/ro\\\/bdcb664f-unnamed-file.webp\",\"width\":800,\"height\":800},{\"@type\":\"BreadcrumbList\",\"@id\":\"https:\\\/\\\/shopatoa.com\\\/ro\\\/noreva-trio-white-xp-anti-dark-spot-eye-contour-care-ser-de-noapte-impotriva-cearcanelor-10-ml\\\/#breadcrumb\",\"itemListElement\":[{\"@type\":\"ListItem\",\"position\":1,\"name\":\"Dom\u016f\",\"item\":\"https:\\\/\\\/shopatoa.com\\\/ro\\\/\"},{\"@type\":\"ListItem\",\"position\":2,\"name\":\"Shop\",\"item\":\"https:\\\/\\\/shopatoa.com\\\/ro\\\/shop\\\/\"},{\"@type\":\"ListItem\",\"position\":3,\"name\":\"S\u0103n\u0103tate \u0219i frumuse\u021be\",\"item\":\"https:\\\/\\\/shopatoa.com\\\/ro\\\/sanatate-si-frumusete\\\/\"},{\"@type\":\"ListItem\",\"position\":4,\"name\":\"\u00cengrijire personal\u0103\",\"item\":\"https:\\\/\\\/shopatoa.com\\\/ro\\\/ingrijire-personala\\\/\"},{\"@type\":\"ListItem\",\"position\":5,\"name\":\"Cosmetice\",\"item\":\"https:\\\/\\\/shopatoa.com\\\/ro\\\/cosmetice-ingrijire-personala\\\/\"},{\"@type\":\"ListItem\",\"position\":6,\"name\":\"\u00cengrijirea pielii\",\"item\":\"https:\\\/\\\/shopatoa.com\\\/ro\\\/ingrijirea-pielii\\\/\"},{\"@type\":\"ListItem\",\"position\":7,\"name\":\"Noreva Trio White XP Anti-Dark Spot Eye Contour Care ser de noapte impotriva cearcanelor 10 ml\"}]},{\"@type\":\"WebSite\",\"@id\":\"https:\\\/\\\/shopatoa.com\\\/ro\\\/#website\",\"url\":\"https:\\\/\\\/shopatoa.com\\\/ro\\\/\",\"name\":\"SHOPATOA\",\"description\":\"\",\"publisher\":{\"@id\":\"https:\\\/\\\/shopatoa.com\\\/ro\\\/#organization\"},\"potentialAction\":[{\"@type\":\"SearchAction\",\"target\":{\"@type\":\"EntryPoint\",\"urlTemplate\":\"https:\\\/\\\/shopatoa.com\\\/ro\\\/?s={search_term_string}\"},\"query-input\":{\"@type\":\"PropertyValueSpecification\",\"valueRequired\":true,\"valueName\":\"search_term_string\"}}],\"inLanguage\":\"ro-RO\"},{\"@type\":\"Organization\",\"@id\":\"https:\\\/\\\/shopatoa.com\\\/ro\\\/#organization\",\"name\":\"SHOPATOA\",\"url\":\"https:\\\/\\\/shopatoa.com\\\/ro\\\/\",\"logo\":{\"@type\":\"ImageObject\",\"inLanguage\":\"ro-RO\",\"@id\":\"https:\\\/\\\/shopatoa.com\\\/ro\\\/#\\\/schema\\\/logo\\\/image\\\/\",\"url\":\"https:\\\/\\\/storage.googleapis.com\\\/cz-shopatoa-img\\\/ro\\\/b4dac915-shopatoa_logo.png\",\"contentUrl\":\"https:\\\/\\\/storage.googleapis.com\\\/cz-shopatoa-img\\\/ro\\\/b4dac915-shopatoa_logo.png\",\"width\":416,\"height\":63,\"caption\":\"SHOPATOA\"},\"image\":{\"@id\":\"https:\\\/\\\/shopatoa.com\\\/ro\\\/#\\\/schema\\\/logo\\\/image\\\/\"}}]}<\/script>\n<!-- \/ Yoast SEO plugin. -->","yoast_head_json":{"title":"Noreva Trio White XP Anti-Dark Spot Eye Contour Care ser de noapte impotriva cearcanelor 10 ml - SHOPATOA.COM","robots":{"index":"index","follow":"follow","max-snippet":"max-snippet:-1","max-image-preview":"max-image-preview:large","max-video-preview":"max-video-preview:-1"},"canonical":"https:\/\/shopatoa.com\/ro\/noreva-trio-white-xp-anti-dark-spot-eye-contour-care-ser-de-noapte-impotriva-cearcanelor-10-ml\/","og_locale":"ro_RO","og_type":"article","og_title":"Noreva Trio White XP Anti-Dark Spot Eye Contour Care ser de noapte impotriva cearcanelor 10 ml - SHOPATOA.COM","og_description":"Noreva Trio White XP Anti-Dark Spot Eye Contour Care, 10 ml, Ser pentru ochi pentru femei, Serul pentru ochi Noreva Trio White XP hr\u0103ne\u0219te intens pielea din jurul ochilor, conferindu-i un aspect tineresc. Caracteristici: elimin\u0103 pungile \u0219i cercurile \u00eentunecate de sub ochi combate \u00eemb\u0103tr\u00e2nirea pielii neteze\u0219te eficient liniile \u0219i ridurile fine d\u0103 pielii un aspect...","og_url":"https:\/\/shopatoa.com\/ro\/noreva-trio-white-xp-anti-dark-spot-eye-contour-care-ser-de-noapte-impotriva-cearcanelor-10-ml\/","og_site_name":"SHOPATOA","article_modified_time":"2026-02-04T22:48:03+00:00","og_image":[{"width":800,"height":800,"url":"https:\/\/storage.googleapis.com\/cz-shopatoa-img\/ro\/bdcb664f-unnamed-file.webp","type":"image\/webp"}],"twitter_card":"summary_large_image","twitter_misc":{"Timp estimat pentru citire":"1 minut"},"schema":{"@context":"https:\/\/schema.org","@graph":[{"@type":"WebPage","@id":"https:\/\/shopatoa.com\/ro\/noreva-trio-white-xp-anti-dark-spot-eye-contour-care-ser-de-noapte-impotriva-cearcanelor-10-ml\/","url":"https:\/\/shopatoa.com\/ro\/noreva-trio-white-xp-anti-dark-spot-eye-contour-care-ser-de-noapte-impotriva-cearcanelor-10-ml\/","name":"Noreva Trio White XP Anti-Dark Spot Eye Contour Care ser de noapte impotriva cearcanelor 10 ml - SHOPATOA.COM","isPartOf":{"@id":"https:\/\/shopatoa.com\/ro\/#website"},"primaryImageOfPage":{"@id":"https:\/\/shopatoa.com\/ro\/noreva-trio-white-xp-anti-dark-spot-eye-contour-care-ser-de-noapte-impotriva-cearcanelor-10-ml\/#primaryimage"},"image":{"@id":"https:\/\/shopatoa.com\/ro\/noreva-trio-white-xp-anti-dark-spot-eye-contour-care-ser-de-noapte-impotriva-cearcanelor-10-ml\/#primaryimage"},"thumbnailUrl":"https:\/\/storage.googleapis.com\/cz-shopatoa-img\/ro\/bdcb664f-unnamed-file.webp","datePublished":"2025-06-25T01:31:02+00:00","dateModified":"2026-02-04T22:48:03+00:00","breadcrumb":{"@id":"https:\/\/shopatoa.com\/ro\/noreva-trio-white-xp-anti-dark-spot-eye-contour-care-ser-de-noapte-impotriva-cearcanelor-10-ml\/#breadcrumb"},"inLanguage":"ro-RO","potentialAction":[{"@type":"ReadAction","target":["https:\/\/shopatoa.com\/ro\/noreva-trio-white-xp-anti-dark-spot-eye-contour-care-ser-de-noapte-impotriva-cearcanelor-10-ml\/"]}]},{"@type":"ImageObject","inLanguage":"ro-RO","@id":"https:\/\/shopatoa.com\/ro\/noreva-trio-white-xp-anti-dark-spot-eye-contour-care-ser-de-noapte-impotriva-cearcanelor-10-ml\/#primaryimage","url":"https:\/\/storage.googleapis.com\/cz-shopatoa-img\/ro\/bdcb664f-unnamed-file.webp","contentUrl":"https:\/\/storage.googleapis.com\/cz-shopatoa-img\/ro\/bdcb664f-unnamed-file.webp","width":800,"height":800},{"@type":"BreadcrumbList","@id":"https:\/\/shopatoa.com\/ro\/noreva-trio-white-xp-anti-dark-spot-eye-contour-care-ser-de-noapte-impotriva-cearcanelor-10-ml\/#breadcrumb","itemListElement":[{"@type":"ListItem","position":1,"name":"Dom\u016f","item":"https:\/\/shopatoa.com\/ro\/"},{"@type":"ListItem","position":2,"name":"Shop","item":"https:\/\/shopatoa.com\/ro\/shop\/"},{"@type":"ListItem","position":3,"name":"S\u0103n\u0103tate \u0219i frumuse\u021be","item":"https:\/\/shopatoa.com\/ro\/sanatate-si-frumusete\/"},{"@type":"ListItem","position":4,"name":"\u00cengrijire personal\u0103","item":"https:\/\/shopatoa.com\/ro\/ingrijire-personala\/"},{"@type":"ListItem","position":5,"name":"Cosmetice","item":"https:\/\/shopatoa.com\/ro\/cosmetice-ingrijire-personala\/"},{"@type":"ListItem","position":6,"name":"\u00cengrijirea pielii","item":"https:\/\/shopatoa.com\/ro\/ingrijirea-pielii\/"},{"@type":"ListItem","position":7,"name":"Noreva Trio White XP Anti-Dark Spot Eye Contour Care ser de noapte impotriva cearcanelor 10 ml"}]},{"@type":"WebSite","@id":"https:\/\/shopatoa.com\/ro\/#website","url":"https:\/\/shopatoa.com\/ro\/","name":"SHOPATOA","description":"","publisher":{"@id":"https:\/\/shopatoa.com\/ro\/#organization"},"potentialAction":[{"@type":"SearchAction","target":{"@type":"EntryPoint","urlTemplate":"https:\/\/shopatoa.com\/ro\/?s={search_term_string}"},"query-input":{"@type":"PropertyValueSpecification","valueRequired":true,"valueName":"search_term_string"}}],"inLanguage":"ro-RO"},{"@type":"Organization","@id":"https:\/\/shopatoa.com\/ro\/#organization","name":"SHOPATOA","url":"https:\/\/shopatoa.com\/ro\/","logo":{"@type":"ImageObject","inLanguage":"ro-RO","@id":"https:\/\/shopatoa.com\/ro\/#\/schema\/logo\/image\/","url":"https:\/\/storage.googleapis.com\/cz-shopatoa-img\/ro\/b4dac915-shopatoa_logo.png","contentUrl":"https:\/\/storage.googleapis.com\/cz-shopatoa-img\/ro\/b4dac915-shopatoa_logo.png","width":416,"height":63,"caption":"SHOPATOA"},"image":{"@id":"https:\/\/shopatoa.com\/ro\/#\/schema\/logo\/image\/"}}]}},"_links":{"self":[{"href":"https:\/\/shopatoa.com\/ro\/wp-json\/wp\/v2\/product\/449853","targetHints":{"allow":["GET"]}}],"collection":[{"href":"https:\/\/shopatoa.com\/ro\/wp-json\/wp\/v2\/product"}],"about":[{"href":"https:\/\/shopatoa.com\/ro\/wp-json\/wp\/v2\/types\/product"}],"replies":[{"embeddable":true,"href":"https:\/\/shopatoa.com\/ro\/wp-json\/wp\/v2\/comments?post=449853"}],"wp:featuredmedia":[{"embeddable":true,"href":"https:\/\/shopatoa.com\/ro\/wp-json\/wp\/v2\/media\/449854"}],"wp:attachment":[{"href":"https:\/\/shopatoa.com\/ro\/wp-json\/wp\/v2\/media?parent=449853"}],"wp:term":[{"taxonomy":"product_brand","embeddable":true,"href":"https:\/\/shopatoa.com\/ro\/wp-json\/wp\/v2\/product_brand?post=449853"},{"taxonomy":"product_cat","embeddable":true,"href":"https:\/\/shopatoa.com\/ro\/wp-json\/wp\/v2\/product_cat?post=449853"},{"taxonomy":"product_tag","embeddable":true,"href":"https:\/\/shopatoa.com\/ro\/wp-json\/wp\/v2\/product_tag?post=449853"}],"curies":[{"name":"wp","href":"https:\/\/api.w.org\/{rel}","templated":true}]}}