{"id":450163,"date":"2025-06-25T03:58:14","date_gmt":"2025-06-25T01:58:14","guid":{"rendered":"https:\/\/shopatoa.com\/ro\/philips-series-9000-bre740-90-beauty-set-set-pentru-epilare\/"},"modified":"2026-02-04T23:01:10","modified_gmt":"2026-02-04T22:01:10","slug":"philips-series-9000-bre740-90-beauty-set-set-pentru-epilare","status":"publish","type":"product","link":"https:\/\/shopatoa.com\/ro\/philips-series-9000-bre740-90-beauty-set-set-pentru-epilare\/","title":{"rendered":"Philips Series 9000 BRE740\/90 Beauty Set set pentru epilare"},"content":{"rendered":"<p>Philips Series 9000 BRE740\/90 Beauty Set, Epilatoare pentru femei, Gata cu firele de p\u0103r nedorite \u0219i cu grijile \u00een privin\u021ba rasului frecvent, bucura\u021bi-v\u0103 de o piele perfect neted\u0103. Epilatorul Philips Series 9000 BRE740\/90 Beauty Set v\u0103 permite s\u0103 \u00eendep\u0103rta\u021bi rapid, dar cu precizie, firele de p\u0103r mai lungi, mai scurte \u0219i foarte fine de pe corp. Le smulge cu tot cu r\u0103d\u0103cin\u0103, l\u0103s\u00e2ndu-v\u0103 pielea neted\u0103 pentru un timp foarte \u00eendelungat. \u00cen plus, rezist\u0103 mult mai mult dec\u00e2t lama de ras de unic\u0103 folosin\u021b\u0103, astfel \u00eenc\u00e2t nu va trebui s\u0103 tot cump\u0103ra\u021bi altele noi sau s\u0103 v\u0103 face\u021bi griji cu privire la cantitatea pe care o arunca\u021bi.  Setul con\u021bine:  epilator 1 buc trimer e par cu precizie 1 buc penseta 1 buc  Caracteristici:  rade rapid \u0219i u\u0219or se adapteaz\u0103 liniilor corpului rade la axile, pe picioare \u0219i \u00een zonele intime capul aparatului este \u00eenlocuibil nu irit\u0103 pielea asigur\u0103 un b\u0103rbierit minu\u021bios, cu precizie ridicat\u0103 manipulare u\u0219oar\u0103 aparatul este lavabil \u0219i, prin urmare, foarte igienic ajunge \u0219i \u00een locuri greu accesibile \u00eendep\u0103rteaz\u0103 celulele epiteliale moarte cur\u0103\u021b\u0103 pielea include extensie pentru peeling  Cum se utilizeaz\u0103: Se utilizeaz\u0103 dup\u0103 cum este necesar.<\/p>\n","protected":false},"excerpt":{"rendered":"<p>Philips Series 9000 BRE740\/90 Beauty Set, Epilatoare pentru femei, Gata cu firele de p\u0103r nedorite \u0219i cu grijile \u00een privin\u021ba rasului frecvent, bucura\u021bi-v\u0103 de o piele perfect neted\u0103. Epilatorul Philips Series 9000 BRE740\/90 Beauty Set v\u0103 permite s\u0103 \u00eendep\u0103rta\u021bi rapid, dar cu precizie, firele de p\u0103r mai lungi, mai scurte \u0219i foarte fine de pe&#8230;<\/p>\n","protected":false},"featured_media":450164,"comment_status":"closed","ping_status":"open","template":"","meta":{"_acf_changed":false,"_kadence_starter_templates_imported_post":false,"_kad_post_transparent":"","_kad_post_title":"","_kad_post_layout":"","_kad_post_sidebar_id":"","_kad_post_content_style":"","_kad_post_vertical_padding":"","_kad_post_feature":"","_kad_post_feature_position":"","_kad_post_header":false,"_kad_post_footer":false,"_kad_post_classname":""},"product_brand":[495],"product_cat":[1881,1563,1882,1562],"product_tag":[],"class_list":{"0":"post-450163","1":"product","2":"type-product","3":"status-publish","4":"has-post-thumbnail","6":"product_brand-philips","7":"product_cat-barbierit-si-ingrijire","8":"product_cat-ingrijire-personala","9":"product_cat-masini-de-ras-si-lame-de-ras","10":"product_cat-sanatate-si-frumusete","11":"pa_gen-female","13":"first","14":"instock","15":"product-type-external","16":"entry","17":"content-bg","18":"loop-entry"},"acf":[],"yoast_head":"<!-- This site is optimized with the Yoast SEO plugin v27.4 - https:\/\/yoast.com\/product\/yoast-seo-wordpress\/ -->\n<title>Philips Series 9000 BRE740\/90 Beauty Set set pentru epilare - SHOPATOA.COM<\/title>\n<meta name=\"robots\" content=\"index, follow, max-snippet:-1, max-image-preview:large, max-video-preview:-1\" \/>\n<link rel=\"canonical\" href=\"https:\/\/shopatoa.com\/ro\/philips-series-9000-bre740-90-beauty-set-set-pentru-epilare\/\" \/>\n<meta property=\"og:locale\" content=\"ro_RO\" \/>\n<meta property=\"og:type\" content=\"article\" \/>\n<meta property=\"og:title\" content=\"Philips Series 9000 BRE740\/90 Beauty Set set pentru epilare - SHOPATOA.COM\" \/>\n<meta property=\"og:description\" content=\"Philips Series 9000 BRE740\/90 Beauty Set, Epilatoare pentru femei, Gata cu firele de p\u0103r nedorite \u0219i cu grijile \u00een privin\u021ba rasului frecvent, bucura\u021bi-v\u0103 de o piele perfect neted\u0103. Epilatorul Philips Series 9000 BRE740\/90 Beauty Set v\u0103 permite s\u0103 \u00eendep\u0103rta\u021bi rapid, dar cu precizie, firele de p\u0103r mai lungi, mai scurte \u0219i foarte fine de pe...\" \/>\n<meta property=\"og:url\" content=\"https:\/\/shopatoa.com\/ro\/philips-series-9000-bre740-90-beauty-set-set-pentru-epilare\/\" \/>\n<meta property=\"og:site_name\" content=\"SHOPATOA\" \/>\n<meta property=\"article:modified_time\" content=\"2026-02-04T22:01:10+00:00\" \/>\n<meta property=\"og:image\" content=\"https:\/\/storage.googleapis.com\/cz-shopatoa-img\/ro\/2ba60869-unnamed-file.webp\" \/>\n\t<meta property=\"og:image:width\" content=\"800\" \/>\n\t<meta property=\"og:image:height\" content=\"800\" \/>\n\t<meta property=\"og:image:type\" content=\"image\/webp\" \/>\n<meta name=\"twitter:card\" content=\"summary_large_image\" \/>\n<meta name=\"twitter:label1\" content=\"Timp estimat pentru citire\" \/>\n\t<meta name=\"twitter:data1\" content=\"1 minut\" \/>\n<script type=\"application\/ld+json\" class=\"yoast-schema-graph\">{\"@context\":\"https:\\\/\\\/schema.org\",\"@graph\":[{\"@type\":\"WebPage\",\"@id\":\"https:\\\/\\\/shopatoa.com\\\/ro\\\/philips-series-9000-bre740-90-beauty-set-set-pentru-epilare\\\/\",\"url\":\"https:\\\/\\\/shopatoa.com\\\/ro\\\/philips-series-9000-bre740-90-beauty-set-set-pentru-epilare\\\/\",\"name\":\"Philips Series 9000 BRE740\\\/90 Beauty Set set pentru epilare - SHOPATOA.COM\",\"isPartOf\":{\"@id\":\"https:\\\/\\\/shopatoa.com\\\/ro\\\/#website\"},\"primaryImageOfPage\":{\"@id\":\"https:\\\/\\\/shopatoa.com\\\/ro\\\/philips-series-9000-bre740-90-beauty-set-set-pentru-epilare\\\/#primaryimage\"},\"image\":{\"@id\":\"https:\\\/\\\/shopatoa.com\\\/ro\\\/philips-series-9000-bre740-90-beauty-set-set-pentru-epilare\\\/#primaryimage\"},\"thumbnailUrl\":\"https:\\\/\\\/storage.googleapis.com\\\/cz-shopatoa-img\\\/ro\\\/2ba60869-unnamed-file.webp\",\"datePublished\":\"2025-06-25T01:58:14+00:00\",\"dateModified\":\"2026-02-04T22:01:10+00:00\",\"breadcrumb\":{\"@id\":\"https:\\\/\\\/shopatoa.com\\\/ro\\\/philips-series-9000-bre740-90-beauty-set-set-pentru-epilare\\\/#breadcrumb\"},\"inLanguage\":\"ro-RO\",\"potentialAction\":[{\"@type\":\"ReadAction\",\"target\":[\"https:\\\/\\\/shopatoa.com\\\/ro\\\/philips-series-9000-bre740-90-beauty-set-set-pentru-epilare\\\/\"]}]},{\"@type\":\"ImageObject\",\"inLanguage\":\"ro-RO\",\"@id\":\"https:\\\/\\\/shopatoa.com\\\/ro\\\/philips-series-9000-bre740-90-beauty-set-set-pentru-epilare\\\/#primaryimage\",\"url\":\"https:\\\/\\\/storage.googleapis.com\\\/cz-shopatoa-img\\\/ro\\\/2ba60869-unnamed-file.webp\",\"contentUrl\":\"https:\\\/\\\/storage.googleapis.com\\\/cz-shopatoa-img\\\/ro\\\/2ba60869-unnamed-file.webp\",\"width\":800,\"height\":800},{\"@type\":\"BreadcrumbList\",\"@id\":\"https:\\\/\\\/shopatoa.com\\\/ro\\\/philips-series-9000-bre740-90-beauty-set-set-pentru-epilare\\\/#breadcrumb\",\"itemListElement\":[{\"@type\":\"ListItem\",\"position\":1,\"name\":\"Dom\u016f\",\"item\":\"https:\\\/\\\/shopatoa.com\\\/ro\\\/\"},{\"@type\":\"ListItem\",\"position\":2,\"name\":\"Shop\",\"item\":\"https:\\\/\\\/shopatoa.com\\\/ro\\\/shop\\\/\"},{\"@type\":\"ListItem\",\"position\":3,\"name\":\"S\u0103n\u0103tate \u0219i frumuse\u021be\",\"item\":\"https:\\\/\\\/shopatoa.com\\\/ro\\\/sanatate-si-frumusete\\\/\"},{\"@type\":\"ListItem\",\"position\":4,\"name\":\"\u00cengrijire personal\u0103\",\"item\":\"https:\\\/\\\/shopatoa.com\\\/ro\\\/ingrijire-personala\\\/\"},{\"@type\":\"ListItem\",\"position\":5,\"name\":\"B\u0103rbierit \u0219i \u00eengrijire\",\"item\":\"https:\\\/\\\/shopatoa.com\\\/ro\\\/barbierit-si-ingrijire\\\/\"},{\"@type\":\"ListItem\",\"position\":6,\"name\":\"Ma\u0219ini de ras \u0219i lame de ras\",\"item\":\"https:\\\/\\\/shopatoa.com\\\/ro\\\/masini-de-ras-si-lame-de-ras\\\/\"},{\"@type\":\"ListItem\",\"position\":7,\"name\":\"Philips Series 9000 BRE740\\\/90 Beauty Set set pentru epilare\"}]},{\"@type\":\"WebSite\",\"@id\":\"https:\\\/\\\/shopatoa.com\\\/ro\\\/#website\",\"url\":\"https:\\\/\\\/shopatoa.com\\\/ro\\\/\",\"name\":\"SHOPATOA\",\"description\":\"\",\"publisher\":{\"@id\":\"https:\\\/\\\/shopatoa.com\\\/ro\\\/#organization\"},\"potentialAction\":[{\"@type\":\"SearchAction\",\"target\":{\"@type\":\"EntryPoint\",\"urlTemplate\":\"https:\\\/\\\/shopatoa.com\\\/ro\\\/?s={search_term_string}\"},\"query-input\":{\"@type\":\"PropertyValueSpecification\",\"valueRequired\":true,\"valueName\":\"search_term_string\"}}],\"inLanguage\":\"ro-RO\"},{\"@type\":\"Organization\",\"@id\":\"https:\\\/\\\/shopatoa.com\\\/ro\\\/#organization\",\"name\":\"SHOPATOA\",\"url\":\"https:\\\/\\\/shopatoa.com\\\/ro\\\/\",\"logo\":{\"@type\":\"ImageObject\",\"inLanguage\":\"ro-RO\",\"@id\":\"https:\\\/\\\/shopatoa.com\\\/ro\\\/#\\\/schema\\\/logo\\\/image\\\/\",\"url\":\"https:\\\/\\\/storage.googleapis.com\\\/cz-shopatoa-img\\\/ro\\\/b4dac915-shopatoa_logo.png\",\"contentUrl\":\"https:\\\/\\\/storage.googleapis.com\\\/cz-shopatoa-img\\\/ro\\\/b4dac915-shopatoa_logo.png\",\"width\":416,\"height\":63,\"caption\":\"SHOPATOA\"},\"image\":{\"@id\":\"https:\\\/\\\/shopatoa.com\\\/ro\\\/#\\\/schema\\\/logo\\\/image\\\/\"}}]}<\/script>\n<!-- \/ Yoast SEO plugin. -->","yoast_head_json":{"title":"Philips Series 9000 BRE740\/90 Beauty Set set pentru epilare - SHOPATOA.COM","robots":{"index":"index","follow":"follow","max-snippet":"max-snippet:-1","max-image-preview":"max-image-preview:large","max-video-preview":"max-video-preview:-1"},"canonical":"https:\/\/shopatoa.com\/ro\/philips-series-9000-bre740-90-beauty-set-set-pentru-epilare\/","og_locale":"ro_RO","og_type":"article","og_title":"Philips Series 9000 BRE740\/90 Beauty Set set pentru epilare - SHOPATOA.COM","og_description":"Philips Series 9000 BRE740\/90 Beauty Set, Epilatoare pentru femei, Gata cu firele de p\u0103r nedorite \u0219i cu grijile \u00een privin\u021ba rasului frecvent, bucura\u021bi-v\u0103 de o piele perfect neted\u0103. Epilatorul Philips Series 9000 BRE740\/90 Beauty Set v\u0103 permite s\u0103 \u00eendep\u0103rta\u021bi rapid, dar cu precizie, firele de p\u0103r mai lungi, mai scurte \u0219i foarte fine de pe...","og_url":"https:\/\/shopatoa.com\/ro\/philips-series-9000-bre740-90-beauty-set-set-pentru-epilare\/","og_site_name":"SHOPATOA","article_modified_time":"2026-02-04T22:01:10+00:00","og_image":[{"width":800,"height":800,"url":"https:\/\/storage.googleapis.com\/cz-shopatoa-img\/ro\/2ba60869-unnamed-file.webp","type":"image\/webp"}],"twitter_card":"summary_large_image","twitter_misc":{"Timp estimat pentru citire":"1 minut"},"schema":{"@context":"https:\/\/schema.org","@graph":[{"@type":"WebPage","@id":"https:\/\/shopatoa.com\/ro\/philips-series-9000-bre740-90-beauty-set-set-pentru-epilare\/","url":"https:\/\/shopatoa.com\/ro\/philips-series-9000-bre740-90-beauty-set-set-pentru-epilare\/","name":"Philips Series 9000 BRE740\/90 Beauty Set set pentru epilare - SHOPATOA.COM","isPartOf":{"@id":"https:\/\/shopatoa.com\/ro\/#website"},"primaryImageOfPage":{"@id":"https:\/\/shopatoa.com\/ro\/philips-series-9000-bre740-90-beauty-set-set-pentru-epilare\/#primaryimage"},"image":{"@id":"https:\/\/shopatoa.com\/ro\/philips-series-9000-bre740-90-beauty-set-set-pentru-epilare\/#primaryimage"},"thumbnailUrl":"https:\/\/storage.googleapis.com\/cz-shopatoa-img\/ro\/2ba60869-unnamed-file.webp","datePublished":"2025-06-25T01:58:14+00:00","dateModified":"2026-02-04T22:01:10+00:00","breadcrumb":{"@id":"https:\/\/shopatoa.com\/ro\/philips-series-9000-bre740-90-beauty-set-set-pentru-epilare\/#breadcrumb"},"inLanguage":"ro-RO","potentialAction":[{"@type":"ReadAction","target":["https:\/\/shopatoa.com\/ro\/philips-series-9000-bre740-90-beauty-set-set-pentru-epilare\/"]}]},{"@type":"ImageObject","inLanguage":"ro-RO","@id":"https:\/\/shopatoa.com\/ro\/philips-series-9000-bre740-90-beauty-set-set-pentru-epilare\/#primaryimage","url":"https:\/\/storage.googleapis.com\/cz-shopatoa-img\/ro\/2ba60869-unnamed-file.webp","contentUrl":"https:\/\/storage.googleapis.com\/cz-shopatoa-img\/ro\/2ba60869-unnamed-file.webp","width":800,"height":800},{"@type":"BreadcrumbList","@id":"https:\/\/shopatoa.com\/ro\/philips-series-9000-bre740-90-beauty-set-set-pentru-epilare\/#breadcrumb","itemListElement":[{"@type":"ListItem","position":1,"name":"Dom\u016f","item":"https:\/\/shopatoa.com\/ro\/"},{"@type":"ListItem","position":2,"name":"Shop","item":"https:\/\/shopatoa.com\/ro\/shop\/"},{"@type":"ListItem","position":3,"name":"S\u0103n\u0103tate \u0219i frumuse\u021be","item":"https:\/\/shopatoa.com\/ro\/sanatate-si-frumusete\/"},{"@type":"ListItem","position":4,"name":"\u00cengrijire personal\u0103","item":"https:\/\/shopatoa.com\/ro\/ingrijire-personala\/"},{"@type":"ListItem","position":5,"name":"B\u0103rbierit \u0219i \u00eengrijire","item":"https:\/\/shopatoa.com\/ro\/barbierit-si-ingrijire\/"},{"@type":"ListItem","position":6,"name":"Ma\u0219ini de ras \u0219i lame de ras","item":"https:\/\/shopatoa.com\/ro\/masini-de-ras-si-lame-de-ras\/"},{"@type":"ListItem","position":7,"name":"Philips Series 9000 BRE740\/90 Beauty Set set pentru epilare"}]},{"@type":"WebSite","@id":"https:\/\/shopatoa.com\/ro\/#website","url":"https:\/\/shopatoa.com\/ro\/","name":"SHOPATOA","description":"","publisher":{"@id":"https:\/\/shopatoa.com\/ro\/#organization"},"potentialAction":[{"@type":"SearchAction","target":{"@type":"EntryPoint","urlTemplate":"https:\/\/shopatoa.com\/ro\/?s={search_term_string}"},"query-input":{"@type":"PropertyValueSpecification","valueRequired":true,"valueName":"search_term_string"}}],"inLanguage":"ro-RO"},{"@type":"Organization","@id":"https:\/\/shopatoa.com\/ro\/#organization","name":"SHOPATOA","url":"https:\/\/shopatoa.com\/ro\/","logo":{"@type":"ImageObject","inLanguage":"ro-RO","@id":"https:\/\/shopatoa.com\/ro\/#\/schema\/logo\/image\/","url":"https:\/\/storage.googleapis.com\/cz-shopatoa-img\/ro\/b4dac915-shopatoa_logo.png","contentUrl":"https:\/\/storage.googleapis.com\/cz-shopatoa-img\/ro\/b4dac915-shopatoa_logo.png","width":416,"height":63,"caption":"SHOPATOA"},"image":{"@id":"https:\/\/shopatoa.com\/ro\/#\/schema\/logo\/image\/"}}]}},"_links":{"self":[{"href":"https:\/\/shopatoa.com\/ro\/wp-json\/wp\/v2\/product\/450163","targetHints":{"allow":["GET"]}}],"collection":[{"href":"https:\/\/shopatoa.com\/ro\/wp-json\/wp\/v2\/product"}],"about":[{"href":"https:\/\/shopatoa.com\/ro\/wp-json\/wp\/v2\/types\/product"}],"replies":[{"embeddable":true,"href":"https:\/\/shopatoa.com\/ro\/wp-json\/wp\/v2\/comments?post=450163"}],"wp:featuredmedia":[{"embeddable":true,"href":"https:\/\/shopatoa.com\/ro\/wp-json\/wp\/v2\/media\/450164"}],"wp:attachment":[{"href":"https:\/\/shopatoa.com\/ro\/wp-json\/wp\/v2\/media?parent=450163"}],"wp:term":[{"taxonomy":"product_brand","embeddable":true,"href":"https:\/\/shopatoa.com\/ro\/wp-json\/wp\/v2\/product_brand?post=450163"},{"taxonomy":"product_cat","embeddable":true,"href":"https:\/\/shopatoa.com\/ro\/wp-json\/wp\/v2\/product_cat?post=450163"},{"taxonomy":"product_tag","embeddable":true,"href":"https:\/\/shopatoa.com\/ro\/wp-json\/wp\/v2\/product_tag?post=450163"}],"curies":[{"name":"wp","href":"https:\/\/api.w.org\/{rel}","templated":true}]}}