{"id":450205,"date":"2025-06-25T04:02:04","date_gmt":"2025-06-25T02:02:04","guid":{"rendered":"https:\/\/shopatoa.com\/ro\/saponificio-artigianale-fiorentino-rosewood-and-osmanthus-set-set-de-sapunuri-solide\/"},"modified":"2025-06-25T04:03:26","modified_gmt":"2025-06-25T02:03:26","slug":"saponificio-artigianale-fiorentino-rosewood-and-osmanthus-set-set-de-sapunuri-solide","status":"publish","type":"product","link":"https:\/\/shopatoa.com\/ro\/saponificio-artigianale-fiorentino-rosewood-and-osmanthus-set-set-de-sapunuri-solide\/","title":{"rendered":"Saponificio Artigianale Fiorentino Rosewood and Osmanthus Set set de s\u0103punuri solide"},"content":{"rendered":"<p>Saponificio Artigianale Fiorentino Rosewood and Osmanthus Set, 3&#215;125 g, Seturi cosmetice pentru femei, Totul pentru o piele frumoas\u0103, \u00eentr-un singur pachet. R\u0103sf\u0103\u021ba\u021bi-v\u0103 cu setul de cosmetice Saponificio Artigianale Fiorentino Rosewood and Osmanthus Set sau oferi\u021bi-l cadou celor dragi.  Setul con\u021bine:  Saponificio Artigianale Fiorentino Rossewood and Osmanthus Scented Soaps set de s\u0103punuri solide 3 buc  Caracteristici:  cur\u0103\u021b\u0103 delicat pielea hr\u0103ne\u0219te \u0219i hidrateaz\u0103 miroase pl\u0103cut se poate folosi pe m\u00e2ini \u0219i pe corp are efecte emoliente bucur\u0103 orice femeie foarte potrivit ca un cadou cele mai bune produse ale brandurilor italiene  Ingrediente:  produs vegan con\u021bine cel pu\u021bin 99 % ingrediente de origine natural\u0103 testat dermatologic  Cum se utilizeaz\u0103: Se aplic\u0103 s\u0103punul pe piele, se spumeaz\u0103 delicat \u0219i se maseaz\u0103. Se cl\u0103te\u0219te cu ap\u0103 c\u0103ldu\u021b\u0103.<\/p>\n","protected":false},"excerpt":{"rendered":"<p>Saponificio Artigianale Fiorentino Rosewood and Osmanthus Set, 3&#215;125 g, Seturi cosmetice pentru femei, Totul pentru o piele frumoas\u0103, \u00eentr-un singur pachet. R\u0103sf\u0103\u021ba\u021bi-v\u0103 cu setul de cosmetice Saponificio Artigianale Fiorentino Rosewood and Osmanthus Set sau oferi\u021bi-l cadou celor dragi. Setul con\u021bine: Saponificio Artigianale Fiorentino Rossewood and Osmanthus Scented Soaps set de s\u0103punuri solide 3 buc Caracteristici:&#8230;<\/p>\n","protected":false},"featured_media":450206,"comment_status":"closed","ping_status":"open","template":"","meta":{"_acf_changed":false,"_kadence_starter_templates_imported_post":false,"_kad_post_transparent":"","_kad_post_title":"","_kad_post_layout":"","_kad_post_sidebar_id":"","_kad_post_content_style":"","_kad_post_vertical_padding":"","_kad_post_feature":"","_kad_post_feature_position":"","_kad_post_header":false,"_kad_post_footer":false,"_kad_post_classname":""},"product_brand":[3028],"product_cat":[1570,1564,1563,1562,1573],"product_tag":[],"class_list":{"0":"post-450205","1":"product","2":"type-product","3":"status-publish","4":"has-post-thumbnail","6":"product_brand-saponificio-artigianale-fiorentino","7":"product_cat-baie-si-corp","8":"product_cat-cosmetice-ingrijire-personala","9":"product_cat-ingrijire-personala","10":"product_cat-sanatate-si-frumusete","11":"product_cat-sapun-solid","12":"pa_gen-female","13":"pa_marime-3x125-g","15":"first","16":"instock","17":"product-type-external","18":"entry","19":"content-bg","20":"loop-entry"},"acf":[],"yoast_head":"<!-- This site is optimized with the Yoast SEO plugin v27.4 - https:\/\/yoast.com\/product\/yoast-seo-wordpress\/ -->\n<title>Saponificio Artigianale Fiorentino Rosewood and Osmanthus Set set de s\u0103punuri solide - SHOPATOA.COM<\/title>\n<meta name=\"robots\" content=\"index, follow, max-snippet:-1, max-image-preview:large, max-video-preview:-1\" \/>\n<link rel=\"canonical\" href=\"https:\/\/shopatoa.com\/ro\/saponificio-artigianale-fiorentino-rosewood-and-osmanthus-set-set-de-sapunuri-solide\/\" \/>\n<meta property=\"og:locale\" content=\"ro_RO\" \/>\n<meta property=\"og:type\" content=\"article\" \/>\n<meta property=\"og:title\" content=\"Saponificio Artigianale Fiorentino Rosewood and Osmanthus Set set de s\u0103punuri solide - SHOPATOA.COM\" \/>\n<meta property=\"og:description\" content=\"Saponificio Artigianale Fiorentino Rosewood and Osmanthus Set, 3&#215;125 g, Seturi cosmetice pentru femei, Totul pentru o piele frumoas\u0103, \u00eentr-un singur pachet. R\u0103sf\u0103\u021ba\u021bi-v\u0103 cu setul de cosmetice Saponificio Artigianale Fiorentino Rosewood and Osmanthus Set sau oferi\u021bi-l cadou celor dragi. Setul con\u021bine: Saponificio Artigianale Fiorentino Rossewood and Osmanthus Scented Soaps set de s\u0103punuri solide 3 buc Caracteristici:...\" \/>\n<meta property=\"og:url\" content=\"https:\/\/shopatoa.com\/ro\/saponificio-artigianale-fiorentino-rosewood-and-osmanthus-set-set-de-sapunuri-solide\/\" \/>\n<meta property=\"og:site_name\" content=\"SHOPATOA\" \/>\n<meta property=\"article:modified_time\" content=\"2025-06-25T02:03:26+00:00\" \/>\n<meta property=\"og:image\" content=\"https:\/\/storage.googleapis.com\/cz-shopatoa-img\/ro\/e23d204d-unnamed-file.webp\" \/>\n\t<meta property=\"og:image:width\" content=\"800\" \/>\n\t<meta property=\"og:image:height\" content=\"800\" \/>\n\t<meta property=\"og:image:type\" content=\"image\/webp\" \/>\n<meta name=\"twitter:card\" content=\"summary_large_image\" \/>\n<meta name=\"twitter:label1\" content=\"Timp estimat pentru citire\" \/>\n\t<meta name=\"twitter:data1\" content=\"1 minut\" \/>\n<script type=\"application\/ld+json\" class=\"yoast-schema-graph\">{\"@context\":\"https:\\\/\\\/schema.org\",\"@graph\":[{\"@type\":\"WebPage\",\"@id\":\"https:\\\/\\\/shopatoa.com\\\/ro\\\/saponificio-artigianale-fiorentino-rosewood-and-osmanthus-set-set-de-sapunuri-solide\\\/\",\"url\":\"https:\\\/\\\/shopatoa.com\\\/ro\\\/saponificio-artigianale-fiorentino-rosewood-and-osmanthus-set-set-de-sapunuri-solide\\\/\",\"name\":\"Saponificio Artigianale Fiorentino Rosewood and Osmanthus Set set de s\u0103punuri solide - SHOPATOA.COM\",\"isPartOf\":{\"@id\":\"https:\\\/\\\/shopatoa.com\\\/ro\\\/#website\"},\"primaryImageOfPage\":{\"@id\":\"https:\\\/\\\/shopatoa.com\\\/ro\\\/saponificio-artigianale-fiorentino-rosewood-and-osmanthus-set-set-de-sapunuri-solide\\\/#primaryimage\"},\"image\":{\"@id\":\"https:\\\/\\\/shopatoa.com\\\/ro\\\/saponificio-artigianale-fiorentino-rosewood-and-osmanthus-set-set-de-sapunuri-solide\\\/#primaryimage\"},\"thumbnailUrl\":\"https:\\\/\\\/storage.googleapis.com\\\/cz-shopatoa-img\\\/ro\\\/e23d204d-unnamed-file.webp\",\"datePublished\":\"2025-06-25T02:02:04+00:00\",\"dateModified\":\"2025-06-25T02:03:26+00:00\",\"breadcrumb\":{\"@id\":\"https:\\\/\\\/shopatoa.com\\\/ro\\\/saponificio-artigianale-fiorentino-rosewood-and-osmanthus-set-set-de-sapunuri-solide\\\/#breadcrumb\"},\"inLanguage\":\"ro-RO\",\"potentialAction\":[{\"@type\":\"ReadAction\",\"target\":[\"https:\\\/\\\/shopatoa.com\\\/ro\\\/saponificio-artigianale-fiorentino-rosewood-and-osmanthus-set-set-de-sapunuri-solide\\\/\"]}]},{\"@type\":\"ImageObject\",\"inLanguage\":\"ro-RO\",\"@id\":\"https:\\\/\\\/shopatoa.com\\\/ro\\\/saponificio-artigianale-fiorentino-rosewood-and-osmanthus-set-set-de-sapunuri-solide\\\/#primaryimage\",\"url\":\"https:\\\/\\\/storage.googleapis.com\\\/cz-shopatoa-img\\\/ro\\\/e23d204d-unnamed-file.webp\",\"contentUrl\":\"https:\\\/\\\/storage.googleapis.com\\\/cz-shopatoa-img\\\/ro\\\/e23d204d-unnamed-file.webp\",\"width\":800,\"height\":800},{\"@type\":\"BreadcrumbList\",\"@id\":\"https:\\\/\\\/shopatoa.com\\\/ro\\\/saponificio-artigianale-fiorentino-rosewood-and-osmanthus-set-set-de-sapunuri-solide\\\/#breadcrumb\",\"itemListElement\":[{\"@type\":\"ListItem\",\"position\":1,\"name\":\"Dom\u016f\",\"item\":\"https:\\\/\\\/shopatoa.com\\\/ro\\\/\"},{\"@type\":\"ListItem\",\"position\":2,\"name\":\"Shop\",\"item\":\"https:\\\/\\\/shopatoa.com\\\/ro\\\/shop\\\/\"},{\"@type\":\"ListItem\",\"position\":3,\"name\":\"Saponificio Artigianale Fiorentino Rosewood and Osmanthus Set set de s\u0103punuri solide\"}]},{\"@type\":\"WebSite\",\"@id\":\"https:\\\/\\\/shopatoa.com\\\/ro\\\/#website\",\"url\":\"https:\\\/\\\/shopatoa.com\\\/ro\\\/\",\"name\":\"SHOPATOA\",\"description\":\"\",\"publisher\":{\"@id\":\"https:\\\/\\\/shopatoa.com\\\/ro\\\/#organization\"},\"potentialAction\":[{\"@type\":\"SearchAction\",\"target\":{\"@type\":\"EntryPoint\",\"urlTemplate\":\"https:\\\/\\\/shopatoa.com\\\/ro\\\/?s={search_term_string}\"},\"query-input\":{\"@type\":\"PropertyValueSpecification\",\"valueRequired\":true,\"valueName\":\"search_term_string\"}}],\"inLanguage\":\"ro-RO\"},{\"@type\":\"Organization\",\"@id\":\"https:\\\/\\\/shopatoa.com\\\/ro\\\/#organization\",\"name\":\"SHOPATOA\",\"url\":\"https:\\\/\\\/shopatoa.com\\\/ro\\\/\",\"logo\":{\"@type\":\"ImageObject\",\"inLanguage\":\"ro-RO\",\"@id\":\"https:\\\/\\\/shopatoa.com\\\/ro\\\/#\\\/schema\\\/logo\\\/image\\\/\",\"url\":\"https:\\\/\\\/storage.googleapis.com\\\/cz-shopatoa-img\\\/ro\\\/b4dac915-shopatoa_logo.png\",\"contentUrl\":\"https:\\\/\\\/storage.googleapis.com\\\/cz-shopatoa-img\\\/ro\\\/b4dac915-shopatoa_logo.png\",\"width\":416,\"height\":63,\"caption\":\"SHOPATOA\"},\"image\":{\"@id\":\"https:\\\/\\\/shopatoa.com\\\/ro\\\/#\\\/schema\\\/logo\\\/image\\\/\"}}]}<\/script>\n<!-- \/ Yoast SEO plugin. -->","yoast_head_json":{"title":"Saponificio Artigianale Fiorentino Rosewood and Osmanthus Set set de s\u0103punuri solide - SHOPATOA.COM","robots":{"index":"index","follow":"follow","max-snippet":"max-snippet:-1","max-image-preview":"max-image-preview:large","max-video-preview":"max-video-preview:-1"},"canonical":"https:\/\/shopatoa.com\/ro\/saponificio-artigianale-fiorentino-rosewood-and-osmanthus-set-set-de-sapunuri-solide\/","og_locale":"ro_RO","og_type":"article","og_title":"Saponificio Artigianale Fiorentino Rosewood and Osmanthus Set set de s\u0103punuri solide - SHOPATOA.COM","og_description":"Saponificio Artigianale Fiorentino Rosewood and Osmanthus Set, 3&#215;125 g, Seturi cosmetice pentru femei, Totul pentru o piele frumoas\u0103, \u00eentr-un singur pachet. R\u0103sf\u0103\u021ba\u021bi-v\u0103 cu setul de cosmetice Saponificio Artigianale Fiorentino Rosewood and Osmanthus Set sau oferi\u021bi-l cadou celor dragi. Setul con\u021bine: Saponificio Artigianale Fiorentino Rossewood and Osmanthus Scented Soaps set de s\u0103punuri solide 3 buc Caracteristici:...","og_url":"https:\/\/shopatoa.com\/ro\/saponificio-artigianale-fiorentino-rosewood-and-osmanthus-set-set-de-sapunuri-solide\/","og_site_name":"SHOPATOA","article_modified_time":"2025-06-25T02:03:26+00:00","og_image":[{"width":800,"height":800,"url":"https:\/\/storage.googleapis.com\/cz-shopatoa-img\/ro\/e23d204d-unnamed-file.webp","type":"image\/webp"}],"twitter_card":"summary_large_image","twitter_misc":{"Timp estimat pentru citire":"1 minut"},"schema":{"@context":"https:\/\/schema.org","@graph":[{"@type":"WebPage","@id":"https:\/\/shopatoa.com\/ro\/saponificio-artigianale-fiorentino-rosewood-and-osmanthus-set-set-de-sapunuri-solide\/","url":"https:\/\/shopatoa.com\/ro\/saponificio-artigianale-fiorentino-rosewood-and-osmanthus-set-set-de-sapunuri-solide\/","name":"Saponificio Artigianale Fiorentino Rosewood and Osmanthus Set set de s\u0103punuri solide - SHOPATOA.COM","isPartOf":{"@id":"https:\/\/shopatoa.com\/ro\/#website"},"primaryImageOfPage":{"@id":"https:\/\/shopatoa.com\/ro\/saponificio-artigianale-fiorentino-rosewood-and-osmanthus-set-set-de-sapunuri-solide\/#primaryimage"},"image":{"@id":"https:\/\/shopatoa.com\/ro\/saponificio-artigianale-fiorentino-rosewood-and-osmanthus-set-set-de-sapunuri-solide\/#primaryimage"},"thumbnailUrl":"https:\/\/storage.googleapis.com\/cz-shopatoa-img\/ro\/e23d204d-unnamed-file.webp","datePublished":"2025-06-25T02:02:04+00:00","dateModified":"2025-06-25T02:03:26+00:00","breadcrumb":{"@id":"https:\/\/shopatoa.com\/ro\/saponificio-artigianale-fiorentino-rosewood-and-osmanthus-set-set-de-sapunuri-solide\/#breadcrumb"},"inLanguage":"ro-RO","potentialAction":[{"@type":"ReadAction","target":["https:\/\/shopatoa.com\/ro\/saponificio-artigianale-fiorentino-rosewood-and-osmanthus-set-set-de-sapunuri-solide\/"]}]},{"@type":"ImageObject","inLanguage":"ro-RO","@id":"https:\/\/shopatoa.com\/ro\/saponificio-artigianale-fiorentino-rosewood-and-osmanthus-set-set-de-sapunuri-solide\/#primaryimage","url":"https:\/\/storage.googleapis.com\/cz-shopatoa-img\/ro\/e23d204d-unnamed-file.webp","contentUrl":"https:\/\/storage.googleapis.com\/cz-shopatoa-img\/ro\/e23d204d-unnamed-file.webp","width":800,"height":800},{"@type":"BreadcrumbList","@id":"https:\/\/shopatoa.com\/ro\/saponificio-artigianale-fiorentino-rosewood-and-osmanthus-set-set-de-sapunuri-solide\/#breadcrumb","itemListElement":[{"@type":"ListItem","position":1,"name":"Dom\u016f","item":"https:\/\/shopatoa.com\/ro\/"},{"@type":"ListItem","position":2,"name":"Shop","item":"https:\/\/shopatoa.com\/ro\/shop\/"},{"@type":"ListItem","position":3,"name":"Saponificio Artigianale Fiorentino Rosewood and Osmanthus Set set de s\u0103punuri solide"}]},{"@type":"WebSite","@id":"https:\/\/shopatoa.com\/ro\/#website","url":"https:\/\/shopatoa.com\/ro\/","name":"SHOPATOA","description":"","publisher":{"@id":"https:\/\/shopatoa.com\/ro\/#organization"},"potentialAction":[{"@type":"SearchAction","target":{"@type":"EntryPoint","urlTemplate":"https:\/\/shopatoa.com\/ro\/?s={search_term_string}"},"query-input":{"@type":"PropertyValueSpecification","valueRequired":true,"valueName":"search_term_string"}}],"inLanguage":"ro-RO"},{"@type":"Organization","@id":"https:\/\/shopatoa.com\/ro\/#organization","name":"SHOPATOA","url":"https:\/\/shopatoa.com\/ro\/","logo":{"@type":"ImageObject","inLanguage":"ro-RO","@id":"https:\/\/shopatoa.com\/ro\/#\/schema\/logo\/image\/","url":"https:\/\/storage.googleapis.com\/cz-shopatoa-img\/ro\/b4dac915-shopatoa_logo.png","contentUrl":"https:\/\/storage.googleapis.com\/cz-shopatoa-img\/ro\/b4dac915-shopatoa_logo.png","width":416,"height":63,"caption":"SHOPATOA"},"image":{"@id":"https:\/\/shopatoa.com\/ro\/#\/schema\/logo\/image\/"}}]}},"_links":{"self":[{"href":"https:\/\/shopatoa.com\/ro\/wp-json\/wp\/v2\/product\/450205","targetHints":{"allow":["GET"]}}],"collection":[{"href":"https:\/\/shopatoa.com\/ro\/wp-json\/wp\/v2\/product"}],"about":[{"href":"https:\/\/shopatoa.com\/ro\/wp-json\/wp\/v2\/types\/product"}],"replies":[{"embeddable":true,"href":"https:\/\/shopatoa.com\/ro\/wp-json\/wp\/v2\/comments?post=450205"}],"wp:featuredmedia":[{"embeddable":true,"href":"https:\/\/shopatoa.com\/ro\/wp-json\/wp\/v2\/media\/450206"}],"wp:attachment":[{"href":"https:\/\/shopatoa.com\/ro\/wp-json\/wp\/v2\/media?parent=450205"}],"wp:term":[{"taxonomy":"product_brand","embeddable":true,"href":"https:\/\/shopatoa.com\/ro\/wp-json\/wp\/v2\/product_brand?post=450205"},{"taxonomy":"product_cat","embeddable":true,"href":"https:\/\/shopatoa.com\/ro\/wp-json\/wp\/v2\/product_cat?post=450205"},{"taxonomy":"product_tag","embeddable":true,"href":"https:\/\/shopatoa.com\/ro\/wp-json\/wp\/v2\/product_tag?post=450205"}],"curies":[{"name":"wp","href":"https:\/\/api.w.org\/{rel}","templated":true}]}}