{"id":450589,"date":"2025-06-25T04:37:27","date_gmt":"2025-06-25T02:37:27","guid":{"rendered":"https:\/\/shopatoa.com\/ro\/maybelline-new-york-build-a-brow-creion-dermatograf-cu-doua-capete-pentru-sprancene-pentru-fixare-si-forma-culoare-255-soft-brown-1-buc\/"},"modified":"2026-02-04T21:57:12","modified_gmt":"2026-02-04T20:57:12","slug":"maybelline-new-york-build-a-brow-creion-dermatograf-cu-doua-capete-pentru-sprancene-pentru-fixare-si-forma-culoare-255-soft-brown-1-buc","status":"publish","type":"product","link":"https:\/\/shopatoa.com\/ro\/maybelline-new-york-build-a-brow-creion-dermatograf-cu-doua-capete-pentru-sprancene-pentru-fixare-si-forma-culoare-255-soft-brown-1-buc\/","title":{"rendered":"MAYBELLINE NEW YORK Build-A-Brow creion dermatograf cu dou\u0103 capete pentru spr\u00e2ncene pentru fixare \u0219i form\u0103 culoare 255 Soft Brown 1 buc"},"content":{"rendered":"<p>MAYBELLINE NEW YORK Build-A-Brow, 1 buc, Rimeluri \u0219i geluri pentru spr\u00e2ncene pentru femei, Spr\u00e2ncenele frumos \u00eengrijite v\u0103 accentueaz\u0103 frumuse\u021bea natural\u0103, deoarece \u00eencadreaz\u0103 \u00eentreaga fa\u021b\u0103. \u0218i este nevoie doar de pu\u021bin pentru a le face s\u0103 arate perfect. Pomada pentru spr\u00e2ncene MAYBELLINE NEW YORKBuild-A-Brow v\u0103 permite s\u0103 le eviden\u021bia\u021bi \u0219i s\u0103 le fixa\u021bi \u00eentr-un singur pas. V\u0103 va ajuta s\u0103 umple\u021bi golurile, s\u0103 le conferi\u021bi forma dorit\u0103, dar \u0219i un aspect mai voluminos \u0219i mai plin. Fixeaz\u0103 ulterior spr\u00e2ncenele \u00een aceast\u0103 form\u0103, astfel \u00eenc\u00e2t fiecare fir de p\u0103r s\u0103 r\u0103m\u00e2n\u0103 la locul lui timp de mai multe ore.  Caracteristici:  adaug\u0103 spr\u00e2ncenelor volum \u0219i form\u0103 efect de lung\u0103 durat\u0103 se aplic\u0103 u\u0219or completeaz\u0103 spa\u021biile cu fire lips\u0103 fixeaz\u0103 spr\u00e2ncenele \u00een forma dorit\u0103  Cum se utilizeaz\u0103: Folosind tu\u0219e scurte, se traseaz\u0103 \u0219i se completeaz\u0103 spr\u00e2ncenele \u00een forma dorit\u0103. Folosi\u021bi periu\u021ba de aplicare pentru a modela spr\u00e2ncenele la forma dorit\u0103.<\/p>\n","protected":false},"excerpt":{"rendered":"<p>MAYBELLINE NEW YORK Build-A-Brow, 1 buc, Rimeluri \u0219i geluri pentru spr\u00e2ncene pentru femei, Spr\u00e2ncenele frumos \u00eengrijite v\u0103 accentueaz\u0103 frumuse\u021bea natural\u0103, deoarece \u00eencadreaz\u0103 \u00eentreaga fa\u021b\u0103. \u0218i este nevoie doar de pu\u021bin pentru a le face s\u0103 arate perfect. Pomada pentru spr\u00e2ncene MAYBELLINE NEW YORKBuild-A-Brow v\u0103 permite s\u0103 le eviden\u021bia\u021bi \u0219i s\u0103 le fixa\u021bi \u00eentr-un singur pas&#8230;.<\/p>\n","protected":false},"featured_media":450590,"comment_status":"closed","ping_status":"open","template":"","meta":{"_acf_changed":false,"_kadence_starter_templates_imported_post":false,"_kad_post_transparent":"","_kad_post_title":"","_kad_post_layout":"","_kad_post_sidebar_id":"","_kad_post_content_style":"","_kad_post_vertical_padding":"","_kad_post_feature":"","_kad_post_feature_position":"","_kad_post_header":false,"_kad_post_footer":false,"_kad_post_classname":""},"product_brand":[1716],"product_cat":[1564,1563,1664,1576,1599,1562],"product_tag":[],"class_list":{"0":"post-450589","1":"product","2":"type-product","3":"status-publish","4":"has-post-thumbnail","6":"product_brand-maybelline-new-york","7":"product_cat-cosmetice-ingrijire-personala","8":"product_cat-ingrijire-personala","9":"product_cat-intaritori-pentru-sprancene","10":"product_cat-machiaj","11":"product_cat-machiaj-pentru-ochi-machiaj","12":"product_cat-sanatate-si-frumusete","13":"pa_gen-female","14":"pa_marime-1-buc","16":"first","17":"instock","18":"sale","19":"product-type-external","20":"entry","21":"content-bg","22":"loop-entry"},"acf":[],"yoast_head":"<!-- This site is optimized with the Yoast SEO plugin v27.3 - https:\/\/yoast.com\/product\/yoast-seo-wordpress\/ -->\n<title>MAYBELLINE NEW YORK Build-A-Brow creion dermatograf cu dou\u0103 capete pentru spr\u00e2ncene pentru fixare \u0219i form\u0103 culoare 255 Soft Brown 1 buc - SHOPATOA.COM<\/title>\n<meta name=\"robots\" content=\"index, follow, max-snippet:-1, max-image-preview:large, max-video-preview:-1\" \/>\n<link rel=\"canonical\" href=\"https:\/\/shopatoa.com\/ro\/maybelline-new-york-build-a-brow-creion-dermatograf-cu-doua-capete-pentru-sprancene-pentru-fixare-si-forma-culoare-255-soft-brown-1-buc\/\" \/>\n<meta property=\"og:locale\" content=\"ro_RO\" \/>\n<meta property=\"og:type\" content=\"article\" \/>\n<meta property=\"og:title\" content=\"MAYBELLINE NEW YORK Build-A-Brow creion dermatograf cu dou\u0103 capete pentru spr\u00e2ncene pentru fixare \u0219i form\u0103 culoare 255 Soft Brown 1 buc - SHOPATOA.COM\" \/>\n<meta property=\"og:description\" content=\"MAYBELLINE NEW YORK Build-A-Brow, 1 buc, Rimeluri \u0219i geluri pentru spr\u00e2ncene pentru femei, Spr\u00e2ncenele frumos \u00eengrijite v\u0103 accentueaz\u0103 frumuse\u021bea natural\u0103, deoarece \u00eencadreaz\u0103 \u00eentreaga fa\u021b\u0103. \u0218i este nevoie doar de pu\u021bin pentru a le face s\u0103 arate perfect. Pomada pentru spr\u00e2ncene MAYBELLINE NEW YORKBuild-A-Brow v\u0103 permite s\u0103 le eviden\u021bia\u021bi \u0219i s\u0103 le fixa\u021bi \u00eentr-un singur pas....\" \/>\n<meta property=\"og:url\" content=\"https:\/\/shopatoa.com\/ro\/maybelline-new-york-build-a-brow-creion-dermatograf-cu-doua-capete-pentru-sprancene-pentru-fixare-si-forma-culoare-255-soft-brown-1-buc\/\" \/>\n<meta property=\"og:site_name\" content=\"SHOPATOA\" \/>\n<meta property=\"article:modified_time\" content=\"2026-02-04T20:57:12+00:00\" \/>\n<meta property=\"og:image\" content=\"https:\/\/storage.googleapis.com\/cz-shopatoa-img\/ro\/dca7f791-unnamed-file.webp\" \/>\n\t<meta property=\"og:image:width\" content=\"800\" \/>\n\t<meta property=\"og:image:height\" content=\"800\" \/>\n\t<meta property=\"og:image:type\" content=\"image\/webp\" \/>\n<meta name=\"twitter:card\" content=\"summary_large_image\" \/>\n<meta name=\"twitter:label1\" content=\"Timp estimat pentru citire\" \/>\n\t<meta name=\"twitter:data1\" content=\"1 minut\" \/>\n<script type=\"application\/ld+json\" class=\"yoast-schema-graph\">{\"@context\":\"https:\\\/\\\/schema.org\",\"@graph\":[{\"@type\":\"WebPage\",\"@id\":\"https:\\\/\\\/shopatoa.com\\\/ro\\\/maybelline-new-york-build-a-brow-creion-dermatograf-cu-doua-capete-pentru-sprancene-pentru-fixare-si-forma-culoare-255-soft-brown-1-buc\\\/\",\"url\":\"https:\\\/\\\/shopatoa.com\\\/ro\\\/maybelline-new-york-build-a-brow-creion-dermatograf-cu-doua-capete-pentru-sprancene-pentru-fixare-si-forma-culoare-255-soft-brown-1-buc\\\/\",\"name\":\"MAYBELLINE NEW YORK Build-A-Brow creion dermatograf cu dou\u0103 capete pentru spr\u00e2ncene pentru fixare \u0219i form\u0103 culoare 255 Soft Brown 1 buc - SHOPATOA.COM\",\"isPartOf\":{\"@id\":\"https:\\\/\\\/shopatoa.com\\\/ro\\\/#website\"},\"primaryImageOfPage\":{\"@id\":\"https:\\\/\\\/shopatoa.com\\\/ro\\\/maybelline-new-york-build-a-brow-creion-dermatograf-cu-doua-capete-pentru-sprancene-pentru-fixare-si-forma-culoare-255-soft-brown-1-buc\\\/#primaryimage\"},\"image\":{\"@id\":\"https:\\\/\\\/shopatoa.com\\\/ro\\\/maybelline-new-york-build-a-brow-creion-dermatograf-cu-doua-capete-pentru-sprancene-pentru-fixare-si-forma-culoare-255-soft-brown-1-buc\\\/#primaryimage\"},\"thumbnailUrl\":\"https:\\\/\\\/storage.googleapis.com\\\/cz-shopatoa-img\\\/ro\\\/dca7f791-unnamed-file.webp\",\"datePublished\":\"2025-06-25T02:37:27+00:00\",\"dateModified\":\"2026-02-04T20:57:12+00:00\",\"breadcrumb\":{\"@id\":\"https:\\\/\\\/shopatoa.com\\\/ro\\\/maybelline-new-york-build-a-brow-creion-dermatograf-cu-doua-capete-pentru-sprancene-pentru-fixare-si-forma-culoare-255-soft-brown-1-buc\\\/#breadcrumb\"},\"inLanguage\":\"ro-RO\",\"potentialAction\":[{\"@type\":\"ReadAction\",\"target\":[\"https:\\\/\\\/shopatoa.com\\\/ro\\\/maybelline-new-york-build-a-brow-creion-dermatograf-cu-doua-capete-pentru-sprancene-pentru-fixare-si-forma-culoare-255-soft-brown-1-buc\\\/\"]}]},{\"@type\":\"ImageObject\",\"inLanguage\":\"ro-RO\",\"@id\":\"https:\\\/\\\/shopatoa.com\\\/ro\\\/maybelline-new-york-build-a-brow-creion-dermatograf-cu-doua-capete-pentru-sprancene-pentru-fixare-si-forma-culoare-255-soft-brown-1-buc\\\/#primaryimage\",\"url\":\"https:\\\/\\\/storage.googleapis.com\\\/cz-shopatoa-img\\\/ro\\\/dca7f791-unnamed-file.webp\",\"contentUrl\":\"https:\\\/\\\/storage.googleapis.com\\\/cz-shopatoa-img\\\/ro\\\/dca7f791-unnamed-file.webp\",\"width\":800,\"height\":800},{\"@type\":\"BreadcrumbList\",\"@id\":\"https:\\\/\\\/shopatoa.com\\\/ro\\\/maybelline-new-york-build-a-brow-creion-dermatograf-cu-doua-capete-pentru-sprancene-pentru-fixare-si-forma-culoare-255-soft-brown-1-buc\\\/#breadcrumb\",\"itemListElement\":[{\"@type\":\"ListItem\",\"position\":1,\"name\":\"Dom\u016f\",\"item\":\"https:\\\/\\\/shopatoa.com\\\/ro\\\/\"},{\"@type\":\"ListItem\",\"position\":2,\"name\":\"Shop\",\"item\":\"https:\\\/\\\/shopatoa.com\\\/ro\\\/shop\\\/\"},{\"@type\":\"ListItem\",\"position\":3,\"name\":\"S\u0103n\u0103tate \u0219i frumuse\u021be\",\"item\":\"https:\\\/\\\/shopatoa.com\\\/ro\\\/sanatate-si-frumusete\\\/\"},{\"@type\":\"ListItem\",\"position\":4,\"name\":\"\u00cengrijire personal\u0103\",\"item\":\"https:\\\/\\\/shopatoa.com\\\/ro\\\/ingrijire-personala\\\/\"},{\"@type\":\"ListItem\",\"position\":5,\"name\":\"Cosmetice\",\"item\":\"https:\\\/\\\/shopatoa.com\\\/ro\\\/cosmetice-ingrijire-personala\\\/\"},{\"@type\":\"ListItem\",\"position\":6,\"name\":\"Machiaj\",\"item\":\"https:\\\/\\\/shopatoa.com\\\/ro\\\/machiaj\\\/\"},{\"@type\":\"ListItem\",\"position\":7,\"name\":\"Machiaj pentru ochi\",\"item\":\"https:\\\/\\\/shopatoa.com\\\/ro\\\/machiaj-pentru-ochi-machiaj\\\/\"},{\"@type\":\"ListItem\",\"position\":8,\"name\":\"\u00cent\u0103ritori pentru spr\u00e2ncene\",\"item\":\"https:\\\/\\\/shopatoa.com\\\/ro\\\/intaritori-pentru-sprancene\\\/\"},{\"@type\":\"ListItem\",\"position\":9,\"name\":\"MAYBELLINE NEW YORK Build-A-Brow creion dermatograf cu dou\u0103 capete pentru spr\u00e2ncene pentru fixare \u0219i form\u0103 culoare 255 Soft Brown 1 buc\"}]},{\"@type\":\"WebSite\",\"@id\":\"https:\\\/\\\/shopatoa.com\\\/ro\\\/#website\",\"url\":\"https:\\\/\\\/shopatoa.com\\\/ro\\\/\",\"name\":\"SHOPATOA\",\"description\":\"\",\"publisher\":{\"@id\":\"https:\\\/\\\/shopatoa.com\\\/ro\\\/#organization\"},\"potentialAction\":[{\"@type\":\"SearchAction\",\"target\":{\"@type\":\"EntryPoint\",\"urlTemplate\":\"https:\\\/\\\/shopatoa.com\\\/ro\\\/?s={search_term_string}\"},\"query-input\":{\"@type\":\"PropertyValueSpecification\",\"valueRequired\":true,\"valueName\":\"search_term_string\"}}],\"inLanguage\":\"ro-RO\"},{\"@type\":\"Organization\",\"@id\":\"https:\\\/\\\/shopatoa.com\\\/ro\\\/#organization\",\"name\":\"SHOPATOA\",\"url\":\"https:\\\/\\\/shopatoa.com\\\/ro\\\/\",\"logo\":{\"@type\":\"ImageObject\",\"inLanguage\":\"ro-RO\",\"@id\":\"https:\\\/\\\/shopatoa.com\\\/ro\\\/#\\\/schema\\\/logo\\\/image\\\/\",\"url\":\"https:\\\/\\\/storage.googleapis.com\\\/cz-shopatoa-img\\\/ro\\\/b4dac915-shopatoa_logo.png\",\"contentUrl\":\"https:\\\/\\\/storage.googleapis.com\\\/cz-shopatoa-img\\\/ro\\\/b4dac915-shopatoa_logo.png\",\"width\":416,\"height\":63,\"caption\":\"SHOPATOA\"},\"image\":{\"@id\":\"https:\\\/\\\/shopatoa.com\\\/ro\\\/#\\\/schema\\\/logo\\\/image\\\/\"}}]}<\/script>\n<!-- \/ Yoast SEO plugin. -->","yoast_head_json":{"title":"MAYBELLINE NEW YORK Build-A-Brow creion dermatograf cu dou\u0103 capete pentru spr\u00e2ncene pentru fixare \u0219i form\u0103 culoare 255 Soft Brown 1 buc - SHOPATOA.COM","robots":{"index":"index","follow":"follow","max-snippet":"max-snippet:-1","max-image-preview":"max-image-preview:large","max-video-preview":"max-video-preview:-1"},"canonical":"https:\/\/shopatoa.com\/ro\/maybelline-new-york-build-a-brow-creion-dermatograf-cu-doua-capete-pentru-sprancene-pentru-fixare-si-forma-culoare-255-soft-brown-1-buc\/","og_locale":"ro_RO","og_type":"article","og_title":"MAYBELLINE NEW YORK Build-A-Brow creion dermatograf cu dou\u0103 capete pentru spr\u00e2ncene pentru fixare \u0219i form\u0103 culoare 255 Soft Brown 1 buc - SHOPATOA.COM","og_description":"MAYBELLINE NEW YORK Build-A-Brow, 1 buc, Rimeluri \u0219i geluri pentru spr\u00e2ncene pentru femei, Spr\u00e2ncenele frumos \u00eengrijite v\u0103 accentueaz\u0103 frumuse\u021bea natural\u0103, deoarece \u00eencadreaz\u0103 \u00eentreaga fa\u021b\u0103. \u0218i este nevoie doar de pu\u021bin pentru a le face s\u0103 arate perfect. Pomada pentru spr\u00e2ncene MAYBELLINE NEW YORKBuild-A-Brow v\u0103 permite s\u0103 le eviden\u021bia\u021bi \u0219i s\u0103 le fixa\u021bi \u00eentr-un singur pas....","og_url":"https:\/\/shopatoa.com\/ro\/maybelline-new-york-build-a-brow-creion-dermatograf-cu-doua-capete-pentru-sprancene-pentru-fixare-si-forma-culoare-255-soft-brown-1-buc\/","og_site_name":"SHOPATOA","article_modified_time":"2026-02-04T20:57:12+00:00","og_image":[{"width":800,"height":800,"url":"https:\/\/storage.googleapis.com\/cz-shopatoa-img\/ro\/dca7f791-unnamed-file.webp","type":"image\/webp"}],"twitter_card":"summary_large_image","twitter_misc":{"Timp estimat pentru citire":"1 minut"},"schema":{"@context":"https:\/\/schema.org","@graph":[{"@type":"WebPage","@id":"https:\/\/shopatoa.com\/ro\/maybelline-new-york-build-a-brow-creion-dermatograf-cu-doua-capete-pentru-sprancene-pentru-fixare-si-forma-culoare-255-soft-brown-1-buc\/","url":"https:\/\/shopatoa.com\/ro\/maybelline-new-york-build-a-brow-creion-dermatograf-cu-doua-capete-pentru-sprancene-pentru-fixare-si-forma-culoare-255-soft-brown-1-buc\/","name":"MAYBELLINE NEW YORK Build-A-Brow creion dermatograf cu dou\u0103 capete pentru spr\u00e2ncene pentru fixare \u0219i form\u0103 culoare 255 Soft Brown 1 buc - SHOPATOA.COM","isPartOf":{"@id":"https:\/\/shopatoa.com\/ro\/#website"},"primaryImageOfPage":{"@id":"https:\/\/shopatoa.com\/ro\/maybelline-new-york-build-a-brow-creion-dermatograf-cu-doua-capete-pentru-sprancene-pentru-fixare-si-forma-culoare-255-soft-brown-1-buc\/#primaryimage"},"image":{"@id":"https:\/\/shopatoa.com\/ro\/maybelline-new-york-build-a-brow-creion-dermatograf-cu-doua-capete-pentru-sprancene-pentru-fixare-si-forma-culoare-255-soft-brown-1-buc\/#primaryimage"},"thumbnailUrl":"https:\/\/storage.googleapis.com\/cz-shopatoa-img\/ro\/dca7f791-unnamed-file.webp","datePublished":"2025-06-25T02:37:27+00:00","dateModified":"2026-02-04T20:57:12+00:00","breadcrumb":{"@id":"https:\/\/shopatoa.com\/ro\/maybelline-new-york-build-a-brow-creion-dermatograf-cu-doua-capete-pentru-sprancene-pentru-fixare-si-forma-culoare-255-soft-brown-1-buc\/#breadcrumb"},"inLanguage":"ro-RO","potentialAction":[{"@type":"ReadAction","target":["https:\/\/shopatoa.com\/ro\/maybelline-new-york-build-a-brow-creion-dermatograf-cu-doua-capete-pentru-sprancene-pentru-fixare-si-forma-culoare-255-soft-brown-1-buc\/"]}]},{"@type":"ImageObject","inLanguage":"ro-RO","@id":"https:\/\/shopatoa.com\/ro\/maybelline-new-york-build-a-brow-creion-dermatograf-cu-doua-capete-pentru-sprancene-pentru-fixare-si-forma-culoare-255-soft-brown-1-buc\/#primaryimage","url":"https:\/\/storage.googleapis.com\/cz-shopatoa-img\/ro\/dca7f791-unnamed-file.webp","contentUrl":"https:\/\/storage.googleapis.com\/cz-shopatoa-img\/ro\/dca7f791-unnamed-file.webp","width":800,"height":800},{"@type":"BreadcrumbList","@id":"https:\/\/shopatoa.com\/ro\/maybelline-new-york-build-a-brow-creion-dermatograf-cu-doua-capete-pentru-sprancene-pentru-fixare-si-forma-culoare-255-soft-brown-1-buc\/#breadcrumb","itemListElement":[{"@type":"ListItem","position":1,"name":"Dom\u016f","item":"https:\/\/shopatoa.com\/ro\/"},{"@type":"ListItem","position":2,"name":"Shop","item":"https:\/\/shopatoa.com\/ro\/shop\/"},{"@type":"ListItem","position":3,"name":"S\u0103n\u0103tate \u0219i frumuse\u021be","item":"https:\/\/shopatoa.com\/ro\/sanatate-si-frumusete\/"},{"@type":"ListItem","position":4,"name":"\u00cengrijire personal\u0103","item":"https:\/\/shopatoa.com\/ro\/ingrijire-personala\/"},{"@type":"ListItem","position":5,"name":"Cosmetice","item":"https:\/\/shopatoa.com\/ro\/cosmetice-ingrijire-personala\/"},{"@type":"ListItem","position":6,"name":"Machiaj","item":"https:\/\/shopatoa.com\/ro\/machiaj\/"},{"@type":"ListItem","position":7,"name":"Machiaj pentru ochi","item":"https:\/\/shopatoa.com\/ro\/machiaj-pentru-ochi-machiaj\/"},{"@type":"ListItem","position":8,"name":"\u00cent\u0103ritori pentru spr\u00e2ncene","item":"https:\/\/shopatoa.com\/ro\/intaritori-pentru-sprancene\/"},{"@type":"ListItem","position":9,"name":"MAYBELLINE NEW YORK Build-A-Brow creion dermatograf cu dou\u0103 capete pentru spr\u00e2ncene pentru fixare \u0219i form\u0103 culoare 255 Soft Brown 1 buc"}]},{"@type":"WebSite","@id":"https:\/\/shopatoa.com\/ro\/#website","url":"https:\/\/shopatoa.com\/ro\/","name":"SHOPATOA","description":"","publisher":{"@id":"https:\/\/shopatoa.com\/ro\/#organization"},"potentialAction":[{"@type":"SearchAction","target":{"@type":"EntryPoint","urlTemplate":"https:\/\/shopatoa.com\/ro\/?s={search_term_string}"},"query-input":{"@type":"PropertyValueSpecification","valueRequired":true,"valueName":"search_term_string"}}],"inLanguage":"ro-RO"},{"@type":"Organization","@id":"https:\/\/shopatoa.com\/ro\/#organization","name":"SHOPATOA","url":"https:\/\/shopatoa.com\/ro\/","logo":{"@type":"ImageObject","inLanguage":"ro-RO","@id":"https:\/\/shopatoa.com\/ro\/#\/schema\/logo\/image\/","url":"https:\/\/storage.googleapis.com\/cz-shopatoa-img\/ro\/b4dac915-shopatoa_logo.png","contentUrl":"https:\/\/storage.googleapis.com\/cz-shopatoa-img\/ro\/b4dac915-shopatoa_logo.png","width":416,"height":63,"caption":"SHOPATOA"},"image":{"@id":"https:\/\/shopatoa.com\/ro\/#\/schema\/logo\/image\/"}}]}},"_links":{"self":[{"href":"https:\/\/shopatoa.com\/ro\/wp-json\/wp\/v2\/product\/450589","targetHints":{"allow":["GET"]}}],"collection":[{"href":"https:\/\/shopatoa.com\/ro\/wp-json\/wp\/v2\/product"}],"about":[{"href":"https:\/\/shopatoa.com\/ro\/wp-json\/wp\/v2\/types\/product"}],"replies":[{"embeddable":true,"href":"https:\/\/shopatoa.com\/ro\/wp-json\/wp\/v2\/comments?post=450589"}],"wp:featuredmedia":[{"embeddable":true,"href":"https:\/\/shopatoa.com\/ro\/wp-json\/wp\/v2\/media\/450590"}],"wp:attachment":[{"href":"https:\/\/shopatoa.com\/ro\/wp-json\/wp\/v2\/media?parent=450589"}],"wp:term":[{"taxonomy":"product_brand","embeddable":true,"href":"https:\/\/shopatoa.com\/ro\/wp-json\/wp\/v2\/product_brand?post=450589"},{"taxonomy":"product_cat","embeddable":true,"href":"https:\/\/shopatoa.com\/ro\/wp-json\/wp\/v2\/product_cat?post=450589"},{"taxonomy":"product_tag","embeddable":true,"href":"https:\/\/shopatoa.com\/ro\/wp-json\/wp\/v2\/product_tag?post=450589"}],"curies":[{"name":"wp","href":"https:\/\/api.w.org\/{rel}","templated":true}]}}