{"id":450749,"date":"2025-06-25T04:52:05","date_gmt":"2025-06-25T02:52:05","guid":{"rendered":"https:\/\/shopatoa.com\/ro\/beauty-jar-desert-rose-sapun-pentru-curatarea-fetei-pentru-piele-sensibila-25-g\/"},"modified":"2026-02-04T21:32:16","modified_gmt":"2026-02-04T20:32:16","slug":"beauty-jar-desert-rose-sapun-pentru-curatarea-fetei-pentru-piele-sensibila-25-g","status":"publish","type":"product","link":"https:\/\/shopatoa.com\/ro\/beauty-jar-desert-rose-sapun-pentru-curatarea-fetei-pentru-piele-sensibila-25-g\/","title":{"rendered":"Beauty Jar Desert Rose sapun pentru curatarea fetei pentru piele sensibil\u0103 25 g"},"content":{"rendered":"<p>Beauty Jar Desert Rose, 25 g, Cur\u0103\u021barea pielii pentru femei, Produsul pentru cur\u0103\u021barea pielii Beauty Jar Desert Rose reprezint\u0103 alegerea potrivit\u0103 pentru \u00eengrijirea zilnic\u0103.  Caracteristici:  spal\u0103 u\u0219or \u0219i temeinic \u00eentreaga fa\u021b\u0103 se recomand\u0103 pentru tenul sensibil are efect de calmare \u00eemprosp\u0103teaz\u0103 pl\u0103cut nu irit\u0103 pielea  Ingrediente:  argil\u0103 \u2013 datorit\u0103 suprafe\u021bei sale poroase are propriet\u0103\u021bi excelente de absorb\u021bie, cur\u0103\u021b\u0103 \u00een profunzime, ajut\u0103 la decolmatarea porilor \u0219i \u00eendep\u0103rteaz\u0103 sebumul excesiv, impurit\u0103\u021bile \u0219i celulele moarte cutanate ulei de migdale \u2013 hr\u0103ne\u0219te, ajut\u0103 la fixarea umidit\u0103\u021bii \u00een piele \u0219i la men\u021binerea hidrat\u0103rii acesteia, catifeleaz\u0103 textura dur\u0103 \u0219i imperfec\u021biunile cutanate, ajut\u0103 la prevenirea solzilor usca\u021bi \u0219i a irita\u021biilor unt de shea \u2013 hr\u0103ne\u0219te, ajut\u0103 la men\u021binerea umidit\u0103\u021bii necesare \u00een piele, confer\u0103 catifelare \u0219i netezime, ofer\u0103 protec\u021bie \u00eempotriva usc\u0103rii \u0219i a influen\u021belor externe d\u0103un\u0103toare  Cum se utilizeaz\u0103: Aplica\u021bi pe palma umezit\u0103 \u00een prealabil \u0219i masa\u021bi pentru a crea o spum\u0103 delicat\u0103. Se aplic\u0103 pe fa\u021ba umed\u0103, prin masaj delicat \u0219i se cl\u0103te\u0219te atent cu ap\u0103.<\/p>\n","protected":false},"excerpt":{"rendered":"<p>Beauty Jar Desert Rose, 25 g, Cur\u0103\u021barea pielii pentru femei, Produsul pentru cur\u0103\u021barea pielii Beauty Jar Desert Rose reprezint\u0103 alegerea potrivit\u0103 pentru \u00eengrijirea zilnic\u0103. Caracteristici: spal\u0103 u\u0219or \u0219i temeinic \u00eentreaga fa\u021b\u0103 se recomand\u0103 pentru tenul sensibil are efect de calmare \u00eemprosp\u0103teaz\u0103 pl\u0103cut nu irit\u0103 pielea Ingrediente: argil\u0103 \u2013 datorit\u0103 suprafe\u021bei sale poroase are propriet\u0103\u021bi excelente&#8230;<\/p>\n","protected":false},"featured_media":450750,"comment_status":"closed","ping_status":"open","template":"","meta":{"_acf_changed":false,"_kadence_starter_templates_imported_post":false,"_kad_post_transparent":"","_kad_post_title":"","_kad_post_layout":"","_kad_post_sidebar_id":"","_kad_post_content_style":"","_kad_post_vertical_padding":"","_kad_post_feature":"","_kad_post_feature_position":"","_kad_post_header":false,"_kad_post_footer":false,"_kad_post_classname":""},"product_brand":[1625],"product_cat":[1564,1616,1563,1565,1562],"product_tag":[],"class_list":{"0":"post-450749","1":"product","2":"type-product","3":"status-publish","4":"has-post-thumbnail","6":"product_brand-beauty-jar","7":"product_cat-cosmetice-ingrijire-personala","8":"product_cat-demachiante-faciale","9":"product_cat-ingrijire-personala","10":"product_cat-ingrijirea-pielii","11":"product_cat-sanatate-si-frumusete","12":"pa_gen-female","13":"pa_marime-25-g","15":"first","16":"instock","17":"product-type-external","18":"entry","19":"content-bg","20":"loop-entry"},"acf":[],"yoast_head":"<!-- This site is optimized with the Yoast SEO plugin v27.4 - https:\/\/yoast.com\/product\/yoast-seo-wordpress\/ -->\n<title>Beauty Jar Desert Rose sapun pentru curatarea fetei pentru piele sensibil\u0103 25 g - SHOPATOA.COM<\/title>\n<meta name=\"robots\" content=\"index, follow, max-snippet:-1, max-image-preview:large, max-video-preview:-1\" \/>\n<link rel=\"canonical\" href=\"https:\/\/shopatoa.com\/ro\/beauty-jar-desert-rose-sapun-pentru-curatarea-fetei-pentru-piele-sensibila-25-g\/\" \/>\n<meta property=\"og:locale\" content=\"ro_RO\" \/>\n<meta property=\"og:type\" content=\"article\" \/>\n<meta property=\"og:title\" content=\"Beauty Jar Desert Rose sapun pentru curatarea fetei pentru piele sensibil\u0103 25 g - SHOPATOA.COM\" \/>\n<meta property=\"og:description\" content=\"Beauty Jar Desert Rose, 25 g, Cur\u0103\u021barea pielii pentru femei, Produsul pentru cur\u0103\u021barea pielii Beauty Jar Desert Rose reprezint\u0103 alegerea potrivit\u0103 pentru \u00eengrijirea zilnic\u0103. Caracteristici: spal\u0103 u\u0219or \u0219i temeinic \u00eentreaga fa\u021b\u0103 se recomand\u0103 pentru tenul sensibil are efect de calmare \u00eemprosp\u0103teaz\u0103 pl\u0103cut nu irit\u0103 pielea Ingrediente: argil\u0103 \u2013 datorit\u0103 suprafe\u021bei sale poroase are propriet\u0103\u021bi excelente...\" \/>\n<meta property=\"og:url\" content=\"https:\/\/shopatoa.com\/ro\/beauty-jar-desert-rose-sapun-pentru-curatarea-fetei-pentru-piele-sensibila-25-g\/\" \/>\n<meta property=\"og:site_name\" content=\"SHOPATOA\" \/>\n<meta property=\"article:modified_time\" content=\"2026-02-04T20:32:16+00:00\" \/>\n<meta property=\"og:image\" content=\"https:\/\/storage.googleapis.com\/cz-shopatoa-img\/ro\/0700b9d8-unnamed-file.webp\" \/>\n\t<meta property=\"og:image:width\" content=\"800\" \/>\n\t<meta property=\"og:image:height\" content=\"800\" \/>\n\t<meta property=\"og:image:type\" content=\"image\/webp\" \/>\n<meta name=\"twitter:card\" content=\"summary_large_image\" \/>\n<meta name=\"twitter:label1\" content=\"Timp estimat pentru citire\" \/>\n\t<meta name=\"twitter:data1\" content=\"1 minut\" \/>\n<script type=\"application\/ld+json\" class=\"yoast-schema-graph\">{\"@context\":\"https:\\\/\\\/schema.org\",\"@graph\":[{\"@type\":\"WebPage\",\"@id\":\"https:\\\/\\\/shopatoa.com\\\/ro\\\/beauty-jar-desert-rose-sapun-pentru-curatarea-fetei-pentru-piele-sensibila-25-g\\\/\",\"url\":\"https:\\\/\\\/shopatoa.com\\\/ro\\\/beauty-jar-desert-rose-sapun-pentru-curatarea-fetei-pentru-piele-sensibila-25-g\\\/\",\"name\":\"Beauty Jar Desert Rose sapun pentru curatarea fetei pentru piele sensibil\u0103 25 g - SHOPATOA.COM\",\"isPartOf\":{\"@id\":\"https:\\\/\\\/shopatoa.com\\\/ro\\\/#website\"},\"primaryImageOfPage\":{\"@id\":\"https:\\\/\\\/shopatoa.com\\\/ro\\\/beauty-jar-desert-rose-sapun-pentru-curatarea-fetei-pentru-piele-sensibila-25-g\\\/#primaryimage\"},\"image\":{\"@id\":\"https:\\\/\\\/shopatoa.com\\\/ro\\\/beauty-jar-desert-rose-sapun-pentru-curatarea-fetei-pentru-piele-sensibila-25-g\\\/#primaryimage\"},\"thumbnailUrl\":\"https:\\\/\\\/storage.googleapis.com\\\/cz-shopatoa-img\\\/ro\\\/0700b9d8-unnamed-file.webp\",\"datePublished\":\"2025-06-25T02:52:05+00:00\",\"dateModified\":\"2026-02-04T20:32:16+00:00\",\"breadcrumb\":{\"@id\":\"https:\\\/\\\/shopatoa.com\\\/ro\\\/beauty-jar-desert-rose-sapun-pentru-curatarea-fetei-pentru-piele-sensibila-25-g\\\/#breadcrumb\"},\"inLanguage\":\"ro-RO\",\"potentialAction\":[{\"@type\":\"ReadAction\",\"target\":[\"https:\\\/\\\/shopatoa.com\\\/ro\\\/beauty-jar-desert-rose-sapun-pentru-curatarea-fetei-pentru-piele-sensibila-25-g\\\/\"]}]},{\"@type\":\"ImageObject\",\"inLanguage\":\"ro-RO\",\"@id\":\"https:\\\/\\\/shopatoa.com\\\/ro\\\/beauty-jar-desert-rose-sapun-pentru-curatarea-fetei-pentru-piele-sensibila-25-g\\\/#primaryimage\",\"url\":\"https:\\\/\\\/storage.googleapis.com\\\/cz-shopatoa-img\\\/ro\\\/0700b9d8-unnamed-file.webp\",\"contentUrl\":\"https:\\\/\\\/storage.googleapis.com\\\/cz-shopatoa-img\\\/ro\\\/0700b9d8-unnamed-file.webp\",\"width\":800,\"height\":800},{\"@type\":\"BreadcrumbList\",\"@id\":\"https:\\\/\\\/shopatoa.com\\\/ro\\\/beauty-jar-desert-rose-sapun-pentru-curatarea-fetei-pentru-piele-sensibila-25-g\\\/#breadcrumb\",\"itemListElement\":[{\"@type\":\"ListItem\",\"position\":1,\"name\":\"Dom\u016f\",\"item\":\"https:\\\/\\\/shopatoa.com\\\/ro\\\/\"},{\"@type\":\"ListItem\",\"position\":2,\"name\":\"Shop\",\"item\":\"https:\\\/\\\/shopatoa.com\\\/ro\\\/shop\\\/\"},{\"@type\":\"ListItem\",\"position\":3,\"name\":\"S\u0103n\u0103tate \u0219i frumuse\u021be\",\"item\":\"https:\\\/\\\/shopatoa.com\\\/ro\\\/sanatate-si-frumusete\\\/\"},{\"@type\":\"ListItem\",\"position\":4,\"name\":\"\u00cengrijire personal\u0103\",\"item\":\"https:\\\/\\\/shopatoa.com\\\/ro\\\/ingrijire-personala\\\/\"},{\"@type\":\"ListItem\",\"position\":5,\"name\":\"Cosmetice\",\"item\":\"https:\\\/\\\/shopatoa.com\\\/ro\\\/cosmetice-ingrijire-personala\\\/\"},{\"@type\":\"ListItem\",\"position\":6,\"name\":\"\u00cengrijirea pielii\",\"item\":\"https:\\\/\\\/shopatoa.com\\\/ro\\\/ingrijirea-pielii\\\/\"},{\"@type\":\"ListItem\",\"position\":7,\"name\":\"Demachiante faciale\",\"item\":\"https:\\\/\\\/shopatoa.com\\\/ro\\\/demachiante-faciale\\\/\"},{\"@type\":\"ListItem\",\"position\":8,\"name\":\"Beauty Jar Desert Rose sapun pentru curatarea fetei pentru piele sensibil\u0103 25 g\"}]},{\"@type\":\"WebSite\",\"@id\":\"https:\\\/\\\/shopatoa.com\\\/ro\\\/#website\",\"url\":\"https:\\\/\\\/shopatoa.com\\\/ro\\\/\",\"name\":\"SHOPATOA\",\"description\":\"\",\"publisher\":{\"@id\":\"https:\\\/\\\/shopatoa.com\\\/ro\\\/#organization\"},\"potentialAction\":[{\"@type\":\"SearchAction\",\"target\":{\"@type\":\"EntryPoint\",\"urlTemplate\":\"https:\\\/\\\/shopatoa.com\\\/ro\\\/?s={search_term_string}\"},\"query-input\":{\"@type\":\"PropertyValueSpecification\",\"valueRequired\":true,\"valueName\":\"search_term_string\"}}],\"inLanguage\":\"ro-RO\"},{\"@type\":\"Organization\",\"@id\":\"https:\\\/\\\/shopatoa.com\\\/ro\\\/#organization\",\"name\":\"SHOPATOA\",\"url\":\"https:\\\/\\\/shopatoa.com\\\/ro\\\/\",\"logo\":{\"@type\":\"ImageObject\",\"inLanguage\":\"ro-RO\",\"@id\":\"https:\\\/\\\/shopatoa.com\\\/ro\\\/#\\\/schema\\\/logo\\\/image\\\/\",\"url\":\"https:\\\/\\\/storage.googleapis.com\\\/cz-shopatoa-img\\\/ro\\\/b4dac915-shopatoa_logo.png\",\"contentUrl\":\"https:\\\/\\\/storage.googleapis.com\\\/cz-shopatoa-img\\\/ro\\\/b4dac915-shopatoa_logo.png\",\"width\":416,\"height\":63,\"caption\":\"SHOPATOA\"},\"image\":{\"@id\":\"https:\\\/\\\/shopatoa.com\\\/ro\\\/#\\\/schema\\\/logo\\\/image\\\/\"}}]}<\/script>\n<!-- \/ Yoast SEO plugin. -->","yoast_head_json":{"title":"Beauty Jar Desert Rose sapun pentru curatarea fetei pentru piele sensibil\u0103 25 g - SHOPATOA.COM","robots":{"index":"index","follow":"follow","max-snippet":"max-snippet:-1","max-image-preview":"max-image-preview:large","max-video-preview":"max-video-preview:-1"},"canonical":"https:\/\/shopatoa.com\/ro\/beauty-jar-desert-rose-sapun-pentru-curatarea-fetei-pentru-piele-sensibila-25-g\/","og_locale":"ro_RO","og_type":"article","og_title":"Beauty Jar Desert Rose sapun pentru curatarea fetei pentru piele sensibil\u0103 25 g - SHOPATOA.COM","og_description":"Beauty Jar Desert Rose, 25 g, Cur\u0103\u021barea pielii pentru femei, Produsul pentru cur\u0103\u021barea pielii Beauty Jar Desert Rose reprezint\u0103 alegerea potrivit\u0103 pentru \u00eengrijirea zilnic\u0103. Caracteristici: spal\u0103 u\u0219or \u0219i temeinic \u00eentreaga fa\u021b\u0103 se recomand\u0103 pentru tenul sensibil are efect de calmare \u00eemprosp\u0103teaz\u0103 pl\u0103cut nu irit\u0103 pielea Ingrediente: argil\u0103 \u2013 datorit\u0103 suprafe\u021bei sale poroase are propriet\u0103\u021bi excelente...","og_url":"https:\/\/shopatoa.com\/ro\/beauty-jar-desert-rose-sapun-pentru-curatarea-fetei-pentru-piele-sensibila-25-g\/","og_site_name":"SHOPATOA","article_modified_time":"2026-02-04T20:32:16+00:00","og_image":[{"width":800,"height":800,"url":"https:\/\/storage.googleapis.com\/cz-shopatoa-img\/ro\/0700b9d8-unnamed-file.webp","type":"image\/webp"}],"twitter_card":"summary_large_image","twitter_misc":{"Timp estimat pentru citire":"1 minut"},"schema":{"@context":"https:\/\/schema.org","@graph":[{"@type":"WebPage","@id":"https:\/\/shopatoa.com\/ro\/beauty-jar-desert-rose-sapun-pentru-curatarea-fetei-pentru-piele-sensibila-25-g\/","url":"https:\/\/shopatoa.com\/ro\/beauty-jar-desert-rose-sapun-pentru-curatarea-fetei-pentru-piele-sensibila-25-g\/","name":"Beauty Jar Desert Rose sapun pentru curatarea fetei pentru piele sensibil\u0103 25 g - SHOPATOA.COM","isPartOf":{"@id":"https:\/\/shopatoa.com\/ro\/#website"},"primaryImageOfPage":{"@id":"https:\/\/shopatoa.com\/ro\/beauty-jar-desert-rose-sapun-pentru-curatarea-fetei-pentru-piele-sensibila-25-g\/#primaryimage"},"image":{"@id":"https:\/\/shopatoa.com\/ro\/beauty-jar-desert-rose-sapun-pentru-curatarea-fetei-pentru-piele-sensibila-25-g\/#primaryimage"},"thumbnailUrl":"https:\/\/storage.googleapis.com\/cz-shopatoa-img\/ro\/0700b9d8-unnamed-file.webp","datePublished":"2025-06-25T02:52:05+00:00","dateModified":"2026-02-04T20:32:16+00:00","breadcrumb":{"@id":"https:\/\/shopatoa.com\/ro\/beauty-jar-desert-rose-sapun-pentru-curatarea-fetei-pentru-piele-sensibila-25-g\/#breadcrumb"},"inLanguage":"ro-RO","potentialAction":[{"@type":"ReadAction","target":["https:\/\/shopatoa.com\/ro\/beauty-jar-desert-rose-sapun-pentru-curatarea-fetei-pentru-piele-sensibila-25-g\/"]}]},{"@type":"ImageObject","inLanguage":"ro-RO","@id":"https:\/\/shopatoa.com\/ro\/beauty-jar-desert-rose-sapun-pentru-curatarea-fetei-pentru-piele-sensibila-25-g\/#primaryimage","url":"https:\/\/storage.googleapis.com\/cz-shopatoa-img\/ro\/0700b9d8-unnamed-file.webp","contentUrl":"https:\/\/storage.googleapis.com\/cz-shopatoa-img\/ro\/0700b9d8-unnamed-file.webp","width":800,"height":800},{"@type":"BreadcrumbList","@id":"https:\/\/shopatoa.com\/ro\/beauty-jar-desert-rose-sapun-pentru-curatarea-fetei-pentru-piele-sensibila-25-g\/#breadcrumb","itemListElement":[{"@type":"ListItem","position":1,"name":"Dom\u016f","item":"https:\/\/shopatoa.com\/ro\/"},{"@type":"ListItem","position":2,"name":"Shop","item":"https:\/\/shopatoa.com\/ro\/shop\/"},{"@type":"ListItem","position":3,"name":"S\u0103n\u0103tate \u0219i frumuse\u021be","item":"https:\/\/shopatoa.com\/ro\/sanatate-si-frumusete\/"},{"@type":"ListItem","position":4,"name":"\u00cengrijire personal\u0103","item":"https:\/\/shopatoa.com\/ro\/ingrijire-personala\/"},{"@type":"ListItem","position":5,"name":"Cosmetice","item":"https:\/\/shopatoa.com\/ro\/cosmetice-ingrijire-personala\/"},{"@type":"ListItem","position":6,"name":"\u00cengrijirea pielii","item":"https:\/\/shopatoa.com\/ro\/ingrijirea-pielii\/"},{"@type":"ListItem","position":7,"name":"Demachiante faciale","item":"https:\/\/shopatoa.com\/ro\/demachiante-faciale\/"},{"@type":"ListItem","position":8,"name":"Beauty Jar Desert Rose sapun pentru curatarea fetei pentru piele sensibil\u0103 25 g"}]},{"@type":"WebSite","@id":"https:\/\/shopatoa.com\/ro\/#website","url":"https:\/\/shopatoa.com\/ro\/","name":"SHOPATOA","description":"","publisher":{"@id":"https:\/\/shopatoa.com\/ro\/#organization"},"potentialAction":[{"@type":"SearchAction","target":{"@type":"EntryPoint","urlTemplate":"https:\/\/shopatoa.com\/ro\/?s={search_term_string}"},"query-input":{"@type":"PropertyValueSpecification","valueRequired":true,"valueName":"search_term_string"}}],"inLanguage":"ro-RO"},{"@type":"Organization","@id":"https:\/\/shopatoa.com\/ro\/#organization","name":"SHOPATOA","url":"https:\/\/shopatoa.com\/ro\/","logo":{"@type":"ImageObject","inLanguage":"ro-RO","@id":"https:\/\/shopatoa.com\/ro\/#\/schema\/logo\/image\/","url":"https:\/\/storage.googleapis.com\/cz-shopatoa-img\/ro\/b4dac915-shopatoa_logo.png","contentUrl":"https:\/\/storage.googleapis.com\/cz-shopatoa-img\/ro\/b4dac915-shopatoa_logo.png","width":416,"height":63,"caption":"SHOPATOA"},"image":{"@id":"https:\/\/shopatoa.com\/ro\/#\/schema\/logo\/image\/"}}]}},"_links":{"self":[{"href":"https:\/\/shopatoa.com\/ro\/wp-json\/wp\/v2\/product\/450749","targetHints":{"allow":["GET"]}}],"collection":[{"href":"https:\/\/shopatoa.com\/ro\/wp-json\/wp\/v2\/product"}],"about":[{"href":"https:\/\/shopatoa.com\/ro\/wp-json\/wp\/v2\/types\/product"}],"replies":[{"embeddable":true,"href":"https:\/\/shopatoa.com\/ro\/wp-json\/wp\/v2\/comments?post=450749"}],"wp:featuredmedia":[{"embeddable":true,"href":"https:\/\/shopatoa.com\/ro\/wp-json\/wp\/v2\/media\/450750"}],"wp:attachment":[{"href":"https:\/\/shopatoa.com\/ro\/wp-json\/wp\/v2\/media?parent=450749"}],"wp:term":[{"taxonomy":"product_brand","embeddable":true,"href":"https:\/\/shopatoa.com\/ro\/wp-json\/wp\/v2\/product_brand?post=450749"},{"taxonomy":"product_cat","embeddable":true,"href":"https:\/\/shopatoa.com\/ro\/wp-json\/wp\/v2\/product_cat?post=450749"},{"taxonomy":"product_tag","embeddable":true,"href":"https:\/\/shopatoa.com\/ro\/wp-json\/wp\/v2\/product_tag?post=450749"}],"curies":[{"name":"wp","href":"https:\/\/api.w.org\/{rel}","templated":true}]}}