{"id":450833,"date":"2025-06-25T05:01:16","date_gmt":"2025-06-25T03:01:16","guid":{"rendered":"https:\/\/shopatoa.com\/ro\/childhome-baby-necessities-canvas-leopard-geanta-pentru-cosmetice-1-buc\/"},"modified":"2025-06-25T05:01:24","modified_gmt":"2025-06-25T03:01:24","slug":"childhome-baby-necessities-canvas-leopard-geanta-pentru-cosmetice-1-buc","status":"publish","type":"product","link":"https:\/\/shopatoa.com\/ro\/childhome-baby-necessities-canvas-leopard-geanta-pentru-cosmetice-1-buc\/","title":{"rendered":"Childhome Baby Necessities Canvas Leopard geant\u0103 pentru cosmetice 1 buc"},"content":{"rendered":"<p>Childhome Baby Necessities Canvas Leopard, 1 buc, Gen\u021bi \u0219i rucsacuri pentru copii pentru femei, Geanta de cosmetice Childhome Baby Necessities Canvas Leopard este excelent\u0103 pentru toate acele produse cosmetice \u0219i de igien\u0103 indispensabile bebelu\u0219ului dvs., f\u0103r\u0103 de care nu ie\u0219i\u021bi din cas\u0103. Datorit\u0103 \u00eenchiderii sigure, nimic nu se vars\u0103, toate r\u0103m\u00e2n la locul lor, iar dvs. g\u0103si\u021bi imediat ce v\u0103 trebuie.  Caracteristici:  ofer\u0103 posibilitatea unor utiliz\u0103ri versatile material rezistent \u0219i de calitate \u00eenchidere practic\u0103, cu fermoar geant\u0103 spa\u021bioas\u0103 pentru cosmetice, ideal\u0103 pentru c\u0103l\u0103torii lungi u\u0219or de \u00eentre\u021binut, datorit\u0103 materialului lavabil design elegant \u0219i trendy design modern \u0219i inedit spa\u021biu suficient  Cum se utilizeaz\u0103: Dac\u0103 s-a murd\u0103rit, este suficient s\u0103-l \u0219terge\u021bi cu o c\u00e2rp\u0103 umed\u0103. Nu poate fi sp\u0103lat la ma\u0219in\u0103.<\/p>\n","protected":false},"excerpt":{"rendered":"<p>Childhome Baby Necessities Canvas Leopard, 1 buc, Gen\u021bi \u0219i rucsacuri pentru copii pentru femei, Geanta de cosmetice Childhome Baby Necessities Canvas Leopard este excelent\u0103 pentru toate acele produse cosmetice \u0219i de igien\u0103 indispensabile bebelu\u0219ului dvs., f\u0103r\u0103 de care nu ie\u0219i\u021bi din cas\u0103. Datorit\u0103 \u00eenchiderii sigure, nimic nu se vars\u0103, toate r\u0103m\u00e2n la locul lor, iar&#8230;<\/p>\n","protected":false},"featured_media":450834,"comment_status":"closed","ping_status":"open","template":"","meta":{"_acf_changed":false,"_kadence_starter_templates_imported_post":false,"_kad_post_transparent":"","_kad_post_title":"","_kad_post_layout":"","_kad_post_sidebar_id":"","_kad_post_content_style":"","_kad_post_vertical_padding":"","_kad_post_feature":"","_kad_post_feature_position":"","_kad_post_header":false,"_kad_post_footer":false,"_kad_post_classname":""},"product_brand":[3703],"product_cat":[3217,1564,3218,1563,1576,1562],"product_tag":[],"class_list":{"0":"post-450833","1":"product","2":"type-product","3":"status-publish","4":"has-post-thumbnail","6":"product_brand-childhome","7":"product_cat-accesorii","8":"product_cat-cosmetice-ingrijire-personala","9":"product_cat-genti-cosmetice","10":"product_cat-ingrijire-personala","11":"product_cat-machiaj","12":"product_cat-sanatate-si-frumusete","13":"pa_gen-female","14":"pa_marime-1-buc","16":"first","17":"instock","18":"sale","19":"product-type-external","20":"entry","21":"content-bg","22":"loop-entry"},"acf":[],"yoast_head":"<!-- This site is optimized with the Yoast SEO plugin v27.4 - https:\/\/yoast.com\/product\/yoast-seo-wordpress\/ -->\n<title>Childhome Baby Necessities Canvas Leopard geant\u0103 pentru cosmetice 1 buc - SHOPATOA.COM<\/title>\n<meta name=\"robots\" content=\"index, follow, max-snippet:-1, max-image-preview:large, max-video-preview:-1\" \/>\n<link rel=\"canonical\" href=\"https:\/\/shopatoa.com\/ro\/childhome-baby-necessities-canvas-leopard-geanta-pentru-cosmetice-1-buc\/\" \/>\n<meta property=\"og:locale\" content=\"ro_RO\" \/>\n<meta property=\"og:type\" content=\"article\" \/>\n<meta property=\"og:title\" content=\"Childhome Baby Necessities Canvas Leopard geant\u0103 pentru cosmetice 1 buc - SHOPATOA.COM\" \/>\n<meta property=\"og:description\" content=\"Childhome Baby Necessities Canvas Leopard, 1 buc, Gen\u021bi \u0219i rucsacuri pentru copii pentru femei, Geanta de cosmetice Childhome Baby Necessities Canvas Leopard este excelent\u0103 pentru toate acele produse cosmetice \u0219i de igien\u0103 indispensabile bebelu\u0219ului dvs., f\u0103r\u0103 de care nu ie\u0219i\u021bi din cas\u0103. Datorit\u0103 \u00eenchiderii sigure, nimic nu se vars\u0103, toate r\u0103m\u00e2n la locul lor, iar...\" \/>\n<meta property=\"og:url\" content=\"https:\/\/shopatoa.com\/ro\/childhome-baby-necessities-canvas-leopard-geanta-pentru-cosmetice-1-buc\/\" \/>\n<meta property=\"og:site_name\" content=\"SHOPATOA\" \/>\n<meta property=\"article:modified_time\" content=\"2025-06-25T03:01:24+00:00\" \/>\n<meta property=\"og:image\" content=\"https:\/\/storage.googleapis.com\/cz-shopatoa-img\/ro\/cc9bfcfb-unnamed-file.webp\" \/>\n\t<meta property=\"og:image:width\" content=\"800\" \/>\n\t<meta property=\"og:image:height\" content=\"800\" \/>\n\t<meta property=\"og:image:type\" content=\"image\/webp\" \/>\n<meta name=\"twitter:card\" content=\"summary_large_image\" \/>\n<meta name=\"twitter:label1\" content=\"Timp estimat pentru citire\" \/>\n\t<meta name=\"twitter:data1\" content=\"1 minut\" \/>\n<script type=\"application\/ld+json\" class=\"yoast-schema-graph\">{\"@context\":\"https:\\\/\\\/schema.org\",\"@graph\":[{\"@type\":\"WebPage\",\"@id\":\"https:\\\/\\\/shopatoa.com\\\/ro\\\/childhome-baby-necessities-canvas-leopard-geanta-pentru-cosmetice-1-buc\\\/\",\"url\":\"https:\\\/\\\/shopatoa.com\\\/ro\\\/childhome-baby-necessities-canvas-leopard-geanta-pentru-cosmetice-1-buc\\\/\",\"name\":\"Childhome Baby Necessities Canvas Leopard geant\u0103 pentru cosmetice 1 buc - SHOPATOA.COM\",\"isPartOf\":{\"@id\":\"https:\\\/\\\/shopatoa.com\\\/ro\\\/#website\"},\"primaryImageOfPage\":{\"@id\":\"https:\\\/\\\/shopatoa.com\\\/ro\\\/childhome-baby-necessities-canvas-leopard-geanta-pentru-cosmetice-1-buc\\\/#primaryimage\"},\"image\":{\"@id\":\"https:\\\/\\\/shopatoa.com\\\/ro\\\/childhome-baby-necessities-canvas-leopard-geanta-pentru-cosmetice-1-buc\\\/#primaryimage\"},\"thumbnailUrl\":\"https:\\\/\\\/storage.googleapis.com\\\/cz-shopatoa-img\\\/ro\\\/cc9bfcfb-unnamed-file.webp\",\"datePublished\":\"2025-06-25T03:01:16+00:00\",\"dateModified\":\"2025-06-25T03:01:24+00:00\",\"breadcrumb\":{\"@id\":\"https:\\\/\\\/shopatoa.com\\\/ro\\\/childhome-baby-necessities-canvas-leopard-geanta-pentru-cosmetice-1-buc\\\/#breadcrumb\"},\"inLanguage\":\"ro-RO\",\"potentialAction\":[{\"@type\":\"ReadAction\",\"target\":[\"https:\\\/\\\/shopatoa.com\\\/ro\\\/childhome-baby-necessities-canvas-leopard-geanta-pentru-cosmetice-1-buc\\\/\"]}]},{\"@type\":\"ImageObject\",\"inLanguage\":\"ro-RO\",\"@id\":\"https:\\\/\\\/shopatoa.com\\\/ro\\\/childhome-baby-necessities-canvas-leopard-geanta-pentru-cosmetice-1-buc\\\/#primaryimage\",\"url\":\"https:\\\/\\\/storage.googleapis.com\\\/cz-shopatoa-img\\\/ro\\\/cc9bfcfb-unnamed-file.webp\",\"contentUrl\":\"https:\\\/\\\/storage.googleapis.com\\\/cz-shopatoa-img\\\/ro\\\/cc9bfcfb-unnamed-file.webp\",\"width\":800,\"height\":800},{\"@type\":\"BreadcrumbList\",\"@id\":\"https:\\\/\\\/shopatoa.com\\\/ro\\\/childhome-baby-necessities-canvas-leopard-geanta-pentru-cosmetice-1-buc\\\/#breadcrumb\",\"itemListElement\":[{\"@type\":\"ListItem\",\"position\":1,\"name\":\"Dom\u016f\",\"item\":\"https:\\\/\\\/shopatoa.com\\\/ro\\\/\"},{\"@type\":\"ListItem\",\"position\":2,\"name\":\"Shop\",\"item\":\"https:\\\/\\\/shopatoa.com\\\/ro\\\/shop\\\/\"},{\"@type\":\"ListItem\",\"position\":3,\"name\":\"Childhome Baby Necessities Canvas Leopard geant\u0103 pentru cosmetice 1 buc\"}]},{\"@type\":\"WebSite\",\"@id\":\"https:\\\/\\\/shopatoa.com\\\/ro\\\/#website\",\"url\":\"https:\\\/\\\/shopatoa.com\\\/ro\\\/\",\"name\":\"SHOPATOA\",\"description\":\"\",\"publisher\":{\"@id\":\"https:\\\/\\\/shopatoa.com\\\/ro\\\/#organization\"},\"potentialAction\":[{\"@type\":\"SearchAction\",\"target\":{\"@type\":\"EntryPoint\",\"urlTemplate\":\"https:\\\/\\\/shopatoa.com\\\/ro\\\/?s={search_term_string}\"},\"query-input\":{\"@type\":\"PropertyValueSpecification\",\"valueRequired\":true,\"valueName\":\"search_term_string\"}}],\"inLanguage\":\"ro-RO\"},{\"@type\":\"Organization\",\"@id\":\"https:\\\/\\\/shopatoa.com\\\/ro\\\/#organization\",\"name\":\"SHOPATOA\",\"url\":\"https:\\\/\\\/shopatoa.com\\\/ro\\\/\",\"logo\":{\"@type\":\"ImageObject\",\"inLanguage\":\"ro-RO\",\"@id\":\"https:\\\/\\\/shopatoa.com\\\/ro\\\/#\\\/schema\\\/logo\\\/image\\\/\",\"url\":\"https:\\\/\\\/storage.googleapis.com\\\/cz-shopatoa-img\\\/ro\\\/b4dac915-shopatoa_logo.png\",\"contentUrl\":\"https:\\\/\\\/storage.googleapis.com\\\/cz-shopatoa-img\\\/ro\\\/b4dac915-shopatoa_logo.png\",\"width\":416,\"height\":63,\"caption\":\"SHOPATOA\"},\"image\":{\"@id\":\"https:\\\/\\\/shopatoa.com\\\/ro\\\/#\\\/schema\\\/logo\\\/image\\\/\"}}]}<\/script>\n<!-- \/ Yoast SEO plugin. -->","yoast_head_json":{"title":"Childhome Baby Necessities Canvas Leopard geant\u0103 pentru cosmetice 1 buc - SHOPATOA.COM","robots":{"index":"index","follow":"follow","max-snippet":"max-snippet:-1","max-image-preview":"max-image-preview:large","max-video-preview":"max-video-preview:-1"},"canonical":"https:\/\/shopatoa.com\/ro\/childhome-baby-necessities-canvas-leopard-geanta-pentru-cosmetice-1-buc\/","og_locale":"ro_RO","og_type":"article","og_title":"Childhome Baby Necessities Canvas Leopard geant\u0103 pentru cosmetice 1 buc - SHOPATOA.COM","og_description":"Childhome Baby Necessities Canvas Leopard, 1 buc, Gen\u021bi \u0219i rucsacuri pentru copii pentru femei, Geanta de cosmetice Childhome Baby Necessities Canvas Leopard este excelent\u0103 pentru toate acele produse cosmetice \u0219i de igien\u0103 indispensabile bebelu\u0219ului dvs., f\u0103r\u0103 de care nu ie\u0219i\u021bi din cas\u0103. Datorit\u0103 \u00eenchiderii sigure, nimic nu se vars\u0103, toate r\u0103m\u00e2n la locul lor, iar...","og_url":"https:\/\/shopatoa.com\/ro\/childhome-baby-necessities-canvas-leopard-geanta-pentru-cosmetice-1-buc\/","og_site_name":"SHOPATOA","article_modified_time":"2025-06-25T03:01:24+00:00","og_image":[{"width":800,"height":800,"url":"https:\/\/storage.googleapis.com\/cz-shopatoa-img\/ro\/cc9bfcfb-unnamed-file.webp","type":"image\/webp"}],"twitter_card":"summary_large_image","twitter_misc":{"Timp estimat pentru citire":"1 minut"},"schema":{"@context":"https:\/\/schema.org","@graph":[{"@type":"WebPage","@id":"https:\/\/shopatoa.com\/ro\/childhome-baby-necessities-canvas-leopard-geanta-pentru-cosmetice-1-buc\/","url":"https:\/\/shopatoa.com\/ro\/childhome-baby-necessities-canvas-leopard-geanta-pentru-cosmetice-1-buc\/","name":"Childhome Baby Necessities Canvas Leopard geant\u0103 pentru cosmetice 1 buc - SHOPATOA.COM","isPartOf":{"@id":"https:\/\/shopatoa.com\/ro\/#website"},"primaryImageOfPage":{"@id":"https:\/\/shopatoa.com\/ro\/childhome-baby-necessities-canvas-leopard-geanta-pentru-cosmetice-1-buc\/#primaryimage"},"image":{"@id":"https:\/\/shopatoa.com\/ro\/childhome-baby-necessities-canvas-leopard-geanta-pentru-cosmetice-1-buc\/#primaryimage"},"thumbnailUrl":"https:\/\/storage.googleapis.com\/cz-shopatoa-img\/ro\/cc9bfcfb-unnamed-file.webp","datePublished":"2025-06-25T03:01:16+00:00","dateModified":"2025-06-25T03:01:24+00:00","breadcrumb":{"@id":"https:\/\/shopatoa.com\/ro\/childhome-baby-necessities-canvas-leopard-geanta-pentru-cosmetice-1-buc\/#breadcrumb"},"inLanguage":"ro-RO","potentialAction":[{"@type":"ReadAction","target":["https:\/\/shopatoa.com\/ro\/childhome-baby-necessities-canvas-leopard-geanta-pentru-cosmetice-1-buc\/"]}]},{"@type":"ImageObject","inLanguage":"ro-RO","@id":"https:\/\/shopatoa.com\/ro\/childhome-baby-necessities-canvas-leopard-geanta-pentru-cosmetice-1-buc\/#primaryimage","url":"https:\/\/storage.googleapis.com\/cz-shopatoa-img\/ro\/cc9bfcfb-unnamed-file.webp","contentUrl":"https:\/\/storage.googleapis.com\/cz-shopatoa-img\/ro\/cc9bfcfb-unnamed-file.webp","width":800,"height":800},{"@type":"BreadcrumbList","@id":"https:\/\/shopatoa.com\/ro\/childhome-baby-necessities-canvas-leopard-geanta-pentru-cosmetice-1-buc\/#breadcrumb","itemListElement":[{"@type":"ListItem","position":1,"name":"Dom\u016f","item":"https:\/\/shopatoa.com\/ro\/"},{"@type":"ListItem","position":2,"name":"Shop","item":"https:\/\/shopatoa.com\/ro\/shop\/"},{"@type":"ListItem","position":3,"name":"Childhome Baby Necessities Canvas Leopard geant\u0103 pentru cosmetice 1 buc"}]},{"@type":"WebSite","@id":"https:\/\/shopatoa.com\/ro\/#website","url":"https:\/\/shopatoa.com\/ro\/","name":"SHOPATOA","description":"","publisher":{"@id":"https:\/\/shopatoa.com\/ro\/#organization"},"potentialAction":[{"@type":"SearchAction","target":{"@type":"EntryPoint","urlTemplate":"https:\/\/shopatoa.com\/ro\/?s={search_term_string}"},"query-input":{"@type":"PropertyValueSpecification","valueRequired":true,"valueName":"search_term_string"}}],"inLanguage":"ro-RO"},{"@type":"Organization","@id":"https:\/\/shopatoa.com\/ro\/#organization","name":"SHOPATOA","url":"https:\/\/shopatoa.com\/ro\/","logo":{"@type":"ImageObject","inLanguage":"ro-RO","@id":"https:\/\/shopatoa.com\/ro\/#\/schema\/logo\/image\/","url":"https:\/\/storage.googleapis.com\/cz-shopatoa-img\/ro\/b4dac915-shopatoa_logo.png","contentUrl":"https:\/\/storage.googleapis.com\/cz-shopatoa-img\/ro\/b4dac915-shopatoa_logo.png","width":416,"height":63,"caption":"SHOPATOA"},"image":{"@id":"https:\/\/shopatoa.com\/ro\/#\/schema\/logo\/image\/"}}]}},"_links":{"self":[{"href":"https:\/\/shopatoa.com\/ro\/wp-json\/wp\/v2\/product\/450833","targetHints":{"allow":["GET"]}}],"collection":[{"href":"https:\/\/shopatoa.com\/ro\/wp-json\/wp\/v2\/product"}],"about":[{"href":"https:\/\/shopatoa.com\/ro\/wp-json\/wp\/v2\/types\/product"}],"replies":[{"embeddable":true,"href":"https:\/\/shopatoa.com\/ro\/wp-json\/wp\/v2\/comments?post=450833"}],"wp:featuredmedia":[{"embeddable":true,"href":"https:\/\/shopatoa.com\/ro\/wp-json\/wp\/v2\/media\/450834"}],"wp:attachment":[{"href":"https:\/\/shopatoa.com\/ro\/wp-json\/wp\/v2\/media?parent=450833"}],"wp:term":[{"taxonomy":"product_brand","embeddable":true,"href":"https:\/\/shopatoa.com\/ro\/wp-json\/wp\/v2\/product_brand?post=450833"},{"taxonomy":"product_cat","embeddable":true,"href":"https:\/\/shopatoa.com\/ro\/wp-json\/wp\/v2\/product_cat?post=450833"},{"taxonomy":"product_tag","embeddable":true,"href":"https:\/\/shopatoa.com\/ro\/wp-json\/wp\/v2\/product_tag?post=450833"}],"curies":[{"name":"wp","href":"https:\/\/api.w.org\/{rel}","templated":true}]}}