{"id":450951,"date":"2025-06-25T05:10:29","date_gmt":"2025-06-25T03:10:29","guid":{"rendered":"https:\/\/shopatoa.com\/ro\/dove-advanced-care-antistress-gel-de-dus-225-ml\/"},"modified":"2026-02-04T21:02:03","modified_gmt":"2026-02-04T20:02:03","slug":"dove-advanced-care-antistress-gel-de-dus-225-ml","status":"publish","type":"product","link":"https:\/\/shopatoa.com\/ro\/dove-advanced-care-antistress-gel-de-dus-225-ml\/","title":{"rendered":"Dove Advanced Care Antistress gel de du\u0219 225 ml"},"content":{"rendered":"<p>Dove Advanced Care Antistress, 225 ml, Geluri de dus pentru femei, Du\u0219ul sau baia regulat\u0103 este foarte important\u0103, \u00eens\u0103 dac\u0103 pielea dvs. este predispus\u0103 la uscare, gelurile de du\u0219 obi\u0219nuite \u00eei pot perturba echilibrul delicat. Gelul de du\u0219 Dove Advanced Care Antistress este, prin urmare, \u00eembog\u0103\u021bit cu ingrediente de \u00eengrijire, asigur\u00e2nd pielii \u00een timpul sp\u0103l\u0103rii hidratarea \u0219i nutri\u021bia necesare. Produce o spum\u0103 delicat\u0103, care \u00eendep\u0103rteaz\u0103 u\u0219or toate impurit\u0103\u021bile, hidrat\u00e2nd pielea \u0219i l\u0103s\u00e2nd-o protejat\u0103 \u00eempotriva usc\u0103rii nedorite. Gata cu descuam\u0103rile sau senza\u021bia nepl\u0103cut\u0103 de tensiune, bucura\u021bi-v\u0103 de o piele perfect curat\u0103, catifelat\u0103 \u0219i hidratat\u0103.  Caracteristici:  spal\u0103 pielea \u0219i \u00eendep\u0103rteaz\u0103 impurit\u0103\u021bile hidrateaz\u0103 intens hr\u0103ne\u0219te \u0219i trateaz\u0103 pielea catifeleaz\u0103 \u0219i \u00eembun\u0103t\u0103\u021be\u0219te elasticitatea pielii red\u0103 pielii senza\u021bia de confort  Cum se utilizeaz\u0103: Se aplic\u0103 pe pielea ud\u0103 \u0219i se maseaz\u0103 u\u0219or. Dup\u0103 sp\u0103lare, se cl\u0103te\u0219te bine.<\/p>\n","protected":false},"excerpt":{"rendered":"<p>Dove Advanced Care Antistress, 225 ml, Geluri de dus pentru femei, Du\u0219ul sau baia regulat\u0103 este foarte important\u0103, \u00eens\u0103 dac\u0103 pielea dvs. este predispus\u0103 la uscare, gelurile de du\u0219 obi\u0219nuite \u00eei pot perturba echilibrul delicat. Gelul de du\u0219 Dove Advanced Care Antistress este, prin urmare, \u00eembog\u0103\u021bit cu ingrediente de \u00eengrijire, asigur\u00e2nd pielii \u00een timpul sp\u0103l\u0103rii&#8230;<\/p>\n","protected":false},"featured_media":450952,"comment_status":"closed","ping_status":"open","template":"","meta":{"_acf_changed":false,"_kadence_starter_templates_imported_post":false,"_kad_post_transparent":"","_kad_post_title":"","_kad_post_layout":"","_kad_post_sidebar_id":"","_kad_post_content_style":"","_kad_post_vertical_padding":"","_kad_post_feature":"","_kad_post_feature_position":"","_kad_post_header":false,"_kad_post_footer":false,"_kad_post_classname":""},"product_brand":[943],"product_cat":[1570,1564,1571,1563,1562],"product_tag":[],"class_list":{"0":"post-450951","1":"product","2":"type-product","3":"status-publish","4":"has-post-thumbnail","6":"product_brand-dove","7":"product_cat-baie-si-corp","8":"product_cat-cosmetice-ingrijire-personala","9":"product_cat-gel-de-dus","10":"product_cat-ingrijire-personala","11":"product_cat-sanatate-si-frumusete","12":"pa_gen-female","13":"pa_marime-225-ml","15":"first","16":"instock","17":"product-type-external","18":"entry","19":"content-bg","20":"loop-entry"},"acf":[],"yoast_head":"<!-- This site is optimized with the Yoast SEO plugin v27.4 - https:\/\/yoast.com\/product\/yoast-seo-wordpress\/ -->\n<title>Dove Advanced Care Antistress gel de du\u0219 225 ml - SHOPATOA.COM<\/title>\n<meta name=\"robots\" content=\"index, follow, max-snippet:-1, max-image-preview:large, max-video-preview:-1\" \/>\n<link rel=\"canonical\" href=\"https:\/\/shopatoa.com\/ro\/dove-advanced-care-antistress-gel-de-dus-225-ml\/\" \/>\n<meta property=\"og:locale\" content=\"ro_RO\" \/>\n<meta property=\"og:type\" content=\"article\" \/>\n<meta property=\"og:title\" content=\"Dove Advanced Care Antistress gel de du\u0219 225 ml - SHOPATOA.COM\" \/>\n<meta property=\"og:description\" content=\"Dove Advanced Care Antistress, 225 ml, Geluri de dus pentru femei, Du\u0219ul sau baia regulat\u0103 este foarte important\u0103, \u00eens\u0103 dac\u0103 pielea dvs. este predispus\u0103 la uscare, gelurile de du\u0219 obi\u0219nuite \u00eei pot perturba echilibrul delicat. Gelul de du\u0219 Dove Advanced Care Antistress este, prin urmare, \u00eembog\u0103\u021bit cu ingrediente de \u00eengrijire, asigur\u00e2nd pielii \u00een timpul sp\u0103l\u0103rii...\" \/>\n<meta property=\"og:url\" content=\"https:\/\/shopatoa.com\/ro\/dove-advanced-care-antistress-gel-de-dus-225-ml\/\" \/>\n<meta property=\"og:site_name\" content=\"SHOPATOA\" \/>\n<meta property=\"article:modified_time\" content=\"2026-02-04T20:02:03+00:00\" \/>\n<meta property=\"og:image\" content=\"https:\/\/storage.googleapis.com\/cz-shopatoa-img\/ro\/9e6bbb6d-unnamed-file.webp\" \/>\n\t<meta property=\"og:image:width\" content=\"800\" \/>\n\t<meta property=\"og:image:height\" content=\"800\" \/>\n\t<meta property=\"og:image:type\" content=\"image\/webp\" \/>\n<meta name=\"twitter:card\" content=\"summary_large_image\" \/>\n<meta name=\"twitter:label1\" content=\"Timp estimat pentru citire\" \/>\n\t<meta name=\"twitter:data1\" content=\"1 minut\" \/>\n<script type=\"application\/ld+json\" class=\"yoast-schema-graph\">{\"@context\":\"https:\\\/\\\/schema.org\",\"@graph\":[{\"@type\":\"WebPage\",\"@id\":\"https:\\\/\\\/shopatoa.com\\\/ro\\\/dove-advanced-care-antistress-gel-de-dus-225-ml\\\/\",\"url\":\"https:\\\/\\\/shopatoa.com\\\/ro\\\/dove-advanced-care-antistress-gel-de-dus-225-ml\\\/\",\"name\":\"Dove Advanced Care Antistress gel de du\u0219 225 ml - SHOPATOA.COM\",\"isPartOf\":{\"@id\":\"https:\\\/\\\/shopatoa.com\\\/ro\\\/#website\"},\"primaryImageOfPage\":{\"@id\":\"https:\\\/\\\/shopatoa.com\\\/ro\\\/dove-advanced-care-antistress-gel-de-dus-225-ml\\\/#primaryimage\"},\"image\":{\"@id\":\"https:\\\/\\\/shopatoa.com\\\/ro\\\/dove-advanced-care-antistress-gel-de-dus-225-ml\\\/#primaryimage\"},\"thumbnailUrl\":\"https:\\\/\\\/storage.googleapis.com\\\/cz-shopatoa-img\\\/ro\\\/9e6bbb6d-unnamed-file.webp\",\"datePublished\":\"2025-06-25T03:10:29+00:00\",\"dateModified\":\"2026-02-04T20:02:03+00:00\",\"breadcrumb\":{\"@id\":\"https:\\\/\\\/shopatoa.com\\\/ro\\\/dove-advanced-care-antistress-gel-de-dus-225-ml\\\/#breadcrumb\"},\"inLanguage\":\"ro-RO\",\"potentialAction\":[{\"@type\":\"ReadAction\",\"target\":[\"https:\\\/\\\/shopatoa.com\\\/ro\\\/dove-advanced-care-antistress-gel-de-dus-225-ml\\\/\"]}]},{\"@type\":\"ImageObject\",\"inLanguage\":\"ro-RO\",\"@id\":\"https:\\\/\\\/shopatoa.com\\\/ro\\\/dove-advanced-care-antistress-gel-de-dus-225-ml\\\/#primaryimage\",\"url\":\"https:\\\/\\\/storage.googleapis.com\\\/cz-shopatoa-img\\\/ro\\\/9e6bbb6d-unnamed-file.webp\",\"contentUrl\":\"https:\\\/\\\/storage.googleapis.com\\\/cz-shopatoa-img\\\/ro\\\/9e6bbb6d-unnamed-file.webp\",\"width\":800,\"height\":800},{\"@type\":\"BreadcrumbList\",\"@id\":\"https:\\\/\\\/shopatoa.com\\\/ro\\\/dove-advanced-care-antistress-gel-de-dus-225-ml\\\/#breadcrumb\",\"itemListElement\":[{\"@type\":\"ListItem\",\"position\":1,\"name\":\"Dom\u016f\",\"item\":\"https:\\\/\\\/shopatoa.com\\\/ro\\\/\"},{\"@type\":\"ListItem\",\"position\":2,\"name\":\"Shop\",\"item\":\"https:\\\/\\\/shopatoa.com\\\/ro\\\/shop\\\/\"},{\"@type\":\"ListItem\",\"position\":3,\"name\":\"S\u0103n\u0103tate \u0219i frumuse\u021be\",\"item\":\"https:\\\/\\\/shopatoa.com\\\/ro\\\/sanatate-si-frumusete\\\/\"},{\"@type\":\"ListItem\",\"position\":4,\"name\":\"\u00cengrijire personal\u0103\",\"item\":\"https:\\\/\\\/shopatoa.com\\\/ro\\\/ingrijire-personala\\\/\"},{\"@type\":\"ListItem\",\"position\":5,\"name\":\"Cosmetice\",\"item\":\"https:\\\/\\\/shopatoa.com\\\/ro\\\/cosmetice-ingrijire-personala\\\/\"},{\"@type\":\"ListItem\",\"position\":6,\"name\":\"Baie \u0219i corp\",\"item\":\"https:\\\/\\\/shopatoa.com\\\/ro\\\/baie-si-corp\\\/\"},{\"@type\":\"ListItem\",\"position\":7,\"name\":\"Gel de du\u0219\",\"item\":\"https:\\\/\\\/shopatoa.com\\\/ro\\\/gel-de-dus\\\/\"},{\"@type\":\"ListItem\",\"position\":8,\"name\":\"Dove Advanced Care Antistress gel de du\u0219 225 ml\"}]},{\"@type\":\"WebSite\",\"@id\":\"https:\\\/\\\/shopatoa.com\\\/ro\\\/#website\",\"url\":\"https:\\\/\\\/shopatoa.com\\\/ro\\\/\",\"name\":\"SHOPATOA\",\"description\":\"\",\"publisher\":{\"@id\":\"https:\\\/\\\/shopatoa.com\\\/ro\\\/#organization\"},\"potentialAction\":[{\"@type\":\"SearchAction\",\"target\":{\"@type\":\"EntryPoint\",\"urlTemplate\":\"https:\\\/\\\/shopatoa.com\\\/ro\\\/?s={search_term_string}\"},\"query-input\":{\"@type\":\"PropertyValueSpecification\",\"valueRequired\":true,\"valueName\":\"search_term_string\"}}],\"inLanguage\":\"ro-RO\"},{\"@type\":\"Organization\",\"@id\":\"https:\\\/\\\/shopatoa.com\\\/ro\\\/#organization\",\"name\":\"SHOPATOA\",\"url\":\"https:\\\/\\\/shopatoa.com\\\/ro\\\/\",\"logo\":{\"@type\":\"ImageObject\",\"inLanguage\":\"ro-RO\",\"@id\":\"https:\\\/\\\/shopatoa.com\\\/ro\\\/#\\\/schema\\\/logo\\\/image\\\/\",\"url\":\"https:\\\/\\\/storage.googleapis.com\\\/cz-shopatoa-img\\\/ro\\\/b4dac915-shopatoa_logo.png\",\"contentUrl\":\"https:\\\/\\\/storage.googleapis.com\\\/cz-shopatoa-img\\\/ro\\\/b4dac915-shopatoa_logo.png\",\"width\":416,\"height\":63,\"caption\":\"SHOPATOA\"},\"image\":{\"@id\":\"https:\\\/\\\/shopatoa.com\\\/ro\\\/#\\\/schema\\\/logo\\\/image\\\/\"}}]}<\/script>\n<!-- \/ Yoast SEO plugin. -->","yoast_head_json":{"title":"Dove Advanced Care Antistress gel de du\u0219 225 ml - SHOPATOA.COM","robots":{"index":"index","follow":"follow","max-snippet":"max-snippet:-1","max-image-preview":"max-image-preview:large","max-video-preview":"max-video-preview:-1"},"canonical":"https:\/\/shopatoa.com\/ro\/dove-advanced-care-antistress-gel-de-dus-225-ml\/","og_locale":"ro_RO","og_type":"article","og_title":"Dove Advanced Care Antistress gel de du\u0219 225 ml - SHOPATOA.COM","og_description":"Dove Advanced Care Antistress, 225 ml, Geluri de dus pentru femei, Du\u0219ul sau baia regulat\u0103 este foarte important\u0103, \u00eens\u0103 dac\u0103 pielea dvs. este predispus\u0103 la uscare, gelurile de du\u0219 obi\u0219nuite \u00eei pot perturba echilibrul delicat. Gelul de du\u0219 Dove Advanced Care Antistress este, prin urmare, \u00eembog\u0103\u021bit cu ingrediente de \u00eengrijire, asigur\u00e2nd pielii \u00een timpul sp\u0103l\u0103rii...","og_url":"https:\/\/shopatoa.com\/ro\/dove-advanced-care-antistress-gel-de-dus-225-ml\/","og_site_name":"SHOPATOA","article_modified_time":"2026-02-04T20:02:03+00:00","og_image":[{"width":800,"height":800,"url":"https:\/\/storage.googleapis.com\/cz-shopatoa-img\/ro\/9e6bbb6d-unnamed-file.webp","type":"image\/webp"}],"twitter_card":"summary_large_image","twitter_misc":{"Timp estimat pentru citire":"1 minut"},"schema":{"@context":"https:\/\/schema.org","@graph":[{"@type":"WebPage","@id":"https:\/\/shopatoa.com\/ro\/dove-advanced-care-antistress-gel-de-dus-225-ml\/","url":"https:\/\/shopatoa.com\/ro\/dove-advanced-care-antistress-gel-de-dus-225-ml\/","name":"Dove Advanced Care Antistress gel de du\u0219 225 ml - SHOPATOA.COM","isPartOf":{"@id":"https:\/\/shopatoa.com\/ro\/#website"},"primaryImageOfPage":{"@id":"https:\/\/shopatoa.com\/ro\/dove-advanced-care-antistress-gel-de-dus-225-ml\/#primaryimage"},"image":{"@id":"https:\/\/shopatoa.com\/ro\/dove-advanced-care-antistress-gel-de-dus-225-ml\/#primaryimage"},"thumbnailUrl":"https:\/\/storage.googleapis.com\/cz-shopatoa-img\/ro\/9e6bbb6d-unnamed-file.webp","datePublished":"2025-06-25T03:10:29+00:00","dateModified":"2026-02-04T20:02:03+00:00","breadcrumb":{"@id":"https:\/\/shopatoa.com\/ro\/dove-advanced-care-antistress-gel-de-dus-225-ml\/#breadcrumb"},"inLanguage":"ro-RO","potentialAction":[{"@type":"ReadAction","target":["https:\/\/shopatoa.com\/ro\/dove-advanced-care-antistress-gel-de-dus-225-ml\/"]}]},{"@type":"ImageObject","inLanguage":"ro-RO","@id":"https:\/\/shopatoa.com\/ro\/dove-advanced-care-antistress-gel-de-dus-225-ml\/#primaryimage","url":"https:\/\/storage.googleapis.com\/cz-shopatoa-img\/ro\/9e6bbb6d-unnamed-file.webp","contentUrl":"https:\/\/storage.googleapis.com\/cz-shopatoa-img\/ro\/9e6bbb6d-unnamed-file.webp","width":800,"height":800},{"@type":"BreadcrumbList","@id":"https:\/\/shopatoa.com\/ro\/dove-advanced-care-antistress-gel-de-dus-225-ml\/#breadcrumb","itemListElement":[{"@type":"ListItem","position":1,"name":"Dom\u016f","item":"https:\/\/shopatoa.com\/ro\/"},{"@type":"ListItem","position":2,"name":"Shop","item":"https:\/\/shopatoa.com\/ro\/shop\/"},{"@type":"ListItem","position":3,"name":"S\u0103n\u0103tate \u0219i frumuse\u021be","item":"https:\/\/shopatoa.com\/ro\/sanatate-si-frumusete\/"},{"@type":"ListItem","position":4,"name":"\u00cengrijire personal\u0103","item":"https:\/\/shopatoa.com\/ro\/ingrijire-personala\/"},{"@type":"ListItem","position":5,"name":"Cosmetice","item":"https:\/\/shopatoa.com\/ro\/cosmetice-ingrijire-personala\/"},{"@type":"ListItem","position":6,"name":"Baie \u0219i corp","item":"https:\/\/shopatoa.com\/ro\/baie-si-corp\/"},{"@type":"ListItem","position":7,"name":"Gel de du\u0219","item":"https:\/\/shopatoa.com\/ro\/gel-de-dus\/"},{"@type":"ListItem","position":8,"name":"Dove Advanced Care Antistress gel de du\u0219 225 ml"}]},{"@type":"WebSite","@id":"https:\/\/shopatoa.com\/ro\/#website","url":"https:\/\/shopatoa.com\/ro\/","name":"SHOPATOA","description":"","publisher":{"@id":"https:\/\/shopatoa.com\/ro\/#organization"},"potentialAction":[{"@type":"SearchAction","target":{"@type":"EntryPoint","urlTemplate":"https:\/\/shopatoa.com\/ro\/?s={search_term_string}"},"query-input":{"@type":"PropertyValueSpecification","valueRequired":true,"valueName":"search_term_string"}}],"inLanguage":"ro-RO"},{"@type":"Organization","@id":"https:\/\/shopatoa.com\/ro\/#organization","name":"SHOPATOA","url":"https:\/\/shopatoa.com\/ro\/","logo":{"@type":"ImageObject","inLanguage":"ro-RO","@id":"https:\/\/shopatoa.com\/ro\/#\/schema\/logo\/image\/","url":"https:\/\/storage.googleapis.com\/cz-shopatoa-img\/ro\/b4dac915-shopatoa_logo.png","contentUrl":"https:\/\/storage.googleapis.com\/cz-shopatoa-img\/ro\/b4dac915-shopatoa_logo.png","width":416,"height":63,"caption":"SHOPATOA"},"image":{"@id":"https:\/\/shopatoa.com\/ro\/#\/schema\/logo\/image\/"}}]}},"_links":{"self":[{"href":"https:\/\/shopatoa.com\/ro\/wp-json\/wp\/v2\/product\/450951","targetHints":{"allow":["GET"]}}],"collection":[{"href":"https:\/\/shopatoa.com\/ro\/wp-json\/wp\/v2\/product"}],"about":[{"href":"https:\/\/shopatoa.com\/ro\/wp-json\/wp\/v2\/types\/product"}],"replies":[{"embeddable":true,"href":"https:\/\/shopatoa.com\/ro\/wp-json\/wp\/v2\/comments?post=450951"}],"wp:featuredmedia":[{"embeddable":true,"href":"https:\/\/shopatoa.com\/ro\/wp-json\/wp\/v2\/media\/450952"}],"wp:attachment":[{"href":"https:\/\/shopatoa.com\/ro\/wp-json\/wp\/v2\/media?parent=450951"}],"wp:term":[{"taxonomy":"product_brand","embeddable":true,"href":"https:\/\/shopatoa.com\/ro\/wp-json\/wp\/v2\/product_brand?post=450951"},{"taxonomy":"product_cat","embeddable":true,"href":"https:\/\/shopatoa.com\/ro\/wp-json\/wp\/v2\/product_cat?post=450951"},{"taxonomy":"product_tag","embeddable":true,"href":"https:\/\/shopatoa.com\/ro\/wp-json\/wp\/v2\/product_tag?post=450951"}],"curies":[{"name":"wp","href":"https:\/\/api.w.org\/{rel}","templated":true}]}}