{"id":451206,"date":"2025-06-25T05:45:01","date_gmt":"2025-06-25T03:45:01","guid":{"rendered":"https:\/\/shopatoa.com\/ro\/joanna-professional-extreme-gel-de-par-pentru-fermitate-cu-fixare-foarte-puternica-200-g\/"},"modified":"2025-06-25T05:46:08","modified_gmt":"2025-06-25T03:46:08","slug":"joanna-professional-extreme-gel-de-par-pentru-fermitate-cu-fixare-foarte-puternica-200-g","status":"publish","type":"product","link":"https:\/\/shopatoa.com\/ro\/joanna-professional-extreme-gel-de-par-pentru-fermitate-cu-fixare-foarte-puternica-200-g\/","title":{"rendered":"Joanna Professional Extreme gel de par pentru fermitate cu fixare foarte puternica 200 g"},"content":{"rendered":"<p>Joanna Professional Extreme, 200 g, Geluri de p\u0103r unisex, Atunci c\u00e2nd pieptenele, fixativul sau spray-ul de p\u0103r nu sunt de ajuns pentru a crea coafura dorit\u0103, vine \u00een ajutor gelul de p\u0103r Joanna Professional Extreme. V\u0103 permite s\u0103 v\u0103 modela\u021bi p\u0103rul a\u0219a cum v\u0103 dori\u021bi \u0219i s\u0103 crea\u021bi un look perfect ca la salon. \u00cen plus, va asigura o fixare puternic\u0103 \u0219i rezisten\u021b\u0103, astfel \u00eenc\u00e2t fiecare \u0219uvi\u021b\u0103 s\u0103 r\u0103m\u00e2n\u0103 la locul ei, iar coafura dvs. s\u0103 reziste intact\u0103 \u00eentreaga zi.  Caracteristici:  creeaz\u0103 o coafur\u0103 perfect\u0103 fixeaz\u0103 puternic pentru o coafur\u0103 care rezist\u0103 \u00eentreaga zi pentru a crea coafuri creative  Cum se utilizeaz\u0103: Numai pentru uz profesional.<\/p>\n","protected":false},"excerpt":{"rendered":"<p>Joanna Professional Extreme, 200 g, Geluri de p\u0103r unisex, Atunci c\u00e2nd pieptenele, fixativul sau spray-ul de p\u0103r nu sunt de ajuns pentru a crea coafura dorit\u0103, vine \u00een ajutor gelul de p\u0103r Joanna Professional Extreme. V\u0103 permite s\u0103 v\u0103 modela\u021bi p\u0103rul a\u0219a cum v\u0103 dori\u021bi \u0219i s\u0103 crea\u021bi un look perfect ca la salon. \u00cen&#8230;<\/p>\n","protected":false},"featured_media":451207,"comment_status":"closed","ping_status":"open","template":"","meta":{"_acf_changed":false,"_kadence_starter_templates_imported_post":false,"_kad_post_transparent":"","_kad_post_title":"","_kad_post_layout":"","_kad_post_sidebar_id":"","_kad_post_content_style":"","_kad_post_vertical_padding":"","_kad_post_feature":"","_kad_post_feature_position":"","_kad_post_header":false,"_kad_post_footer":false,"_kad_post_classname":""},"product_brand":[2614],"product_cat":[1563,1590,1633,1562],"product_tag":[],"class_list":{"0":"post-451206","1":"product","2":"type-product","3":"status-publish","4":"has-post-thumbnail","6":"product_brand-joanna","7":"product_cat-ingrijire-personala","8":"product_cat-ingrijirea-parului","9":"product_cat-produse-de-coafare-a-parului","10":"product_cat-sanatate-si-frumusete","11":"pa_gen-unisex","12":"pa_marime-200-g","14":"first","15":"instock","16":"product-type-external","17":"entry","18":"content-bg","19":"loop-entry"},"acf":[],"yoast_head":"<!-- This site is optimized with the Yoast SEO plugin v27.4 - https:\/\/yoast.com\/product\/yoast-seo-wordpress\/ -->\n<title>Joanna Professional Extreme gel de par pentru fermitate cu fixare foarte puternica 200 g - SHOPATOA.COM<\/title>\n<meta name=\"robots\" content=\"index, follow, max-snippet:-1, max-image-preview:large, max-video-preview:-1\" \/>\n<link rel=\"canonical\" href=\"https:\/\/shopatoa.com\/ro\/joanna-professional-extreme-gel-de-par-pentru-fermitate-cu-fixare-foarte-puternica-200-g\/\" \/>\n<meta property=\"og:locale\" content=\"ro_RO\" \/>\n<meta property=\"og:type\" content=\"article\" \/>\n<meta property=\"og:title\" content=\"Joanna Professional Extreme gel de par pentru fermitate cu fixare foarte puternica 200 g - SHOPATOA.COM\" \/>\n<meta property=\"og:description\" content=\"Joanna Professional Extreme, 200 g, Geluri de p\u0103r unisex, Atunci c\u00e2nd pieptenele, fixativul sau spray-ul de p\u0103r nu sunt de ajuns pentru a crea coafura dorit\u0103, vine \u00een ajutor gelul de p\u0103r Joanna Professional Extreme. V\u0103 permite s\u0103 v\u0103 modela\u021bi p\u0103rul a\u0219a cum v\u0103 dori\u021bi \u0219i s\u0103 crea\u021bi un look perfect ca la salon. \u00cen...\" \/>\n<meta property=\"og:url\" content=\"https:\/\/shopatoa.com\/ro\/joanna-professional-extreme-gel-de-par-pentru-fermitate-cu-fixare-foarte-puternica-200-g\/\" \/>\n<meta property=\"og:site_name\" content=\"SHOPATOA\" \/>\n<meta property=\"article:modified_time\" content=\"2025-06-25T03:46:08+00:00\" \/>\n<meta property=\"og:image\" content=\"https:\/\/storage.googleapis.com\/cz-shopatoa-img\/ro\/ecab6218-unnamed-file.webp\" \/>\n\t<meta property=\"og:image:width\" content=\"800\" \/>\n\t<meta property=\"og:image:height\" content=\"800\" \/>\n\t<meta property=\"og:image:type\" content=\"image\/webp\" \/>\n<meta name=\"twitter:card\" content=\"summary_large_image\" \/>\n<meta name=\"twitter:label1\" content=\"Timp estimat pentru citire\" \/>\n\t<meta name=\"twitter:data1\" content=\"1 minut\" \/>\n<script type=\"application\/ld+json\" class=\"yoast-schema-graph\">{\"@context\":\"https:\\\/\\\/schema.org\",\"@graph\":[{\"@type\":\"WebPage\",\"@id\":\"https:\\\/\\\/shopatoa.com\\\/ro\\\/joanna-professional-extreme-gel-de-par-pentru-fermitate-cu-fixare-foarte-puternica-200-g\\\/\",\"url\":\"https:\\\/\\\/shopatoa.com\\\/ro\\\/joanna-professional-extreme-gel-de-par-pentru-fermitate-cu-fixare-foarte-puternica-200-g\\\/\",\"name\":\"Joanna Professional Extreme gel de par pentru fermitate cu fixare foarte puternica 200 g - SHOPATOA.COM\",\"isPartOf\":{\"@id\":\"https:\\\/\\\/shopatoa.com\\\/ro\\\/#website\"},\"primaryImageOfPage\":{\"@id\":\"https:\\\/\\\/shopatoa.com\\\/ro\\\/joanna-professional-extreme-gel-de-par-pentru-fermitate-cu-fixare-foarte-puternica-200-g\\\/#primaryimage\"},\"image\":{\"@id\":\"https:\\\/\\\/shopatoa.com\\\/ro\\\/joanna-professional-extreme-gel-de-par-pentru-fermitate-cu-fixare-foarte-puternica-200-g\\\/#primaryimage\"},\"thumbnailUrl\":\"https:\\\/\\\/storage.googleapis.com\\\/cz-shopatoa-img\\\/ro\\\/ecab6218-unnamed-file.webp\",\"datePublished\":\"2025-06-25T03:45:01+00:00\",\"dateModified\":\"2025-06-25T03:46:08+00:00\",\"breadcrumb\":{\"@id\":\"https:\\\/\\\/shopatoa.com\\\/ro\\\/joanna-professional-extreme-gel-de-par-pentru-fermitate-cu-fixare-foarte-puternica-200-g\\\/#breadcrumb\"},\"inLanguage\":\"ro-RO\",\"potentialAction\":[{\"@type\":\"ReadAction\",\"target\":[\"https:\\\/\\\/shopatoa.com\\\/ro\\\/joanna-professional-extreme-gel-de-par-pentru-fermitate-cu-fixare-foarte-puternica-200-g\\\/\"]}]},{\"@type\":\"ImageObject\",\"inLanguage\":\"ro-RO\",\"@id\":\"https:\\\/\\\/shopatoa.com\\\/ro\\\/joanna-professional-extreme-gel-de-par-pentru-fermitate-cu-fixare-foarte-puternica-200-g\\\/#primaryimage\",\"url\":\"https:\\\/\\\/storage.googleapis.com\\\/cz-shopatoa-img\\\/ro\\\/ecab6218-unnamed-file.webp\",\"contentUrl\":\"https:\\\/\\\/storage.googleapis.com\\\/cz-shopatoa-img\\\/ro\\\/ecab6218-unnamed-file.webp\",\"width\":800,\"height\":800},{\"@type\":\"BreadcrumbList\",\"@id\":\"https:\\\/\\\/shopatoa.com\\\/ro\\\/joanna-professional-extreme-gel-de-par-pentru-fermitate-cu-fixare-foarte-puternica-200-g\\\/#breadcrumb\",\"itemListElement\":[{\"@type\":\"ListItem\",\"position\":1,\"name\":\"Dom\u016f\",\"item\":\"https:\\\/\\\/shopatoa.com\\\/ro\\\/\"},{\"@type\":\"ListItem\",\"position\":2,\"name\":\"Shop\",\"item\":\"https:\\\/\\\/shopatoa.com\\\/ro\\\/shop\\\/\"},{\"@type\":\"ListItem\",\"position\":3,\"name\":\"Joanna Professional Extreme gel de par pentru fermitate cu fixare foarte puternica 200 g\"}]},{\"@type\":\"WebSite\",\"@id\":\"https:\\\/\\\/shopatoa.com\\\/ro\\\/#website\",\"url\":\"https:\\\/\\\/shopatoa.com\\\/ro\\\/\",\"name\":\"SHOPATOA\",\"description\":\"\",\"publisher\":{\"@id\":\"https:\\\/\\\/shopatoa.com\\\/ro\\\/#organization\"},\"potentialAction\":[{\"@type\":\"SearchAction\",\"target\":{\"@type\":\"EntryPoint\",\"urlTemplate\":\"https:\\\/\\\/shopatoa.com\\\/ro\\\/?s={search_term_string}\"},\"query-input\":{\"@type\":\"PropertyValueSpecification\",\"valueRequired\":true,\"valueName\":\"search_term_string\"}}],\"inLanguage\":\"ro-RO\"},{\"@type\":\"Organization\",\"@id\":\"https:\\\/\\\/shopatoa.com\\\/ro\\\/#organization\",\"name\":\"SHOPATOA\",\"url\":\"https:\\\/\\\/shopatoa.com\\\/ro\\\/\",\"logo\":{\"@type\":\"ImageObject\",\"inLanguage\":\"ro-RO\",\"@id\":\"https:\\\/\\\/shopatoa.com\\\/ro\\\/#\\\/schema\\\/logo\\\/image\\\/\",\"url\":\"https:\\\/\\\/storage.googleapis.com\\\/cz-shopatoa-img\\\/ro\\\/b4dac915-shopatoa_logo.png\",\"contentUrl\":\"https:\\\/\\\/storage.googleapis.com\\\/cz-shopatoa-img\\\/ro\\\/b4dac915-shopatoa_logo.png\",\"width\":416,\"height\":63,\"caption\":\"SHOPATOA\"},\"image\":{\"@id\":\"https:\\\/\\\/shopatoa.com\\\/ro\\\/#\\\/schema\\\/logo\\\/image\\\/\"}}]}<\/script>\n<!-- \/ Yoast SEO plugin. -->","yoast_head_json":{"title":"Joanna Professional Extreme gel de par pentru fermitate cu fixare foarte puternica 200 g - SHOPATOA.COM","robots":{"index":"index","follow":"follow","max-snippet":"max-snippet:-1","max-image-preview":"max-image-preview:large","max-video-preview":"max-video-preview:-1"},"canonical":"https:\/\/shopatoa.com\/ro\/joanna-professional-extreme-gel-de-par-pentru-fermitate-cu-fixare-foarte-puternica-200-g\/","og_locale":"ro_RO","og_type":"article","og_title":"Joanna Professional Extreme gel de par pentru fermitate cu fixare foarte puternica 200 g - SHOPATOA.COM","og_description":"Joanna Professional Extreme, 200 g, Geluri de p\u0103r unisex, Atunci c\u00e2nd pieptenele, fixativul sau spray-ul de p\u0103r nu sunt de ajuns pentru a crea coafura dorit\u0103, vine \u00een ajutor gelul de p\u0103r Joanna Professional Extreme. V\u0103 permite s\u0103 v\u0103 modela\u021bi p\u0103rul a\u0219a cum v\u0103 dori\u021bi \u0219i s\u0103 crea\u021bi un look perfect ca la salon. \u00cen...","og_url":"https:\/\/shopatoa.com\/ro\/joanna-professional-extreme-gel-de-par-pentru-fermitate-cu-fixare-foarte-puternica-200-g\/","og_site_name":"SHOPATOA","article_modified_time":"2025-06-25T03:46:08+00:00","og_image":[{"width":800,"height":800,"url":"https:\/\/storage.googleapis.com\/cz-shopatoa-img\/ro\/ecab6218-unnamed-file.webp","type":"image\/webp"}],"twitter_card":"summary_large_image","twitter_misc":{"Timp estimat pentru citire":"1 minut"},"schema":{"@context":"https:\/\/schema.org","@graph":[{"@type":"WebPage","@id":"https:\/\/shopatoa.com\/ro\/joanna-professional-extreme-gel-de-par-pentru-fermitate-cu-fixare-foarte-puternica-200-g\/","url":"https:\/\/shopatoa.com\/ro\/joanna-professional-extreme-gel-de-par-pentru-fermitate-cu-fixare-foarte-puternica-200-g\/","name":"Joanna Professional Extreme gel de par pentru fermitate cu fixare foarte puternica 200 g - SHOPATOA.COM","isPartOf":{"@id":"https:\/\/shopatoa.com\/ro\/#website"},"primaryImageOfPage":{"@id":"https:\/\/shopatoa.com\/ro\/joanna-professional-extreme-gel-de-par-pentru-fermitate-cu-fixare-foarte-puternica-200-g\/#primaryimage"},"image":{"@id":"https:\/\/shopatoa.com\/ro\/joanna-professional-extreme-gel-de-par-pentru-fermitate-cu-fixare-foarte-puternica-200-g\/#primaryimage"},"thumbnailUrl":"https:\/\/storage.googleapis.com\/cz-shopatoa-img\/ro\/ecab6218-unnamed-file.webp","datePublished":"2025-06-25T03:45:01+00:00","dateModified":"2025-06-25T03:46:08+00:00","breadcrumb":{"@id":"https:\/\/shopatoa.com\/ro\/joanna-professional-extreme-gel-de-par-pentru-fermitate-cu-fixare-foarte-puternica-200-g\/#breadcrumb"},"inLanguage":"ro-RO","potentialAction":[{"@type":"ReadAction","target":["https:\/\/shopatoa.com\/ro\/joanna-professional-extreme-gel-de-par-pentru-fermitate-cu-fixare-foarte-puternica-200-g\/"]}]},{"@type":"ImageObject","inLanguage":"ro-RO","@id":"https:\/\/shopatoa.com\/ro\/joanna-professional-extreme-gel-de-par-pentru-fermitate-cu-fixare-foarte-puternica-200-g\/#primaryimage","url":"https:\/\/storage.googleapis.com\/cz-shopatoa-img\/ro\/ecab6218-unnamed-file.webp","contentUrl":"https:\/\/storage.googleapis.com\/cz-shopatoa-img\/ro\/ecab6218-unnamed-file.webp","width":800,"height":800},{"@type":"BreadcrumbList","@id":"https:\/\/shopatoa.com\/ro\/joanna-professional-extreme-gel-de-par-pentru-fermitate-cu-fixare-foarte-puternica-200-g\/#breadcrumb","itemListElement":[{"@type":"ListItem","position":1,"name":"Dom\u016f","item":"https:\/\/shopatoa.com\/ro\/"},{"@type":"ListItem","position":2,"name":"Shop","item":"https:\/\/shopatoa.com\/ro\/shop\/"},{"@type":"ListItem","position":3,"name":"Joanna Professional Extreme gel de par pentru fermitate cu fixare foarte puternica 200 g"}]},{"@type":"WebSite","@id":"https:\/\/shopatoa.com\/ro\/#website","url":"https:\/\/shopatoa.com\/ro\/","name":"SHOPATOA","description":"","publisher":{"@id":"https:\/\/shopatoa.com\/ro\/#organization"},"potentialAction":[{"@type":"SearchAction","target":{"@type":"EntryPoint","urlTemplate":"https:\/\/shopatoa.com\/ro\/?s={search_term_string}"},"query-input":{"@type":"PropertyValueSpecification","valueRequired":true,"valueName":"search_term_string"}}],"inLanguage":"ro-RO"},{"@type":"Organization","@id":"https:\/\/shopatoa.com\/ro\/#organization","name":"SHOPATOA","url":"https:\/\/shopatoa.com\/ro\/","logo":{"@type":"ImageObject","inLanguage":"ro-RO","@id":"https:\/\/shopatoa.com\/ro\/#\/schema\/logo\/image\/","url":"https:\/\/storage.googleapis.com\/cz-shopatoa-img\/ro\/b4dac915-shopatoa_logo.png","contentUrl":"https:\/\/storage.googleapis.com\/cz-shopatoa-img\/ro\/b4dac915-shopatoa_logo.png","width":416,"height":63,"caption":"SHOPATOA"},"image":{"@id":"https:\/\/shopatoa.com\/ro\/#\/schema\/logo\/image\/"}}]}},"_links":{"self":[{"href":"https:\/\/shopatoa.com\/ro\/wp-json\/wp\/v2\/product\/451206","targetHints":{"allow":["GET"]}}],"collection":[{"href":"https:\/\/shopatoa.com\/ro\/wp-json\/wp\/v2\/product"}],"about":[{"href":"https:\/\/shopatoa.com\/ro\/wp-json\/wp\/v2\/types\/product"}],"replies":[{"embeddable":true,"href":"https:\/\/shopatoa.com\/ro\/wp-json\/wp\/v2\/comments?post=451206"}],"wp:featuredmedia":[{"embeddable":true,"href":"https:\/\/shopatoa.com\/ro\/wp-json\/wp\/v2\/media\/451207"}],"wp:attachment":[{"href":"https:\/\/shopatoa.com\/ro\/wp-json\/wp\/v2\/media?parent=451206"}],"wp:term":[{"taxonomy":"product_brand","embeddable":true,"href":"https:\/\/shopatoa.com\/ro\/wp-json\/wp\/v2\/product_brand?post=451206"},{"taxonomy":"product_cat","embeddable":true,"href":"https:\/\/shopatoa.com\/ro\/wp-json\/wp\/v2\/product_cat?post=451206"},{"taxonomy":"product_tag","embeddable":true,"href":"https:\/\/shopatoa.com\/ro\/wp-json\/wp\/v2\/product_tag?post=451206"}],"curies":[{"name":"wp","href":"https:\/\/api.w.org\/{rel}","templated":true}]}}