{"id":451730,"date":"2025-06-25T06:30:42","date_gmt":"2025-06-25T04:30:42","guid":{"rendered":"https:\/\/shopatoa.com\/ro\/dr-grandel-winter-wellness-ampoule-calendar-calendar-de-craciun-fiola\/"},"modified":"2025-06-25T06:32:07","modified_gmt":"2025-06-25T04:32:07","slug":"dr-grandel-winter-wellness-ampoule-calendar-calendar-de-craciun-fiola","status":"publish","type":"product","link":"https:\/\/shopatoa.com\/ro\/dr-grandel-winter-wellness-ampoule-calendar-calendar-de-craciun-fiola\/","title":{"rendered":"Dr. Grandel Winter Wellness Ampoule Calendar Calendar de Cr\u0103ciun \u2013 fiol\u0103"},"content":{"rendered":"<p>Dr. Grandel Winter Wellness Ampoule Calendar, 25&#215;3 ml, Seruri pentru piele pentru femei, Pentru ca a\u0219teptarea Cr\u0103ciunului s\u0103 fie \u0219i mai pl\u0103cut\u0103, calendarul de Advent Dr. Grandel Winter Wellness Ampoule Calendar con\u021bine 24 de surprize cosmetice, cu care fiecare zi este mai frumoas\u0103. Este suficient s\u0103 deschide\u021bi ferestruica. Serul facial Dr. Grandel Winter Wellness este un produs cu un con\u021binut de substan\u021be active ridicat. De aceea, ofer\u0103 tenului cea mai luxoas\u0103 \u00eengrijire.  Setul con\u021bine:  Oil in One fiol\u0103 3 ml Vitamin Glow fiol\u0103 6 ml Beauty Date fiol\u0103 6 ml Beauty Flash fiol\u0103 3 ml Cell Repair fiol\u0103 3 ml Collagen Boost fiol\u0103 6 ml Contour Lift fiol\u0103 6 ml Forever 39 fiol\u0103 6 ml Hyaluron fiol\u0103 6 ml Hyaluron at Night fiol\u0103 6 ml Hyaluron Advanced fiol\u0103 9 ml Retinol fiol\u0103 3 ml Winter Wellness fiol\u0103 6 ml SOS fiol\u0103 3 ml Hyaluron Moisture Flash fiol\u0103 3 ml<\/p>\n","protected":false},"excerpt":{"rendered":"<p>Dr. Grandel Winter Wellness Ampoule Calendar, 25&#215;3 ml, Seruri pentru piele pentru femei, Pentru ca a\u0219teptarea Cr\u0103ciunului s\u0103 fie \u0219i mai pl\u0103cut\u0103, calendarul de Advent Dr. Grandel Winter Wellness Ampoule Calendar con\u021bine 24 de surprize cosmetice, cu care fiecare zi este mai frumoas\u0103. Este suficient s\u0103 deschide\u021bi ferestruica. Serul facial Dr. Grandel Winter Wellness este&#8230;<\/p>\n","protected":false},"featured_media":451731,"comment_status":"closed","ping_status":"open","template":"","meta":{"_acf_changed":false,"_kadence_starter_templates_imported_post":false,"_kad_post_transparent":"","_kad_post_title":"","_kad_post_layout":"","_kad_post_sidebar_id":"","_kad_post_content_style":"","_kad_post_vertical_padding":"","_kad_post_feature":"","_kad_post_feature_position":"","_kad_post_header":false,"_kad_post_footer":false,"_kad_post_classname":""},"product_brand":[2123],"product_cat":[1564,1563,1562,1651],"product_tag":[],"class_list":{"0":"post-451730","1":"product","2":"type-product","3":"status-publish","4":"has-post-thumbnail","6":"product_brand-dr-grandel","7":"product_cat-cosmetice-ingrijire-personala","8":"product_cat-ingrijire-personala","9":"product_cat-sanatate-si-frumusete","10":"product_cat-seturi-cosmetice","11":"pa_gen-female","12":"pa_marime-25x3-ml","14":"first","15":"instock","16":"sale","17":"product-type-external","18":"entry","19":"content-bg","20":"loop-entry"},"acf":[],"yoast_head":"<!-- This site is optimized with the Yoast SEO plugin v27.4 - https:\/\/yoast.com\/product\/yoast-seo-wordpress\/ -->\n<title>Dr. Grandel Winter Wellness Ampoule Calendar Calendar de Cr\u0103ciun \u2013 fiol\u0103 - SHOPATOA.COM<\/title>\n<meta name=\"robots\" content=\"index, follow, max-snippet:-1, max-image-preview:large, max-video-preview:-1\" \/>\n<link rel=\"canonical\" href=\"https:\/\/shopatoa.com\/ro\/dr-grandel-winter-wellness-ampoule-calendar-calendar-de-craciun-fiola\/\" \/>\n<meta property=\"og:locale\" content=\"ro_RO\" \/>\n<meta property=\"og:type\" content=\"article\" \/>\n<meta property=\"og:title\" content=\"Dr. Grandel Winter Wellness Ampoule Calendar Calendar de Cr\u0103ciun \u2013 fiol\u0103 - SHOPATOA.COM\" \/>\n<meta property=\"og:description\" content=\"Dr. Grandel Winter Wellness Ampoule Calendar, 25&#215;3 ml, Seruri pentru piele pentru femei, Pentru ca a\u0219teptarea Cr\u0103ciunului s\u0103 fie \u0219i mai pl\u0103cut\u0103, calendarul de Advent Dr. Grandel Winter Wellness Ampoule Calendar con\u021bine 24 de surprize cosmetice, cu care fiecare zi este mai frumoas\u0103. Este suficient s\u0103 deschide\u021bi ferestruica. Serul facial Dr. Grandel Winter Wellness este...\" \/>\n<meta property=\"og:url\" content=\"https:\/\/shopatoa.com\/ro\/dr-grandel-winter-wellness-ampoule-calendar-calendar-de-craciun-fiola\/\" \/>\n<meta property=\"og:site_name\" content=\"SHOPATOA\" \/>\n<meta property=\"article:modified_time\" content=\"2025-06-25T04:32:07+00:00\" \/>\n<meta property=\"og:image\" content=\"https:\/\/storage.googleapis.com\/cz-shopatoa-img\/ro\/7a98117b-unnamed-file.webp\" \/>\n\t<meta property=\"og:image:width\" content=\"800\" \/>\n\t<meta property=\"og:image:height\" content=\"800\" \/>\n\t<meta property=\"og:image:type\" content=\"image\/webp\" \/>\n<meta name=\"twitter:card\" content=\"summary_large_image\" \/>\n<meta name=\"twitter:label1\" content=\"Timp estimat pentru citire\" \/>\n\t<meta name=\"twitter:data1\" content=\"1 minut\" \/>\n<script type=\"application\/ld+json\" class=\"yoast-schema-graph\">{\"@context\":\"https:\\\/\\\/schema.org\",\"@graph\":[{\"@type\":\"WebPage\",\"@id\":\"https:\\\/\\\/shopatoa.com\\\/ro\\\/dr-grandel-winter-wellness-ampoule-calendar-calendar-de-craciun-fiola\\\/\",\"url\":\"https:\\\/\\\/shopatoa.com\\\/ro\\\/dr-grandel-winter-wellness-ampoule-calendar-calendar-de-craciun-fiola\\\/\",\"name\":\"Dr. Grandel Winter Wellness Ampoule Calendar Calendar de Cr\u0103ciun \u2013 fiol\u0103 - SHOPATOA.COM\",\"isPartOf\":{\"@id\":\"https:\\\/\\\/shopatoa.com\\\/ro\\\/#website\"},\"primaryImageOfPage\":{\"@id\":\"https:\\\/\\\/shopatoa.com\\\/ro\\\/dr-grandel-winter-wellness-ampoule-calendar-calendar-de-craciun-fiola\\\/#primaryimage\"},\"image\":{\"@id\":\"https:\\\/\\\/shopatoa.com\\\/ro\\\/dr-grandel-winter-wellness-ampoule-calendar-calendar-de-craciun-fiola\\\/#primaryimage\"},\"thumbnailUrl\":\"https:\\\/\\\/storage.googleapis.com\\\/cz-shopatoa-img\\\/ro\\\/7a98117b-unnamed-file.webp\",\"datePublished\":\"2025-06-25T04:30:42+00:00\",\"dateModified\":\"2025-06-25T04:32:07+00:00\",\"breadcrumb\":{\"@id\":\"https:\\\/\\\/shopatoa.com\\\/ro\\\/dr-grandel-winter-wellness-ampoule-calendar-calendar-de-craciun-fiola\\\/#breadcrumb\"},\"inLanguage\":\"ro-RO\",\"potentialAction\":[{\"@type\":\"ReadAction\",\"target\":[\"https:\\\/\\\/shopatoa.com\\\/ro\\\/dr-grandel-winter-wellness-ampoule-calendar-calendar-de-craciun-fiola\\\/\"]}]},{\"@type\":\"ImageObject\",\"inLanguage\":\"ro-RO\",\"@id\":\"https:\\\/\\\/shopatoa.com\\\/ro\\\/dr-grandel-winter-wellness-ampoule-calendar-calendar-de-craciun-fiola\\\/#primaryimage\",\"url\":\"https:\\\/\\\/storage.googleapis.com\\\/cz-shopatoa-img\\\/ro\\\/7a98117b-unnamed-file.webp\",\"contentUrl\":\"https:\\\/\\\/storage.googleapis.com\\\/cz-shopatoa-img\\\/ro\\\/7a98117b-unnamed-file.webp\",\"width\":800,\"height\":800},{\"@type\":\"BreadcrumbList\",\"@id\":\"https:\\\/\\\/shopatoa.com\\\/ro\\\/dr-grandel-winter-wellness-ampoule-calendar-calendar-de-craciun-fiola\\\/#breadcrumb\",\"itemListElement\":[{\"@type\":\"ListItem\",\"position\":1,\"name\":\"Dom\u016f\",\"item\":\"https:\\\/\\\/shopatoa.com\\\/ro\\\/\"},{\"@type\":\"ListItem\",\"position\":2,\"name\":\"Shop\",\"item\":\"https:\\\/\\\/shopatoa.com\\\/ro\\\/shop\\\/\"},{\"@type\":\"ListItem\",\"position\":3,\"name\":\"Dr. Grandel Winter Wellness Ampoule Calendar Calendar de Cr\u0103ciun \u2013 fiol\u0103\"}]},{\"@type\":\"WebSite\",\"@id\":\"https:\\\/\\\/shopatoa.com\\\/ro\\\/#website\",\"url\":\"https:\\\/\\\/shopatoa.com\\\/ro\\\/\",\"name\":\"SHOPATOA\",\"description\":\"\",\"publisher\":{\"@id\":\"https:\\\/\\\/shopatoa.com\\\/ro\\\/#organization\"},\"potentialAction\":[{\"@type\":\"SearchAction\",\"target\":{\"@type\":\"EntryPoint\",\"urlTemplate\":\"https:\\\/\\\/shopatoa.com\\\/ro\\\/?s={search_term_string}\"},\"query-input\":{\"@type\":\"PropertyValueSpecification\",\"valueRequired\":true,\"valueName\":\"search_term_string\"}}],\"inLanguage\":\"ro-RO\"},{\"@type\":\"Organization\",\"@id\":\"https:\\\/\\\/shopatoa.com\\\/ro\\\/#organization\",\"name\":\"SHOPATOA\",\"url\":\"https:\\\/\\\/shopatoa.com\\\/ro\\\/\",\"logo\":{\"@type\":\"ImageObject\",\"inLanguage\":\"ro-RO\",\"@id\":\"https:\\\/\\\/shopatoa.com\\\/ro\\\/#\\\/schema\\\/logo\\\/image\\\/\",\"url\":\"https:\\\/\\\/storage.googleapis.com\\\/cz-shopatoa-img\\\/ro\\\/b4dac915-shopatoa_logo.png\",\"contentUrl\":\"https:\\\/\\\/storage.googleapis.com\\\/cz-shopatoa-img\\\/ro\\\/b4dac915-shopatoa_logo.png\",\"width\":416,\"height\":63,\"caption\":\"SHOPATOA\"},\"image\":{\"@id\":\"https:\\\/\\\/shopatoa.com\\\/ro\\\/#\\\/schema\\\/logo\\\/image\\\/\"}}]}<\/script>\n<!-- \/ Yoast SEO plugin. -->","yoast_head_json":{"title":"Dr. Grandel Winter Wellness Ampoule Calendar Calendar de Cr\u0103ciun \u2013 fiol\u0103 - SHOPATOA.COM","robots":{"index":"index","follow":"follow","max-snippet":"max-snippet:-1","max-image-preview":"max-image-preview:large","max-video-preview":"max-video-preview:-1"},"canonical":"https:\/\/shopatoa.com\/ro\/dr-grandel-winter-wellness-ampoule-calendar-calendar-de-craciun-fiola\/","og_locale":"ro_RO","og_type":"article","og_title":"Dr. Grandel Winter Wellness Ampoule Calendar Calendar de Cr\u0103ciun \u2013 fiol\u0103 - SHOPATOA.COM","og_description":"Dr. Grandel Winter Wellness Ampoule Calendar, 25&#215;3 ml, Seruri pentru piele pentru femei, Pentru ca a\u0219teptarea Cr\u0103ciunului s\u0103 fie \u0219i mai pl\u0103cut\u0103, calendarul de Advent Dr. Grandel Winter Wellness Ampoule Calendar con\u021bine 24 de surprize cosmetice, cu care fiecare zi este mai frumoas\u0103. Este suficient s\u0103 deschide\u021bi ferestruica. Serul facial Dr. Grandel Winter Wellness este...","og_url":"https:\/\/shopatoa.com\/ro\/dr-grandel-winter-wellness-ampoule-calendar-calendar-de-craciun-fiola\/","og_site_name":"SHOPATOA","article_modified_time":"2025-06-25T04:32:07+00:00","og_image":[{"width":800,"height":800,"url":"https:\/\/storage.googleapis.com\/cz-shopatoa-img\/ro\/7a98117b-unnamed-file.webp","type":"image\/webp"}],"twitter_card":"summary_large_image","twitter_misc":{"Timp estimat pentru citire":"1 minut"},"schema":{"@context":"https:\/\/schema.org","@graph":[{"@type":"WebPage","@id":"https:\/\/shopatoa.com\/ro\/dr-grandel-winter-wellness-ampoule-calendar-calendar-de-craciun-fiola\/","url":"https:\/\/shopatoa.com\/ro\/dr-grandel-winter-wellness-ampoule-calendar-calendar-de-craciun-fiola\/","name":"Dr. Grandel Winter Wellness Ampoule Calendar Calendar de Cr\u0103ciun \u2013 fiol\u0103 - SHOPATOA.COM","isPartOf":{"@id":"https:\/\/shopatoa.com\/ro\/#website"},"primaryImageOfPage":{"@id":"https:\/\/shopatoa.com\/ro\/dr-grandel-winter-wellness-ampoule-calendar-calendar-de-craciun-fiola\/#primaryimage"},"image":{"@id":"https:\/\/shopatoa.com\/ro\/dr-grandel-winter-wellness-ampoule-calendar-calendar-de-craciun-fiola\/#primaryimage"},"thumbnailUrl":"https:\/\/storage.googleapis.com\/cz-shopatoa-img\/ro\/7a98117b-unnamed-file.webp","datePublished":"2025-06-25T04:30:42+00:00","dateModified":"2025-06-25T04:32:07+00:00","breadcrumb":{"@id":"https:\/\/shopatoa.com\/ro\/dr-grandel-winter-wellness-ampoule-calendar-calendar-de-craciun-fiola\/#breadcrumb"},"inLanguage":"ro-RO","potentialAction":[{"@type":"ReadAction","target":["https:\/\/shopatoa.com\/ro\/dr-grandel-winter-wellness-ampoule-calendar-calendar-de-craciun-fiola\/"]}]},{"@type":"ImageObject","inLanguage":"ro-RO","@id":"https:\/\/shopatoa.com\/ro\/dr-grandel-winter-wellness-ampoule-calendar-calendar-de-craciun-fiola\/#primaryimage","url":"https:\/\/storage.googleapis.com\/cz-shopatoa-img\/ro\/7a98117b-unnamed-file.webp","contentUrl":"https:\/\/storage.googleapis.com\/cz-shopatoa-img\/ro\/7a98117b-unnamed-file.webp","width":800,"height":800},{"@type":"BreadcrumbList","@id":"https:\/\/shopatoa.com\/ro\/dr-grandel-winter-wellness-ampoule-calendar-calendar-de-craciun-fiola\/#breadcrumb","itemListElement":[{"@type":"ListItem","position":1,"name":"Dom\u016f","item":"https:\/\/shopatoa.com\/ro\/"},{"@type":"ListItem","position":2,"name":"Shop","item":"https:\/\/shopatoa.com\/ro\/shop\/"},{"@type":"ListItem","position":3,"name":"Dr. Grandel Winter Wellness Ampoule Calendar Calendar de Cr\u0103ciun \u2013 fiol\u0103"}]},{"@type":"WebSite","@id":"https:\/\/shopatoa.com\/ro\/#website","url":"https:\/\/shopatoa.com\/ro\/","name":"SHOPATOA","description":"","publisher":{"@id":"https:\/\/shopatoa.com\/ro\/#organization"},"potentialAction":[{"@type":"SearchAction","target":{"@type":"EntryPoint","urlTemplate":"https:\/\/shopatoa.com\/ro\/?s={search_term_string}"},"query-input":{"@type":"PropertyValueSpecification","valueRequired":true,"valueName":"search_term_string"}}],"inLanguage":"ro-RO"},{"@type":"Organization","@id":"https:\/\/shopatoa.com\/ro\/#organization","name":"SHOPATOA","url":"https:\/\/shopatoa.com\/ro\/","logo":{"@type":"ImageObject","inLanguage":"ro-RO","@id":"https:\/\/shopatoa.com\/ro\/#\/schema\/logo\/image\/","url":"https:\/\/storage.googleapis.com\/cz-shopatoa-img\/ro\/b4dac915-shopatoa_logo.png","contentUrl":"https:\/\/storage.googleapis.com\/cz-shopatoa-img\/ro\/b4dac915-shopatoa_logo.png","width":416,"height":63,"caption":"SHOPATOA"},"image":{"@id":"https:\/\/shopatoa.com\/ro\/#\/schema\/logo\/image\/"}}]}},"_links":{"self":[{"href":"https:\/\/shopatoa.com\/ro\/wp-json\/wp\/v2\/product\/451730","targetHints":{"allow":["GET"]}}],"collection":[{"href":"https:\/\/shopatoa.com\/ro\/wp-json\/wp\/v2\/product"}],"about":[{"href":"https:\/\/shopatoa.com\/ro\/wp-json\/wp\/v2\/types\/product"}],"replies":[{"embeddable":true,"href":"https:\/\/shopatoa.com\/ro\/wp-json\/wp\/v2\/comments?post=451730"}],"wp:featuredmedia":[{"embeddable":true,"href":"https:\/\/shopatoa.com\/ro\/wp-json\/wp\/v2\/media\/451731"}],"wp:attachment":[{"href":"https:\/\/shopatoa.com\/ro\/wp-json\/wp\/v2\/media?parent=451730"}],"wp:term":[{"taxonomy":"product_brand","embeddable":true,"href":"https:\/\/shopatoa.com\/ro\/wp-json\/wp\/v2\/product_brand?post=451730"},{"taxonomy":"product_cat","embeddable":true,"href":"https:\/\/shopatoa.com\/ro\/wp-json\/wp\/v2\/product_cat?post=451730"},{"taxonomy":"product_tag","embeddable":true,"href":"https:\/\/shopatoa.com\/ro\/wp-json\/wp\/v2\/product_tag?post=451730"}],"curies":[{"name":"wp","href":"https:\/\/api.w.org\/{rel}","templated":true}]}}