{"id":452703,"date":"2025-06-25T08:07:43","date_gmt":"2025-06-25T06:07:43","guid":{"rendered":"https:\/\/shopatoa.com\/ro\/nars-afterglow-tempting-eyeshadow-palette-paleta-cu-farduri-de-ochi-1-buc\/"},"modified":"2025-06-25T08:08:30","modified_gmt":"2025-06-25T06:08:30","slug":"nars-afterglow-tempting-eyeshadow-palette-paleta-cu-farduri-de-ochi-1-buc","status":"publish","type":"product","link":"https:\/\/shopatoa.com\/ro\/nars-afterglow-tempting-eyeshadow-palette-paleta-cu-farduri-de-ochi-1-buc\/","title":{"rendered":"NARS AFTERGLOW TEMPTING EYESHADOW PALETTE palet\u0103 cu farduri de ochi 1 buc"},"content":{"rendered":"<p>NARS AFTERGLOW TEMPTING EYESHADOW PALETTE, 1 buc, OchiPalete de farduri pentru ochi pentru femei, Dori\u021bi s\u0103 v\u0103 eviden\u021bia\u021bi privirea, s\u0103 v\u0103 contura\u021bi ochii \u0219i s\u0103 le sublinia\u021bi tr\u0103s\u0103turile? Paleta pentru machiajul ochilor NARS AFTERGLOW TEMPTING EYESHADOW PALETTE ofer\u0103 posibilitatea cre\u0103rii celor mai fantastice variante de machiaj pentru ochi. Con\u021bine nu doar unul, ci mai multe farduri de ochi compacte, care se completeaz\u0103 ideal cromatic \u0219i, prin urmare, pot fi combinate perfect pentru a crea diferite tipuri de machiaj \u2013 de la unul discret de zi la unul \u00eendr\u0103zne\u021b de sear\u0103. Fiecare fard ofer\u0103 o acoperire uniform\u0103 de culoare, se aplic\u0103 u\u0219or, se estompeaz\u0103 bine pierdut \u0219i se combin\u0103 cu alte farduri, f\u0103r\u0103 a crea gradiente vizibile nedorite.  Caracteristici:  u\u0219or de aplicat pigmentare intens\u0103 nuan\u021bele sunt u\u0219or de combinat rezisten\u021b\u0103 de lung\u0103 durat\u0103 efect sclipitor textur\u0103 mat\u0103 prin stratificare se poate ob\u021bine un machiaj mai intens  Ingrediente:  oglind\u0103  Cum se utilizeaz\u0103: Pute\u021bi folosi o singur\u0103 nuan\u021b\u0103 pentru a umbri \u00eentreaga pleoap\u0103. Sau aplica\u021bi o nuan\u021b\u0103 deschis\u0103 \u00een col\u021bul interior \u0219i una mai \u00eenchis\u0103 \u00een col\u021bul exterior pentru a crea o privire optic mai deschis\u0103. Pentru un aspect mai intens, aplica\u021bi mai multe straturi. Aplica\u021bi cu o pensul\u0103 special\u0103 sau cu degetele.<\/p>\n","protected":false},"excerpt":{"rendered":"<p>NARS AFTERGLOW TEMPTING EYESHADOW PALETTE, 1 buc, OchiPalete de farduri pentru ochi pentru femei, Dori\u021bi s\u0103 v\u0103 eviden\u021bia\u021bi privirea, s\u0103 v\u0103 contura\u021bi ochii \u0219i s\u0103 le sublinia\u021bi tr\u0103s\u0103turile? Paleta pentru machiajul ochilor NARS AFTERGLOW TEMPTING EYESHADOW PALETTE ofer\u0103 posibilitatea cre\u0103rii celor mai fantastice variante de machiaj pentru ochi. Con\u021bine nu doar unul, ci mai multe&#8230;<\/p>\n","protected":false},"featured_media":452704,"comment_status":"closed","ping_status":"open","template":"","meta":{"_acf_changed":false,"_kadence_starter_templates_imported_post":false,"_kad_post_transparent":"","_kad_post_title":"","_kad_post_layout":"","_kad_post_sidebar_id":"","_kad_post_content_style":"","_kad_post_vertical_padding":"","_kad_post_feature":"","_kad_post_feature_position":"","_kad_post_header":false,"_kad_post_footer":false,"_kad_post_classname":""},"product_brand":[458],"product_cat":[1564,1600,1563,1576,1599,1562],"product_tag":[],"class_list":{"0":"post-452703","1":"product","2":"type-product","3":"status-publish","4":"has-post-thumbnail","6":"product_brand-nars","7":"product_cat-cosmetice-ingrijire-personala","8":"product_cat-fard-de-pleoape","9":"product_cat-ingrijire-personala","10":"product_cat-machiaj","11":"product_cat-machiaj-pentru-ochi-machiaj","12":"product_cat-sanatate-si-frumusete","13":"pa_gen-female","14":"pa_marime-1-buc","16":"first","17":"instock","18":"sale","19":"product-type-external","20":"entry","21":"content-bg","22":"loop-entry"},"acf":[],"yoast_head":"<!-- This site is optimized with the Yoast SEO plugin v27.3 - https:\/\/yoast.com\/product\/yoast-seo-wordpress\/ -->\n<title>NARS AFTERGLOW TEMPTING EYESHADOW PALETTE palet\u0103 cu farduri de ochi 1 buc - SHOPATOA.COM<\/title>\n<meta name=\"robots\" content=\"index, follow, max-snippet:-1, max-image-preview:large, max-video-preview:-1\" \/>\n<link rel=\"canonical\" href=\"https:\/\/shopatoa.com\/ro\/nars-afterglow-tempting-eyeshadow-palette-paleta-cu-farduri-de-ochi-1-buc\/\" \/>\n<meta property=\"og:locale\" content=\"ro_RO\" \/>\n<meta property=\"og:type\" content=\"article\" \/>\n<meta property=\"og:title\" content=\"NARS AFTERGLOW TEMPTING EYESHADOW PALETTE palet\u0103 cu farduri de ochi 1 buc - SHOPATOA.COM\" \/>\n<meta property=\"og:description\" content=\"NARS AFTERGLOW TEMPTING EYESHADOW PALETTE, 1 buc, OchiPalete de farduri pentru ochi pentru femei, Dori\u021bi s\u0103 v\u0103 eviden\u021bia\u021bi privirea, s\u0103 v\u0103 contura\u021bi ochii \u0219i s\u0103 le sublinia\u021bi tr\u0103s\u0103turile? Paleta pentru machiajul ochilor NARS AFTERGLOW TEMPTING EYESHADOW PALETTE ofer\u0103 posibilitatea cre\u0103rii celor mai fantastice variante de machiaj pentru ochi. Con\u021bine nu doar unul, ci mai multe...\" \/>\n<meta property=\"og:url\" content=\"https:\/\/shopatoa.com\/ro\/nars-afterglow-tempting-eyeshadow-palette-paleta-cu-farduri-de-ochi-1-buc\/\" \/>\n<meta property=\"og:site_name\" content=\"SHOPATOA\" \/>\n<meta property=\"article:modified_time\" content=\"2025-06-25T06:08:30+00:00\" \/>\n<meta property=\"og:image\" content=\"https:\/\/storage.googleapis.com\/cz-shopatoa-img\/ro\/8dcba627-unnamed-file.webp\" \/>\n\t<meta property=\"og:image:width\" content=\"800\" \/>\n\t<meta property=\"og:image:height\" content=\"800\" \/>\n\t<meta property=\"og:image:type\" content=\"image\/webp\" \/>\n<meta name=\"twitter:card\" content=\"summary_large_image\" \/>\n<meta name=\"twitter:label1\" content=\"Timp estimat pentru citire\" \/>\n\t<meta name=\"twitter:data1\" content=\"1 minut\" \/>\n<script type=\"application\/ld+json\" class=\"yoast-schema-graph\">{\"@context\":\"https:\\\/\\\/schema.org\",\"@graph\":[{\"@type\":\"WebPage\",\"@id\":\"https:\\\/\\\/shopatoa.com\\\/ro\\\/nars-afterglow-tempting-eyeshadow-palette-paleta-cu-farduri-de-ochi-1-buc\\\/\",\"url\":\"https:\\\/\\\/shopatoa.com\\\/ro\\\/nars-afterglow-tempting-eyeshadow-palette-paleta-cu-farduri-de-ochi-1-buc\\\/\",\"name\":\"NARS AFTERGLOW TEMPTING EYESHADOW PALETTE palet\u0103 cu farduri de ochi 1 buc - SHOPATOA.COM\",\"isPartOf\":{\"@id\":\"https:\\\/\\\/shopatoa.com\\\/ro\\\/#website\"},\"primaryImageOfPage\":{\"@id\":\"https:\\\/\\\/shopatoa.com\\\/ro\\\/nars-afterglow-tempting-eyeshadow-palette-paleta-cu-farduri-de-ochi-1-buc\\\/#primaryimage\"},\"image\":{\"@id\":\"https:\\\/\\\/shopatoa.com\\\/ro\\\/nars-afterglow-tempting-eyeshadow-palette-paleta-cu-farduri-de-ochi-1-buc\\\/#primaryimage\"},\"thumbnailUrl\":\"https:\\\/\\\/storage.googleapis.com\\\/cz-shopatoa-img\\\/ro\\\/8dcba627-unnamed-file.webp\",\"datePublished\":\"2025-06-25T06:07:43+00:00\",\"dateModified\":\"2025-06-25T06:08:30+00:00\",\"breadcrumb\":{\"@id\":\"https:\\\/\\\/shopatoa.com\\\/ro\\\/nars-afterglow-tempting-eyeshadow-palette-paleta-cu-farduri-de-ochi-1-buc\\\/#breadcrumb\"},\"inLanguage\":\"ro-RO\",\"potentialAction\":[{\"@type\":\"ReadAction\",\"target\":[\"https:\\\/\\\/shopatoa.com\\\/ro\\\/nars-afterglow-tempting-eyeshadow-palette-paleta-cu-farduri-de-ochi-1-buc\\\/\"]}]},{\"@type\":\"ImageObject\",\"inLanguage\":\"ro-RO\",\"@id\":\"https:\\\/\\\/shopatoa.com\\\/ro\\\/nars-afterglow-tempting-eyeshadow-palette-paleta-cu-farduri-de-ochi-1-buc\\\/#primaryimage\",\"url\":\"https:\\\/\\\/storage.googleapis.com\\\/cz-shopatoa-img\\\/ro\\\/8dcba627-unnamed-file.webp\",\"contentUrl\":\"https:\\\/\\\/storage.googleapis.com\\\/cz-shopatoa-img\\\/ro\\\/8dcba627-unnamed-file.webp\",\"width\":800,\"height\":800},{\"@type\":\"BreadcrumbList\",\"@id\":\"https:\\\/\\\/shopatoa.com\\\/ro\\\/nars-afterglow-tempting-eyeshadow-palette-paleta-cu-farduri-de-ochi-1-buc\\\/#breadcrumb\",\"itemListElement\":[{\"@type\":\"ListItem\",\"position\":1,\"name\":\"Dom\u016f\",\"item\":\"https:\\\/\\\/shopatoa.com\\\/ro\\\/\"},{\"@type\":\"ListItem\",\"position\":2,\"name\":\"Shop\",\"item\":\"https:\\\/\\\/shopatoa.com\\\/ro\\\/shop\\\/\"},{\"@type\":\"ListItem\",\"position\":3,\"name\":\"NARS AFTERGLOW TEMPTING EYESHADOW PALETTE palet\u0103 cu farduri de ochi 1 buc\"}]},{\"@type\":\"WebSite\",\"@id\":\"https:\\\/\\\/shopatoa.com\\\/ro\\\/#website\",\"url\":\"https:\\\/\\\/shopatoa.com\\\/ro\\\/\",\"name\":\"SHOPATOA\",\"description\":\"\",\"publisher\":{\"@id\":\"https:\\\/\\\/shopatoa.com\\\/ro\\\/#organization\"},\"potentialAction\":[{\"@type\":\"SearchAction\",\"target\":{\"@type\":\"EntryPoint\",\"urlTemplate\":\"https:\\\/\\\/shopatoa.com\\\/ro\\\/?s={search_term_string}\"},\"query-input\":{\"@type\":\"PropertyValueSpecification\",\"valueRequired\":true,\"valueName\":\"search_term_string\"}}],\"inLanguage\":\"ro-RO\"},{\"@type\":\"Organization\",\"@id\":\"https:\\\/\\\/shopatoa.com\\\/ro\\\/#organization\",\"name\":\"SHOPATOA\",\"url\":\"https:\\\/\\\/shopatoa.com\\\/ro\\\/\",\"logo\":{\"@type\":\"ImageObject\",\"inLanguage\":\"ro-RO\",\"@id\":\"https:\\\/\\\/shopatoa.com\\\/ro\\\/#\\\/schema\\\/logo\\\/image\\\/\",\"url\":\"https:\\\/\\\/storage.googleapis.com\\\/cz-shopatoa-img\\\/ro\\\/b4dac915-shopatoa_logo.png\",\"contentUrl\":\"https:\\\/\\\/storage.googleapis.com\\\/cz-shopatoa-img\\\/ro\\\/b4dac915-shopatoa_logo.png\",\"width\":416,\"height\":63,\"caption\":\"SHOPATOA\"},\"image\":{\"@id\":\"https:\\\/\\\/shopatoa.com\\\/ro\\\/#\\\/schema\\\/logo\\\/image\\\/\"}}]}<\/script>\n<!-- \/ Yoast SEO plugin. -->","yoast_head_json":{"title":"NARS AFTERGLOW TEMPTING EYESHADOW PALETTE palet\u0103 cu farduri de ochi 1 buc - SHOPATOA.COM","robots":{"index":"index","follow":"follow","max-snippet":"max-snippet:-1","max-image-preview":"max-image-preview:large","max-video-preview":"max-video-preview:-1"},"canonical":"https:\/\/shopatoa.com\/ro\/nars-afterglow-tempting-eyeshadow-palette-paleta-cu-farduri-de-ochi-1-buc\/","og_locale":"ro_RO","og_type":"article","og_title":"NARS AFTERGLOW TEMPTING EYESHADOW PALETTE palet\u0103 cu farduri de ochi 1 buc - SHOPATOA.COM","og_description":"NARS AFTERGLOW TEMPTING EYESHADOW PALETTE, 1 buc, OchiPalete de farduri pentru ochi pentru femei, Dori\u021bi s\u0103 v\u0103 eviden\u021bia\u021bi privirea, s\u0103 v\u0103 contura\u021bi ochii \u0219i s\u0103 le sublinia\u021bi tr\u0103s\u0103turile? Paleta pentru machiajul ochilor NARS AFTERGLOW TEMPTING EYESHADOW PALETTE ofer\u0103 posibilitatea cre\u0103rii celor mai fantastice variante de machiaj pentru ochi. Con\u021bine nu doar unul, ci mai multe...","og_url":"https:\/\/shopatoa.com\/ro\/nars-afterglow-tempting-eyeshadow-palette-paleta-cu-farduri-de-ochi-1-buc\/","og_site_name":"SHOPATOA","article_modified_time":"2025-06-25T06:08:30+00:00","og_image":[{"width":800,"height":800,"url":"https:\/\/storage.googleapis.com\/cz-shopatoa-img\/ro\/8dcba627-unnamed-file.webp","type":"image\/webp"}],"twitter_card":"summary_large_image","twitter_misc":{"Timp estimat pentru citire":"1 minut"},"schema":{"@context":"https:\/\/schema.org","@graph":[{"@type":"WebPage","@id":"https:\/\/shopatoa.com\/ro\/nars-afterglow-tempting-eyeshadow-palette-paleta-cu-farduri-de-ochi-1-buc\/","url":"https:\/\/shopatoa.com\/ro\/nars-afterglow-tempting-eyeshadow-palette-paleta-cu-farduri-de-ochi-1-buc\/","name":"NARS AFTERGLOW TEMPTING EYESHADOW PALETTE palet\u0103 cu farduri de ochi 1 buc - SHOPATOA.COM","isPartOf":{"@id":"https:\/\/shopatoa.com\/ro\/#website"},"primaryImageOfPage":{"@id":"https:\/\/shopatoa.com\/ro\/nars-afterglow-tempting-eyeshadow-palette-paleta-cu-farduri-de-ochi-1-buc\/#primaryimage"},"image":{"@id":"https:\/\/shopatoa.com\/ro\/nars-afterglow-tempting-eyeshadow-palette-paleta-cu-farduri-de-ochi-1-buc\/#primaryimage"},"thumbnailUrl":"https:\/\/storage.googleapis.com\/cz-shopatoa-img\/ro\/8dcba627-unnamed-file.webp","datePublished":"2025-06-25T06:07:43+00:00","dateModified":"2025-06-25T06:08:30+00:00","breadcrumb":{"@id":"https:\/\/shopatoa.com\/ro\/nars-afterglow-tempting-eyeshadow-palette-paleta-cu-farduri-de-ochi-1-buc\/#breadcrumb"},"inLanguage":"ro-RO","potentialAction":[{"@type":"ReadAction","target":["https:\/\/shopatoa.com\/ro\/nars-afterglow-tempting-eyeshadow-palette-paleta-cu-farduri-de-ochi-1-buc\/"]}]},{"@type":"ImageObject","inLanguage":"ro-RO","@id":"https:\/\/shopatoa.com\/ro\/nars-afterglow-tempting-eyeshadow-palette-paleta-cu-farduri-de-ochi-1-buc\/#primaryimage","url":"https:\/\/storage.googleapis.com\/cz-shopatoa-img\/ro\/8dcba627-unnamed-file.webp","contentUrl":"https:\/\/storage.googleapis.com\/cz-shopatoa-img\/ro\/8dcba627-unnamed-file.webp","width":800,"height":800},{"@type":"BreadcrumbList","@id":"https:\/\/shopatoa.com\/ro\/nars-afterglow-tempting-eyeshadow-palette-paleta-cu-farduri-de-ochi-1-buc\/#breadcrumb","itemListElement":[{"@type":"ListItem","position":1,"name":"Dom\u016f","item":"https:\/\/shopatoa.com\/ro\/"},{"@type":"ListItem","position":2,"name":"Shop","item":"https:\/\/shopatoa.com\/ro\/shop\/"},{"@type":"ListItem","position":3,"name":"NARS AFTERGLOW TEMPTING EYESHADOW PALETTE palet\u0103 cu farduri de ochi 1 buc"}]},{"@type":"WebSite","@id":"https:\/\/shopatoa.com\/ro\/#website","url":"https:\/\/shopatoa.com\/ro\/","name":"SHOPATOA","description":"","publisher":{"@id":"https:\/\/shopatoa.com\/ro\/#organization"},"potentialAction":[{"@type":"SearchAction","target":{"@type":"EntryPoint","urlTemplate":"https:\/\/shopatoa.com\/ro\/?s={search_term_string}"},"query-input":{"@type":"PropertyValueSpecification","valueRequired":true,"valueName":"search_term_string"}}],"inLanguage":"ro-RO"},{"@type":"Organization","@id":"https:\/\/shopatoa.com\/ro\/#organization","name":"SHOPATOA","url":"https:\/\/shopatoa.com\/ro\/","logo":{"@type":"ImageObject","inLanguage":"ro-RO","@id":"https:\/\/shopatoa.com\/ro\/#\/schema\/logo\/image\/","url":"https:\/\/storage.googleapis.com\/cz-shopatoa-img\/ro\/b4dac915-shopatoa_logo.png","contentUrl":"https:\/\/storage.googleapis.com\/cz-shopatoa-img\/ro\/b4dac915-shopatoa_logo.png","width":416,"height":63,"caption":"SHOPATOA"},"image":{"@id":"https:\/\/shopatoa.com\/ro\/#\/schema\/logo\/image\/"}}]}},"_links":{"self":[{"href":"https:\/\/shopatoa.com\/ro\/wp-json\/wp\/v2\/product\/452703","targetHints":{"allow":["GET"]}}],"collection":[{"href":"https:\/\/shopatoa.com\/ro\/wp-json\/wp\/v2\/product"}],"about":[{"href":"https:\/\/shopatoa.com\/ro\/wp-json\/wp\/v2\/types\/product"}],"replies":[{"embeddable":true,"href":"https:\/\/shopatoa.com\/ro\/wp-json\/wp\/v2\/comments?post=452703"}],"wp:featuredmedia":[{"embeddable":true,"href":"https:\/\/shopatoa.com\/ro\/wp-json\/wp\/v2\/media\/452704"}],"wp:attachment":[{"href":"https:\/\/shopatoa.com\/ro\/wp-json\/wp\/v2\/media?parent=452703"}],"wp:term":[{"taxonomy":"product_brand","embeddable":true,"href":"https:\/\/shopatoa.com\/ro\/wp-json\/wp\/v2\/product_brand?post=452703"},{"taxonomy":"product_cat","embeddable":true,"href":"https:\/\/shopatoa.com\/ro\/wp-json\/wp\/v2\/product_cat?post=452703"},{"taxonomy":"product_tag","embeddable":true,"href":"https:\/\/shopatoa.com\/ro\/wp-json\/wp\/v2\/product_tag?post=452703"}],"curies":[{"name":"wp","href":"https:\/\/api.w.org\/{rel}","templated":true}]}}