{"id":452771,"date":"2025-06-25T08:12:37","date_gmt":"2025-06-25T06:12:37","guid":{"rendered":"https:\/\/shopatoa.com\/ro\/hairmate-mermaid-crema-hidratanta-pentru-toate-tipurile-de-par-150-ml\/"},"modified":"2025-06-25T08:14:02","modified_gmt":"2025-06-25T06:14:02","slug":"hairmate-mermaid-crema-hidratanta-pentru-toate-tipurile-de-par-150-ml","status":"publish","type":"product","link":"https:\/\/shopatoa.com\/ro\/hairmate-mermaid-crema-hidratanta-pentru-toate-tipurile-de-par-150-ml\/","title":{"rendered":"HAIRMATE Mermaid crem\u0103 hidratant\u0103 pentru toate tipurile de p\u0103r 150 ml"},"content":{"rendered":"<p>HAIRMATE Mermaid, 150 ml, Creme \u0219i geluri pentru p\u0103r pentru femei, Tratamentul f\u0103r\u0103 cl\u0103tire HAIRMATE Mermaid ofer\u0103 p\u0103rului sp\u0103lat toate cele necesare.  Caracteristici:  pentru un p\u0103r str\u0103lucitor \u0219i hidratat combate electrizarea faciliteaz\u0103 descurcarea hr\u0103ne\u0219te \u0219i \u00eembun\u0103t\u0103\u021be\u0219te calitatea \u0219i structura p\u0103rului are efect antistatic asigur\u0103 protec\u021bie \u00eempotriva deterior\u0103rii termice  Ingrediente:  pantenol \u2013 hidrateaz\u0103, men\u021bine p\u0103rul \u0219i scalpul hidratate, calmeaz\u0103 \u0219i combate iritarea scalpului, neteze\u0219te fibrele de p\u0103r, \u00eembun\u0103t\u0103\u021be\u0219te elasticitatea acestora cheratin\u0103 \u2013 protein\u0103 prezent\u0103 \u00een mod natural \u00een p\u0103r, formeaz\u0103 un strat protector care previne deteriorarea, are efect asupra calit\u0103\u021bii \u0219i cre\u0219terii p\u0103rului, a catifel\u0103rii \u0219i str\u0103lucirii acestuia, neteze\u0219te, fortific\u0103 \u0219i regenereaz\u0103 intensiv  Cum se utilizeaz\u0103: Se aplic\u0103 pe p\u0103rul umed, uscat cu prosopul. Nu cl\u0103ti\u021bi.<\/p>\n","protected":false},"excerpt":{"rendered":"<p>HAIRMATE Mermaid, 150 ml, Creme \u0219i geluri pentru p\u0103r pentru femei, Tratamentul f\u0103r\u0103 cl\u0103tire HAIRMATE Mermaid ofer\u0103 p\u0103rului sp\u0103lat toate cele necesare. Caracteristici: pentru un p\u0103r str\u0103lucitor \u0219i hidratat combate electrizarea faciliteaz\u0103 descurcarea hr\u0103ne\u0219te \u0219i \u00eembun\u0103t\u0103\u021be\u0219te calitatea \u0219i structura p\u0103rului are efect antistatic asigur\u0103 protec\u021bie \u00eempotriva deterior\u0103rii termice Ingrediente: pantenol \u2013 hidrateaz\u0103, men\u021bine p\u0103rul \u0219i&#8230;<\/p>\n","protected":false},"featured_media":452772,"comment_status":"closed","ping_status":"open","template":"","meta":{"_acf_changed":false,"_kadence_starter_templates_imported_post":false,"_kad_post_transparent":"","_kad_post_title":"","_kad_post_layout":"","_kad_post_sidebar_id":"","_kad_post_content_style":"","_kad_post_vertical_padding":"","_kad_post_feature":"","_kad_post_feature_position":"","_kad_post_header":false,"_kad_post_footer":false,"_kad_post_classname":""},"product_brand":[1825],"product_cat":[1563,1590,1562],"product_tag":[],"class_list":{"0":"post-452771","1":"product","2":"type-product","3":"status-publish","4":"has-post-thumbnail","6":"product_brand-hairmate","7":"product_cat-ingrijire-personala","8":"product_cat-ingrijirea-parului","9":"product_cat-sanatate-si-frumusete","10":"pa_gen-female","11":"pa_marime-150-ml","13":"first","14":"instock","15":"product-type-external","16":"entry","17":"content-bg","18":"loop-entry"},"acf":[],"yoast_head":"<!-- This site is optimized with the Yoast SEO plugin v27.4 - https:\/\/yoast.com\/product\/yoast-seo-wordpress\/ -->\n<title>HAIRMATE Mermaid crem\u0103 hidratant\u0103 pentru toate tipurile de p\u0103r 150 ml - SHOPATOA.COM<\/title>\n<meta name=\"robots\" content=\"index, follow, max-snippet:-1, max-image-preview:large, max-video-preview:-1\" \/>\n<link rel=\"canonical\" href=\"https:\/\/shopatoa.com\/ro\/hairmate-mermaid-crema-hidratanta-pentru-toate-tipurile-de-par-150-ml\/\" \/>\n<meta property=\"og:locale\" content=\"ro_RO\" \/>\n<meta property=\"og:type\" content=\"article\" \/>\n<meta property=\"og:title\" content=\"HAIRMATE Mermaid crem\u0103 hidratant\u0103 pentru toate tipurile de p\u0103r 150 ml - SHOPATOA.COM\" \/>\n<meta property=\"og:description\" content=\"HAIRMATE Mermaid, 150 ml, Creme \u0219i geluri pentru p\u0103r pentru femei, Tratamentul f\u0103r\u0103 cl\u0103tire HAIRMATE Mermaid ofer\u0103 p\u0103rului sp\u0103lat toate cele necesare. Caracteristici: pentru un p\u0103r str\u0103lucitor \u0219i hidratat combate electrizarea faciliteaz\u0103 descurcarea hr\u0103ne\u0219te \u0219i \u00eembun\u0103t\u0103\u021be\u0219te calitatea \u0219i structura p\u0103rului are efect antistatic asigur\u0103 protec\u021bie \u00eempotriva deterior\u0103rii termice Ingrediente: pantenol \u2013 hidrateaz\u0103, men\u021bine p\u0103rul \u0219i...\" \/>\n<meta property=\"og:url\" content=\"https:\/\/shopatoa.com\/ro\/hairmate-mermaid-crema-hidratanta-pentru-toate-tipurile-de-par-150-ml\/\" \/>\n<meta property=\"og:site_name\" content=\"SHOPATOA\" \/>\n<meta property=\"article:modified_time\" content=\"2025-06-25T06:14:02+00:00\" \/>\n<meta property=\"og:image\" content=\"https:\/\/storage.googleapis.com\/cz-shopatoa-img\/ro\/7901680e-unnamed-file.webp\" \/>\n\t<meta property=\"og:image:width\" content=\"800\" \/>\n\t<meta property=\"og:image:height\" content=\"800\" \/>\n\t<meta property=\"og:image:type\" content=\"image\/webp\" \/>\n<meta name=\"twitter:card\" content=\"summary_large_image\" \/>\n<meta name=\"twitter:label1\" content=\"Timp estimat pentru citire\" \/>\n\t<meta name=\"twitter:data1\" content=\"1 minut\" \/>\n<script type=\"application\/ld+json\" class=\"yoast-schema-graph\">{\"@context\":\"https:\\\/\\\/schema.org\",\"@graph\":[{\"@type\":\"WebPage\",\"@id\":\"https:\\\/\\\/shopatoa.com\\\/ro\\\/hairmate-mermaid-crema-hidratanta-pentru-toate-tipurile-de-par-150-ml\\\/\",\"url\":\"https:\\\/\\\/shopatoa.com\\\/ro\\\/hairmate-mermaid-crema-hidratanta-pentru-toate-tipurile-de-par-150-ml\\\/\",\"name\":\"HAIRMATE Mermaid crem\u0103 hidratant\u0103 pentru toate tipurile de p\u0103r 150 ml - SHOPATOA.COM\",\"isPartOf\":{\"@id\":\"https:\\\/\\\/shopatoa.com\\\/ro\\\/#website\"},\"primaryImageOfPage\":{\"@id\":\"https:\\\/\\\/shopatoa.com\\\/ro\\\/hairmate-mermaid-crema-hidratanta-pentru-toate-tipurile-de-par-150-ml\\\/#primaryimage\"},\"image\":{\"@id\":\"https:\\\/\\\/shopatoa.com\\\/ro\\\/hairmate-mermaid-crema-hidratanta-pentru-toate-tipurile-de-par-150-ml\\\/#primaryimage\"},\"thumbnailUrl\":\"https:\\\/\\\/storage.googleapis.com\\\/cz-shopatoa-img\\\/ro\\\/7901680e-unnamed-file.webp\",\"datePublished\":\"2025-06-25T06:12:37+00:00\",\"dateModified\":\"2025-06-25T06:14:02+00:00\",\"breadcrumb\":{\"@id\":\"https:\\\/\\\/shopatoa.com\\\/ro\\\/hairmate-mermaid-crema-hidratanta-pentru-toate-tipurile-de-par-150-ml\\\/#breadcrumb\"},\"inLanguage\":\"ro-RO\",\"potentialAction\":[{\"@type\":\"ReadAction\",\"target\":[\"https:\\\/\\\/shopatoa.com\\\/ro\\\/hairmate-mermaid-crema-hidratanta-pentru-toate-tipurile-de-par-150-ml\\\/\"]}]},{\"@type\":\"ImageObject\",\"inLanguage\":\"ro-RO\",\"@id\":\"https:\\\/\\\/shopatoa.com\\\/ro\\\/hairmate-mermaid-crema-hidratanta-pentru-toate-tipurile-de-par-150-ml\\\/#primaryimage\",\"url\":\"https:\\\/\\\/storage.googleapis.com\\\/cz-shopatoa-img\\\/ro\\\/7901680e-unnamed-file.webp\",\"contentUrl\":\"https:\\\/\\\/storage.googleapis.com\\\/cz-shopatoa-img\\\/ro\\\/7901680e-unnamed-file.webp\",\"width\":800,\"height\":800},{\"@type\":\"BreadcrumbList\",\"@id\":\"https:\\\/\\\/shopatoa.com\\\/ro\\\/hairmate-mermaid-crema-hidratanta-pentru-toate-tipurile-de-par-150-ml\\\/#breadcrumb\",\"itemListElement\":[{\"@type\":\"ListItem\",\"position\":1,\"name\":\"Dom\u016f\",\"item\":\"https:\\\/\\\/shopatoa.com\\\/ro\\\/\"},{\"@type\":\"ListItem\",\"position\":2,\"name\":\"Shop\",\"item\":\"https:\\\/\\\/shopatoa.com\\\/ro\\\/shop\\\/\"},{\"@type\":\"ListItem\",\"position\":3,\"name\":\"HAIRMATE Mermaid crem\u0103 hidratant\u0103 pentru toate tipurile de p\u0103r 150 ml\"}]},{\"@type\":\"WebSite\",\"@id\":\"https:\\\/\\\/shopatoa.com\\\/ro\\\/#website\",\"url\":\"https:\\\/\\\/shopatoa.com\\\/ro\\\/\",\"name\":\"SHOPATOA\",\"description\":\"\",\"publisher\":{\"@id\":\"https:\\\/\\\/shopatoa.com\\\/ro\\\/#organization\"},\"potentialAction\":[{\"@type\":\"SearchAction\",\"target\":{\"@type\":\"EntryPoint\",\"urlTemplate\":\"https:\\\/\\\/shopatoa.com\\\/ro\\\/?s={search_term_string}\"},\"query-input\":{\"@type\":\"PropertyValueSpecification\",\"valueRequired\":true,\"valueName\":\"search_term_string\"}}],\"inLanguage\":\"ro-RO\"},{\"@type\":\"Organization\",\"@id\":\"https:\\\/\\\/shopatoa.com\\\/ro\\\/#organization\",\"name\":\"SHOPATOA\",\"url\":\"https:\\\/\\\/shopatoa.com\\\/ro\\\/\",\"logo\":{\"@type\":\"ImageObject\",\"inLanguage\":\"ro-RO\",\"@id\":\"https:\\\/\\\/shopatoa.com\\\/ro\\\/#\\\/schema\\\/logo\\\/image\\\/\",\"url\":\"https:\\\/\\\/storage.googleapis.com\\\/cz-shopatoa-img\\\/ro\\\/b4dac915-shopatoa_logo.png\",\"contentUrl\":\"https:\\\/\\\/storage.googleapis.com\\\/cz-shopatoa-img\\\/ro\\\/b4dac915-shopatoa_logo.png\",\"width\":416,\"height\":63,\"caption\":\"SHOPATOA\"},\"image\":{\"@id\":\"https:\\\/\\\/shopatoa.com\\\/ro\\\/#\\\/schema\\\/logo\\\/image\\\/\"}}]}<\/script>\n<!-- \/ Yoast SEO plugin. -->","yoast_head_json":{"title":"HAIRMATE Mermaid crem\u0103 hidratant\u0103 pentru toate tipurile de p\u0103r 150 ml - SHOPATOA.COM","robots":{"index":"index","follow":"follow","max-snippet":"max-snippet:-1","max-image-preview":"max-image-preview:large","max-video-preview":"max-video-preview:-1"},"canonical":"https:\/\/shopatoa.com\/ro\/hairmate-mermaid-crema-hidratanta-pentru-toate-tipurile-de-par-150-ml\/","og_locale":"ro_RO","og_type":"article","og_title":"HAIRMATE Mermaid crem\u0103 hidratant\u0103 pentru toate tipurile de p\u0103r 150 ml - SHOPATOA.COM","og_description":"HAIRMATE Mermaid, 150 ml, Creme \u0219i geluri pentru p\u0103r pentru femei, Tratamentul f\u0103r\u0103 cl\u0103tire HAIRMATE Mermaid ofer\u0103 p\u0103rului sp\u0103lat toate cele necesare. Caracteristici: pentru un p\u0103r str\u0103lucitor \u0219i hidratat combate electrizarea faciliteaz\u0103 descurcarea hr\u0103ne\u0219te \u0219i \u00eembun\u0103t\u0103\u021be\u0219te calitatea \u0219i structura p\u0103rului are efect antistatic asigur\u0103 protec\u021bie \u00eempotriva deterior\u0103rii termice Ingrediente: pantenol \u2013 hidrateaz\u0103, men\u021bine p\u0103rul \u0219i...","og_url":"https:\/\/shopatoa.com\/ro\/hairmate-mermaid-crema-hidratanta-pentru-toate-tipurile-de-par-150-ml\/","og_site_name":"SHOPATOA","article_modified_time":"2025-06-25T06:14:02+00:00","og_image":[{"width":800,"height":800,"url":"https:\/\/storage.googleapis.com\/cz-shopatoa-img\/ro\/7901680e-unnamed-file.webp","type":"image\/webp"}],"twitter_card":"summary_large_image","twitter_misc":{"Timp estimat pentru citire":"1 minut"},"schema":{"@context":"https:\/\/schema.org","@graph":[{"@type":"WebPage","@id":"https:\/\/shopatoa.com\/ro\/hairmate-mermaid-crema-hidratanta-pentru-toate-tipurile-de-par-150-ml\/","url":"https:\/\/shopatoa.com\/ro\/hairmate-mermaid-crema-hidratanta-pentru-toate-tipurile-de-par-150-ml\/","name":"HAIRMATE Mermaid crem\u0103 hidratant\u0103 pentru toate tipurile de p\u0103r 150 ml - SHOPATOA.COM","isPartOf":{"@id":"https:\/\/shopatoa.com\/ro\/#website"},"primaryImageOfPage":{"@id":"https:\/\/shopatoa.com\/ro\/hairmate-mermaid-crema-hidratanta-pentru-toate-tipurile-de-par-150-ml\/#primaryimage"},"image":{"@id":"https:\/\/shopatoa.com\/ro\/hairmate-mermaid-crema-hidratanta-pentru-toate-tipurile-de-par-150-ml\/#primaryimage"},"thumbnailUrl":"https:\/\/storage.googleapis.com\/cz-shopatoa-img\/ro\/7901680e-unnamed-file.webp","datePublished":"2025-06-25T06:12:37+00:00","dateModified":"2025-06-25T06:14:02+00:00","breadcrumb":{"@id":"https:\/\/shopatoa.com\/ro\/hairmate-mermaid-crema-hidratanta-pentru-toate-tipurile-de-par-150-ml\/#breadcrumb"},"inLanguage":"ro-RO","potentialAction":[{"@type":"ReadAction","target":["https:\/\/shopatoa.com\/ro\/hairmate-mermaid-crema-hidratanta-pentru-toate-tipurile-de-par-150-ml\/"]}]},{"@type":"ImageObject","inLanguage":"ro-RO","@id":"https:\/\/shopatoa.com\/ro\/hairmate-mermaid-crema-hidratanta-pentru-toate-tipurile-de-par-150-ml\/#primaryimage","url":"https:\/\/storage.googleapis.com\/cz-shopatoa-img\/ro\/7901680e-unnamed-file.webp","contentUrl":"https:\/\/storage.googleapis.com\/cz-shopatoa-img\/ro\/7901680e-unnamed-file.webp","width":800,"height":800},{"@type":"BreadcrumbList","@id":"https:\/\/shopatoa.com\/ro\/hairmate-mermaid-crema-hidratanta-pentru-toate-tipurile-de-par-150-ml\/#breadcrumb","itemListElement":[{"@type":"ListItem","position":1,"name":"Dom\u016f","item":"https:\/\/shopatoa.com\/ro\/"},{"@type":"ListItem","position":2,"name":"Shop","item":"https:\/\/shopatoa.com\/ro\/shop\/"},{"@type":"ListItem","position":3,"name":"HAIRMATE Mermaid crem\u0103 hidratant\u0103 pentru toate tipurile de p\u0103r 150 ml"}]},{"@type":"WebSite","@id":"https:\/\/shopatoa.com\/ro\/#website","url":"https:\/\/shopatoa.com\/ro\/","name":"SHOPATOA","description":"","publisher":{"@id":"https:\/\/shopatoa.com\/ro\/#organization"},"potentialAction":[{"@type":"SearchAction","target":{"@type":"EntryPoint","urlTemplate":"https:\/\/shopatoa.com\/ro\/?s={search_term_string}"},"query-input":{"@type":"PropertyValueSpecification","valueRequired":true,"valueName":"search_term_string"}}],"inLanguage":"ro-RO"},{"@type":"Organization","@id":"https:\/\/shopatoa.com\/ro\/#organization","name":"SHOPATOA","url":"https:\/\/shopatoa.com\/ro\/","logo":{"@type":"ImageObject","inLanguage":"ro-RO","@id":"https:\/\/shopatoa.com\/ro\/#\/schema\/logo\/image\/","url":"https:\/\/storage.googleapis.com\/cz-shopatoa-img\/ro\/b4dac915-shopatoa_logo.png","contentUrl":"https:\/\/storage.googleapis.com\/cz-shopatoa-img\/ro\/b4dac915-shopatoa_logo.png","width":416,"height":63,"caption":"SHOPATOA"},"image":{"@id":"https:\/\/shopatoa.com\/ro\/#\/schema\/logo\/image\/"}}]}},"_links":{"self":[{"href":"https:\/\/shopatoa.com\/ro\/wp-json\/wp\/v2\/product\/452771","targetHints":{"allow":["GET"]}}],"collection":[{"href":"https:\/\/shopatoa.com\/ro\/wp-json\/wp\/v2\/product"}],"about":[{"href":"https:\/\/shopatoa.com\/ro\/wp-json\/wp\/v2\/types\/product"}],"replies":[{"embeddable":true,"href":"https:\/\/shopatoa.com\/ro\/wp-json\/wp\/v2\/comments?post=452771"}],"wp:featuredmedia":[{"embeddable":true,"href":"https:\/\/shopatoa.com\/ro\/wp-json\/wp\/v2\/media\/452772"}],"wp:attachment":[{"href":"https:\/\/shopatoa.com\/ro\/wp-json\/wp\/v2\/media?parent=452771"}],"wp:term":[{"taxonomy":"product_brand","embeddable":true,"href":"https:\/\/shopatoa.com\/ro\/wp-json\/wp\/v2\/product_brand?post=452771"},{"taxonomy":"product_cat","embeddable":true,"href":"https:\/\/shopatoa.com\/ro\/wp-json\/wp\/v2\/product_cat?post=452771"},{"taxonomy":"product_tag","embeddable":true,"href":"https:\/\/shopatoa.com\/ro\/wp-json\/wp\/v2\/product_tag?post=452771"}],"curies":[{"name":"wp","href":"https:\/\/api.w.org\/{rel}","templated":true}]}}