{"id":452843,"date":"2025-06-25T08:19:38","date_gmt":"2025-06-25T06:19:38","guid":{"rendered":"https:\/\/shopatoa.com\/ro\/fresh-tint-your-hydration-set-ingrijire-buze\/"},"modified":"2025-06-25T08:20:21","modified_gmt":"2025-06-25T06:20:21","slug":"fresh-tint-your-hydration-set-ingrijire-buze","status":"publish","type":"product","link":"https:\/\/shopatoa.com\/ro\/fresh-tint-your-hydration-set-ingrijire-buze\/","title":{"rendered":"fresh Tint Your Hydration set \u00eengrijire buze"},"content":{"rendered":"<p>fresh Tint Your Hydration, Balsam pentru buze pentru femei, Zona buzelor are propriile particularit\u0103\u021bi. De exemplu, este una dintre zonele \u00een care tind s\u0103 apar\u0103 semnele de \u00eemb\u0103tr\u00e2nire \u0219i irita\u021biile. Prin urmare, \u00eengrijirea fresh Tint Your Hydration este dezvoltat\u0103 \u00een a\u0219a fel \u00eenc\u00e2t s\u0103 r\u0103spund\u0103 nevoilor specifice ale tenului delicat din aceast\u0103 zon\u0103. Ofer\u0103 hidratare, previne uscarea nedorit\u0103 \u0219i favorizeaz\u0103 un aspect s\u0103n\u0103tos al zonei buzelor. Astfel, garanteaz\u0103 un z\u00e2mbet chiar mai frumos.  Setul con\u021bine:   fresh Sugar Advanced Therapy Treatment Lip Balm Balsam de buze hidratant 4.3 g  fresh Sugar Tinted Lip Treatment Ros\u00e9 balsam de buze hidratant colorat 2,2 g  fresh Sugar Tinted Lip Treatment Bloom balsam de buze hidratant colorat 2,2 g   Caracteristici:  pentru buze perfect accentuate ofer\u0103 buzelor \u0219i zonei din jur hidratarea \u0219i nutri\u021bia necesare con\u021bine produse \u00een versiune mini foarte potrivit ca un cadou bucur\u0103 orice femeie edi\u021bie limitat\u0103  Cum se utilizeaz\u0103: Folosi\u021bi fiecare produs din setul cosmetic conform instruc\u021biunilor proprii.<\/p>\n","protected":false},"excerpt":{"rendered":"<p>fresh Tint Your Hydration, Balsam pentru buze pentru femei, Zona buzelor are propriile particularit\u0103\u021bi. De exemplu, este una dintre zonele \u00een care tind s\u0103 apar\u0103 semnele de \u00eemb\u0103tr\u00e2nire \u0219i irita\u021biile. Prin urmare, \u00eengrijirea fresh Tint Your Hydration este dezvoltat\u0103 \u00een a\u0219a fel \u00eenc\u00e2t s\u0103 r\u0103spund\u0103 nevoilor specifice ale tenului delicat din aceast\u0103 zon\u0103. Ofer\u0103 hidratare,&#8230;<\/p>\n","protected":false},"featured_media":452844,"comment_status":"closed","ping_status":"open","template":"","meta":{"_acf_changed":false,"_kadence_starter_templates_imported_post":false,"_kad_post_transparent":"","_kad_post_title":"","_kad_post_layout":"","_kad_post_sidebar_id":"","_kad_post_content_style":"","_kad_post_vertical_padding":"","_kad_post_feature":"","_kad_post_feature_position":"","_kad_post_header":false,"_kad_post_footer":false,"_kad_post_classname":""},"product_brand":[2093],"product_cat":[1564,1563,1562,1651],"product_tag":[],"class_list":{"0":"post-452843","1":"product","2":"type-product","3":"status-publish","4":"has-post-thumbnail","6":"product_brand-fresh","7":"product_cat-cosmetice-ingrijire-personala","8":"product_cat-ingrijire-personala","9":"product_cat-sanatate-si-frumusete","10":"product_cat-seturi-cosmetice","11":"pa_gen-female","13":"first","14":"instock","15":"sale","16":"product-type-external","17":"entry","18":"content-bg","19":"loop-entry"},"acf":[],"yoast_head":"<!-- This site is optimized with the Yoast SEO plugin v27.4 - https:\/\/yoast.com\/product\/yoast-seo-wordpress\/ -->\n<title>fresh Tint Your Hydration set \u00eengrijire buze - SHOPATOA.COM<\/title>\n<meta name=\"robots\" content=\"index, follow, max-snippet:-1, max-image-preview:large, max-video-preview:-1\" \/>\n<link rel=\"canonical\" href=\"https:\/\/shopatoa.com\/ro\/fresh-tint-your-hydration-set-ingrijire-buze\/\" \/>\n<meta property=\"og:locale\" content=\"ro_RO\" \/>\n<meta property=\"og:type\" content=\"article\" \/>\n<meta property=\"og:title\" content=\"fresh Tint Your Hydration set \u00eengrijire buze - SHOPATOA.COM\" \/>\n<meta property=\"og:description\" content=\"fresh Tint Your Hydration, Balsam pentru buze pentru femei, Zona buzelor are propriile particularit\u0103\u021bi. De exemplu, este una dintre zonele \u00een care tind s\u0103 apar\u0103 semnele de \u00eemb\u0103tr\u00e2nire \u0219i irita\u021biile. Prin urmare, \u00eengrijirea fresh Tint Your Hydration este dezvoltat\u0103 \u00een a\u0219a fel \u00eenc\u00e2t s\u0103 r\u0103spund\u0103 nevoilor specifice ale tenului delicat din aceast\u0103 zon\u0103. Ofer\u0103 hidratare,...\" \/>\n<meta property=\"og:url\" content=\"https:\/\/shopatoa.com\/ro\/fresh-tint-your-hydration-set-ingrijire-buze\/\" \/>\n<meta property=\"og:site_name\" content=\"SHOPATOA\" \/>\n<meta property=\"article:modified_time\" content=\"2025-06-25T06:20:21+00:00\" \/>\n<meta property=\"og:image\" content=\"https:\/\/storage.googleapis.com\/cz-shopatoa-img\/ro\/205ecae8-unnamed-file.webp\" \/>\n\t<meta property=\"og:image:width\" content=\"800\" \/>\n\t<meta property=\"og:image:height\" content=\"800\" \/>\n\t<meta property=\"og:image:type\" content=\"image\/webp\" \/>\n<meta name=\"twitter:card\" content=\"summary_large_image\" \/>\n<meta name=\"twitter:label1\" content=\"Timp estimat pentru citire\" \/>\n\t<meta name=\"twitter:data1\" content=\"1 minut\" \/>\n<script type=\"application\/ld+json\" class=\"yoast-schema-graph\">{\"@context\":\"https:\\\/\\\/schema.org\",\"@graph\":[{\"@type\":\"WebPage\",\"@id\":\"https:\\\/\\\/shopatoa.com\\\/ro\\\/fresh-tint-your-hydration-set-ingrijire-buze\\\/\",\"url\":\"https:\\\/\\\/shopatoa.com\\\/ro\\\/fresh-tint-your-hydration-set-ingrijire-buze\\\/\",\"name\":\"fresh Tint Your Hydration set \u00eengrijire buze - SHOPATOA.COM\",\"isPartOf\":{\"@id\":\"https:\\\/\\\/shopatoa.com\\\/ro\\\/#website\"},\"primaryImageOfPage\":{\"@id\":\"https:\\\/\\\/shopatoa.com\\\/ro\\\/fresh-tint-your-hydration-set-ingrijire-buze\\\/#primaryimage\"},\"image\":{\"@id\":\"https:\\\/\\\/shopatoa.com\\\/ro\\\/fresh-tint-your-hydration-set-ingrijire-buze\\\/#primaryimage\"},\"thumbnailUrl\":\"https:\\\/\\\/storage.googleapis.com\\\/cz-shopatoa-img\\\/ro\\\/205ecae8-unnamed-file.webp\",\"datePublished\":\"2025-06-25T06:19:38+00:00\",\"dateModified\":\"2025-06-25T06:20:21+00:00\",\"breadcrumb\":{\"@id\":\"https:\\\/\\\/shopatoa.com\\\/ro\\\/fresh-tint-your-hydration-set-ingrijire-buze\\\/#breadcrumb\"},\"inLanguage\":\"ro-RO\",\"potentialAction\":[{\"@type\":\"ReadAction\",\"target\":[\"https:\\\/\\\/shopatoa.com\\\/ro\\\/fresh-tint-your-hydration-set-ingrijire-buze\\\/\"]}]},{\"@type\":\"ImageObject\",\"inLanguage\":\"ro-RO\",\"@id\":\"https:\\\/\\\/shopatoa.com\\\/ro\\\/fresh-tint-your-hydration-set-ingrijire-buze\\\/#primaryimage\",\"url\":\"https:\\\/\\\/storage.googleapis.com\\\/cz-shopatoa-img\\\/ro\\\/205ecae8-unnamed-file.webp\",\"contentUrl\":\"https:\\\/\\\/storage.googleapis.com\\\/cz-shopatoa-img\\\/ro\\\/205ecae8-unnamed-file.webp\",\"width\":800,\"height\":800},{\"@type\":\"BreadcrumbList\",\"@id\":\"https:\\\/\\\/shopatoa.com\\\/ro\\\/fresh-tint-your-hydration-set-ingrijire-buze\\\/#breadcrumb\",\"itemListElement\":[{\"@type\":\"ListItem\",\"position\":1,\"name\":\"Dom\u016f\",\"item\":\"https:\\\/\\\/shopatoa.com\\\/ro\\\/\"},{\"@type\":\"ListItem\",\"position\":2,\"name\":\"Shop\",\"item\":\"https:\\\/\\\/shopatoa.com\\\/ro\\\/shop\\\/\"},{\"@type\":\"ListItem\",\"position\":3,\"name\":\"fresh Tint Your Hydration set \u00eengrijire buze\"}]},{\"@type\":\"WebSite\",\"@id\":\"https:\\\/\\\/shopatoa.com\\\/ro\\\/#website\",\"url\":\"https:\\\/\\\/shopatoa.com\\\/ro\\\/\",\"name\":\"SHOPATOA\",\"description\":\"\",\"publisher\":{\"@id\":\"https:\\\/\\\/shopatoa.com\\\/ro\\\/#organization\"},\"potentialAction\":[{\"@type\":\"SearchAction\",\"target\":{\"@type\":\"EntryPoint\",\"urlTemplate\":\"https:\\\/\\\/shopatoa.com\\\/ro\\\/?s={search_term_string}\"},\"query-input\":{\"@type\":\"PropertyValueSpecification\",\"valueRequired\":true,\"valueName\":\"search_term_string\"}}],\"inLanguage\":\"ro-RO\"},{\"@type\":\"Organization\",\"@id\":\"https:\\\/\\\/shopatoa.com\\\/ro\\\/#organization\",\"name\":\"SHOPATOA\",\"url\":\"https:\\\/\\\/shopatoa.com\\\/ro\\\/\",\"logo\":{\"@type\":\"ImageObject\",\"inLanguage\":\"ro-RO\",\"@id\":\"https:\\\/\\\/shopatoa.com\\\/ro\\\/#\\\/schema\\\/logo\\\/image\\\/\",\"url\":\"https:\\\/\\\/storage.googleapis.com\\\/cz-shopatoa-img\\\/ro\\\/b4dac915-shopatoa_logo.png\",\"contentUrl\":\"https:\\\/\\\/storage.googleapis.com\\\/cz-shopatoa-img\\\/ro\\\/b4dac915-shopatoa_logo.png\",\"width\":416,\"height\":63,\"caption\":\"SHOPATOA\"},\"image\":{\"@id\":\"https:\\\/\\\/shopatoa.com\\\/ro\\\/#\\\/schema\\\/logo\\\/image\\\/\"}}]}<\/script>\n<!-- \/ Yoast SEO plugin. -->","yoast_head_json":{"title":"fresh Tint Your Hydration set \u00eengrijire buze - SHOPATOA.COM","robots":{"index":"index","follow":"follow","max-snippet":"max-snippet:-1","max-image-preview":"max-image-preview:large","max-video-preview":"max-video-preview:-1"},"canonical":"https:\/\/shopatoa.com\/ro\/fresh-tint-your-hydration-set-ingrijire-buze\/","og_locale":"ro_RO","og_type":"article","og_title":"fresh Tint Your Hydration set \u00eengrijire buze - SHOPATOA.COM","og_description":"fresh Tint Your Hydration, Balsam pentru buze pentru femei, Zona buzelor are propriile particularit\u0103\u021bi. De exemplu, este una dintre zonele \u00een care tind s\u0103 apar\u0103 semnele de \u00eemb\u0103tr\u00e2nire \u0219i irita\u021biile. Prin urmare, \u00eengrijirea fresh Tint Your Hydration este dezvoltat\u0103 \u00een a\u0219a fel \u00eenc\u00e2t s\u0103 r\u0103spund\u0103 nevoilor specifice ale tenului delicat din aceast\u0103 zon\u0103. Ofer\u0103 hidratare,...","og_url":"https:\/\/shopatoa.com\/ro\/fresh-tint-your-hydration-set-ingrijire-buze\/","og_site_name":"SHOPATOA","article_modified_time":"2025-06-25T06:20:21+00:00","og_image":[{"width":800,"height":800,"url":"https:\/\/storage.googleapis.com\/cz-shopatoa-img\/ro\/205ecae8-unnamed-file.webp","type":"image\/webp"}],"twitter_card":"summary_large_image","twitter_misc":{"Timp estimat pentru citire":"1 minut"},"schema":{"@context":"https:\/\/schema.org","@graph":[{"@type":"WebPage","@id":"https:\/\/shopatoa.com\/ro\/fresh-tint-your-hydration-set-ingrijire-buze\/","url":"https:\/\/shopatoa.com\/ro\/fresh-tint-your-hydration-set-ingrijire-buze\/","name":"fresh Tint Your Hydration set \u00eengrijire buze - SHOPATOA.COM","isPartOf":{"@id":"https:\/\/shopatoa.com\/ro\/#website"},"primaryImageOfPage":{"@id":"https:\/\/shopatoa.com\/ro\/fresh-tint-your-hydration-set-ingrijire-buze\/#primaryimage"},"image":{"@id":"https:\/\/shopatoa.com\/ro\/fresh-tint-your-hydration-set-ingrijire-buze\/#primaryimage"},"thumbnailUrl":"https:\/\/storage.googleapis.com\/cz-shopatoa-img\/ro\/205ecae8-unnamed-file.webp","datePublished":"2025-06-25T06:19:38+00:00","dateModified":"2025-06-25T06:20:21+00:00","breadcrumb":{"@id":"https:\/\/shopatoa.com\/ro\/fresh-tint-your-hydration-set-ingrijire-buze\/#breadcrumb"},"inLanguage":"ro-RO","potentialAction":[{"@type":"ReadAction","target":["https:\/\/shopatoa.com\/ro\/fresh-tint-your-hydration-set-ingrijire-buze\/"]}]},{"@type":"ImageObject","inLanguage":"ro-RO","@id":"https:\/\/shopatoa.com\/ro\/fresh-tint-your-hydration-set-ingrijire-buze\/#primaryimage","url":"https:\/\/storage.googleapis.com\/cz-shopatoa-img\/ro\/205ecae8-unnamed-file.webp","contentUrl":"https:\/\/storage.googleapis.com\/cz-shopatoa-img\/ro\/205ecae8-unnamed-file.webp","width":800,"height":800},{"@type":"BreadcrumbList","@id":"https:\/\/shopatoa.com\/ro\/fresh-tint-your-hydration-set-ingrijire-buze\/#breadcrumb","itemListElement":[{"@type":"ListItem","position":1,"name":"Dom\u016f","item":"https:\/\/shopatoa.com\/ro\/"},{"@type":"ListItem","position":2,"name":"Shop","item":"https:\/\/shopatoa.com\/ro\/shop\/"},{"@type":"ListItem","position":3,"name":"fresh Tint Your Hydration set \u00eengrijire buze"}]},{"@type":"WebSite","@id":"https:\/\/shopatoa.com\/ro\/#website","url":"https:\/\/shopatoa.com\/ro\/","name":"SHOPATOA","description":"","publisher":{"@id":"https:\/\/shopatoa.com\/ro\/#organization"},"potentialAction":[{"@type":"SearchAction","target":{"@type":"EntryPoint","urlTemplate":"https:\/\/shopatoa.com\/ro\/?s={search_term_string}"},"query-input":{"@type":"PropertyValueSpecification","valueRequired":true,"valueName":"search_term_string"}}],"inLanguage":"ro-RO"},{"@type":"Organization","@id":"https:\/\/shopatoa.com\/ro\/#organization","name":"SHOPATOA","url":"https:\/\/shopatoa.com\/ro\/","logo":{"@type":"ImageObject","inLanguage":"ro-RO","@id":"https:\/\/shopatoa.com\/ro\/#\/schema\/logo\/image\/","url":"https:\/\/storage.googleapis.com\/cz-shopatoa-img\/ro\/b4dac915-shopatoa_logo.png","contentUrl":"https:\/\/storage.googleapis.com\/cz-shopatoa-img\/ro\/b4dac915-shopatoa_logo.png","width":416,"height":63,"caption":"SHOPATOA"},"image":{"@id":"https:\/\/shopatoa.com\/ro\/#\/schema\/logo\/image\/"}}]}},"_links":{"self":[{"href":"https:\/\/shopatoa.com\/ro\/wp-json\/wp\/v2\/product\/452843","targetHints":{"allow":["GET"]}}],"collection":[{"href":"https:\/\/shopatoa.com\/ro\/wp-json\/wp\/v2\/product"}],"about":[{"href":"https:\/\/shopatoa.com\/ro\/wp-json\/wp\/v2\/types\/product"}],"replies":[{"embeddable":true,"href":"https:\/\/shopatoa.com\/ro\/wp-json\/wp\/v2\/comments?post=452843"}],"wp:featuredmedia":[{"embeddable":true,"href":"https:\/\/shopatoa.com\/ro\/wp-json\/wp\/v2\/media\/452844"}],"wp:attachment":[{"href":"https:\/\/shopatoa.com\/ro\/wp-json\/wp\/v2\/media?parent=452843"}],"wp:term":[{"taxonomy":"product_brand","embeddable":true,"href":"https:\/\/shopatoa.com\/ro\/wp-json\/wp\/v2\/product_brand?post=452843"},{"taxonomy":"product_cat","embeddable":true,"href":"https:\/\/shopatoa.com\/ro\/wp-json\/wp\/v2\/product_cat?post=452843"},{"taxonomy":"product_tag","embeddable":true,"href":"https:\/\/shopatoa.com\/ro\/wp-json\/wp\/v2\/product_tag?post=452843"}],"curies":[{"name":"wp","href":"https:\/\/api.w.org\/{rel}","templated":true}]}}