{"id":452849,"date":"2025-06-25T08:19:38","date_gmt":"2025-06-25T06:19:38","guid":{"rendered":"https:\/\/shopatoa.com\/ro\/revlon-professional-magnet-blondes-ultimate-soft-lightener-cream-crema-decoloranta-pentru-par-60-ml\/"},"modified":"2026-02-04T16:13:11","modified_gmt":"2026-02-04T15:13:11","slug":"revlon-professional-magnet-blondes-ultimate-soft-lightener-cream-crema-decoloranta-pentru-par-60-ml","status":"publish","type":"product","link":"https:\/\/shopatoa.com\/ro\/revlon-professional-magnet-blondes-ultimate-soft-lightener-cream-crema-decoloranta-pentru-par-60-ml\/","title":{"rendered":"Revlon Professional Magnet Blondes Ultimate Soft Lightener Cream crema decoloranta pentru p\u0103r 60 ml"},"content":{"rendered":"<p>Revlon Professional Magnet Blondes Ultimate Soft Lightener Cream, 60 ml, Decoloran\u021bi pentru p\u0103r pentru femei, Produsul decoloreaz\u0103 eficient p\u0103rul \u0219i elimin\u0103 pigmen\u021bii de culoare \u00eenchis\u0103.  Caracteristici:  decoloreaz\u0103 p\u0103rul natural \u0219i vopsit asigur\u0103 decolorarea uniform\u0103 neutralizeaz\u0103 tenta galben\u0103 nedorit\u0103  Cum se utilizeaz\u0103: \u00cenainte de aplicare, este necesar\u0103 testarea eventualei reac\u021bii negative la substan\u021ba decolorant\u0103. Se va testa pe o por\u021biune mic\u0103 de piele \u0219i p\u0103r. Se va proceda conform instruc\u021biunilor incluse. Pentru crearea amestecului, este necesar\u0103 folosirea emulsiei activatoare suplimentare (oxidant), care nu este inclus\u0103 \u00een pachet. Numai pentru uz profesional.<\/p>\n","protected":false},"excerpt":{"rendered":"<p>Revlon Professional Magnet Blondes Ultimate Soft Lightener Cream, 60 ml, Decoloran\u021bi pentru p\u0103r pentru femei, Produsul decoloreaz\u0103 eficient p\u0103rul \u0219i elimin\u0103 pigmen\u021bii de culoare \u00eenchis\u0103. Caracteristici: decoloreaz\u0103 p\u0103rul natural \u0219i vopsit asigur\u0103 decolorarea uniform\u0103 neutralizeaz\u0103 tenta galben\u0103 nedorit\u0103 Cum se utilizeaz\u0103: \u00cenainte de aplicare, este necesar\u0103 testarea eventualei reac\u021bii negative la substan\u021ba decolorant\u0103. Se va&#8230;<\/p>\n","protected":false},"featured_media":452850,"comment_status":"closed","ping_status":"open","template":"","meta":{"_acf_changed":false,"_kadence_starter_templates_imported_post":false,"_kad_post_transparent":"","_kad_post_title":"","_kad_post_layout":"","_kad_post_sidebar_id":"","_kad_post_content_style":"","_kad_post_vertical_padding":"","_kad_post_feature":"","_kad_post_feature_position":"","_kad_post_header":false,"_kad_post_footer":false,"_kad_post_classname":""},"product_brand":[367],"product_cat":[1563,1590,1562,1675],"product_tag":[],"class_list":{"0":"post-452849","1":"product","2":"type-product","3":"status-publish","4":"has-post-thumbnail","6":"product_brand-revlon-professional","7":"product_cat-ingrijire-personala","8":"product_cat-ingrijirea-parului","9":"product_cat-sanatate-si-frumusete","10":"product_cat-vopsirea-parului","11":"pa_gen-female","12":"pa_marime-60-ml","14":"first","15":"instock","16":"product-type-external","17":"entry","18":"content-bg","19":"loop-entry"},"acf":[],"yoast_head":"<!-- This site is optimized with the Yoast SEO plugin v27.4 - https:\/\/yoast.com\/product\/yoast-seo-wordpress\/ -->\n<title>Revlon Professional Magnet Blondes Ultimate Soft Lightener Cream crema decoloranta pentru p\u0103r 60 ml - SHOPATOA.COM<\/title>\n<meta name=\"robots\" content=\"index, follow, max-snippet:-1, max-image-preview:large, max-video-preview:-1\" \/>\n<link rel=\"canonical\" href=\"https:\/\/shopatoa.com\/ro\/revlon-professional-magnet-blondes-ultimate-soft-lightener-cream-crema-decoloranta-pentru-par-60-ml\/\" \/>\n<meta property=\"og:locale\" content=\"ro_RO\" \/>\n<meta property=\"og:type\" content=\"article\" \/>\n<meta property=\"og:title\" content=\"Revlon Professional Magnet Blondes Ultimate Soft Lightener Cream crema decoloranta pentru p\u0103r 60 ml - SHOPATOA.COM\" \/>\n<meta property=\"og:description\" content=\"Revlon Professional Magnet Blondes Ultimate Soft Lightener Cream, 60 ml, Decoloran\u021bi pentru p\u0103r pentru femei, Produsul decoloreaz\u0103 eficient p\u0103rul \u0219i elimin\u0103 pigmen\u021bii de culoare \u00eenchis\u0103. Caracteristici: decoloreaz\u0103 p\u0103rul natural \u0219i vopsit asigur\u0103 decolorarea uniform\u0103 neutralizeaz\u0103 tenta galben\u0103 nedorit\u0103 Cum se utilizeaz\u0103: \u00cenainte de aplicare, este necesar\u0103 testarea eventualei reac\u021bii negative la substan\u021ba decolorant\u0103. Se va...\" \/>\n<meta property=\"og:url\" content=\"https:\/\/shopatoa.com\/ro\/revlon-professional-magnet-blondes-ultimate-soft-lightener-cream-crema-decoloranta-pentru-par-60-ml\/\" \/>\n<meta property=\"og:site_name\" content=\"SHOPATOA\" \/>\n<meta property=\"article:modified_time\" content=\"2026-02-04T15:13:11+00:00\" \/>\n<meta property=\"og:image\" content=\"https:\/\/storage.googleapis.com\/cz-shopatoa-img\/ro\/845e8093-unnamed-file.webp\" \/>\n\t<meta property=\"og:image:width\" content=\"800\" \/>\n\t<meta property=\"og:image:height\" content=\"800\" \/>\n\t<meta property=\"og:image:type\" content=\"image\/webp\" \/>\n<meta name=\"twitter:card\" content=\"summary_large_image\" \/>\n<script type=\"application\/ld+json\" class=\"yoast-schema-graph\">{\"@context\":\"https:\\\/\\\/schema.org\",\"@graph\":[{\"@type\":\"WebPage\",\"@id\":\"https:\\\/\\\/shopatoa.com\\\/ro\\\/revlon-professional-magnet-blondes-ultimate-soft-lightener-cream-crema-decoloranta-pentru-par-60-ml\\\/\",\"url\":\"https:\\\/\\\/shopatoa.com\\\/ro\\\/revlon-professional-magnet-blondes-ultimate-soft-lightener-cream-crema-decoloranta-pentru-par-60-ml\\\/\",\"name\":\"Revlon Professional Magnet Blondes Ultimate Soft Lightener Cream crema decoloranta pentru p\u0103r 60 ml - SHOPATOA.COM\",\"isPartOf\":{\"@id\":\"https:\\\/\\\/shopatoa.com\\\/ro\\\/#website\"},\"primaryImageOfPage\":{\"@id\":\"https:\\\/\\\/shopatoa.com\\\/ro\\\/revlon-professional-magnet-blondes-ultimate-soft-lightener-cream-crema-decoloranta-pentru-par-60-ml\\\/#primaryimage\"},\"image\":{\"@id\":\"https:\\\/\\\/shopatoa.com\\\/ro\\\/revlon-professional-magnet-blondes-ultimate-soft-lightener-cream-crema-decoloranta-pentru-par-60-ml\\\/#primaryimage\"},\"thumbnailUrl\":\"https:\\\/\\\/storage.googleapis.com\\\/cz-shopatoa-img\\\/ro\\\/845e8093-unnamed-file.webp\",\"datePublished\":\"2025-06-25T06:19:38+00:00\",\"dateModified\":\"2026-02-04T15:13:11+00:00\",\"breadcrumb\":{\"@id\":\"https:\\\/\\\/shopatoa.com\\\/ro\\\/revlon-professional-magnet-blondes-ultimate-soft-lightener-cream-crema-decoloranta-pentru-par-60-ml\\\/#breadcrumb\"},\"inLanguage\":\"ro-RO\",\"potentialAction\":[{\"@type\":\"ReadAction\",\"target\":[\"https:\\\/\\\/shopatoa.com\\\/ro\\\/revlon-professional-magnet-blondes-ultimate-soft-lightener-cream-crema-decoloranta-pentru-par-60-ml\\\/\"]}]},{\"@type\":\"ImageObject\",\"inLanguage\":\"ro-RO\",\"@id\":\"https:\\\/\\\/shopatoa.com\\\/ro\\\/revlon-professional-magnet-blondes-ultimate-soft-lightener-cream-crema-decoloranta-pentru-par-60-ml\\\/#primaryimage\",\"url\":\"https:\\\/\\\/storage.googleapis.com\\\/cz-shopatoa-img\\\/ro\\\/845e8093-unnamed-file.webp\",\"contentUrl\":\"https:\\\/\\\/storage.googleapis.com\\\/cz-shopatoa-img\\\/ro\\\/845e8093-unnamed-file.webp\",\"width\":800,\"height\":800},{\"@type\":\"BreadcrumbList\",\"@id\":\"https:\\\/\\\/shopatoa.com\\\/ro\\\/revlon-professional-magnet-blondes-ultimate-soft-lightener-cream-crema-decoloranta-pentru-par-60-ml\\\/#breadcrumb\",\"itemListElement\":[{\"@type\":\"ListItem\",\"position\":1,\"name\":\"Dom\u016f\",\"item\":\"https:\\\/\\\/shopatoa.com\\\/ro\\\/\"},{\"@type\":\"ListItem\",\"position\":2,\"name\":\"Shop\",\"item\":\"https:\\\/\\\/shopatoa.com\\\/ro\\\/shop\\\/\"},{\"@type\":\"ListItem\",\"position\":3,\"name\":\"S\u0103n\u0103tate \u0219i frumuse\u021be\",\"item\":\"https:\\\/\\\/shopatoa.com\\\/ro\\\/sanatate-si-frumusete\\\/\"},{\"@type\":\"ListItem\",\"position\":4,\"name\":\"\u00cengrijire personal\u0103\",\"item\":\"https:\\\/\\\/shopatoa.com\\\/ro\\\/ingrijire-personala\\\/\"},{\"@type\":\"ListItem\",\"position\":5,\"name\":\"\u00cengrijirea p\u0103rului\",\"item\":\"https:\\\/\\\/shopatoa.com\\\/ro\\\/ingrijirea-parului\\\/\"},{\"@type\":\"ListItem\",\"position\":6,\"name\":\"Vopsirea p\u0103rului\",\"item\":\"https:\\\/\\\/shopatoa.com\\\/ro\\\/vopsirea-parului\\\/\"},{\"@type\":\"ListItem\",\"position\":7,\"name\":\"Revlon Professional Magnet Blondes Ultimate Soft Lightener Cream crema decoloranta pentru p\u0103r 60 ml\"}]},{\"@type\":\"WebSite\",\"@id\":\"https:\\\/\\\/shopatoa.com\\\/ro\\\/#website\",\"url\":\"https:\\\/\\\/shopatoa.com\\\/ro\\\/\",\"name\":\"SHOPATOA\",\"description\":\"\",\"publisher\":{\"@id\":\"https:\\\/\\\/shopatoa.com\\\/ro\\\/#organization\"},\"potentialAction\":[{\"@type\":\"SearchAction\",\"target\":{\"@type\":\"EntryPoint\",\"urlTemplate\":\"https:\\\/\\\/shopatoa.com\\\/ro\\\/?s={search_term_string}\"},\"query-input\":{\"@type\":\"PropertyValueSpecification\",\"valueRequired\":true,\"valueName\":\"search_term_string\"}}],\"inLanguage\":\"ro-RO\"},{\"@type\":\"Organization\",\"@id\":\"https:\\\/\\\/shopatoa.com\\\/ro\\\/#organization\",\"name\":\"SHOPATOA\",\"url\":\"https:\\\/\\\/shopatoa.com\\\/ro\\\/\",\"logo\":{\"@type\":\"ImageObject\",\"inLanguage\":\"ro-RO\",\"@id\":\"https:\\\/\\\/shopatoa.com\\\/ro\\\/#\\\/schema\\\/logo\\\/image\\\/\",\"url\":\"https:\\\/\\\/storage.googleapis.com\\\/cz-shopatoa-img\\\/ro\\\/b4dac915-shopatoa_logo.png\",\"contentUrl\":\"https:\\\/\\\/storage.googleapis.com\\\/cz-shopatoa-img\\\/ro\\\/b4dac915-shopatoa_logo.png\",\"width\":416,\"height\":63,\"caption\":\"SHOPATOA\"},\"image\":{\"@id\":\"https:\\\/\\\/shopatoa.com\\\/ro\\\/#\\\/schema\\\/logo\\\/image\\\/\"}}]}<\/script>\n<!-- \/ Yoast SEO plugin. -->","yoast_head_json":{"title":"Revlon Professional Magnet Blondes Ultimate Soft Lightener Cream crema decoloranta pentru p\u0103r 60 ml - SHOPATOA.COM","robots":{"index":"index","follow":"follow","max-snippet":"max-snippet:-1","max-image-preview":"max-image-preview:large","max-video-preview":"max-video-preview:-1"},"canonical":"https:\/\/shopatoa.com\/ro\/revlon-professional-magnet-blondes-ultimate-soft-lightener-cream-crema-decoloranta-pentru-par-60-ml\/","og_locale":"ro_RO","og_type":"article","og_title":"Revlon Professional Magnet Blondes Ultimate Soft Lightener Cream crema decoloranta pentru p\u0103r 60 ml - SHOPATOA.COM","og_description":"Revlon Professional Magnet Blondes Ultimate Soft Lightener Cream, 60 ml, Decoloran\u021bi pentru p\u0103r pentru femei, Produsul decoloreaz\u0103 eficient p\u0103rul \u0219i elimin\u0103 pigmen\u021bii de culoare \u00eenchis\u0103. Caracteristici: decoloreaz\u0103 p\u0103rul natural \u0219i vopsit asigur\u0103 decolorarea uniform\u0103 neutralizeaz\u0103 tenta galben\u0103 nedorit\u0103 Cum se utilizeaz\u0103: \u00cenainte de aplicare, este necesar\u0103 testarea eventualei reac\u021bii negative la substan\u021ba decolorant\u0103. Se va...","og_url":"https:\/\/shopatoa.com\/ro\/revlon-professional-magnet-blondes-ultimate-soft-lightener-cream-crema-decoloranta-pentru-par-60-ml\/","og_site_name":"SHOPATOA","article_modified_time":"2026-02-04T15:13:11+00:00","og_image":[{"width":800,"height":800,"url":"https:\/\/storage.googleapis.com\/cz-shopatoa-img\/ro\/845e8093-unnamed-file.webp","type":"image\/webp"}],"twitter_card":"summary_large_image","schema":{"@context":"https:\/\/schema.org","@graph":[{"@type":"WebPage","@id":"https:\/\/shopatoa.com\/ro\/revlon-professional-magnet-blondes-ultimate-soft-lightener-cream-crema-decoloranta-pentru-par-60-ml\/","url":"https:\/\/shopatoa.com\/ro\/revlon-professional-magnet-blondes-ultimate-soft-lightener-cream-crema-decoloranta-pentru-par-60-ml\/","name":"Revlon Professional Magnet Blondes Ultimate Soft Lightener Cream crema decoloranta pentru p\u0103r 60 ml - SHOPATOA.COM","isPartOf":{"@id":"https:\/\/shopatoa.com\/ro\/#website"},"primaryImageOfPage":{"@id":"https:\/\/shopatoa.com\/ro\/revlon-professional-magnet-blondes-ultimate-soft-lightener-cream-crema-decoloranta-pentru-par-60-ml\/#primaryimage"},"image":{"@id":"https:\/\/shopatoa.com\/ro\/revlon-professional-magnet-blondes-ultimate-soft-lightener-cream-crema-decoloranta-pentru-par-60-ml\/#primaryimage"},"thumbnailUrl":"https:\/\/storage.googleapis.com\/cz-shopatoa-img\/ro\/845e8093-unnamed-file.webp","datePublished":"2025-06-25T06:19:38+00:00","dateModified":"2026-02-04T15:13:11+00:00","breadcrumb":{"@id":"https:\/\/shopatoa.com\/ro\/revlon-professional-magnet-blondes-ultimate-soft-lightener-cream-crema-decoloranta-pentru-par-60-ml\/#breadcrumb"},"inLanguage":"ro-RO","potentialAction":[{"@type":"ReadAction","target":["https:\/\/shopatoa.com\/ro\/revlon-professional-magnet-blondes-ultimate-soft-lightener-cream-crema-decoloranta-pentru-par-60-ml\/"]}]},{"@type":"ImageObject","inLanguage":"ro-RO","@id":"https:\/\/shopatoa.com\/ro\/revlon-professional-magnet-blondes-ultimate-soft-lightener-cream-crema-decoloranta-pentru-par-60-ml\/#primaryimage","url":"https:\/\/storage.googleapis.com\/cz-shopatoa-img\/ro\/845e8093-unnamed-file.webp","contentUrl":"https:\/\/storage.googleapis.com\/cz-shopatoa-img\/ro\/845e8093-unnamed-file.webp","width":800,"height":800},{"@type":"BreadcrumbList","@id":"https:\/\/shopatoa.com\/ro\/revlon-professional-magnet-blondes-ultimate-soft-lightener-cream-crema-decoloranta-pentru-par-60-ml\/#breadcrumb","itemListElement":[{"@type":"ListItem","position":1,"name":"Dom\u016f","item":"https:\/\/shopatoa.com\/ro\/"},{"@type":"ListItem","position":2,"name":"Shop","item":"https:\/\/shopatoa.com\/ro\/shop\/"},{"@type":"ListItem","position":3,"name":"S\u0103n\u0103tate \u0219i frumuse\u021be","item":"https:\/\/shopatoa.com\/ro\/sanatate-si-frumusete\/"},{"@type":"ListItem","position":4,"name":"\u00cengrijire personal\u0103","item":"https:\/\/shopatoa.com\/ro\/ingrijire-personala\/"},{"@type":"ListItem","position":5,"name":"\u00cengrijirea p\u0103rului","item":"https:\/\/shopatoa.com\/ro\/ingrijirea-parului\/"},{"@type":"ListItem","position":6,"name":"Vopsirea p\u0103rului","item":"https:\/\/shopatoa.com\/ro\/vopsirea-parului\/"},{"@type":"ListItem","position":7,"name":"Revlon Professional Magnet Blondes Ultimate Soft Lightener Cream crema decoloranta pentru p\u0103r 60 ml"}]},{"@type":"WebSite","@id":"https:\/\/shopatoa.com\/ro\/#website","url":"https:\/\/shopatoa.com\/ro\/","name":"SHOPATOA","description":"","publisher":{"@id":"https:\/\/shopatoa.com\/ro\/#organization"},"potentialAction":[{"@type":"SearchAction","target":{"@type":"EntryPoint","urlTemplate":"https:\/\/shopatoa.com\/ro\/?s={search_term_string}"},"query-input":{"@type":"PropertyValueSpecification","valueRequired":true,"valueName":"search_term_string"}}],"inLanguage":"ro-RO"},{"@type":"Organization","@id":"https:\/\/shopatoa.com\/ro\/#organization","name":"SHOPATOA","url":"https:\/\/shopatoa.com\/ro\/","logo":{"@type":"ImageObject","inLanguage":"ro-RO","@id":"https:\/\/shopatoa.com\/ro\/#\/schema\/logo\/image\/","url":"https:\/\/storage.googleapis.com\/cz-shopatoa-img\/ro\/b4dac915-shopatoa_logo.png","contentUrl":"https:\/\/storage.googleapis.com\/cz-shopatoa-img\/ro\/b4dac915-shopatoa_logo.png","width":416,"height":63,"caption":"SHOPATOA"},"image":{"@id":"https:\/\/shopatoa.com\/ro\/#\/schema\/logo\/image\/"}}]}},"_links":{"self":[{"href":"https:\/\/shopatoa.com\/ro\/wp-json\/wp\/v2\/product\/452849","targetHints":{"allow":["GET"]}}],"collection":[{"href":"https:\/\/shopatoa.com\/ro\/wp-json\/wp\/v2\/product"}],"about":[{"href":"https:\/\/shopatoa.com\/ro\/wp-json\/wp\/v2\/types\/product"}],"replies":[{"embeddable":true,"href":"https:\/\/shopatoa.com\/ro\/wp-json\/wp\/v2\/comments?post=452849"}],"wp:featuredmedia":[{"embeddable":true,"href":"https:\/\/shopatoa.com\/ro\/wp-json\/wp\/v2\/media\/452850"}],"wp:attachment":[{"href":"https:\/\/shopatoa.com\/ro\/wp-json\/wp\/v2\/media?parent=452849"}],"wp:term":[{"taxonomy":"product_brand","embeddable":true,"href":"https:\/\/shopatoa.com\/ro\/wp-json\/wp\/v2\/product_brand?post=452849"},{"taxonomy":"product_cat","embeddable":true,"href":"https:\/\/shopatoa.com\/ro\/wp-json\/wp\/v2\/product_cat?post=452849"},{"taxonomy":"product_tag","embeddable":true,"href":"https:\/\/shopatoa.com\/ro\/wp-json\/wp\/v2\/product_tag?post=452849"}],"curies":[{"name":"wp","href":"https:\/\/api.w.org\/{rel}","templated":true}]}}