{"id":452905,"date":"2025-06-25T08:24:55","date_gmt":"2025-06-25T06:24:55","guid":{"rendered":"https:\/\/shopatoa.com\/ro\/white-glo-purple-tooth-toner-powder-pudra-pentru-albirea-dintilor-30-g\/"},"modified":"2026-02-04T16:05:03","modified_gmt":"2026-02-04T15:05:03","slug":"white-glo-purple-tooth-toner-powder-pudra-pentru-albirea-dintilor-30-g","status":"publish","type":"product","link":"https:\/\/shopatoa.com\/ro\/white-glo-purple-tooth-toner-powder-pudra-pentru-albirea-dintilor-30-g\/","title":{"rendered":"White Glo Purple Tooth Toner Powder pudra pentru albirea dintilor 30 g"},"content":{"rendered":"<p>White Glo Purple Tooth Toner Powder, 30 g, Pudra pentru albire unisex, Pudra pentru albirea din\u021bilor White Glo Purple Tooth Toner Powder \u00eenl\u0103tur\u0103 delicat petele cauzate de fumat, de alimente sau de \u00eemb\u0103tr\u00e2nirea din\u021bilor. Rezultatul este un z\u00e2mbet perfect.  Caracteristici:  albe\u0219te din\u021bii \u00eendep\u0103rteaz\u0103 depunerile de pe din\u021bi produsul este adecvat pentru utilizarea zilnic\u0103 cur\u0103\u021b\u0103 \u0219i lustruie\u0219te suprafa\u021ba din\u021bilor  Ingrediente:  produs vegan  Cum se utilizeaz\u0103: Pudra pentru albire se aplic\u0103 pe periu\u021ba de din\u021bi umezit\u0103, dup\u0103 care se continu\u0103 cur\u0103\u021barea normal\u0103 a din\u021bilor.<\/p>\n","protected":false},"excerpt":{"rendered":"<p>White Glo Purple Tooth Toner Powder, 30 g, Pudra pentru albire unisex, Pudra pentru albirea din\u021bilor White Glo Purple Tooth Toner Powder \u00eenl\u0103tur\u0103 delicat petele cauzate de fumat, de alimente sau de \u00eemb\u0103tr\u00e2nirea din\u021bilor. Rezultatul este un z\u00e2mbet perfect. Caracteristici: albe\u0219te din\u021bii \u00eendep\u0103rteaz\u0103 depunerile de pe din\u021bi produsul este adecvat pentru utilizarea zilnic\u0103 cur\u0103\u021b\u0103 \u0219i&#8230;<\/p>\n","protected":false},"featured_media":452906,"comment_status":"closed","ping_status":"open","template":"","meta":{"_acf_changed":false,"_kadence_starter_templates_imported_post":false,"_kad_post_transparent":"","_kad_post_title":"","_kad_post_layout":"","_kad_post_sidebar_id":"","_kad_post_content_style":"","_kad_post_vertical_padding":"","_kad_post_feature":"","_kad_post_feature_position":"","_kad_post_header":false,"_kad_post_footer":false,"_kad_post_classname":""},"product_brand":[2020],"product_cat":[1926,1605,1563,1562],"product_tag":[],"class_list":{"0":"post-452905","1":"product","2":"type-product","3":"status-publish","4":"has-post-thumbnail","6":"product_brand-white-glo","7":"product_cat-albirea-dintilor-ingrijire-orala","8":"product_cat-ingrijire-orala","9":"product_cat-ingrijire-personala","10":"product_cat-sanatate-si-frumusete","11":"pa_gen-unisex","12":"pa_marime-30-g","14":"first","15":"instock","16":"product-type-external","17":"entry","18":"content-bg","19":"loop-entry"},"acf":[],"yoast_head":"<!-- This site is optimized with the Yoast SEO plugin v27.4 - https:\/\/yoast.com\/product\/yoast-seo-wordpress\/ -->\n<title>White Glo Purple Tooth Toner Powder pudra pentru albirea dintilor 30 g - SHOPATOA.COM<\/title>\n<meta name=\"robots\" content=\"index, follow, max-snippet:-1, max-image-preview:large, max-video-preview:-1\" \/>\n<link rel=\"canonical\" href=\"https:\/\/shopatoa.com\/ro\/white-glo-purple-tooth-toner-powder-pudra-pentru-albirea-dintilor-30-g\/\" \/>\n<meta property=\"og:locale\" content=\"ro_RO\" \/>\n<meta property=\"og:type\" content=\"article\" \/>\n<meta property=\"og:title\" content=\"White Glo Purple Tooth Toner Powder pudra pentru albirea dintilor 30 g - SHOPATOA.COM\" \/>\n<meta property=\"og:description\" content=\"White Glo Purple Tooth Toner Powder, 30 g, Pudra pentru albire unisex, Pudra pentru albirea din\u021bilor White Glo Purple Tooth Toner Powder \u00eenl\u0103tur\u0103 delicat petele cauzate de fumat, de alimente sau de \u00eemb\u0103tr\u00e2nirea din\u021bilor. Rezultatul este un z\u00e2mbet perfect. Caracteristici: albe\u0219te din\u021bii \u00eendep\u0103rteaz\u0103 depunerile de pe din\u021bi produsul este adecvat pentru utilizarea zilnic\u0103 cur\u0103\u021b\u0103 \u0219i...\" \/>\n<meta property=\"og:url\" content=\"https:\/\/shopatoa.com\/ro\/white-glo-purple-tooth-toner-powder-pudra-pentru-albirea-dintilor-30-g\/\" \/>\n<meta property=\"og:site_name\" content=\"SHOPATOA\" \/>\n<meta property=\"article:modified_time\" content=\"2026-02-04T15:05:03+00:00\" \/>\n<meta property=\"og:image\" content=\"https:\/\/storage.googleapis.com\/cz-shopatoa-img\/ro\/9b1bb87a-unnamed-file.webp\" \/>\n\t<meta property=\"og:image:width\" content=\"800\" \/>\n\t<meta property=\"og:image:height\" content=\"800\" \/>\n\t<meta property=\"og:image:type\" content=\"image\/webp\" \/>\n<meta name=\"twitter:card\" content=\"summary_large_image\" \/>\n<script type=\"application\/ld+json\" class=\"yoast-schema-graph\">{\"@context\":\"https:\\\/\\\/schema.org\",\"@graph\":[{\"@type\":\"WebPage\",\"@id\":\"https:\\\/\\\/shopatoa.com\\\/ro\\\/white-glo-purple-tooth-toner-powder-pudra-pentru-albirea-dintilor-30-g\\\/\",\"url\":\"https:\\\/\\\/shopatoa.com\\\/ro\\\/white-glo-purple-tooth-toner-powder-pudra-pentru-albirea-dintilor-30-g\\\/\",\"name\":\"White Glo Purple Tooth Toner Powder pudra pentru albirea dintilor 30 g - SHOPATOA.COM\",\"isPartOf\":{\"@id\":\"https:\\\/\\\/shopatoa.com\\\/ro\\\/#website\"},\"primaryImageOfPage\":{\"@id\":\"https:\\\/\\\/shopatoa.com\\\/ro\\\/white-glo-purple-tooth-toner-powder-pudra-pentru-albirea-dintilor-30-g\\\/#primaryimage\"},\"image\":{\"@id\":\"https:\\\/\\\/shopatoa.com\\\/ro\\\/white-glo-purple-tooth-toner-powder-pudra-pentru-albirea-dintilor-30-g\\\/#primaryimage\"},\"thumbnailUrl\":\"https:\\\/\\\/storage.googleapis.com\\\/cz-shopatoa-img\\\/ro\\\/9b1bb87a-unnamed-file.webp\",\"datePublished\":\"2025-06-25T06:24:55+00:00\",\"dateModified\":\"2026-02-04T15:05:03+00:00\",\"breadcrumb\":{\"@id\":\"https:\\\/\\\/shopatoa.com\\\/ro\\\/white-glo-purple-tooth-toner-powder-pudra-pentru-albirea-dintilor-30-g\\\/#breadcrumb\"},\"inLanguage\":\"ro-RO\",\"potentialAction\":[{\"@type\":\"ReadAction\",\"target\":[\"https:\\\/\\\/shopatoa.com\\\/ro\\\/white-glo-purple-tooth-toner-powder-pudra-pentru-albirea-dintilor-30-g\\\/\"]}]},{\"@type\":\"ImageObject\",\"inLanguage\":\"ro-RO\",\"@id\":\"https:\\\/\\\/shopatoa.com\\\/ro\\\/white-glo-purple-tooth-toner-powder-pudra-pentru-albirea-dintilor-30-g\\\/#primaryimage\",\"url\":\"https:\\\/\\\/storage.googleapis.com\\\/cz-shopatoa-img\\\/ro\\\/9b1bb87a-unnamed-file.webp\",\"contentUrl\":\"https:\\\/\\\/storage.googleapis.com\\\/cz-shopatoa-img\\\/ro\\\/9b1bb87a-unnamed-file.webp\",\"width\":800,\"height\":800},{\"@type\":\"BreadcrumbList\",\"@id\":\"https:\\\/\\\/shopatoa.com\\\/ro\\\/white-glo-purple-tooth-toner-powder-pudra-pentru-albirea-dintilor-30-g\\\/#breadcrumb\",\"itemListElement\":[{\"@type\":\"ListItem\",\"position\":1,\"name\":\"Dom\u016f\",\"item\":\"https:\\\/\\\/shopatoa.com\\\/ro\\\/\"},{\"@type\":\"ListItem\",\"position\":2,\"name\":\"Shop\",\"item\":\"https:\\\/\\\/shopatoa.com\\\/ro\\\/shop\\\/\"},{\"@type\":\"ListItem\",\"position\":3,\"name\":\"S\u0103n\u0103tate \u0219i frumuse\u021be\",\"item\":\"https:\\\/\\\/shopatoa.com\\\/ro\\\/sanatate-si-frumusete\\\/\"},{\"@type\":\"ListItem\",\"position\":4,\"name\":\"\u00cengrijire personal\u0103\",\"item\":\"https:\\\/\\\/shopatoa.com\\\/ro\\\/ingrijire-personala\\\/\"},{\"@type\":\"ListItem\",\"position\":5,\"name\":\"\u00cengrijire oral\u0103\",\"item\":\"https:\\\/\\\/shopatoa.com\\\/ro\\\/ingrijire-orala\\\/\"},{\"@type\":\"ListItem\",\"position\":6,\"name\":\"Albirea din\u021bilor\",\"item\":\"https:\\\/\\\/shopatoa.com\\\/ro\\\/albirea-dintilor-ingrijire-orala\\\/\"},{\"@type\":\"ListItem\",\"position\":7,\"name\":\"White Glo Purple Tooth Toner Powder pudra pentru albirea dintilor 30 g\"}]},{\"@type\":\"WebSite\",\"@id\":\"https:\\\/\\\/shopatoa.com\\\/ro\\\/#website\",\"url\":\"https:\\\/\\\/shopatoa.com\\\/ro\\\/\",\"name\":\"SHOPATOA\",\"description\":\"\",\"publisher\":{\"@id\":\"https:\\\/\\\/shopatoa.com\\\/ro\\\/#organization\"},\"potentialAction\":[{\"@type\":\"SearchAction\",\"target\":{\"@type\":\"EntryPoint\",\"urlTemplate\":\"https:\\\/\\\/shopatoa.com\\\/ro\\\/?s={search_term_string}\"},\"query-input\":{\"@type\":\"PropertyValueSpecification\",\"valueRequired\":true,\"valueName\":\"search_term_string\"}}],\"inLanguage\":\"ro-RO\"},{\"@type\":\"Organization\",\"@id\":\"https:\\\/\\\/shopatoa.com\\\/ro\\\/#organization\",\"name\":\"SHOPATOA\",\"url\":\"https:\\\/\\\/shopatoa.com\\\/ro\\\/\",\"logo\":{\"@type\":\"ImageObject\",\"inLanguage\":\"ro-RO\",\"@id\":\"https:\\\/\\\/shopatoa.com\\\/ro\\\/#\\\/schema\\\/logo\\\/image\\\/\",\"url\":\"https:\\\/\\\/storage.googleapis.com\\\/cz-shopatoa-img\\\/ro\\\/b4dac915-shopatoa_logo.png\",\"contentUrl\":\"https:\\\/\\\/storage.googleapis.com\\\/cz-shopatoa-img\\\/ro\\\/b4dac915-shopatoa_logo.png\",\"width\":416,\"height\":63,\"caption\":\"SHOPATOA\"},\"image\":{\"@id\":\"https:\\\/\\\/shopatoa.com\\\/ro\\\/#\\\/schema\\\/logo\\\/image\\\/\"}}]}<\/script>\n<!-- \/ Yoast SEO plugin. -->","yoast_head_json":{"title":"White Glo Purple Tooth Toner Powder pudra pentru albirea dintilor 30 g - SHOPATOA.COM","robots":{"index":"index","follow":"follow","max-snippet":"max-snippet:-1","max-image-preview":"max-image-preview:large","max-video-preview":"max-video-preview:-1"},"canonical":"https:\/\/shopatoa.com\/ro\/white-glo-purple-tooth-toner-powder-pudra-pentru-albirea-dintilor-30-g\/","og_locale":"ro_RO","og_type":"article","og_title":"White Glo Purple Tooth Toner Powder pudra pentru albirea dintilor 30 g - SHOPATOA.COM","og_description":"White Glo Purple Tooth Toner Powder, 30 g, Pudra pentru albire unisex, Pudra pentru albirea din\u021bilor White Glo Purple Tooth Toner Powder \u00eenl\u0103tur\u0103 delicat petele cauzate de fumat, de alimente sau de \u00eemb\u0103tr\u00e2nirea din\u021bilor. Rezultatul este un z\u00e2mbet perfect. Caracteristici: albe\u0219te din\u021bii \u00eendep\u0103rteaz\u0103 depunerile de pe din\u021bi produsul este adecvat pentru utilizarea zilnic\u0103 cur\u0103\u021b\u0103 \u0219i...","og_url":"https:\/\/shopatoa.com\/ro\/white-glo-purple-tooth-toner-powder-pudra-pentru-albirea-dintilor-30-g\/","og_site_name":"SHOPATOA","article_modified_time":"2026-02-04T15:05:03+00:00","og_image":[{"width":800,"height":800,"url":"https:\/\/storage.googleapis.com\/cz-shopatoa-img\/ro\/9b1bb87a-unnamed-file.webp","type":"image\/webp"}],"twitter_card":"summary_large_image","schema":{"@context":"https:\/\/schema.org","@graph":[{"@type":"WebPage","@id":"https:\/\/shopatoa.com\/ro\/white-glo-purple-tooth-toner-powder-pudra-pentru-albirea-dintilor-30-g\/","url":"https:\/\/shopatoa.com\/ro\/white-glo-purple-tooth-toner-powder-pudra-pentru-albirea-dintilor-30-g\/","name":"White Glo Purple Tooth Toner Powder pudra pentru albirea dintilor 30 g - SHOPATOA.COM","isPartOf":{"@id":"https:\/\/shopatoa.com\/ro\/#website"},"primaryImageOfPage":{"@id":"https:\/\/shopatoa.com\/ro\/white-glo-purple-tooth-toner-powder-pudra-pentru-albirea-dintilor-30-g\/#primaryimage"},"image":{"@id":"https:\/\/shopatoa.com\/ro\/white-glo-purple-tooth-toner-powder-pudra-pentru-albirea-dintilor-30-g\/#primaryimage"},"thumbnailUrl":"https:\/\/storage.googleapis.com\/cz-shopatoa-img\/ro\/9b1bb87a-unnamed-file.webp","datePublished":"2025-06-25T06:24:55+00:00","dateModified":"2026-02-04T15:05:03+00:00","breadcrumb":{"@id":"https:\/\/shopatoa.com\/ro\/white-glo-purple-tooth-toner-powder-pudra-pentru-albirea-dintilor-30-g\/#breadcrumb"},"inLanguage":"ro-RO","potentialAction":[{"@type":"ReadAction","target":["https:\/\/shopatoa.com\/ro\/white-glo-purple-tooth-toner-powder-pudra-pentru-albirea-dintilor-30-g\/"]}]},{"@type":"ImageObject","inLanguage":"ro-RO","@id":"https:\/\/shopatoa.com\/ro\/white-glo-purple-tooth-toner-powder-pudra-pentru-albirea-dintilor-30-g\/#primaryimage","url":"https:\/\/storage.googleapis.com\/cz-shopatoa-img\/ro\/9b1bb87a-unnamed-file.webp","contentUrl":"https:\/\/storage.googleapis.com\/cz-shopatoa-img\/ro\/9b1bb87a-unnamed-file.webp","width":800,"height":800},{"@type":"BreadcrumbList","@id":"https:\/\/shopatoa.com\/ro\/white-glo-purple-tooth-toner-powder-pudra-pentru-albirea-dintilor-30-g\/#breadcrumb","itemListElement":[{"@type":"ListItem","position":1,"name":"Dom\u016f","item":"https:\/\/shopatoa.com\/ro\/"},{"@type":"ListItem","position":2,"name":"Shop","item":"https:\/\/shopatoa.com\/ro\/shop\/"},{"@type":"ListItem","position":3,"name":"S\u0103n\u0103tate \u0219i frumuse\u021be","item":"https:\/\/shopatoa.com\/ro\/sanatate-si-frumusete\/"},{"@type":"ListItem","position":4,"name":"\u00cengrijire personal\u0103","item":"https:\/\/shopatoa.com\/ro\/ingrijire-personala\/"},{"@type":"ListItem","position":5,"name":"\u00cengrijire oral\u0103","item":"https:\/\/shopatoa.com\/ro\/ingrijire-orala\/"},{"@type":"ListItem","position":6,"name":"Albirea din\u021bilor","item":"https:\/\/shopatoa.com\/ro\/albirea-dintilor-ingrijire-orala\/"},{"@type":"ListItem","position":7,"name":"White Glo Purple Tooth Toner Powder pudra pentru albirea dintilor 30 g"}]},{"@type":"WebSite","@id":"https:\/\/shopatoa.com\/ro\/#website","url":"https:\/\/shopatoa.com\/ro\/","name":"SHOPATOA","description":"","publisher":{"@id":"https:\/\/shopatoa.com\/ro\/#organization"},"potentialAction":[{"@type":"SearchAction","target":{"@type":"EntryPoint","urlTemplate":"https:\/\/shopatoa.com\/ro\/?s={search_term_string}"},"query-input":{"@type":"PropertyValueSpecification","valueRequired":true,"valueName":"search_term_string"}}],"inLanguage":"ro-RO"},{"@type":"Organization","@id":"https:\/\/shopatoa.com\/ro\/#organization","name":"SHOPATOA","url":"https:\/\/shopatoa.com\/ro\/","logo":{"@type":"ImageObject","inLanguage":"ro-RO","@id":"https:\/\/shopatoa.com\/ro\/#\/schema\/logo\/image\/","url":"https:\/\/storage.googleapis.com\/cz-shopatoa-img\/ro\/b4dac915-shopatoa_logo.png","contentUrl":"https:\/\/storage.googleapis.com\/cz-shopatoa-img\/ro\/b4dac915-shopatoa_logo.png","width":416,"height":63,"caption":"SHOPATOA"},"image":{"@id":"https:\/\/shopatoa.com\/ro\/#\/schema\/logo\/image\/"}}]}},"_links":{"self":[{"href":"https:\/\/shopatoa.com\/ro\/wp-json\/wp\/v2\/product\/452905","targetHints":{"allow":["GET"]}}],"collection":[{"href":"https:\/\/shopatoa.com\/ro\/wp-json\/wp\/v2\/product"}],"about":[{"href":"https:\/\/shopatoa.com\/ro\/wp-json\/wp\/v2\/types\/product"}],"replies":[{"embeddable":true,"href":"https:\/\/shopatoa.com\/ro\/wp-json\/wp\/v2\/comments?post=452905"}],"wp:featuredmedia":[{"embeddable":true,"href":"https:\/\/shopatoa.com\/ro\/wp-json\/wp\/v2\/media\/452906"}],"wp:attachment":[{"href":"https:\/\/shopatoa.com\/ro\/wp-json\/wp\/v2\/media?parent=452905"}],"wp:term":[{"taxonomy":"product_brand","embeddable":true,"href":"https:\/\/shopatoa.com\/ro\/wp-json\/wp\/v2\/product_brand?post=452905"},{"taxonomy":"product_cat","embeddable":true,"href":"https:\/\/shopatoa.com\/ro\/wp-json\/wp\/v2\/product_cat?post=452905"},{"taxonomy":"product_tag","embeddable":true,"href":"https:\/\/shopatoa.com\/ro\/wp-json\/wp\/v2\/product_tag?post=452905"}],"curies":[{"name":"wp","href":"https:\/\/api.w.org\/{rel}","templated":true}]}}