{"id":452937,"date":"2025-06-25T08:28:24","date_gmt":"2025-06-25T06:28:24","guid":{"rendered":"https:\/\/shopatoa.com\/ro\/elemis-advanced-skincare-nourishing-omega-rich-cleansing-oil-ulei-de-curatare-hranitor-pentru-toate-tipurile-de-ten-195-ml\/"},"modified":"2025-06-25T08:28:42","modified_gmt":"2025-06-25T06:28:42","slug":"elemis-advanced-skincare-nourishing-omega-rich-cleansing-oil-ulei-de-curatare-hranitor-pentru-toate-tipurile-de-ten-195-ml","status":"publish","type":"product","link":"https:\/\/shopatoa.com\/ro\/elemis-advanced-skincare-nourishing-omega-rich-cleansing-oil-ulei-de-curatare-hranitor-pentru-toate-tipurile-de-ten-195-ml\/","title":{"rendered":"Elemis Advanced Skincare Nourishing Omega-Rich Cleansing Oil ulei de curatare hranitor pentru toate tipurile de ten 195 ml"},"content":{"rendered":"<p>Elemis Advanced Skincare Nourishing Omega-Rich Cleansing Oil, 195 ml, Cur\u0103\u021barea pielii pentru femei, \u00cenainte de a \u00eencepe rutina obi\u0219nuit\u0103 de \u00eengrijire, este foarte important s\u0103 v\u0103 preg\u0103ti\u021bi tenul printr-o cur\u0103\u021bare temeinic\u0103 \u2013 f\u0103r\u0103 aceasta, \u00eengrijirea urm\u0103toare nu va fi la fel de eficient\u0103. Produsul de cur\u0103\u021bare a tenului Elemis Advanced Skincare ajut\u0103 la \u00eendep\u0103rtarea tuturor impurit\u0103\u021bilor acumulate pe ten \u0219i \u00een pori pe parcursul zilei sau peste noapte, l\u0103s\u00e2nd fa\u021ba perfect curat\u0103 \u0219i preg\u0103tit\u0103 pentru orice alt\u0103 \u00eengrijire.  Caracteristici:  spal\u0103 u\u0219or \u0219i temeinic \u00eentreaga fa\u021b\u0103 nu irit\u0103 pielea \u00eendep\u0103rteaz\u0103 \u0219i fondul de ten rezistent la ap\u0103 regleaz\u0103 produc\u021bia de sebum  Cum se utilizeaz\u0103: Se aplic\u0103 diminea\u021ba \u0219i\/sau seara, pe fa\u021ba umezit\u0103 \u0219i se spumeaz\u0103. Apoi se cl\u0103te\u0219te.<\/p>\n","protected":false},"excerpt":{"rendered":"<p>Elemis Advanced Skincare Nourishing Omega-Rich Cleansing Oil, 195 ml, Cur\u0103\u021barea pielii pentru femei, \u00cenainte de a \u00eencepe rutina obi\u0219nuit\u0103 de \u00eengrijire, este foarte important s\u0103 v\u0103 preg\u0103ti\u021bi tenul printr-o cur\u0103\u021bare temeinic\u0103 \u2013 f\u0103r\u0103 aceasta, \u00eengrijirea urm\u0103toare nu va fi la fel de eficient\u0103. Produsul de cur\u0103\u021bare a tenului Elemis Advanced Skincare ajut\u0103 la \u00eendep\u0103rtarea tuturor&#8230;<\/p>\n","protected":false},"featured_media":452938,"comment_status":"closed","ping_status":"open","template":"","meta":{"_acf_changed":false,"_kadence_starter_templates_imported_post":false,"_kad_post_transparent":"","_kad_post_title":"","_kad_post_layout":"","_kad_post_sidebar_id":"","_kad_post_content_style":"","_kad_post_vertical_padding":"","_kad_post_feature":"","_kad_post_feature_position":"","_kad_post_header":false,"_kad_post_footer":false,"_kad_post_classname":""},"product_brand":[299],"product_cat":[1564,1616,1563,1565,1562],"product_tag":[],"class_list":{"0":"post-452937","1":"product","2":"type-product","3":"status-publish","4":"has-post-thumbnail","6":"product_brand-elemis","7":"product_cat-cosmetice-ingrijire-personala","8":"product_cat-demachiante-faciale","9":"product_cat-ingrijire-personala","10":"product_cat-ingrijirea-pielii","11":"product_cat-sanatate-si-frumusete","12":"pa_gen-female","13":"pa_marime-195-ml","15":"first","16":"instock","17":"product-type-external","18":"entry","19":"content-bg","20":"loop-entry"},"acf":[],"yoast_head":"<!-- This site is optimized with the Yoast SEO plugin v27.4 - https:\/\/yoast.com\/product\/yoast-seo-wordpress\/ -->\n<title>Elemis Advanced Skincare Nourishing Omega-Rich Cleansing Oil ulei de curatare hranitor pentru toate tipurile de ten 195 ml - SHOPATOA.COM<\/title>\n<meta name=\"robots\" content=\"index, follow, max-snippet:-1, max-image-preview:large, max-video-preview:-1\" \/>\n<link rel=\"canonical\" href=\"https:\/\/shopatoa.com\/ro\/elemis-advanced-skincare-nourishing-omega-rich-cleansing-oil-ulei-de-curatare-hranitor-pentru-toate-tipurile-de-ten-195-ml\/\" \/>\n<meta property=\"og:locale\" content=\"ro_RO\" \/>\n<meta property=\"og:type\" content=\"article\" \/>\n<meta property=\"og:title\" content=\"Elemis Advanced Skincare Nourishing Omega-Rich Cleansing Oil ulei de curatare hranitor pentru toate tipurile de ten 195 ml - SHOPATOA.COM\" \/>\n<meta property=\"og:description\" content=\"Elemis Advanced Skincare Nourishing Omega-Rich Cleansing Oil, 195 ml, Cur\u0103\u021barea pielii pentru femei, \u00cenainte de a \u00eencepe rutina obi\u0219nuit\u0103 de \u00eengrijire, este foarte important s\u0103 v\u0103 preg\u0103ti\u021bi tenul printr-o cur\u0103\u021bare temeinic\u0103 \u2013 f\u0103r\u0103 aceasta, \u00eengrijirea urm\u0103toare nu va fi la fel de eficient\u0103. Produsul de cur\u0103\u021bare a tenului Elemis Advanced Skincare ajut\u0103 la \u00eendep\u0103rtarea tuturor...\" \/>\n<meta property=\"og:url\" content=\"https:\/\/shopatoa.com\/ro\/elemis-advanced-skincare-nourishing-omega-rich-cleansing-oil-ulei-de-curatare-hranitor-pentru-toate-tipurile-de-ten-195-ml\/\" \/>\n<meta property=\"og:site_name\" content=\"SHOPATOA\" \/>\n<meta property=\"article:modified_time\" content=\"2025-06-25T06:28:42+00:00\" \/>\n<meta property=\"og:image\" content=\"https:\/\/storage.googleapis.com\/cz-shopatoa-img\/ro\/2ce4175e-unnamed-file.webp\" \/>\n\t<meta property=\"og:image:width\" content=\"800\" \/>\n\t<meta property=\"og:image:height\" content=\"800\" \/>\n\t<meta property=\"og:image:type\" content=\"image\/webp\" \/>\n<meta name=\"twitter:card\" content=\"summary_large_image\" \/>\n<meta name=\"twitter:label1\" content=\"Timp estimat pentru citire\" \/>\n\t<meta name=\"twitter:data1\" content=\"1 minut\" \/>\n<script type=\"application\/ld+json\" class=\"yoast-schema-graph\">{\"@context\":\"https:\\\/\\\/schema.org\",\"@graph\":[{\"@type\":\"WebPage\",\"@id\":\"https:\\\/\\\/shopatoa.com\\\/ro\\\/elemis-advanced-skincare-nourishing-omega-rich-cleansing-oil-ulei-de-curatare-hranitor-pentru-toate-tipurile-de-ten-195-ml\\\/\",\"url\":\"https:\\\/\\\/shopatoa.com\\\/ro\\\/elemis-advanced-skincare-nourishing-omega-rich-cleansing-oil-ulei-de-curatare-hranitor-pentru-toate-tipurile-de-ten-195-ml\\\/\",\"name\":\"Elemis Advanced Skincare Nourishing Omega-Rich Cleansing Oil ulei de curatare hranitor pentru toate tipurile de ten 195 ml - SHOPATOA.COM\",\"isPartOf\":{\"@id\":\"https:\\\/\\\/shopatoa.com\\\/ro\\\/#website\"},\"primaryImageOfPage\":{\"@id\":\"https:\\\/\\\/shopatoa.com\\\/ro\\\/elemis-advanced-skincare-nourishing-omega-rich-cleansing-oil-ulei-de-curatare-hranitor-pentru-toate-tipurile-de-ten-195-ml\\\/#primaryimage\"},\"image\":{\"@id\":\"https:\\\/\\\/shopatoa.com\\\/ro\\\/elemis-advanced-skincare-nourishing-omega-rich-cleansing-oil-ulei-de-curatare-hranitor-pentru-toate-tipurile-de-ten-195-ml\\\/#primaryimage\"},\"thumbnailUrl\":\"https:\\\/\\\/storage.googleapis.com\\\/cz-shopatoa-img\\\/ro\\\/2ce4175e-unnamed-file.webp\",\"datePublished\":\"2025-06-25T06:28:24+00:00\",\"dateModified\":\"2025-06-25T06:28:42+00:00\",\"breadcrumb\":{\"@id\":\"https:\\\/\\\/shopatoa.com\\\/ro\\\/elemis-advanced-skincare-nourishing-omega-rich-cleansing-oil-ulei-de-curatare-hranitor-pentru-toate-tipurile-de-ten-195-ml\\\/#breadcrumb\"},\"inLanguage\":\"ro-RO\",\"potentialAction\":[{\"@type\":\"ReadAction\",\"target\":[\"https:\\\/\\\/shopatoa.com\\\/ro\\\/elemis-advanced-skincare-nourishing-omega-rich-cleansing-oil-ulei-de-curatare-hranitor-pentru-toate-tipurile-de-ten-195-ml\\\/\"]}]},{\"@type\":\"ImageObject\",\"inLanguage\":\"ro-RO\",\"@id\":\"https:\\\/\\\/shopatoa.com\\\/ro\\\/elemis-advanced-skincare-nourishing-omega-rich-cleansing-oil-ulei-de-curatare-hranitor-pentru-toate-tipurile-de-ten-195-ml\\\/#primaryimage\",\"url\":\"https:\\\/\\\/storage.googleapis.com\\\/cz-shopatoa-img\\\/ro\\\/2ce4175e-unnamed-file.webp\",\"contentUrl\":\"https:\\\/\\\/storage.googleapis.com\\\/cz-shopatoa-img\\\/ro\\\/2ce4175e-unnamed-file.webp\",\"width\":800,\"height\":800},{\"@type\":\"BreadcrumbList\",\"@id\":\"https:\\\/\\\/shopatoa.com\\\/ro\\\/elemis-advanced-skincare-nourishing-omega-rich-cleansing-oil-ulei-de-curatare-hranitor-pentru-toate-tipurile-de-ten-195-ml\\\/#breadcrumb\",\"itemListElement\":[{\"@type\":\"ListItem\",\"position\":1,\"name\":\"Dom\u016f\",\"item\":\"https:\\\/\\\/shopatoa.com\\\/ro\\\/\"},{\"@type\":\"ListItem\",\"position\":2,\"name\":\"Shop\",\"item\":\"https:\\\/\\\/shopatoa.com\\\/ro\\\/shop\\\/\"},{\"@type\":\"ListItem\",\"position\":3,\"name\":\"Elemis Advanced Skincare Nourishing Omega-Rich Cleansing Oil ulei de curatare hranitor pentru toate tipurile de ten 195 ml\"}]},{\"@type\":\"WebSite\",\"@id\":\"https:\\\/\\\/shopatoa.com\\\/ro\\\/#website\",\"url\":\"https:\\\/\\\/shopatoa.com\\\/ro\\\/\",\"name\":\"SHOPATOA\",\"description\":\"\",\"publisher\":{\"@id\":\"https:\\\/\\\/shopatoa.com\\\/ro\\\/#organization\"},\"potentialAction\":[{\"@type\":\"SearchAction\",\"target\":{\"@type\":\"EntryPoint\",\"urlTemplate\":\"https:\\\/\\\/shopatoa.com\\\/ro\\\/?s={search_term_string}\"},\"query-input\":{\"@type\":\"PropertyValueSpecification\",\"valueRequired\":true,\"valueName\":\"search_term_string\"}}],\"inLanguage\":\"ro-RO\"},{\"@type\":\"Organization\",\"@id\":\"https:\\\/\\\/shopatoa.com\\\/ro\\\/#organization\",\"name\":\"SHOPATOA\",\"url\":\"https:\\\/\\\/shopatoa.com\\\/ro\\\/\",\"logo\":{\"@type\":\"ImageObject\",\"inLanguage\":\"ro-RO\",\"@id\":\"https:\\\/\\\/shopatoa.com\\\/ro\\\/#\\\/schema\\\/logo\\\/image\\\/\",\"url\":\"https:\\\/\\\/storage.googleapis.com\\\/cz-shopatoa-img\\\/ro\\\/b4dac915-shopatoa_logo.png\",\"contentUrl\":\"https:\\\/\\\/storage.googleapis.com\\\/cz-shopatoa-img\\\/ro\\\/b4dac915-shopatoa_logo.png\",\"width\":416,\"height\":63,\"caption\":\"SHOPATOA\"},\"image\":{\"@id\":\"https:\\\/\\\/shopatoa.com\\\/ro\\\/#\\\/schema\\\/logo\\\/image\\\/\"}}]}<\/script>\n<!-- \/ Yoast SEO plugin. -->","yoast_head_json":{"title":"Elemis Advanced Skincare Nourishing Omega-Rich Cleansing Oil ulei de curatare hranitor pentru toate tipurile de ten 195 ml - SHOPATOA.COM","robots":{"index":"index","follow":"follow","max-snippet":"max-snippet:-1","max-image-preview":"max-image-preview:large","max-video-preview":"max-video-preview:-1"},"canonical":"https:\/\/shopatoa.com\/ro\/elemis-advanced-skincare-nourishing-omega-rich-cleansing-oil-ulei-de-curatare-hranitor-pentru-toate-tipurile-de-ten-195-ml\/","og_locale":"ro_RO","og_type":"article","og_title":"Elemis Advanced Skincare Nourishing Omega-Rich Cleansing Oil ulei de curatare hranitor pentru toate tipurile de ten 195 ml - SHOPATOA.COM","og_description":"Elemis Advanced Skincare Nourishing Omega-Rich Cleansing Oil, 195 ml, Cur\u0103\u021barea pielii pentru femei, \u00cenainte de a \u00eencepe rutina obi\u0219nuit\u0103 de \u00eengrijire, este foarte important s\u0103 v\u0103 preg\u0103ti\u021bi tenul printr-o cur\u0103\u021bare temeinic\u0103 \u2013 f\u0103r\u0103 aceasta, \u00eengrijirea urm\u0103toare nu va fi la fel de eficient\u0103. Produsul de cur\u0103\u021bare a tenului Elemis Advanced Skincare ajut\u0103 la \u00eendep\u0103rtarea tuturor...","og_url":"https:\/\/shopatoa.com\/ro\/elemis-advanced-skincare-nourishing-omega-rich-cleansing-oil-ulei-de-curatare-hranitor-pentru-toate-tipurile-de-ten-195-ml\/","og_site_name":"SHOPATOA","article_modified_time":"2025-06-25T06:28:42+00:00","og_image":[{"width":800,"height":800,"url":"https:\/\/storage.googleapis.com\/cz-shopatoa-img\/ro\/2ce4175e-unnamed-file.webp","type":"image\/webp"}],"twitter_card":"summary_large_image","twitter_misc":{"Timp estimat pentru citire":"1 minut"},"schema":{"@context":"https:\/\/schema.org","@graph":[{"@type":"WebPage","@id":"https:\/\/shopatoa.com\/ro\/elemis-advanced-skincare-nourishing-omega-rich-cleansing-oil-ulei-de-curatare-hranitor-pentru-toate-tipurile-de-ten-195-ml\/","url":"https:\/\/shopatoa.com\/ro\/elemis-advanced-skincare-nourishing-omega-rich-cleansing-oil-ulei-de-curatare-hranitor-pentru-toate-tipurile-de-ten-195-ml\/","name":"Elemis Advanced Skincare Nourishing Omega-Rich Cleansing Oil ulei de curatare hranitor pentru toate tipurile de ten 195 ml - SHOPATOA.COM","isPartOf":{"@id":"https:\/\/shopatoa.com\/ro\/#website"},"primaryImageOfPage":{"@id":"https:\/\/shopatoa.com\/ro\/elemis-advanced-skincare-nourishing-omega-rich-cleansing-oil-ulei-de-curatare-hranitor-pentru-toate-tipurile-de-ten-195-ml\/#primaryimage"},"image":{"@id":"https:\/\/shopatoa.com\/ro\/elemis-advanced-skincare-nourishing-omega-rich-cleansing-oil-ulei-de-curatare-hranitor-pentru-toate-tipurile-de-ten-195-ml\/#primaryimage"},"thumbnailUrl":"https:\/\/storage.googleapis.com\/cz-shopatoa-img\/ro\/2ce4175e-unnamed-file.webp","datePublished":"2025-06-25T06:28:24+00:00","dateModified":"2025-06-25T06:28:42+00:00","breadcrumb":{"@id":"https:\/\/shopatoa.com\/ro\/elemis-advanced-skincare-nourishing-omega-rich-cleansing-oil-ulei-de-curatare-hranitor-pentru-toate-tipurile-de-ten-195-ml\/#breadcrumb"},"inLanguage":"ro-RO","potentialAction":[{"@type":"ReadAction","target":["https:\/\/shopatoa.com\/ro\/elemis-advanced-skincare-nourishing-omega-rich-cleansing-oil-ulei-de-curatare-hranitor-pentru-toate-tipurile-de-ten-195-ml\/"]}]},{"@type":"ImageObject","inLanguage":"ro-RO","@id":"https:\/\/shopatoa.com\/ro\/elemis-advanced-skincare-nourishing-omega-rich-cleansing-oil-ulei-de-curatare-hranitor-pentru-toate-tipurile-de-ten-195-ml\/#primaryimage","url":"https:\/\/storage.googleapis.com\/cz-shopatoa-img\/ro\/2ce4175e-unnamed-file.webp","contentUrl":"https:\/\/storage.googleapis.com\/cz-shopatoa-img\/ro\/2ce4175e-unnamed-file.webp","width":800,"height":800},{"@type":"BreadcrumbList","@id":"https:\/\/shopatoa.com\/ro\/elemis-advanced-skincare-nourishing-omega-rich-cleansing-oil-ulei-de-curatare-hranitor-pentru-toate-tipurile-de-ten-195-ml\/#breadcrumb","itemListElement":[{"@type":"ListItem","position":1,"name":"Dom\u016f","item":"https:\/\/shopatoa.com\/ro\/"},{"@type":"ListItem","position":2,"name":"Shop","item":"https:\/\/shopatoa.com\/ro\/shop\/"},{"@type":"ListItem","position":3,"name":"Elemis Advanced Skincare Nourishing Omega-Rich Cleansing Oil ulei de curatare hranitor pentru toate tipurile de ten 195 ml"}]},{"@type":"WebSite","@id":"https:\/\/shopatoa.com\/ro\/#website","url":"https:\/\/shopatoa.com\/ro\/","name":"SHOPATOA","description":"","publisher":{"@id":"https:\/\/shopatoa.com\/ro\/#organization"},"potentialAction":[{"@type":"SearchAction","target":{"@type":"EntryPoint","urlTemplate":"https:\/\/shopatoa.com\/ro\/?s={search_term_string}"},"query-input":{"@type":"PropertyValueSpecification","valueRequired":true,"valueName":"search_term_string"}}],"inLanguage":"ro-RO"},{"@type":"Organization","@id":"https:\/\/shopatoa.com\/ro\/#organization","name":"SHOPATOA","url":"https:\/\/shopatoa.com\/ro\/","logo":{"@type":"ImageObject","inLanguage":"ro-RO","@id":"https:\/\/shopatoa.com\/ro\/#\/schema\/logo\/image\/","url":"https:\/\/storage.googleapis.com\/cz-shopatoa-img\/ro\/b4dac915-shopatoa_logo.png","contentUrl":"https:\/\/storage.googleapis.com\/cz-shopatoa-img\/ro\/b4dac915-shopatoa_logo.png","width":416,"height":63,"caption":"SHOPATOA"},"image":{"@id":"https:\/\/shopatoa.com\/ro\/#\/schema\/logo\/image\/"}}]}},"_links":{"self":[{"href":"https:\/\/shopatoa.com\/ro\/wp-json\/wp\/v2\/product\/452937","targetHints":{"allow":["GET"]}}],"collection":[{"href":"https:\/\/shopatoa.com\/ro\/wp-json\/wp\/v2\/product"}],"about":[{"href":"https:\/\/shopatoa.com\/ro\/wp-json\/wp\/v2\/types\/product"}],"replies":[{"embeddable":true,"href":"https:\/\/shopatoa.com\/ro\/wp-json\/wp\/v2\/comments?post=452937"}],"wp:featuredmedia":[{"embeddable":true,"href":"https:\/\/shopatoa.com\/ro\/wp-json\/wp\/v2\/media\/452938"}],"wp:attachment":[{"href":"https:\/\/shopatoa.com\/ro\/wp-json\/wp\/v2\/media?parent=452937"}],"wp:term":[{"taxonomy":"product_brand","embeddable":true,"href":"https:\/\/shopatoa.com\/ro\/wp-json\/wp\/v2\/product_brand?post=452937"},{"taxonomy":"product_cat","embeddable":true,"href":"https:\/\/shopatoa.com\/ro\/wp-json\/wp\/v2\/product_cat?post=452937"},{"taxonomy":"product_tag","embeddable":true,"href":"https:\/\/shopatoa.com\/ro\/wp-json\/wp\/v2\/product_tag?post=452937"}],"curies":[{"name":"wp","href":"https:\/\/api.w.org\/{rel}","templated":true}]}}