{"id":453019,"date":"2025-06-25T08:35:54","date_gmt":"2025-06-25T06:35:54","guid":{"rendered":"https:\/\/shopatoa.com\/ro\/oway-styling-finish-ulei-de-par-regenerator-160-ml\/"},"modified":"2026-02-04T15:47:24","modified_gmt":"2026-02-04T14:47:24","slug":"oway-styling-finish-ulei-de-par-regenerator-160-ml","status":"publish","type":"product","link":"https:\/\/shopatoa.com\/ro\/oway-styling-finish-ulei-de-par-regenerator-160-ml\/","title":{"rendered":"Oway Styling &amp; Finish ulei de par regenerator 160 ml"},"content":{"rendered":"<p>Oway Styling &amp; Finish, 160 ml, Uleiuri clasice pentru p\u0103r pentru femei, Ave\u021bi senza\u021bia c\u0103 p\u0103rul dvs. are nevoie de ceva \u00een plus fa\u021b\u0103 de \u00eengrijirea oferit\u0103 de \u0219ampon, balsam sau chiar de masc\u0103? Uleiul de p\u0103r clasic Oway Styling &amp; Finish v\u0103 va \u00eembog\u0103\u021bi perfect rutina de \u00eengrijire \u2013 va oferi p\u0103rului o doz\u0103 suplimentar\u0103 de nutri\u021bie, va contribui la restabilirea elasticit\u0103\u021bii \u0219i flexibilit\u0103\u021bii, va favoriza regenerarea p\u0103rului \u0219i, nu \u00een ultimul r\u00e2nd, \u00eei va netezi suprafa\u021ba. Rezultatul va fi un p\u0103r mai delicat, mai catifelat \u0219i s\u0103n\u0103tos str\u0103lucitor, cu o tendin\u021b\u0103 mai redus\u0103 de frizz.  Caracteristici:  d\u0103 str\u0103lucire p\u0103rului confer\u0103 p\u0103rului o moliciune de catifea hr\u0103ne\u0219te p\u0103rul \u00een profunzime repar\u0103 structura deteriorat\u0103 a p\u0103rului ofer\u0103 p\u0103rului rezisten\u021b\u0103 \u0219i flexibilitate previne electrizarea p\u0103rului  Cum se utilizeaz\u0103: Se aplic\u0103 pe lungimile \u0219i pe v\u00e2rfurile p\u0103rului uscat sau umed.<\/p>\n","protected":false},"excerpt":{"rendered":"<p>Oway Styling &amp; Finish, 160 ml, Uleiuri clasice pentru p\u0103r pentru femei, Ave\u021bi senza\u021bia c\u0103 p\u0103rul dvs. are nevoie de ceva \u00een plus fa\u021b\u0103 de \u00eengrijirea oferit\u0103 de \u0219ampon, balsam sau chiar de masc\u0103? Uleiul de p\u0103r clasic Oway Styling &amp; Finish v\u0103 va \u00eembog\u0103\u021bi perfect rutina de \u00eengrijire \u2013 va oferi p\u0103rului o doz\u0103&#8230;<\/p>\n","protected":false},"featured_media":453020,"comment_status":"closed","ping_status":"open","template":"","meta":{"_acf_changed":false,"_kadence_starter_templates_imported_post":false,"_kad_post_transparent":"","_kad_post_title":"","_kad_post_layout":"","_kad_post_sidebar_id":"","_kad_post_content_style":"","_kad_post_vertical_padding":"","_kad_post_feature":"","_kad_post_feature_position":"","_kad_post_header":false,"_kad_post_footer":false,"_kad_post_classname":""},"product_brand":[1941],"product_cat":[1563,1590,1633,1562],"product_tag":[],"class_list":{"0":"post-453019","1":"product","2":"type-product","3":"status-publish","4":"has-post-thumbnail","6":"product_brand-oway","7":"product_cat-ingrijire-personala","8":"product_cat-ingrijirea-parului","9":"product_cat-produse-de-coafare-a-parului","10":"product_cat-sanatate-si-frumusete","11":"pa_gen-female","12":"pa_marime-160-ml","14":"first","15":"instock","16":"product-type-external","17":"entry","18":"content-bg","19":"loop-entry"},"acf":[],"yoast_head":"<!-- This site is optimized with the Yoast SEO plugin v27.3 - https:\/\/yoast.com\/product\/yoast-seo-wordpress\/ -->\n<title>Oway Styling &amp; Finish ulei de par regenerator 160 ml - SHOPATOA.COM<\/title>\n<meta name=\"robots\" content=\"index, follow, max-snippet:-1, max-image-preview:large, max-video-preview:-1\" \/>\n<link rel=\"canonical\" href=\"https:\/\/shopatoa.com\/ro\/oway-styling-finish-ulei-de-par-regenerator-160-ml\/\" \/>\n<meta property=\"og:locale\" content=\"ro_RO\" \/>\n<meta property=\"og:type\" content=\"article\" \/>\n<meta property=\"og:title\" content=\"Oway Styling &amp; Finish ulei de par regenerator 160 ml - SHOPATOA.COM\" \/>\n<meta property=\"og:description\" content=\"Oway Styling &amp; Finish, 160 ml, Uleiuri clasice pentru p\u0103r pentru femei, Ave\u021bi senza\u021bia c\u0103 p\u0103rul dvs. are nevoie de ceva \u00een plus fa\u021b\u0103 de \u00eengrijirea oferit\u0103 de \u0219ampon, balsam sau chiar de masc\u0103? Uleiul de p\u0103r clasic Oway Styling &amp; Finish v\u0103 va \u00eembog\u0103\u021bi perfect rutina de \u00eengrijire \u2013 va oferi p\u0103rului o doz\u0103...\" \/>\n<meta property=\"og:url\" content=\"https:\/\/shopatoa.com\/ro\/oway-styling-finish-ulei-de-par-regenerator-160-ml\/\" \/>\n<meta property=\"og:site_name\" content=\"SHOPATOA\" \/>\n<meta property=\"article:modified_time\" content=\"2026-02-04T14:47:24+00:00\" \/>\n<meta property=\"og:image\" content=\"https:\/\/storage.googleapis.com\/cz-shopatoa-img\/ro\/fc9335ba-unnamed-file.webp\" \/>\n\t<meta property=\"og:image:width\" content=\"800\" \/>\n\t<meta property=\"og:image:height\" content=\"800\" \/>\n\t<meta property=\"og:image:type\" content=\"image\/webp\" \/>\n<meta name=\"twitter:card\" content=\"summary_large_image\" \/>\n<meta name=\"twitter:label1\" content=\"Timp estimat pentru citire\" \/>\n\t<meta name=\"twitter:data1\" content=\"1 minut\" \/>\n<script type=\"application\/ld+json\" class=\"yoast-schema-graph\">{\"@context\":\"https:\\\/\\\/schema.org\",\"@graph\":[{\"@type\":\"WebPage\",\"@id\":\"https:\\\/\\\/shopatoa.com\\\/ro\\\/oway-styling-finish-ulei-de-par-regenerator-160-ml\\\/\",\"url\":\"https:\\\/\\\/shopatoa.com\\\/ro\\\/oway-styling-finish-ulei-de-par-regenerator-160-ml\\\/\",\"name\":\"Oway Styling & Finish ulei de par regenerator 160 ml - SHOPATOA.COM\",\"isPartOf\":{\"@id\":\"https:\\\/\\\/shopatoa.com\\\/ro\\\/#website\"},\"primaryImageOfPage\":{\"@id\":\"https:\\\/\\\/shopatoa.com\\\/ro\\\/oway-styling-finish-ulei-de-par-regenerator-160-ml\\\/#primaryimage\"},\"image\":{\"@id\":\"https:\\\/\\\/shopatoa.com\\\/ro\\\/oway-styling-finish-ulei-de-par-regenerator-160-ml\\\/#primaryimage\"},\"thumbnailUrl\":\"https:\\\/\\\/storage.googleapis.com\\\/cz-shopatoa-img\\\/ro\\\/fc9335ba-unnamed-file.webp\",\"datePublished\":\"2025-06-25T06:35:54+00:00\",\"dateModified\":\"2026-02-04T14:47:24+00:00\",\"breadcrumb\":{\"@id\":\"https:\\\/\\\/shopatoa.com\\\/ro\\\/oway-styling-finish-ulei-de-par-regenerator-160-ml\\\/#breadcrumb\"},\"inLanguage\":\"ro-RO\",\"potentialAction\":[{\"@type\":\"ReadAction\",\"target\":[\"https:\\\/\\\/shopatoa.com\\\/ro\\\/oway-styling-finish-ulei-de-par-regenerator-160-ml\\\/\"]}]},{\"@type\":\"ImageObject\",\"inLanguage\":\"ro-RO\",\"@id\":\"https:\\\/\\\/shopatoa.com\\\/ro\\\/oway-styling-finish-ulei-de-par-regenerator-160-ml\\\/#primaryimage\",\"url\":\"https:\\\/\\\/storage.googleapis.com\\\/cz-shopatoa-img\\\/ro\\\/fc9335ba-unnamed-file.webp\",\"contentUrl\":\"https:\\\/\\\/storage.googleapis.com\\\/cz-shopatoa-img\\\/ro\\\/fc9335ba-unnamed-file.webp\",\"width\":800,\"height\":800},{\"@type\":\"BreadcrumbList\",\"@id\":\"https:\\\/\\\/shopatoa.com\\\/ro\\\/oway-styling-finish-ulei-de-par-regenerator-160-ml\\\/#breadcrumb\",\"itemListElement\":[{\"@type\":\"ListItem\",\"position\":1,\"name\":\"Dom\u016f\",\"item\":\"https:\\\/\\\/shopatoa.com\\\/ro\\\/\"},{\"@type\":\"ListItem\",\"position\":2,\"name\":\"Shop\",\"item\":\"https:\\\/\\\/shopatoa.com\\\/ro\\\/shop\\\/\"},{\"@type\":\"ListItem\",\"position\":3,\"name\":\"S\u0103n\u0103tate \u0219i frumuse\u021be\",\"item\":\"https:\\\/\\\/shopatoa.com\\\/ro\\\/sanatate-si-frumusete\\\/\"},{\"@type\":\"ListItem\",\"position\":4,\"name\":\"\u00cengrijire personal\u0103\",\"item\":\"https:\\\/\\\/shopatoa.com\\\/ro\\\/ingrijire-personala\\\/\"},{\"@type\":\"ListItem\",\"position\":5,\"name\":\"\u00cengrijirea p\u0103rului\",\"item\":\"https:\\\/\\\/shopatoa.com\\\/ro\\\/ingrijirea-parului\\\/\"},{\"@type\":\"ListItem\",\"position\":6,\"name\":\"Produse de coafare a p\u0103rului\",\"item\":\"https:\\\/\\\/shopatoa.com\\\/ro\\\/produse-de-coafare-a-parului\\\/\"},{\"@type\":\"ListItem\",\"position\":7,\"name\":\"Oway Styling &amp; Finish ulei de par regenerator 160 ml\"}]},{\"@type\":\"WebSite\",\"@id\":\"https:\\\/\\\/shopatoa.com\\\/ro\\\/#website\",\"url\":\"https:\\\/\\\/shopatoa.com\\\/ro\\\/\",\"name\":\"SHOPATOA\",\"description\":\"\",\"publisher\":{\"@id\":\"https:\\\/\\\/shopatoa.com\\\/ro\\\/#organization\"},\"potentialAction\":[{\"@type\":\"SearchAction\",\"target\":{\"@type\":\"EntryPoint\",\"urlTemplate\":\"https:\\\/\\\/shopatoa.com\\\/ro\\\/?s={search_term_string}\"},\"query-input\":{\"@type\":\"PropertyValueSpecification\",\"valueRequired\":true,\"valueName\":\"search_term_string\"}}],\"inLanguage\":\"ro-RO\"},{\"@type\":\"Organization\",\"@id\":\"https:\\\/\\\/shopatoa.com\\\/ro\\\/#organization\",\"name\":\"SHOPATOA\",\"url\":\"https:\\\/\\\/shopatoa.com\\\/ro\\\/\",\"logo\":{\"@type\":\"ImageObject\",\"inLanguage\":\"ro-RO\",\"@id\":\"https:\\\/\\\/shopatoa.com\\\/ro\\\/#\\\/schema\\\/logo\\\/image\\\/\",\"url\":\"https:\\\/\\\/storage.googleapis.com\\\/cz-shopatoa-img\\\/ro\\\/b4dac915-shopatoa_logo.png\",\"contentUrl\":\"https:\\\/\\\/storage.googleapis.com\\\/cz-shopatoa-img\\\/ro\\\/b4dac915-shopatoa_logo.png\",\"width\":416,\"height\":63,\"caption\":\"SHOPATOA\"},\"image\":{\"@id\":\"https:\\\/\\\/shopatoa.com\\\/ro\\\/#\\\/schema\\\/logo\\\/image\\\/\"}}]}<\/script>\n<!-- \/ Yoast SEO plugin. -->","yoast_head_json":{"title":"Oway Styling & Finish ulei de par regenerator 160 ml - SHOPATOA.COM","robots":{"index":"index","follow":"follow","max-snippet":"max-snippet:-1","max-image-preview":"max-image-preview:large","max-video-preview":"max-video-preview:-1"},"canonical":"https:\/\/shopatoa.com\/ro\/oway-styling-finish-ulei-de-par-regenerator-160-ml\/","og_locale":"ro_RO","og_type":"article","og_title":"Oway Styling & Finish ulei de par regenerator 160 ml - SHOPATOA.COM","og_description":"Oway Styling &amp; Finish, 160 ml, Uleiuri clasice pentru p\u0103r pentru femei, Ave\u021bi senza\u021bia c\u0103 p\u0103rul dvs. are nevoie de ceva \u00een plus fa\u021b\u0103 de \u00eengrijirea oferit\u0103 de \u0219ampon, balsam sau chiar de masc\u0103? Uleiul de p\u0103r clasic Oway Styling &amp; Finish v\u0103 va \u00eembog\u0103\u021bi perfect rutina de \u00eengrijire \u2013 va oferi p\u0103rului o doz\u0103...","og_url":"https:\/\/shopatoa.com\/ro\/oway-styling-finish-ulei-de-par-regenerator-160-ml\/","og_site_name":"SHOPATOA","article_modified_time":"2026-02-04T14:47:24+00:00","og_image":[{"width":800,"height":800,"url":"https:\/\/storage.googleapis.com\/cz-shopatoa-img\/ro\/fc9335ba-unnamed-file.webp","type":"image\/webp"}],"twitter_card":"summary_large_image","twitter_misc":{"Timp estimat pentru citire":"1 minut"},"schema":{"@context":"https:\/\/schema.org","@graph":[{"@type":"WebPage","@id":"https:\/\/shopatoa.com\/ro\/oway-styling-finish-ulei-de-par-regenerator-160-ml\/","url":"https:\/\/shopatoa.com\/ro\/oway-styling-finish-ulei-de-par-regenerator-160-ml\/","name":"Oway Styling & Finish ulei de par regenerator 160 ml - SHOPATOA.COM","isPartOf":{"@id":"https:\/\/shopatoa.com\/ro\/#website"},"primaryImageOfPage":{"@id":"https:\/\/shopatoa.com\/ro\/oway-styling-finish-ulei-de-par-regenerator-160-ml\/#primaryimage"},"image":{"@id":"https:\/\/shopatoa.com\/ro\/oway-styling-finish-ulei-de-par-regenerator-160-ml\/#primaryimage"},"thumbnailUrl":"https:\/\/storage.googleapis.com\/cz-shopatoa-img\/ro\/fc9335ba-unnamed-file.webp","datePublished":"2025-06-25T06:35:54+00:00","dateModified":"2026-02-04T14:47:24+00:00","breadcrumb":{"@id":"https:\/\/shopatoa.com\/ro\/oway-styling-finish-ulei-de-par-regenerator-160-ml\/#breadcrumb"},"inLanguage":"ro-RO","potentialAction":[{"@type":"ReadAction","target":["https:\/\/shopatoa.com\/ro\/oway-styling-finish-ulei-de-par-regenerator-160-ml\/"]}]},{"@type":"ImageObject","inLanguage":"ro-RO","@id":"https:\/\/shopatoa.com\/ro\/oway-styling-finish-ulei-de-par-regenerator-160-ml\/#primaryimage","url":"https:\/\/storage.googleapis.com\/cz-shopatoa-img\/ro\/fc9335ba-unnamed-file.webp","contentUrl":"https:\/\/storage.googleapis.com\/cz-shopatoa-img\/ro\/fc9335ba-unnamed-file.webp","width":800,"height":800},{"@type":"BreadcrumbList","@id":"https:\/\/shopatoa.com\/ro\/oway-styling-finish-ulei-de-par-regenerator-160-ml\/#breadcrumb","itemListElement":[{"@type":"ListItem","position":1,"name":"Dom\u016f","item":"https:\/\/shopatoa.com\/ro\/"},{"@type":"ListItem","position":2,"name":"Shop","item":"https:\/\/shopatoa.com\/ro\/shop\/"},{"@type":"ListItem","position":3,"name":"S\u0103n\u0103tate \u0219i frumuse\u021be","item":"https:\/\/shopatoa.com\/ro\/sanatate-si-frumusete\/"},{"@type":"ListItem","position":4,"name":"\u00cengrijire personal\u0103","item":"https:\/\/shopatoa.com\/ro\/ingrijire-personala\/"},{"@type":"ListItem","position":5,"name":"\u00cengrijirea p\u0103rului","item":"https:\/\/shopatoa.com\/ro\/ingrijirea-parului\/"},{"@type":"ListItem","position":6,"name":"Produse de coafare a p\u0103rului","item":"https:\/\/shopatoa.com\/ro\/produse-de-coafare-a-parului\/"},{"@type":"ListItem","position":7,"name":"Oway Styling &amp; Finish ulei de par regenerator 160 ml"}]},{"@type":"WebSite","@id":"https:\/\/shopatoa.com\/ro\/#website","url":"https:\/\/shopatoa.com\/ro\/","name":"SHOPATOA","description":"","publisher":{"@id":"https:\/\/shopatoa.com\/ro\/#organization"},"potentialAction":[{"@type":"SearchAction","target":{"@type":"EntryPoint","urlTemplate":"https:\/\/shopatoa.com\/ro\/?s={search_term_string}"},"query-input":{"@type":"PropertyValueSpecification","valueRequired":true,"valueName":"search_term_string"}}],"inLanguage":"ro-RO"},{"@type":"Organization","@id":"https:\/\/shopatoa.com\/ro\/#organization","name":"SHOPATOA","url":"https:\/\/shopatoa.com\/ro\/","logo":{"@type":"ImageObject","inLanguage":"ro-RO","@id":"https:\/\/shopatoa.com\/ro\/#\/schema\/logo\/image\/","url":"https:\/\/storage.googleapis.com\/cz-shopatoa-img\/ro\/b4dac915-shopatoa_logo.png","contentUrl":"https:\/\/storage.googleapis.com\/cz-shopatoa-img\/ro\/b4dac915-shopatoa_logo.png","width":416,"height":63,"caption":"SHOPATOA"},"image":{"@id":"https:\/\/shopatoa.com\/ro\/#\/schema\/logo\/image\/"}}]}},"_links":{"self":[{"href":"https:\/\/shopatoa.com\/ro\/wp-json\/wp\/v2\/product\/453019","targetHints":{"allow":["GET"]}}],"collection":[{"href":"https:\/\/shopatoa.com\/ro\/wp-json\/wp\/v2\/product"}],"about":[{"href":"https:\/\/shopatoa.com\/ro\/wp-json\/wp\/v2\/types\/product"}],"replies":[{"embeddable":true,"href":"https:\/\/shopatoa.com\/ro\/wp-json\/wp\/v2\/comments?post=453019"}],"wp:featuredmedia":[{"embeddable":true,"href":"https:\/\/shopatoa.com\/ro\/wp-json\/wp\/v2\/media\/453020"}],"wp:attachment":[{"href":"https:\/\/shopatoa.com\/ro\/wp-json\/wp\/v2\/media?parent=453019"}],"wp:term":[{"taxonomy":"product_brand","embeddable":true,"href":"https:\/\/shopatoa.com\/ro\/wp-json\/wp\/v2\/product_brand?post=453019"},{"taxonomy":"product_cat","embeddable":true,"href":"https:\/\/shopatoa.com\/ro\/wp-json\/wp\/v2\/product_cat?post=453019"},{"taxonomy":"product_tag","embeddable":true,"href":"https:\/\/shopatoa.com\/ro\/wp-json\/wp\/v2\/product_tag?post=453019"}],"curies":[{"name":"wp","href":"https:\/\/api.w.org\/{rel}","templated":true}]}}