{"id":453465,"date":"2025-06-25T09:15:16","date_gmt":"2025-06-25T07:15:16","guid":{"rendered":"https:\/\/shopatoa.com\/ro\/kii-baa-organic-atopi-lotiune-pentru-spalare-cu-efect-catifelant-pentru-piele-uscata-cu-tendinta-la-eczeme-250-ml\/"},"modified":"2025-06-25T09:16:16","modified_gmt":"2025-06-25T07:16:16","slug":"kii-baa-organic-atopi-lotiune-pentru-spalare-cu-efect-catifelant-pentru-piele-uscata-cu-tendinta-la-eczeme-250-ml","status":"publish","type":"product","link":"https:\/\/shopatoa.com\/ro\/kii-baa-organic-atopi-lotiune-pentru-spalare-cu-efect-catifelant-pentru-piele-uscata-cu-tendinta-la-eczeme-250-ml\/","title":{"rendered":"kii-baa\u00ae organic ATOPI Lotiune pentru spalare cu efect catifelant pentru piele uscat\u0103, cu tendin\u021b\u0103 la eczeme 250 ml"},"content":{"rendered":"<p>kii-baa\u00ae organic ATOPI, 250 ml, Geluri de dus pentru femei, Pielea dvs. are nevoi speciale pe care dori\u021bi s\u0103 le aborda\u021bi nu doar \u00een rutina de \u00eengrijire a pielii, ci \u0219i \u00een timpul du\u0219ului sau \u00eemb\u0103ierii? Gelul de du\u0219 kii-baa\u00ae organic ATOPI va fi ideal pentru dvs. Se remarc\u0103 prin ingredientele sale active, care contribuie la rezolvarea problemelor cutanate \u00eenainte de aplicarea produsele de \u00eengrijire a pielii, \u00een timp ce v\u0103 dedica\u021bi igienei zilnice. Textura sa spumoas\u0103 \u00eendep\u0103rteaz\u0103 delicat, dar eficient, toate impurit\u0103\u021bile de pe piele, f\u0103r\u0103 s\u0103 o usuce. O las\u0103 fin\u0103, regenerat\u0103 \u0219i \u00een echilibru.  Caracteristici:  spal\u0103 pielea \u0219i \u00eendep\u0103rteaz\u0103 impurit\u0103\u021bile las\u0103 pielea catifelat\u0103, moale \u0219i neted\u0103 hidrateaz\u0103 intens catifeleaz\u0103 \u0219i \u00eembun\u0103t\u0103\u021be\u0219te elasticitatea pielii red\u0103 pielii senza\u021bia de confort hr\u0103ne\u0219te \u0219i trateaz\u0103 pielea are efect de calmare protejeaz\u0103 pielea \u00eempotriva usc\u0103rii  Ingrediente:  nu con\u021bine s\u0103pun nu con\u021bine parfum nu con\u021bine SLS sau SLES acid lactic \u2013 ajut\u0103 la \u00eendep\u0103rtarea celulelor moarte cutanate, sus\u021bine procesul natural de re\u00eennoire celular\u0103 \u0219i \u00een acela\u0219i timp are efecte hidratante, neteze\u0219te textura aspr\u0103 \u0219i decolmateaz\u0103 porii substan\u021be fermentate \u2013 ajut\u0103 la men\u021binerea microbiomului natural cutanat \u0219i a pH-ului echilibrat, calmeaz\u0103, combat irita\u021biile \u0219i consolideaz\u0103 bariera protectoare cutanat\u0103  Cum se utilizeaz\u0103: Se aplic\u0103 \u00een timpul du\u0219ului sau al b\u0103ii. Se aplic\u0103 pe \u00eentregul corp \u0219i se cl\u0103te\u0219te cu ap\u0103 cald\u0103. Ideal pentru utilizarea zilnic\u0103.<\/p>\n","protected":false},"excerpt":{"rendered":"<p>kii-baa\u00ae organic ATOPI, 250 ml, Geluri de dus pentru femei, Pielea dvs. are nevoi speciale pe care dori\u021bi s\u0103 le aborda\u021bi nu doar \u00een rutina de \u00eengrijire a pielii, ci \u0219i \u00een timpul du\u0219ului sau \u00eemb\u0103ierii? Gelul de du\u0219 kii-baa\u00ae organic ATOPI va fi ideal pentru dvs. Se remarc\u0103 prin ingredientele sale active, care contribuie&#8230;<\/p>\n","protected":false},"featured_media":453466,"comment_status":"closed","ping_status":"open","template":"","meta":{"_acf_changed":false,"_kadence_starter_templates_imported_post":false,"_kad_post_transparent":"","_kad_post_title":"","_kad_post_layout":"","_kad_post_sidebar_id":"","_kad_post_content_style":"","_kad_post_vertical_padding":"","_kad_post_feature":"","_kad_post_feature_position":"","_kad_post_header":false,"_kad_post_footer":false,"_kad_post_classname":""},"product_brand":[2400],"product_cat":[1570,1564,1571,1563,1562],"product_tag":[],"class_list":{"0":"post-453465","1":"product","2":"type-product","3":"status-publish","4":"has-post-thumbnail","6":"product_brand-kii-baa-organic","7":"product_cat-baie-si-corp","8":"product_cat-cosmetice-ingrijire-personala","9":"product_cat-gel-de-dus","10":"product_cat-ingrijire-personala","11":"product_cat-sanatate-si-frumusete","12":"pa_gen-female","13":"pa_marime-250-ml","15":"first","16":"instock","17":"sale","18":"product-type-external","19":"entry","20":"content-bg","21":"loop-entry"},"acf":[],"yoast_head":"<!-- This site is optimized with the Yoast SEO plugin v27.4 - https:\/\/yoast.com\/product\/yoast-seo-wordpress\/ -->\n<title>kii-baa\u00ae organic ATOPI Lotiune pentru spalare cu efect catifelant pentru piele uscat\u0103, cu tendin\u021b\u0103 la eczeme 250 ml - SHOPATOA.COM<\/title>\n<meta name=\"robots\" content=\"index, follow, max-snippet:-1, max-image-preview:large, max-video-preview:-1\" \/>\n<link rel=\"canonical\" href=\"https:\/\/shopatoa.com\/ro\/kii-baa-organic-atopi-lotiune-pentru-spalare-cu-efect-catifelant-pentru-piele-uscata-cu-tendinta-la-eczeme-250-ml\/\" \/>\n<meta property=\"og:locale\" content=\"ro_RO\" \/>\n<meta property=\"og:type\" content=\"article\" \/>\n<meta property=\"og:title\" content=\"kii-baa\u00ae organic ATOPI Lotiune pentru spalare cu efect catifelant pentru piele uscat\u0103, cu tendin\u021b\u0103 la eczeme 250 ml - SHOPATOA.COM\" \/>\n<meta property=\"og:description\" content=\"kii-baa\u00ae organic ATOPI, 250 ml, Geluri de dus pentru femei, Pielea dvs. are nevoi speciale pe care dori\u021bi s\u0103 le aborda\u021bi nu doar \u00een rutina de \u00eengrijire a pielii, ci \u0219i \u00een timpul du\u0219ului sau \u00eemb\u0103ierii? Gelul de du\u0219 kii-baa\u00ae organic ATOPI va fi ideal pentru dvs. Se remarc\u0103 prin ingredientele sale active, care contribuie...\" \/>\n<meta property=\"og:url\" content=\"https:\/\/shopatoa.com\/ro\/kii-baa-organic-atopi-lotiune-pentru-spalare-cu-efect-catifelant-pentru-piele-uscata-cu-tendinta-la-eczeme-250-ml\/\" \/>\n<meta property=\"og:site_name\" content=\"SHOPATOA\" \/>\n<meta property=\"article:modified_time\" content=\"2025-06-25T07:16:16+00:00\" \/>\n<meta property=\"og:image\" content=\"https:\/\/storage.googleapis.com\/cz-shopatoa-img\/ro\/b6fb57d5-unnamed-file.webp\" \/>\n\t<meta property=\"og:image:width\" content=\"800\" \/>\n\t<meta property=\"og:image:height\" content=\"800\" \/>\n\t<meta property=\"og:image:type\" content=\"image\/webp\" \/>\n<meta name=\"twitter:card\" content=\"summary_large_image\" \/>\n<meta name=\"twitter:label1\" content=\"Timp estimat pentru citire\" \/>\n\t<meta name=\"twitter:data1\" content=\"1 minut\" \/>\n<script type=\"application\/ld+json\" class=\"yoast-schema-graph\">{\"@context\":\"https:\\\/\\\/schema.org\",\"@graph\":[{\"@type\":\"WebPage\",\"@id\":\"https:\\\/\\\/shopatoa.com\\\/ro\\\/kii-baa-organic-atopi-lotiune-pentru-spalare-cu-efect-catifelant-pentru-piele-uscata-cu-tendinta-la-eczeme-250-ml\\\/\",\"url\":\"https:\\\/\\\/shopatoa.com\\\/ro\\\/kii-baa-organic-atopi-lotiune-pentru-spalare-cu-efect-catifelant-pentru-piele-uscata-cu-tendinta-la-eczeme-250-ml\\\/\",\"name\":\"kii-baa\u00ae organic ATOPI Lotiune pentru spalare cu efect catifelant pentru piele uscat\u0103, cu tendin\u021b\u0103 la eczeme 250 ml - SHOPATOA.COM\",\"isPartOf\":{\"@id\":\"https:\\\/\\\/shopatoa.com\\\/ro\\\/#website\"},\"primaryImageOfPage\":{\"@id\":\"https:\\\/\\\/shopatoa.com\\\/ro\\\/kii-baa-organic-atopi-lotiune-pentru-spalare-cu-efect-catifelant-pentru-piele-uscata-cu-tendinta-la-eczeme-250-ml\\\/#primaryimage\"},\"image\":{\"@id\":\"https:\\\/\\\/shopatoa.com\\\/ro\\\/kii-baa-organic-atopi-lotiune-pentru-spalare-cu-efect-catifelant-pentru-piele-uscata-cu-tendinta-la-eczeme-250-ml\\\/#primaryimage\"},\"thumbnailUrl\":\"https:\\\/\\\/storage.googleapis.com\\\/cz-shopatoa-img\\\/ro\\\/b6fb57d5-unnamed-file.webp\",\"datePublished\":\"2025-06-25T07:15:16+00:00\",\"dateModified\":\"2025-06-25T07:16:16+00:00\",\"breadcrumb\":{\"@id\":\"https:\\\/\\\/shopatoa.com\\\/ro\\\/kii-baa-organic-atopi-lotiune-pentru-spalare-cu-efect-catifelant-pentru-piele-uscata-cu-tendinta-la-eczeme-250-ml\\\/#breadcrumb\"},\"inLanguage\":\"ro-RO\",\"potentialAction\":[{\"@type\":\"ReadAction\",\"target\":[\"https:\\\/\\\/shopatoa.com\\\/ro\\\/kii-baa-organic-atopi-lotiune-pentru-spalare-cu-efect-catifelant-pentru-piele-uscata-cu-tendinta-la-eczeme-250-ml\\\/\"]}]},{\"@type\":\"ImageObject\",\"inLanguage\":\"ro-RO\",\"@id\":\"https:\\\/\\\/shopatoa.com\\\/ro\\\/kii-baa-organic-atopi-lotiune-pentru-spalare-cu-efect-catifelant-pentru-piele-uscata-cu-tendinta-la-eczeme-250-ml\\\/#primaryimage\",\"url\":\"https:\\\/\\\/storage.googleapis.com\\\/cz-shopatoa-img\\\/ro\\\/b6fb57d5-unnamed-file.webp\",\"contentUrl\":\"https:\\\/\\\/storage.googleapis.com\\\/cz-shopatoa-img\\\/ro\\\/b6fb57d5-unnamed-file.webp\",\"width\":800,\"height\":800},{\"@type\":\"BreadcrumbList\",\"@id\":\"https:\\\/\\\/shopatoa.com\\\/ro\\\/kii-baa-organic-atopi-lotiune-pentru-spalare-cu-efect-catifelant-pentru-piele-uscata-cu-tendinta-la-eczeme-250-ml\\\/#breadcrumb\",\"itemListElement\":[{\"@type\":\"ListItem\",\"position\":1,\"name\":\"Dom\u016f\",\"item\":\"https:\\\/\\\/shopatoa.com\\\/ro\\\/\"},{\"@type\":\"ListItem\",\"position\":2,\"name\":\"Shop\",\"item\":\"https:\\\/\\\/shopatoa.com\\\/ro\\\/shop\\\/\"},{\"@type\":\"ListItem\",\"position\":3,\"name\":\"kii-baa\u00ae organic ATOPI Lotiune pentru spalare cu efect catifelant pentru piele uscat\u0103, cu tendin\u021b\u0103 la eczeme 250 ml\"}]},{\"@type\":\"WebSite\",\"@id\":\"https:\\\/\\\/shopatoa.com\\\/ro\\\/#website\",\"url\":\"https:\\\/\\\/shopatoa.com\\\/ro\\\/\",\"name\":\"SHOPATOA\",\"description\":\"\",\"publisher\":{\"@id\":\"https:\\\/\\\/shopatoa.com\\\/ro\\\/#organization\"},\"potentialAction\":[{\"@type\":\"SearchAction\",\"target\":{\"@type\":\"EntryPoint\",\"urlTemplate\":\"https:\\\/\\\/shopatoa.com\\\/ro\\\/?s={search_term_string}\"},\"query-input\":{\"@type\":\"PropertyValueSpecification\",\"valueRequired\":true,\"valueName\":\"search_term_string\"}}],\"inLanguage\":\"ro-RO\"},{\"@type\":\"Organization\",\"@id\":\"https:\\\/\\\/shopatoa.com\\\/ro\\\/#organization\",\"name\":\"SHOPATOA\",\"url\":\"https:\\\/\\\/shopatoa.com\\\/ro\\\/\",\"logo\":{\"@type\":\"ImageObject\",\"inLanguage\":\"ro-RO\",\"@id\":\"https:\\\/\\\/shopatoa.com\\\/ro\\\/#\\\/schema\\\/logo\\\/image\\\/\",\"url\":\"https:\\\/\\\/storage.googleapis.com\\\/cz-shopatoa-img\\\/ro\\\/b4dac915-shopatoa_logo.png\",\"contentUrl\":\"https:\\\/\\\/storage.googleapis.com\\\/cz-shopatoa-img\\\/ro\\\/b4dac915-shopatoa_logo.png\",\"width\":416,\"height\":63,\"caption\":\"SHOPATOA\"},\"image\":{\"@id\":\"https:\\\/\\\/shopatoa.com\\\/ro\\\/#\\\/schema\\\/logo\\\/image\\\/\"}}]}<\/script>\n<!-- \/ Yoast SEO plugin. -->","yoast_head_json":{"title":"kii-baa\u00ae organic ATOPI Lotiune pentru spalare cu efect catifelant pentru piele uscat\u0103, cu tendin\u021b\u0103 la eczeme 250 ml - SHOPATOA.COM","robots":{"index":"index","follow":"follow","max-snippet":"max-snippet:-1","max-image-preview":"max-image-preview:large","max-video-preview":"max-video-preview:-1"},"canonical":"https:\/\/shopatoa.com\/ro\/kii-baa-organic-atopi-lotiune-pentru-spalare-cu-efect-catifelant-pentru-piele-uscata-cu-tendinta-la-eczeme-250-ml\/","og_locale":"ro_RO","og_type":"article","og_title":"kii-baa\u00ae organic ATOPI Lotiune pentru spalare cu efect catifelant pentru piele uscat\u0103, cu tendin\u021b\u0103 la eczeme 250 ml - SHOPATOA.COM","og_description":"kii-baa\u00ae organic ATOPI, 250 ml, Geluri de dus pentru femei, Pielea dvs. are nevoi speciale pe care dori\u021bi s\u0103 le aborda\u021bi nu doar \u00een rutina de \u00eengrijire a pielii, ci \u0219i \u00een timpul du\u0219ului sau \u00eemb\u0103ierii? Gelul de du\u0219 kii-baa\u00ae organic ATOPI va fi ideal pentru dvs. Se remarc\u0103 prin ingredientele sale active, care contribuie...","og_url":"https:\/\/shopatoa.com\/ro\/kii-baa-organic-atopi-lotiune-pentru-spalare-cu-efect-catifelant-pentru-piele-uscata-cu-tendinta-la-eczeme-250-ml\/","og_site_name":"SHOPATOA","article_modified_time":"2025-06-25T07:16:16+00:00","og_image":[{"width":800,"height":800,"url":"https:\/\/storage.googleapis.com\/cz-shopatoa-img\/ro\/b6fb57d5-unnamed-file.webp","type":"image\/webp"}],"twitter_card":"summary_large_image","twitter_misc":{"Timp estimat pentru citire":"1 minut"},"schema":{"@context":"https:\/\/schema.org","@graph":[{"@type":"WebPage","@id":"https:\/\/shopatoa.com\/ro\/kii-baa-organic-atopi-lotiune-pentru-spalare-cu-efect-catifelant-pentru-piele-uscata-cu-tendinta-la-eczeme-250-ml\/","url":"https:\/\/shopatoa.com\/ro\/kii-baa-organic-atopi-lotiune-pentru-spalare-cu-efect-catifelant-pentru-piele-uscata-cu-tendinta-la-eczeme-250-ml\/","name":"kii-baa\u00ae organic ATOPI Lotiune pentru spalare cu efect catifelant pentru piele uscat\u0103, cu tendin\u021b\u0103 la eczeme 250 ml - SHOPATOA.COM","isPartOf":{"@id":"https:\/\/shopatoa.com\/ro\/#website"},"primaryImageOfPage":{"@id":"https:\/\/shopatoa.com\/ro\/kii-baa-organic-atopi-lotiune-pentru-spalare-cu-efect-catifelant-pentru-piele-uscata-cu-tendinta-la-eczeme-250-ml\/#primaryimage"},"image":{"@id":"https:\/\/shopatoa.com\/ro\/kii-baa-organic-atopi-lotiune-pentru-spalare-cu-efect-catifelant-pentru-piele-uscata-cu-tendinta-la-eczeme-250-ml\/#primaryimage"},"thumbnailUrl":"https:\/\/storage.googleapis.com\/cz-shopatoa-img\/ro\/b6fb57d5-unnamed-file.webp","datePublished":"2025-06-25T07:15:16+00:00","dateModified":"2025-06-25T07:16:16+00:00","breadcrumb":{"@id":"https:\/\/shopatoa.com\/ro\/kii-baa-organic-atopi-lotiune-pentru-spalare-cu-efect-catifelant-pentru-piele-uscata-cu-tendinta-la-eczeme-250-ml\/#breadcrumb"},"inLanguage":"ro-RO","potentialAction":[{"@type":"ReadAction","target":["https:\/\/shopatoa.com\/ro\/kii-baa-organic-atopi-lotiune-pentru-spalare-cu-efect-catifelant-pentru-piele-uscata-cu-tendinta-la-eczeme-250-ml\/"]}]},{"@type":"ImageObject","inLanguage":"ro-RO","@id":"https:\/\/shopatoa.com\/ro\/kii-baa-organic-atopi-lotiune-pentru-spalare-cu-efect-catifelant-pentru-piele-uscata-cu-tendinta-la-eczeme-250-ml\/#primaryimage","url":"https:\/\/storage.googleapis.com\/cz-shopatoa-img\/ro\/b6fb57d5-unnamed-file.webp","contentUrl":"https:\/\/storage.googleapis.com\/cz-shopatoa-img\/ro\/b6fb57d5-unnamed-file.webp","width":800,"height":800},{"@type":"BreadcrumbList","@id":"https:\/\/shopatoa.com\/ro\/kii-baa-organic-atopi-lotiune-pentru-spalare-cu-efect-catifelant-pentru-piele-uscata-cu-tendinta-la-eczeme-250-ml\/#breadcrumb","itemListElement":[{"@type":"ListItem","position":1,"name":"Dom\u016f","item":"https:\/\/shopatoa.com\/ro\/"},{"@type":"ListItem","position":2,"name":"Shop","item":"https:\/\/shopatoa.com\/ro\/shop\/"},{"@type":"ListItem","position":3,"name":"kii-baa\u00ae organic ATOPI Lotiune pentru spalare cu efect catifelant pentru piele uscat\u0103, cu tendin\u021b\u0103 la eczeme 250 ml"}]},{"@type":"WebSite","@id":"https:\/\/shopatoa.com\/ro\/#website","url":"https:\/\/shopatoa.com\/ro\/","name":"SHOPATOA","description":"","publisher":{"@id":"https:\/\/shopatoa.com\/ro\/#organization"},"potentialAction":[{"@type":"SearchAction","target":{"@type":"EntryPoint","urlTemplate":"https:\/\/shopatoa.com\/ro\/?s={search_term_string}"},"query-input":{"@type":"PropertyValueSpecification","valueRequired":true,"valueName":"search_term_string"}}],"inLanguage":"ro-RO"},{"@type":"Organization","@id":"https:\/\/shopatoa.com\/ro\/#organization","name":"SHOPATOA","url":"https:\/\/shopatoa.com\/ro\/","logo":{"@type":"ImageObject","inLanguage":"ro-RO","@id":"https:\/\/shopatoa.com\/ro\/#\/schema\/logo\/image\/","url":"https:\/\/storage.googleapis.com\/cz-shopatoa-img\/ro\/b4dac915-shopatoa_logo.png","contentUrl":"https:\/\/storage.googleapis.com\/cz-shopatoa-img\/ro\/b4dac915-shopatoa_logo.png","width":416,"height":63,"caption":"SHOPATOA"},"image":{"@id":"https:\/\/shopatoa.com\/ro\/#\/schema\/logo\/image\/"}}]}},"_links":{"self":[{"href":"https:\/\/shopatoa.com\/ro\/wp-json\/wp\/v2\/product\/453465","targetHints":{"allow":["GET"]}}],"collection":[{"href":"https:\/\/shopatoa.com\/ro\/wp-json\/wp\/v2\/product"}],"about":[{"href":"https:\/\/shopatoa.com\/ro\/wp-json\/wp\/v2\/types\/product"}],"replies":[{"embeddable":true,"href":"https:\/\/shopatoa.com\/ro\/wp-json\/wp\/v2\/comments?post=453465"}],"wp:featuredmedia":[{"embeddable":true,"href":"https:\/\/shopatoa.com\/ro\/wp-json\/wp\/v2\/media\/453466"}],"wp:attachment":[{"href":"https:\/\/shopatoa.com\/ro\/wp-json\/wp\/v2\/media?parent=453465"}],"wp:term":[{"taxonomy":"product_brand","embeddable":true,"href":"https:\/\/shopatoa.com\/ro\/wp-json\/wp\/v2\/product_brand?post=453465"},{"taxonomy":"product_cat","embeddable":true,"href":"https:\/\/shopatoa.com\/ro\/wp-json\/wp\/v2\/product_cat?post=453465"},{"taxonomy":"product_tag","embeddable":true,"href":"https:\/\/shopatoa.com\/ro\/wp-json\/wp\/v2\/product_tag?post=453465"}],"curies":[{"name":"wp","href":"https:\/\/api.w.org\/{rel}","templated":true}]}}