{"id":454001,"date":"2025-06-25T10:13:37","date_gmt":"2025-06-25T08:13:37","guid":{"rendered":"https:\/\/shopatoa.com\/ro\/varis-trimmer-vt30-masina-de-tuns-pentru-barba-si-par-1-buc\/"},"modified":"2026-02-04T13:17:10","modified_gmt":"2026-02-04T12:17:10","slug":"varis-trimmer-vt30-masina-de-tuns-pentru-barba-si-par-1-buc","status":"publish","type":"product","link":"https:\/\/shopatoa.com\/ro\/varis-trimmer-vt30-masina-de-tuns-pentru-barba-si-par-1-buc\/","title":{"rendered":"VARIS Trimmer VT30 masina de tuns pentru barba si par 1 buc"},"content":{"rendered":"<p>VARIS Trimmer VT30, 1 buc, Aparate de tuns pentru b\u0103rba\u021bi, V\u0103 m\u00e2ndri\u021bi cu aspectul dvs. perfect \u00eengrijit, \u00een special c\u00e2nd vine vorba de barb\u0103? \u00cencredin\u021ba\u021bi aranjarea ei unei \u00eengrijiri profesionale. Trimmerul pentru barb\u0103 VARIS Trimmer VT30 v\u0103 transform\u0103 baia \u00eentr-o frizerie \u0219i pe dvs. \u00eentr-un frizer experimentat. V\u0103 va tunde barba la lungimea \u0219i forma dorit\u0103 \u00een cel mai scurt timp, astfel \u00eenc\u00e2t s\u0103 pute\u021bi ob\u021bine u\u0219or \u0219i rapid aspectul dorit. Ave\u021bi grij\u0103 de aspectul perfect al fe\u021bei dvs. f\u0103r\u0103 a renun\u021ba la confortul de acas\u0103.  Caracteristici:  form\u0103 ergonomic\u0103 indicator de \u00eenc\u0103rcare tunde eficient p\u0103rul \u0219i barba asigur\u0103 un rezultat profesional motor cu num\u0103r mare de rota\u021bii<\/p>\n","protected":false},"excerpt":{"rendered":"<p>VARIS Trimmer VT30, 1 buc, Aparate de tuns pentru b\u0103rba\u021bi, V\u0103 m\u00e2ndri\u021bi cu aspectul dvs. perfect \u00eengrijit, \u00een special c\u00e2nd vine vorba de barb\u0103? \u00cencredin\u021ba\u021bi aranjarea ei unei \u00eengrijiri profesionale. Trimmerul pentru barb\u0103 VARIS Trimmer VT30 v\u0103 transform\u0103 baia \u00eentr-o frizerie \u0219i pe dvs. \u00eentr-un frizer experimentat. V\u0103 va tunde barba la lungimea \u0219i forma&#8230;<\/p>\n","protected":false},"featured_media":454002,"comment_status":"closed","ping_status":"open","template":"","meta":{"_acf_changed":false,"_kadence_starter_templates_imported_post":false,"_kad_post_transparent":"","_kad_post_title":"","_kad_post_layout":"","_kad_post_sidebar_id":"","_kad_post_content_style":"","_kad_post_vertical_padding":"","_kad_post_feature":"","_kad_post_feature_position":"","_kad_post_header":false,"_kad_post_footer":false,"_kad_post_classname":""},"product_brand":[2933],"product_cat":[1881,1563,2053,1562],"product_tag":[],"class_list":{"0":"post-454001","1":"product","2":"type-product","3":"status-publish","4":"has-post-thumbnail","6":"product_brand-varis","7":"product_cat-barbierit-si-ingrijire","8":"product_cat-ingrijire-personala","9":"product_cat-masini-de-tuns-si-trimmere-de-par","10":"product_cat-sanatate-si-frumusete","11":"pa_gen-male","12":"pa_marime-1-buc","14":"first","15":"instock","16":"sale","17":"product-type-external","18":"entry","19":"content-bg","20":"loop-entry"},"acf":[],"yoast_head":"<!-- This site is optimized with the Yoast SEO plugin v27.4 - https:\/\/yoast.com\/product\/yoast-seo-wordpress\/ -->\n<title>VARIS Trimmer VT30 masina de tuns pentru barba si par 1 buc - SHOPATOA.COM<\/title>\n<meta name=\"robots\" content=\"index, follow, max-snippet:-1, max-image-preview:large, max-video-preview:-1\" \/>\n<link rel=\"canonical\" href=\"https:\/\/shopatoa.com\/ro\/varis-trimmer-vt30-masina-de-tuns-pentru-barba-si-par-1-buc\/\" \/>\n<meta property=\"og:locale\" content=\"ro_RO\" \/>\n<meta property=\"og:type\" content=\"article\" \/>\n<meta property=\"og:title\" content=\"VARIS Trimmer VT30 masina de tuns pentru barba si par 1 buc - SHOPATOA.COM\" \/>\n<meta property=\"og:description\" content=\"VARIS Trimmer VT30, 1 buc, Aparate de tuns pentru b\u0103rba\u021bi, V\u0103 m\u00e2ndri\u021bi cu aspectul dvs. perfect \u00eengrijit, \u00een special c\u00e2nd vine vorba de barb\u0103? \u00cencredin\u021ba\u021bi aranjarea ei unei \u00eengrijiri profesionale. Trimmerul pentru barb\u0103 VARIS Trimmer VT30 v\u0103 transform\u0103 baia \u00eentr-o frizerie \u0219i pe dvs. \u00eentr-un frizer experimentat. V\u0103 va tunde barba la lungimea \u0219i forma...\" \/>\n<meta property=\"og:url\" content=\"https:\/\/shopatoa.com\/ro\/varis-trimmer-vt30-masina-de-tuns-pentru-barba-si-par-1-buc\/\" \/>\n<meta property=\"og:site_name\" content=\"SHOPATOA\" \/>\n<meta property=\"article:modified_time\" content=\"2026-02-04T12:17:10+00:00\" \/>\n<meta property=\"og:image\" content=\"https:\/\/storage.googleapis.com\/cz-shopatoa-img\/ro\/f32ecb02-unnamed-file.webp\" \/>\n\t<meta property=\"og:image:width\" content=\"800\" \/>\n\t<meta property=\"og:image:height\" content=\"800\" \/>\n\t<meta property=\"og:image:type\" content=\"image\/webp\" \/>\n<meta name=\"twitter:card\" content=\"summary_large_image\" \/>\n<meta name=\"twitter:label1\" content=\"Timp estimat pentru citire\" \/>\n\t<meta name=\"twitter:data1\" content=\"1 minut\" \/>\n<script type=\"application\/ld+json\" class=\"yoast-schema-graph\">{\"@context\":\"https:\\\/\\\/schema.org\",\"@graph\":[{\"@type\":\"WebPage\",\"@id\":\"https:\\\/\\\/shopatoa.com\\\/ro\\\/varis-trimmer-vt30-masina-de-tuns-pentru-barba-si-par-1-buc\\\/\",\"url\":\"https:\\\/\\\/shopatoa.com\\\/ro\\\/varis-trimmer-vt30-masina-de-tuns-pentru-barba-si-par-1-buc\\\/\",\"name\":\"VARIS Trimmer VT30 masina de tuns pentru barba si par 1 buc - SHOPATOA.COM\",\"isPartOf\":{\"@id\":\"https:\\\/\\\/shopatoa.com\\\/ro\\\/#website\"},\"primaryImageOfPage\":{\"@id\":\"https:\\\/\\\/shopatoa.com\\\/ro\\\/varis-trimmer-vt30-masina-de-tuns-pentru-barba-si-par-1-buc\\\/#primaryimage\"},\"image\":{\"@id\":\"https:\\\/\\\/shopatoa.com\\\/ro\\\/varis-trimmer-vt30-masina-de-tuns-pentru-barba-si-par-1-buc\\\/#primaryimage\"},\"thumbnailUrl\":\"https:\\\/\\\/storage.googleapis.com\\\/cz-shopatoa-img\\\/ro\\\/f32ecb02-unnamed-file.webp\",\"datePublished\":\"2025-06-25T08:13:37+00:00\",\"dateModified\":\"2026-02-04T12:17:10+00:00\",\"breadcrumb\":{\"@id\":\"https:\\\/\\\/shopatoa.com\\\/ro\\\/varis-trimmer-vt30-masina-de-tuns-pentru-barba-si-par-1-buc\\\/#breadcrumb\"},\"inLanguage\":\"ro-RO\",\"potentialAction\":[{\"@type\":\"ReadAction\",\"target\":[\"https:\\\/\\\/shopatoa.com\\\/ro\\\/varis-trimmer-vt30-masina-de-tuns-pentru-barba-si-par-1-buc\\\/\"]}]},{\"@type\":\"ImageObject\",\"inLanguage\":\"ro-RO\",\"@id\":\"https:\\\/\\\/shopatoa.com\\\/ro\\\/varis-trimmer-vt30-masina-de-tuns-pentru-barba-si-par-1-buc\\\/#primaryimage\",\"url\":\"https:\\\/\\\/storage.googleapis.com\\\/cz-shopatoa-img\\\/ro\\\/f32ecb02-unnamed-file.webp\",\"contentUrl\":\"https:\\\/\\\/storage.googleapis.com\\\/cz-shopatoa-img\\\/ro\\\/f32ecb02-unnamed-file.webp\",\"width\":800,\"height\":800},{\"@type\":\"BreadcrumbList\",\"@id\":\"https:\\\/\\\/shopatoa.com\\\/ro\\\/varis-trimmer-vt30-masina-de-tuns-pentru-barba-si-par-1-buc\\\/#breadcrumb\",\"itemListElement\":[{\"@type\":\"ListItem\",\"position\":1,\"name\":\"Dom\u016f\",\"item\":\"https:\\\/\\\/shopatoa.com\\\/ro\\\/\"},{\"@type\":\"ListItem\",\"position\":2,\"name\":\"Shop\",\"item\":\"https:\\\/\\\/shopatoa.com\\\/ro\\\/shop\\\/\"},{\"@type\":\"ListItem\",\"position\":3,\"name\":\"S\u0103n\u0103tate \u0219i frumuse\u021be\",\"item\":\"https:\\\/\\\/shopatoa.com\\\/ro\\\/sanatate-si-frumusete\\\/\"},{\"@type\":\"ListItem\",\"position\":4,\"name\":\"\u00cengrijire personal\u0103\",\"item\":\"https:\\\/\\\/shopatoa.com\\\/ro\\\/ingrijire-personala\\\/\"},{\"@type\":\"ListItem\",\"position\":5,\"name\":\"B\u0103rbierit \u0219i \u00eengrijire\",\"item\":\"https:\\\/\\\/shopatoa.com\\\/ro\\\/barbierit-si-ingrijire\\\/\"},{\"@type\":\"ListItem\",\"position\":6,\"name\":\"Ma\u0219ini de tuns \u0219i trimmere de p\u0103r\",\"item\":\"https:\\\/\\\/shopatoa.com\\\/ro\\\/masini-de-tuns-si-trimmere-de-par\\\/\"},{\"@type\":\"ListItem\",\"position\":7,\"name\":\"VARIS Trimmer VT30 masina de tuns pentru barba si par 1 buc\"}]},{\"@type\":\"WebSite\",\"@id\":\"https:\\\/\\\/shopatoa.com\\\/ro\\\/#website\",\"url\":\"https:\\\/\\\/shopatoa.com\\\/ro\\\/\",\"name\":\"SHOPATOA\",\"description\":\"\",\"publisher\":{\"@id\":\"https:\\\/\\\/shopatoa.com\\\/ro\\\/#organization\"},\"potentialAction\":[{\"@type\":\"SearchAction\",\"target\":{\"@type\":\"EntryPoint\",\"urlTemplate\":\"https:\\\/\\\/shopatoa.com\\\/ro\\\/?s={search_term_string}\"},\"query-input\":{\"@type\":\"PropertyValueSpecification\",\"valueRequired\":true,\"valueName\":\"search_term_string\"}}],\"inLanguage\":\"ro-RO\"},{\"@type\":\"Organization\",\"@id\":\"https:\\\/\\\/shopatoa.com\\\/ro\\\/#organization\",\"name\":\"SHOPATOA\",\"url\":\"https:\\\/\\\/shopatoa.com\\\/ro\\\/\",\"logo\":{\"@type\":\"ImageObject\",\"inLanguage\":\"ro-RO\",\"@id\":\"https:\\\/\\\/shopatoa.com\\\/ro\\\/#\\\/schema\\\/logo\\\/image\\\/\",\"url\":\"https:\\\/\\\/storage.googleapis.com\\\/cz-shopatoa-img\\\/ro\\\/b4dac915-shopatoa_logo.png\",\"contentUrl\":\"https:\\\/\\\/storage.googleapis.com\\\/cz-shopatoa-img\\\/ro\\\/b4dac915-shopatoa_logo.png\",\"width\":416,\"height\":63,\"caption\":\"SHOPATOA\"},\"image\":{\"@id\":\"https:\\\/\\\/shopatoa.com\\\/ro\\\/#\\\/schema\\\/logo\\\/image\\\/\"}}]}<\/script>\n<!-- \/ Yoast SEO plugin. -->","yoast_head_json":{"title":"VARIS Trimmer VT30 masina de tuns pentru barba si par 1 buc - SHOPATOA.COM","robots":{"index":"index","follow":"follow","max-snippet":"max-snippet:-1","max-image-preview":"max-image-preview:large","max-video-preview":"max-video-preview:-1"},"canonical":"https:\/\/shopatoa.com\/ro\/varis-trimmer-vt30-masina-de-tuns-pentru-barba-si-par-1-buc\/","og_locale":"ro_RO","og_type":"article","og_title":"VARIS Trimmer VT30 masina de tuns pentru barba si par 1 buc - SHOPATOA.COM","og_description":"VARIS Trimmer VT30, 1 buc, Aparate de tuns pentru b\u0103rba\u021bi, V\u0103 m\u00e2ndri\u021bi cu aspectul dvs. perfect \u00eengrijit, \u00een special c\u00e2nd vine vorba de barb\u0103? \u00cencredin\u021ba\u021bi aranjarea ei unei \u00eengrijiri profesionale. Trimmerul pentru barb\u0103 VARIS Trimmer VT30 v\u0103 transform\u0103 baia \u00eentr-o frizerie \u0219i pe dvs. \u00eentr-un frizer experimentat. V\u0103 va tunde barba la lungimea \u0219i forma...","og_url":"https:\/\/shopatoa.com\/ro\/varis-trimmer-vt30-masina-de-tuns-pentru-barba-si-par-1-buc\/","og_site_name":"SHOPATOA","article_modified_time":"2026-02-04T12:17:10+00:00","og_image":[{"width":800,"height":800,"url":"https:\/\/storage.googleapis.com\/cz-shopatoa-img\/ro\/f32ecb02-unnamed-file.webp","type":"image\/webp"}],"twitter_card":"summary_large_image","twitter_misc":{"Timp estimat pentru citire":"1 minut"},"schema":{"@context":"https:\/\/schema.org","@graph":[{"@type":"WebPage","@id":"https:\/\/shopatoa.com\/ro\/varis-trimmer-vt30-masina-de-tuns-pentru-barba-si-par-1-buc\/","url":"https:\/\/shopatoa.com\/ro\/varis-trimmer-vt30-masina-de-tuns-pentru-barba-si-par-1-buc\/","name":"VARIS Trimmer VT30 masina de tuns pentru barba si par 1 buc - SHOPATOA.COM","isPartOf":{"@id":"https:\/\/shopatoa.com\/ro\/#website"},"primaryImageOfPage":{"@id":"https:\/\/shopatoa.com\/ro\/varis-trimmer-vt30-masina-de-tuns-pentru-barba-si-par-1-buc\/#primaryimage"},"image":{"@id":"https:\/\/shopatoa.com\/ro\/varis-trimmer-vt30-masina-de-tuns-pentru-barba-si-par-1-buc\/#primaryimage"},"thumbnailUrl":"https:\/\/storage.googleapis.com\/cz-shopatoa-img\/ro\/f32ecb02-unnamed-file.webp","datePublished":"2025-06-25T08:13:37+00:00","dateModified":"2026-02-04T12:17:10+00:00","breadcrumb":{"@id":"https:\/\/shopatoa.com\/ro\/varis-trimmer-vt30-masina-de-tuns-pentru-barba-si-par-1-buc\/#breadcrumb"},"inLanguage":"ro-RO","potentialAction":[{"@type":"ReadAction","target":["https:\/\/shopatoa.com\/ro\/varis-trimmer-vt30-masina-de-tuns-pentru-barba-si-par-1-buc\/"]}]},{"@type":"ImageObject","inLanguage":"ro-RO","@id":"https:\/\/shopatoa.com\/ro\/varis-trimmer-vt30-masina-de-tuns-pentru-barba-si-par-1-buc\/#primaryimage","url":"https:\/\/storage.googleapis.com\/cz-shopatoa-img\/ro\/f32ecb02-unnamed-file.webp","contentUrl":"https:\/\/storage.googleapis.com\/cz-shopatoa-img\/ro\/f32ecb02-unnamed-file.webp","width":800,"height":800},{"@type":"BreadcrumbList","@id":"https:\/\/shopatoa.com\/ro\/varis-trimmer-vt30-masina-de-tuns-pentru-barba-si-par-1-buc\/#breadcrumb","itemListElement":[{"@type":"ListItem","position":1,"name":"Dom\u016f","item":"https:\/\/shopatoa.com\/ro\/"},{"@type":"ListItem","position":2,"name":"Shop","item":"https:\/\/shopatoa.com\/ro\/shop\/"},{"@type":"ListItem","position":3,"name":"S\u0103n\u0103tate \u0219i frumuse\u021be","item":"https:\/\/shopatoa.com\/ro\/sanatate-si-frumusete\/"},{"@type":"ListItem","position":4,"name":"\u00cengrijire personal\u0103","item":"https:\/\/shopatoa.com\/ro\/ingrijire-personala\/"},{"@type":"ListItem","position":5,"name":"B\u0103rbierit \u0219i \u00eengrijire","item":"https:\/\/shopatoa.com\/ro\/barbierit-si-ingrijire\/"},{"@type":"ListItem","position":6,"name":"Ma\u0219ini de tuns \u0219i trimmere de p\u0103r","item":"https:\/\/shopatoa.com\/ro\/masini-de-tuns-si-trimmere-de-par\/"},{"@type":"ListItem","position":7,"name":"VARIS Trimmer VT30 masina de tuns pentru barba si par 1 buc"}]},{"@type":"WebSite","@id":"https:\/\/shopatoa.com\/ro\/#website","url":"https:\/\/shopatoa.com\/ro\/","name":"SHOPATOA","description":"","publisher":{"@id":"https:\/\/shopatoa.com\/ro\/#organization"},"potentialAction":[{"@type":"SearchAction","target":{"@type":"EntryPoint","urlTemplate":"https:\/\/shopatoa.com\/ro\/?s={search_term_string}"},"query-input":{"@type":"PropertyValueSpecification","valueRequired":true,"valueName":"search_term_string"}}],"inLanguage":"ro-RO"},{"@type":"Organization","@id":"https:\/\/shopatoa.com\/ro\/#organization","name":"SHOPATOA","url":"https:\/\/shopatoa.com\/ro\/","logo":{"@type":"ImageObject","inLanguage":"ro-RO","@id":"https:\/\/shopatoa.com\/ro\/#\/schema\/logo\/image\/","url":"https:\/\/storage.googleapis.com\/cz-shopatoa-img\/ro\/b4dac915-shopatoa_logo.png","contentUrl":"https:\/\/storage.googleapis.com\/cz-shopatoa-img\/ro\/b4dac915-shopatoa_logo.png","width":416,"height":63,"caption":"SHOPATOA"},"image":{"@id":"https:\/\/shopatoa.com\/ro\/#\/schema\/logo\/image\/"}}]}},"_links":{"self":[{"href":"https:\/\/shopatoa.com\/ro\/wp-json\/wp\/v2\/product\/454001","targetHints":{"allow":["GET"]}}],"collection":[{"href":"https:\/\/shopatoa.com\/ro\/wp-json\/wp\/v2\/product"}],"about":[{"href":"https:\/\/shopatoa.com\/ro\/wp-json\/wp\/v2\/types\/product"}],"replies":[{"embeddable":true,"href":"https:\/\/shopatoa.com\/ro\/wp-json\/wp\/v2\/comments?post=454001"}],"wp:featuredmedia":[{"embeddable":true,"href":"https:\/\/shopatoa.com\/ro\/wp-json\/wp\/v2\/media\/454002"}],"wp:attachment":[{"href":"https:\/\/shopatoa.com\/ro\/wp-json\/wp\/v2\/media?parent=454001"}],"wp:term":[{"taxonomy":"product_brand","embeddable":true,"href":"https:\/\/shopatoa.com\/ro\/wp-json\/wp\/v2\/product_brand?post=454001"},{"taxonomy":"product_cat","embeddable":true,"href":"https:\/\/shopatoa.com\/ro\/wp-json\/wp\/v2\/product_cat?post=454001"},{"taxonomy":"product_tag","embeddable":true,"href":"https:\/\/shopatoa.com\/ro\/wp-json\/wp\/v2\/product_tag?post=454001"}],"curies":[{"name":"wp","href":"https:\/\/api.w.org\/{rel}","templated":true}]}}