{"id":454025,"date":"2025-06-25T10:15:13","date_gmt":"2025-06-25T08:15:13","guid":{"rendered":"https:\/\/shopatoa.com\/ro\/roc-soleil-protect-anti-brown-spots-unifying-fluid-tinted-lichid-nuantator-pentru-uniformizarea-tenului-spf-50-cu-vitamina-c-50-ml\/"},"modified":"2026-02-04T13:13:11","modified_gmt":"2026-02-04T12:13:11","slug":"roc-soleil-protect-anti-brown-spots-unifying-fluid-tinted-lichid-nuantator-pentru-uniformizarea-tenului-spf-50-cu-vitamina-c-50-ml","status":"publish","type":"product","link":"https:\/\/shopatoa.com\/ro\/roc-soleil-protect-anti-brown-spots-unifying-fluid-tinted-lichid-nuantator-pentru-uniformizarea-tenului-spf-50-cu-vitamina-c-50-ml\/","title":{"rendered":"RoC Soleil Protect Anti Brown Spots Unifying Fluid Tinted lichid nuan\u021bator pentru uniformizarea tenului SPF 50 cu vitamina C 50 ml"},"content":{"rendered":"<p>RoC Soleil Protect Anti Brown Spots Unifying Fluid Tinted, 50 ml, Protec\u021bie contra radia\u021biilor solare pentru femei, Produsul RoC Soleil Protect ofer\u0103 pielii \u00eengrijirea corect\u0103.  Caracteristici:  hidrateaz\u0103 \u0219i hr\u0103ne\u0219te uniformizeaz\u0103 nuan\u021ba pielii reducerea petelor pigmentare protejeaz\u0103 pielea fa\u021b\u0103 de radia\u021biile UVA \u0219i UVB se aplic\u0103 u\u0219or \u0219i nu las\u0103 o pelicul\u0103 gras\u0103 se recomand\u0103 pentru tenul sensibil  Ingrediente:  SPF \u2013 asigur\u0103 protec\u021bie \u00eempotriva radia\u021biilor UV d\u0103un\u0103toare vitamina C \u2013 ofer\u0103 protec\u021bie antioxidant\u0103 \u00eempotriva deterior\u0103rii cauzate de radicalii liberi, combate petele pigmentare, uniformizeaz\u0103 nuan\u021ba \u0219i spore\u0219te aspectul radiant al pielii, favorizeaz\u0103 produc\u021bia de colagen, \u00eencetinind astfel procesul de \u00eemb\u0103tr\u00e2nire  Cum se utilizeaz\u0103: Se aplic\u0103 pe pielea curat\u0103, cu mi\u0219c\u0103ri circulare \u0219i se maseaz\u0103 u\u0219or.<\/p>\n","protected":false},"excerpt":{"rendered":"<p>RoC Soleil Protect Anti Brown Spots Unifying Fluid Tinted, 50 ml, Protec\u021bie contra radia\u021biilor solare pentru femei, Produsul RoC Soleil Protect ofer\u0103 pielii \u00eengrijirea corect\u0103. Caracteristici: hidrateaz\u0103 \u0219i hr\u0103ne\u0219te uniformizeaz\u0103 nuan\u021ba pielii reducerea petelor pigmentare protejeaz\u0103 pielea fa\u021b\u0103 de radia\u021biile UVA \u0219i UVB se aplic\u0103 u\u0219or \u0219i nu las\u0103 o pelicul\u0103 gras\u0103 se recomand\u0103 pentru&#8230;<\/p>\n","protected":false},"featured_media":454026,"comment_status":"closed","ping_status":"open","template":"","meta":{"_acf_changed":false,"_kadence_starter_templates_imported_post":false,"_kad_post_transparent":"","_kad_post_title":"","_kad_post_layout":"","_kad_post_sidebar_id":"","_kad_post_content_style":"","_kad_post_vertical_padding":"","_kad_post_feature":"","_kad_post_feature_position":"","_kad_post_header":false,"_kad_post_footer":false,"_kad_post_classname":""},"product_brand":[2596],"product_cat":[1564,1563,1565,1562],"product_tag":[],"class_list":{"0":"post-454025","1":"product","2":"type-product","3":"status-publish","4":"has-post-thumbnail","6":"product_brand-roc","7":"product_cat-cosmetice-ingrijire-personala","8":"product_cat-ingrijire-personala","9":"product_cat-ingrijirea-pielii","10":"product_cat-sanatate-si-frumusete","11":"pa_gen-female","12":"pa_marime-50-ml","14":"first","15":"instock","16":"sale","17":"product-type-external","18":"entry","19":"content-bg","20":"loop-entry"},"acf":[],"yoast_head":"<!-- This site is optimized with the Yoast SEO plugin v27.4 - https:\/\/yoast.com\/product\/yoast-seo-wordpress\/ -->\n<title>RoC Soleil Protect Anti Brown Spots Unifying Fluid Tinted lichid nuan\u021bator pentru uniformizarea tenului SPF 50 cu vitamina C 50 ml - SHOPATOA.COM<\/title>\n<meta name=\"robots\" content=\"index, follow, max-snippet:-1, max-image-preview:large, max-video-preview:-1\" \/>\n<link rel=\"canonical\" href=\"https:\/\/shopatoa.com\/ro\/roc-soleil-protect-anti-brown-spots-unifying-fluid-tinted-lichid-nuantator-pentru-uniformizarea-tenului-spf-50-cu-vitamina-c-50-ml\/\" \/>\n<meta property=\"og:locale\" content=\"ro_RO\" \/>\n<meta property=\"og:type\" content=\"article\" \/>\n<meta property=\"og:title\" content=\"RoC Soleil Protect Anti Brown Spots Unifying Fluid Tinted lichid nuan\u021bator pentru uniformizarea tenului SPF 50 cu vitamina C 50 ml - SHOPATOA.COM\" \/>\n<meta property=\"og:description\" content=\"RoC Soleil Protect Anti Brown Spots Unifying Fluid Tinted, 50 ml, Protec\u021bie contra radia\u021biilor solare pentru femei, Produsul RoC Soleil Protect ofer\u0103 pielii \u00eengrijirea corect\u0103. Caracteristici: hidrateaz\u0103 \u0219i hr\u0103ne\u0219te uniformizeaz\u0103 nuan\u021ba pielii reducerea petelor pigmentare protejeaz\u0103 pielea fa\u021b\u0103 de radia\u021biile UVA \u0219i UVB se aplic\u0103 u\u0219or \u0219i nu las\u0103 o pelicul\u0103 gras\u0103 se recomand\u0103 pentru...\" \/>\n<meta property=\"og:url\" content=\"https:\/\/shopatoa.com\/ro\/roc-soleil-protect-anti-brown-spots-unifying-fluid-tinted-lichid-nuantator-pentru-uniformizarea-tenului-spf-50-cu-vitamina-c-50-ml\/\" \/>\n<meta property=\"og:site_name\" content=\"SHOPATOA\" \/>\n<meta property=\"article:modified_time\" content=\"2026-02-04T12:13:11+00:00\" \/>\n<meta property=\"og:image\" content=\"https:\/\/storage.googleapis.com\/cz-shopatoa-img\/ro\/0b24c9f5-unnamed-file.webp\" \/>\n\t<meta property=\"og:image:width\" content=\"800\" \/>\n\t<meta property=\"og:image:height\" content=\"800\" \/>\n\t<meta property=\"og:image:type\" content=\"image\/webp\" \/>\n<meta name=\"twitter:card\" content=\"summary_large_image\" \/>\n<meta name=\"twitter:label1\" content=\"Timp estimat pentru citire\" \/>\n\t<meta name=\"twitter:data1\" content=\"1 minut\" \/>\n<script type=\"application\/ld+json\" class=\"yoast-schema-graph\">{\"@context\":\"https:\\\/\\\/schema.org\",\"@graph\":[{\"@type\":\"WebPage\",\"@id\":\"https:\\\/\\\/shopatoa.com\\\/ro\\\/roc-soleil-protect-anti-brown-spots-unifying-fluid-tinted-lichid-nuantator-pentru-uniformizarea-tenului-spf-50-cu-vitamina-c-50-ml\\\/\",\"url\":\"https:\\\/\\\/shopatoa.com\\\/ro\\\/roc-soleil-protect-anti-brown-spots-unifying-fluid-tinted-lichid-nuantator-pentru-uniformizarea-tenului-spf-50-cu-vitamina-c-50-ml\\\/\",\"name\":\"RoC Soleil Protect Anti Brown Spots Unifying Fluid Tinted lichid nuan\u021bator pentru uniformizarea tenului SPF 50 cu vitamina C 50 ml - SHOPATOA.COM\",\"isPartOf\":{\"@id\":\"https:\\\/\\\/shopatoa.com\\\/ro\\\/#website\"},\"primaryImageOfPage\":{\"@id\":\"https:\\\/\\\/shopatoa.com\\\/ro\\\/roc-soleil-protect-anti-brown-spots-unifying-fluid-tinted-lichid-nuantator-pentru-uniformizarea-tenului-spf-50-cu-vitamina-c-50-ml\\\/#primaryimage\"},\"image\":{\"@id\":\"https:\\\/\\\/shopatoa.com\\\/ro\\\/roc-soleil-protect-anti-brown-spots-unifying-fluid-tinted-lichid-nuantator-pentru-uniformizarea-tenului-spf-50-cu-vitamina-c-50-ml\\\/#primaryimage\"},\"thumbnailUrl\":\"https:\\\/\\\/storage.googleapis.com\\\/cz-shopatoa-img\\\/ro\\\/0b24c9f5-unnamed-file.webp\",\"datePublished\":\"2025-06-25T08:15:13+00:00\",\"dateModified\":\"2026-02-04T12:13:11+00:00\",\"breadcrumb\":{\"@id\":\"https:\\\/\\\/shopatoa.com\\\/ro\\\/roc-soleil-protect-anti-brown-spots-unifying-fluid-tinted-lichid-nuantator-pentru-uniformizarea-tenului-spf-50-cu-vitamina-c-50-ml\\\/#breadcrumb\"},\"inLanguage\":\"ro-RO\",\"potentialAction\":[{\"@type\":\"ReadAction\",\"target\":[\"https:\\\/\\\/shopatoa.com\\\/ro\\\/roc-soleil-protect-anti-brown-spots-unifying-fluid-tinted-lichid-nuantator-pentru-uniformizarea-tenului-spf-50-cu-vitamina-c-50-ml\\\/\"]}]},{\"@type\":\"ImageObject\",\"inLanguage\":\"ro-RO\",\"@id\":\"https:\\\/\\\/shopatoa.com\\\/ro\\\/roc-soleil-protect-anti-brown-spots-unifying-fluid-tinted-lichid-nuantator-pentru-uniformizarea-tenului-spf-50-cu-vitamina-c-50-ml\\\/#primaryimage\",\"url\":\"https:\\\/\\\/storage.googleapis.com\\\/cz-shopatoa-img\\\/ro\\\/0b24c9f5-unnamed-file.webp\",\"contentUrl\":\"https:\\\/\\\/storage.googleapis.com\\\/cz-shopatoa-img\\\/ro\\\/0b24c9f5-unnamed-file.webp\",\"width\":800,\"height\":800},{\"@type\":\"BreadcrumbList\",\"@id\":\"https:\\\/\\\/shopatoa.com\\\/ro\\\/roc-soleil-protect-anti-brown-spots-unifying-fluid-tinted-lichid-nuantator-pentru-uniformizarea-tenului-spf-50-cu-vitamina-c-50-ml\\\/#breadcrumb\",\"itemListElement\":[{\"@type\":\"ListItem\",\"position\":1,\"name\":\"Dom\u016f\",\"item\":\"https:\\\/\\\/shopatoa.com\\\/ro\\\/\"},{\"@type\":\"ListItem\",\"position\":2,\"name\":\"Shop\",\"item\":\"https:\\\/\\\/shopatoa.com\\\/ro\\\/shop\\\/\"},{\"@type\":\"ListItem\",\"position\":3,\"name\":\"S\u0103n\u0103tate \u0219i frumuse\u021be\",\"item\":\"https:\\\/\\\/shopatoa.com\\\/ro\\\/sanatate-si-frumusete\\\/\"},{\"@type\":\"ListItem\",\"position\":4,\"name\":\"\u00cengrijire personal\u0103\",\"item\":\"https:\\\/\\\/shopatoa.com\\\/ro\\\/ingrijire-personala\\\/\"},{\"@type\":\"ListItem\",\"position\":5,\"name\":\"Cosmetice\",\"item\":\"https:\\\/\\\/shopatoa.com\\\/ro\\\/cosmetice-ingrijire-personala\\\/\"},{\"@type\":\"ListItem\",\"position\":6,\"name\":\"\u00cengrijirea pielii\",\"item\":\"https:\\\/\\\/shopatoa.com\\\/ro\\\/ingrijirea-pielii\\\/\"},{\"@type\":\"ListItem\",\"position\":7,\"name\":\"RoC Soleil Protect Anti Brown Spots Unifying Fluid Tinted lichid nuan\u021bator pentru uniformizarea tenului SPF 50 cu vitamina C 50 ml\"}]},{\"@type\":\"WebSite\",\"@id\":\"https:\\\/\\\/shopatoa.com\\\/ro\\\/#website\",\"url\":\"https:\\\/\\\/shopatoa.com\\\/ro\\\/\",\"name\":\"SHOPATOA\",\"description\":\"\",\"publisher\":{\"@id\":\"https:\\\/\\\/shopatoa.com\\\/ro\\\/#organization\"},\"potentialAction\":[{\"@type\":\"SearchAction\",\"target\":{\"@type\":\"EntryPoint\",\"urlTemplate\":\"https:\\\/\\\/shopatoa.com\\\/ro\\\/?s={search_term_string}\"},\"query-input\":{\"@type\":\"PropertyValueSpecification\",\"valueRequired\":true,\"valueName\":\"search_term_string\"}}],\"inLanguage\":\"ro-RO\"},{\"@type\":\"Organization\",\"@id\":\"https:\\\/\\\/shopatoa.com\\\/ro\\\/#organization\",\"name\":\"SHOPATOA\",\"url\":\"https:\\\/\\\/shopatoa.com\\\/ro\\\/\",\"logo\":{\"@type\":\"ImageObject\",\"inLanguage\":\"ro-RO\",\"@id\":\"https:\\\/\\\/shopatoa.com\\\/ro\\\/#\\\/schema\\\/logo\\\/image\\\/\",\"url\":\"https:\\\/\\\/storage.googleapis.com\\\/cz-shopatoa-img\\\/ro\\\/b4dac915-shopatoa_logo.png\",\"contentUrl\":\"https:\\\/\\\/storage.googleapis.com\\\/cz-shopatoa-img\\\/ro\\\/b4dac915-shopatoa_logo.png\",\"width\":416,\"height\":63,\"caption\":\"SHOPATOA\"},\"image\":{\"@id\":\"https:\\\/\\\/shopatoa.com\\\/ro\\\/#\\\/schema\\\/logo\\\/image\\\/\"}}]}<\/script>\n<!-- \/ Yoast SEO plugin. -->","yoast_head_json":{"title":"RoC Soleil Protect Anti Brown Spots Unifying Fluid Tinted lichid nuan\u021bator pentru uniformizarea tenului SPF 50 cu vitamina C 50 ml - SHOPATOA.COM","robots":{"index":"index","follow":"follow","max-snippet":"max-snippet:-1","max-image-preview":"max-image-preview:large","max-video-preview":"max-video-preview:-1"},"canonical":"https:\/\/shopatoa.com\/ro\/roc-soleil-protect-anti-brown-spots-unifying-fluid-tinted-lichid-nuantator-pentru-uniformizarea-tenului-spf-50-cu-vitamina-c-50-ml\/","og_locale":"ro_RO","og_type":"article","og_title":"RoC Soleil Protect Anti Brown Spots Unifying Fluid Tinted lichid nuan\u021bator pentru uniformizarea tenului SPF 50 cu vitamina C 50 ml - SHOPATOA.COM","og_description":"RoC Soleil Protect Anti Brown Spots Unifying Fluid Tinted, 50 ml, Protec\u021bie contra radia\u021biilor solare pentru femei, Produsul RoC Soleil Protect ofer\u0103 pielii \u00eengrijirea corect\u0103. Caracteristici: hidrateaz\u0103 \u0219i hr\u0103ne\u0219te uniformizeaz\u0103 nuan\u021ba pielii reducerea petelor pigmentare protejeaz\u0103 pielea fa\u021b\u0103 de radia\u021biile UVA \u0219i UVB se aplic\u0103 u\u0219or \u0219i nu las\u0103 o pelicul\u0103 gras\u0103 se recomand\u0103 pentru...","og_url":"https:\/\/shopatoa.com\/ro\/roc-soleil-protect-anti-brown-spots-unifying-fluid-tinted-lichid-nuantator-pentru-uniformizarea-tenului-spf-50-cu-vitamina-c-50-ml\/","og_site_name":"SHOPATOA","article_modified_time":"2026-02-04T12:13:11+00:00","og_image":[{"width":800,"height":800,"url":"https:\/\/storage.googleapis.com\/cz-shopatoa-img\/ro\/0b24c9f5-unnamed-file.webp","type":"image\/webp"}],"twitter_card":"summary_large_image","twitter_misc":{"Timp estimat pentru citire":"1 minut"},"schema":{"@context":"https:\/\/schema.org","@graph":[{"@type":"WebPage","@id":"https:\/\/shopatoa.com\/ro\/roc-soleil-protect-anti-brown-spots-unifying-fluid-tinted-lichid-nuantator-pentru-uniformizarea-tenului-spf-50-cu-vitamina-c-50-ml\/","url":"https:\/\/shopatoa.com\/ro\/roc-soleil-protect-anti-brown-spots-unifying-fluid-tinted-lichid-nuantator-pentru-uniformizarea-tenului-spf-50-cu-vitamina-c-50-ml\/","name":"RoC Soleil Protect Anti Brown Spots Unifying Fluid Tinted lichid nuan\u021bator pentru uniformizarea tenului SPF 50 cu vitamina C 50 ml - SHOPATOA.COM","isPartOf":{"@id":"https:\/\/shopatoa.com\/ro\/#website"},"primaryImageOfPage":{"@id":"https:\/\/shopatoa.com\/ro\/roc-soleil-protect-anti-brown-spots-unifying-fluid-tinted-lichid-nuantator-pentru-uniformizarea-tenului-spf-50-cu-vitamina-c-50-ml\/#primaryimage"},"image":{"@id":"https:\/\/shopatoa.com\/ro\/roc-soleil-protect-anti-brown-spots-unifying-fluid-tinted-lichid-nuantator-pentru-uniformizarea-tenului-spf-50-cu-vitamina-c-50-ml\/#primaryimage"},"thumbnailUrl":"https:\/\/storage.googleapis.com\/cz-shopatoa-img\/ro\/0b24c9f5-unnamed-file.webp","datePublished":"2025-06-25T08:15:13+00:00","dateModified":"2026-02-04T12:13:11+00:00","breadcrumb":{"@id":"https:\/\/shopatoa.com\/ro\/roc-soleil-protect-anti-brown-spots-unifying-fluid-tinted-lichid-nuantator-pentru-uniformizarea-tenului-spf-50-cu-vitamina-c-50-ml\/#breadcrumb"},"inLanguage":"ro-RO","potentialAction":[{"@type":"ReadAction","target":["https:\/\/shopatoa.com\/ro\/roc-soleil-protect-anti-brown-spots-unifying-fluid-tinted-lichid-nuantator-pentru-uniformizarea-tenului-spf-50-cu-vitamina-c-50-ml\/"]}]},{"@type":"ImageObject","inLanguage":"ro-RO","@id":"https:\/\/shopatoa.com\/ro\/roc-soleil-protect-anti-brown-spots-unifying-fluid-tinted-lichid-nuantator-pentru-uniformizarea-tenului-spf-50-cu-vitamina-c-50-ml\/#primaryimage","url":"https:\/\/storage.googleapis.com\/cz-shopatoa-img\/ro\/0b24c9f5-unnamed-file.webp","contentUrl":"https:\/\/storage.googleapis.com\/cz-shopatoa-img\/ro\/0b24c9f5-unnamed-file.webp","width":800,"height":800},{"@type":"BreadcrumbList","@id":"https:\/\/shopatoa.com\/ro\/roc-soleil-protect-anti-brown-spots-unifying-fluid-tinted-lichid-nuantator-pentru-uniformizarea-tenului-spf-50-cu-vitamina-c-50-ml\/#breadcrumb","itemListElement":[{"@type":"ListItem","position":1,"name":"Dom\u016f","item":"https:\/\/shopatoa.com\/ro\/"},{"@type":"ListItem","position":2,"name":"Shop","item":"https:\/\/shopatoa.com\/ro\/shop\/"},{"@type":"ListItem","position":3,"name":"S\u0103n\u0103tate \u0219i frumuse\u021be","item":"https:\/\/shopatoa.com\/ro\/sanatate-si-frumusete\/"},{"@type":"ListItem","position":4,"name":"\u00cengrijire personal\u0103","item":"https:\/\/shopatoa.com\/ro\/ingrijire-personala\/"},{"@type":"ListItem","position":5,"name":"Cosmetice","item":"https:\/\/shopatoa.com\/ro\/cosmetice-ingrijire-personala\/"},{"@type":"ListItem","position":6,"name":"\u00cengrijirea pielii","item":"https:\/\/shopatoa.com\/ro\/ingrijirea-pielii\/"},{"@type":"ListItem","position":7,"name":"RoC Soleil Protect Anti Brown Spots Unifying Fluid Tinted lichid nuan\u021bator pentru uniformizarea tenului SPF 50 cu vitamina C 50 ml"}]},{"@type":"WebSite","@id":"https:\/\/shopatoa.com\/ro\/#website","url":"https:\/\/shopatoa.com\/ro\/","name":"SHOPATOA","description":"","publisher":{"@id":"https:\/\/shopatoa.com\/ro\/#organization"},"potentialAction":[{"@type":"SearchAction","target":{"@type":"EntryPoint","urlTemplate":"https:\/\/shopatoa.com\/ro\/?s={search_term_string}"},"query-input":{"@type":"PropertyValueSpecification","valueRequired":true,"valueName":"search_term_string"}}],"inLanguage":"ro-RO"},{"@type":"Organization","@id":"https:\/\/shopatoa.com\/ro\/#organization","name":"SHOPATOA","url":"https:\/\/shopatoa.com\/ro\/","logo":{"@type":"ImageObject","inLanguage":"ro-RO","@id":"https:\/\/shopatoa.com\/ro\/#\/schema\/logo\/image\/","url":"https:\/\/storage.googleapis.com\/cz-shopatoa-img\/ro\/b4dac915-shopatoa_logo.png","contentUrl":"https:\/\/storage.googleapis.com\/cz-shopatoa-img\/ro\/b4dac915-shopatoa_logo.png","width":416,"height":63,"caption":"SHOPATOA"},"image":{"@id":"https:\/\/shopatoa.com\/ro\/#\/schema\/logo\/image\/"}}]}},"_links":{"self":[{"href":"https:\/\/shopatoa.com\/ro\/wp-json\/wp\/v2\/product\/454025","targetHints":{"allow":["GET"]}}],"collection":[{"href":"https:\/\/shopatoa.com\/ro\/wp-json\/wp\/v2\/product"}],"about":[{"href":"https:\/\/shopatoa.com\/ro\/wp-json\/wp\/v2\/types\/product"}],"replies":[{"embeddable":true,"href":"https:\/\/shopatoa.com\/ro\/wp-json\/wp\/v2\/comments?post=454025"}],"wp:featuredmedia":[{"embeddable":true,"href":"https:\/\/shopatoa.com\/ro\/wp-json\/wp\/v2\/media\/454026"}],"wp:attachment":[{"href":"https:\/\/shopatoa.com\/ro\/wp-json\/wp\/v2\/media?parent=454025"}],"wp:term":[{"taxonomy":"product_brand","embeddable":true,"href":"https:\/\/shopatoa.com\/ro\/wp-json\/wp\/v2\/product_brand?post=454025"},{"taxonomy":"product_cat","embeddable":true,"href":"https:\/\/shopatoa.com\/ro\/wp-json\/wp\/v2\/product_cat?post=454025"},{"taxonomy":"product_tag","embeddable":true,"href":"https:\/\/shopatoa.com\/ro\/wp-json\/wp\/v2\/product_tag?post=454025"}],"curies":[{"name":"wp","href":"https:\/\/api.w.org\/{rel}","templated":true}]}}