{"id":454087,"date":"2025-06-25T10:20:38","date_gmt":"2025-06-25T08:20:38","guid":{"rendered":"https:\/\/shopatoa.com\/ro\/michael-kors-pour-homme-set-cadou-pentru-barbati-pro-muze\/"},"modified":"2025-06-25T10:21:42","modified_gmt":"2025-06-25T08:21:42","slug":"michael-kors-pour-homme-set-cadou-pentru-barbati-pro-muze","status":"publish","type":"product","link":"https:\/\/shopatoa.com\/ro\/michael-kors-pour-homme-set-cadou-pentru-barbati-pro-muze\/","title":{"rendered":"Michael Kors Pour Homme set cadou pentru b\u0103rba\u021bi pro mu\u017ee"},"content":{"rendered":"<p>Michael Kors Pour Homme, Seturi pentru b\u0103rba\u021bi pentru b\u0103rba\u021bi, Nu v\u0103 pute\u021bi decide ce parfum vi se potrive\u0219te cel mai bine? Setul Michael Kors Pour Homme de parfumuri pentru b\u0103rba\u021bi con\u021bine miniaturile mai multor parfumuri b\u0103rb\u0103te\u0219ti, datorit\u0103 c\u0103rora pute\u021bi mirosi altfel \u00een fiecare zi. Pe care-l ve\u021bi testa primul \u0219i care v\u0103 va cuceri inima?  Caracteristici:  parfumul \u00een set cadou aduce mai mult\u0103 bucurie bucur\u0103 orice b\u0103rbat  Setul con\u021bine:   Michael Kors Pour Homme Eau de Parfum 100 ml  gel parfumat pentru du\u0219 100 ml balsam dup\u0103 b\u0103rbierit 100 ml spray pentru voiaj 10 ml<\/p>\n","protected":false},"excerpt":{"rendered":"<p>Michael Kors Pour Homme, Seturi pentru b\u0103rba\u021bi pentru b\u0103rba\u021bi, Nu v\u0103 pute\u021bi decide ce parfum vi se potrive\u0219te cel mai bine? Setul Michael Kors Pour Homme de parfumuri pentru b\u0103rba\u021bi con\u021bine miniaturile mai multor parfumuri b\u0103rb\u0103te\u0219ti, datorit\u0103 c\u0103rora pute\u021bi mirosi altfel \u00een fiecare zi. Pe care-l ve\u021bi testa primul \u0219i care v\u0103 va cuceri inima?&#8230;<\/p>\n","protected":false},"featured_media":454088,"comment_status":"closed","ping_status":"open","template":"","meta":{"_acf_changed":false,"_kadence_starter_templates_imported_post":false,"_kad_post_transparent":"","_kad_post_title":"","_kad_post_layout":"","_kad_post_sidebar_id":"","_kad_post_content_style":"","_kad_post_vertical_padding":"","_kad_post_feature":"","_kad_post_feature_position":"","_kad_post_header":false,"_kad_post_footer":false,"_kad_post_classname":""},"product_brand":[206],"product_cat":[1564,1563,1562,1651],"product_tag":[],"class_list":{"0":"post-454087","1":"product","2":"type-product","3":"status-publish","4":"has-post-thumbnail","6":"product_brand-michael-kors","7":"product_cat-cosmetice-ingrijire-personala","8":"product_cat-ingrijire-personala","9":"product_cat-sanatate-si-frumusete","10":"product_cat-seturi-cosmetice","11":"pa_gen-male","13":"first","14":"instock","15":"product-type-external","16":"entry","17":"content-bg","18":"loop-entry"},"acf":[],"yoast_head":"<!-- This site is optimized with the Yoast SEO plugin v27.4 - https:\/\/yoast.com\/product\/yoast-seo-wordpress\/ -->\n<title>Michael Kors Pour Homme set cadou pentru b\u0103rba\u021bi pro mu\u017ee - SHOPATOA.COM<\/title>\n<meta name=\"robots\" content=\"index, follow, max-snippet:-1, max-image-preview:large, max-video-preview:-1\" \/>\n<link rel=\"canonical\" href=\"https:\/\/shopatoa.com\/ro\/michael-kors-pour-homme-set-cadou-pentru-barbati-pro-muze\/\" \/>\n<meta property=\"og:locale\" content=\"ro_RO\" \/>\n<meta property=\"og:type\" content=\"article\" \/>\n<meta property=\"og:title\" content=\"Michael Kors Pour Homme set cadou pentru b\u0103rba\u021bi pro mu\u017ee - SHOPATOA.COM\" \/>\n<meta property=\"og:description\" content=\"Michael Kors Pour Homme, Seturi pentru b\u0103rba\u021bi pentru b\u0103rba\u021bi, Nu v\u0103 pute\u021bi decide ce parfum vi se potrive\u0219te cel mai bine? Setul Michael Kors Pour Homme de parfumuri pentru b\u0103rba\u021bi con\u021bine miniaturile mai multor parfumuri b\u0103rb\u0103te\u0219ti, datorit\u0103 c\u0103rora pute\u021bi mirosi altfel \u00een fiecare zi. Pe care-l ve\u021bi testa primul \u0219i care v\u0103 va cuceri inima?...\" \/>\n<meta property=\"og:url\" content=\"https:\/\/shopatoa.com\/ro\/michael-kors-pour-homme-set-cadou-pentru-barbati-pro-muze\/\" \/>\n<meta property=\"og:site_name\" content=\"SHOPATOA\" \/>\n<meta property=\"article:modified_time\" content=\"2025-06-25T08:21:42+00:00\" \/>\n<meta property=\"og:image\" content=\"https:\/\/storage.googleapis.com\/cz-shopatoa-img\/ro\/ed0e8a01-unnamed-file.webp\" \/>\n\t<meta property=\"og:image:width\" content=\"800\" \/>\n\t<meta property=\"og:image:height\" content=\"800\" \/>\n\t<meta property=\"og:image:type\" content=\"image\/webp\" \/>\n<meta name=\"twitter:card\" content=\"summary_large_image\" \/>\n<meta name=\"twitter:label1\" content=\"Timp estimat pentru citire\" \/>\n\t<meta name=\"twitter:data1\" content=\"1 minut\" \/>\n<script type=\"application\/ld+json\" class=\"yoast-schema-graph\">{\"@context\":\"https:\\\/\\\/schema.org\",\"@graph\":[{\"@type\":\"WebPage\",\"@id\":\"https:\\\/\\\/shopatoa.com\\\/ro\\\/michael-kors-pour-homme-set-cadou-pentru-barbati-pro-muze\\\/\",\"url\":\"https:\\\/\\\/shopatoa.com\\\/ro\\\/michael-kors-pour-homme-set-cadou-pentru-barbati-pro-muze\\\/\",\"name\":\"Michael Kors Pour Homme set cadou pentru b\u0103rba\u021bi pro mu\u017ee - SHOPATOA.COM\",\"isPartOf\":{\"@id\":\"https:\\\/\\\/shopatoa.com\\\/ro\\\/#website\"},\"primaryImageOfPage\":{\"@id\":\"https:\\\/\\\/shopatoa.com\\\/ro\\\/michael-kors-pour-homme-set-cadou-pentru-barbati-pro-muze\\\/#primaryimage\"},\"image\":{\"@id\":\"https:\\\/\\\/shopatoa.com\\\/ro\\\/michael-kors-pour-homme-set-cadou-pentru-barbati-pro-muze\\\/#primaryimage\"},\"thumbnailUrl\":\"https:\\\/\\\/storage.googleapis.com\\\/cz-shopatoa-img\\\/ro\\\/ed0e8a01-unnamed-file.webp\",\"datePublished\":\"2025-06-25T08:20:38+00:00\",\"dateModified\":\"2025-06-25T08:21:42+00:00\",\"breadcrumb\":{\"@id\":\"https:\\\/\\\/shopatoa.com\\\/ro\\\/michael-kors-pour-homme-set-cadou-pentru-barbati-pro-muze\\\/#breadcrumb\"},\"inLanguage\":\"ro-RO\",\"potentialAction\":[{\"@type\":\"ReadAction\",\"target\":[\"https:\\\/\\\/shopatoa.com\\\/ro\\\/michael-kors-pour-homme-set-cadou-pentru-barbati-pro-muze\\\/\"]}]},{\"@type\":\"ImageObject\",\"inLanguage\":\"ro-RO\",\"@id\":\"https:\\\/\\\/shopatoa.com\\\/ro\\\/michael-kors-pour-homme-set-cadou-pentru-barbati-pro-muze\\\/#primaryimage\",\"url\":\"https:\\\/\\\/storage.googleapis.com\\\/cz-shopatoa-img\\\/ro\\\/ed0e8a01-unnamed-file.webp\",\"contentUrl\":\"https:\\\/\\\/storage.googleapis.com\\\/cz-shopatoa-img\\\/ro\\\/ed0e8a01-unnamed-file.webp\",\"width\":800,\"height\":800},{\"@type\":\"BreadcrumbList\",\"@id\":\"https:\\\/\\\/shopatoa.com\\\/ro\\\/michael-kors-pour-homme-set-cadou-pentru-barbati-pro-muze\\\/#breadcrumb\",\"itemListElement\":[{\"@type\":\"ListItem\",\"position\":1,\"name\":\"Dom\u016f\",\"item\":\"https:\\\/\\\/shopatoa.com\\\/ro\\\/\"},{\"@type\":\"ListItem\",\"position\":2,\"name\":\"Shop\",\"item\":\"https:\\\/\\\/shopatoa.com\\\/ro\\\/shop\\\/\"},{\"@type\":\"ListItem\",\"position\":3,\"name\":\"Michael Kors Pour Homme set cadou pentru b\u0103rba\u021bi pro mu\u017ee\"}]},{\"@type\":\"WebSite\",\"@id\":\"https:\\\/\\\/shopatoa.com\\\/ro\\\/#website\",\"url\":\"https:\\\/\\\/shopatoa.com\\\/ro\\\/\",\"name\":\"SHOPATOA\",\"description\":\"\",\"publisher\":{\"@id\":\"https:\\\/\\\/shopatoa.com\\\/ro\\\/#organization\"},\"potentialAction\":[{\"@type\":\"SearchAction\",\"target\":{\"@type\":\"EntryPoint\",\"urlTemplate\":\"https:\\\/\\\/shopatoa.com\\\/ro\\\/?s={search_term_string}\"},\"query-input\":{\"@type\":\"PropertyValueSpecification\",\"valueRequired\":true,\"valueName\":\"search_term_string\"}}],\"inLanguage\":\"ro-RO\"},{\"@type\":\"Organization\",\"@id\":\"https:\\\/\\\/shopatoa.com\\\/ro\\\/#organization\",\"name\":\"SHOPATOA\",\"url\":\"https:\\\/\\\/shopatoa.com\\\/ro\\\/\",\"logo\":{\"@type\":\"ImageObject\",\"inLanguage\":\"ro-RO\",\"@id\":\"https:\\\/\\\/shopatoa.com\\\/ro\\\/#\\\/schema\\\/logo\\\/image\\\/\",\"url\":\"https:\\\/\\\/storage.googleapis.com\\\/cz-shopatoa-img\\\/ro\\\/b4dac915-shopatoa_logo.png\",\"contentUrl\":\"https:\\\/\\\/storage.googleapis.com\\\/cz-shopatoa-img\\\/ro\\\/b4dac915-shopatoa_logo.png\",\"width\":416,\"height\":63,\"caption\":\"SHOPATOA\"},\"image\":{\"@id\":\"https:\\\/\\\/shopatoa.com\\\/ro\\\/#\\\/schema\\\/logo\\\/image\\\/\"}}]}<\/script>\n<!-- \/ Yoast SEO plugin. -->","yoast_head_json":{"title":"Michael Kors Pour Homme set cadou pentru b\u0103rba\u021bi pro mu\u017ee - SHOPATOA.COM","robots":{"index":"index","follow":"follow","max-snippet":"max-snippet:-1","max-image-preview":"max-image-preview:large","max-video-preview":"max-video-preview:-1"},"canonical":"https:\/\/shopatoa.com\/ro\/michael-kors-pour-homme-set-cadou-pentru-barbati-pro-muze\/","og_locale":"ro_RO","og_type":"article","og_title":"Michael Kors Pour Homme set cadou pentru b\u0103rba\u021bi pro mu\u017ee - SHOPATOA.COM","og_description":"Michael Kors Pour Homme, Seturi pentru b\u0103rba\u021bi pentru b\u0103rba\u021bi, Nu v\u0103 pute\u021bi decide ce parfum vi se potrive\u0219te cel mai bine? Setul Michael Kors Pour Homme de parfumuri pentru b\u0103rba\u021bi con\u021bine miniaturile mai multor parfumuri b\u0103rb\u0103te\u0219ti, datorit\u0103 c\u0103rora pute\u021bi mirosi altfel \u00een fiecare zi. Pe care-l ve\u021bi testa primul \u0219i care v\u0103 va cuceri inima?...","og_url":"https:\/\/shopatoa.com\/ro\/michael-kors-pour-homme-set-cadou-pentru-barbati-pro-muze\/","og_site_name":"SHOPATOA","article_modified_time":"2025-06-25T08:21:42+00:00","og_image":[{"width":800,"height":800,"url":"https:\/\/storage.googleapis.com\/cz-shopatoa-img\/ro\/ed0e8a01-unnamed-file.webp","type":"image\/webp"}],"twitter_card":"summary_large_image","twitter_misc":{"Timp estimat pentru citire":"1 minut"},"schema":{"@context":"https:\/\/schema.org","@graph":[{"@type":"WebPage","@id":"https:\/\/shopatoa.com\/ro\/michael-kors-pour-homme-set-cadou-pentru-barbati-pro-muze\/","url":"https:\/\/shopatoa.com\/ro\/michael-kors-pour-homme-set-cadou-pentru-barbati-pro-muze\/","name":"Michael Kors Pour Homme set cadou pentru b\u0103rba\u021bi pro mu\u017ee - SHOPATOA.COM","isPartOf":{"@id":"https:\/\/shopatoa.com\/ro\/#website"},"primaryImageOfPage":{"@id":"https:\/\/shopatoa.com\/ro\/michael-kors-pour-homme-set-cadou-pentru-barbati-pro-muze\/#primaryimage"},"image":{"@id":"https:\/\/shopatoa.com\/ro\/michael-kors-pour-homme-set-cadou-pentru-barbati-pro-muze\/#primaryimage"},"thumbnailUrl":"https:\/\/storage.googleapis.com\/cz-shopatoa-img\/ro\/ed0e8a01-unnamed-file.webp","datePublished":"2025-06-25T08:20:38+00:00","dateModified":"2025-06-25T08:21:42+00:00","breadcrumb":{"@id":"https:\/\/shopatoa.com\/ro\/michael-kors-pour-homme-set-cadou-pentru-barbati-pro-muze\/#breadcrumb"},"inLanguage":"ro-RO","potentialAction":[{"@type":"ReadAction","target":["https:\/\/shopatoa.com\/ro\/michael-kors-pour-homme-set-cadou-pentru-barbati-pro-muze\/"]}]},{"@type":"ImageObject","inLanguage":"ro-RO","@id":"https:\/\/shopatoa.com\/ro\/michael-kors-pour-homme-set-cadou-pentru-barbati-pro-muze\/#primaryimage","url":"https:\/\/storage.googleapis.com\/cz-shopatoa-img\/ro\/ed0e8a01-unnamed-file.webp","contentUrl":"https:\/\/storage.googleapis.com\/cz-shopatoa-img\/ro\/ed0e8a01-unnamed-file.webp","width":800,"height":800},{"@type":"BreadcrumbList","@id":"https:\/\/shopatoa.com\/ro\/michael-kors-pour-homme-set-cadou-pentru-barbati-pro-muze\/#breadcrumb","itemListElement":[{"@type":"ListItem","position":1,"name":"Dom\u016f","item":"https:\/\/shopatoa.com\/ro\/"},{"@type":"ListItem","position":2,"name":"Shop","item":"https:\/\/shopatoa.com\/ro\/shop\/"},{"@type":"ListItem","position":3,"name":"Michael Kors Pour Homme set cadou pentru b\u0103rba\u021bi pro mu\u017ee"}]},{"@type":"WebSite","@id":"https:\/\/shopatoa.com\/ro\/#website","url":"https:\/\/shopatoa.com\/ro\/","name":"SHOPATOA","description":"","publisher":{"@id":"https:\/\/shopatoa.com\/ro\/#organization"},"potentialAction":[{"@type":"SearchAction","target":{"@type":"EntryPoint","urlTemplate":"https:\/\/shopatoa.com\/ro\/?s={search_term_string}"},"query-input":{"@type":"PropertyValueSpecification","valueRequired":true,"valueName":"search_term_string"}}],"inLanguage":"ro-RO"},{"@type":"Organization","@id":"https:\/\/shopatoa.com\/ro\/#organization","name":"SHOPATOA","url":"https:\/\/shopatoa.com\/ro\/","logo":{"@type":"ImageObject","inLanguage":"ro-RO","@id":"https:\/\/shopatoa.com\/ro\/#\/schema\/logo\/image\/","url":"https:\/\/storage.googleapis.com\/cz-shopatoa-img\/ro\/b4dac915-shopatoa_logo.png","contentUrl":"https:\/\/storage.googleapis.com\/cz-shopatoa-img\/ro\/b4dac915-shopatoa_logo.png","width":416,"height":63,"caption":"SHOPATOA"},"image":{"@id":"https:\/\/shopatoa.com\/ro\/#\/schema\/logo\/image\/"}}]}},"_links":{"self":[{"href":"https:\/\/shopatoa.com\/ro\/wp-json\/wp\/v2\/product\/454087","targetHints":{"allow":["GET"]}}],"collection":[{"href":"https:\/\/shopatoa.com\/ro\/wp-json\/wp\/v2\/product"}],"about":[{"href":"https:\/\/shopatoa.com\/ro\/wp-json\/wp\/v2\/types\/product"}],"replies":[{"embeddable":true,"href":"https:\/\/shopatoa.com\/ro\/wp-json\/wp\/v2\/comments?post=454087"}],"wp:featuredmedia":[{"embeddable":true,"href":"https:\/\/shopatoa.com\/ro\/wp-json\/wp\/v2\/media\/454088"}],"wp:attachment":[{"href":"https:\/\/shopatoa.com\/ro\/wp-json\/wp\/v2\/media?parent=454087"}],"wp:term":[{"taxonomy":"product_brand","embeddable":true,"href":"https:\/\/shopatoa.com\/ro\/wp-json\/wp\/v2\/product_brand?post=454087"},{"taxonomy":"product_cat","embeddable":true,"href":"https:\/\/shopatoa.com\/ro\/wp-json\/wp\/v2\/product_cat?post=454087"},{"taxonomy":"product_tag","embeddable":true,"href":"https:\/\/shopatoa.com\/ro\/wp-json\/wp\/v2\/product_tag?post=454087"}],"curies":[{"name":"wp","href":"https:\/\/api.w.org\/{rel}","templated":true}]}}