{"id":454189,"date":"2025-06-25T16:43:37","date_gmt":"2025-06-25T14:43:37","guid":{"rendered":"https:\/\/shopatoa.com\/ro\/garnier-hyaluronic-aloe-jelly-set-pentru-ingrijirea-pielii-ziua-si-noaptea\/"},"modified":"2025-06-25T16:43:49","modified_gmt":"2025-06-25T14:43:49","slug":"garnier-hyaluronic-aloe-jelly-set-pentru-ingrijirea-pielii-ziua-si-noaptea","status":"publish","type":"product","link":"https:\/\/shopatoa.com\/ro\/garnier-hyaluronic-aloe-jelly-set-pentru-ingrijirea-pielii-ziua-si-noaptea\/","title":{"rendered":"Garnier Hyaluronic Aloe Jelly set pentru \u00eengrijirea pielii ziua \u0219i noaptea"},"content":{"rendered":"<p>Garnier Hyaluronic Aloe Jelly, 2&#215;50 ml, Seturi cosmetice unisex, Totul pentru un ten frumos \u00eentr-un singur pachet. Setul de cosmetice Garnier Hyaluronic Aloe Jelly con\u021bine nu unul, ci mai multe produse, care v\u0103 vor ajuta s\u0103 v\u0103 crea\u021bi sau s\u0103 v\u0103 \u00eembog\u0103\u021bi\u021bi rutina zilnic\u0103 de \u00eengrijire \u0219i s\u0103 v\u0103 oferi\u021bi un moment de bucurie sau s\u0103 oferi\u021bi un cadou celor dragi.  Setul con\u021bine:   crema de zi hidratanta cu textura de gel 50 ml  Gel crema de noapte pentru hidratarea si netezirea pielii 50 ml   Caracteristici:  un mix de produse cosmetice pentru utilizare zilnic\u0103 pentru iluminarea \u0219i revitalizarea tenului regenereaz\u0103 \u0219i revitalizeaz\u0103 se absoarbe rapid confer\u0103 pielii prospe\u021bime \u0219i luminozitate  Cum se utilizeaz\u0103: Se aplic\u0103 pe pielea curat\u0103, cu mi\u0219c\u0103ri circulare \u0219i se maseaz\u0103 u\u0219or. Se utilizeaz\u0103 \u00een fiecare diminea\u021b\u0103 \u0219i\/sau sear\u0103.<\/p>\n","protected":false},"excerpt":{"rendered":"<p>Garnier Hyaluronic Aloe Jelly, 2&#215;50 ml, Seturi cosmetice unisex, Totul pentru un ten frumos \u00eentr-un singur pachet. Setul de cosmetice Garnier Hyaluronic Aloe Jelly con\u021bine nu unul, ci mai multe produse, care v\u0103 vor ajuta s\u0103 v\u0103 crea\u021bi sau s\u0103 v\u0103 \u00eembog\u0103\u021bi\u021bi rutina zilnic\u0103 de \u00eengrijire \u0219i s\u0103 v\u0103 oferi\u021bi un moment de bucurie sau&#8230;<\/p>\n","protected":false},"featured_media":454190,"comment_status":"closed","ping_status":"open","template":"","meta":{"_acf_changed":false,"_kadence_starter_templates_imported_post":false,"_kad_post_transparent":"","_kad_post_title":"","_kad_post_layout":"","_kad_post_sidebar_id":"","_kad_post_content_style":"","_kad_post_vertical_padding":"","_kad_post_feature":"","_kad_post_feature_position":"","_kad_post_header":false,"_kad_post_footer":false,"_kad_post_classname":""},"product_brand":[491],"product_cat":[1564,1563,1565,1562],"product_tag":[],"class_list":{"0":"post-454189","1":"product","2":"type-product","3":"status-publish","4":"has-post-thumbnail","6":"product_brand-garnier","7":"product_cat-cosmetice-ingrijire-personala","8":"product_cat-ingrijire-personala","9":"product_cat-ingrijirea-pielii","10":"product_cat-sanatate-si-frumusete","11":"pa_gen-female","12":"pa_marime-2x50-ml","14":"first","15":"instock","16":"sale","17":"product-type-external","18":"entry","19":"content-bg","20":"loop-entry"},"acf":[],"yoast_head":"<!-- This site is optimized with the Yoast SEO plugin v27.4 - https:\/\/yoast.com\/product\/yoast-seo-wordpress\/ -->\n<title>Garnier Hyaluronic Aloe Jelly set pentru \u00eengrijirea pielii ziua \u0219i noaptea - SHOPATOA.COM<\/title>\n<meta name=\"robots\" content=\"index, follow, max-snippet:-1, max-image-preview:large, max-video-preview:-1\" \/>\n<link rel=\"canonical\" href=\"https:\/\/shopatoa.com\/ro\/garnier-hyaluronic-aloe-jelly-set-pentru-ingrijirea-pielii-ziua-si-noaptea\/\" \/>\n<meta property=\"og:locale\" content=\"ro_RO\" \/>\n<meta property=\"og:type\" content=\"article\" \/>\n<meta property=\"og:title\" content=\"Garnier Hyaluronic Aloe Jelly set pentru \u00eengrijirea pielii ziua \u0219i noaptea - SHOPATOA.COM\" \/>\n<meta property=\"og:description\" content=\"Garnier Hyaluronic Aloe Jelly, 2&#215;50 ml, Seturi cosmetice unisex, Totul pentru un ten frumos \u00eentr-un singur pachet. Setul de cosmetice Garnier Hyaluronic Aloe Jelly con\u021bine nu unul, ci mai multe produse, care v\u0103 vor ajuta s\u0103 v\u0103 crea\u021bi sau s\u0103 v\u0103 \u00eembog\u0103\u021bi\u021bi rutina zilnic\u0103 de \u00eengrijire \u0219i s\u0103 v\u0103 oferi\u021bi un moment de bucurie sau...\" \/>\n<meta property=\"og:url\" content=\"https:\/\/shopatoa.com\/ro\/garnier-hyaluronic-aloe-jelly-set-pentru-ingrijirea-pielii-ziua-si-noaptea\/\" \/>\n<meta property=\"og:site_name\" content=\"SHOPATOA\" \/>\n<meta property=\"article:modified_time\" content=\"2025-06-25T14:43:49+00:00\" \/>\n<meta property=\"og:image\" content=\"https:\/\/storage.googleapis.com\/cz-shopatoa-img\/ro\/c3e802bd-unnamed-file.webp\" \/>\n\t<meta property=\"og:image:width\" content=\"800\" \/>\n\t<meta property=\"og:image:height\" content=\"800\" \/>\n\t<meta property=\"og:image:type\" content=\"image\/webp\" \/>\n<meta name=\"twitter:card\" content=\"summary_large_image\" \/>\n<meta name=\"twitter:label1\" content=\"Timp estimat pentru citire\" \/>\n\t<meta name=\"twitter:data1\" content=\"1 minut\" \/>\n<script type=\"application\/ld+json\" class=\"yoast-schema-graph\">{\"@context\":\"https:\\\/\\\/schema.org\",\"@graph\":[{\"@type\":\"WebPage\",\"@id\":\"https:\\\/\\\/shopatoa.com\\\/ro\\\/garnier-hyaluronic-aloe-jelly-set-pentru-ingrijirea-pielii-ziua-si-noaptea\\\/\",\"url\":\"https:\\\/\\\/shopatoa.com\\\/ro\\\/garnier-hyaluronic-aloe-jelly-set-pentru-ingrijirea-pielii-ziua-si-noaptea\\\/\",\"name\":\"Garnier Hyaluronic Aloe Jelly set pentru \u00eengrijirea pielii ziua \u0219i noaptea - SHOPATOA.COM\",\"isPartOf\":{\"@id\":\"https:\\\/\\\/shopatoa.com\\\/ro\\\/#website\"},\"primaryImageOfPage\":{\"@id\":\"https:\\\/\\\/shopatoa.com\\\/ro\\\/garnier-hyaluronic-aloe-jelly-set-pentru-ingrijirea-pielii-ziua-si-noaptea\\\/#primaryimage\"},\"image\":{\"@id\":\"https:\\\/\\\/shopatoa.com\\\/ro\\\/garnier-hyaluronic-aloe-jelly-set-pentru-ingrijirea-pielii-ziua-si-noaptea\\\/#primaryimage\"},\"thumbnailUrl\":\"https:\\\/\\\/storage.googleapis.com\\\/cz-shopatoa-img\\\/ro\\\/c3e802bd-unnamed-file.webp\",\"datePublished\":\"2025-06-25T14:43:37+00:00\",\"dateModified\":\"2025-06-25T14:43:49+00:00\",\"breadcrumb\":{\"@id\":\"https:\\\/\\\/shopatoa.com\\\/ro\\\/garnier-hyaluronic-aloe-jelly-set-pentru-ingrijirea-pielii-ziua-si-noaptea\\\/#breadcrumb\"},\"inLanguage\":\"ro-RO\",\"potentialAction\":[{\"@type\":\"ReadAction\",\"target\":[\"https:\\\/\\\/shopatoa.com\\\/ro\\\/garnier-hyaluronic-aloe-jelly-set-pentru-ingrijirea-pielii-ziua-si-noaptea\\\/\"]}]},{\"@type\":\"ImageObject\",\"inLanguage\":\"ro-RO\",\"@id\":\"https:\\\/\\\/shopatoa.com\\\/ro\\\/garnier-hyaluronic-aloe-jelly-set-pentru-ingrijirea-pielii-ziua-si-noaptea\\\/#primaryimage\",\"url\":\"https:\\\/\\\/storage.googleapis.com\\\/cz-shopatoa-img\\\/ro\\\/c3e802bd-unnamed-file.webp\",\"contentUrl\":\"https:\\\/\\\/storage.googleapis.com\\\/cz-shopatoa-img\\\/ro\\\/c3e802bd-unnamed-file.webp\",\"width\":800,\"height\":800},{\"@type\":\"BreadcrumbList\",\"@id\":\"https:\\\/\\\/shopatoa.com\\\/ro\\\/garnier-hyaluronic-aloe-jelly-set-pentru-ingrijirea-pielii-ziua-si-noaptea\\\/#breadcrumb\",\"itemListElement\":[{\"@type\":\"ListItem\",\"position\":1,\"name\":\"Dom\u016f\",\"item\":\"https:\\\/\\\/shopatoa.com\\\/ro\\\/\"},{\"@type\":\"ListItem\",\"position\":2,\"name\":\"Shop\",\"item\":\"https:\\\/\\\/shopatoa.com\\\/ro\\\/shop\\\/\"},{\"@type\":\"ListItem\",\"position\":3,\"name\":\"Garnier Hyaluronic Aloe Jelly set pentru \u00eengrijirea pielii ziua \u0219i noaptea\"}]},{\"@type\":\"WebSite\",\"@id\":\"https:\\\/\\\/shopatoa.com\\\/ro\\\/#website\",\"url\":\"https:\\\/\\\/shopatoa.com\\\/ro\\\/\",\"name\":\"SHOPATOA\",\"description\":\"\",\"publisher\":{\"@id\":\"https:\\\/\\\/shopatoa.com\\\/ro\\\/#organization\"},\"potentialAction\":[{\"@type\":\"SearchAction\",\"target\":{\"@type\":\"EntryPoint\",\"urlTemplate\":\"https:\\\/\\\/shopatoa.com\\\/ro\\\/?s={search_term_string}\"},\"query-input\":{\"@type\":\"PropertyValueSpecification\",\"valueRequired\":true,\"valueName\":\"search_term_string\"}}],\"inLanguage\":\"ro-RO\"},{\"@type\":\"Organization\",\"@id\":\"https:\\\/\\\/shopatoa.com\\\/ro\\\/#organization\",\"name\":\"SHOPATOA\",\"url\":\"https:\\\/\\\/shopatoa.com\\\/ro\\\/\",\"logo\":{\"@type\":\"ImageObject\",\"inLanguage\":\"ro-RO\",\"@id\":\"https:\\\/\\\/shopatoa.com\\\/ro\\\/#\\\/schema\\\/logo\\\/image\\\/\",\"url\":\"https:\\\/\\\/storage.googleapis.com\\\/cz-shopatoa-img\\\/ro\\\/b4dac915-shopatoa_logo.png\",\"contentUrl\":\"https:\\\/\\\/storage.googleapis.com\\\/cz-shopatoa-img\\\/ro\\\/b4dac915-shopatoa_logo.png\",\"width\":416,\"height\":63,\"caption\":\"SHOPATOA\"},\"image\":{\"@id\":\"https:\\\/\\\/shopatoa.com\\\/ro\\\/#\\\/schema\\\/logo\\\/image\\\/\"}}]}<\/script>\n<!-- \/ Yoast SEO plugin. -->","yoast_head_json":{"title":"Garnier Hyaluronic Aloe Jelly set pentru \u00eengrijirea pielii ziua \u0219i noaptea - SHOPATOA.COM","robots":{"index":"index","follow":"follow","max-snippet":"max-snippet:-1","max-image-preview":"max-image-preview:large","max-video-preview":"max-video-preview:-1"},"canonical":"https:\/\/shopatoa.com\/ro\/garnier-hyaluronic-aloe-jelly-set-pentru-ingrijirea-pielii-ziua-si-noaptea\/","og_locale":"ro_RO","og_type":"article","og_title":"Garnier Hyaluronic Aloe Jelly set pentru \u00eengrijirea pielii ziua \u0219i noaptea - SHOPATOA.COM","og_description":"Garnier Hyaluronic Aloe Jelly, 2&#215;50 ml, Seturi cosmetice unisex, Totul pentru un ten frumos \u00eentr-un singur pachet. Setul de cosmetice Garnier Hyaluronic Aloe Jelly con\u021bine nu unul, ci mai multe produse, care v\u0103 vor ajuta s\u0103 v\u0103 crea\u021bi sau s\u0103 v\u0103 \u00eembog\u0103\u021bi\u021bi rutina zilnic\u0103 de \u00eengrijire \u0219i s\u0103 v\u0103 oferi\u021bi un moment de bucurie sau...","og_url":"https:\/\/shopatoa.com\/ro\/garnier-hyaluronic-aloe-jelly-set-pentru-ingrijirea-pielii-ziua-si-noaptea\/","og_site_name":"SHOPATOA","article_modified_time":"2025-06-25T14:43:49+00:00","og_image":[{"width":800,"height":800,"url":"https:\/\/storage.googleapis.com\/cz-shopatoa-img\/ro\/c3e802bd-unnamed-file.webp","type":"image\/webp"}],"twitter_card":"summary_large_image","twitter_misc":{"Timp estimat pentru citire":"1 minut"},"schema":{"@context":"https:\/\/schema.org","@graph":[{"@type":"WebPage","@id":"https:\/\/shopatoa.com\/ro\/garnier-hyaluronic-aloe-jelly-set-pentru-ingrijirea-pielii-ziua-si-noaptea\/","url":"https:\/\/shopatoa.com\/ro\/garnier-hyaluronic-aloe-jelly-set-pentru-ingrijirea-pielii-ziua-si-noaptea\/","name":"Garnier Hyaluronic Aloe Jelly set pentru \u00eengrijirea pielii ziua \u0219i noaptea - SHOPATOA.COM","isPartOf":{"@id":"https:\/\/shopatoa.com\/ro\/#website"},"primaryImageOfPage":{"@id":"https:\/\/shopatoa.com\/ro\/garnier-hyaluronic-aloe-jelly-set-pentru-ingrijirea-pielii-ziua-si-noaptea\/#primaryimage"},"image":{"@id":"https:\/\/shopatoa.com\/ro\/garnier-hyaluronic-aloe-jelly-set-pentru-ingrijirea-pielii-ziua-si-noaptea\/#primaryimage"},"thumbnailUrl":"https:\/\/storage.googleapis.com\/cz-shopatoa-img\/ro\/c3e802bd-unnamed-file.webp","datePublished":"2025-06-25T14:43:37+00:00","dateModified":"2025-06-25T14:43:49+00:00","breadcrumb":{"@id":"https:\/\/shopatoa.com\/ro\/garnier-hyaluronic-aloe-jelly-set-pentru-ingrijirea-pielii-ziua-si-noaptea\/#breadcrumb"},"inLanguage":"ro-RO","potentialAction":[{"@type":"ReadAction","target":["https:\/\/shopatoa.com\/ro\/garnier-hyaluronic-aloe-jelly-set-pentru-ingrijirea-pielii-ziua-si-noaptea\/"]}]},{"@type":"ImageObject","inLanguage":"ro-RO","@id":"https:\/\/shopatoa.com\/ro\/garnier-hyaluronic-aloe-jelly-set-pentru-ingrijirea-pielii-ziua-si-noaptea\/#primaryimage","url":"https:\/\/storage.googleapis.com\/cz-shopatoa-img\/ro\/c3e802bd-unnamed-file.webp","contentUrl":"https:\/\/storage.googleapis.com\/cz-shopatoa-img\/ro\/c3e802bd-unnamed-file.webp","width":800,"height":800},{"@type":"BreadcrumbList","@id":"https:\/\/shopatoa.com\/ro\/garnier-hyaluronic-aloe-jelly-set-pentru-ingrijirea-pielii-ziua-si-noaptea\/#breadcrumb","itemListElement":[{"@type":"ListItem","position":1,"name":"Dom\u016f","item":"https:\/\/shopatoa.com\/ro\/"},{"@type":"ListItem","position":2,"name":"Shop","item":"https:\/\/shopatoa.com\/ro\/shop\/"},{"@type":"ListItem","position":3,"name":"Garnier Hyaluronic Aloe Jelly set pentru \u00eengrijirea pielii ziua \u0219i noaptea"}]},{"@type":"WebSite","@id":"https:\/\/shopatoa.com\/ro\/#website","url":"https:\/\/shopatoa.com\/ro\/","name":"SHOPATOA","description":"","publisher":{"@id":"https:\/\/shopatoa.com\/ro\/#organization"},"potentialAction":[{"@type":"SearchAction","target":{"@type":"EntryPoint","urlTemplate":"https:\/\/shopatoa.com\/ro\/?s={search_term_string}"},"query-input":{"@type":"PropertyValueSpecification","valueRequired":true,"valueName":"search_term_string"}}],"inLanguage":"ro-RO"},{"@type":"Organization","@id":"https:\/\/shopatoa.com\/ro\/#organization","name":"SHOPATOA","url":"https:\/\/shopatoa.com\/ro\/","logo":{"@type":"ImageObject","inLanguage":"ro-RO","@id":"https:\/\/shopatoa.com\/ro\/#\/schema\/logo\/image\/","url":"https:\/\/storage.googleapis.com\/cz-shopatoa-img\/ro\/b4dac915-shopatoa_logo.png","contentUrl":"https:\/\/storage.googleapis.com\/cz-shopatoa-img\/ro\/b4dac915-shopatoa_logo.png","width":416,"height":63,"caption":"SHOPATOA"},"image":{"@id":"https:\/\/shopatoa.com\/ro\/#\/schema\/logo\/image\/"}}]}},"_links":{"self":[{"href":"https:\/\/shopatoa.com\/ro\/wp-json\/wp\/v2\/product\/454189","targetHints":{"allow":["GET"]}}],"collection":[{"href":"https:\/\/shopatoa.com\/ro\/wp-json\/wp\/v2\/product"}],"about":[{"href":"https:\/\/shopatoa.com\/ro\/wp-json\/wp\/v2\/types\/product"}],"replies":[{"embeddable":true,"href":"https:\/\/shopatoa.com\/ro\/wp-json\/wp\/v2\/comments?post=454189"}],"wp:featuredmedia":[{"embeddable":true,"href":"https:\/\/shopatoa.com\/ro\/wp-json\/wp\/v2\/media\/454190"}],"wp:attachment":[{"href":"https:\/\/shopatoa.com\/ro\/wp-json\/wp\/v2\/media?parent=454189"}],"wp:term":[{"taxonomy":"product_brand","embeddable":true,"href":"https:\/\/shopatoa.com\/ro\/wp-json\/wp\/v2\/product_brand?post=454189"},{"taxonomy":"product_cat","embeddable":true,"href":"https:\/\/shopatoa.com\/ro\/wp-json\/wp\/v2\/product_cat?post=454189"},{"taxonomy":"product_tag","embeddable":true,"href":"https:\/\/shopatoa.com\/ro\/wp-json\/wp\/v2\/product_tag?post=454189"}],"curies":[{"name":"wp","href":"https:\/\/api.w.org\/{rel}","templated":true}]}}