{"id":454299,"date":"2025-06-25T17:28:38","date_gmt":"2025-06-25T15:28:38","guid":{"rendered":"https:\/\/shopatoa.com\/ro\/brush-baby-applemint-servetele-pentru-dinti-pentru-copii-20-buc\/"},"modified":"2026-02-04T12:31:16","modified_gmt":"2026-02-04T11:31:16","slug":"brush-baby-applemint-servetele-pentru-dinti-pentru-copii-20-buc","status":"publish","type":"product","link":"https:\/\/shopatoa.com\/ro\/brush-baby-applemint-servetele-pentru-dinti-pentru-copii-20-buc\/","title":{"rendered":"Brush Baby Applemint \u0219erve\u021bele pentru dinti pentru copii 20 buc"},"content":{"rendered":"<p>Brush Baby Applemint, 20 buc, Cre\u0219terea din\u021bilor de lapte pentru copii, Orice bebelu\u0219 sufer\u0103 considerabil c\u00e2nd \u00eei ies primii din\u021bi. Produsul Brush Baby Applemint \u00eei u\u0219ureaz\u0103 micu\u021bului senza\u021biile nepl\u0103cute, cauzate de erup\u021bia dentar\u0103.  Caracteristici:  calmeaz\u0103 \u0219i atenueaz\u0103 simptomele erup\u021biei dentare calmeaz\u0103 gingiile<\/p>\n","protected":false},"excerpt":{"rendered":"<p>Brush Baby Applemint, 20 buc, Cre\u0219terea din\u021bilor de lapte pentru copii, Orice bebelu\u0219 sufer\u0103 considerabil c\u00e2nd \u00eei ies primii din\u021bi. Produsul Brush Baby Applemint \u00eei u\u0219ureaz\u0103 micu\u021bului senza\u021biile nepl\u0103cute, cauzate de erup\u021bia dentar\u0103. Caracteristici: calmeaz\u0103 \u0219i atenueaz\u0103 simptomele erup\u021biei dentare calmeaz\u0103 gingiile<\/p>\n","protected":false},"featured_media":454300,"comment_status":"closed","ping_status":"open","template":"","meta":{"_acf_changed":false,"_kadence_starter_templates_imported_post":false,"_kad_post_transparent":"","_kad_post_title":"","_kad_post_layout":"","_kad_post_sidebar_id":"","_kad_post_content_style":"","_kad_post_vertical_padding":"","_kad_post_feature":"","_kad_post_feature_position":"","_kad_post_header":false,"_kad_post_footer":false,"_kad_post_classname":""},"product_brand":[2010],"product_cat":[1605,1563,1562],"product_tag":[],"class_list":{"0":"post-454299","1":"product","2":"type-product","3":"status-publish","4":"has-post-thumbnail","6":"product_brand-brush-baby","7":"product_cat-ingrijire-orala","8":"product_cat-ingrijire-personala","9":"product_cat-sanatate-si-frumusete","10":"pa_gen-unisex","11":"pa_marime-20-buc","13":"first","14":"instock","15":"sale","16":"product-type-external","17":"entry","18":"content-bg","19":"loop-entry"},"acf":[],"yoast_head":"<!-- This site is optimized with the Yoast SEO plugin v27.4 - https:\/\/yoast.com\/product\/yoast-seo-wordpress\/ -->\n<title>Brush Baby Applemint \u0219erve\u021bele pentru dinti pentru copii 20 buc - SHOPATOA.COM<\/title>\n<meta name=\"robots\" content=\"index, follow, max-snippet:-1, max-image-preview:large, max-video-preview:-1\" \/>\n<link rel=\"canonical\" href=\"https:\/\/shopatoa.com\/ro\/brush-baby-applemint-servetele-pentru-dinti-pentru-copii-20-buc\/\" \/>\n<meta property=\"og:locale\" content=\"ro_RO\" \/>\n<meta property=\"og:type\" content=\"article\" \/>\n<meta property=\"og:title\" content=\"Brush Baby Applemint \u0219erve\u021bele pentru dinti pentru copii 20 buc - SHOPATOA.COM\" \/>\n<meta property=\"og:description\" content=\"Brush Baby Applemint, 20 buc, Cre\u0219terea din\u021bilor de lapte pentru copii, Orice bebelu\u0219 sufer\u0103 considerabil c\u00e2nd \u00eei ies primii din\u021bi. Produsul Brush Baby Applemint \u00eei u\u0219ureaz\u0103 micu\u021bului senza\u021biile nepl\u0103cute, cauzate de erup\u021bia dentar\u0103. Caracteristici: calmeaz\u0103 \u0219i atenueaz\u0103 simptomele erup\u021biei dentare calmeaz\u0103 gingiile\" \/>\n<meta property=\"og:url\" content=\"https:\/\/shopatoa.com\/ro\/brush-baby-applemint-servetele-pentru-dinti-pentru-copii-20-buc\/\" \/>\n<meta property=\"og:site_name\" content=\"SHOPATOA\" \/>\n<meta property=\"article:modified_time\" content=\"2026-02-04T11:31:16+00:00\" \/>\n<meta property=\"og:image\" content=\"https:\/\/storage.googleapis.com\/cz-shopatoa-img\/ro\/d5045b27-unnamed-file.webp\" \/>\n\t<meta property=\"og:image:width\" content=\"800\" \/>\n\t<meta property=\"og:image:height\" content=\"800\" \/>\n\t<meta property=\"og:image:type\" content=\"image\/webp\" \/>\n<meta name=\"twitter:card\" content=\"summary_large_image\" \/>\n<script type=\"application\/ld+json\" class=\"yoast-schema-graph\">{\"@context\":\"https:\\\/\\\/schema.org\",\"@graph\":[{\"@type\":\"WebPage\",\"@id\":\"https:\\\/\\\/shopatoa.com\\\/ro\\\/brush-baby-applemint-servetele-pentru-dinti-pentru-copii-20-buc\\\/\",\"url\":\"https:\\\/\\\/shopatoa.com\\\/ro\\\/brush-baby-applemint-servetele-pentru-dinti-pentru-copii-20-buc\\\/\",\"name\":\"Brush Baby Applemint \u0219erve\u021bele pentru dinti pentru copii 20 buc - SHOPATOA.COM\",\"isPartOf\":{\"@id\":\"https:\\\/\\\/shopatoa.com\\\/ro\\\/#website\"},\"primaryImageOfPage\":{\"@id\":\"https:\\\/\\\/shopatoa.com\\\/ro\\\/brush-baby-applemint-servetele-pentru-dinti-pentru-copii-20-buc\\\/#primaryimage\"},\"image\":{\"@id\":\"https:\\\/\\\/shopatoa.com\\\/ro\\\/brush-baby-applemint-servetele-pentru-dinti-pentru-copii-20-buc\\\/#primaryimage\"},\"thumbnailUrl\":\"https:\\\/\\\/storage.googleapis.com\\\/cz-shopatoa-img\\\/ro\\\/d5045b27-unnamed-file.webp\",\"datePublished\":\"2025-06-25T15:28:38+00:00\",\"dateModified\":\"2026-02-04T11:31:16+00:00\",\"breadcrumb\":{\"@id\":\"https:\\\/\\\/shopatoa.com\\\/ro\\\/brush-baby-applemint-servetele-pentru-dinti-pentru-copii-20-buc\\\/#breadcrumb\"},\"inLanguage\":\"ro-RO\",\"potentialAction\":[{\"@type\":\"ReadAction\",\"target\":[\"https:\\\/\\\/shopatoa.com\\\/ro\\\/brush-baby-applemint-servetele-pentru-dinti-pentru-copii-20-buc\\\/\"]}]},{\"@type\":\"ImageObject\",\"inLanguage\":\"ro-RO\",\"@id\":\"https:\\\/\\\/shopatoa.com\\\/ro\\\/brush-baby-applemint-servetele-pentru-dinti-pentru-copii-20-buc\\\/#primaryimage\",\"url\":\"https:\\\/\\\/storage.googleapis.com\\\/cz-shopatoa-img\\\/ro\\\/d5045b27-unnamed-file.webp\",\"contentUrl\":\"https:\\\/\\\/storage.googleapis.com\\\/cz-shopatoa-img\\\/ro\\\/d5045b27-unnamed-file.webp\",\"width\":800,\"height\":800},{\"@type\":\"BreadcrumbList\",\"@id\":\"https:\\\/\\\/shopatoa.com\\\/ro\\\/brush-baby-applemint-servetele-pentru-dinti-pentru-copii-20-buc\\\/#breadcrumb\",\"itemListElement\":[{\"@type\":\"ListItem\",\"position\":1,\"name\":\"Dom\u016f\",\"item\":\"https:\\\/\\\/shopatoa.com\\\/ro\\\/\"},{\"@type\":\"ListItem\",\"position\":2,\"name\":\"Shop\",\"item\":\"https:\\\/\\\/shopatoa.com\\\/ro\\\/shop\\\/\"},{\"@type\":\"ListItem\",\"position\":3,\"name\":\"S\u0103n\u0103tate \u0219i frumuse\u021be\",\"item\":\"https:\\\/\\\/shopatoa.com\\\/ro\\\/sanatate-si-frumusete\\\/\"},{\"@type\":\"ListItem\",\"position\":4,\"name\":\"\u00cengrijire personal\u0103\",\"item\":\"https:\\\/\\\/shopatoa.com\\\/ro\\\/ingrijire-personala\\\/\"},{\"@type\":\"ListItem\",\"position\":5,\"name\":\"\u00cengrijire oral\u0103\",\"item\":\"https:\\\/\\\/shopatoa.com\\\/ro\\\/ingrijire-orala\\\/\"},{\"@type\":\"ListItem\",\"position\":6,\"name\":\"Brush Baby Applemint \u0219erve\u021bele pentru dinti pentru copii 20 buc\"}]},{\"@type\":\"WebSite\",\"@id\":\"https:\\\/\\\/shopatoa.com\\\/ro\\\/#website\",\"url\":\"https:\\\/\\\/shopatoa.com\\\/ro\\\/\",\"name\":\"SHOPATOA\",\"description\":\"\",\"publisher\":{\"@id\":\"https:\\\/\\\/shopatoa.com\\\/ro\\\/#organization\"},\"potentialAction\":[{\"@type\":\"SearchAction\",\"target\":{\"@type\":\"EntryPoint\",\"urlTemplate\":\"https:\\\/\\\/shopatoa.com\\\/ro\\\/?s={search_term_string}\"},\"query-input\":{\"@type\":\"PropertyValueSpecification\",\"valueRequired\":true,\"valueName\":\"search_term_string\"}}],\"inLanguage\":\"ro-RO\"},{\"@type\":\"Organization\",\"@id\":\"https:\\\/\\\/shopatoa.com\\\/ro\\\/#organization\",\"name\":\"SHOPATOA\",\"url\":\"https:\\\/\\\/shopatoa.com\\\/ro\\\/\",\"logo\":{\"@type\":\"ImageObject\",\"inLanguage\":\"ro-RO\",\"@id\":\"https:\\\/\\\/shopatoa.com\\\/ro\\\/#\\\/schema\\\/logo\\\/image\\\/\",\"url\":\"https:\\\/\\\/storage.googleapis.com\\\/cz-shopatoa-img\\\/ro\\\/b4dac915-shopatoa_logo.png\",\"contentUrl\":\"https:\\\/\\\/storage.googleapis.com\\\/cz-shopatoa-img\\\/ro\\\/b4dac915-shopatoa_logo.png\",\"width\":416,\"height\":63,\"caption\":\"SHOPATOA\"},\"image\":{\"@id\":\"https:\\\/\\\/shopatoa.com\\\/ro\\\/#\\\/schema\\\/logo\\\/image\\\/\"}}]}<\/script>\n<!-- \/ Yoast SEO plugin. -->","yoast_head_json":{"title":"Brush Baby Applemint \u0219erve\u021bele pentru dinti pentru copii 20 buc - SHOPATOA.COM","robots":{"index":"index","follow":"follow","max-snippet":"max-snippet:-1","max-image-preview":"max-image-preview:large","max-video-preview":"max-video-preview:-1"},"canonical":"https:\/\/shopatoa.com\/ro\/brush-baby-applemint-servetele-pentru-dinti-pentru-copii-20-buc\/","og_locale":"ro_RO","og_type":"article","og_title":"Brush Baby Applemint \u0219erve\u021bele pentru dinti pentru copii 20 buc - SHOPATOA.COM","og_description":"Brush Baby Applemint, 20 buc, Cre\u0219terea din\u021bilor de lapte pentru copii, Orice bebelu\u0219 sufer\u0103 considerabil c\u00e2nd \u00eei ies primii din\u021bi. Produsul Brush Baby Applemint \u00eei u\u0219ureaz\u0103 micu\u021bului senza\u021biile nepl\u0103cute, cauzate de erup\u021bia dentar\u0103. Caracteristici: calmeaz\u0103 \u0219i atenueaz\u0103 simptomele erup\u021biei dentare calmeaz\u0103 gingiile","og_url":"https:\/\/shopatoa.com\/ro\/brush-baby-applemint-servetele-pentru-dinti-pentru-copii-20-buc\/","og_site_name":"SHOPATOA","article_modified_time":"2026-02-04T11:31:16+00:00","og_image":[{"width":800,"height":800,"url":"https:\/\/storage.googleapis.com\/cz-shopatoa-img\/ro\/d5045b27-unnamed-file.webp","type":"image\/webp"}],"twitter_card":"summary_large_image","schema":{"@context":"https:\/\/schema.org","@graph":[{"@type":"WebPage","@id":"https:\/\/shopatoa.com\/ro\/brush-baby-applemint-servetele-pentru-dinti-pentru-copii-20-buc\/","url":"https:\/\/shopatoa.com\/ro\/brush-baby-applemint-servetele-pentru-dinti-pentru-copii-20-buc\/","name":"Brush Baby Applemint \u0219erve\u021bele pentru dinti pentru copii 20 buc - SHOPATOA.COM","isPartOf":{"@id":"https:\/\/shopatoa.com\/ro\/#website"},"primaryImageOfPage":{"@id":"https:\/\/shopatoa.com\/ro\/brush-baby-applemint-servetele-pentru-dinti-pentru-copii-20-buc\/#primaryimage"},"image":{"@id":"https:\/\/shopatoa.com\/ro\/brush-baby-applemint-servetele-pentru-dinti-pentru-copii-20-buc\/#primaryimage"},"thumbnailUrl":"https:\/\/storage.googleapis.com\/cz-shopatoa-img\/ro\/d5045b27-unnamed-file.webp","datePublished":"2025-06-25T15:28:38+00:00","dateModified":"2026-02-04T11:31:16+00:00","breadcrumb":{"@id":"https:\/\/shopatoa.com\/ro\/brush-baby-applemint-servetele-pentru-dinti-pentru-copii-20-buc\/#breadcrumb"},"inLanguage":"ro-RO","potentialAction":[{"@type":"ReadAction","target":["https:\/\/shopatoa.com\/ro\/brush-baby-applemint-servetele-pentru-dinti-pentru-copii-20-buc\/"]}]},{"@type":"ImageObject","inLanguage":"ro-RO","@id":"https:\/\/shopatoa.com\/ro\/brush-baby-applemint-servetele-pentru-dinti-pentru-copii-20-buc\/#primaryimage","url":"https:\/\/storage.googleapis.com\/cz-shopatoa-img\/ro\/d5045b27-unnamed-file.webp","contentUrl":"https:\/\/storage.googleapis.com\/cz-shopatoa-img\/ro\/d5045b27-unnamed-file.webp","width":800,"height":800},{"@type":"BreadcrumbList","@id":"https:\/\/shopatoa.com\/ro\/brush-baby-applemint-servetele-pentru-dinti-pentru-copii-20-buc\/#breadcrumb","itemListElement":[{"@type":"ListItem","position":1,"name":"Dom\u016f","item":"https:\/\/shopatoa.com\/ro\/"},{"@type":"ListItem","position":2,"name":"Shop","item":"https:\/\/shopatoa.com\/ro\/shop\/"},{"@type":"ListItem","position":3,"name":"S\u0103n\u0103tate \u0219i frumuse\u021be","item":"https:\/\/shopatoa.com\/ro\/sanatate-si-frumusete\/"},{"@type":"ListItem","position":4,"name":"\u00cengrijire personal\u0103","item":"https:\/\/shopatoa.com\/ro\/ingrijire-personala\/"},{"@type":"ListItem","position":5,"name":"\u00cengrijire oral\u0103","item":"https:\/\/shopatoa.com\/ro\/ingrijire-orala\/"},{"@type":"ListItem","position":6,"name":"Brush Baby Applemint \u0219erve\u021bele pentru dinti pentru copii 20 buc"}]},{"@type":"WebSite","@id":"https:\/\/shopatoa.com\/ro\/#website","url":"https:\/\/shopatoa.com\/ro\/","name":"SHOPATOA","description":"","publisher":{"@id":"https:\/\/shopatoa.com\/ro\/#organization"},"potentialAction":[{"@type":"SearchAction","target":{"@type":"EntryPoint","urlTemplate":"https:\/\/shopatoa.com\/ro\/?s={search_term_string}"},"query-input":{"@type":"PropertyValueSpecification","valueRequired":true,"valueName":"search_term_string"}}],"inLanguage":"ro-RO"},{"@type":"Organization","@id":"https:\/\/shopatoa.com\/ro\/#organization","name":"SHOPATOA","url":"https:\/\/shopatoa.com\/ro\/","logo":{"@type":"ImageObject","inLanguage":"ro-RO","@id":"https:\/\/shopatoa.com\/ro\/#\/schema\/logo\/image\/","url":"https:\/\/storage.googleapis.com\/cz-shopatoa-img\/ro\/b4dac915-shopatoa_logo.png","contentUrl":"https:\/\/storage.googleapis.com\/cz-shopatoa-img\/ro\/b4dac915-shopatoa_logo.png","width":416,"height":63,"caption":"SHOPATOA"},"image":{"@id":"https:\/\/shopatoa.com\/ro\/#\/schema\/logo\/image\/"}}]}},"_links":{"self":[{"href":"https:\/\/shopatoa.com\/ro\/wp-json\/wp\/v2\/product\/454299","targetHints":{"allow":["GET"]}}],"collection":[{"href":"https:\/\/shopatoa.com\/ro\/wp-json\/wp\/v2\/product"}],"about":[{"href":"https:\/\/shopatoa.com\/ro\/wp-json\/wp\/v2\/types\/product"}],"replies":[{"embeddable":true,"href":"https:\/\/shopatoa.com\/ro\/wp-json\/wp\/v2\/comments?post=454299"}],"wp:featuredmedia":[{"embeddable":true,"href":"https:\/\/shopatoa.com\/ro\/wp-json\/wp\/v2\/media\/454300"}],"wp:attachment":[{"href":"https:\/\/shopatoa.com\/ro\/wp-json\/wp\/v2\/media?parent=454299"}],"wp:term":[{"taxonomy":"product_brand","embeddable":true,"href":"https:\/\/shopatoa.com\/ro\/wp-json\/wp\/v2\/product_brand?post=454299"},{"taxonomy":"product_cat","embeddable":true,"href":"https:\/\/shopatoa.com\/ro\/wp-json\/wp\/v2\/product_cat?post=454299"},{"taxonomy":"product_tag","embeddable":true,"href":"https:\/\/shopatoa.com\/ro\/wp-json\/wp\/v2\/product_tag?post=454299"}],"curies":[{"name":"wp","href":"https:\/\/api.w.org\/{rel}","templated":true}]}}