{"id":454875,"date":"2025-06-25T18:19:07","date_gmt":"2025-06-25T16:19:07","guid":{"rendered":"https:\/\/shopatoa.com\/ro\/whamisa-organic-flowers-damask-rose-petal-mist-bruma-de-corp-hidratanta-cu-efect-calmant-100-ml\/"},"modified":"2026-02-04T11:04:18","modified_gmt":"2026-02-04T10:04:18","slug":"whamisa-organic-flowers-damask-rose-petal-mist-bruma-de-corp-hidratanta-cu-efect-calmant-100-ml","status":"publish","type":"product","link":"https:\/\/shopatoa.com\/ro\/whamisa-organic-flowers-damask-rose-petal-mist-bruma-de-corp-hidratanta-cu-efect-calmant-100-ml\/","title":{"rendered":"WHAMISA Organic Flowers Damask Rose Petal Mist bruma de corp hidratanta cu efect calmant 100 ml"},"content":{"rendered":"<p>WHAMISA Organic Flowers Damask Rose Petal Mist, 100 ml, spray pentru fa\u021b\u0103 pentru femei, Spray-ul facial WHAMISAOrganic FlowersDamask Rose Petal Mist v\u0103 va \u00eemprosp\u0103ta instantaneu tenul, \u00eel va r\u0103cori \u0219i chiar hidrata. \u00cenvioreaz\u0103 tenul \u00een orice moment al zilei \u0219i v\u0103 asigur\u0103 o senza\u021bie pl\u0103cut\u0103 de prospe\u021bime \u2013 ca dup\u0103 du\u0219.  Caracteristici:  hidrateaz\u0103 \u0219i hr\u0103ne\u0219te pielea regleaz\u0103 produc\u021bia de sebum calmeaz\u0103 instantaneu pielea \u00eemprosp\u0103teaz\u0103 \u0219i ilumineaz\u0103 calmeaz\u0103 \u0219i tonific\u0103  Ingrediente:  produs vegan testat dermatologic con\u021bine cel pu\u021bin 90-99% ingrediente de origine natural\u0103 aloe vera \u2013 are efecte puternic hidratante \u0219i de regenerare, ac\u021bioneaz\u0103 ca antioxidant, ajut\u0103 la protejarea \u00eempotriva radicalilor liberi \u0219i a usc\u0103rii ap\u0103 de trandafiri \u2013 echilibreaz\u0103 pH-ul cutanat, calmeaz\u0103 irita\u021biile, tonifiaz\u0103 delicat, cur\u0103\u021b\u0103, \u00eemprosp\u0103teaz\u0103 \u0219i str\u00e2nge porii, ajut\u0103 la reglarea produc\u021biei de sebum \u00een timp ce fixeaz\u0103 hidratarea \u0219i favorizeaz\u0103 regenerarea lavand\u0103 \u2013 combate ro\u0219ea\u021ba, are efecte purificatoare, ajut\u0103 la combaterea acneei \u0219i favorizeaz\u0103 regenerarea extract de lemn dulce \u2013 combate ro\u0219ea\u021ba, edemele \u0219i petele pigmentare, calmeaz\u0103 \u0219i amelioreaz\u0103 irita\u021bia substan\u021be fermentate \u2013 ajut\u0103 la men\u021binerea microbiomului natural cutanat \u0219i a pH-ului echilibrat, calmeaz\u0103, combat irita\u021biile \u0219i consolideaz\u0103 bariera protectoare cutanat\u0103  Cum se utilizeaz\u0103: Se pulverizeaz\u0103 pe fa\u021b\u0103 o cantitate potrivit\u0103 de produs. Tapota\u021bi u\u0219or cu v\u00e2rful degetelor pentru a favoriza absorb\u021bia. Se poate utiliza \u00een orice moment al zilei.<\/p>\n","protected":false},"excerpt":{"rendered":"<p>WHAMISA Organic Flowers Damask Rose Petal Mist, 100 ml, spray pentru fa\u021b\u0103 pentru femei, Spray-ul facial WHAMISAOrganic FlowersDamask Rose Petal Mist v\u0103 va \u00eemprosp\u0103ta instantaneu tenul, \u00eel va r\u0103cori \u0219i chiar hidrata. \u00cenvioreaz\u0103 tenul \u00een orice moment al zilei \u0219i v\u0103 asigur\u0103 o senza\u021bie pl\u0103cut\u0103 de prospe\u021bime \u2013 ca dup\u0103 du\u0219. Caracteristici: hidrateaz\u0103 \u0219i hr\u0103ne\u0219te&#8230;<\/p>\n","protected":false},"featured_media":454876,"comment_status":"closed","ping_status":"open","template":"","meta":{"_acf_changed":false,"_kadence_starter_templates_imported_post":false,"_kad_post_transparent":"","_kad_post_title":"","_kad_post_layout":"","_kad_post_sidebar_id":"","_kad_post_content_style":"","_kad_post_vertical_padding":"","_kad_post_feature":"","_kad_post_feature_position":"","_kad_post_header":false,"_kad_post_footer":false,"_kad_post_classname":""},"product_brand":[3345],"product_cat":[1564,1563,1565,1562],"product_tag":[],"class_list":{"0":"post-454875","1":"product","2":"type-product","3":"status-publish","4":"has-post-thumbnail","6":"product_brand-whamisa","7":"product_cat-cosmetice-ingrijire-personala","8":"product_cat-ingrijire-personala","9":"product_cat-ingrijirea-pielii","10":"product_cat-sanatate-si-frumusete","11":"pa_gen-female","12":"pa_marime-100-ml","14":"first","15":"instock","16":"sale","17":"product-type-external","18":"entry","19":"content-bg","20":"loop-entry"},"acf":[],"yoast_head":"<!-- This site is optimized with the Yoast SEO plugin v27.4 - https:\/\/yoast.com\/product\/yoast-seo-wordpress\/ -->\n<title>WHAMISA Organic Flowers Damask Rose Petal Mist bruma de corp hidratanta cu efect calmant 100 ml - SHOPATOA.COM<\/title>\n<meta name=\"robots\" content=\"index, follow, max-snippet:-1, max-image-preview:large, max-video-preview:-1\" \/>\n<link rel=\"canonical\" href=\"https:\/\/shopatoa.com\/ro\/whamisa-organic-flowers-damask-rose-petal-mist-bruma-de-corp-hidratanta-cu-efect-calmant-100-ml\/\" \/>\n<meta property=\"og:locale\" content=\"ro_RO\" \/>\n<meta property=\"og:type\" content=\"article\" \/>\n<meta property=\"og:title\" content=\"WHAMISA Organic Flowers Damask Rose Petal Mist bruma de corp hidratanta cu efect calmant 100 ml - SHOPATOA.COM\" \/>\n<meta property=\"og:description\" content=\"WHAMISA Organic Flowers Damask Rose Petal Mist, 100 ml, spray pentru fa\u021b\u0103 pentru femei, Spray-ul facial WHAMISAOrganic FlowersDamask Rose Petal Mist v\u0103 va \u00eemprosp\u0103ta instantaneu tenul, \u00eel va r\u0103cori \u0219i chiar hidrata. \u00cenvioreaz\u0103 tenul \u00een orice moment al zilei \u0219i v\u0103 asigur\u0103 o senza\u021bie pl\u0103cut\u0103 de prospe\u021bime \u2013 ca dup\u0103 du\u0219. Caracteristici: hidrateaz\u0103 \u0219i hr\u0103ne\u0219te...\" \/>\n<meta property=\"og:url\" content=\"https:\/\/shopatoa.com\/ro\/whamisa-organic-flowers-damask-rose-petal-mist-bruma-de-corp-hidratanta-cu-efect-calmant-100-ml\/\" \/>\n<meta property=\"og:site_name\" content=\"SHOPATOA\" \/>\n<meta property=\"article:modified_time\" content=\"2026-02-04T10:04:18+00:00\" \/>\n<meta property=\"og:image\" content=\"https:\/\/storage.googleapis.com\/cz-shopatoa-img\/ro\/9a2ec75d-unnamed-file.webp\" \/>\n\t<meta property=\"og:image:width\" content=\"800\" \/>\n\t<meta property=\"og:image:height\" content=\"800\" \/>\n\t<meta property=\"og:image:type\" content=\"image\/webp\" \/>\n<meta name=\"twitter:card\" content=\"summary_large_image\" \/>\n<meta name=\"twitter:label1\" content=\"Timp estimat pentru citire\" \/>\n\t<meta name=\"twitter:data1\" content=\"1 minut\" \/>\n<script type=\"application\/ld+json\" class=\"yoast-schema-graph\">{\"@context\":\"https:\\\/\\\/schema.org\",\"@graph\":[{\"@type\":\"WebPage\",\"@id\":\"https:\\\/\\\/shopatoa.com\\\/ro\\\/whamisa-organic-flowers-damask-rose-petal-mist-bruma-de-corp-hidratanta-cu-efect-calmant-100-ml\\\/\",\"url\":\"https:\\\/\\\/shopatoa.com\\\/ro\\\/whamisa-organic-flowers-damask-rose-petal-mist-bruma-de-corp-hidratanta-cu-efect-calmant-100-ml\\\/\",\"name\":\"WHAMISA Organic Flowers Damask Rose Petal Mist bruma de corp hidratanta cu efect calmant 100 ml - SHOPATOA.COM\",\"isPartOf\":{\"@id\":\"https:\\\/\\\/shopatoa.com\\\/ro\\\/#website\"},\"primaryImageOfPage\":{\"@id\":\"https:\\\/\\\/shopatoa.com\\\/ro\\\/whamisa-organic-flowers-damask-rose-petal-mist-bruma-de-corp-hidratanta-cu-efect-calmant-100-ml\\\/#primaryimage\"},\"image\":{\"@id\":\"https:\\\/\\\/shopatoa.com\\\/ro\\\/whamisa-organic-flowers-damask-rose-petal-mist-bruma-de-corp-hidratanta-cu-efect-calmant-100-ml\\\/#primaryimage\"},\"thumbnailUrl\":\"https:\\\/\\\/storage.googleapis.com\\\/cz-shopatoa-img\\\/ro\\\/9a2ec75d-unnamed-file.webp\",\"datePublished\":\"2025-06-25T16:19:07+00:00\",\"dateModified\":\"2026-02-04T10:04:18+00:00\",\"breadcrumb\":{\"@id\":\"https:\\\/\\\/shopatoa.com\\\/ro\\\/whamisa-organic-flowers-damask-rose-petal-mist-bruma-de-corp-hidratanta-cu-efect-calmant-100-ml\\\/#breadcrumb\"},\"inLanguage\":\"ro-RO\",\"potentialAction\":[{\"@type\":\"ReadAction\",\"target\":[\"https:\\\/\\\/shopatoa.com\\\/ro\\\/whamisa-organic-flowers-damask-rose-petal-mist-bruma-de-corp-hidratanta-cu-efect-calmant-100-ml\\\/\"]}]},{\"@type\":\"ImageObject\",\"inLanguage\":\"ro-RO\",\"@id\":\"https:\\\/\\\/shopatoa.com\\\/ro\\\/whamisa-organic-flowers-damask-rose-petal-mist-bruma-de-corp-hidratanta-cu-efect-calmant-100-ml\\\/#primaryimage\",\"url\":\"https:\\\/\\\/storage.googleapis.com\\\/cz-shopatoa-img\\\/ro\\\/9a2ec75d-unnamed-file.webp\",\"contentUrl\":\"https:\\\/\\\/storage.googleapis.com\\\/cz-shopatoa-img\\\/ro\\\/9a2ec75d-unnamed-file.webp\",\"width\":800,\"height\":800},{\"@type\":\"BreadcrumbList\",\"@id\":\"https:\\\/\\\/shopatoa.com\\\/ro\\\/whamisa-organic-flowers-damask-rose-petal-mist-bruma-de-corp-hidratanta-cu-efect-calmant-100-ml\\\/#breadcrumb\",\"itemListElement\":[{\"@type\":\"ListItem\",\"position\":1,\"name\":\"Dom\u016f\",\"item\":\"https:\\\/\\\/shopatoa.com\\\/ro\\\/\"},{\"@type\":\"ListItem\",\"position\":2,\"name\":\"Shop\",\"item\":\"https:\\\/\\\/shopatoa.com\\\/ro\\\/shop\\\/\"},{\"@type\":\"ListItem\",\"position\":3,\"name\":\"S\u0103n\u0103tate \u0219i frumuse\u021be\",\"item\":\"https:\\\/\\\/shopatoa.com\\\/ro\\\/sanatate-si-frumusete\\\/\"},{\"@type\":\"ListItem\",\"position\":4,\"name\":\"\u00cengrijire personal\u0103\",\"item\":\"https:\\\/\\\/shopatoa.com\\\/ro\\\/ingrijire-personala\\\/\"},{\"@type\":\"ListItem\",\"position\":5,\"name\":\"Cosmetice\",\"item\":\"https:\\\/\\\/shopatoa.com\\\/ro\\\/cosmetice-ingrijire-personala\\\/\"},{\"@type\":\"ListItem\",\"position\":6,\"name\":\"\u00cengrijirea pielii\",\"item\":\"https:\\\/\\\/shopatoa.com\\\/ro\\\/ingrijirea-pielii\\\/\"},{\"@type\":\"ListItem\",\"position\":7,\"name\":\"WHAMISA Organic Flowers Damask Rose Petal Mist bruma de corp hidratanta cu efect calmant 100 ml\"}]},{\"@type\":\"WebSite\",\"@id\":\"https:\\\/\\\/shopatoa.com\\\/ro\\\/#website\",\"url\":\"https:\\\/\\\/shopatoa.com\\\/ro\\\/\",\"name\":\"SHOPATOA\",\"description\":\"\",\"publisher\":{\"@id\":\"https:\\\/\\\/shopatoa.com\\\/ro\\\/#organization\"},\"potentialAction\":[{\"@type\":\"SearchAction\",\"target\":{\"@type\":\"EntryPoint\",\"urlTemplate\":\"https:\\\/\\\/shopatoa.com\\\/ro\\\/?s={search_term_string}\"},\"query-input\":{\"@type\":\"PropertyValueSpecification\",\"valueRequired\":true,\"valueName\":\"search_term_string\"}}],\"inLanguage\":\"ro-RO\"},{\"@type\":\"Organization\",\"@id\":\"https:\\\/\\\/shopatoa.com\\\/ro\\\/#organization\",\"name\":\"SHOPATOA\",\"url\":\"https:\\\/\\\/shopatoa.com\\\/ro\\\/\",\"logo\":{\"@type\":\"ImageObject\",\"inLanguage\":\"ro-RO\",\"@id\":\"https:\\\/\\\/shopatoa.com\\\/ro\\\/#\\\/schema\\\/logo\\\/image\\\/\",\"url\":\"https:\\\/\\\/storage.googleapis.com\\\/cz-shopatoa-img\\\/ro\\\/b4dac915-shopatoa_logo.png\",\"contentUrl\":\"https:\\\/\\\/storage.googleapis.com\\\/cz-shopatoa-img\\\/ro\\\/b4dac915-shopatoa_logo.png\",\"width\":416,\"height\":63,\"caption\":\"SHOPATOA\"},\"image\":{\"@id\":\"https:\\\/\\\/shopatoa.com\\\/ro\\\/#\\\/schema\\\/logo\\\/image\\\/\"}}]}<\/script>\n<!-- \/ Yoast SEO plugin. -->","yoast_head_json":{"title":"WHAMISA Organic Flowers Damask Rose Petal Mist bruma de corp hidratanta cu efect calmant 100 ml - SHOPATOA.COM","robots":{"index":"index","follow":"follow","max-snippet":"max-snippet:-1","max-image-preview":"max-image-preview:large","max-video-preview":"max-video-preview:-1"},"canonical":"https:\/\/shopatoa.com\/ro\/whamisa-organic-flowers-damask-rose-petal-mist-bruma-de-corp-hidratanta-cu-efect-calmant-100-ml\/","og_locale":"ro_RO","og_type":"article","og_title":"WHAMISA Organic Flowers Damask Rose Petal Mist bruma de corp hidratanta cu efect calmant 100 ml - SHOPATOA.COM","og_description":"WHAMISA Organic Flowers Damask Rose Petal Mist, 100 ml, spray pentru fa\u021b\u0103 pentru femei, Spray-ul facial WHAMISAOrganic FlowersDamask Rose Petal Mist v\u0103 va \u00eemprosp\u0103ta instantaneu tenul, \u00eel va r\u0103cori \u0219i chiar hidrata. \u00cenvioreaz\u0103 tenul \u00een orice moment al zilei \u0219i v\u0103 asigur\u0103 o senza\u021bie pl\u0103cut\u0103 de prospe\u021bime \u2013 ca dup\u0103 du\u0219. Caracteristici: hidrateaz\u0103 \u0219i hr\u0103ne\u0219te...","og_url":"https:\/\/shopatoa.com\/ro\/whamisa-organic-flowers-damask-rose-petal-mist-bruma-de-corp-hidratanta-cu-efect-calmant-100-ml\/","og_site_name":"SHOPATOA","article_modified_time":"2026-02-04T10:04:18+00:00","og_image":[{"width":800,"height":800,"url":"https:\/\/storage.googleapis.com\/cz-shopatoa-img\/ro\/9a2ec75d-unnamed-file.webp","type":"image\/webp"}],"twitter_card":"summary_large_image","twitter_misc":{"Timp estimat pentru citire":"1 minut"},"schema":{"@context":"https:\/\/schema.org","@graph":[{"@type":"WebPage","@id":"https:\/\/shopatoa.com\/ro\/whamisa-organic-flowers-damask-rose-petal-mist-bruma-de-corp-hidratanta-cu-efect-calmant-100-ml\/","url":"https:\/\/shopatoa.com\/ro\/whamisa-organic-flowers-damask-rose-petal-mist-bruma-de-corp-hidratanta-cu-efect-calmant-100-ml\/","name":"WHAMISA Organic Flowers Damask Rose Petal Mist bruma de corp hidratanta cu efect calmant 100 ml - SHOPATOA.COM","isPartOf":{"@id":"https:\/\/shopatoa.com\/ro\/#website"},"primaryImageOfPage":{"@id":"https:\/\/shopatoa.com\/ro\/whamisa-organic-flowers-damask-rose-petal-mist-bruma-de-corp-hidratanta-cu-efect-calmant-100-ml\/#primaryimage"},"image":{"@id":"https:\/\/shopatoa.com\/ro\/whamisa-organic-flowers-damask-rose-petal-mist-bruma-de-corp-hidratanta-cu-efect-calmant-100-ml\/#primaryimage"},"thumbnailUrl":"https:\/\/storage.googleapis.com\/cz-shopatoa-img\/ro\/9a2ec75d-unnamed-file.webp","datePublished":"2025-06-25T16:19:07+00:00","dateModified":"2026-02-04T10:04:18+00:00","breadcrumb":{"@id":"https:\/\/shopatoa.com\/ro\/whamisa-organic-flowers-damask-rose-petal-mist-bruma-de-corp-hidratanta-cu-efect-calmant-100-ml\/#breadcrumb"},"inLanguage":"ro-RO","potentialAction":[{"@type":"ReadAction","target":["https:\/\/shopatoa.com\/ro\/whamisa-organic-flowers-damask-rose-petal-mist-bruma-de-corp-hidratanta-cu-efect-calmant-100-ml\/"]}]},{"@type":"ImageObject","inLanguage":"ro-RO","@id":"https:\/\/shopatoa.com\/ro\/whamisa-organic-flowers-damask-rose-petal-mist-bruma-de-corp-hidratanta-cu-efect-calmant-100-ml\/#primaryimage","url":"https:\/\/storage.googleapis.com\/cz-shopatoa-img\/ro\/9a2ec75d-unnamed-file.webp","contentUrl":"https:\/\/storage.googleapis.com\/cz-shopatoa-img\/ro\/9a2ec75d-unnamed-file.webp","width":800,"height":800},{"@type":"BreadcrumbList","@id":"https:\/\/shopatoa.com\/ro\/whamisa-organic-flowers-damask-rose-petal-mist-bruma-de-corp-hidratanta-cu-efect-calmant-100-ml\/#breadcrumb","itemListElement":[{"@type":"ListItem","position":1,"name":"Dom\u016f","item":"https:\/\/shopatoa.com\/ro\/"},{"@type":"ListItem","position":2,"name":"Shop","item":"https:\/\/shopatoa.com\/ro\/shop\/"},{"@type":"ListItem","position":3,"name":"S\u0103n\u0103tate \u0219i frumuse\u021be","item":"https:\/\/shopatoa.com\/ro\/sanatate-si-frumusete\/"},{"@type":"ListItem","position":4,"name":"\u00cengrijire personal\u0103","item":"https:\/\/shopatoa.com\/ro\/ingrijire-personala\/"},{"@type":"ListItem","position":5,"name":"Cosmetice","item":"https:\/\/shopatoa.com\/ro\/cosmetice-ingrijire-personala\/"},{"@type":"ListItem","position":6,"name":"\u00cengrijirea pielii","item":"https:\/\/shopatoa.com\/ro\/ingrijirea-pielii\/"},{"@type":"ListItem","position":7,"name":"WHAMISA Organic Flowers Damask Rose Petal Mist bruma de corp hidratanta cu efect calmant 100 ml"}]},{"@type":"WebSite","@id":"https:\/\/shopatoa.com\/ro\/#website","url":"https:\/\/shopatoa.com\/ro\/","name":"SHOPATOA","description":"","publisher":{"@id":"https:\/\/shopatoa.com\/ro\/#organization"},"potentialAction":[{"@type":"SearchAction","target":{"@type":"EntryPoint","urlTemplate":"https:\/\/shopatoa.com\/ro\/?s={search_term_string}"},"query-input":{"@type":"PropertyValueSpecification","valueRequired":true,"valueName":"search_term_string"}}],"inLanguage":"ro-RO"},{"@type":"Organization","@id":"https:\/\/shopatoa.com\/ro\/#organization","name":"SHOPATOA","url":"https:\/\/shopatoa.com\/ro\/","logo":{"@type":"ImageObject","inLanguage":"ro-RO","@id":"https:\/\/shopatoa.com\/ro\/#\/schema\/logo\/image\/","url":"https:\/\/storage.googleapis.com\/cz-shopatoa-img\/ro\/b4dac915-shopatoa_logo.png","contentUrl":"https:\/\/storage.googleapis.com\/cz-shopatoa-img\/ro\/b4dac915-shopatoa_logo.png","width":416,"height":63,"caption":"SHOPATOA"},"image":{"@id":"https:\/\/shopatoa.com\/ro\/#\/schema\/logo\/image\/"}}]}},"_links":{"self":[{"href":"https:\/\/shopatoa.com\/ro\/wp-json\/wp\/v2\/product\/454875","targetHints":{"allow":["GET"]}}],"collection":[{"href":"https:\/\/shopatoa.com\/ro\/wp-json\/wp\/v2\/product"}],"about":[{"href":"https:\/\/shopatoa.com\/ro\/wp-json\/wp\/v2\/types\/product"}],"replies":[{"embeddable":true,"href":"https:\/\/shopatoa.com\/ro\/wp-json\/wp\/v2\/comments?post=454875"}],"wp:featuredmedia":[{"embeddable":true,"href":"https:\/\/shopatoa.com\/ro\/wp-json\/wp\/v2\/media\/454876"}],"wp:attachment":[{"href":"https:\/\/shopatoa.com\/ro\/wp-json\/wp\/v2\/media?parent=454875"}],"wp:term":[{"taxonomy":"product_brand","embeddable":true,"href":"https:\/\/shopatoa.com\/ro\/wp-json\/wp\/v2\/product_brand?post=454875"},{"taxonomy":"product_cat","embeddable":true,"href":"https:\/\/shopatoa.com\/ro\/wp-json\/wp\/v2\/product_cat?post=454875"},{"taxonomy":"product_tag","embeddable":true,"href":"https:\/\/shopatoa.com\/ro\/wp-json\/wp\/v2\/product_tag?post=454875"}],"curies":[{"name":"wp","href":"https:\/\/api.w.org\/{rel}","templated":true}]}}