{"id":454927,"date":"2025-06-25T18:24:19","date_gmt":"2025-06-25T16:24:19","guid":{"rendered":"https:\/\/shopatoa.com\/ro\/revox-b77-just-daily-sun-shield-crema-protectoare-pentru-fata-spf-50-30-ml\/"},"modified":"2026-02-04T10:57:07","modified_gmt":"2026-02-04T09:57:07","slug":"revox-b77-just-daily-sun-shield-crema-protectoare-pentru-fata-spf-50-30-ml","status":"publish","type":"product","link":"https:\/\/shopatoa.com\/ro\/revox-b77-just-daily-sun-shield-crema-protectoare-pentru-fata-spf-50-30-ml\/","title":{"rendered":"Revox B77 Just Daily Sun Shield crema protectoare pentru fata SPF 50+ 30 ml"},"content":{"rendered":"<p>Revox B77 Just Daily Sun Shield, 30 ml, Protec\u021bie contra radia\u021biilor solare pentru femei, Proteja\u021bi-v\u0103 tenul \u00eempotriva \u00eemb\u0103tr\u00e2nirii premature \u0219i a altor afec\u021biuni cauzate de expunerea la soare. Tenul delicat al fe\u021bei este mult mai sensibil dec\u00e2t pielea celorlalte zone ale corpului \u0219i este expus la razele soarelui pe tot parcursul anului \u2013 de aceea este foarte important s\u0103 nu-i subestima\u021bi protec\u021bia. Protec\u021bia solar\u0103 Revox B77 Just Daily Sun Shield v\u0103 va proteja eficient tenul de radia\u021biile UV \u0219i v\u0103 va ajuta s\u0103 preveni\u021bi nu doar arsurile solare sau petele pigmentare, ci \u0219i reducerea elasticit\u0103\u021bii pielii, pierderea colagenului \u0219i alte semne de \u00eemb\u0103tr\u00e2nire a tenului.  Caracteristici:  protejeaz\u0103 pielea fa\u021b\u0103 de radia\u021biile UVA \u0219i UVB fere\u0219te tenul de \u00eemb\u0103tr\u00e2nirea prematur\u0103 previne uscarea pielii ofer\u0103 pielii hidratarea necesar\u0103 se aplic\u0103 u\u0219or \u0219i nu las\u0103 o pelicul\u0103 gras\u0103 nu las\u0103 pete albe pe piele  Ingrediente:  SPF \u2013 asigur\u0103 protec\u021bie \u00eempotriva radia\u021biilor UV d\u0103un\u0103toare acid hialuronic \u2013 leag\u0103 o cantitate mare de ap\u0103 \u0219i hidrateaz\u0103 intens alantoin\u0103 \u2013 calmeaz\u0103, hidrateaz\u0103 \u0219i catifeleaz\u0103, favorizeaz\u0103 regenerarea testat dermatologic produs vegan  Cum se utilizeaz\u0103: Se aplic\u0103 cu mi\u0219c\u0103ri circulare, pe fa\u021ba curat\u0103 \u0219i pe g\u00e2t \u0219i se maseaz\u0103 u\u0219or.<\/p>\n","protected":false},"excerpt":{"rendered":"<p>Revox B77 Just Daily Sun Shield, 30 ml, Protec\u021bie contra radia\u021biilor solare pentru femei, Proteja\u021bi-v\u0103 tenul \u00eempotriva \u00eemb\u0103tr\u00e2nirii premature \u0219i a altor afec\u021biuni cauzate de expunerea la soare. Tenul delicat al fe\u021bei este mult mai sensibil dec\u00e2t pielea celorlalte zone ale corpului \u0219i este expus la razele soarelui pe tot parcursul anului \u2013 de aceea&#8230;<\/p>\n","protected":false},"featured_media":454928,"comment_status":"closed","ping_status":"open","template":"","meta":{"_acf_changed":false,"_kadence_starter_templates_imported_post":false,"_kad_post_transparent":"","_kad_post_title":"","_kad_post_layout":"","_kad_post_sidebar_id":"","_kad_post_content_style":"","_kad_post_vertical_padding":"","_kad_post_feature":"","_kad_post_feature_position":"","_kad_post_header":false,"_kad_post_footer":false,"_kad_post_classname":""},"product_brand":[2325],"product_cat":[1564,1563,1565,1562],"product_tag":[],"class_list":{"0":"post-454927","1":"product","2":"type-product","3":"status-publish","4":"has-post-thumbnail","6":"product_brand-revox-b77","7":"product_cat-cosmetice-ingrijire-personala","8":"product_cat-ingrijire-personala","9":"product_cat-ingrijirea-pielii","10":"product_cat-sanatate-si-frumusete","11":"pa_gen-female","12":"pa_marime-30-ml","14":"first","15":"instock","16":"product-type-external","17":"entry","18":"content-bg","19":"loop-entry"},"acf":[],"yoast_head":"<!-- This site is optimized with the Yoast SEO plugin v27.4 - https:\/\/yoast.com\/product\/yoast-seo-wordpress\/ -->\n<title>Revox B77 Just Daily Sun Shield crema protectoare pentru fata SPF 50+ 30 ml - SHOPATOA.COM<\/title>\n<meta name=\"robots\" content=\"index, follow, max-snippet:-1, max-image-preview:large, max-video-preview:-1\" \/>\n<link rel=\"canonical\" href=\"https:\/\/shopatoa.com\/ro\/revox-b77-just-daily-sun-shield-crema-protectoare-pentru-fata-spf-50-30-ml\/\" \/>\n<meta property=\"og:locale\" content=\"ro_RO\" \/>\n<meta property=\"og:type\" content=\"article\" \/>\n<meta property=\"og:title\" content=\"Revox B77 Just Daily Sun Shield crema protectoare pentru fata SPF 50+ 30 ml - SHOPATOA.COM\" \/>\n<meta property=\"og:description\" content=\"Revox B77 Just Daily Sun Shield, 30 ml, Protec\u021bie contra radia\u021biilor solare pentru femei, Proteja\u021bi-v\u0103 tenul \u00eempotriva \u00eemb\u0103tr\u00e2nirii premature \u0219i a altor afec\u021biuni cauzate de expunerea la soare. Tenul delicat al fe\u021bei este mult mai sensibil dec\u00e2t pielea celorlalte zone ale corpului \u0219i este expus la razele soarelui pe tot parcursul anului \u2013 de aceea...\" \/>\n<meta property=\"og:url\" content=\"https:\/\/shopatoa.com\/ro\/revox-b77-just-daily-sun-shield-crema-protectoare-pentru-fata-spf-50-30-ml\/\" \/>\n<meta property=\"og:site_name\" content=\"SHOPATOA\" \/>\n<meta property=\"article:modified_time\" content=\"2026-02-04T09:57:07+00:00\" \/>\n<meta property=\"og:image\" content=\"https:\/\/storage.googleapis.com\/cz-shopatoa-img\/ro\/8b914557-unnamed-file.webp\" \/>\n\t<meta property=\"og:image:width\" content=\"800\" \/>\n\t<meta property=\"og:image:height\" content=\"800\" \/>\n\t<meta property=\"og:image:type\" content=\"image\/webp\" \/>\n<meta name=\"twitter:card\" content=\"summary_large_image\" \/>\n<meta name=\"twitter:label1\" content=\"Timp estimat pentru citire\" \/>\n\t<meta name=\"twitter:data1\" content=\"1 minut\" \/>\n<script type=\"application\/ld+json\" class=\"yoast-schema-graph\">{\"@context\":\"https:\\\/\\\/schema.org\",\"@graph\":[{\"@type\":\"WebPage\",\"@id\":\"https:\\\/\\\/shopatoa.com\\\/ro\\\/revox-b77-just-daily-sun-shield-crema-protectoare-pentru-fata-spf-50-30-ml\\\/\",\"url\":\"https:\\\/\\\/shopatoa.com\\\/ro\\\/revox-b77-just-daily-sun-shield-crema-protectoare-pentru-fata-spf-50-30-ml\\\/\",\"name\":\"Revox B77 Just Daily Sun Shield crema protectoare pentru fata SPF 50+ 30 ml - SHOPATOA.COM\",\"isPartOf\":{\"@id\":\"https:\\\/\\\/shopatoa.com\\\/ro\\\/#website\"},\"primaryImageOfPage\":{\"@id\":\"https:\\\/\\\/shopatoa.com\\\/ro\\\/revox-b77-just-daily-sun-shield-crema-protectoare-pentru-fata-spf-50-30-ml\\\/#primaryimage\"},\"image\":{\"@id\":\"https:\\\/\\\/shopatoa.com\\\/ro\\\/revox-b77-just-daily-sun-shield-crema-protectoare-pentru-fata-spf-50-30-ml\\\/#primaryimage\"},\"thumbnailUrl\":\"https:\\\/\\\/storage.googleapis.com\\\/cz-shopatoa-img\\\/ro\\\/8b914557-unnamed-file.webp\",\"datePublished\":\"2025-06-25T16:24:19+00:00\",\"dateModified\":\"2026-02-04T09:57:07+00:00\",\"breadcrumb\":{\"@id\":\"https:\\\/\\\/shopatoa.com\\\/ro\\\/revox-b77-just-daily-sun-shield-crema-protectoare-pentru-fata-spf-50-30-ml\\\/#breadcrumb\"},\"inLanguage\":\"ro-RO\",\"potentialAction\":[{\"@type\":\"ReadAction\",\"target\":[\"https:\\\/\\\/shopatoa.com\\\/ro\\\/revox-b77-just-daily-sun-shield-crema-protectoare-pentru-fata-spf-50-30-ml\\\/\"]}]},{\"@type\":\"ImageObject\",\"inLanguage\":\"ro-RO\",\"@id\":\"https:\\\/\\\/shopatoa.com\\\/ro\\\/revox-b77-just-daily-sun-shield-crema-protectoare-pentru-fata-spf-50-30-ml\\\/#primaryimage\",\"url\":\"https:\\\/\\\/storage.googleapis.com\\\/cz-shopatoa-img\\\/ro\\\/8b914557-unnamed-file.webp\",\"contentUrl\":\"https:\\\/\\\/storage.googleapis.com\\\/cz-shopatoa-img\\\/ro\\\/8b914557-unnamed-file.webp\",\"width\":800,\"height\":800},{\"@type\":\"BreadcrumbList\",\"@id\":\"https:\\\/\\\/shopatoa.com\\\/ro\\\/revox-b77-just-daily-sun-shield-crema-protectoare-pentru-fata-spf-50-30-ml\\\/#breadcrumb\",\"itemListElement\":[{\"@type\":\"ListItem\",\"position\":1,\"name\":\"Dom\u016f\",\"item\":\"https:\\\/\\\/shopatoa.com\\\/ro\\\/\"},{\"@type\":\"ListItem\",\"position\":2,\"name\":\"Shop\",\"item\":\"https:\\\/\\\/shopatoa.com\\\/ro\\\/shop\\\/\"},{\"@type\":\"ListItem\",\"position\":3,\"name\":\"S\u0103n\u0103tate \u0219i frumuse\u021be\",\"item\":\"https:\\\/\\\/shopatoa.com\\\/ro\\\/sanatate-si-frumusete\\\/\"},{\"@type\":\"ListItem\",\"position\":4,\"name\":\"\u00cengrijire personal\u0103\",\"item\":\"https:\\\/\\\/shopatoa.com\\\/ro\\\/ingrijire-personala\\\/\"},{\"@type\":\"ListItem\",\"position\":5,\"name\":\"Cosmetice\",\"item\":\"https:\\\/\\\/shopatoa.com\\\/ro\\\/cosmetice-ingrijire-personala\\\/\"},{\"@type\":\"ListItem\",\"position\":6,\"name\":\"\u00cengrijirea pielii\",\"item\":\"https:\\\/\\\/shopatoa.com\\\/ro\\\/ingrijirea-pielii\\\/\"},{\"@type\":\"ListItem\",\"position\":7,\"name\":\"Revox B77 Just Daily Sun Shield crema protectoare pentru fata SPF 50+ 30 ml\"}]},{\"@type\":\"WebSite\",\"@id\":\"https:\\\/\\\/shopatoa.com\\\/ro\\\/#website\",\"url\":\"https:\\\/\\\/shopatoa.com\\\/ro\\\/\",\"name\":\"SHOPATOA\",\"description\":\"\",\"publisher\":{\"@id\":\"https:\\\/\\\/shopatoa.com\\\/ro\\\/#organization\"},\"potentialAction\":[{\"@type\":\"SearchAction\",\"target\":{\"@type\":\"EntryPoint\",\"urlTemplate\":\"https:\\\/\\\/shopatoa.com\\\/ro\\\/?s={search_term_string}\"},\"query-input\":{\"@type\":\"PropertyValueSpecification\",\"valueRequired\":true,\"valueName\":\"search_term_string\"}}],\"inLanguage\":\"ro-RO\"},{\"@type\":\"Organization\",\"@id\":\"https:\\\/\\\/shopatoa.com\\\/ro\\\/#organization\",\"name\":\"SHOPATOA\",\"url\":\"https:\\\/\\\/shopatoa.com\\\/ro\\\/\",\"logo\":{\"@type\":\"ImageObject\",\"inLanguage\":\"ro-RO\",\"@id\":\"https:\\\/\\\/shopatoa.com\\\/ro\\\/#\\\/schema\\\/logo\\\/image\\\/\",\"url\":\"https:\\\/\\\/storage.googleapis.com\\\/cz-shopatoa-img\\\/ro\\\/b4dac915-shopatoa_logo.png\",\"contentUrl\":\"https:\\\/\\\/storage.googleapis.com\\\/cz-shopatoa-img\\\/ro\\\/b4dac915-shopatoa_logo.png\",\"width\":416,\"height\":63,\"caption\":\"SHOPATOA\"},\"image\":{\"@id\":\"https:\\\/\\\/shopatoa.com\\\/ro\\\/#\\\/schema\\\/logo\\\/image\\\/\"}}]}<\/script>\n<!-- \/ Yoast SEO plugin. -->","yoast_head_json":{"title":"Revox B77 Just Daily Sun Shield crema protectoare pentru fata SPF 50+ 30 ml - SHOPATOA.COM","robots":{"index":"index","follow":"follow","max-snippet":"max-snippet:-1","max-image-preview":"max-image-preview:large","max-video-preview":"max-video-preview:-1"},"canonical":"https:\/\/shopatoa.com\/ro\/revox-b77-just-daily-sun-shield-crema-protectoare-pentru-fata-spf-50-30-ml\/","og_locale":"ro_RO","og_type":"article","og_title":"Revox B77 Just Daily Sun Shield crema protectoare pentru fata SPF 50+ 30 ml - SHOPATOA.COM","og_description":"Revox B77 Just Daily Sun Shield, 30 ml, Protec\u021bie contra radia\u021biilor solare pentru femei, Proteja\u021bi-v\u0103 tenul \u00eempotriva \u00eemb\u0103tr\u00e2nirii premature \u0219i a altor afec\u021biuni cauzate de expunerea la soare. Tenul delicat al fe\u021bei este mult mai sensibil dec\u00e2t pielea celorlalte zone ale corpului \u0219i este expus la razele soarelui pe tot parcursul anului \u2013 de aceea...","og_url":"https:\/\/shopatoa.com\/ro\/revox-b77-just-daily-sun-shield-crema-protectoare-pentru-fata-spf-50-30-ml\/","og_site_name":"SHOPATOA","article_modified_time":"2026-02-04T09:57:07+00:00","og_image":[{"width":800,"height":800,"url":"https:\/\/storage.googleapis.com\/cz-shopatoa-img\/ro\/8b914557-unnamed-file.webp","type":"image\/webp"}],"twitter_card":"summary_large_image","twitter_misc":{"Timp estimat pentru citire":"1 minut"},"schema":{"@context":"https:\/\/schema.org","@graph":[{"@type":"WebPage","@id":"https:\/\/shopatoa.com\/ro\/revox-b77-just-daily-sun-shield-crema-protectoare-pentru-fata-spf-50-30-ml\/","url":"https:\/\/shopatoa.com\/ro\/revox-b77-just-daily-sun-shield-crema-protectoare-pentru-fata-spf-50-30-ml\/","name":"Revox B77 Just Daily Sun Shield crema protectoare pentru fata SPF 50+ 30 ml - SHOPATOA.COM","isPartOf":{"@id":"https:\/\/shopatoa.com\/ro\/#website"},"primaryImageOfPage":{"@id":"https:\/\/shopatoa.com\/ro\/revox-b77-just-daily-sun-shield-crema-protectoare-pentru-fata-spf-50-30-ml\/#primaryimage"},"image":{"@id":"https:\/\/shopatoa.com\/ro\/revox-b77-just-daily-sun-shield-crema-protectoare-pentru-fata-spf-50-30-ml\/#primaryimage"},"thumbnailUrl":"https:\/\/storage.googleapis.com\/cz-shopatoa-img\/ro\/8b914557-unnamed-file.webp","datePublished":"2025-06-25T16:24:19+00:00","dateModified":"2026-02-04T09:57:07+00:00","breadcrumb":{"@id":"https:\/\/shopatoa.com\/ro\/revox-b77-just-daily-sun-shield-crema-protectoare-pentru-fata-spf-50-30-ml\/#breadcrumb"},"inLanguage":"ro-RO","potentialAction":[{"@type":"ReadAction","target":["https:\/\/shopatoa.com\/ro\/revox-b77-just-daily-sun-shield-crema-protectoare-pentru-fata-spf-50-30-ml\/"]}]},{"@type":"ImageObject","inLanguage":"ro-RO","@id":"https:\/\/shopatoa.com\/ro\/revox-b77-just-daily-sun-shield-crema-protectoare-pentru-fata-spf-50-30-ml\/#primaryimage","url":"https:\/\/storage.googleapis.com\/cz-shopatoa-img\/ro\/8b914557-unnamed-file.webp","contentUrl":"https:\/\/storage.googleapis.com\/cz-shopatoa-img\/ro\/8b914557-unnamed-file.webp","width":800,"height":800},{"@type":"BreadcrumbList","@id":"https:\/\/shopatoa.com\/ro\/revox-b77-just-daily-sun-shield-crema-protectoare-pentru-fata-spf-50-30-ml\/#breadcrumb","itemListElement":[{"@type":"ListItem","position":1,"name":"Dom\u016f","item":"https:\/\/shopatoa.com\/ro\/"},{"@type":"ListItem","position":2,"name":"Shop","item":"https:\/\/shopatoa.com\/ro\/shop\/"},{"@type":"ListItem","position":3,"name":"S\u0103n\u0103tate \u0219i frumuse\u021be","item":"https:\/\/shopatoa.com\/ro\/sanatate-si-frumusete\/"},{"@type":"ListItem","position":4,"name":"\u00cengrijire personal\u0103","item":"https:\/\/shopatoa.com\/ro\/ingrijire-personala\/"},{"@type":"ListItem","position":5,"name":"Cosmetice","item":"https:\/\/shopatoa.com\/ro\/cosmetice-ingrijire-personala\/"},{"@type":"ListItem","position":6,"name":"\u00cengrijirea pielii","item":"https:\/\/shopatoa.com\/ro\/ingrijirea-pielii\/"},{"@type":"ListItem","position":7,"name":"Revox B77 Just Daily Sun Shield crema protectoare pentru fata SPF 50+ 30 ml"}]},{"@type":"WebSite","@id":"https:\/\/shopatoa.com\/ro\/#website","url":"https:\/\/shopatoa.com\/ro\/","name":"SHOPATOA","description":"","publisher":{"@id":"https:\/\/shopatoa.com\/ro\/#organization"},"potentialAction":[{"@type":"SearchAction","target":{"@type":"EntryPoint","urlTemplate":"https:\/\/shopatoa.com\/ro\/?s={search_term_string}"},"query-input":{"@type":"PropertyValueSpecification","valueRequired":true,"valueName":"search_term_string"}}],"inLanguage":"ro-RO"},{"@type":"Organization","@id":"https:\/\/shopatoa.com\/ro\/#organization","name":"SHOPATOA","url":"https:\/\/shopatoa.com\/ro\/","logo":{"@type":"ImageObject","inLanguage":"ro-RO","@id":"https:\/\/shopatoa.com\/ro\/#\/schema\/logo\/image\/","url":"https:\/\/storage.googleapis.com\/cz-shopatoa-img\/ro\/b4dac915-shopatoa_logo.png","contentUrl":"https:\/\/storage.googleapis.com\/cz-shopatoa-img\/ro\/b4dac915-shopatoa_logo.png","width":416,"height":63,"caption":"SHOPATOA"},"image":{"@id":"https:\/\/shopatoa.com\/ro\/#\/schema\/logo\/image\/"}}]}},"_links":{"self":[{"href":"https:\/\/shopatoa.com\/ro\/wp-json\/wp\/v2\/product\/454927","targetHints":{"allow":["GET"]}}],"collection":[{"href":"https:\/\/shopatoa.com\/ro\/wp-json\/wp\/v2\/product"}],"about":[{"href":"https:\/\/shopatoa.com\/ro\/wp-json\/wp\/v2\/types\/product"}],"replies":[{"embeddable":true,"href":"https:\/\/shopatoa.com\/ro\/wp-json\/wp\/v2\/comments?post=454927"}],"wp:featuredmedia":[{"embeddable":true,"href":"https:\/\/shopatoa.com\/ro\/wp-json\/wp\/v2\/media\/454928"}],"wp:attachment":[{"href":"https:\/\/shopatoa.com\/ro\/wp-json\/wp\/v2\/media?parent=454927"}],"wp:term":[{"taxonomy":"product_brand","embeddable":true,"href":"https:\/\/shopatoa.com\/ro\/wp-json\/wp\/v2\/product_brand?post=454927"},{"taxonomy":"product_cat","embeddable":true,"href":"https:\/\/shopatoa.com\/ro\/wp-json\/wp\/v2\/product_cat?post=454927"},{"taxonomy":"product_tag","embeddable":true,"href":"https:\/\/shopatoa.com\/ro\/wp-json\/wp\/v2\/product_tag?post=454927"}],"curies":[{"name":"wp","href":"https:\/\/api.w.org\/{rel}","templated":true}]}}