{"id":455259,"date":"2025-06-25T18:52:01","date_gmt":"2025-06-25T16:52:01","guid":{"rendered":"https:\/\/shopatoa.com\/ro\/farmstay-black-snail-premium-ser-de-ochi-pentru-intinerire-25-ml\/"},"modified":"2026-02-04T10:06:13","modified_gmt":"2026-02-04T09:06:13","slug":"farmstay-black-snail-premium-ser-de-ochi-pentru-intinerire-25-ml","status":"publish","type":"product","link":"https:\/\/shopatoa.com\/ro\/farmstay-black-snail-premium-ser-de-ochi-pentru-intinerire-25-ml\/","title":{"rendered":"Farmstay Black Snail Premium Ser de Ochi pentru \u00centinerire 25 ml"},"content":{"rendered":"<p>Farmstay Black Snail Premium, 25 ml, Ser pentru ochi pentru femei, Zona ochilor este extrem de sensibil\u0103, tenul acesteia fiind foarte sub\u021bire \u0219i fragil \u0219i, prin urmare, mai predispus la semnele de oboseal\u0103 \u0219i \u00eemb\u0103tr\u00e2nire. De aceea, necesit\u0103 o \u00eengrijire special\u0103, cu o compozi\u021bie \u0219i consisten\u021b\u0103 concepute exact pentru nevoile ei. Serul de ochi Farmstay Black Snail Premium v\u0103 va completa perfect crema preferat\u0103, ori de c\u00e2te ori sim\u021bi\u021bi c\u0103 \u00eengrijirea obi\u0219nuit\u0103 a ochilor nu este suficient\u0103. R\u0103sfa\u021b\u0103 tenul din zona ochilor \u0219i ofer\u0103 o \u00eengrijire intensiv\u0103. Datorit\u0103 concentra\u021biei ridicate de substan\u021be active, efectul s\u0103u asupra tenului va fi mult mai intens \u0219i mai rapid dec\u00e2t \u00een cazul unei creme de fa\u021b\u0103 obi\u0219nuite sau a unei creme de ochi.  Caracteristici:  combate \u00eemb\u0103tr\u00e2nirea pielii neteze\u0219te eficient liniile \u0219i ridurile fine hidrateaz\u0103 \u0219i regenereaz\u0103 pielea \u00een profunzime hr\u0103ne\u0219te intens zona ochilor  Cum se utilizeaz\u0103: Se utilizeaz\u0103 \u00een fiecare diminea\u021b\u0103 \u0219i sear\u0103. Se aplic\u0103 pe zona curat\u0103 din jurul ochilor \u0219i se tapoteaz\u0103 u\u0219or, cu v\u00e2rfurile degetelor.<\/p>\n","protected":false},"excerpt":{"rendered":"<p>Farmstay Black Snail Premium, 25 ml, Ser pentru ochi pentru femei, Zona ochilor este extrem de sensibil\u0103, tenul acesteia fiind foarte sub\u021bire \u0219i fragil \u0219i, prin urmare, mai predispus la semnele de oboseal\u0103 \u0219i \u00eemb\u0103tr\u00e2nire. De aceea, necesit\u0103 o \u00eengrijire special\u0103, cu o compozi\u021bie \u0219i consisten\u021b\u0103 concepute exact pentru nevoile ei. Serul de ochi Farmstay&#8230;<\/p>\n","protected":false},"featured_media":455260,"comment_status":"closed","ping_status":"open","template":"","meta":{"_acf_changed":false,"_kadence_starter_templates_imported_post":false,"_kad_post_transparent":"","_kad_post_title":"","_kad_post_layout":"","_kad_post_sidebar_id":"","_kad_post_content_style":"","_kad_post_vertical_padding":"","_kad_post_feature":"","_kad_post_feature_position":"","_kad_post_header":false,"_kad_post_footer":false,"_kad_post_classname":""},"product_brand":[2482],"product_cat":[1564,1563,1565,1562],"product_tag":[],"class_list":{"0":"post-455259","1":"product","2":"type-product","3":"status-publish","4":"has-post-thumbnail","6":"product_brand-farmstay","7":"product_cat-cosmetice-ingrijire-personala","8":"product_cat-ingrijire-personala","9":"product_cat-ingrijirea-pielii","10":"product_cat-sanatate-si-frumusete","11":"pa_gen-female","12":"pa_marime-25-ml","14":"first","15":"instock","16":"product-type-external","17":"entry","18":"content-bg","19":"loop-entry"},"acf":[],"yoast_head":"<!-- This site is optimized with the Yoast SEO plugin v27.4 - https:\/\/yoast.com\/product\/yoast-seo-wordpress\/ -->\n<title>Farmstay Black Snail Premium Ser de Ochi pentru \u00centinerire 25 ml - SHOPATOA.COM<\/title>\n<meta name=\"robots\" content=\"index, follow, max-snippet:-1, max-image-preview:large, max-video-preview:-1\" \/>\n<link rel=\"canonical\" href=\"https:\/\/shopatoa.com\/ro\/farmstay-black-snail-premium-ser-de-ochi-pentru-intinerire-25-ml\/\" \/>\n<meta property=\"og:locale\" content=\"ro_RO\" \/>\n<meta property=\"og:type\" content=\"article\" \/>\n<meta property=\"og:title\" content=\"Farmstay Black Snail Premium Ser de Ochi pentru \u00centinerire 25 ml - SHOPATOA.COM\" \/>\n<meta property=\"og:description\" content=\"Farmstay Black Snail Premium, 25 ml, Ser pentru ochi pentru femei, Zona ochilor este extrem de sensibil\u0103, tenul acesteia fiind foarte sub\u021bire \u0219i fragil \u0219i, prin urmare, mai predispus la semnele de oboseal\u0103 \u0219i \u00eemb\u0103tr\u00e2nire. De aceea, necesit\u0103 o \u00eengrijire special\u0103, cu o compozi\u021bie \u0219i consisten\u021b\u0103 concepute exact pentru nevoile ei. Serul de ochi Farmstay...\" \/>\n<meta property=\"og:url\" content=\"https:\/\/shopatoa.com\/ro\/farmstay-black-snail-premium-ser-de-ochi-pentru-intinerire-25-ml\/\" \/>\n<meta property=\"og:site_name\" content=\"SHOPATOA\" \/>\n<meta property=\"article:modified_time\" content=\"2026-02-04T09:06:13+00:00\" \/>\n<meta property=\"og:image\" content=\"https:\/\/storage.googleapis.com\/cz-shopatoa-img\/ro\/7d5ba292-unnamed-file.webp\" \/>\n\t<meta property=\"og:image:width\" content=\"800\" \/>\n\t<meta property=\"og:image:height\" content=\"800\" \/>\n\t<meta property=\"og:image:type\" content=\"image\/webp\" \/>\n<meta name=\"twitter:card\" content=\"summary_large_image\" \/>\n<meta name=\"twitter:label1\" content=\"Timp estimat pentru citire\" \/>\n\t<meta name=\"twitter:data1\" content=\"1 minut\" \/>\n<script type=\"application\/ld+json\" class=\"yoast-schema-graph\">{\"@context\":\"https:\\\/\\\/schema.org\",\"@graph\":[{\"@type\":\"WebPage\",\"@id\":\"https:\\\/\\\/shopatoa.com\\\/ro\\\/farmstay-black-snail-premium-ser-de-ochi-pentru-intinerire-25-ml\\\/\",\"url\":\"https:\\\/\\\/shopatoa.com\\\/ro\\\/farmstay-black-snail-premium-ser-de-ochi-pentru-intinerire-25-ml\\\/\",\"name\":\"Farmstay Black Snail Premium Ser de Ochi pentru \u00centinerire 25 ml - SHOPATOA.COM\",\"isPartOf\":{\"@id\":\"https:\\\/\\\/shopatoa.com\\\/ro\\\/#website\"},\"primaryImageOfPage\":{\"@id\":\"https:\\\/\\\/shopatoa.com\\\/ro\\\/farmstay-black-snail-premium-ser-de-ochi-pentru-intinerire-25-ml\\\/#primaryimage\"},\"image\":{\"@id\":\"https:\\\/\\\/shopatoa.com\\\/ro\\\/farmstay-black-snail-premium-ser-de-ochi-pentru-intinerire-25-ml\\\/#primaryimage\"},\"thumbnailUrl\":\"https:\\\/\\\/storage.googleapis.com\\\/cz-shopatoa-img\\\/ro\\\/7d5ba292-unnamed-file.webp\",\"datePublished\":\"2025-06-25T16:52:01+00:00\",\"dateModified\":\"2026-02-04T09:06:13+00:00\",\"breadcrumb\":{\"@id\":\"https:\\\/\\\/shopatoa.com\\\/ro\\\/farmstay-black-snail-premium-ser-de-ochi-pentru-intinerire-25-ml\\\/#breadcrumb\"},\"inLanguage\":\"ro-RO\",\"potentialAction\":[{\"@type\":\"ReadAction\",\"target\":[\"https:\\\/\\\/shopatoa.com\\\/ro\\\/farmstay-black-snail-premium-ser-de-ochi-pentru-intinerire-25-ml\\\/\"]}]},{\"@type\":\"ImageObject\",\"inLanguage\":\"ro-RO\",\"@id\":\"https:\\\/\\\/shopatoa.com\\\/ro\\\/farmstay-black-snail-premium-ser-de-ochi-pentru-intinerire-25-ml\\\/#primaryimage\",\"url\":\"https:\\\/\\\/storage.googleapis.com\\\/cz-shopatoa-img\\\/ro\\\/7d5ba292-unnamed-file.webp\",\"contentUrl\":\"https:\\\/\\\/storage.googleapis.com\\\/cz-shopatoa-img\\\/ro\\\/7d5ba292-unnamed-file.webp\",\"width\":800,\"height\":800},{\"@type\":\"BreadcrumbList\",\"@id\":\"https:\\\/\\\/shopatoa.com\\\/ro\\\/farmstay-black-snail-premium-ser-de-ochi-pentru-intinerire-25-ml\\\/#breadcrumb\",\"itemListElement\":[{\"@type\":\"ListItem\",\"position\":1,\"name\":\"Dom\u016f\",\"item\":\"https:\\\/\\\/shopatoa.com\\\/ro\\\/\"},{\"@type\":\"ListItem\",\"position\":2,\"name\":\"Shop\",\"item\":\"https:\\\/\\\/shopatoa.com\\\/ro\\\/shop\\\/\"},{\"@type\":\"ListItem\",\"position\":3,\"name\":\"S\u0103n\u0103tate \u0219i frumuse\u021be\",\"item\":\"https:\\\/\\\/shopatoa.com\\\/ro\\\/sanatate-si-frumusete\\\/\"},{\"@type\":\"ListItem\",\"position\":4,\"name\":\"\u00cengrijire personal\u0103\",\"item\":\"https:\\\/\\\/shopatoa.com\\\/ro\\\/ingrijire-personala\\\/\"},{\"@type\":\"ListItem\",\"position\":5,\"name\":\"Cosmetice\",\"item\":\"https:\\\/\\\/shopatoa.com\\\/ro\\\/cosmetice-ingrijire-personala\\\/\"},{\"@type\":\"ListItem\",\"position\":6,\"name\":\"\u00cengrijirea pielii\",\"item\":\"https:\\\/\\\/shopatoa.com\\\/ro\\\/ingrijirea-pielii\\\/\"},{\"@type\":\"ListItem\",\"position\":7,\"name\":\"Farmstay Black Snail Premium Ser de Ochi pentru \u00centinerire 25 ml\"}]},{\"@type\":\"WebSite\",\"@id\":\"https:\\\/\\\/shopatoa.com\\\/ro\\\/#website\",\"url\":\"https:\\\/\\\/shopatoa.com\\\/ro\\\/\",\"name\":\"SHOPATOA\",\"description\":\"\",\"publisher\":{\"@id\":\"https:\\\/\\\/shopatoa.com\\\/ro\\\/#organization\"},\"potentialAction\":[{\"@type\":\"SearchAction\",\"target\":{\"@type\":\"EntryPoint\",\"urlTemplate\":\"https:\\\/\\\/shopatoa.com\\\/ro\\\/?s={search_term_string}\"},\"query-input\":{\"@type\":\"PropertyValueSpecification\",\"valueRequired\":true,\"valueName\":\"search_term_string\"}}],\"inLanguage\":\"ro-RO\"},{\"@type\":\"Organization\",\"@id\":\"https:\\\/\\\/shopatoa.com\\\/ro\\\/#organization\",\"name\":\"SHOPATOA\",\"url\":\"https:\\\/\\\/shopatoa.com\\\/ro\\\/\",\"logo\":{\"@type\":\"ImageObject\",\"inLanguage\":\"ro-RO\",\"@id\":\"https:\\\/\\\/shopatoa.com\\\/ro\\\/#\\\/schema\\\/logo\\\/image\\\/\",\"url\":\"https:\\\/\\\/storage.googleapis.com\\\/cz-shopatoa-img\\\/ro\\\/b4dac915-shopatoa_logo.png\",\"contentUrl\":\"https:\\\/\\\/storage.googleapis.com\\\/cz-shopatoa-img\\\/ro\\\/b4dac915-shopatoa_logo.png\",\"width\":416,\"height\":63,\"caption\":\"SHOPATOA\"},\"image\":{\"@id\":\"https:\\\/\\\/shopatoa.com\\\/ro\\\/#\\\/schema\\\/logo\\\/image\\\/\"}}]}<\/script>\n<!-- \/ Yoast SEO plugin. -->","yoast_head_json":{"title":"Farmstay Black Snail Premium Ser de Ochi pentru \u00centinerire 25 ml - SHOPATOA.COM","robots":{"index":"index","follow":"follow","max-snippet":"max-snippet:-1","max-image-preview":"max-image-preview:large","max-video-preview":"max-video-preview:-1"},"canonical":"https:\/\/shopatoa.com\/ro\/farmstay-black-snail-premium-ser-de-ochi-pentru-intinerire-25-ml\/","og_locale":"ro_RO","og_type":"article","og_title":"Farmstay Black Snail Premium Ser de Ochi pentru \u00centinerire 25 ml - SHOPATOA.COM","og_description":"Farmstay Black Snail Premium, 25 ml, Ser pentru ochi pentru femei, Zona ochilor este extrem de sensibil\u0103, tenul acesteia fiind foarte sub\u021bire \u0219i fragil \u0219i, prin urmare, mai predispus la semnele de oboseal\u0103 \u0219i \u00eemb\u0103tr\u00e2nire. De aceea, necesit\u0103 o \u00eengrijire special\u0103, cu o compozi\u021bie \u0219i consisten\u021b\u0103 concepute exact pentru nevoile ei. Serul de ochi Farmstay...","og_url":"https:\/\/shopatoa.com\/ro\/farmstay-black-snail-premium-ser-de-ochi-pentru-intinerire-25-ml\/","og_site_name":"SHOPATOA","article_modified_time":"2026-02-04T09:06:13+00:00","og_image":[{"width":800,"height":800,"url":"https:\/\/storage.googleapis.com\/cz-shopatoa-img\/ro\/7d5ba292-unnamed-file.webp","type":"image\/webp"}],"twitter_card":"summary_large_image","twitter_misc":{"Timp estimat pentru citire":"1 minut"},"schema":{"@context":"https:\/\/schema.org","@graph":[{"@type":"WebPage","@id":"https:\/\/shopatoa.com\/ro\/farmstay-black-snail-premium-ser-de-ochi-pentru-intinerire-25-ml\/","url":"https:\/\/shopatoa.com\/ro\/farmstay-black-snail-premium-ser-de-ochi-pentru-intinerire-25-ml\/","name":"Farmstay Black Snail Premium Ser de Ochi pentru \u00centinerire 25 ml - SHOPATOA.COM","isPartOf":{"@id":"https:\/\/shopatoa.com\/ro\/#website"},"primaryImageOfPage":{"@id":"https:\/\/shopatoa.com\/ro\/farmstay-black-snail-premium-ser-de-ochi-pentru-intinerire-25-ml\/#primaryimage"},"image":{"@id":"https:\/\/shopatoa.com\/ro\/farmstay-black-snail-premium-ser-de-ochi-pentru-intinerire-25-ml\/#primaryimage"},"thumbnailUrl":"https:\/\/storage.googleapis.com\/cz-shopatoa-img\/ro\/7d5ba292-unnamed-file.webp","datePublished":"2025-06-25T16:52:01+00:00","dateModified":"2026-02-04T09:06:13+00:00","breadcrumb":{"@id":"https:\/\/shopatoa.com\/ro\/farmstay-black-snail-premium-ser-de-ochi-pentru-intinerire-25-ml\/#breadcrumb"},"inLanguage":"ro-RO","potentialAction":[{"@type":"ReadAction","target":["https:\/\/shopatoa.com\/ro\/farmstay-black-snail-premium-ser-de-ochi-pentru-intinerire-25-ml\/"]}]},{"@type":"ImageObject","inLanguage":"ro-RO","@id":"https:\/\/shopatoa.com\/ro\/farmstay-black-snail-premium-ser-de-ochi-pentru-intinerire-25-ml\/#primaryimage","url":"https:\/\/storage.googleapis.com\/cz-shopatoa-img\/ro\/7d5ba292-unnamed-file.webp","contentUrl":"https:\/\/storage.googleapis.com\/cz-shopatoa-img\/ro\/7d5ba292-unnamed-file.webp","width":800,"height":800},{"@type":"BreadcrumbList","@id":"https:\/\/shopatoa.com\/ro\/farmstay-black-snail-premium-ser-de-ochi-pentru-intinerire-25-ml\/#breadcrumb","itemListElement":[{"@type":"ListItem","position":1,"name":"Dom\u016f","item":"https:\/\/shopatoa.com\/ro\/"},{"@type":"ListItem","position":2,"name":"Shop","item":"https:\/\/shopatoa.com\/ro\/shop\/"},{"@type":"ListItem","position":3,"name":"S\u0103n\u0103tate \u0219i frumuse\u021be","item":"https:\/\/shopatoa.com\/ro\/sanatate-si-frumusete\/"},{"@type":"ListItem","position":4,"name":"\u00cengrijire personal\u0103","item":"https:\/\/shopatoa.com\/ro\/ingrijire-personala\/"},{"@type":"ListItem","position":5,"name":"Cosmetice","item":"https:\/\/shopatoa.com\/ro\/cosmetice-ingrijire-personala\/"},{"@type":"ListItem","position":6,"name":"\u00cengrijirea pielii","item":"https:\/\/shopatoa.com\/ro\/ingrijirea-pielii\/"},{"@type":"ListItem","position":7,"name":"Farmstay Black Snail Premium Ser de Ochi pentru \u00centinerire 25 ml"}]},{"@type":"WebSite","@id":"https:\/\/shopatoa.com\/ro\/#website","url":"https:\/\/shopatoa.com\/ro\/","name":"SHOPATOA","description":"","publisher":{"@id":"https:\/\/shopatoa.com\/ro\/#organization"},"potentialAction":[{"@type":"SearchAction","target":{"@type":"EntryPoint","urlTemplate":"https:\/\/shopatoa.com\/ro\/?s={search_term_string}"},"query-input":{"@type":"PropertyValueSpecification","valueRequired":true,"valueName":"search_term_string"}}],"inLanguage":"ro-RO"},{"@type":"Organization","@id":"https:\/\/shopatoa.com\/ro\/#organization","name":"SHOPATOA","url":"https:\/\/shopatoa.com\/ro\/","logo":{"@type":"ImageObject","inLanguage":"ro-RO","@id":"https:\/\/shopatoa.com\/ro\/#\/schema\/logo\/image\/","url":"https:\/\/storage.googleapis.com\/cz-shopatoa-img\/ro\/b4dac915-shopatoa_logo.png","contentUrl":"https:\/\/storage.googleapis.com\/cz-shopatoa-img\/ro\/b4dac915-shopatoa_logo.png","width":416,"height":63,"caption":"SHOPATOA"},"image":{"@id":"https:\/\/shopatoa.com\/ro\/#\/schema\/logo\/image\/"}}]}},"_links":{"self":[{"href":"https:\/\/shopatoa.com\/ro\/wp-json\/wp\/v2\/product\/455259","targetHints":{"allow":["GET"]}}],"collection":[{"href":"https:\/\/shopatoa.com\/ro\/wp-json\/wp\/v2\/product"}],"about":[{"href":"https:\/\/shopatoa.com\/ro\/wp-json\/wp\/v2\/types\/product"}],"replies":[{"embeddable":true,"href":"https:\/\/shopatoa.com\/ro\/wp-json\/wp\/v2\/comments?post=455259"}],"wp:featuredmedia":[{"embeddable":true,"href":"https:\/\/shopatoa.com\/ro\/wp-json\/wp\/v2\/media\/455260"}],"wp:attachment":[{"href":"https:\/\/shopatoa.com\/ro\/wp-json\/wp\/v2\/media?parent=455259"}],"wp:term":[{"taxonomy":"product_brand","embeddable":true,"href":"https:\/\/shopatoa.com\/ro\/wp-json\/wp\/v2\/product_brand?post=455259"},{"taxonomy":"product_cat","embeddable":true,"href":"https:\/\/shopatoa.com\/ro\/wp-json\/wp\/v2\/product_cat?post=455259"},{"taxonomy":"product_tag","embeddable":true,"href":"https:\/\/shopatoa.com\/ro\/wp-json\/wp\/v2\/product_tag?post=455259"}],"curies":[{"name":"wp","href":"https:\/\/api.w.org\/{rel}","templated":true}]}}