{"id":455505,"date":"2025-06-25T19:15:23","date_gmt":"2025-06-25T17:15:23","guid":{"rendered":"https:\/\/shopatoa.com\/ro\/air-wick-freshmatic-white-flowers-odorizant-de-camera-rezerva-250-ml\/"},"modified":"2026-02-04T09:27:35","modified_gmt":"2026-02-04T08:27:35","slug":"air-wick-freshmatic-white-flowers-odorizant-de-camera-rezerva-250-ml","status":"publish","type":"product","link":"https:\/\/shopatoa.com\/ro\/air-wick-freshmatic-white-flowers-odorizant-de-camera-rezerva-250-ml\/","title":{"rendered":"Air Wick Freshmatic White Flowers odorizant de camera rezerv\u0103 250 ml"},"content":{"rendered":"<p>Air Wick Freshmatic White Flowers, 250 ml, Odorizante de camer\u0103 Parfumuri pentru casa, Odorizantul de camer\u0103 Air Wick Freshmatic White Flowers creeaz\u0103 \u00een interior un mediu parfumat \u0219i o atmosfer\u0103 pl\u0103cut\u0103. Neutralizeaz\u0103 mirosurile \u0219i combate instantaneu aromele nedorite din \u00eenc\u0103pere.  Caracteristici:  parfum floral parfum proasp\u0103t parfum de prim\u0103var\u0103  Cum se utilizeaz\u0103: A nu se l\u0103sa la \u00eendem\u00e2na copiilor \u0219i a animalelor de companie. \u00cen cazul \u00een care con\u021binutul difuzorului intr\u0103 \u00een contact cu pielea, aceasta se spal\u0103 imediat cu mult\u0103 ap\u0103 \u0219i s\u0103pun. \u00cen cazul contactului cu ochii, se vor cl\u0103ti cu ap\u0103 timp de c\u00e2teva minute.<\/p>\n","protected":false},"excerpt":{"rendered":"<p>Air Wick Freshmatic White Flowers, 250 ml, Odorizante de camer\u0103 Parfumuri pentru casa, Odorizantul de camer\u0103 Air Wick Freshmatic White Flowers creeaz\u0103 \u00een interior un mediu parfumat \u0219i o atmosfer\u0103 pl\u0103cut\u0103. Neutralizeaz\u0103 mirosurile \u0219i combate instantaneu aromele nedorite din \u00eenc\u0103pere. Caracteristici: parfum floral parfum proasp\u0103t parfum de prim\u0103var\u0103 Cum se utilizeaz\u0103: A nu se l\u0103sa&#8230;<\/p>\n","protected":false},"featured_media":455506,"comment_status":"closed","ping_status":"open","template":"","meta":{"_acf_changed":false,"_kadence_starter_templates_imported_post":false,"_kad_post_transparent":"","_kad_post_title":"","_kad_post_layout":"","_kad_post_sidebar_id":"","_kad_post_content_style":"","_kad_post_vertical_padding":"","_kad_post_feature":"","_kad_post_feature_position":"","_kad_post_header":false,"_kad_post_footer":false,"_kad_post_classname":""},"product_brand":[2674],"product_cat":[1821,1642,1822,1641,1820,1824,1823],"product_tag":[],"class_list":{"0":"post-455505","1":"product","2":"type-product","3":"status-publish","4":"has-post-thumbnail","6":"product_brand-air-wick","7":"product_cat-air-fresheners-casa-si-gradina","8":"product_cat-decor","9":"product_cat-decoratiuni","10":"product_cat-home-garden","11":"product_cat-home-fragrances","12":"product_cat-odorizante-de-aer","13":"product_cat-parfumuri-de-casa-decoratiuni","14":"pa_gen-unisex","15":"pa_marime-250-ml","17":"first","18":"instock","19":"product-type-external","20":"entry","21":"content-bg","22":"loop-entry"},"acf":[],"yoast_head":"<!-- This site is optimized with the Yoast SEO plugin v27.3 - https:\/\/yoast.com\/product\/yoast-seo-wordpress\/ -->\n<title>Air Wick Freshmatic White Flowers odorizant de camera rezerv\u0103 250 ml - SHOPATOA.COM<\/title>\n<meta name=\"robots\" content=\"index, follow, max-snippet:-1, max-image-preview:large, max-video-preview:-1\" \/>\n<link rel=\"canonical\" href=\"https:\/\/shopatoa.com\/ro\/air-wick-freshmatic-white-flowers-odorizant-de-camera-rezerva-250-ml\/\" \/>\n<meta property=\"og:locale\" content=\"ro_RO\" \/>\n<meta property=\"og:type\" content=\"article\" \/>\n<meta property=\"og:title\" content=\"Air Wick Freshmatic White Flowers odorizant de camera rezerv\u0103 250 ml - SHOPATOA.COM\" \/>\n<meta property=\"og:description\" content=\"Air Wick Freshmatic White Flowers, 250 ml, Odorizante de camer\u0103 Parfumuri pentru casa, Odorizantul de camer\u0103 Air Wick Freshmatic White Flowers creeaz\u0103 \u00een interior un mediu parfumat \u0219i o atmosfer\u0103 pl\u0103cut\u0103. Neutralizeaz\u0103 mirosurile \u0219i combate instantaneu aromele nedorite din \u00eenc\u0103pere. Caracteristici: parfum floral parfum proasp\u0103t parfum de prim\u0103var\u0103 Cum se utilizeaz\u0103: A nu se l\u0103sa...\" \/>\n<meta property=\"og:url\" content=\"https:\/\/shopatoa.com\/ro\/air-wick-freshmatic-white-flowers-odorizant-de-camera-rezerva-250-ml\/\" \/>\n<meta property=\"og:site_name\" content=\"SHOPATOA\" \/>\n<meta property=\"article:modified_time\" content=\"2026-02-04T08:27:35+00:00\" \/>\n<meta property=\"og:image\" content=\"https:\/\/storage.googleapis.com\/cz-shopatoa-img\/ro\/a57006ea-unnamed-file.webp\" \/>\n\t<meta property=\"og:image:width\" content=\"800\" \/>\n\t<meta property=\"og:image:height\" content=\"800\" \/>\n\t<meta property=\"og:image:type\" content=\"image\/webp\" \/>\n<meta name=\"twitter:card\" content=\"summary_large_image\" \/>\n<meta name=\"twitter:label1\" content=\"Timp estimat pentru citire\" \/>\n\t<meta name=\"twitter:data1\" content=\"1 minut\" \/>\n<script type=\"application\/ld+json\" class=\"yoast-schema-graph\">{\"@context\":\"https:\\\/\\\/schema.org\",\"@graph\":[{\"@type\":\"WebPage\",\"@id\":\"https:\\\/\\\/shopatoa.com\\\/ro\\\/air-wick-freshmatic-white-flowers-odorizant-de-camera-rezerva-250-ml\\\/\",\"url\":\"https:\\\/\\\/shopatoa.com\\\/ro\\\/air-wick-freshmatic-white-flowers-odorizant-de-camera-rezerva-250-ml\\\/\",\"name\":\"Air Wick Freshmatic White Flowers odorizant de camera rezerv\u0103 250 ml - SHOPATOA.COM\",\"isPartOf\":{\"@id\":\"https:\\\/\\\/shopatoa.com\\\/ro\\\/#website\"},\"primaryImageOfPage\":{\"@id\":\"https:\\\/\\\/shopatoa.com\\\/ro\\\/air-wick-freshmatic-white-flowers-odorizant-de-camera-rezerva-250-ml\\\/#primaryimage\"},\"image\":{\"@id\":\"https:\\\/\\\/shopatoa.com\\\/ro\\\/air-wick-freshmatic-white-flowers-odorizant-de-camera-rezerva-250-ml\\\/#primaryimage\"},\"thumbnailUrl\":\"https:\\\/\\\/storage.googleapis.com\\\/cz-shopatoa-img\\\/ro\\\/a57006ea-unnamed-file.webp\",\"datePublished\":\"2025-06-25T17:15:23+00:00\",\"dateModified\":\"2026-02-04T08:27:35+00:00\",\"breadcrumb\":{\"@id\":\"https:\\\/\\\/shopatoa.com\\\/ro\\\/air-wick-freshmatic-white-flowers-odorizant-de-camera-rezerva-250-ml\\\/#breadcrumb\"},\"inLanguage\":\"ro-RO\",\"potentialAction\":[{\"@type\":\"ReadAction\",\"target\":[\"https:\\\/\\\/shopatoa.com\\\/ro\\\/air-wick-freshmatic-white-flowers-odorizant-de-camera-rezerva-250-ml\\\/\"]}]},{\"@type\":\"ImageObject\",\"inLanguage\":\"ro-RO\",\"@id\":\"https:\\\/\\\/shopatoa.com\\\/ro\\\/air-wick-freshmatic-white-flowers-odorizant-de-camera-rezerva-250-ml\\\/#primaryimage\",\"url\":\"https:\\\/\\\/storage.googleapis.com\\\/cz-shopatoa-img\\\/ro\\\/a57006ea-unnamed-file.webp\",\"contentUrl\":\"https:\\\/\\\/storage.googleapis.com\\\/cz-shopatoa-img\\\/ro\\\/a57006ea-unnamed-file.webp\",\"width\":800,\"height\":800},{\"@type\":\"BreadcrumbList\",\"@id\":\"https:\\\/\\\/shopatoa.com\\\/ro\\\/air-wick-freshmatic-white-flowers-odorizant-de-camera-rezerva-250-ml\\\/#breadcrumb\",\"itemListElement\":[{\"@type\":\"ListItem\",\"position\":1,\"name\":\"Dom\u016f\",\"item\":\"https:\\\/\\\/shopatoa.com\\\/ro\\\/\"},{\"@type\":\"ListItem\",\"position\":2,\"name\":\"Shop\",\"item\":\"https:\\\/\\\/shopatoa.com\\\/ro\\\/shop\\\/\"},{\"@type\":\"ListItem\",\"position\":3,\"name\":\"Home &amp; Garden\",\"item\":\"https:\\\/\\\/shopatoa.com\\\/ro\\\/home-garden\\\/\"},{\"@type\":\"ListItem\",\"position\":4,\"name\":\"Decor\",\"item\":\"https:\\\/\\\/shopatoa.com\\\/ro\\\/decor\\\/\"},{\"@type\":\"ListItem\",\"position\":5,\"name\":\"Home Fragrances\",\"item\":\"https:\\\/\\\/shopatoa.com\\\/ro\\\/home-fragrances\\\/\"},{\"@type\":\"ListItem\",\"position\":6,\"name\":\"Air Fresheners Casa \u0219i gr\u0103din\u0103\",\"item\":\"https:\\\/\\\/shopatoa.com\\\/ro\\\/air-fresheners-casa-si-gradina\\\/\"},{\"@type\":\"ListItem\",\"position\":7,\"name\":\"Decora\u021biuni\",\"item\":\"https:\\\/\\\/shopatoa.com\\\/ro\\\/decoratiuni\\\/\"},{\"@type\":\"ListItem\",\"position\":8,\"name\":\"Parfumuri de cas\u0103\",\"item\":\"https:\\\/\\\/shopatoa.com\\\/ro\\\/parfumuri-de-casa-decoratiuni\\\/\"},{\"@type\":\"ListItem\",\"position\":9,\"name\":\"Odorizante de aer\",\"item\":\"https:\\\/\\\/shopatoa.com\\\/ro\\\/odorizante-de-aer\\\/\"},{\"@type\":\"ListItem\",\"position\":10,\"name\":\"Air Wick Freshmatic White Flowers odorizant de camera rezerv\u0103 250 ml\"}]},{\"@type\":\"WebSite\",\"@id\":\"https:\\\/\\\/shopatoa.com\\\/ro\\\/#website\",\"url\":\"https:\\\/\\\/shopatoa.com\\\/ro\\\/\",\"name\":\"SHOPATOA\",\"description\":\"\",\"publisher\":{\"@id\":\"https:\\\/\\\/shopatoa.com\\\/ro\\\/#organization\"},\"potentialAction\":[{\"@type\":\"SearchAction\",\"target\":{\"@type\":\"EntryPoint\",\"urlTemplate\":\"https:\\\/\\\/shopatoa.com\\\/ro\\\/?s={search_term_string}\"},\"query-input\":{\"@type\":\"PropertyValueSpecification\",\"valueRequired\":true,\"valueName\":\"search_term_string\"}}],\"inLanguage\":\"ro-RO\"},{\"@type\":\"Organization\",\"@id\":\"https:\\\/\\\/shopatoa.com\\\/ro\\\/#organization\",\"name\":\"SHOPATOA\",\"url\":\"https:\\\/\\\/shopatoa.com\\\/ro\\\/\",\"logo\":{\"@type\":\"ImageObject\",\"inLanguage\":\"ro-RO\",\"@id\":\"https:\\\/\\\/shopatoa.com\\\/ro\\\/#\\\/schema\\\/logo\\\/image\\\/\",\"url\":\"https:\\\/\\\/storage.googleapis.com\\\/cz-shopatoa-img\\\/ro\\\/b4dac915-shopatoa_logo.png\",\"contentUrl\":\"https:\\\/\\\/storage.googleapis.com\\\/cz-shopatoa-img\\\/ro\\\/b4dac915-shopatoa_logo.png\",\"width\":416,\"height\":63,\"caption\":\"SHOPATOA\"},\"image\":{\"@id\":\"https:\\\/\\\/shopatoa.com\\\/ro\\\/#\\\/schema\\\/logo\\\/image\\\/\"}}]}<\/script>\n<!-- \/ Yoast SEO plugin. -->","yoast_head_json":{"title":"Air Wick Freshmatic White Flowers odorizant de camera rezerv\u0103 250 ml - SHOPATOA.COM","robots":{"index":"index","follow":"follow","max-snippet":"max-snippet:-1","max-image-preview":"max-image-preview:large","max-video-preview":"max-video-preview:-1"},"canonical":"https:\/\/shopatoa.com\/ro\/air-wick-freshmatic-white-flowers-odorizant-de-camera-rezerva-250-ml\/","og_locale":"ro_RO","og_type":"article","og_title":"Air Wick Freshmatic White Flowers odorizant de camera rezerv\u0103 250 ml - SHOPATOA.COM","og_description":"Air Wick Freshmatic White Flowers, 250 ml, Odorizante de camer\u0103 Parfumuri pentru casa, Odorizantul de camer\u0103 Air Wick Freshmatic White Flowers creeaz\u0103 \u00een interior un mediu parfumat \u0219i o atmosfer\u0103 pl\u0103cut\u0103. Neutralizeaz\u0103 mirosurile \u0219i combate instantaneu aromele nedorite din \u00eenc\u0103pere. Caracteristici: parfum floral parfum proasp\u0103t parfum de prim\u0103var\u0103 Cum se utilizeaz\u0103: A nu se l\u0103sa...","og_url":"https:\/\/shopatoa.com\/ro\/air-wick-freshmatic-white-flowers-odorizant-de-camera-rezerva-250-ml\/","og_site_name":"SHOPATOA","article_modified_time":"2026-02-04T08:27:35+00:00","og_image":[{"width":800,"height":800,"url":"https:\/\/storage.googleapis.com\/cz-shopatoa-img\/ro\/a57006ea-unnamed-file.webp","type":"image\/webp"}],"twitter_card":"summary_large_image","twitter_misc":{"Timp estimat pentru citire":"1 minut"},"schema":{"@context":"https:\/\/schema.org","@graph":[{"@type":"WebPage","@id":"https:\/\/shopatoa.com\/ro\/air-wick-freshmatic-white-flowers-odorizant-de-camera-rezerva-250-ml\/","url":"https:\/\/shopatoa.com\/ro\/air-wick-freshmatic-white-flowers-odorizant-de-camera-rezerva-250-ml\/","name":"Air Wick Freshmatic White Flowers odorizant de camera rezerv\u0103 250 ml - SHOPATOA.COM","isPartOf":{"@id":"https:\/\/shopatoa.com\/ro\/#website"},"primaryImageOfPage":{"@id":"https:\/\/shopatoa.com\/ro\/air-wick-freshmatic-white-flowers-odorizant-de-camera-rezerva-250-ml\/#primaryimage"},"image":{"@id":"https:\/\/shopatoa.com\/ro\/air-wick-freshmatic-white-flowers-odorizant-de-camera-rezerva-250-ml\/#primaryimage"},"thumbnailUrl":"https:\/\/storage.googleapis.com\/cz-shopatoa-img\/ro\/a57006ea-unnamed-file.webp","datePublished":"2025-06-25T17:15:23+00:00","dateModified":"2026-02-04T08:27:35+00:00","breadcrumb":{"@id":"https:\/\/shopatoa.com\/ro\/air-wick-freshmatic-white-flowers-odorizant-de-camera-rezerva-250-ml\/#breadcrumb"},"inLanguage":"ro-RO","potentialAction":[{"@type":"ReadAction","target":["https:\/\/shopatoa.com\/ro\/air-wick-freshmatic-white-flowers-odorizant-de-camera-rezerva-250-ml\/"]}]},{"@type":"ImageObject","inLanguage":"ro-RO","@id":"https:\/\/shopatoa.com\/ro\/air-wick-freshmatic-white-flowers-odorizant-de-camera-rezerva-250-ml\/#primaryimage","url":"https:\/\/storage.googleapis.com\/cz-shopatoa-img\/ro\/a57006ea-unnamed-file.webp","contentUrl":"https:\/\/storage.googleapis.com\/cz-shopatoa-img\/ro\/a57006ea-unnamed-file.webp","width":800,"height":800},{"@type":"BreadcrumbList","@id":"https:\/\/shopatoa.com\/ro\/air-wick-freshmatic-white-flowers-odorizant-de-camera-rezerva-250-ml\/#breadcrumb","itemListElement":[{"@type":"ListItem","position":1,"name":"Dom\u016f","item":"https:\/\/shopatoa.com\/ro\/"},{"@type":"ListItem","position":2,"name":"Shop","item":"https:\/\/shopatoa.com\/ro\/shop\/"},{"@type":"ListItem","position":3,"name":"Home &amp; Garden","item":"https:\/\/shopatoa.com\/ro\/home-garden\/"},{"@type":"ListItem","position":4,"name":"Decor","item":"https:\/\/shopatoa.com\/ro\/decor\/"},{"@type":"ListItem","position":5,"name":"Home Fragrances","item":"https:\/\/shopatoa.com\/ro\/home-fragrances\/"},{"@type":"ListItem","position":6,"name":"Air Fresheners Casa \u0219i gr\u0103din\u0103","item":"https:\/\/shopatoa.com\/ro\/air-fresheners-casa-si-gradina\/"},{"@type":"ListItem","position":7,"name":"Decora\u021biuni","item":"https:\/\/shopatoa.com\/ro\/decoratiuni\/"},{"@type":"ListItem","position":8,"name":"Parfumuri de cas\u0103","item":"https:\/\/shopatoa.com\/ro\/parfumuri-de-casa-decoratiuni\/"},{"@type":"ListItem","position":9,"name":"Odorizante de aer","item":"https:\/\/shopatoa.com\/ro\/odorizante-de-aer\/"},{"@type":"ListItem","position":10,"name":"Air Wick Freshmatic White Flowers odorizant de camera rezerv\u0103 250 ml"}]},{"@type":"WebSite","@id":"https:\/\/shopatoa.com\/ro\/#website","url":"https:\/\/shopatoa.com\/ro\/","name":"SHOPATOA","description":"","publisher":{"@id":"https:\/\/shopatoa.com\/ro\/#organization"},"potentialAction":[{"@type":"SearchAction","target":{"@type":"EntryPoint","urlTemplate":"https:\/\/shopatoa.com\/ro\/?s={search_term_string}"},"query-input":{"@type":"PropertyValueSpecification","valueRequired":true,"valueName":"search_term_string"}}],"inLanguage":"ro-RO"},{"@type":"Organization","@id":"https:\/\/shopatoa.com\/ro\/#organization","name":"SHOPATOA","url":"https:\/\/shopatoa.com\/ro\/","logo":{"@type":"ImageObject","inLanguage":"ro-RO","@id":"https:\/\/shopatoa.com\/ro\/#\/schema\/logo\/image\/","url":"https:\/\/storage.googleapis.com\/cz-shopatoa-img\/ro\/b4dac915-shopatoa_logo.png","contentUrl":"https:\/\/storage.googleapis.com\/cz-shopatoa-img\/ro\/b4dac915-shopatoa_logo.png","width":416,"height":63,"caption":"SHOPATOA"},"image":{"@id":"https:\/\/shopatoa.com\/ro\/#\/schema\/logo\/image\/"}}]}},"_links":{"self":[{"href":"https:\/\/shopatoa.com\/ro\/wp-json\/wp\/v2\/product\/455505","targetHints":{"allow":["GET"]}}],"collection":[{"href":"https:\/\/shopatoa.com\/ro\/wp-json\/wp\/v2\/product"}],"about":[{"href":"https:\/\/shopatoa.com\/ro\/wp-json\/wp\/v2\/types\/product"}],"replies":[{"embeddable":true,"href":"https:\/\/shopatoa.com\/ro\/wp-json\/wp\/v2\/comments?post=455505"}],"wp:featuredmedia":[{"embeddable":true,"href":"https:\/\/shopatoa.com\/ro\/wp-json\/wp\/v2\/media\/455506"}],"wp:attachment":[{"href":"https:\/\/shopatoa.com\/ro\/wp-json\/wp\/v2\/media?parent=455505"}],"wp:term":[{"taxonomy":"product_brand","embeddable":true,"href":"https:\/\/shopatoa.com\/ro\/wp-json\/wp\/v2\/product_brand?post=455505"},{"taxonomy":"product_cat","embeddable":true,"href":"https:\/\/shopatoa.com\/ro\/wp-json\/wp\/v2\/product_cat?post=455505"},{"taxonomy":"product_tag","embeddable":true,"href":"https:\/\/shopatoa.com\/ro\/wp-json\/wp\/v2\/product_tag?post=455505"}],"curies":[{"name":"wp","href":"https:\/\/api.w.org\/{rel}","templated":true}]}}