{"id":455565,"date":"2025-06-25T19:20:33","date_gmt":"2025-06-25T17:20:33","guid":{"rendered":"https:\/\/shopatoa.com\/ro\/lamande-coconut-sapun-natural-pentru-maini-si-corp-150-g\/"},"modified":"2025-06-25T19:20:59","modified_gmt":"2025-06-25T17:20:59","slug":"lamande-coconut-sapun-natural-pentru-maini-si-corp-150-g","status":"publish","type":"product","link":"https:\/\/shopatoa.com\/ro\/lamande-coconut-sapun-natural-pentru-maini-si-corp-150-g\/","title":{"rendered":"L&#8217;Amande Coconut Sapun natural pentru maini si corp 150 g"},"content":{"rendered":"<p>L&#8217;Amande Coconut, 150 g, Sapun  pentru femei, S\u0103punul solid L&#8217;Amande Coconut asigur\u0103 o igien\u0103 de calitate. Spal\u0103 eficient pielea \u0219i elimin\u0103 toate impurit\u0103\u021bile.  Caracteristici:  cur\u0103\u021b\u0103 profund pielea nu irit\u0103 \u0219i nu usuc\u0103 pielea miroase pl\u0103cut are efecte emoliente las\u0103 o senza\u021bie r\u0103coritoare \u00eent\u0103re\u0219te bariera de protec\u021bie a pielii  Cum se utilizeaz\u0103: Se aplic\u0103 s\u0103punul pe piele, se spumeaz\u0103 delicat \u0219i se maseaz\u0103. Se cl\u0103te\u0219te cu ap\u0103 c\u0103ldu\u021b\u0103. Aplica\u021bi \u00een timpul du\u0219ului sau al b\u0103ii. Se poate aplica nu doar pe corp, ci \u0219i pe fa\u021b\u0103.<\/p>\n","protected":false},"excerpt":{"rendered":"<p>L&#8217;Amande Coconut, 150 g, Sapun pentru femei, S\u0103punul solid L&#8217;Amande Coconut asigur\u0103 o igien\u0103 de calitate. Spal\u0103 eficient pielea \u0219i elimin\u0103 toate impurit\u0103\u021bile. Caracteristici: cur\u0103\u021b\u0103 profund pielea nu irit\u0103 \u0219i nu usuc\u0103 pielea miroase pl\u0103cut are efecte emoliente las\u0103 o senza\u021bie r\u0103coritoare \u00eent\u0103re\u0219te bariera de protec\u021bie a pielii Cum se utilizeaz\u0103: Se aplic\u0103 s\u0103punul pe&#8230;<\/p>\n","protected":false},"featured_media":455566,"comment_status":"closed","ping_status":"open","template":"","meta":{"_acf_changed":false,"_kadence_starter_templates_imported_post":false,"_kad_post_transparent":"","_kad_post_title":"","_kad_post_layout":"","_kad_post_sidebar_id":"","_kad_post_content_style":"","_kad_post_vertical_padding":"","_kad_post_feature":"","_kad_post_feature_position":"","_kad_post_header":false,"_kad_post_footer":false,"_kad_post_classname":""},"product_brand":[2693],"product_cat":[1570,1564,1563,1562,1573],"product_tag":[],"class_list":{"0":"post-455565","1":"product","2":"type-product","3":"status-publish","4":"has-post-thumbnail","6":"product_brand-lamande","7":"product_cat-baie-si-corp","8":"product_cat-cosmetice-ingrijire-personala","9":"product_cat-ingrijire-personala","10":"product_cat-sanatate-si-frumusete","11":"product_cat-sapun-solid","12":"pa_gen-female","13":"pa_marime-150-g","15":"first","16":"instock","17":"product-type-external","18":"entry","19":"content-bg","20":"loop-entry"},"acf":[],"yoast_head":"<!-- This site is optimized with the Yoast SEO plugin v27.4 - https:\/\/yoast.com\/product\/yoast-seo-wordpress\/ -->\n<title>L&#039;Amande Coconut Sapun natural pentru maini si corp 150 g - SHOPATOA.COM<\/title>\n<meta name=\"robots\" content=\"index, follow, max-snippet:-1, max-image-preview:large, max-video-preview:-1\" \/>\n<link rel=\"canonical\" href=\"https:\/\/shopatoa.com\/ro\/lamande-coconut-sapun-natural-pentru-maini-si-corp-150-g\/\" \/>\n<meta property=\"og:locale\" content=\"ro_RO\" \/>\n<meta property=\"og:type\" content=\"article\" \/>\n<meta property=\"og:title\" content=\"L&#039;Amande Coconut Sapun natural pentru maini si corp 150 g - SHOPATOA.COM\" \/>\n<meta property=\"og:description\" content=\"L&#8217;Amande Coconut, 150 g, Sapun pentru femei, S\u0103punul solid L&#8217;Amande Coconut asigur\u0103 o igien\u0103 de calitate. Spal\u0103 eficient pielea \u0219i elimin\u0103 toate impurit\u0103\u021bile. Caracteristici: cur\u0103\u021b\u0103 profund pielea nu irit\u0103 \u0219i nu usuc\u0103 pielea miroase pl\u0103cut are efecte emoliente las\u0103 o senza\u021bie r\u0103coritoare \u00eent\u0103re\u0219te bariera de protec\u021bie a pielii Cum se utilizeaz\u0103: Se aplic\u0103 s\u0103punul pe...\" \/>\n<meta property=\"og:url\" content=\"https:\/\/shopatoa.com\/ro\/lamande-coconut-sapun-natural-pentru-maini-si-corp-150-g\/\" \/>\n<meta property=\"og:site_name\" content=\"SHOPATOA\" \/>\n<meta property=\"article:modified_time\" content=\"2025-06-25T17:20:59+00:00\" \/>\n<meta property=\"og:image\" content=\"https:\/\/storage.googleapis.com\/cz-shopatoa-img\/ro\/6c366a70-unnamed-file.webp\" \/>\n\t<meta property=\"og:image:width\" content=\"800\" \/>\n\t<meta property=\"og:image:height\" content=\"800\" \/>\n\t<meta property=\"og:image:type\" content=\"image\/webp\" \/>\n<meta name=\"twitter:card\" content=\"summary_large_image\" \/>\n<script type=\"application\/ld+json\" class=\"yoast-schema-graph\">{\"@context\":\"https:\\\/\\\/schema.org\",\"@graph\":[{\"@type\":\"WebPage\",\"@id\":\"https:\\\/\\\/shopatoa.com\\\/ro\\\/lamande-coconut-sapun-natural-pentru-maini-si-corp-150-g\\\/\",\"url\":\"https:\\\/\\\/shopatoa.com\\\/ro\\\/lamande-coconut-sapun-natural-pentru-maini-si-corp-150-g\\\/\",\"name\":\"L'Amande Coconut Sapun natural pentru maini si corp 150 g - SHOPATOA.COM\",\"isPartOf\":{\"@id\":\"https:\\\/\\\/shopatoa.com\\\/ro\\\/#website\"},\"primaryImageOfPage\":{\"@id\":\"https:\\\/\\\/shopatoa.com\\\/ro\\\/lamande-coconut-sapun-natural-pentru-maini-si-corp-150-g\\\/#primaryimage\"},\"image\":{\"@id\":\"https:\\\/\\\/shopatoa.com\\\/ro\\\/lamande-coconut-sapun-natural-pentru-maini-si-corp-150-g\\\/#primaryimage\"},\"thumbnailUrl\":\"https:\\\/\\\/storage.googleapis.com\\\/cz-shopatoa-img\\\/ro\\\/6c366a70-unnamed-file.webp\",\"datePublished\":\"2025-06-25T17:20:33+00:00\",\"dateModified\":\"2025-06-25T17:20:59+00:00\",\"breadcrumb\":{\"@id\":\"https:\\\/\\\/shopatoa.com\\\/ro\\\/lamande-coconut-sapun-natural-pentru-maini-si-corp-150-g\\\/#breadcrumb\"},\"inLanguage\":\"ro-RO\",\"potentialAction\":[{\"@type\":\"ReadAction\",\"target\":[\"https:\\\/\\\/shopatoa.com\\\/ro\\\/lamande-coconut-sapun-natural-pentru-maini-si-corp-150-g\\\/\"]}]},{\"@type\":\"ImageObject\",\"inLanguage\":\"ro-RO\",\"@id\":\"https:\\\/\\\/shopatoa.com\\\/ro\\\/lamande-coconut-sapun-natural-pentru-maini-si-corp-150-g\\\/#primaryimage\",\"url\":\"https:\\\/\\\/storage.googleapis.com\\\/cz-shopatoa-img\\\/ro\\\/6c366a70-unnamed-file.webp\",\"contentUrl\":\"https:\\\/\\\/storage.googleapis.com\\\/cz-shopatoa-img\\\/ro\\\/6c366a70-unnamed-file.webp\",\"width\":800,\"height\":800},{\"@type\":\"BreadcrumbList\",\"@id\":\"https:\\\/\\\/shopatoa.com\\\/ro\\\/lamande-coconut-sapun-natural-pentru-maini-si-corp-150-g\\\/#breadcrumb\",\"itemListElement\":[{\"@type\":\"ListItem\",\"position\":1,\"name\":\"Dom\u016f\",\"item\":\"https:\\\/\\\/shopatoa.com\\\/ro\\\/\"},{\"@type\":\"ListItem\",\"position\":2,\"name\":\"Shop\",\"item\":\"https:\\\/\\\/shopatoa.com\\\/ro\\\/shop\\\/\"},{\"@type\":\"ListItem\",\"position\":3,\"name\":\"L&#8217;Amande Coconut Sapun natural pentru maini si corp 150 g\"}]},{\"@type\":\"WebSite\",\"@id\":\"https:\\\/\\\/shopatoa.com\\\/ro\\\/#website\",\"url\":\"https:\\\/\\\/shopatoa.com\\\/ro\\\/\",\"name\":\"SHOPATOA\",\"description\":\"\",\"publisher\":{\"@id\":\"https:\\\/\\\/shopatoa.com\\\/ro\\\/#organization\"},\"potentialAction\":[{\"@type\":\"SearchAction\",\"target\":{\"@type\":\"EntryPoint\",\"urlTemplate\":\"https:\\\/\\\/shopatoa.com\\\/ro\\\/?s={search_term_string}\"},\"query-input\":{\"@type\":\"PropertyValueSpecification\",\"valueRequired\":true,\"valueName\":\"search_term_string\"}}],\"inLanguage\":\"ro-RO\"},{\"@type\":\"Organization\",\"@id\":\"https:\\\/\\\/shopatoa.com\\\/ro\\\/#organization\",\"name\":\"SHOPATOA\",\"url\":\"https:\\\/\\\/shopatoa.com\\\/ro\\\/\",\"logo\":{\"@type\":\"ImageObject\",\"inLanguage\":\"ro-RO\",\"@id\":\"https:\\\/\\\/shopatoa.com\\\/ro\\\/#\\\/schema\\\/logo\\\/image\\\/\",\"url\":\"https:\\\/\\\/storage.googleapis.com\\\/cz-shopatoa-img\\\/ro\\\/b4dac915-shopatoa_logo.png\",\"contentUrl\":\"https:\\\/\\\/storage.googleapis.com\\\/cz-shopatoa-img\\\/ro\\\/b4dac915-shopatoa_logo.png\",\"width\":416,\"height\":63,\"caption\":\"SHOPATOA\"},\"image\":{\"@id\":\"https:\\\/\\\/shopatoa.com\\\/ro\\\/#\\\/schema\\\/logo\\\/image\\\/\"}}]}<\/script>\n<!-- \/ Yoast SEO plugin. -->","yoast_head_json":{"title":"L'Amande Coconut Sapun natural pentru maini si corp 150 g - SHOPATOA.COM","robots":{"index":"index","follow":"follow","max-snippet":"max-snippet:-1","max-image-preview":"max-image-preview:large","max-video-preview":"max-video-preview:-1"},"canonical":"https:\/\/shopatoa.com\/ro\/lamande-coconut-sapun-natural-pentru-maini-si-corp-150-g\/","og_locale":"ro_RO","og_type":"article","og_title":"L'Amande Coconut Sapun natural pentru maini si corp 150 g - SHOPATOA.COM","og_description":"L&#8217;Amande Coconut, 150 g, Sapun pentru femei, S\u0103punul solid L&#8217;Amande Coconut asigur\u0103 o igien\u0103 de calitate. Spal\u0103 eficient pielea \u0219i elimin\u0103 toate impurit\u0103\u021bile. Caracteristici: cur\u0103\u021b\u0103 profund pielea nu irit\u0103 \u0219i nu usuc\u0103 pielea miroase pl\u0103cut are efecte emoliente las\u0103 o senza\u021bie r\u0103coritoare \u00eent\u0103re\u0219te bariera de protec\u021bie a pielii Cum se utilizeaz\u0103: Se aplic\u0103 s\u0103punul pe...","og_url":"https:\/\/shopatoa.com\/ro\/lamande-coconut-sapun-natural-pentru-maini-si-corp-150-g\/","og_site_name":"SHOPATOA","article_modified_time":"2025-06-25T17:20:59+00:00","og_image":[{"width":800,"height":800,"url":"https:\/\/storage.googleapis.com\/cz-shopatoa-img\/ro\/6c366a70-unnamed-file.webp","type":"image\/webp"}],"twitter_card":"summary_large_image","schema":{"@context":"https:\/\/schema.org","@graph":[{"@type":"WebPage","@id":"https:\/\/shopatoa.com\/ro\/lamande-coconut-sapun-natural-pentru-maini-si-corp-150-g\/","url":"https:\/\/shopatoa.com\/ro\/lamande-coconut-sapun-natural-pentru-maini-si-corp-150-g\/","name":"L'Amande Coconut Sapun natural pentru maini si corp 150 g - SHOPATOA.COM","isPartOf":{"@id":"https:\/\/shopatoa.com\/ro\/#website"},"primaryImageOfPage":{"@id":"https:\/\/shopatoa.com\/ro\/lamande-coconut-sapun-natural-pentru-maini-si-corp-150-g\/#primaryimage"},"image":{"@id":"https:\/\/shopatoa.com\/ro\/lamande-coconut-sapun-natural-pentru-maini-si-corp-150-g\/#primaryimage"},"thumbnailUrl":"https:\/\/storage.googleapis.com\/cz-shopatoa-img\/ro\/6c366a70-unnamed-file.webp","datePublished":"2025-06-25T17:20:33+00:00","dateModified":"2025-06-25T17:20:59+00:00","breadcrumb":{"@id":"https:\/\/shopatoa.com\/ro\/lamande-coconut-sapun-natural-pentru-maini-si-corp-150-g\/#breadcrumb"},"inLanguage":"ro-RO","potentialAction":[{"@type":"ReadAction","target":["https:\/\/shopatoa.com\/ro\/lamande-coconut-sapun-natural-pentru-maini-si-corp-150-g\/"]}]},{"@type":"ImageObject","inLanguage":"ro-RO","@id":"https:\/\/shopatoa.com\/ro\/lamande-coconut-sapun-natural-pentru-maini-si-corp-150-g\/#primaryimage","url":"https:\/\/storage.googleapis.com\/cz-shopatoa-img\/ro\/6c366a70-unnamed-file.webp","contentUrl":"https:\/\/storage.googleapis.com\/cz-shopatoa-img\/ro\/6c366a70-unnamed-file.webp","width":800,"height":800},{"@type":"BreadcrumbList","@id":"https:\/\/shopatoa.com\/ro\/lamande-coconut-sapun-natural-pentru-maini-si-corp-150-g\/#breadcrumb","itemListElement":[{"@type":"ListItem","position":1,"name":"Dom\u016f","item":"https:\/\/shopatoa.com\/ro\/"},{"@type":"ListItem","position":2,"name":"Shop","item":"https:\/\/shopatoa.com\/ro\/shop\/"},{"@type":"ListItem","position":3,"name":"L&#8217;Amande Coconut Sapun natural pentru maini si corp 150 g"}]},{"@type":"WebSite","@id":"https:\/\/shopatoa.com\/ro\/#website","url":"https:\/\/shopatoa.com\/ro\/","name":"SHOPATOA","description":"","publisher":{"@id":"https:\/\/shopatoa.com\/ro\/#organization"},"potentialAction":[{"@type":"SearchAction","target":{"@type":"EntryPoint","urlTemplate":"https:\/\/shopatoa.com\/ro\/?s={search_term_string}"},"query-input":{"@type":"PropertyValueSpecification","valueRequired":true,"valueName":"search_term_string"}}],"inLanguage":"ro-RO"},{"@type":"Organization","@id":"https:\/\/shopatoa.com\/ro\/#organization","name":"SHOPATOA","url":"https:\/\/shopatoa.com\/ro\/","logo":{"@type":"ImageObject","inLanguage":"ro-RO","@id":"https:\/\/shopatoa.com\/ro\/#\/schema\/logo\/image\/","url":"https:\/\/storage.googleapis.com\/cz-shopatoa-img\/ro\/b4dac915-shopatoa_logo.png","contentUrl":"https:\/\/storage.googleapis.com\/cz-shopatoa-img\/ro\/b4dac915-shopatoa_logo.png","width":416,"height":63,"caption":"SHOPATOA"},"image":{"@id":"https:\/\/shopatoa.com\/ro\/#\/schema\/logo\/image\/"}}]}},"_links":{"self":[{"href":"https:\/\/shopatoa.com\/ro\/wp-json\/wp\/v2\/product\/455565","targetHints":{"allow":["GET"]}}],"collection":[{"href":"https:\/\/shopatoa.com\/ro\/wp-json\/wp\/v2\/product"}],"about":[{"href":"https:\/\/shopatoa.com\/ro\/wp-json\/wp\/v2\/types\/product"}],"replies":[{"embeddable":true,"href":"https:\/\/shopatoa.com\/ro\/wp-json\/wp\/v2\/comments?post=455565"}],"wp:featuredmedia":[{"embeddable":true,"href":"https:\/\/shopatoa.com\/ro\/wp-json\/wp\/v2\/media\/455566"}],"wp:attachment":[{"href":"https:\/\/shopatoa.com\/ro\/wp-json\/wp\/v2\/media?parent=455565"}],"wp:term":[{"taxonomy":"product_brand","embeddable":true,"href":"https:\/\/shopatoa.com\/ro\/wp-json\/wp\/v2\/product_brand?post=455565"},{"taxonomy":"product_cat","embeddable":true,"href":"https:\/\/shopatoa.com\/ro\/wp-json\/wp\/v2\/product_cat?post=455565"},{"taxonomy":"product_tag","embeddable":true,"href":"https:\/\/shopatoa.com\/ro\/wp-json\/wp\/v2\/product_tag?post=455565"}],"curies":[{"name":"wp","href":"https:\/\/api.w.org\/{rel}","templated":true}]}}