{"id":455599,"date":"2025-06-25T19:22:06","date_gmt":"2025-06-25T17:22:06","guid":{"rendered":"https:\/\/shopatoa.com\/ro\/astrid-aqua-biotic-set-set-cadou-pentru-piele-sensibila\/"},"modified":"2026-02-04T09:14:04","modified_gmt":"2026-02-04T08:14:04","slug":"astrid-aqua-biotic-set-set-cadou-pentru-piele-sensibila","status":"publish","type":"product","link":"https:\/\/shopatoa.com\/ro\/astrid-aqua-biotic-set-set-cadou-pentru-piele-sensibila\/","title":{"rendered":"Astrid Aqua Biotic Set set cadou pentru piele sensibil\u0103"},"content":{"rendered":"<p>Astrid Aqua Biotic Set, 1 buc, M\u0103\u0219ti din p\u00e2nz\u0103 pentru femei, Ocaziile speciale presupun cadouri speciale, fie c\u0103 dori\u021bi s\u0103 v\u0103 oferi\u021bi o bucurie dvs. sau celor dragi. Setul cadou Astrid Aqua Biotic Set include o combina\u021bie de parfumuri \u0219i produse cosmetice atent selec\u021bionate \u0219i asortate cu mult\u0103 dragoste, care vor aduce cu siguran\u021b\u0103 un z\u00e2mbet pe fa\u021b\u0103, fie dvs., fie celor dragi, indiferent dac\u0103 le ve\u021bi \u00eencerca pe toate deodat\u0103, sau dac\u0103 le ve\u021bi deschide treptat, pe parcursul lunii.  Setul con\u021bine:  Astrid Aqua Biotic ap\u0103 micelar\u0103 3 \u00een 1 pentru piele uscata si sensibila 400 ml Astrid Aqua Biotic crema de zi si de noapte pentru piele uscata spre sensibila 50 ml Astrid Aqua Biotic masc\u0103 cu efect calmant \u0219i super hidratant pentru piele uscata si sensibila 1 buc Astrid geanta de cosmetice 1 buc  Caracteristici:  hidrateaz\u0103 intens se recomand\u0103 pentru tenul sensibil posibilitatea de a crea o rutina zilnic\u0103  Cum se utilizeaz\u0103: Se aplic\u0103 pe pielea curat\u0103, cu mi\u0219c\u0103ri circulare \u0219i se maseaz\u0103 u\u0219or. Estompa\u021bi u\u0219or din centrul fe\u021bei spre exterior. Se las\u0103 s\u0103 se absoarb\u0103. A se evita zona ochilor. Se scoate cu grij\u0103 masca din ambalaj \u0219i se aplic\u0103 pe fa\u021ba curat\u0103. Se las\u0103 s\u0103 ac\u021bioneze pe durata specificat\u0103 pe ambalaj. Apoi se scoate cu aten\u021bie masca.<\/p>\n","protected":false},"excerpt":{"rendered":"<p>Astrid Aqua Biotic Set, 1 buc, M\u0103\u0219ti din p\u00e2nz\u0103 pentru femei, Ocaziile speciale presupun cadouri speciale, fie c\u0103 dori\u021bi s\u0103 v\u0103 oferi\u021bi o bucurie dvs. sau celor dragi. Setul cadou Astrid Aqua Biotic Set include o combina\u021bie de parfumuri \u0219i produse cosmetice atent selec\u021bionate \u0219i asortate cu mult\u0103 dragoste, care vor aduce cu siguran\u021b\u0103 un&#8230;<\/p>\n","protected":false},"featured_media":455600,"comment_status":"closed","ping_status":"open","template":"","meta":{"_acf_changed":false,"_kadence_starter_templates_imported_post":false,"_kad_post_transparent":"","_kad_post_title":"","_kad_post_layout":"","_kad_post_sidebar_id":"","_kad_post_content_style":"","_kad_post_vertical_padding":"","_kad_post_feature":"","_kad_post_feature_position":"","_kad_post_header":false,"_kad_post_footer":false,"_kad_post_classname":""},"product_brand":[2275],"product_cat":[1564,1563,1565,1562],"product_tag":[],"class_list":{"0":"post-455599","1":"product","2":"type-product","3":"status-publish","4":"has-post-thumbnail","6":"product_brand-astrid","7":"product_cat-cosmetice-ingrijire-personala","8":"product_cat-ingrijire-personala","9":"product_cat-ingrijirea-pielii","10":"product_cat-sanatate-si-frumusete","11":"pa_gen-female","12":"pa_marime-1-buc","14":"first","15":"instock","16":"sale","17":"product-type-external","18":"entry","19":"content-bg","20":"loop-entry"},"acf":[],"yoast_head":"<!-- This site is optimized with the Yoast SEO plugin v27.4 - https:\/\/yoast.com\/product\/yoast-seo-wordpress\/ -->\n<title>Astrid Aqua Biotic Set set cadou pentru piele sensibil\u0103 - SHOPATOA.COM<\/title>\n<meta name=\"robots\" content=\"index, follow, max-snippet:-1, max-image-preview:large, max-video-preview:-1\" \/>\n<link rel=\"canonical\" href=\"https:\/\/shopatoa.com\/ro\/astrid-aqua-biotic-set-set-cadou-pentru-piele-sensibila\/\" \/>\n<meta property=\"og:locale\" content=\"ro_RO\" \/>\n<meta property=\"og:type\" content=\"article\" \/>\n<meta property=\"og:title\" content=\"Astrid Aqua Biotic Set set cadou pentru piele sensibil\u0103 - SHOPATOA.COM\" \/>\n<meta property=\"og:description\" content=\"Astrid Aqua Biotic Set, 1 buc, M\u0103\u0219ti din p\u00e2nz\u0103 pentru femei, Ocaziile speciale presupun cadouri speciale, fie c\u0103 dori\u021bi s\u0103 v\u0103 oferi\u021bi o bucurie dvs. sau celor dragi. Setul cadou Astrid Aqua Biotic Set include o combina\u021bie de parfumuri \u0219i produse cosmetice atent selec\u021bionate \u0219i asortate cu mult\u0103 dragoste, care vor aduce cu siguran\u021b\u0103 un...\" \/>\n<meta property=\"og:url\" content=\"https:\/\/shopatoa.com\/ro\/astrid-aqua-biotic-set-set-cadou-pentru-piele-sensibila\/\" \/>\n<meta property=\"og:site_name\" content=\"SHOPATOA\" \/>\n<meta property=\"article:modified_time\" content=\"2026-02-04T08:14:04+00:00\" \/>\n<meta property=\"og:image\" content=\"https:\/\/storage.googleapis.com\/cz-shopatoa-img\/ro\/0a9b9d70-unnamed-file.webp\" \/>\n\t<meta property=\"og:image:width\" content=\"800\" \/>\n\t<meta property=\"og:image:height\" content=\"800\" \/>\n\t<meta property=\"og:image:type\" content=\"image\/webp\" \/>\n<meta name=\"twitter:card\" content=\"summary_large_image\" \/>\n<meta name=\"twitter:label1\" content=\"Timp estimat pentru citire\" \/>\n\t<meta name=\"twitter:data1\" content=\"1 minut\" \/>\n<script type=\"application\/ld+json\" class=\"yoast-schema-graph\">{\"@context\":\"https:\\\/\\\/schema.org\",\"@graph\":[{\"@type\":\"WebPage\",\"@id\":\"https:\\\/\\\/shopatoa.com\\\/ro\\\/astrid-aqua-biotic-set-set-cadou-pentru-piele-sensibila\\\/\",\"url\":\"https:\\\/\\\/shopatoa.com\\\/ro\\\/astrid-aqua-biotic-set-set-cadou-pentru-piele-sensibila\\\/\",\"name\":\"Astrid Aqua Biotic Set set cadou pentru piele sensibil\u0103 - SHOPATOA.COM\",\"isPartOf\":{\"@id\":\"https:\\\/\\\/shopatoa.com\\\/ro\\\/#website\"},\"primaryImageOfPage\":{\"@id\":\"https:\\\/\\\/shopatoa.com\\\/ro\\\/astrid-aqua-biotic-set-set-cadou-pentru-piele-sensibila\\\/#primaryimage\"},\"image\":{\"@id\":\"https:\\\/\\\/shopatoa.com\\\/ro\\\/astrid-aqua-biotic-set-set-cadou-pentru-piele-sensibila\\\/#primaryimage\"},\"thumbnailUrl\":\"https:\\\/\\\/storage.googleapis.com\\\/cz-shopatoa-img\\\/ro\\\/0a9b9d70-unnamed-file.webp\",\"datePublished\":\"2025-06-25T17:22:06+00:00\",\"dateModified\":\"2026-02-04T08:14:04+00:00\",\"breadcrumb\":{\"@id\":\"https:\\\/\\\/shopatoa.com\\\/ro\\\/astrid-aqua-biotic-set-set-cadou-pentru-piele-sensibila\\\/#breadcrumb\"},\"inLanguage\":\"ro-RO\",\"potentialAction\":[{\"@type\":\"ReadAction\",\"target\":[\"https:\\\/\\\/shopatoa.com\\\/ro\\\/astrid-aqua-biotic-set-set-cadou-pentru-piele-sensibila\\\/\"]}]},{\"@type\":\"ImageObject\",\"inLanguage\":\"ro-RO\",\"@id\":\"https:\\\/\\\/shopatoa.com\\\/ro\\\/astrid-aqua-biotic-set-set-cadou-pentru-piele-sensibila\\\/#primaryimage\",\"url\":\"https:\\\/\\\/storage.googleapis.com\\\/cz-shopatoa-img\\\/ro\\\/0a9b9d70-unnamed-file.webp\",\"contentUrl\":\"https:\\\/\\\/storage.googleapis.com\\\/cz-shopatoa-img\\\/ro\\\/0a9b9d70-unnamed-file.webp\",\"width\":800,\"height\":800},{\"@type\":\"BreadcrumbList\",\"@id\":\"https:\\\/\\\/shopatoa.com\\\/ro\\\/astrid-aqua-biotic-set-set-cadou-pentru-piele-sensibila\\\/#breadcrumb\",\"itemListElement\":[{\"@type\":\"ListItem\",\"position\":1,\"name\":\"Dom\u016f\",\"item\":\"https:\\\/\\\/shopatoa.com\\\/ro\\\/\"},{\"@type\":\"ListItem\",\"position\":2,\"name\":\"Shop\",\"item\":\"https:\\\/\\\/shopatoa.com\\\/ro\\\/shop\\\/\"},{\"@type\":\"ListItem\",\"position\":3,\"name\":\"S\u0103n\u0103tate \u0219i frumuse\u021be\",\"item\":\"https:\\\/\\\/shopatoa.com\\\/ro\\\/sanatate-si-frumusete\\\/\"},{\"@type\":\"ListItem\",\"position\":4,\"name\":\"\u00cengrijire personal\u0103\",\"item\":\"https:\\\/\\\/shopatoa.com\\\/ro\\\/ingrijire-personala\\\/\"},{\"@type\":\"ListItem\",\"position\":5,\"name\":\"Cosmetice\",\"item\":\"https:\\\/\\\/shopatoa.com\\\/ro\\\/cosmetice-ingrijire-personala\\\/\"},{\"@type\":\"ListItem\",\"position\":6,\"name\":\"\u00cengrijirea pielii\",\"item\":\"https:\\\/\\\/shopatoa.com\\\/ro\\\/ingrijirea-pielii\\\/\"},{\"@type\":\"ListItem\",\"position\":7,\"name\":\"Astrid Aqua Biotic Set set cadou pentru piele sensibil\u0103\"}]},{\"@type\":\"WebSite\",\"@id\":\"https:\\\/\\\/shopatoa.com\\\/ro\\\/#website\",\"url\":\"https:\\\/\\\/shopatoa.com\\\/ro\\\/\",\"name\":\"SHOPATOA\",\"description\":\"\",\"publisher\":{\"@id\":\"https:\\\/\\\/shopatoa.com\\\/ro\\\/#organization\"},\"potentialAction\":[{\"@type\":\"SearchAction\",\"target\":{\"@type\":\"EntryPoint\",\"urlTemplate\":\"https:\\\/\\\/shopatoa.com\\\/ro\\\/?s={search_term_string}\"},\"query-input\":{\"@type\":\"PropertyValueSpecification\",\"valueRequired\":true,\"valueName\":\"search_term_string\"}}],\"inLanguage\":\"ro-RO\"},{\"@type\":\"Organization\",\"@id\":\"https:\\\/\\\/shopatoa.com\\\/ro\\\/#organization\",\"name\":\"SHOPATOA\",\"url\":\"https:\\\/\\\/shopatoa.com\\\/ro\\\/\",\"logo\":{\"@type\":\"ImageObject\",\"inLanguage\":\"ro-RO\",\"@id\":\"https:\\\/\\\/shopatoa.com\\\/ro\\\/#\\\/schema\\\/logo\\\/image\\\/\",\"url\":\"https:\\\/\\\/storage.googleapis.com\\\/cz-shopatoa-img\\\/ro\\\/b4dac915-shopatoa_logo.png\",\"contentUrl\":\"https:\\\/\\\/storage.googleapis.com\\\/cz-shopatoa-img\\\/ro\\\/b4dac915-shopatoa_logo.png\",\"width\":416,\"height\":63,\"caption\":\"SHOPATOA\"},\"image\":{\"@id\":\"https:\\\/\\\/shopatoa.com\\\/ro\\\/#\\\/schema\\\/logo\\\/image\\\/\"}}]}<\/script>\n<!-- \/ Yoast SEO plugin. -->","yoast_head_json":{"title":"Astrid Aqua Biotic Set set cadou pentru piele sensibil\u0103 - SHOPATOA.COM","robots":{"index":"index","follow":"follow","max-snippet":"max-snippet:-1","max-image-preview":"max-image-preview:large","max-video-preview":"max-video-preview:-1"},"canonical":"https:\/\/shopatoa.com\/ro\/astrid-aqua-biotic-set-set-cadou-pentru-piele-sensibila\/","og_locale":"ro_RO","og_type":"article","og_title":"Astrid Aqua Biotic Set set cadou pentru piele sensibil\u0103 - SHOPATOA.COM","og_description":"Astrid Aqua Biotic Set, 1 buc, M\u0103\u0219ti din p\u00e2nz\u0103 pentru femei, Ocaziile speciale presupun cadouri speciale, fie c\u0103 dori\u021bi s\u0103 v\u0103 oferi\u021bi o bucurie dvs. sau celor dragi. Setul cadou Astrid Aqua Biotic Set include o combina\u021bie de parfumuri \u0219i produse cosmetice atent selec\u021bionate \u0219i asortate cu mult\u0103 dragoste, care vor aduce cu siguran\u021b\u0103 un...","og_url":"https:\/\/shopatoa.com\/ro\/astrid-aqua-biotic-set-set-cadou-pentru-piele-sensibila\/","og_site_name":"SHOPATOA","article_modified_time":"2026-02-04T08:14:04+00:00","og_image":[{"width":800,"height":800,"url":"https:\/\/storage.googleapis.com\/cz-shopatoa-img\/ro\/0a9b9d70-unnamed-file.webp","type":"image\/webp"}],"twitter_card":"summary_large_image","twitter_misc":{"Timp estimat pentru citire":"1 minut"},"schema":{"@context":"https:\/\/schema.org","@graph":[{"@type":"WebPage","@id":"https:\/\/shopatoa.com\/ro\/astrid-aqua-biotic-set-set-cadou-pentru-piele-sensibila\/","url":"https:\/\/shopatoa.com\/ro\/astrid-aqua-biotic-set-set-cadou-pentru-piele-sensibila\/","name":"Astrid Aqua Biotic Set set cadou pentru piele sensibil\u0103 - SHOPATOA.COM","isPartOf":{"@id":"https:\/\/shopatoa.com\/ro\/#website"},"primaryImageOfPage":{"@id":"https:\/\/shopatoa.com\/ro\/astrid-aqua-biotic-set-set-cadou-pentru-piele-sensibila\/#primaryimage"},"image":{"@id":"https:\/\/shopatoa.com\/ro\/astrid-aqua-biotic-set-set-cadou-pentru-piele-sensibila\/#primaryimage"},"thumbnailUrl":"https:\/\/storage.googleapis.com\/cz-shopatoa-img\/ro\/0a9b9d70-unnamed-file.webp","datePublished":"2025-06-25T17:22:06+00:00","dateModified":"2026-02-04T08:14:04+00:00","breadcrumb":{"@id":"https:\/\/shopatoa.com\/ro\/astrid-aqua-biotic-set-set-cadou-pentru-piele-sensibila\/#breadcrumb"},"inLanguage":"ro-RO","potentialAction":[{"@type":"ReadAction","target":["https:\/\/shopatoa.com\/ro\/astrid-aqua-biotic-set-set-cadou-pentru-piele-sensibila\/"]}]},{"@type":"ImageObject","inLanguage":"ro-RO","@id":"https:\/\/shopatoa.com\/ro\/astrid-aqua-biotic-set-set-cadou-pentru-piele-sensibila\/#primaryimage","url":"https:\/\/storage.googleapis.com\/cz-shopatoa-img\/ro\/0a9b9d70-unnamed-file.webp","contentUrl":"https:\/\/storage.googleapis.com\/cz-shopatoa-img\/ro\/0a9b9d70-unnamed-file.webp","width":800,"height":800},{"@type":"BreadcrumbList","@id":"https:\/\/shopatoa.com\/ro\/astrid-aqua-biotic-set-set-cadou-pentru-piele-sensibila\/#breadcrumb","itemListElement":[{"@type":"ListItem","position":1,"name":"Dom\u016f","item":"https:\/\/shopatoa.com\/ro\/"},{"@type":"ListItem","position":2,"name":"Shop","item":"https:\/\/shopatoa.com\/ro\/shop\/"},{"@type":"ListItem","position":3,"name":"S\u0103n\u0103tate \u0219i frumuse\u021be","item":"https:\/\/shopatoa.com\/ro\/sanatate-si-frumusete\/"},{"@type":"ListItem","position":4,"name":"\u00cengrijire personal\u0103","item":"https:\/\/shopatoa.com\/ro\/ingrijire-personala\/"},{"@type":"ListItem","position":5,"name":"Cosmetice","item":"https:\/\/shopatoa.com\/ro\/cosmetice-ingrijire-personala\/"},{"@type":"ListItem","position":6,"name":"\u00cengrijirea pielii","item":"https:\/\/shopatoa.com\/ro\/ingrijirea-pielii\/"},{"@type":"ListItem","position":7,"name":"Astrid Aqua Biotic Set set cadou pentru piele sensibil\u0103"}]},{"@type":"WebSite","@id":"https:\/\/shopatoa.com\/ro\/#website","url":"https:\/\/shopatoa.com\/ro\/","name":"SHOPATOA","description":"","publisher":{"@id":"https:\/\/shopatoa.com\/ro\/#organization"},"potentialAction":[{"@type":"SearchAction","target":{"@type":"EntryPoint","urlTemplate":"https:\/\/shopatoa.com\/ro\/?s={search_term_string}"},"query-input":{"@type":"PropertyValueSpecification","valueRequired":true,"valueName":"search_term_string"}}],"inLanguage":"ro-RO"},{"@type":"Organization","@id":"https:\/\/shopatoa.com\/ro\/#organization","name":"SHOPATOA","url":"https:\/\/shopatoa.com\/ro\/","logo":{"@type":"ImageObject","inLanguage":"ro-RO","@id":"https:\/\/shopatoa.com\/ro\/#\/schema\/logo\/image\/","url":"https:\/\/storage.googleapis.com\/cz-shopatoa-img\/ro\/b4dac915-shopatoa_logo.png","contentUrl":"https:\/\/storage.googleapis.com\/cz-shopatoa-img\/ro\/b4dac915-shopatoa_logo.png","width":416,"height":63,"caption":"SHOPATOA"},"image":{"@id":"https:\/\/shopatoa.com\/ro\/#\/schema\/logo\/image\/"}}]}},"_links":{"self":[{"href":"https:\/\/shopatoa.com\/ro\/wp-json\/wp\/v2\/product\/455599","targetHints":{"allow":["GET"]}}],"collection":[{"href":"https:\/\/shopatoa.com\/ro\/wp-json\/wp\/v2\/product"}],"about":[{"href":"https:\/\/shopatoa.com\/ro\/wp-json\/wp\/v2\/types\/product"}],"replies":[{"embeddable":true,"href":"https:\/\/shopatoa.com\/ro\/wp-json\/wp\/v2\/comments?post=455599"}],"wp:featuredmedia":[{"embeddable":true,"href":"https:\/\/shopatoa.com\/ro\/wp-json\/wp\/v2\/media\/455600"}],"wp:attachment":[{"href":"https:\/\/shopatoa.com\/ro\/wp-json\/wp\/v2\/media?parent=455599"}],"wp:term":[{"taxonomy":"product_brand","embeddable":true,"href":"https:\/\/shopatoa.com\/ro\/wp-json\/wp\/v2\/product_brand?post=455599"},{"taxonomy":"product_cat","embeddable":true,"href":"https:\/\/shopatoa.com\/ro\/wp-json\/wp\/v2\/product_cat?post=455599"},{"taxonomy":"product_tag","embeddable":true,"href":"https:\/\/shopatoa.com\/ro\/wp-json\/wp\/v2\/product_tag?post=455599"}],"curies":[{"name":"wp","href":"https:\/\/api.w.org\/{rel}","templated":true}]}}