{"id":455643,"date":"2025-06-25T19:27:13","date_gmt":"2025-06-25T17:27:13","guid":{"rendered":"https:\/\/shopatoa.com\/ro\/mexx-inspired-warmth-unt-pentru-corp-produs-parfumat-200-ml\/"},"modified":"2026-02-04T09:07:21","modified_gmt":"2026-02-04T08:07:21","slug":"mexx-inspired-warmth-unt-pentru-corp-produs-parfumat-200-ml","status":"publish","type":"product","link":"https:\/\/shopatoa.com\/ro\/mexx-inspired-warmth-unt-pentru-corp-produs-parfumat-200-ml\/","title":{"rendered":"Mexx Inspired Warmth unt pentru corp produs parfumat 200 ml"},"content":{"rendered":"<p>Mexx Inspired Warmth, 200 ml, \u00cengrijirea corpului pentru femei, \u00cenconjura\u021bi-v\u0103 cu arome luxoase \u0219i \u00een baie, \u00een timpul ritualurilor dvs. matinale sau de sear\u0103. Produsul pentru \u00eengrijirea corpului Mexx Inspired Warmth v\u0103 \u00eenc\u00e2nt\u0103 sim\u021burile \u0219i v\u0103 parfumeaz\u0103 pielea cu parfumul preferat.  Caracteristici:  completeaz\u0103 parfumul din aceea\u0219i linie amplific\u0103 intensitatea parfumului din aceea\u0219i colec\u021bie hidrateaz\u0103 pielea \u00een profunzime<\/p>\n","protected":false},"excerpt":{"rendered":"<p>Mexx Inspired Warmth, 200 ml, \u00cengrijirea corpului pentru femei, \u00cenconjura\u021bi-v\u0103 cu arome luxoase \u0219i \u00een baie, \u00een timpul ritualurilor dvs. matinale sau de sear\u0103. Produsul pentru \u00eengrijirea corpului Mexx Inspired Warmth v\u0103 \u00eenc\u00e2nt\u0103 sim\u021burile \u0219i v\u0103 parfumeaz\u0103 pielea cu parfumul preferat. Caracteristici: completeaz\u0103 parfumul din aceea\u0219i linie amplific\u0103 intensitatea parfumului din aceea\u0219i colec\u021bie hidrateaz\u0103 pielea&#8230;<\/p>\n","protected":false},"featured_media":455644,"comment_status":"closed","ping_status":"open","template":"","meta":{"_acf_changed":false,"_kadence_starter_templates_imported_post":false,"_kad_post_transparent":"","_kad_post_title":"","_kad_post_layout":"","_kad_post_sidebar_id":"","_kad_post_content_style":"","_kad_post_vertical_padding":"","_kad_post_feature":"","_kad_post_feature_position":"","_kad_post_header":false,"_kad_post_footer":false,"_kad_post_classname":""},"product_brand":[196],"product_cat":[1564,3208,1563,3222,3200,1562],"product_tag":[],"class_list":{"0":"post-455643","1":"product","2":"type-product","3":"status-publish","4":"has-post-thumbnail","6":"product_brand-mexx","7":"product_cat-cosmetice-ingrijire-personala","8":"product_cat-cosmetice-parfumate","9":"product_cat-ingrijire-personala","10":"product_cat-ingrijirea-corpului","11":"product_cat-parfumuri-si-colonii","12":"product_cat-sanatate-si-frumusete","13":"pa_gen-female","14":"pa_marime-200-ml","16":"first","17":"instock","18":"sale","19":"product-type-external","20":"entry","21":"content-bg","22":"loop-entry"},"acf":[],"yoast_head":"<!-- This site is optimized with the Yoast SEO plugin v27.3 - https:\/\/yoast.com\/product\/yoast-seo-wordpress\/ -->\n<title>Mexx Inspired Warmth unt pentru corp produs parfumat 200 ml - SHOPATOA.COM<\/title>\n<meta name=\"robots\" content=\"index, follow, max-snippet:-1, max-image-preview:large, max-video-preview:-1\" \/>\n<link rel=\"canonical\" href=\"https:\/\/shopatoa.com\/ro\/mexx-inspired-warmth-unt-pentru-corp-produs-parfumat-200-ml\/\" \/>\n<meta property=\"og:locale\" content=\"ro_RO\" \/>\n<meta property=\"og:type\" content=\"article\" \/>\n<meta property=\"og:title\" content=\"Mexx Inspired Warmth unt pentru corp produs parfumat 200 ml - SHOPATOA.COM\" \/>\n<meta property=\"og:description\" content=\"Mexx Inspired Warmth, 200 ml, \u00cengrijirea corpului pentru femei, \u00cenconjura\u021bi-v\u0103 cu arome luxoase \u0219i \u00een baie, \u00een timpul ritualurilor dvs. matinale sau de sear\u0103. Produsul pentru \u00eengrijirea corpului Mexx Inspired Warmth v\u0103 \u00eenc\u00e2nt\u0103 sim\u021burile \u0219i v\u0103 parfumeaz\u0103 pielea cu parfumul preferat. Caracteristici: completeaz\u0103 parfumul din aceea\u0219i linie amplific\u0103 intensitatea parfumului din aceea\u0219i colec\u021bie hidrateaz\u0103 pielea...\" \/>\n<meta property=\"og:url\" content=\"https:\/\/shopatoa.com\/ro\/mexx-inspired-warmth-unt-pentru-corp-produs-parfumat-200-ml\/\" \/>\n<meta property=\"og:site_name\" content=\"SHOPATOA\" \/>\n<meta property=\"article:modified_time\" content=\"2026-02-04T08:07:21+00:00\" \/>\n<meta property=\"og:image\" content=\"https:\/\/storage.googleapis.com\/cz-shopatoa-img\/ro\/5d55513e-unnamed-file.webp\" \/>\n\t<meta property=\"og:image:width\" content=\"800\" \/>\n\t<meta property=\"og:image:height\" content=\"800\" \/>\n\t<meta property=\"og:image:type\" content=\"image\/webp\" \/>\n<meta name=\"twitter:card\" content=\"summary_large_image\" \/>\n<script type=\"application\/ld+json\" class=\"yoast-schema-graph\">{\"@context\":\"https:\\\/\\\/schema.org\",\"@graph\":[{\"@type\":\"WebPage\",\"@id\":\"https:\\\/\\\/shopatoa.com\\\/ro\\\/mexx-inspired-warmth-unt-pentru-corp-produs-parfumat-200-ml\\\/\",\"url\":\"https:\\\/\\\/shopatoa.com\\\/ro\\\/mexx-inspired-warmth-unt-pentru-corp-produs-parfumat-200-ml\\\/\",\"name\":\"Mexx Inspired Warmth unt pentru corp produs parfumat 200 ml - SHOPATOA.COM\",\"isPartOf\":{\"@id\":\"https:\\\/\\\/shopatoa.com\\\/ro\\\/#website\"},\"primaryImageOfPage\":{\"@id\":\"https:\\\/\\\/shopatoa.com\\\/ro\\\/mexx-inspired-warmth-unt-pentru-corp-produs-parfumat-200-ml\\\/#primaryimage\"},\"image\":{\"@id\":\"https:\\\/\\\/shopatoa.com\\\/ro\\\/mexx-inspired-warmth-unt-pentru-corp-produs-parfumat-200-ml\\\/#primaryimage\"},\"thumbnailUrl\":\"https:\\\/\\\/storage.googleapis.com\\\/cz-shopatoa-img\\\/ro\\\/5d55513e-unnamed-file.webp\",\"datePublished\":\"2025-06-25T17:27:13+00:00\",\"dateModified\":\"2026-02-04T08:07:21+00:00\",\"breadcrumb\":{\"@id\":\"https:\\\/\\\/shopatoa.com\\\/ro\\\/mexx-inspired-warmth-unt-pentru-corp-produs-parfumat-200-ml\\\/#breadcrumb\"},\"inLanguage\":\"ro-RO\",\"potentialAction\":[{\"@type\":\"ReadAction\",\"target\":[\"https:\\\/\\\/shopatoa.com\\\/ro\\\/mexx-inspired-warmth-unt-pentru-corp-produs-parfumat-200-ml\\\/\"]}]},{\"@type\":\"ImageObject\",\"inLanguage\":\"ro-RO\",\"@id\":\"https:\\\/\\\/shopatoa.com\\\/ro\\\/mexx-inspired-warmth-unt-pentru-corp-produs-parfumat-200-ml\\\/#primaryimage\",\"url\":\"https:\\\/\\\/storage.googleapis.com\\\/cz-shopatoa-img\\\/ro\\\/5d55513e-unnamed-file.webp\",\"contentUrl\":\"https:\\\/\\\/storage.googleapis.com\\\/cz-shopatoa-img\\\/ro\\\/5d55513e-unnamed-file.webp\",\"width\":800,\"height\":800},{\"@type\":\"BreadcrumbList\",\"@id\":\"https:\\\/\\\/shopatoa.com\\\/ro\\\/mexx-inspired-warmth-unt-pentru-corp-produs-parfumat-200-ml\\\/#breadcrumb\",\"itemListElement\":[{\"@type\":\"ListItem\",\"position\":1,\"name\":\"Dom\u016f\",\"item\":\"https:\\\/\\\/shopatoa.com\\\/ro\\\/\"},{\"@type\":\"ListItem\",\"position\":2,\"name\":\"Shop\",\"item\":\"https:\\\/\\\/shopatoa.com\\\/ro\\\/shop\\\/\"},{\"@type\":\"ListItem\",\"position\":3,\"name\":\"S\u0103n\u0103tate \u0219i frumuse\u021be\",\"item\":\"https:\\\/\\\/shopatoa.com\\\/ro\\\/sanatate-si-frumusete\\\/\"},{\"@type\":\"ListItem\",\"position\":4,\"name\":\"\u00cengrijire personal\u0103\",\"item\":\"https:\\\/\\\/shopatoa.com\\\/ro\\\/ingrijire-personala\\\/\"},{\"@type\":\"ListItem\",\"position\":5,\"name\":\"Cosmetice\",\"item\":\"https:\\\/\\\/shopatoa.com\\\/ro\\\/cosmetice-ingrijire-personala\\\/\"},{\"@type\":\"ListItem\",\"position\":6,\"name\":\"Parfumuri \u0219i colonii\",\"item\":\"https:\\\/\\\/shopatoa.com\\\/ro\\\/parfumuri-si-colonii\\\/\"},{\"@type\":\"ListItem\",\"position\":7,\"name\":\"Cosmetice parfumate\",\"item\":\"https:\\\/\\\/shopatoa.com\\\/ro\\\/cosmetice-parfumate\\\/\"},{\"@type\":\"ListItem\",\"position\":8,\"name\":\"\u00cengrijirea corpului\",\"item\":\"https:\\\/\\\/shopatoa.com\\\/ro\\\/ingrijirea-corpului\\\/\"},{\"@type\":\"ListItem\",\"position\":9,\"name\":\"Mexx Inspired Warmth unt pentru corp produs parfumat 200 ml\"}]},{\"@type\":\"WebSite\",\"@id\":\"https:\\\/\\\/shopatoa.com\\\/ro\\\/#website\",\"url\":\"https:\\\/\\\/shopatoa.com\\\/ro\\\/\",\"name\":\"SHOPATOA\",\"description\":\"\",\"publisher\":{\"@id\":\"https:\\\/\\\/shopatoa.com\\\/ro\\\/#organization\"},\"potentialAction\":[{\"@type\":\"SearchAction\",\"target\":{\"@type\":\"EntryPoint\",\"urlTemplate\":\"https:\\\/\\\/shopatoa.com\\\/ro\\\/?s={search_term_string}\"},\"query-input\":{\"@type\":\"PropertyValueSpecification\",\"valueRequired\":true,\"valueName\":\"search_term_string\"}}],\"inLanguage\":\"ro-RO\"},{\"@type\":\"Organization\",\"@id\":\"https:\\\/\\\/shopatoa.com\\\/ro\\\/#organization\",\"name\":\"SHOPATOA\",\"url\":\"https:\\\/\\\/shopatoa.com\\\/ro\\\/\",\"logo\":{\"@type\":\"ImageObject\",\"inLanguage\":\"ro-RO\",\"@id\":\"https:\\\/\\\/shopatoa.com\\\/ro\\\/#\\\/schema\\\/logo\\\/image\\\/\",\"url\":\"https:\\\/\\\/storage.googleapis.com\\\/cz-shopatoa-img\\\/ro\\\/b4dac915-shopatoa_logo.png\",\"contentUrl\":\"https:\\\/\\\/storage.googleapis.com\\\/cz-shopatoa-img\\\/ro\\\/b4dac915-shopatoa_logo.png\",\"width\":416,\"height\":63,\"caption\":\"SHOPATOA\"},\"image\":{\"@id\":\"https:\\\/\\\/shopatoa.com\\\/ro\\\/#\\\/schema\\\/logo\\\/image\\\/\"}}]}<\/script>\n<!-- \/ Yoast SEO plugin. -->","yoast_head_json":{"title":"Mexx Inspired Warmth unt pentru corp produs parfumat 200 ml - SHOPATOA.COM","robots":{"index":"index","follow":"follow","max-snippet":"max-snippet:-1","max-image-preview":"max-image-preview:large","max-video-preview":"max-video-preview:-1"},"canonical":"https:\/\/shopatoa.com\/ro\/mexx-inspired-warmth-unt-pentru-corp-produs-parfumat-200-ml\/","og_locale":"ro_RO","og_type":"article","og_title":"Mexx Inspired Warmth unt pentru corp produs parfumat 200 ml - SHOPATOA.COM","og_description":"Mexx Inspired Warmth, 200 ml, \u00cengrijirea corpului pentru femei, \u00cenconjura\u021bi-v\u0103 cu arome luxoase \u0219i \u00een baie, \u00een timpul ritualurilor dvs. matinale sau de sear\u0103. Produsul pentru \u00eengrijirea corpului Mexx Inspired Warmth v\u0103 \u00eenc\u00e2nt\u0103 sim\u021burile \u0219i v\u0103 parfumeaz\u0103 pielea cu parfumul preferat. Caracteristici: completeaz\u0103 parfumul din aceea\u0219i linie amplific\u0103 intensitatea parfumului din aceea\u0219i colec\u021bie hidrateaz\u0103 pielea...","og_url":"https:\/\/shopatoa.com\/ro\/mexx-inspired-warmth-unt-pentru-corp-produs-parfumat-200-ml\/","og_site_name":"SHOPATOA","article_modified_time":"2026-02-04T08:07:21+00:00","og_image":[{"width":800,"height":800,"url":"https:\/\/storage.googleapis.com\/cz-shopatoa-img\/ro\/5d55513e-unnamed-file.webp","type":"image\/webp"}],"twitter_card":"summary_large_image","schema":{"@context":"https:\/\/schema.org","@graph":[{"@type":"WebPage","@id":"https:\/\/shopatoa.com\/ro\/mexx-inspired-warmth-unt-pentru-corp-produs-parfumat-200-ml\/","url":"https:\/\/shopatoa.com\/ro\/mexx-inspired-warmth-unt-pentru-corp-produs-parfumat-200-ml\/","name":"Mexx Inspired Warmth unt pentru corp produs parfumat 200 ml - SHOPATOA.COM","isPartOf":{"@id":"https:\/\/shopatoa.com\/ro\/#website"},"primaryImageOfPage":{"@id":"https:\/\/shopatoa.com\/ro\/mexx-inspired-warmth-unt-pentru-corp-produs-parfumat-200-ml\/#primaryimage"},"image":{"@id":"https:\/\/shopatoa.com\/ro\/mexx-inspired-warmth-unt-pentru-corp-produs-parfumat-200-ml\/#primaryimage"},"thumbnailUrl":"https:\/\/storage.googleapis.com\/cz-shopatoa-img\/ro\/5d55513e-unnamed-file.webp","datePublished":"2025-06-25T17:27:13+00:00","dateModified":"2026-02-04T08:07:21+00:00","breadcrumb":{"@id":"https:\/\/shopatoa.com\/ro\/mexx-inspired-warmth-unt-pentru-corp-produs-parfumat-200-ml\/#breadcrumb"},"inLanguage":"ro-RO","potentialAction":[{"@type":"ReadAction","target":["https:\/\/shopatoa.com\/ro\/mexx-inspired-warmth-unt-pentru-corp-produs-parfumat-200-ml\/"]}]},{"@type":"ImageObject","inLanguage":"ro-RO","@id":"https:\/\/shopatoa.com\/ro\/mexx-inspired-warmth-unt-pentru-corp-produs-parfumat-200-ml\/#primaryimage","url":"https:\/\/storage.googleapis.com\/cz-shopatoa-img\/ro\/5d55513e-unnamed-file.webp","contentUrl":"https:\/\/storage.googleapis.com\/cz-shopatoa-img\/ro\/5d55513e-unnamed-file.webp","width":800,"height":800},{"@type":"BreadcrumbList","@id":"https:\/\/shopatoa.com\/ro\/mexx-inspired-warmth-unt-pentru-corp-produs-parfumat-200-ml\/#breadcrumb","itemListElement":[{"@type":"ListItem","position":1,"name":"Dom\u016f","item":"https:\/\/shopatoa.com\/ro\/"},{"@type":"ListItem","position":2,"name":"Shop","item":"https:\/\/shopatoa.com\/ro\/shop\/"},{"@type":"ListItem","position":3,"name":"S\u0103n\u0103tate \u0219i frumuse\u021be","item":"https:\/\/shopatoa.com\/ro\/sanatate-si-frumusete\/"},{"@type":"ListItem","position":4,"name":"\u00cengrijire personal\u0103","item":"https:\/\/shopatoa.com\/ro\/ingrijire-personala\/"},{"@type":"ListItem","position":5,"name":"Cosmetice","item":"https:\/\/shopatoa.com\/ro\/cosmetice-ingrijire-personala\/"},{"@type":"ListItem","position":6,"name":"Parfumuri \u0219i colonii","item":"https:\/\/shopatoa.com\/ro\/parfumuri-si-colonii\/"},{"@type":"ListItem","position":7,"name":"Cosmetice parfumate","item":"https:\/\/shopatoa.com\/ro\/cosmetice-parfumate\/"},{"@type":"ListItem","position":8,"name":"\u00cengrijirea corpului","item":"https:\/\/shopatoa.com\/ro\/ingrijirea-corpului\/"},{"@type":"ListItem","position":9,"name":"Mexx Inspired Warmth unt pentru corp produs parfumat 200 ml"}]},{"@type":"WebSite","@id":"https:\/\/shopatoa.com\/ro\/#website","url":"https:\/\/shopatoa.com\/ro\/","name":"SHOPATOA","description":"","publisher":{"@id":"https:\/\/shopatoa.com\/ro\/#organization"},"potentialAction":[{"@type":"SearchAction","target":{"@type":"EntryPoint","urlTemplate":"https:\/\/shopatoa.com\/ro\/?s={search_term_string}"},"query-input":{"@type":"PropertyValueSpecification","valueRequired":true,"valueName":"search_term_string"}}],"inLanguage":"ro-RO"},{"@type":"Organization","@id":"https:\/\/shopatoa.com\/ro\/#organization","name":"SHOPATOA","url":"https:\/\/shopatoa.com\/ro\/","logo":{"@type":"ImageObject","inLanguage":"ro-RO","@id":"https:\/\/shopatoa.com\/ro\/#\/schema\/logo\/image\/","url":"https:\/\/storage.googleapis.com\/cz-shopatoa-img\/ro\/b4dac915-shopatoa_logo.png","contentUrl":"https:\/\/storage.googleapis.com\/cz-shopatoa-img\/ro\/b4dac915-shopatoa_logo.png","width":416,"height":63,"caption":"SHOPATOA"},"image":{"@id":"https:\/\/shopatoa.com\/ro\/#\/schema\/logo\/image\/"}}]}},"_links":{"self":[{"href":"https:\/\/shopatoa.com\/ro\/wp-json\/wp\/v2\/product\/455643","targetHints":{"allow":["GET"]}}],"collection":[{"href":"https:\/\/shopatoa.com\/ro\/wp-json\/wp\/v2\/product"}],"about":[{"href":"https:\/\/shopatoa.com\/ro\/wp-json\/wp\/v2\/types\/product"}],"replies":[{"embeddable":true,"href":"https:\/\/shopatoa.com\/ro\/wp-json\/wp\/v2\/comments?post=455643"}],"wp:featuredmedia":[{"embeddable":true,"href":"https:\/\/shopatoa.com\/ro\/wp-json\/wp\/v2\/media\/455644"}],"wp:attachment":[{"href":"https:\/\/shopatoa.com\/ro\/wp-json\/wp\/v2\/media?parent=455643"}],"wp:term":[{"taxonomy":"product_brand","embeddable":true,"href":"https:\/\/shopatoa.com\/ro\/wp-json\/wp\/v2\/product_brand?post=455643"},{"taxonomy":"product_cat","embeddable":true,"href":"https:\/\/shopatoa.com\/ro\/wp-json\/wp\/v2\/product_cat?post=455643"},{"taxonomy":"product_tag","embeddable":true,"href":"https:\/\/shopatoa.com\/ro\/wp-json\/wp\/v2\/product_tag?post=455643"}],"curies":[{"name":"wp","href":"https:\/\/api.w.org\/{rel}","templated":true}]}}