{"id":455861,"date":"2025-06-25T19:45:44","date_gmt":"2025-06-25T17:45:44","guid":{"rendered":"https:\/\/shopatoa.com\/ro\/dukas-premium-line-solingen-112-set-de-manichiura-geanta-din-piele-pentru-barbati\/"},"modified":"2026-02-04T08:33:09","modified_gmt":"2026-02-04T07:33:09","slug":"dukas-premium-line-solingen-112-set-de-manichiura-geanta-din-piele-pentru-barbati","status":"publish","type":"product","link":"https:\/\/shopatoa.com\/ro\/dukas-premium-line-solingen-112-set-de-manichiura-geanta-din-piele-pentru-barbati\/","title":{"rendered":"DuKaS Premium Line Solingen 112 Set de manichiur\u0103 geanta din piele pentru b\u0103rba\u021bi"},"content":{"rendered":"<p>DuKaS Premium Line Solingen 112, 5 buc, Seturi cosmetice pentru b\u0103rba\u021bi, Extinde\u021bi op\u021biunile de \u00eengrijire perfect\u0103 a unghiilor. Produsul DuKaS Premium Line Solingen 112 v\u0103 va ajuta cu manichiura acas\u0103 \u2013 v\u0103 va \u00eembun\u0103t\u0103\u021bi rutina \u0219i va completa perfect instrumentele sau produsele cosmetice pe care le folosi\u021bi deja. Va avea grij\u0103 ca unghiile dvs. s\u0103 aib\u0103 \u00eentotdeauna o form\u0103 perfect\u0103 \u0219i un aspect \u00eengrijit, pentru ca m\u00e2inile dvs. s\u0103 fie \u0219i mai frumoase.  Setul con\u021bine:  forfecuta pentru unghii 1 buc foarfeca pentru cuticule 1 buc penseta inclinata 1 buc Pila de unghii safir 8 cm unghiera 1 buc  Caracteristici:  bucur\u0103 orice b\u0103rbat o rutin\u0103 complet\u0103 pentru \u00eengrijirea zilnic\u0103 modeleaz\u0103 \u0219i scurteaz\u0103 unghiile \u00eendep\u0103rteaz\u0103 cuticulele uscate, aspre \u0219i dure din jurul unghiilor  Cum se utilizeaz\u0103: Se utilizeaz\u0103 dup\u0103 cum este necesar.<\/p>\n","protected":false},"excerpt":{"rendered":"<p>DuKaS Premium Line Solingen 112, 5 buc, Seturi cosmetice pentru b\u0103rba\u021bi, Extinde\u021bi op\u021biunile de \u00eengrijire perfect\u0103 a unghiilor. Produsul DuKaS Premium Line Solingen 112 v\u0103 va ajuta cu manichiura acas\u0103 \u2013 v\u0103 va \u00eembun\u0103t\u0103\u021bi rutina \u0219i va completa perfect instrumentele sau produsele cosmetice pe care le folosi\u021bi deja. Va avea grij\u0103 ca unghiile dvs. s\u0103&#8230;<\/p>\n","protected":false},"featured_media":455862,"comment_status":"closed","ping_status":"open","template":"","meta":{"_acf_changed":false,"_kadence_starter_templates_imported_post":false,"_kad_post_transparent":"","_kad_post_title":"","_kad_post_layout":"","_kad_post_sidebar_id":"","_kad_post_content_style":"","_kad_post_vertical_padding":"","_kad_post_feature":"","_kad_post_feature_position":"","_kad_post_header":false,"_kad_post_footer":false,"_kad_post_classname":""},"product_brand":[252],"product_cat":[1564,1563,1581,1562],"product_tag":[],"class_list":{"0":"post-455861","1":"product","2":"type-product","3":"status-publish","4":"has-post-thumbnail","6":"product_brand-dukas","7":"product_cat-cosmetice-ingrijire-personala","8":"product_cat-ingrijire-personala","9":"product_cat-ingrijirea-unghiilor","10":"product_cat-sanatate-si-frumusete","11":"pa_gen-male","12":"pa_marime-5-buc","14":"first","15":"instock","16":"product-type-external","17":"entry","18":"content-bg","19":"loop-entry"},"acf":[],"yoast_head":"<!-- This site is optimized with the Yoast SEO plugin v27.4 - https:\/\/yoast.com\/product\/yoast-seo-wordpress\/ -->\n<title>DuKaS Premium Line Solingen 112 Set de manichiur\u0103 geanta din piele pentru b\u0103rba\u021bi - SHOPATOA.COM<\/title>\n<meta name=\"robots\" content=\"index, follow, max-snippet:-1, max-image-preview:large, max-video-preview:-1\" \/>\n<link rel=\"canonical\" href=\"https:\/\/shopatoa.com\/ro\/dukas-premium-line-solingen-112-set-de-manichiura-geanta-din-piele-pentru-barbati\/\" \/>\n<meta property=\"og:locale\" content=\"ro_RO\" \/>\n<meta property=\"og:type\" content=\"article\" \/>\n<meta property=\"og:title\" content=\"DuKaS Premium Line Solingen 112 Set de manichiur\u0103 geanta din piele pentru b\u0103rba\u021bi - SHOPATOA.COM\" \/>\n<meta property=\"og:description\" content=\"DuKaS Premium Line Solingen 112, 5 buc, Seturi cosmetice pentru b\u0103rba\u021bi, Extinde\u021bi op\u021biunile de \u00eengrijire perfect\u0103 a unghiilor. Produsul DuKaS Premium Line Solingen 112 v\u0103 va ajuta cu manichiura acas\u0103 \u2013 v\u0103 va \u00eembun\u0103t\u0103\u021bi rutina \u0219i va completa perfect instrumentele sau produsele cosmetice pe care le folosi\u021bi deja. Va avea grij\u0103 ca unghiile dvs. s\u0103...\" \/>\n<meta property=\"og:url\" content=\"https:\/\/shopatoa.com\/ro\/dukas-premium-line-solingen-112-set-de-manichiura-geanta-din-piele-pentru-barbati\/\" \/>\n<meta property=\"og:site_name\" content=\"SHOPATOA\" \/>\n<meta property=\"article:modified_time\" content=\"2026-02-04T07:33:09+00:00\" \/>\n<meta property=\"og:image\" content=\"https:\/\/storage.googleapis.com\/cz-shopatoa-img\/ro\/cc082615-unnamed-file.webp\" \/>\n\t<meta property=\"og:image:width\" content=\"800\" \/>\n\t<meta property=\"og:image:height\" content=\"800\" \/>\n\t<meta property=\"og:image:type\" content=\"image\/webp\" \/>\n<meta name=\"twitter:card\" content=\"summary_large_image\" \/>\n<meta name=\"twitter:label1\" content=\"Timp estimat pentru citire\" \/>\n\t<meta name=\"twitter:data1\" content=\"1 minut\" \/>\n<script type=\"application\/ld+json\" class=\"yoast-schema-graph\">{\"@context\":\"https:\\\/\\\/schema.org\",\"@graph\":[{\"@type\":\"WebPage\",\"@id\":\"https:\\\/\\\/shopatoa.com\\\/ro\\\/dukas-premium-line-solingen-112-set-de-manichiura-geanta-din-piele-pentru-barbati\\\/\",\"url\":\"https:\\\/\\\/shopatoa.com\\\/ro\\\/dukas-premium-line-solingen-112-set-de-manichiura-geanta-din-piele-pentru-barbati\\\/\",\"name\":\"DuKaS Premium Line Solingen 112 Set de manichiur\u0103 geanta din piele pentru b\u0103rba\u021bi - SHOPATOA.COM\",\"isPartOf\":{\"@id\":\"https:\\\/\\\/shopatoa.com\\\/ro\\\/#website\"},\"primaryImageOfPage\":{\"@id\":\"https:\\\/\\\/shopatoa.com\\\/ro\\\/dukas-premium-line-solingen-112-set-de-manichiura-geanta-din-piele-pentru-barbati\\\/#primaryimage\"},\"image\":{\"@id\":\"https:\\\/\\\/shopatoa.com\\\/ro\\\/dukas-premium-line-solingen-112-set-de-manichiura-geanta-din-piele-pentru-barbati\\\/#primaryimage\"},\"thumbnailUrl\":\"https:\\\/\\\/storage.googleapis.com\\\/cz-shopatoa-img\\\/ro\\\/cc082615-unnamed-file.webp\",\"datePublished\":\"2025-06-25T17:45:44+00:00\",\"dateModified\":\"2026-02-04T07:33:09+00:00\",\"breadcrumb\":{\"@id\":\"https:\\\/\\\/shopatoa.com\\\/ro\\\/dukas-premium-line-solingen-112-set-de-manichiura-geanta-din-piele-pentru-barbati\\\/#breadcrumb\"},\"inLanguage\":\"ro-RO\",\"potentialAction\":[{\"@type\":\"ReadAction\",\"target\":[\"https:\\\/\\\/shopatoa.com\\\/ro\\\/dukas-premium-line-solingen-112-set-de-manichiura-geanta-din-piele-pentru-barbati\\\/\"]}]},{\"@type\":\"ImageObject\",\"inLanguage\":\"ro-RO\",\"@id\":\"https:\\\/\\\/shopatoa.com\\\/ro\\\/dukas-premium-line-solingen-112-set-de-manichiura-geanta-din-piele-pentru-barbati\\\/#primaryimage\",\"url\":\"https:\\\/\\\/storage.googleapis.com\\\/cz-shopatoa-img\\\/ro\\\/cc082615-unnamed-file.webp\",\"contentUrl\":\"https:\\\/\\\/storage.googleapis.com\\\/cz-shopatoa-img\\\/ro\\\/cc082615-unnamed-file.webp\",\"width\":800,\"height\":800},{\"@type\":\"BreadcrumbList\",\"@id\":\"https:\\\/\\\/shopatoa.com\\\/ro\\\/dukas-premium-line-solingen-112-set-de-manichiura-geanta-din-piele-pentru-barbati\\\/#breadcrumb\",\"itemListElement\":[{\"@type\":\"ListItem\",\"position\":1,\"name\":\"Dom\u016f\",\"item\":\"https:\\\/\\\/shopatoa.com\\\/ro\\\/\"},{\"@type\":\"ListItem\",\"position\":2,\"name\":\"Shop\",\"item\":\"https:\\\/\\\/shopatoa.com\\\/ro\\\/shop\\\/\"},{\"@type\":\"ListItem\",\"position\":3,\"name\":\"S\u0103n\u0103tate \u0219i frumuse\u021be\",\"item\":\"https:\\\/\\\/shopatoa.com\\\/ro\\\/sanatate-si-frumusete\\\/\"},{\"@type\":\"ListItem\",\"position\":4,\"name\":\"\u00cengrijire personal\u0103\",\"item\":\"https:\\\/\\\/shopatoa.com\\\/ro\\\/ingrijire-personala\\\/\"},{\"@type\":\"ListItem\",\"position\":5,\"name\":\"Cosmetice\",\"item\":\"https:\\\/\\\/shopatoa.com\\\/ro\\\/cosmetice-ingrijire-personala\\\/\"},{\"@type\":\"ListItem\",\"position\":6,\"name\":\"\u00cengrijirea unghiilor\",\"item\":\"https:\\\/\\\/shopatoa.com\\\/ro\\\/ingrijirea-unghiilor\\\/\"},{\"@type\":\"ListItem\",\"position\":7,\"name\":\"DuKaS Premium Line Solingen 112 Set de manichiur\u0103 geanta din piele pentru b\u0103rba\u021bi\"}]},{\"@type\":\"WebSite\",\"@id\":\"https:\\\/\\\/shopatoa.com\\\/ro\\\/#website\",\"url\":\"https:\\\/\\\/shopatoa.com\\\/ro\\\/\",\"name\":\"SHOPATOA\",\"description\":\"\",\"publisher\":{\"@id\":\"https:\\\/\\\/shopatoa.com\\\/ro\\\/#organization\"},\"potentialAction\":[{\"@type\":\"SearchAction\",\"target\":{\"@type\":\"EntryPoint\",\"urlTemplate\":\"https:\\\/\\\/shopatoa.com\\\/ro\\\/?s={search_term_string}\"},\"query-input\":{\"@type\":\"PropertyValueSpecification\",\"valueRequired\":true,\"valueName\":\"search_term_string\"}}],\"inLanguage\":\"ro-RO\"},{\"@type\":\"Organization\",\"@id\":\"https:\\\/\\\/shopatoa.com\\\/ro\\\/#organization\",\"name\":\"SHOPATOA\",\"url\":\"https:\\\/\\\/shopatoa.com\\\/ro\\\/\",\"logo\":{\"@type\":\"ImageObject\",\"inLanguage\":\"ro-RO\",\"@id\":\"https:\\\/\\\/shopatoa.com\\\/ro\\\/#\\\/schema\\\/logo\\\/image\\\/\",\"url\":\"https:\\\/\\\/storage.googleapis.com\\\/cz-shopatoa-img\\\/ro\\\/b4dac915-shopatoa_logo.png\",\"contentUrl\":\"https:\\\/\\\/storage.googleapis.com\\\/cz-shopatoa-img\\\/ro\\\/b4dac915-shopatoa_logo.png\",\"width\":416,\"height\":63,\"caption\":\"SHOPATOA\"},\"image\":{\"@id\":\"https:\\\/\\\/shopatoa.com\\\/ro\\\/#\\\/schema\\\/logo\\\/image\\\/\"}}]}<\/script>\n<!-- \/ Yoast SEO plugin. -->","yoast_head_json":{"title":"DuKaS Premium Line Solingen 112 Set de manichiur\u0103 geanta din piele pentru b\u0103rba\u021bi - SHOPATOA.COM","robots":{"index":"index","follow":"follow","max-snippet":"max-snippet:-1","max-image-preview":"max-image-preview:large","max-video-preview":"max-video-preview:-1"},"canonical":"https:\/\/shopatoa.com\/ro\/dukas-premium-line-solingen-112-set-de-manichiura-geanta-din-piele-pentru-barbati\/","og_locale":"ro_RO","og_type":"article","og_title":"DuKaS Premium Line Solingen 112 Set de manichiur\u0103 geanta din piele pentru b\u0103rba\u021bi - SHOPATOA.COM","og_description":"DuKaS Premium Line Solingen 112, 5 buc, Seturi cosmetice pentru b\u0103rba\u021bi, Extinde\u021bi op\u021biunile de \u00eengrijire perfect\u0103 a unghiilor. Produsul DuKaS Premium Line Solingen 112 v\u0103 va ajuta cu manichiura acas\u0103 \u2013 v\u0103 va \u00eembun\u0103t\u0103\u021bi rutina \u0219i va completa perfect instrumentele sau produsele cosmetice pe care le folosi\u021bi deja. Va avea grij\u0103 ca unghiile dvs. s\u0103...","og_url":"https:\/\/shopatoa.com\/ro\/dukas-premium-line-solingen-112-set-de-manichiura-geanta-din-piele-pentru-barbati\/","og_site_name":"SHOPATOA","article_modified_time":"2026-02-04T07:33:09+00:00","og_image":[{"width":800,"height":800,"url":"https:\/\/storage.googleapis.com\/cz-shopatoa-img\/ro\/cc082615-unnamed-file.webp","type":"image\/webp"}],"twitter_card":"summary_large_image","twitter_misc":{"Timp estimat pentru citire":"1 minut"},"schema":{"@context":"https:\/\/schema.org","@graph":[{"@type":"WebPage","@id":"https:\/\/shopatoa.com\/ro\/dukas-premium-line-solingen-112-set-de-manichiura-geanta-din-piele-pentru-barbati\/","url":"https:\/\/shopatoa.com\/ro\/dukas-premium-line-solingen-112-set-de-manichiura-geanta-din-piele-pentru-barbati\/","name":"DuKaS Premium Line Solingen 112 Set de manichiur\u0103 geanta din piele pentru b\u0103rba\u021bi - SHOPATOA.COM","isPartOf":{"@id":"https:\/\/shopatoa.com\/ro\/#website"},"primaryImageOfPage":{"@id":"https:\/\/shopatoa.com\/ro\/dukas-premium-line-solingen-112-set-de-manichiura-geanta-din-piele-pentru-barbati\/#primaryimage"},"image":{"@id":"https:\/\/shopatoa.com\/ro\/dukas-premium-line-solingen-112-set-de-manichiura-geanta-din-piele-pentru-barbati\/#primaryimage"},"thumbnailUrl":"https:\/\/storage.googleapis.com\/cz-shopatoa-img\/ro\/cc082615-unnamed-file.webp","datePublished":"2025-06-25T17:45:44+00:00","dateModified":"2026-02-04T07:33:09+00:00","breadcrumb":{"@id":"https:\/\/shopatoa.com\/ro\/dukas-premium-line-solingen-112-set-de-manichiura-geanta-din-piele-pentru-barbati\/#breadcrumb"},"inLanguage":"ro-RO","potentialAction":[{"@type":"ReadAction","target":["https:\/\/shopatoa.com\/ro\/dukas-premium-line-solingen-112-set-de-manichiura-geanta-din-piele-pentru-barbati\/"]}]},{"@type":"ImageObject","inLanguage":"ro-RO","@id":"https:\/\/shopatoa.com\/ro\/dukas-premium-line-solingen-112-set-de-manichiura-geanta-din-piele-pentru-barbati\/#primaryimage","url":"https:\/\/storage.googleapis.com\/cz-shopatoa-img\/ro\/cc082615-unnamed-file.webp","contentUrl":"https:\/\/storage.googleapis.com\/cz-shopatoa-img\/ro\/cc082615-unnamed-file.webp","width":800,"height":800},{"@type":"BreadcrumbList","@id":"https:\/\/shopatoa.com\/ro\/dukas-premium-line-solingen-112-set-de-manichiura-geanta-din-piele-pentru-barbati\/#breadcrumb","itemListElement":[{"@type":"ListItem","position":1,"name":"Dom\u016f","item":"https:\/\/shopatoa.com\/ro\/"},{"@type":"ListItem","position":2,"name":"Shop","item":"https:\/\/shopatoa.com\/ro\/shop\/"},{"@type":"ListItem","position":3,"name":"S\u0103n\u0103tate \u0219i frumuse\u021be","item":"https:\/\/shopatoa.com\/ro\/sanatate-si-frumusete\/"},{"@type":"ListItem","position":4,"name":"\u00cengrijire personal\u0103","item":"https:\/\/shopatoa.com\/ro\/ingrijire-personala\/"},{"@type":"ListItem","position":5,"name":"Cosmetice","item":"https:\/\/shopatoa.com\/ro\/cosmetice-ingrijire-personala\/"},{"@type":"ListItem","position":6,"name":"\u00cengrijirea unghiilor","item":"https:\/\/shopatoa.com\/ro\/ingrijirea-unghiilor\/"},{"@type":"ListItem","position":7,"name":"DuKaS Premium Line Solingen 112 Set de manichiur\u0103 geanta din piele pentru b\u0103rba\u021bi"}]},{"@type":"WebSite","@id":"https:\/\/shopatoa.com\/ro\/#website","url":"https:\/\/shopatoa.com\/ro\/","name":"SHOPATOA","description":"","publisher":{"@id":"https:\/\/shopatoa.com\/ro\/#organization"},"potentialAction":[{"@type":"SearchAction","target":{"@type":"EntryPoint","urlTemplate":"https:\/\/shopatoa.com\/ro\/?s={search_term_string}"},"query-input":{"@type":"PropertyValueSpecification","valueRequired":true,"valueName":"search_term_string"}}],"inLanguage":"ro-RO"},{"@type":"Organization","@id":"https:\/\/shopatoa.com\/ro\/#organization","name":"SHOPATOA","url":"https:\/\/shopatoa.com\/ro\/","logo":{"@type":"ImageObject","inLanguage":"ro-RO","@id":"https:\/\/shopatoa.com\/ro\/#\/schema\/logo\/image\/","url":"https:\/\/storage.googleapis.com\/cz-shopatoa-img\/ro\/b4dac915-shopatoa_logo.png","contentUrl":"https:\/\/storage.googleapis.com\/cz-shopatoa-img\/ro\/b4dac915-shopatoa_logo.png","width":416,"height":63,"caption":"SHOPATOA"},"image":{"@id":"https:\/\/shopatoa.com\/ro\/#\/schema\/logo\/image\/"}}]}},"_links":{"self":[{"href":"https:\/\/shopatoa.com\/ro\/wp-json\/wp\/v2\/product\/455861","targetHints":{"allow":["GET"]}}],"collection":[{"href":"https:\/\/shopatoa.com\/ro\/wp-json\/wp\/v2\/product"}],"about":[{"href":"https:\/\/shopatoa.com\/ro\/wp-json\/wp\/v2\/types\/product"}],"replies":[{"embeddable":true,"href":"https:\/\/shopatoa.com\/ro\/wp-json\/wp\/v2\/comments?post=455861"}],"wp:featuredmedia":[{"embeddable":true,"href":"https:\/\/shopatoa.com\/ro\/wp-json\/wp\/v2\/media\/455862"}],"wp:attachment":[{"href":"https:\/\/shopatoa.com\/ro\/wp-json\/wp\/v2\/media?parent=455861"}],"wp:term":[{"taxonomy":"product_brand","embeddable":true,"href":"https:\/\/shopatoa.com\/ro\/wp-json\/wp\/v2\/product_brand?post=455861"},{"taxonomy":"product_cat","embeddable":true,"href":"https:\/\/shopatoa.com\/ro\/wp-json\/wp\/v2\/product_cat?post=455861"},{"taxonomy":"product_tag","embeddable":true,"href":"https:\/\/shopatoa.com\/ro\/wp-json\/wp\/v2\/product_tag?post=455861"}],"curies":[{"name":"wp","href":"https:\/\/api.w.org\/{rel}","templated":true}]}}