{"id":456776,"date":"2025-06-25T21:12:20","date_gmt":"2025-06-25T19:12:20","guid":{"rendered":"https:\/\/shopatoa.com\/ro\/clinique-all-about-shadow-duo-duo-fard-ochi-culoare-day-into-date-shimmer-matte-17-g\/"},"modified":"2026-02-04T06:13:20","modified_gmt":"2026-02-04T05:13:20","slug":"clinique-all-about-shadow-duo-duo-fard-ochi-culoare-day-into-date-shimmer-matte-17-g","status":"publish","type":"product","link":"https:\/\/shopatoa.com\/ro\/clinique-all-about-shadow-duo-duo-fard-ochi-culoare-day-into-date-shimmer-matte-17-g\/","title":{"rendered":"Clinique All About Shadow\u2122 Duo duo fard ochi culoare Day Into Date &#8211; Shimmer\/Matte 1,7 g"},"content":{"rendered":"<p>Clinique All About Shadow\u2122 Duo, 1,7 g, Farduri de ochi pentru femei, Ave\u021bi o palet\u0103 preferat\u0103 de farduri din care anumite culori dispar mai repede dec\u00e2t altele \u0219i de care nu v\u0103 pute\u021bi lipsi? Sau c\u0103l\u0103tori\u021bi, iar \u00een geanta cosmetic\u0103 \u00eencap doar cele mai esen\u021biale articole de beauty? Fardurile de ochi CliniqueAll About Shadow\u2122Duo, datorit\u0103 dimensiunii lor compacte, nu ocup\u0103 mult spa\u021biu \u0219i pot fi p\u0103strate \u00eentotdeauna la \u00eendem\u00e2n\u0103, fie singure \u00een po\u0219et\u0103, fie ca accesoriu pentru paleta dvs. preferat\u0103. V\u0103 permit s\u0103 v\u0103 umbri\u021bi pleoapele sau s\u0103 v\u0103 modela\u021bi ochii \u00een func\u021bie de preferin\u021be \u0219i confer\u0103 o nou\u0103 dimensiune oric\u0103rui machiaj, indiferent de motivul pentru care le cump\u0103ra\u021bi. Textura lor asigur\u0103 o acoperire uniform\u0103 a culorii \u0219i sunt u\u0219or de aplicat, dar \u0219i de estompat pierdut, f\u0103r\u0103 a crea gradiente vizibile nedorite.  Caracteristici:  rezisten\u021b\u0103 de lung\u0103 durat\u0103 nu se adun\u0103 \u00een pliurile pleoapelor u\u0219or de aplicat u\u0219or de estompat nuan\u021bele sunt u\u0219or de combinat pentru fondul de ten de zi \u0219i de sear\u0103 testate oftalmologic  Cum se utilizeaz\u0103: Se aplic\u0103 umbrele pe pleoape cu peria, cu buretele de fond de ten sau cu buricele degetelor.<\/p>\n","protected":false},"excerpt":{"rendered":"<p>Clinique All About Shadow\u2122 Duo, 1,7 g, Farduri de ochi pentru femei, Ave\u021bi o palet\u0103 preferat\u0103 de farduri din care anumite culori dispar mai repede dec\u00e2t altele \u0219i de care nu v\u0103 pute\u021bi lipsi? Sau c\u0103l\u0103tori\u021bi, iar \u00een geanta cosmetic\u0103 \u00eencap doar cele mai esen\u021biale articole de beauty? Fardurile de ochi CliniqueAll About Shadow\u2122Duo, datorit\u0103&#8230;<\/p>\n","protected":false},"featured_media":456777,"comment_status":"closed","ping_status":"open","template":"","meta":{"_acf_changed":false,"_kadence_starter_templates_imported_post":false,"_kad_post_transparent":"","_kad_post_title":"","_kad_post_layout":"","_kad_post_sidebar_id":"","_kad_post_content_style":"","_kad_post_vertical_padding":"","_kad_post_feature":"","_kad_post_feature_position":"","_kad_post_header":false,"_kad_post_footer":false,"_kad_post_classname":""},"product_brand":[49],"product_cat":[1564,1600,1563,1576,1599,1562],"product_tag":[],"class_list":{"0":"post-456776","1":"product","2":"type-product","3":"status-publish","4":"has-post-thumbnail","6":"product_brand-clinique","7":"product_cat-cosmetice-ingrijire-personala","8":"product_cat-fard-de-pleoape","9":"product_cat-ingrijire-personala","10":"product_cat-machiaj","11":"product_cat-machiaj-pentru-ochi-machiaj","12":"product_cat-sanatate-si-frumusete","13":"pa_gen-female","14":"pa_marime-17-g","16":"first","17":"instock","18":"sale","19":"product-type-external","20":"entry","21":"content-bg","22":"loop-entry"},"acf":[],"yoast_head":"<!-- This site is optimized with the Yoast SEO plugin v27.3 - https:\/\/yoast.com\/product\/yoast-seo-wordpress\/ -->\n<title>Clinique All About Shadow\u2122 Duo duo fard ochi culoare Day Into Date - Shimmer\/Matte 1,7 g - SHOPATOA.COM<\/title>\n<meta name=\"robots\" content=\"index, follow, max-snippet:-1, max-image-preview:large, max-video-preview:-1\" \/>\n<link rel=\"canonical\" href=\"https:\/\/shopatoa.com\/ro\/clinique-all-about-shadow-duo-duo-fard-ochi-culoare-day-into-date-shimmer-matte-17-g\/\" \/>\n<meta property=\"og:locale\" content=\"ro_RO\" \/>\n<meta property=\"og:type\" content=\"article\" \/>\n<meta property=\"og:title\" content=\"Clinique All About Shadow\u2122 Duo duo fard ochi culoare Day Into Date - Shimmer\/Matte 1,7 g - SHOPATOA.COM\" \/>\n<meta property=\"og:description\" content=\"Clinique All About Shadow\u2122 Duo, 1,7 g, Farduri de ochi pentru femei, Ave\u021bi o palet\u0103 preferat\u0103 de farduri din care anumite culori dispar mai repede dec\u00e2t altele \u0219i de care nu v\u0103 pute\u021bi lipsi? Sau c\u0103l\u0103tori\u021bi, iar \u00een geanta cosmetic\u0103 \u00eencap doar cele mai esen\u021biale articole de beauty? Fardurile de ochi CliniqueAll About Shadow\u2122Duo, datorit\u0103...\" \/>\n<meta property=\"og:url\" content=\"https:\/\/shopatoa.com\/ro\/clinique-all-about-shadow-duo-duo-fard-ochi-culoare-day-into-date-shimmer-matte-17-g\/\" \/>\n<meta property=\"og:site_name\" content=\"SHOPATOA\" \/>\n<meta property=\"article:modified_time\" content=\"2026-02-04T05:13:20+00:00\" \/>\n<meta property=\"og:image\" content=\"https:\/\/storage.googleapis.com\/cz-shopatoa-img\/ro\/cce4ff35-unnamed-file.webp\" \/>\n\t<meta property=\"og:image:width\" content=\"800\" \/>\n\t<meta property=\"og:image:height\" content=\"800\" \/>\n\t<meta property=\"og:image:type\" content=\"image\/webp\" \/>\n<meta name=\"twitter:card\" content=\"summary_large_image\" \/>\n<meta name=\"twitter:label1\" content=\"Timp estimat pentru citire\" \/>\n\t<meta name=\"twitter:data1\" content=\"1 minut\" \/>\n<script type=\"application\/ld+json\" class=\"yoast-schema-graph\">{\"@context\":\"https:\\\/\\\/schema.org\",\"@graph\":[{\"@type\":\"WebPage\",\"@id\":\"https:\\\/\\\/shopatoa.com\\\/ro\\\/clinique-all-about-shadow-duo-duo-fard-ochi-culoare-day-into-date-shimmer-matte-17-g\\\/\",\"url\":\"https:\\\/\\\/shopatoa.com\\\/ro\\\/clinique-all-about-shadow-duo-duo-fard-ochi-culoare-day-into-date-shimmer-matte-17-g\\\/\",\"name\":\"Clinique All About Shadow\u2122 Duo duo fard ochi culoare Day Into Date - Shimmer\\\/Matte 1,7 g - SHOPATOA.COM\",\"isPartOf\":{\"@id\":\"https:\\\/\\\/shopatoa.com\\\/ro\\\/#website\"},\"primaryImageOfPage\":{\"@id\":\"https:\\\/\\\/shopatoa.com\\\/ro\\\/clinique-all-about-shadow-duo-duo-fard-ochi-culoare-day-into-date-shimmer-matte-17-g\\\/#primaryimage\"},\"image\":{\"@id\":\"https:\\\/\\\/shopatoa.com\\\/ro\\\/clinique-all-about-shadow-duo-duo-fard-ochi-culoare-day-into-date-shimmer-matte-17-g\\\/#primaryimage\"},\"thumbnailUrl\":\"https:\\\/\\\/storage.googleapis.com\\\/cz-shopatoa-img\\\/ro\\\/cce4ff35-unnamed-file.webp\",\"datePublished\":\"2025-06-25T19:12:20+00:00\",\"dateModified\":\"2026-02-04T05:13:20+00:00\",\"breadcrumb\":{\"@id\":\"https:\\\/\\\/shopatoa.com\\\/ro\\\/clinique-all-about-shadow-duo-duo-fard-ochi-culoare-day-into-date-shimmer-matte-17-g\\\/#breadcrumb\"},\"inLanguage\":\"ro-RO\",\"potentialAction\":[{\"@type\":\"ReadAction\",\"target\":[\"https:\\\/\\\/shopatoa.com\\\/ro\\\/clinique-all-about-shadow-duo-duo-fard-ochi-culoare-day-into-date-shimmer-matte-17-g\\\/\"]}]},{\"@type\":\"ImageObject\",\"inLanguage\":\"ro-RO\",\"@id\":\"https:\\\/\\\/shopatoa.com\\\/ro\\\/clinique-all-about-shadow-duo-duo-fard-ochi-culoare-day-into-date-shimmer-matte-17-g\\\/#primaryimage\",\"url\":\"https:\\\/\\\/storage.googleapis.com\\\/cz-shopatoa-img\\\/ro\\\/cce4ff35-unnamed-file.webp\",\"contentUrl\":\"https:\\\/\\\/storage.googleapis.com\\\/cz-shopatoa-img\\\/ro\\\/cce4ff35-unnamed-file.webp\",\"width\":800,\"height\":800},{\"@type\":\"BreadcrumbList\",\"@id\":\"https:\\\/\\\/shopatoa.com\\\/ro\\\/clinique-all-about-shadow-duo-duo-fard-ochi-culoare-day-into-date-shimmer-matte-17-g\\\/#breadcrumb\",\"itemListElement\":[{\"@type\":\"ListItem\",\"position\":1,\"name\":\"Dom\u016f\",\"item\":\"https:\\\/\\\/shopatoa.com\\\/ro\\\/\"},{\"@type\":\"ListItem\",\"position\":2,\"name\":\"Shop\",\"item\":\"https:\\\/\\\/shopatoa.com\\\/ro\\\/shop\\\/\"},{\"@type\":\"ListItem\",\"position\":3,\"name\":\"S\u0103n\u0103tate \u0219i frumuse\u021be\",\"item\":\"https:\\\/\\\/shopatoa.com\\\/ro\\\/sanatate-si-frumusete\\\/\"},{\"@type\":\"ListItem\",\"position\":4,\"name\":\"\u00cengrijire personal\u0103\",\"item\":\"https:\\\/\\\/shopatoa.com\\\/ro\\\/ingrijire-personala\\\/\"},{\"@type\":\"ListItem\",\"position\":5,\"name\":\"Cosmetice\",\"item\":\"https:\\\/\\\/shopatoa.com\\\/ro\\\/cosmetice-ingrijire-personala\\\/\"},{\"@type\":\"ListItem\",\"position\":6,\"name\":\"Machiaj\",\"item\":\"https:\\\/\\\/shopatoa.com\\\/ro\\\/machiaj\\\/\"},{\"@type\":\"ListItem\",\"position\":7,\"name\":\"Machiaj pentru ochi\",\"item\":\"https:\\\/\\\/shopatoa.com\\\/ro\\\/machiaj-pentru-ochi-machiaj\\\/\"},{\"@type\":\"ListItem\",\"position\":8,\"name\":\"Fard de pleoape\",\"item\":\"https:\\\/\\\/shopatoa.com\\\/ro\\\/fard-de-pleoape\\\/\"},{\"@type\":\"ListItem\",\"position\":9,\"name\":\"Clinique All About Shadow\u2122 Duo duo fard ochi culoare Day Into Date &#8211; Shimmer\\\/Matte 1,7 g\"}]},{\"@type\":\"WebSite\",\"@id\":\"https:\\\/\\\/shopatoa.com\\\/ro\\\/#website\",\"url\":\"https:\\\/\\\/shopatoa.com\\\/ro\\\/\",\"name\":\"SHOPATOA\",\"description\":\"\",\"publisher\":{\"@id\":\"https:\\\/\\\/shopatoa.com\\\/ro\\\/#organization\"},\"potentialAction\":[{\"@type\":\"SearchAction\",\"target\":{\"@type\":\"EntryPoint\",\"urlTemplate\":\"https:\\\/\\\/shopatoa.com\\\/ro\\\/?s={search_term_string}\"},\"query-input\":{\"@type\":\"PropertyValueSpecification\",\"valueRequired\":true,\"valueName\":\"search_term_string\"}}],\"inLanguage\":\"ro-RO\"},{\"@type\":\"Organization\",\"@id\":\"https:\\\/\\\/shopatoa.com\\\/ro\\\/#organization\",\"name\":\"SHOPATOA\",\"url\":\"https:\\\/\\\/shopatoa.com\\\/ro\\\/\",\"logo\":{\"@type\":\"ImageObject\",\"inLanguage\":\"ro-RO\",\"@id\":\"https:\\\/\\\/shopatoa.com\\\/ro\\\/#\\\/schema\\\/logo\\\/image\\\/\",\"url\":\"https:\\\/\\\/storage.googleapis.com\\\/cz-shopatoa-img\\\/ro\\\/b4dac915-shopatoa_logo.png\",\"contentUrl\":\"https:\\\/\\\/storage.googleapis.com\\\/cz-shopatoa-img\\\/ro\\\/b4dac915-shopatoa_logo.png\",\"width\":416,\"height\":63,\"caption\":\"SHOPATOA\"},\"image\":{\"@id\":\"https:\\\/\\\/shopatoa.com\\\/ro\\\/#\\\/schema\\\/logo\\\/image\\\/\"}}]}<\/script>\n<!-- \/ Yoast SEO plugin. -->","yoast_head_json":{"title":"Clinique All About Shadow\u2122 Duo duo fard ochi culoare Day Into Date - Shimmer\/Matte 1,7 g - SHOPATOA.COM","robots":{"index":"index","follow":"follow","max-snippet":"max-snippet:-1","max-image-preview":"max-image-preview:large","max-video-preview":"max-video-preview:-1"},"canonical":"https:\/\/shopatoa.com\/ro\/clinique-all-about-shadow-duo-duo-fard-ochi-culoare-day-into-date-shimmer-matte-17-g\/","og_locale":"ro_RO","og_type":"article","og_title":"Clinique All About Shadow\u2122 Duo duo fard ochi culoare Day Into Date - Shimmer\/Matte 1,7 g - SHOPATOA.COM","og_description":"Clinique All About Shadow\u2122 Duo, 1,7 g, Farduri de ochi pentru femei, Ave\u021bi o palet\u0103 preferat\u0103 de farduri din care anumite culori dispar mai repede dec\u00e2t altele \u0219i de care nu v\u0103 pute\u021bi lipsi? Sau c\u0103l\u0103tori\u021bi, iar \u00een geanta cosmetic\u0103 \u00eencap doar cele mai esen\u021biale articole de beauty? Fardurile de ochi CliniqueAll About Shadow\u2122Duo, datorit\u0103...","og_url":"https:\/\/shopatoa.com\/ro\/clinique-all-about-shadow-duo-duo-fard-ochi-culoare-day-into-date-shimmer-matte-17-g\/","og_site_name":"SHOPATOA","article_modified_time":"2026-02-04T05:13:20+00:00","og_image":[{"width":800,"height":800,"url":"https:\/\/storage.googleapis.com\/cz-shopatoa-img\/ro\/cce4ff35-unnamed-file.webp","type":"image\/webp"}],"twitter_card":"summary_large_image","twitter_misc":{"Timp estimat pentru citire":"1 minut"},"schema":{"@context":"https:\/\/schema.org","@graph":[{"@type":"WebPage","@id":"https:\/\/shopatoa.com\/ro\/clinique-all-about-shadow-duo-duo-fard-ochi-culoare-day-into-date-shimmer-matte-17-g\/","url":"https:\/\/shopatoa.com\/ro\/clinique-all-about-shadow-duo-duo-fard-ochi-culoare-day-into-date-shimmer-matte-17-g\/","name":"Clinique All About Shadow\u2122 Duo duo fard ochi culoare Day Into Date - Shimmer\/Matte 1,7 g - SHOPATOA.COM","isPartOf":{"@id":"https:\/\/shopatoa.com\/ro\/#website"},"primaryImageOfPage":{"@id":"https:\/\/shopatoa.com\/ro\/clinique-all-about-shadow-duo-duo-fard-ochi-culoare-day-into-date-shimmer-matte-17-g\/#primaryimage"},"image":{"@id":"https:\/\/shopatoa.com\/ro\/clinique-all-about-shadow-duo-duo-fard-ochi-culoare-day-into-date-shimmer-matte-17-g\/#primaryimage"},"thumbnailUrl":"https:\/\/storage.googleapis.com\/cz-shopatoa-img\/ro\/cce4ff35-unnamed-file.webp","datePublished":"2025-06-25T19:12:20+00:00","dateModified":"2026-02-04T05:13:20+00:00","breadcrumb":{"@id":"https:\/\/shopatoa.com\/ro\/clinique-all-about-shadow-duo-duo-fard-ochi-culoare-day-into-date-shimmer-matte-17-g\/#breadcrumb"},"inLanguage":"ro-RO","potentialAction":[{"@type":"ReadAction","target":["https:\/\/shopatoa.com\/ro\/clinique-all-about-shadow-duo-duo-fard-ochi-culoare-day-into-date-shimmer-matte-17-g\/"]}]},{"@type":"ImageObject","inLanguage":"ro-RO","@id":"https:\/\/shopatoa.com\/ro\/clinique-all-about-shadow-duo-duo-fard-ochi-culoare-day-into-date-shimmer-matte-17-g\/#primaryimage","url":"https:\/\/storage.googleapis.com\/cz-shopatoa-img\/ro\/cce4ff35-unnamed-file.webp","contentUrl":"https:\/\/storage.googleapis.com\/cz-shopatoa-img\/ro\/cce4ff35-unnamed-file.webp","width":800,"height":800},{"@type":"BreadcrumbList","@id":"https:\/\/shopatoa.com\/ro\/clinique-all-about-shadow-duo-duo-fard-ochi-culoare-day-into-date-shimmer-matte-17-g\/#breadcrumb","itemListElement":[{"@type":"ListItem","position":1,"name":"Dom\u016f","item":"https:\/\/shopatoa.com\/ro\/"},{"@type":"ListItem","position":2,"name":"Shop","item":"https:\/\/shopatoa.com\/ro\/shop\/"},{"@type":"ListItem","position":3,"name":"S\u0103n\u0103tate \u0219i frumuse\u021be","item":"https:\/\/shopatoa.com\/ro\/sanatate-si-frumusete\/"},{"@type":"ListItem","position":4,"name":"\u00cengrijire personal\u0103","item":"https:\/\/shopatoa.com\/ro\/ingrijire-personala\/"},{"@type":"ListItem","position":5,"name":"Cosmetice","item":"https:\/\/shopatoa.com\/ro\/cosmetice-ingrijire-personala\/"},{"@type":"ListItem","position":6,"name":"Machiaj","item":"https:\/\/shopatoa.com\/ro\/machiaj\/"},{"@type":"ListItem","position":7,"name":"Machiaj pentru ochi","item":"https:\/\/shopatoa.com\/ro\/machiaj-pentru-ochi-machiaj\/"},{"@type":"ListItem","position":8,"name":"Fard de pleoape","item":"https:\/\/shopatoa.com\/ro\/fard-de-pleoape\/"},{"@type":"ListItem","position":9,"name":"Clinique All About Shadow\u2122 Duo duo fard ochi culoare Day Into Date &#8211; Shimmer\/Matte 1,7 g"}]},{"@type":"WebSite","@id":"https:\/\/shopatoa.com\/ro\/#website","url":"https:\/\/shopatoa.com\/ro\/","name":"SHOPATOA","description":"","publisher":{"@id":"https:\/\/shopatoa.com\/ro\/#organization"},"potentialAction":[{"@type":"SearchAction","target":{"@type":"EntryPoint","urlTemplate":"https:\/\/shopatoa.com\/ro\/?s={search_term_string}"},"query-input":{"@type":"PropertyValueSpecification","valueRequired":true,"valueName":"search_term_string"}}],"inLanguage":"ro-RO"},{"@type":"Organization","@id":"https:\/\/shopatoa.com\/ro\/#organization","name":"SHOPATOA","url":"https:\/\/shopatoa.com\/ro\/","logo":{"@type":"ImageObject","inLanguage":"ro-RO","@id":"https:\/\/shopatoa.com\/ro\/#\/schema\/logo\/image\/","url":"https:\/\/storage.googleapis.com\/cz-shopatoa-img\/ro\/b4dac915-shopatoa_logo.png","contentUrl":"https:\/\/storage.googleapis.com\/cz-shopatoa-img\/ro\/b4dac915-shopatoa_logo.png","width":416,"height":63,"caption":"SHOPATOA"},"image":{"@id":"https:\/\/shopatoa.com\/ro\/#\/schema\/logo\/image\/"}}]}},"_links":{"self":[{"href":"https:\/\/shopatoa.com\/ro\/wp-json\/wp\/v2\/product\/456776","targetHints":{"allow":["GET"]}}],"collection":[{"href":"https:\/\/shopatoa.com\/ro\/wp-json\/wp\/v2\/product"}],"about":[{"href":"https:\/\/shopatoa.com\/ro\/wp-json\/wp\/v2\/types\/product"}],"replies":[{"embeddable":true,"href":"https:\/\/shopatoa.com\/ro\/wp-json\/wp\/v2\/comments?post=456776"}],"wp:featuredmedia":[{"embeddable":true,"href":"https:\/\/shopatoa.com\/ro\/wp-json\/wp\/v2\/media\/456777"}],"wp:attachment":[{"href":"https:\/\/shopatoa.com\/ro\/wp-json\/wp\/v2\/media?parent=456776"}],"wp:term":[{"taxonomy":"product_brand","embeddable":true,"href":"https:\/\/shopatoa.com\/ro\/wp-json\/wp\/v2\/product_brand?post=456776"},{"taxonomy":"product_cat","embeddable":true,"href":"https:\/\/shopatoa.com\/ro\/wp-json\/wp\/v2\/product_cat?post=456776"},{"taxonomy":"product_tag","embeddable":true,"href":"https:\/\/shopatoa.com\/ro\/wp-json\/wp\/v2\/product_tag?post=456776"}],"curies":[{"name":"wp","href":"https:\/\/api.w.org\/{rel}","templated":true}]}}