{"id":456928,"date":"2025-06-25T21:25:07","date_gmt":"2025-06-25T19:25:07","guid":{"rendered":"https:\/\/shopatoa.com\/ro\/tirtir-hydro-boost-enzyme-cleansing-balm-lotiune-de-curatare-pentru-stralucirea-si-netezirea-pielii-50-ml\/"},"modified":"2026-02-04T05:50:10","modified_gmt":"2026-02-04T04:50:10","slug":"tirtir-hydro-boost-enzyme-cleansing-balm-lotiune-de-curatare-pentru-stralucirea-si-netezirea-pielii-50-ml","status":"publish","type":"product","link":"https:\/\/shopatoa.com\/ro\/tirtir-hydro-boost-enzyme-cleansing-balm-lotiune-de-curatare-pentru-stralucirea-si-netezirea-pielii-50-ml\/","title":{"rendered":"TIRTIR Hydro Boost Enzyme Cleansing Balm lotiune de curatare pentru str\u0103lucirea \u0219i netezirea pielii 50 ml"},"content":{"rendered":"<p>TIRTIR Hydro Boost Enzyme Cleansing Balm, 50 ml, Cur\u0103\u021barea pielii pentru femei, \u00cenainte de a \u00eencepe rutina obi\u0219nuit\u0103 de \u00eengrijire, este foarte important s\u0103 v\u0103 preg\u0103ti\u021bi tenul printr-o cur\u0103\u021bare temeinic\u0103 \u2013 f\u0103r\u0103 aceasta, \u00eengrijirea urm\u0103toare nu va fi la fel de eficient\u0103. Produsul de cur\u0103\u021bare a tenului TIRTIR Hydro Boost Enzyme ajut\u0103 la \u00eendep\u0103rtarea tuturor impurit\u0103\u021bilor acumulate pe ten \u0219i \u00een pori pe parcursul zilei sau peste noapte, l\u0103s\u00e2nd fa\u021ba perfect curat\u0103 \u0219i preg\u0103tit\u0103 pentru orice alt\u0103 \u00eengrijire.  Caracteristici:  \u00eenl\u0103tur\u0103 eficient fondul de ten fe\u021bei hidrateaz\u0103 \u00een profunzime cur\u0103\u021b\u0103 eficient porii efect exfoliant nu perturb\u0103 bariera cutanat\u0103 natural\u0103 se recomand\u0103 pentru tenul sensibil  Ingrediente:  substan\u021be fermentate \u2013 ajut\u0103 la men\u021binerea microbiomului natural cutanat \u0219i a pH-ului echilibrat, calmeaz\u0103, combat irita\u021biile \u0219i consolideaz\u0103 bariera protectoare cutanat\u0103 extract de gotu kola \u2013 restabile\u0219te \u0219i fortific\u0103 bariera cutanat\u0103, favorizeaz\u0103 procesele de regenerare, calmeaz\u0103 irita\u021biile, combate ro\u0219ea\u021ba \u0219i uscarea, are efecte antioxidante, hidrateaz\u0103, ajut\u0103 la combaterea \u00eemb\u0103tr\u00e2nirii pielii squalane \u2013 fixeaz\u0103 umiditatea \u00een piele prin formarea unui strat protector pe suprafa\u021ba acesteia, hidrateaz\u0103, catifeleaz\u0103 \u0219i neteze\u0219te, ajut\u0103 la reglarea produc\u021biei de sebum, datorit\u0103 efectelor sale antioxidante puternice contribuie \u0219i la uniformizarea nuan\u021bei  Cum se utilizeaz\u0103: Aplica\u021bi produsul pe fa\u021ba uscat\u0103 \u0219i masa\u021bi delicat tenul cu v\u00e2rfurile degetelor, mai ales pe zonele mai pu\u021bin curate. Ad\u0103uga\u021bi pu\u021bin\u0103 ap\u0103 \u0219i continua\u021bi masajul fe\u021bei, pentru a dizolva machiajul \u0219i impurit\u0103\u021bile. Nu v\u0103 opri\u021bi p\u00e2n\u0103 ce uleiul nu devine alb. Apoi se cl\u0103te\u0219te. Se aplic\u0103 numai pe pielea s\u0103n\u0103toas\u0103.<\/p>\n","protected":false},"excerpt":{"rendered":"<p>TIRTIR Hydro Boost Enzyme Cleansing Balm, 50 ml, Cur\u0103\u021barea pielii pentru femei, \u00cenainte de a \u00eencepe rutina obi\u0219nuit\u0103 de \u00eengrijire, este foarte important s\u0103 v\u0103 preg\u0103ti\u021bi tenul printr-o cur\u0103\u021bare temeinic\u0103 \u2013 f\u0103r\u0103 aceasta, \u00eengrijirea urm\u0103toare nu va fi la fel de eficient\u0103. Produsul de cur\u0103\u021bare a tenului TIRTIR Hydro Boost Enzyme ajut\u0103 la \u00eendep\u0103rtarea tuturor&#8230;<\/p>\n","protected":false},"featured_media":456929,"comment_status":"closed","ping_status":"open","template":"","meta":{"_acf_changed":false,"_kadence_starter_templates_imported_post":false,"_kad_post_transparent":"","_kad_post_title":"","_kad_post_layout":"","_kad_post_sidebar_id":"","_kad_post_content_style":"","_kad_post_vertical_padding":"","_kad_post_feature":"","_kad_post_feature_position":"","_kad_post_header":false,"_kad_post_footer":false,"_kad_post_classname":""},"product_brand":[2195],"product_cat":[1564,1566,1563,1565,1562],"product_tag":[],"class_list":{"0":"post-456928","1":"product","2":"type-product","3":"status-publish","4":"has-post-thumbnail","6":"product_brand-tirtir","7":"product_cat-cosmetice-ingrijire-personala","8":"product_cat-demachiere","9":"product_cat-ingrijire-personala","10":"product_cat-ingrijirea-pielii","11":"product_cat-sanatate-si-frumusete","12":"pa_gen-female","13":"pa_marime-50-ml","15":"first","16":"instock","17":"sale","18":"product-type-external","19":"entry","20":"content-bg","21":"loop-entry"},"acf":[],"yoast_head":"<!-- This site is optimized with the Yoast SEO plugin v27.4 - https:\/\/yoast.com\/product\/yoast-seo-wordpress\/ -->\n<title>TIRTIR Hydro Boost Enzyme Cleansing Balm lotiune de curatare pentru str\u0103lucirea \u0219i netezirea pielii 50 ml - SHOPATOA.COM<\/title>\n<meta name=\"robots\" content=\"index, follow, max-snippet:-1, max-image-preview:large, max-video-preview:-1\" \/>\n<link rel=\"canonical\" href=\"https:\/\/shopatoa.com\/ro\/tirtir-hydro-boost-enzyme-cleansing-balm-lotiune-de-curatare-pentru-stralucirea-si-netezirea-pielii-50-ml\/\" \/>\n<meta property=\"og:locale\" content=\"ro_RO\" \/>\n<meta property=\"og:type\" content=\"article\" \/>\n<meta property=\"og:title\" content=\"TIRTIR Hydro Boost Enzyme Cleansing Balm lotiune de curatare pentru str\u0103lucirea \u0219i netezirea pielii 50 ml - SHOPATOA.COM\" \/>\n<meta property=\"og:description\" content=\"TIRTIR Hydro Boost Enzyme Cleansing Balm, 50 ml, Cur\u0103\u021barea pielii pentru femei, \u00cenainte de a \u00eencepe rutina obi\u0219nuit\u0103 de \u00eengrijire, este foarte important s\u0103 v\u0103 preg\u0103ti\u021bi tenul printr-o cur\u0103\u021bare temeinic\u0103 \u2013 f\u0103r\u0103 aceasta, \u00eengrijirea urm\u0103toare nu va fi la fel de eficient\u0103. Produsul de cur\u0103\u021bare a tenului TIRTIR Hydro Boost Enzyme ajut\u0103 la \u00eendep\u0103rtarea tuturor...\" \/>\n<meta property=\"og:url\" content=\"https:\/\/shopatoa.com\/ro\/tirtir-hydro-boost-enzyme-cleansing-balm-lotiune-de-curatare-pentru-stralucirea-si-netezirea-pielii-50-ml\/\" \/>\n<meta property=\"og:site_name\" content=\"SHOPATOA\" \/>\n<meta property=\"article:modified_time\" content=\"2026-02-04T04:50:10+00:00\" \/>\n<meta property=\"og:image\" content=\"https:\/\/storage.googleapis.com\/cz-shopatoa-img\/ro\/79a57538-unnamed-file.webp\" \/>\n\t<meta property=\"og:image:width\" content=\"800\" \/>\n\t<meta property=\"og:image:height\" content=\"800\" \/>\n\t<meta property=\"og:image:type\" content=\"image\/webp\" \/>\n<meta name=\"twitter:card\" content=\"summary_large_image\" \/>\n<meta name=\"twitter:label1\" content=\"Timp estimat pentru citire\" \/>\n\t<meta name=\"twitter:data1\" content=\"1 minut\" \/>\n<script type=\"application\/ld+json\" class=\"yoast-schema-graph\">{\"@context\":\"https:\\\/\\\/schema.org\",\"@graph\":[{\"@type\":\"WebPage\",\"@id\":\"https:\\\/\\\/shopatoa.com\\\/ro\\\/tirtir-hydro-boost-enzyme-cleansing-balm-lotiune-de-curatare-pentru-stralucirea-si-netezirea-pielii-50-ml\\\/\",\"url\":\"https:\\\/\\\/shopatoa.com\\\/ro\\\/tirtir-hydro-boost-enzyme-cleansing-balm-lotiune-de-curatare-pentru-stralucirea-si-netezirea-pielii-50-ml\\\/\",\"name\":\"TIRTIR Hydro Boost Enzyme Cleansing Balm lotiune de curatare pentru str\u0103lucirea \u0219i netezirea pielii 50 ml - SHOPATOA.COM\",\"isPartOf\":{\"@id\":\"https:\\\/\\\/shopatoa.com\\\/ro\\\/#website\"},\"primaryImageOfPage\":{\"@id\":\"https:\\\/\\\/shopatoa.com\\\/ro\\\/tirtir-hydro-boost-enzyme-cleansing-balm-lotiune-de-curatare-pentru-stralucirea-si-netezirea-pielii-50-ml\\\/#primaryimage\"},\"image\":{\"@id\":\"https:\\\/\\\/shopatoa.com\\\/ro\\\/tirtir-hydro-boost-enzyme-cleansing-balm-lotiune-de-curatare-pentru-stralucirea-si-netezirea-pielii-50-ml\\\/#primaryimage\"},\"thumbnailUrl\":\"https:\\\/\\\/storage.googleapis.com\\\/cz-shopatoa-img\\\/ro\\\/79a57538-unnamed-file.webp\",\"datePublished\":\"2025-06-25T19:25:07+00:00\",\"dateModified\":\"2026-02-04T04:50:10+00:00\",\"breadcrumb\":{\"@id\":\"https:\\\/\\\/shopatoa.com\\\/ro\\\/tirtir-hydro-boost-enzyme-cleansing-balm-lotiune-de-curatare-pentru-stralucirea-si-netezirea-pielii-50-ml\\\/#breadcrumb\"},\"inLanguage\":\"ro-RO\",\"potentialAction\":[{\"@type\":\"ReadAction\",\"target\":[\"https:\\\/\\\/shopatoa.com\\\/ro\\\/tirtir-hydro-boost-enzyme-cleansing-balm-lotiune-de-curatare-pentru-stralucirea-si-netezirea-pielii-50-ml\\\/\"]}]},{\"@type\":\"ImageObject\",\"inLanguage\":\"ro-RO\",\"@id\":\"https:\\\/\\\/shopatoa.com\\\/ro\\\/tirtir-hydro-boost-enzyme-cleansing-balm-lotiune-de-curatare-pentru-stralucirea-si-netezirea-pielii-50-ml\\\/#primaryimage\",\"url\":\"https:\\\/\\\/storage.googleapis.com\\\/cz-shopatoa-img\\\/ro\\\/79a57538-unnamed-file.webp\",\"contentUrl\":\"https:\\\/\\\/storage.googleapis.com\\\/cz-shopatoa-img\\\/ro\\\/79a57538-unnamed-file.webp\",\"width\":800,\"height\":800},{\"@type\":\"BreadcrumbList\",\"@id\":\"https:\\\/\\\/shopatoa.com\\\/ro\\\/tirtir-hydro-boost-enzyme-cleansing-balm-lotiune-de-curatare-pentru-stralucirea-si-netezirea-pielii-50-ml\\\/#breadcrumb\",\"itemListElement\":[{\"@type\":\"ListItem\",\"position\":1,\"name\":\"Dom\u016f\",\"item\":\"https:\\\/\\\/shopatoa.com\\\/ro\\\/\"},{\"@type\":\"ListItem\",\"position\":2,\"name\":\"Shop\",\"item\":\"https:\\\/\\\/shopatoa.com\\\/ro\\\/shop\\\/\"},{\"@type\":\"ListItem\",\"position\":3,\"name\":\"S\u0103n\u0103tate \u0219i frumuse\u021be\",\"item\":\"https:\\\/\\\/shopatoa.com\\\/ro\\\/sanatate-si-frumusete\\\/\"},{\"@type\":\"ListItem\",\"position\":4,\"name\":\"\u00cengrijire personal\u0103\",\"item\":\"https:\\\/\\\/shopatoa.com\\\/ro\\\/ingrijire-personala\\\/\"},{\"@type\":\"ListItem\",\"position\":5,\"name\":\"Cosmetice\",\"item\":\"https:\\\/\\\/shopatoa.com\\\/ro\\\/cosmetice-ingrijire-personala\\\/\"},{\"@type\":\"ListItem\",\"position\":6,\"name\":\"\u00cengrijirea pielii\",\"item\":\"https:\\\/\\\/shopatoa.com\\\/ro\\\/ingrijirea-pielii\\\/\"},{\"@type\":\"ListItem\",\"position\":7,\"name\":\"Demachiere\",\"item\":\"https:\\\/\\\/shopatoa.com\\\/ro\\\/demachiere\\\/\"},{\"@type\":\"ListItem\",\"position\":8,\"name\":\"TIRTIR Hydro Boost Enzyme Cleansing Balm lotiune de curatare pentru str\u0103lucirea \u0219i netezirea pielii 50 ml\"}]},{\"@type\":\"WebSite\",\"@id\":\"https:\\\/\\\/shopatoa.com\\\/ro\\\/#website\",\"url\":\"https:\\\/\\\/shopatoa.com\\\/ro\\\/\",\"name\":\"SHOPATOA\",\"description\":\"\",\"publisher\":{\"@id\":\"https:\\\/\\\/shopatoa.com\\\/ro\\\/#organization\"},\"potentialAction\":[{\"@type\":\"SearchAction\",\"target\":{\"@type\":\"EntryPoint\",\"urlTemplate\":\"https:\\\/\\\/shopatoa.com\\\/ro\\\/?s={search_term_string}\"},\"query-input\":{\"@type\":\"PropertyValueSpecification\",\"valueRequired\":true,\"valueName\":\"search_term_string\"}}],\"inLanguage\":\"ro-RO\"},{\"@type\":\"Organization\",\"@id\":\"https:\\\/\\\/shopatoa.com\\\/ro\\\/#organization\",\"name\":\"SHOPATOA\",\"url\":\"https:\\\/\\\/shopatoa.com\\\/ro\\\/\",\"logo\":{\"@type\":\"ImageObject\",\"inLanguage\":\"ro-RO\",\"@id\":\"https:\\\/\\\/shopatoa.com\\\/ro\\\/#\\\/schema\\\/logo\\\/image\\\/\",\"url\":\"https:\\\/\\\/storage.googleapis.com\\\/cz-shopatoa-img\\\/ro\\\/b4dac915-shopatoa_logo.png\",\"contentUrl\":\"https:\\\/\\\/storage.googleapis.com\\\/cz-shopatoa-img\\\/ro\\\/b4dac915-shopatoa_logo.png\",\"width\":416,\"height\":63,\"caption\":\"SHOPATOA\"},\"image\":{\"@id\":\"https:\\\/\\\/shopatoa.com\\\/ro\\\/#\\\/schema\\\/logo\\\/image\\\/\"}}]}<\/script>\n<!-- \/ Yoast SEO plugin. -->","yoast_head_json":{"title":"TIRTIR Hydro Boost Enzyme Cleansing Balm lotiune de curatare pentru str\u0103lucirea \u0219i netezirea pielii 50 ml - SHOPATOA.COM","robots":{"index":"index","follow":"follow","max-snippet":"max-snippet:-1","max-image-preview":"max-image-preview:large","max-video-preview":"max-video-preview:-1"},"canonical":"https:\/\/shopatoa.com\/ro\/tirtir-hydro-boost-enzyme-cleansing-balm-lotiune-de-curatare-pentru-stralucirea-si-netezirea-pielii-50-ml\/","og_locale":"ro_RO","og_type":"article","og_title":"TIRTIR Hydro Boost Enzyme Cleansing Balm lotiune de curatare pentru str\u0103lucirea \u0219i netezirea pielii 50 ml - SHOPATOA.COM","og_description":"TIRTIR Hydro Boost Enzyme Cleansing Balm, 50 ml, Cur\u0103\u021barea pielii pentru femei, \u00cenainte de a \u00eencepe rutina obi\u0219nuit\u0103 de \u00eengrijire, este foarte important s\u0103 v\u0103 preg\u0103ti\u021bi tenul printr-o cur\u0103\u021bare temeinic\u0103 \u2013 f\u0103r\u0103 aceasta, \u00eengrijirea urm\u0103toare nu va fi la fel de eficient\u0103. Produsul de cur\u0103\u021bare a tenului TIRTIR Hydro Boost Enzyme ajut\u0103 la \u00eendep\u0103rtarea tuturor...","og_url":"https:\/\/shopatoa.com\/ro\/tirtir-hydro-boost-enzyme-cleansing-balm-lotiune-de-curatare-pentru-stralucirea-si-netezirea-pielii-50-ml\/","og_site_name":"SHOPATOA","article_modified_time":"2026-02-04T04:50:10+00:00","og_image":[{"width":800,"height":800,"url":"https:\/\/storage.googleapis.com\/cz-shopatoa-img\/ro\/79a57538-unnamed-file.webp","type":"image\/webp"}],"twitter_card":"summary_large_image","twitter_misc":{"Timp estimat pentru citire":"1 minut"},"schema":{"@context":"https:\/\/schema.org","@graph":[{"@type":"WebPage","@id":"https:\/\/shopatoa.com\/ro\/tirtir-hydro-boost-enzyme-cleansing-balm-lotiune-de-curatare-pentru-stralucirea-si-netezirea-pielii-50-ml\/","url":"https:\/\/shopatoa.com\/ro\/tirtir-hydro-boost-enzyme-cleansing-balm-lotiune-de-curatare-pentru-stralucirea-si-netezirea-pielii-50-ml\/","name":"TIRTIR Hydro Boost Enzyme Cleansing Balm lotiune de curatare pentru str\u0103lucirea \u0219i netezirea pielii 50 ml - SHOPATOA.COM","isPartOf":{"@id":"https:\/\/shopatoa.com\/ro\/#website"},"primaryImageOfPage":{"@id":"https:\/\/shopatoa.com\/ro\/tirtir-hydro-boost-enzyme-cleansing-balm-lotiune-de-curatare-pentru-stralucirea-si-netezirea-pielii-50-ml\/#primaryimage"},"image":{"@id":"https:\/\/shopatoa.com\/ro\/tirtir-hydro-boost-enzyme-cleansing-balm-lotiune-de-curatare-pentru-stralucirea-si-netezirea-pielii-50-ml\/#primaryimage"},"thumbnailUrl":"https:\/\/storage.googleapis.com\/cz-shopatoa-img\/ro\/79a57538-unnamed-file.webp","datePublished":"2025-06-25T19:25:07+00:00","dateModified":"2026-02-04T04:50:10+00:00","breadcrumb":{"@id":"https:\/\/shopatoa.com\/ro\/tirtir-hydro-boost-enzyme-cleansing-balm-lotiune-de-curatare-pentru-stralucirea-si-netezirea-pielii-50-ml\/#breadcrumb"},"inLanguage":"ro-RO","potentialAction":[{"@type":"ReadAction","target":["https:\/\/shopatoa.com\/ro\/tirtir-hydro-boost-enzyme-cleansing-balm-lotiune-de-curatare-pentru-stralucirea-si-netezirea-pielii-50-ml\/"]}]},{"@type":"ImageObject","inLanguage":"ro-RO","@id":"https:\/\/shopatoa.com\/ro\/tirtir-hydro-boost-enzyme-cleansing-balm-lotiune-de-curatare-pentru-stralucirea-si-netezirea-pielii-50-ml\/#primaryimage","url":"https:\/\/storage.googleapis.com\/cz-shopatoa-img\/ro\/79a57538-unnamed-file.webp","contentUrl":"https:\/\/storage.googleapis.com\/cz-shopatoa-img\/ro\/79a57538-unnamed-file.webp","width":800,"height":800},{"@type":"BreadcrumbList","@id":"https:\/\/shopatoa.com\/ro\/tirtir-hydro-boost-enzyme-cleansing-balm-lotiune-de-curatare-pentru-stralucirea-si-netezirea-pielii-50-ml\/#breadcrumb","itemListElement":[{"@type":"ListItem","position":1,"name":"Dom\u016f","item":"https:\/\/shopatoa.com\/ro\/"},{"@type":"ListItem","position":2,"name":"Shop","item":"https:\/\/shopatoa.com\/ro\/shop\/"},{"@type":"ListItem","position":3,"name":"S\u0103n\u0103tate \u0219i frumuse\u021be","item":"https:\/\/shopatoa.com\/ro\/sanatate-si-frumusete\/"},{"@type":"ListItem","position":4,"name":"\u00cengrijire personal\u0103","item":"https:\/\/shopatoa.com\/ro\/ingrijire-personala\/"},{"@type":"ListItem","position":5,"name":"Cosmetice","item":"https:\/\/shopatoa.com\/ro\/cosmetice-ingrijire-personala\/"},{"@type":"ListItem","position":6,"name":"\u00cengrijirea pielii","item":"https:\/\/shopatoa.com\/ro\/ingrijirea-pielii\/"},{"@type":"ListItem","position":7,"name":"Demachiere","item":"https:\/\/shopatoa.com\/ro\/demachiere\/"},{"@type":"ListItem","position":8,"name":"TIRTIR Hydro Boost Enzyme Cleansing Balm lotiune de curatare pentru str\u0103lucirea \u0219i netezirea pielii 50 ml"}]},{"@type":"WebSite","@id":"https:\/\/shopatoa.com\/ro\/#website","url":"https:\/\/shopatoa.com\/ro\/","name":"SHOPATOA","description":"","publisher":{"@id":"https:\/\/shopatoa.com\/ro\/#organization"},"potentialAction":[{"@type":"SearchAction","target":{"@type":"EntryPoint","urlTemplate":"https:\/\/shopatoa.com\/ro\/?s={search_term_string}"},"query-input":{"@type":"PropertyValueSpecification","valueRequired":true,"valueName":"search_term_string"}}],"inLanguage":"ro-RO"},{"@type":"Organization","@id":"https:\/\/shopatoa.com\/ro\/#organization","name":"SHOPATOA","url":"https:\/\/shopatoa.com\/ro\/","logo":{"@type":"ImageObject","inLanguage":"ro-RO","@id":"https:\/\/shopatoa.com\/ro\/#\/schema\/logo\/image\/","url":"https:\/\/storage.googleapis.com\/cz-shopatoa-img\/ro\/b4dac915-shopatoa_logo.png","contentUrl":"https:\/\/storage.googleapis.com\/cz-shopatoa-img\/ro\/b4dac915-shopatoa_logo.png","width":416,"height":63,"caption":"SHOPATOA"},"image":{"@id":"https:\/\/shopatoa.com\/ro\/#\/schema\/logo\/image\/"}}]}},"_links":{"self":[{"href":"https:\/\/shopatoa.com\/ro\/wp-json\/wp\/v2\/product\/456928","targetHints":{"allow":["GET"]}}],"collection":[{"href":"https:\/\/shopatoa.com\/ro\/wp-json\/wp\/v2\/product"}],"about":[{"href":"https:\/\/shopatoa.com\/ro\/wp-json\/wp\/v2\/types\/product"}],"replies":[{"embeddable":true,"href":"https:\/\/shopatoa.com\/ro\/wp-json\/wp\/v2\/comments?post=456928"}],"wp:featuredmedia":[{"embeddable":true,"href":"https:\/\/shopatoa.com\/ro\/wp-json\/wp\/v2\/media\/456929"}],"wp:attachment":[{"href":"https:\/\/shopatoa.com\/ro\/wp-json\/wp\/v2\/media?parent=456928"}],"wp:term":[{"taxonomy":"product_brand","embeddable":true,"href":"https:\/\/shopatoa.com\/ro\/wp-json\/wp\/v2\/product_brand?post=456928"},{"taxonomy":"product_cat","embeddable":true,"href":"https:\/\/shopatoa.com\/ro\/wp-json\/wp\/v2\/product_cat?post=456928"},{"taxonomy":"product_tag","embeddable":true,"href":"https:\/\/shopatoa.com\/ro\/wp-json\/wp\/v2\/product_tag?post=456928"}],"curies":[{"name":"wp","href":"https:\/\/api.w.org\/{rel}","templated":true}]}}