{"id":456942,"date":"2025-06-25T21:26:46","date_gmt":"2025-06-25T19:26:46","guid":{"rendered":"https:\/\/shopatoa.com\/ro\/im-from-ginseng-masca-faciala-detoxifianta-cu-ginseng-120-g\/"},"modified":"2026-02-04T05:48:03","modified_gmt":"2026-02-04T04:48:03","slug":"im-from-ginseng-masca-faciala-detoxifianta-cu-ginseng-120-g","status":"publish","type":"product","link":"https:\/\/shopatoa.com\/ro\/im-from-ginseng-masca-faciala-detoxifianta-cu-ginseng-120-g\/","title":{"rendered":"I&#8217;m from Ginseng masca faciala detoxifianta cu ginseng 120 g"},"content":{"rendered":"<p>I&#8217;m from Ginseng, 120 g, M\u0103\u0219ti cremoase pentru femei, Sim\u021bi\u021bi c\u0103 tenul dvs. nu este \u00een cea mai bun\u0103 form\u0103 \u0219i c\u0103 are nevoie de o \u00eengrijire suplimentar\u0103 fa\u021b\u0103 de cea oferit\u0103 de crema facial\u0103? Masca facial\u0103 I&#8217;m from Ginseng v\u0103 va \u00eembog\u0103\u021bi perfect rutina de \u00eengrijire a tenului \u2013 va r\u0103sf\u0103\u021ba tenul \u0219i \u00eei va oferi o \u00eengrijire intensiv\u0103, care \u00eei va \u00eembun\u0103t\u0103\u021bi imediat aspectul.  Caracteristici:  la atingere, pielea devine fin\u0103 ca m\u0103tasea cur\u0103\u021b\u0103 impurit\u0103\u021bile din pori \u0219i \u00eei contract\u0103 red\u0103 pielii elasticitatea \u0219i sentimentul de confort netezirea texturii neuniforme a tenului detoxific\u0103 pielea  Ingrediente:  acid hialuronic \u2013 leag\u0103 o cantitate mare de ap\u0103 \u0219i hidrateaz\u0103 intens extract de ginseng \u2013 confer\u0103 umiditate \u0219i o men\u021bine mult timp \u00een piele, favorizeaz\u0103 circula\u021bia sanguin\u0103, ajut\u0103 la restabilirea elasticit\u0103\u021bii, reduce ridurile, lumineaz\u0103 \u0219i decoloreaz\u0103 petele, ac\u021bioneaz\u0103 \u00eempotriva \u00eenro\u0219irii nu con\u021bine parfum extract de lemn dulce \u2013 combate ro\u0219ea\u021ba, edemele \u0219i petele pigmentare, calmeaz\u0103 \u0219i amelioreaz\u0103 irita\u021bia  Cum se utilizeaz\u0103: Masca se aplic\u0103 \u00een strat sub\u021bire pe fa\u021ba curat\u0103, evit\u00e2nd zona ochilor. Se las\u0103 s\u0103 ac\u021bioneze pe perioada specificat\u0103 pe ambalaj. Apoi se spal\u0103 bine masca, cu ap\u0103 c\u0103ldu\u021b\u0103.<\/p>\n","protected":false},"excerpt":{"rendered":"<p>I&#8217;m from Ginseng, 120 g, M\u0103\u0219ti cremoase pentru femei, Sim\u021bi\u021bi c\u0103 tenul dvs. nu este \u00een cea mai bun\u0103 form\u0103 \u0219i c\u0103 are nevoie de o \u00eengrijire suplimentar\u0103 fa\u021b\u0103 de cea oferit\u0103 de crema facial\u0103? Masca facial\u0103 I&#8217;m from Ginseng v\u0103 va \u00eembog\u0103\u021bi perfect rutina de \u00eengrijire a tenului \u2013 va r\u0103sf\u0103\u021ba tenul \u0219i \u00eei&#8230;<\/p>\n","protected":false},"featured_media":456943,"comment_status":"closed","ping_status":"open","template":"","meta":{"_acf_changed":false,"_kadence_starter_templates_imported_post":false,"_kad_post_transparent":"","_kad_post_title":"","_kad_post_layout":"","_kad_post_sidebar_id":"","_kad_post_content_style":"","_kad_post_vertical_padding":"","_kad_post_feature":"","_kad_post_feature_position":"","_kad_post_header":false,"_kad_post_footer":false,"_kad_post_classname":""},"product_brand":[2845],"product_cat":[1564,1563,1565,1614,1562],"product_tag":[],"class_list":{"0":"post-456942","1":"product","2":"type-product","3":"status-publish","4":"has-post-thumbnail","6":"product_brand-im-from","7":"product_cat-cosmetice-ingrijire-personala","8":"product_cat-ingrijire-personala","9":"product_cat-ingrijirea-pielii","10":"product_cat-masti-si-peelings-pentru-ten","11":"product_cat-sanatate-si-frumusete","12":"pa_gen-female","13":"pa_marime-120-g","15":"first","16":"instock","17":"sale","18":"product-type-external","19":"entry","20":"content-bg","21":"loop-entry"},"acf":[],"yoast_head":"<!-- This site is optimized with the Yoast SEO plugin v27.4 - https:\/\/yoast.com\/product\/yoast-seo-wordpress\/ -->\n<title>I&#039;m from Ginseng masca faciala detoxifianta cu ginseng 120 g - SHOPATOA.COM<\/title>\n<meta name=\"robots\" content=\"index, follow, max-snippet:-1, max-image-preview:large, max-video-preview:-1\" \/>\n<link rel=\"canonical\" href=\"https:\/\/shopatoa.com\/ro\/im-from-ginseng-masca-faciala-detoxifianta-cu-ginseng-120-g\/\" \/>\n<meta property=\"og:locale\" content=\"ro_RO\" \/>\n<meta property=\"og:type\" content=\"article\" \/>\n<meta property=\"og:title\" content=\"I&#039;m from Ginseng masca faciala detoxifianta cu ginseng 120 g - SHOPATOA.COM\" \/>\n<meta property=\"og:description\" content=\"I&#8217;m from Ginseng, 120 g, M\u0103\u0219ti cremoase pentru femei, Sim\u021bi\u021bi c\u0103 tenul dvs. nu este \u00een cea mai bun\u0103 form\u0103 \u0219i c\u0103 are nevoie de o \u00eengrijire suplimentar\u0103 fa\u021b\u0103 de cea oferit\u0103 de crema facial\u0103? Masca facial\u0103 I&#8217;m from Ginseng v\u0103 va \u00eembog\u0103\u021bi perfect rutina de \u00eengrijire a tenului \u2013 va r\u0103sf\u0103\u021ba tenul \u0219i \u00eei...\" \/>\n<meta property=\"og:url\" content=\"https:\/\/shopatoa.com\/ro\/im-from-ginseng-masca-faciala-detoxifianta-cu-ginseng-120-g\/\" \/>\n<meta property=\"og:site_name\" content=\"SHOPATOA\" \/>\n<meta property=\"article:modified_time\" content=\"2026-02-04T04:48:03+00:00\" \/>\n<meta property=\"og:image\" content=\"https:\/\/storage.googleapis.com\/cz-shopatoa-img\/ro\/a1680a10-unnamed-file.webp\" \/>\n\t<meta property=\"og:image:width\" content=\"800\" \/>\n\t<meta property=\"og:image:height\" content=\"800\" \/>\n\t<meta property=\"og:image:type\" content=\"image\/webp\" \/>\n<meta name=\"twitter:card\" content=\"summary_large_image\" \/>\n<meta name=\"twitter:label1\" content=\"Timp estimat pentru citire\" \/>\n\t<meta name=\"twitter:data1\" content=\"1 minut\" \/>\n<script type=\"application\/ld+json\" class=\"yoast-schema-graph\">{\"@context\":\"https:\\\/\\\/schema.org\",\"@graph\":[{\"@type\":\"WebPage\",\"@id\":\"https:\\\/\\\/shopatoa.com\\\/ro\\\/im-from-ginseng-masca-faciala-detoxifianta-cu-ginseng-120-g\\\/\",\"url\":\"https:\\\/\\\/shopatoa.com\\\/ro\\\/im-from-ginseng-masca-faciala-detoxifianta-cu-ginseng-120-g\\\/\",\"name\":\"I'm from Ginseng masca faciala detoxifianta cu ginseng 120 g - SHOPATOA.COM\",\"isPartOf\":{\"@id\":\"https:\\\/\\\/shopatoa.com\\\/ro\\\/#website\"},\"primaryImageOfPage\":{\"@id\":\"https:\\\/\\\/shopatoa.com\\\/ro\\\/im-from-ginseng-masca-faciala-detoxifianta-cu-ginseng-120-g\\\/#primaryimage\"},\"image\":{\"@id\":\"https:\\\/\\\/shopatoa.com\\\/ro\\\/im-from-ginseng-masca-faciala-detoxifianta-cu-ginseng-120-g\\\/#primaryimage\"},\"thumbnailUrl\":\"https:\\\/\\\/storage.googleapis.com\\\/cz-shopatoa-img\\\/ro\\\/a1680a10-unnamed-file.webp\",\"datePublished\":\"2025-06-25T19:26:46+00:00\",\"dateModified\":\"2026-02-04T04:48:03+00:00\",\"breadcrumb\":{\"@id\":\"https:\\\/\\\/shopatoa.com\\\/ro\\\/im-from-ginseng-masca-faciala-detoxifianta-cu-ginseng-120-g\\\/#breadcrumb\"},\"inLanguage\":\"ro-RO\",\"potentialAction\":[{\"@type\":\"ReadAction\",\"target\":[\"https:\\\/\\\/shopatoa.com\\\/ro\\\/im-from-ginseng-masca-faciala-detoxifianta-cu-ginseng-120-g\\\/\"]}]},{\"@type\":\"ImageObject\",\"inLanguage\":\"ro-RO\",\"@id\":\"https:\\\/\\\/shopatoa.com\\\/ro\\\/im-from-ginseng-masca-faciala-detoxifianta-cu-ginseng-120-g\\\/#primaryimage\",\"url\":\"https:\\\/\\\/storage.googleapis.com\\\/cz-shopatoa-img\\\/ro\\\/a1680a10-unnamed-file.webp\",\"contentUrl\":\"https:\\\/\\\/storage.googleapis.com\\\/cz-shopatoa-img\\\/ro\\\/a1680a10-unnamed-file.webp\",\"width\":800,\"height\":800},{\"@type\":\"BreadcrumbList\",\"@id\":\"https:\\\/\\\/shopatoa.com\\\/ro\\\/im-from-ginseng-masca-faciala-detoxifianta-cu-ginseng-120-g\\\/#breadcrumb\",\"itemListElement\":[{\"@type\":\"ListItem\",\"position\":1,\"name\":\"Dom\u016f\",\"item\":\"https:\\\/\\\/shopatoa.com\\\/ro\\\/\"},{\"@type\":\"ListItem\",\"position\":2,\"name\":\"Shop\",\"item\":\"https:\\\/\\\/shopatoa.com\\\/ro\\\/shop\\\/\"},{\"@type\":\"ListItem\",\"position\":3,\"name\":\"S\u0103n\u0103tate \u0219i frumuse\u021be\",\"item\":\"https:\\\/\\\/shopatoa.com\\\/ro\\\/sanatate-si-frumusete\\\/\"},{\"@type\":\"ListItem\",\"position\":4,\"name\":\"\u00cengrijire personal\u0103\",\"item\":\"https:\\\/\\\/shopatoa.com\\\/ro\\\/ingrijire-personala\\\/\"},{\"@type\":\"ListItem\",\"position\":5,\"name\":\"Cosmetice\",\"item\":\"https:\\\/\\\/shopatoa.com\\\/ro\\\/cosmetice-ingrijire-personala\\\/\"},{\"@type\":\"ListItem\",\"position\":6,\"name\":\"\u00cengrijirea pielii\",\"item\":\"https:\\\/\\\/shopatoa.com\\\/ro\\\/ingrijirea-pielii\\\/\"},{\"@type\":\"ListItem\",\"position\":7,\"name\":\"M\u0103\u0219ti \u0219i peelings pentru ten\",\"item\":\"https:\\\/\\\/shopatoa.com\\\/ro\\\/masti-si-peelings-pentru-ten\\\/\"},{\"@type\":\"ListItem\",\"position\":8,\"name\":\"I&#8217;m from Ginseng masca faciala detoxifianta cu ginseng 120 g\"}]},{\"@type\":\"WebSite\",\"@id\":\"https:\\\/\\\/shopatoa.com\\\/ro\\\/#website\",\"url\":\"https:\\\/\\\/shopatoa.com\\\/ro\\\/\",\"name\":\"SHOPATOA\",\"description\":\"\",\"publisher\":{\"@id\":\"https:\\\/\\\/shopatoa.com\\\/ro\\\/#organization\"},\"potentialAction\":[{\"@type\":\"SearchAction\",\"target\":{\"@type\":\"EntryPoint\",\"urlTemplate\":\"https:\\\/\\\/shopatoa.com\\\/ro\\\/?s={search_term_string}\"},\"query-input\":{\"@type\":\"PropertyValueSpecification\",\"valueRequired\":true,\"valueName\":\"search_term_string\"}}],\"inLanguage\":\"ro-RO\"},{\"@type\":\"Organization\",\"@id\":\"https:\\\/\\\/shopatoa.com\\\/ro\\\/#organization\",\"name\":\"SHOPATOA\",\"url\":\"https:\\\/\\\/shopatoa.com\\\/ro\\\/\",\"logo\":{\"@type\":\"ImageObject\",\"inLanguage\":\"ro-RO\",\"@id\":\"https:\\\/\\\/shopatoa.com\\\/ro\\\/#\\\/schema\\\/logo\\\/image\\\/\",\"url\":\"https:\\\/\\\/storage.googleapis.com\\\/cz-shopatoa-img\\\/ro\\\/b4dac915-shopatoa_logo.png\",\"contentUrl\":\"https:\\\/\\\/storage.googleapis.com\\\/cz-shopatoa-img\\\/ro\\\/b4dac915-shopatoa_logo.png\",\"width\":416,\"height\":63,\"caption\":\"SHOPATOA\"},\"image\":{\"@id\":\"https:\\\/\\\/shopatoa.com\\\/ro\\\/#\\\/schema\\\/logo\\\/image\\\/\"}}]}<\/script>\n<!-- \/ Yoast SEO plugin. -->","yoast_head_json":{"title":"I'm from Ginseng masca faciala detoxifianta cu ginseng 120 g - SHOPATOA.COM","robots":{"index":"index","follow":"follow","max-snippet":"max-snippet:-1","max-image-preview":"max-image-preview:large","max-video-preview":"max-video-preview:-1"},"canonical":"https:\/\/shopatoa.com\/ro\/im-from-ginseng-masca-faciala-detoxifianta-cu-ginseng-120-g\/","og_locale":"ro_RO","og_type":"article","og_title":"I'm from Ginseng masca faciala detoxifianta cu ginseng 120 g - SHOPATOA.COM","og_description":"I&#8217;m from Ginseng, 120 g, M\u0103\u0219ti cremoase pentru femei, Sim\u021bi\u021bi c\u0103 tenul dvs. nu este \u00een cea mai bun\u0103 form\u0103 \u0219i c\u0103 are nevoie de o \u00eengrijire suplimentar\u0103 fa\u021b\u0103 de cea oferit\u0103 de crema facial\u0103? Masca facial\u0103 I&#8217;m from Ginseng v\u0103 va \u00eembog\u0103\u021bi perfect rutina de \u00eengrijire a tenului \u2013 va r\u0103sf\u0103\u021ba tenul \u0219i \u00eei...","og_url":"https:\/\/shopatoa.com\/ro\/im-from-ginseng-masca-faciala-detoxifianta-cu-ginseng-120-g\/","og_site_name":"SHOPATOA","article_modified_time":"2026-02-04T04:48:03+00:00","og_image":[{"width":800,"height":800,"url":"https:\/\/storage.googleapis.com\/cz-shopatoa-img\/ro\/a1680a10-unnamed-file.webp","type":"image\/webp"}],"twitter_card":"summary_large_image","twitter_misc":{"Timp estimat pentru citire":"1 minut"},"schema":{"@context":"https:\/\/schema.org","@graph":[{"@type":"WebPage","@id":"https:\/\/shopatoa.com\/ro\/im-from-ginseng-masca-faciala-detoxifianta-cu-ginseng-120-g\/","url":"https:\/\/shopatoa.com\/ro\/im-from-ginseng-masca-faciala-detoxifianta-cu-ginseng-120-g\/","name":"I'm from Ginseng masca faciala detoxifianta cu ginseng 120 g - SHOPATOA.COM","isPartOf":{"@id":"https:\/\/shopatoa.com\/ro\/#website"},"primaryImageOfPage":{"@id":"https:\/\/shopatoa.com\/ro\/im-from-ginseng-masca-faciala-detoxifianta-cu-ginseng-120-g\/#primaryimage"},"image":{"@id":"https:\/\/shopatoa.com\/ro\/im-from-ginseng-masca-faciala-detoxifianta-cu-ginseng-120-g\/#primaryimage"},"thumbnailUrl":"https:\/\/storage.googleapis.com\/cz-shopatoa-img\/ro\/a1680a10-unnamed-file.webp","datePublished":"2025-06-25T19:26:46+00:00","dateModified":"2026-02-04T04:48:03+00:00","breadcrumb":{"@id":"https:\/\/shopatoa.com\/ro\/im-from-ginseng-masca-faciala-detoxifianta-cu-ginseng-120-g\/#breadcrumb"},"inLanguage":"ro-RO","potentialAction":[{"@type":"ReadAction","target":["https:\/\/shopatoa.com\/ro\/im-from-ginseng-masca-faciala-detoxifianta-cu-ginseng-120-g\/"]}]},{"@type":"ImageObject","inLanguage":"ro-RO","@id":"https:\/\/shopatoa.com\/ro\/im-from-ginseng-masca-faciala-detoxifianta-cu-ginseng-120-g\/#primaryimage","url":"https:\/\/storage.googleapis.com\/cz-shopatoa-img\/ro\/a1680a10-unnamed-file.webp","contentUrl":"https:\/\/storage.googleapis.com\/cz-shopatoa-img\/ro\/a1680a10-unnamed-file.webp","width":800,"height":800},{"@type":"BreadcrumbList","@id":"https:\/\/shopatoa.com\/ro\/im-from-ginseng-masca-faciala-detoxifianta-cu-ginseng-120-g\/#breadcrumb","itemListElement":[{"@type":"ListItem","position":1,"name":"Dom\u016f","item":"https:\/\/shopatoa.com\/ro\/"},{"@type":"ListItem","position":2,"name":"Shop","item":"https:\/\/shopatoa.com\/ro\/shop\/"},{"@type":"ListItem","position":3,"name":"S\u0103n\u0103tate \u0219i frumuse\u021be","item":"https:\/\/shopatoa.com\/ro\/sanatate-si-frumusete\/"},{"@type":"ListItem","position":4,"name":"\u00cengrijire personal\u0103","item":"https:\/\/shopatoa.com\/ro\/ingrijire-personala\/"},{"@type":"ListItem","position":5,"name":"Cosmetice","item":"https:\/\/shopatoa.com\/ro\/cosmetice-ingrijire-personala\/"},{"@type":"ListItem","position":6,"name":"\u00cengrijirea pielii","item":"https:\/\/shopatoa.com\/ro\/ingrijirea-pielii\/"},{"@type":"ListItem","position":7,"name":"M\u0103\u0219ti \u0219i peelings pentru ten","item":"https:\/\/shopatoa.com\/ro\/masti-si-peelings-pentru-ten\/"},{"@type":"ListItem","position":8,"name":"I&#8217;m from Ginseng masca faciala detoxifianta cu ginseng 120 g"}]},{"@type":"WebSite","@id":"https:\/\/shopatoa.com\/ro\/#website","url":"https:\/\/shopatoa.com\/ro\/","name":"SHOPATOA","description":"","publisher":{"@id":"https:\/\/shopatoa.com\/ro\/#organization"},"potentialAction":[{"@type":"SearchAction","target":{"@type":"EntryPoint","urlTemplate":"https:\/\/shopatoa.com\/ro\/?s={search_term_string}"},"query-input":{"@type":"PropertyValueSpecification","valueRequired":true,"valueName":"search_term_string"}}],"inLanguage":"ro-RO"},{"@type":"Organization","@id":"https:\/\/shopatoa.com\/ro\/#organization","name":"SHOPATOA","url":"https:\/\/shopatoa.com\/ro\/","logo":{"@type":"ImageObject","inLanguage":"ro-RO","@id":"https:\/\/shopatoa.com\/ro\/#\/schema\/logo\/image\/","url":"https:\/\/storage.googleapis.com\/cz-shopatoa-img\/ro\/b4dac915-shopatoa_logo.png","contentUrl":"https:\/\/storage.googleapis.com\/cz-shopatoa-img\/ro\/b4dac915-shopatoa_logo.png","width":416,"height":63,"caption":"SHOPATOA"},"image":{"@id":"https:\/\/shopatoa.com\/ro\/#\/schema\/logo\/image\/"}}]}},"_links":{"self":[{"href":"https:\/\/shopatoa.com\/ro\/wp-json\/wp\/v2\/product\/456942","targetHints":{"allow":["GET"]}}],"collection":[{"href":"https:\/\/shopatoa.com\/ro\/wp-json\/wp\/v2\/product"}],"about":[{"href":"https:\/\/shopatoa.com\/ro\/wp-json\/wp\/v2\/types\/product"}],"replies":[{"embeddable":true,"href":"https:\/\/shopatoa.com\/ro\/wp-json\/wp\/v2\/comments?post=456942"}],"wp:featuredmedia":[{"embeddable":true,"href":"https:\/\/shopatoa.com\/ro\/wp-json\/wp\/v2\/media\/456943"}],"wp:attachment":[{"href":"https:\/\/shopatoa.com\/ro\/wp-json\/wp\/v2\/media?parent=456942"}],"wp:term":[{"taxonomy":"product_brand","embeddable":true,"href":"https:\/\/shopatoa.com\/ro\/wp-json\/wp\/v2\/product_brand?post=456942"},{"taxonomy":"product_cat","embeddable":true,"href":"https:\/\/shopatoa.com\/ro\/wp-json\/wp\/v2\/product_cat?post=456942"},{"taxonomy":"product_tag","embeddable":true,"href":"https:\/\/shopatoa.com\/ro\/wp-json\/wp\/v2\/product_tag?post=456942"}],"curies":[{"name":"wp","href":"https:\/\/api.w.org\/{rel}","templated":true}]}}