{"id":457048,"date":"2025-06-25T21:35:02","date_gmt":"2025-06-25T19:35:02","guid":{"rendered":"https:\/\/shopatoa.com\/ro\/olival-routeen-restart-bha-ser-facial-cu-acid-salicilic-30-ml\/"},"modified":"2026-02-04T05:31:14","modified_gmt":"2026-02-04T04:31:14","slug":"olival-routeen-restart-bha-ser-facial-cu-acid-salicilic-30-ml","status":"publish","type":"product","link":"https:\/\/shopatoa.com\/ro\/olival-routeen-restart-bha-ser-facial-cu-acid-salicilic-30-ml\/","title":{"rendered":"Olival Routeen reSTART BHA ser facial cu acid salicilic 30 ml"},"content":{"rendered":"<p>Olival Routeen reSTART BHA, 30 ml, Seruri pentru piele pentru femei, Serul facial Olival Routeen este un produs cu un con\u021binut de substan\u021be active ridicat. De aceea, ofer\u0103 tenului cea mai luxoas\u0103 \u00eengrijire.  Caracteristici:  rafineaz\u0103 are efect de calmare str\u00e2nge porii dilata\u021bi hidrateaz\u0103 \u0219i hr\u0103ne\u0219te eficient ac\u021bioneaz\u0103 \u00eempotriva imperfec\u021biunilor netezirea texturii neuniforme a tenului  Ingrediente:  acid salicilic \u2013 cur\u0103\u021b\u0103 \u00een profunzime, decolmateaz\u0103 porii \u0219i previne apari\u021bia punctelor negre, ajut\u0103 la exfolierea pielii moarte \u0219i la eliminarea excesului de sebum ap\u0103 de Hamamelis \u2013 datorit\u0103 efectelor sale astringente puternice, str\u00e2nge porii, cur\u0103\u021b\u0103, tonific\u0103, calmeaz\u0103 \u0219i lumineaz\u0103, favorizeaz\u0103 microcircula\u021bia pielii, ajut\u0103 la fixarea umidit\u0103\u021bii, regleaz\u0103 produc\u021bia de sebum \u0219i combate acneea betain\u0103 \u2013 umecteaz\u0103, calmeaz\u0103 \u0219i catifeleaz\u0103 tenul, ajut\u00e2nd la men\u021binerea optim\u0103 a hidrat\u0103rii acestuia provitamina B5 (pantenol) produs vegan  Cum se utilizeaz\u0103: Cu v\u00e2rfurile degetelor, se tapoteaz\u0103 o cantitate adecvat\u0103 de ser, pe tenul curat. Aplica\u021bi de preferin\u021b\u0103 seara.<\/p>\n","protected":false},"excerpt":{"rendered":"<p>Olival Routeen reSTART BHA, 30 ml, Seruri pentru piele pentru femei, Serul facial Olival Routeen este un produs cu un con\u021binut de substan\u021be active ridicat. De aceea, ofer\u0103 tenului cea mai luxoas\u0103 \u00eengrijire. Caracteristici: rafineaz\u0103 are efect de calmare str\u00e2nge porii dilata\u021bi hidrateaz\u0103 \u0219i hr\u0103ne\u0219te eficient ac\u021bioneaz\u0103 \u00eempotriva imperfec\u021biunilor netezirea texturii neuniforme a tenului Ingrediente:&#8230;<\/p>\n","protected":false},"featured_media":457049,"comment_status":"closed","ping_status":"open","template":"","meta":{"_acf_changed":false,"_kadence_starter_templates_imported_post":false,"_kad_post_transparent":"","_kad_post_title":"","_kad_post_layout":"","_kad_post_sidebar_id":"","_kad_post_content_style":"","_kad_post_vertical_padding":"","_kad_post_feature":"","_kad_post_feature_position":"","_kad_post_header":false,"_kad_post_footer":false,"_kad_post_classname":""},"product_brand":[2277],"product_cat":[1564,1563,1565,1562],"product_tag":[],"class_list":{"0":"post-457048","1":"product","2":"type-product","3":"status-publish","4":"has-post-thumbnail","6":"product_brand-olival","7":"product_cat-cosmetice-ingrijire-personala","8":"product_cat-ingrijire-personala","9":"product_cat-ingrijirea-pielii","10":"product_cat-sanatate-si-frumusete","11":"pa_gen-female","12":"pa_marime-30-ml","14":"first","15":"instock","16":"sale","17":"product-type-external","18":"entry","19":"content-bg","20":"loop-entry"},"acf":[],"yoast_head":"<!-- This site is optimized with the Yoast SEO plugin v27.4 - https:\/\/yoast.com\/product\/yoast-seo-wordpress\/ -->\n<title>Olival Routeen reSTART BHA ser facial cu acid salicilic 30 ml - SHOPATOA.COM<\/title>\n<meta name=\"robots\" content=\"index, follow, max-snippet:-1, max-image-preview:large, max-video-preview:-1\" \/>\n<link rel=\"canonical\" href=\"https:\/\/shopatoa.com\/ro\/olival-routeen-restart-bha-ser-facial-cu-acid-salicilic-30-ml\/\" \/>\n<meta property=\"og:locale\" content=\"ro_RO\" \/>\n<meta property=\"og:type\" content=\"article\" \/>\n<meta property=\"og:title\" content=\"Olival Routeen reSTART BHA ser facial cu acid salicilic 30 ml - SHOPATOA.COM\" \/>\n<meta property=\"og:description\" content=\"Olival Routeen reSTART BHA, 30 ml, Seruri pentru piele pentru femei, Serul facial Olival Routeen este un produs cu un con\u021binut de substan\u021be active ridicat. De aceea, ofer\u0103 tenului cea mai luxoas\u0103 \u00eengrijire. Caracteristici: rafineaz\u0103 are efect de calmare str\u00e2nge porii dilata\u021bi hidrateaz\u0103 \u0219i hr\u0103ne\u0219te eficient ac\u021bioneaz\u0103 \u00eempotriva imperfec\u021biunilor netezirea texturii neuniforme a tenului Ingrediente:...\" \/>\n<meta property=\"og:url\" content=\"https:\/\/shopatoa.com\/ro\/olival-routeen-restart-bha-ser-facial-cu-acid-salicilic-30-ml\/\" \/>\n<meta property=\"og:site_name\" content=\"SHOPATOA\" \/>\n<meta property=\"article:modified_time\" content=\"2026-02-04T04:31:14+00:00\" \/>\n<meta property=\"og:image\" content=\"https:\/\/storage.googleapis.com\/cz-shopatoa-img\/ro\/efe31cdc-unnamed-file.webp\" \/>\n\t<meta property=\"og:image:width\" content=\"800\" \/>\n\t<meta property=\"og:image:height\" content=\"800\" \/>\n\t<meta property=\"og:image:type\" content=\"image\/webp\" \/>\n<meta name=\"twitter:card\" content=\"summary_large_image\" \/>\n<meta name=\"twitter:label1\" content=\"Timp estimat pentru citire\" \/>\n\t<meta name=\"twitter:data1\" content=\"1 minut\" \/>\n<script type=\"application\/ld+json\" class=\"yoast-schema-graph\">{\"@context\":\"https:\\\/\\\/schema.org\",\"@graph\":[{\"@type\":\"WebPage\",\"@id\":\"https:\\\/\\\/shopatoa.com\\\/ro\\\/olival-routeen-restart-bha-ser-facial-cu-acid-salicilic-30-ml\\\/\",\"url\":\"https:\\\/\\\/shopatoa.com\\\/ro\\\/olival-routeen-restart-bha-ser-facial-cu-acid-salicilic-30-ml\\\/\",\"name\":\"Olival Routeen reSTART BHA ser facial cu acid salicilic 30 ml - SHOPATOA.COM\",\"isPartOf\":{\"@id\":\"https:\\\/\\\/shopatoa.com\\\/ro\\\/#website\"},\"primaryImageOfPage\":{\"@id\":\"https:\\\/\\\/shopatoa.com\\\/ro\\\/olival-routeen-restart-bha-ser-facial-cu-acid-salicilic-30-ml\\\/#primaryimage\"},\"image\":{\"@id\":\"https:\\\/\\\/shopatoa.com\\\/ro\\\/olival-routeen-restart-bha-ser-facial-cu-acid-salicilic-30-ml\\\/#primaryimage\"},\"thumbnailUrl\":\"https:\\\/\\\/storage.googleapis.com\\\/cz-shopatoa-img\\\/ro\\\/efe31cdc-unnamed-file.webp\",\"datePublished\":\"2025-06-25T19:35:02+00:00\",\"dateModified\":\"2026-02-04T04:31:14+00:00\",\"breadcrumb\":{\"@id\":\"https:\\\/\\\/shopatoa.com\\\/ro\\\/olival-routeen-restart-bha-ser-facial-cu-acid-salicilic-30-ml\\\/#breadcrumb\"},\"inLanguage\":\"ro-RO\",\"potentialAction\":[{\"@type\":\"ReadAction\",\"target\":[\"https:\\\/\\\/shopatoa.com\\\/ro\\\/olival-routeen-restart-bha-ser-facial-cu-acid-salicilic-30-ml\\\/\"]}]},{\"@type\":\"ImageObject\",\"inLanguage\":\"ro-RO\",\"@id\":\"https:\\\/\\\/shopatoa.com\\\/ro\\\/olival-routeen-restart-bha-ser-facial-cu-acid-salicilic-30-ml\\\/#primaryimage\",\"url\":\"https:\\\/\\\/storage.googleapis.com\\\/cz-shopatoa-img\\\/ro\\\/efe31cdc-unnamed-file.webp\",\"contentUrl\":\"https:\\\/\\\/storage.googleapis.com\\\/cz-shopatoa-img\\\/ro\\\/efe31cdc-unnamed-file.webp\",\"width\":800,\"height\":800},{\"@type\":\"BreadcrumbList\",\"@id\":\"https:\\\/\\\/shopatoa.com\\\/ro\\\/olival-routeen-restart-bha-ser-facial-cu-acid-salicilic-30-ml\\\/#breadcrumb\",\"itemListElement\":[{\"@type\":\"ListItem\",\"position\":1,\"name\":\"Dom\u016f\",\"item\":\"https:\\\/\\\/shopatoa.com\\\/ro\\\/\"},{\"@type\":\"ListItem\",\"position\":2,\"name\":\"Shop\",\"item\":\"https:\\\/\\\/shopatoa.com\\\/ro\\\/shop\\\/\"},{\"@type\":\"ListItem\",\"position\":3,\"name\":\"S\u0103n\u0103tate \u0219i frumuse\u021be\",\"item\":\"https:\\\/\\\/shopatoa.com\\\/ro\\\/sanatate-si-frumusete\\\/\"},{\"@type\":\"ListItem\",\"position\":4,\"name\":\"\u00cengrijire personal\u0103\",\"item\":\"https:\\\/\\\/shopatoa.com\\\/ro\\\/ingrijire-personala\\\/\"},{\"@type\":\"ListItem\",\"position\":5,\"name\":\"Cosmetice\",\"item\":\"https:\\\/\\\/shopatoa.com\\\/ro\\\/cosmetice-ingrijire-personala\\\/\"},{\"@type\":\"ListItem\",\"position\":6,\"name\":\"\u00cengrijirea pielii\",\"item\":\"https:\\\/\\\/shopatoa.com\\\/ro\\\/ingrijirea-pielii\\\/\"},{\"@type\":\"ListItem\",\"position\":7,\"name\":\"Olival Routeen reSTART BHA ser facial cu acid salicilic 30 ml\"}]},{\"@type\":\"WebSite\",\"@id\":\"https:\\\/\\\/shopatoa.com\\\/ro\\\/#website\",\"url\":\"https:\\\/\\\/shopatoa.com\\\/ro\\\/\",\"name\":\"SHOPATOA\",\"description\":\"\",\"publisher\":{\"@id\":\"https:\\\/\\\/shopatoa.com\\\/ro\\\/#organization\"},\"potentialAction\":[{\"@type\":\"SearchAction\",\"target\":{\"@type\":\"EntryPoint\",\"urlTemplate\":\"https:\\\/\\\/shopatoa.com\\\/ro\\\/?s={search_term_string}\"},\"query-input\":{\"@type\":\"PropertyValueSpecification\",\"valueRequired\":true,\"valueName\":\"search_term_string\"}}],\"inLanguage\":\"ro-RO\"},{\"@type\":\"Organization\",\"@id\":\"https:\\\/\\\/shopatoa.com\\\/ro\\\/#organization\",\"name\":\"SHOPATOA\",\"url\":\"https:\\\/\\\/shopatoa.com\\\/ro\\\/\",\"logo\":{\"@type\":\"ImageObject\",\"inLanguage\":\"ro-RO\",\"@id\":\"https:\\\/\\\/shopatoa.com\\\/ro\\\/#\\\/schema\\\/logo\\\/image\\\/\",\"url\":\"https:\\\/\\\/storage.googleapis.com\\\/cz-shopatoa-img\\\/ro\\\/b4dac915-shopatoa_logo.png\",\"contentUrl\":\"https:\\\/\\\/storage.googleapis.com\\\/cz-shopatoa-img\\\/ro\\\/b4dac915-shopatoa_logo.png\",\"width\":416,\"height\":63,\"caption\":\"SHOPATOA\"},\"image\":{\"@id\":\"https:\\\/\\\/shopatoa.com\\\/ro\\\/#\\\/schema\\\/logo\\\/image\\\/\"}}]}<\/script>\n<!-- \/ Yoast SEO plugin. -->","yoast_head_json":{"title":"Olival Routeen reSTART BHA ser facial cu acid salicilic 30 ml - SHOPATOA.COM","robots":{"index":"index","follow":"follow","max-snippet":"max-snippet:-1","max-image-preview":"max-image-preview:large","max-video-preview":"max-video-preview:-1"},"canonical":"https:\/\/shopatoa.com\/ro\/olival-routeen-restart-bha-ser-facial-cu-acid-salicilic-30-ml\/","og_locale":"ro_RO","og_type":"article","og_title":"Olival Routeen reSTART BHA ser facial cu acid salicilic 30 ml - SHOPATOA.COM","og_description":"Olival Routeen reSTART BHA, 30 ml, Seruri pentru piele pentru femei, Serul facial Olival Routeen este un produs cu un con\u021binut de substan\u021be active ridicat. De aceea, ofer\u0103 tenului cea mai luxoas\u0103 \u00eengrijire. Caracteristici: rafineaz\u0103 are efect de calmare str\u00e2nge porii dilata\u021bi hidrateaz\u0103 \u0219i hr\u0103ne\u0219te eficient ac\u021bioneaz\u0103 \u00eempotriva imperfec\u021biunilor netezirea texturii neuniforme a tenului Ingrediente:...","og_url":"https:\/\/shopatoa.com\/ro\/olival-routeen-restart-bha-ser-facial-cu-acid-salicilic-30-ml\/","og_site_name":"SHOPATOA","article_modified_time":"2026-02-04T04:31:14+00:00","og_image":[{"width":800,"height":800,"url":"https:\/\/storage.googleapis.com\/cz-shopatoa-img\/ro\/efe31cdc-unnamed-file.webp","type":"image\/webp"}],"twitter_card":"summary_large_image","twitter_misc":{"Timp estimat pentru citire":"1 minut"},"schema":{"@context":"https:\/\/schema.org","@graph":[{"@type":"WebPage","@id":"https:\/\/shopatoa.com\/ro\/olival-routeen-restart-bha-ser-facial-cu-acid-salicilic-30-ml\/","url":"https:\/\/shopatoa.com\/ro\/olival-routeen-restart-bha-ser-facial-cu-acid-salicilic-30-ml\/","name":"Olival Routeen reSTART BHA ser facial cu acid salicilic 30 ml - SHOPATOA.COM","isPartOf":{"@id":"https:\/\/shopatoa.com\/ro\/#website"},"primaryImageOfPage":{"@id":"https:\/\/shopatoa.com\/ro\/olival-routeen-restart-bha-ser-facial-cu-acid-salicilic-30-ml\/#primaryimage"},"image":{"@id":"https:\/\/shopatoa.com\/ro\/olival-routeen-restart-bha-ser-facial-cu-acid-salicilic-30-ml\/#primaryimage"},"thumbnailUrl":"https:\/\/storage.googleapis.com\/cz-shopatoa-img\/ro\/efe31cdc-unnamed-file.webp","datePublished":"2025-06-25T19:35:02+00:00","dateModified":"2026-02-04T04:31:14+00:00","breadcrumb":{"@id":"https:\/\/shopatoa.com\/ro\/olival-routeen-restart-bha-ser-facial-cu-acid-salicilic-30-ml\/#breadcrumb"},"inLanguage":"ro-RO","potentialAction":[{"@type":"ReadAction","target":["https:\/\/shopatoa.com\/ro\/olival-routeen-restart-bha-ser-facial-cu-acid-salicilic-30-ml\/"]}]},{"@type":"ImageObject","inLanguage":"ro-RO","@id":"https:\/\/shopatoa.com\/ro\/olival-routeen-restart-bha-ser-facial-cu-acid-salicilic-30-ml\/#primaryimage","url":"https:\/\/storage.googleapis.com\/cz-shopatoa-img\/ro\/efe31cdc-unnamed-file.webp","contentUrl":"https:\/\/storage.googleapis.com\/cz-shopatoa-img\/ro\/efe31cdc-unnamed-file.webp","width":800,"height":800},{"@type":"BreadcrumbList","@id":"https:\/\/shopatoa.com\/ro\/olival-routeen-restart-bha-ser-facial-cu-acid-salicilic-30-ml\/#breadcrumb","itemListElement":[{"@type":"ListItem","position":1,"name":"Dom\u016f","item":"https:\/\/shopatoa.com\/ro\/"},{"@type":"ListItem","position":2,"name":"Shop","item":"https:\/\/shopatoa.com\/ro\/shop\/"},{"@type":"ListItem","position":3,"name":"S\u0103n\u0103tate \u0219i frumuse\u021be","item":"https:\/\/shopatoa.com\/ro\/sanatate-si-frumusete\/"},{"@type":"ListItem","position":4,"name":"\u00cengrijire personal\u0103","item":"https:\/\/shopatoa.com\/ro\/ingrijire-personala\/"},{"@type":"ListItem","position":5,"name":"Cosmetice","item":"https:\/\/shopatoa.com\/ro\/cosmetice-ingrijire-personala\/"},{"@type":"ListItem","position":6,"name":"\u00cengrijirea pielii","item":"https:\/\/shopatoa.com\/ro\/ingrijirea-pielii\/"},{"@type":"ListItem","position":7,"name":"Olival Routeen reSTART BHA ser facial cu acid salicilic 30 ml"}]},{"@type":"WebSite","@id":"https:\/\/shopatoa.com\/ro\/#website","url":"https:\/\/shopatoa.com\/ro\/","name":"SHOPATOA","description":"","publisher":{"@id":"https:\/\/shopatoa.com\/ro\/#organization"},"potentialAction":[{"@type":"SearchAction","target":{"@type":"EntryPoint","urlTemplate":"https:\/\/shopatoa.com\/ro\/?s={search_term_string}"},"query-input":{"@type":"PropertyValueSpecification","valueRequired":true,"valueName":"search_term_string"}}],"inLanguage":"ro-RO"},{"@type":"Organization","@id":"https:\/\/shopatoa.com\/ro\/#organization","name":"SHOPATOA","url":"https:\/\/shopatoa.com\/ro\/","logo":{"@type":"ImageObject","inLanguage":"ro-RO","@id":"https:\/\/shopatoa.com\/ro\/#\/schema\/logo\/image\/","url":"https:\/\/storage.googleapis.com\/cz-shopatoa-img\/ro\/b4dac915-shopatoa_logo.png","contentUrl":"https:\/\/storage.googleapis.com\/cz-shopatoa-img\/ro\/b4dac915-shopatoa_logo.png","width":416,"height":63,"caption":"SHOPATOA"},"image":{"@id":"https:\/\/shopatoa.com\/ro\/#\/schema\/logo\/image\/"}}]}},"_links":{"self":[{"href":"https:\/\/shopatoa.com\/ro\/wp-json\/wp\/v2\/product\/457048","targetHints":{"allow":["GET"]}}],"collection":[{"href":"https:\/\/shopatoa.com\/ro\/wp-json\/wp\/v2\/product"}],"about":[{"href":"https:\/\/shopatoa.com\/ro\/wp-json\/wp\/v2\/types\/product"}],"replies":[{"embeddable":true,"href":"https:\/\/shopatoa.com\/ro\/wp-json\/wp\/v2\/comments?post=457048"}],"wp:featuredmedia":[{"embeddable":true,"href":"https:\/\/shopatoa.com\/ro\/wp-json\/wp\/v2\/media\/457049"}],"wp:attachment":[{"href":"https:\/\/shopatoa.com\/ro\/wp-json\/wp\/v2\/media?parent=457048"}],"wp:term":[{"taxonomy":"product_brand","embeddable":true,"href":"https:\/\/shopatoa.com\/ro\/wp-json\/wp\/v2\/product_brand?post=457048"},{"taxonomy":"product_cat","embeddable":true,"href":"https:\/\/shopatoa.com\/ro\/wp-json\/wp\/v2\/product_cat?post=457048"},{"taxonomy":"product_tag","embeddable":true,"href":"https:\/\/shopatoa.com\/ro\/wp-json\/wp\/v2\/product_tag?post=457048"}],"curies":[{"name":"wp","href":"https:\/\/api.w.org\/{rel}","templated":true}]}}