{"id":457082,"date":"2025-06-25T21:38:18","date_gmt":"2025-06-25T19:38:18","guid":{"rendered":"https:\/\/shopatoa.com\/ro\/jeffree-star-cosmetics-jeffree-star-skin-strawberry-water-lotiune-tonica-135-ml\/"},"modified":"2026-02-04T05:26:14","modified_gmt":"2026-02-04T04:26:14","slug":"jeffree-star-cosmetics-jeffree-star-skin-strawberry-water-lotiune-tonica-135-ml","status":"publish","type":"product","link":"https:\/\/shopatoa.com\/ro\/jeffree-star-cosmetics-jeffree-star-skin-strawberry-water-lotiune-tonica-135-ml\/","title":{"rendered":"Jeffree Star Cosmetics Jeffree Star Skin Strawberry Water lotiune tonica 135 ml"},"content":{"rendered":"<p>Jeffree Star Cosmetics Jeffree Star Skin Strawberry Water, 135 ml, Ap\u0103 de fa\u021b\u0103 pentru femei, Tranzi\u021bia dintre cur\u0103\u021bare \u0219i rutina ulterioar\u0103 de \u00eengrijire a tenului este la fel de important\u0103 ca \u0219i procesul de cur\u0103\u021bare \u00een sine. Apa facial\u0103 Jeffree Star Cosmetics Jeffree Star Skin Strawberry Water \u00eembog\u0103\u021be\u0219te \u00eentreaga rutin\u0103 de cur\u0103\u021bare a tenului, conect\u00e2nd perfect etapele individuale ale acestor procese. Acesta se va ocupa de procesul de dup\u0103 cur\u0103\u021barea tenului, \u00eendep\u0103rt\u00e2nd reziduurile de machiaj, impurit\u0103\u021bile \u0219i produsele de cur\u0103\u021bare, \u00een timp ce tonifiaz\u0103 delicat tenul. \u00cel l\u0103sa perfect cur\u0103\u021bat \u0219i preg\u0103tit pentru \u00eengrijirea ulterioar\u0103, dar \u0219i revigorat, calmat \u0219i echilibrat.  Caracteristici:  ofer\u0103 tenului hidratare \u0219i prospe\u021bime \u00eembun\u0103t\u0103\u021be\u0219te structura \u0219i nuan\u021ba tenului las\u0103 tenul luminos  Cum se utilizeaz\u0103: Se aplic\u0103 cu un tampon cosmetic \u0219i se cur\u0103\u021b\u0103 tenul, cu mi\u0219c\u0103ri circulare.<\/p>\n","protected":false},"excerpt":{"rendered":"<p>Jeffree Star Cosmetics Jeffree Star Skin Strawberry Water, 135 ml, Ap\u0103 de fa\u021b\u0103 pentru femei, Tranzi\u021bia dintre cur\u0103\u021bare \u0219i rutina ulterioar\u0103 de \u00eengrijire a tenului este la fel de important\u0103 ca \u0219i procesul de cur\u0103\u021bare \u00een sine. Apa facial\u0103 Jeffree Star Cosmetics Jeffree Star Skin Strawberry Water \u00eembog\u0103\u021be\u0219te \u00eentreaga rutin\u0103 de cur\u0103\u021bare a tenului, conect\u00e2nd&#8230;<\/p>\n","protected":false},"featured_media":457083,"comment_status":"closed","ping_status":"open","template":"","meta":{"_acf_changed":false,"_kadence_starter_templates_imported_post":false,"_kad_post_transparent":"","_kad_post_title":"","_kad_post_layout":"","_kad_post_sidebar_id":"","_kad_post_content_style":"","_kad_post_vertical_padding":"","_kad_post_feature":"","_kad_post_feature_position":"","_kad_post_header":false,"_kad_post_footer":false,"_kad_post_classname":""},"product_brand":[1608],"product_cat":[1564,1563,1565,1853,1562],"product_tag":[],"class_list":{"0":"post-457082","1":"product","2":"type-product","3":"status-publish","4":"has-post-thumbnail","6":"product_brand-jeffree-star-cosmetics","7":"product_cat-cosmetice-ingrijire-personala","8":"product_cat-ingrijire-personala","9":"product_cat-ingrijirea-pielii","10":"product_cat-lotiune-hidratant","11":"product_cat-sanatate-si-frumusete","12":"pa_gen-female","13":"pa_marime-135-ml","15":"first","16":"instock","17":"sale","18":"product-type-external","19":"entry","20":"content-bg","21":"loop-entry"},"acf":[],"yoast_head":"<!-- This site is optimized with the Yoast SEO plugin v27.4 - https:\/\/yoast.com\/product\/yoast-seo-wordpress\/ -->\n<title>Jeffree Star Cosmetics Jeffree Star Skin Strawberry Water lotiune tonica 135 ml - SHOPATOA.COM<\/title>\n<meta name=\"robots\" content=\"index, follow, max-snippet:-1, max-image-preview:large, max-video-preview:-1\" \/>\n<link rel=\"canonical\" href=\"https:\/\/shopatoa.com\/ro\/jeffree-star-cosmetics-jeffree-star-skin-strawberry-water-lotiune-tonica-135-ml\/\" \/>\n<meta property=\"og:locale\" content=\"ro_RO\" \/>\n<meta property=\"og:type\" content=\"article\" \/>\n<meta property=\"og:title\" content=\"Jeffree Star Cosmetics Jeffree Star Skin Strawberry Water lotiune tonica 135 ml - SHOPATOA.COM\" \/>\n<meta property=\"og:description\" content=\"Jeffree Star Cosmetics Jeffree Star Skin Strawberry Water, 135 ml, Ap\u0103 de fa\u021b\u0103 pentru femei, Tranzi\u021bia dintre cur\u0103\u021bare \u0219i rutina ulterioar\u0103 de \u00eengrijire a tenului este la fel de important\u0103 ca \u0219i procesul de cur\u0103\u021bare \u00een sine. Apa facial\u0103 Jeffree Star Cosmetics Jeffree Star Skin Strawberry Water \u00eembog\u0103\u021be\u0219te \u00eentreaga rutin\u0103 de cur\u0103\u021bare a tenului, conect\u00e2nd...\" \/>\n<meta property=\"og:url\" content=\"https:\/\/shopatoa.com\/ro\/jeffree-star-cosmetics-jeffree-star-skin-strawberry-water-lotiune-tonica-135-ml\/\" \/>\n<meta property=\"og:site_name\" content=\"SHOPATOA\" \/>\n<meta property=\"article:modified_time\" content=\"2026-02-04T04:26:14+00:00\" \/>\n<meta property=\"og:image\" content=\"https:\/\/storage.googleapis.com\/cz-shopatoa-img\/ro\/2e10ef83-unnamed-file.webp\" \/>\n\t<meta property=\"og:image:width\" content=\"800\" \/>\n\t<meta property=\"og:image:height\" content=\"800\" \/>\n\t<meta property=\"og:image:type\" content=\"image\/webp\" \/>\n<meta name=\"twitter:card\" content=\"summary_large_image\" \/>\n<meta name=\"twitter:label1\" content=\"Timp estimat pentru citire\" \/>\n\t<meta name=\"twitter:data1\" content=\"1 minut\" \/>\n<script type=\"application\/ld+json\" class=\"yoast-schema-graph\">{\"@context\":\"https:\\\/\\\/schema.org\",\"@graph\":[{\"@type\":\"WebPage\",\"@id\":\"https:\\\/\\\/shopatoa.com\\\/ro\\\/jeffree-star-cosmetics-jeffree-star-skin-strawberry-water-lotiune-tonica-135-ml\\\/\",\"url\":\"https:\\\/\\\/shopatoa.com\\\/ro\\\/jeffree-star-cosmetics-jeffree-star-skin-strawberry-water-lotiune-tonica-135-ml\\\/\",\"name\":\"Jeffree Star Cosmetics Jeffree Star Skin Strawberry Water lotiune tonica 135 ml - SHOPATOA.COM\",\"isPartOf\":{\"@id\":\"https:\\\/\\\/shopatoa.com\\\/ro\\\/#website\"},\"primaryImageOfPage\":{\"@id\":\"https:\\\/\\\/shopatoa.com\\\/ro\\\/jeffree-star-cosmetics-jeffree-star-skin-strawberry-water-lotiune-tonica-135-ml\\\/#primaryimage\"},\"image\":{\"@id\":\"https:\\\/\\\/shopatoa.com\\\/ro\\\/jeffree-star-cosmetics-jeffree-star-skin-strawberry-water-lotiune-tonica-135-ml\\\/#primaryimage\"},\"thumbnailUrl\":\"https:\\\/\\\/storage.googleapis.com\\\/cz-shopatoa-img\\\/ro\\\/2e10ef83-unnamed-file.webp\",\"datePublished\":\"2025-06-25T19:38:18+00:00\",\"dateModified\":\"2026-02-04T04:26:14+00:00\",\"breadcrumb\":{\"@id\":\"https:\\\/\\\/shopatoa.com\\\/ro\\\/jeffree-star-cosmetics-jeffree-star-skin-strawberry-water-lotiune-tonica-135-ml\\\/#breadcrumb\"},\"inLanguage\":\"ro-RO\",\"potentialAction\":[{\"@type\":\"ReadAction\",\"target\":[\"https:\\\/\\\/shopatoa.com\\\/ro\\\/jeffree-star-cosmetics-jeffree-star-skin-strawberry-water-lotiune-tonica-135-ml\\\/\"]}]},{\"@type\":\"ImageObject\",\"inLanguage\":\"ro-RO\",\"@id\":\"https:\\\/\\\/shopatoa.com\\\/ro\\\/jeffree-star-cosmetics-jeffree-star-skin-strawberry-water-lotiune-tonica-135-ml\\\/#primaryimage\",\"url\":\"https:\\\/\\\/storage.googleapis.com\\\/cz-shopatoa-img\\\/ro\\\/2e10ef83-unnamed-file.webp\",\"contentUrl\":\"https:\\\/\\\/storage.googleapis.com\\\/cz-shopatoa-img\\\/ro\\\/2e10ef83-unnamed-file.webp\",\"width\":800,\"height\":800},{\"@type\":\"BreadcrumbList\",\"@id\":\"https:\\\/\\\/shopatoa.com\\\/ro\\\/jeffree-star-cosmetics-jeffree-star-skin-strawberry-water-lotiune-tonica-135-ml\\\/#breadcrumb\",\"itemListElement\":[{\"@type\":\"ListItem\",\"position\":1,\"name\":\"Dom\u016f\",\"item\":\"https:\\\/\\\/shopatoa.com\\\/ro\\\/\"},{\"@type\":\"ListItem\",\"position\":2,\"name\":\"Shop\",\"item\":\"https:\\\/\\\/shopatoa.com\\\/ro\\\/shop\\\/\"},{\"@type\":\"ListItem\",\"position\":3,\"name\":\"S\u0103n\u0103tate \u0219i frumuse\u021be\",\"item\":\"https:\\\/\\\/shopatoa.com\\\/ro\\\/sanatate-si-frumusete\\\/\"},{\"@type\":\"ListItem\",\"position\":4,\"name\":\"\u00cengrijire personal\u0103\",\"item\":\"https:\\\/\\\/shopatoa.com\\\/ro\\\/ingrijire-personala\\\/\"},{\"@type\":\"ListItem\",\"position\":5,\"name\":\"Cosmetice\",\"item\":\"https:\\\/\\\/shopatoa.com\\\/ro\\\/cosmetice-ingrijire-personala\\\/\"},{\"@type\":\"ListItem\",\"position\":6,\"name\":\"\u00cengrijirea pielii\",\"item\":\"https:\\\/\\\/shopatoa.com\\\/ro\\\/ingrijirea-pielii\\\/\"},{\"@type\":\"ListItem\",\"position\":7,\"name\":\"Lo\u021biune &amp; Hidratant\",\"item\":\"https:\\\/\\\/shopatoa.com\\\/ro\\\/lotiune-hidratant\\\/\"},{\"@type\":\"ListItem\",\"position\":8,\"name\":\"Jeffree Star Cosmetics Jeffree Star Skin Strawberry Water lotiune tonica 135 ml\"}]},{\"@type\":\"WebSite\",\"@id\":\"https:\\\/\\\/shopatoa.com\\\/ro\\\/#website\",\"url\":\"https:\\\/\\\/shopatoa.com\\\/ro\\\/\",\"name\":\"SHOPATOA\",\"description\":\"\",\"publisher\":{\"@id\":\"https:\\\/\\\/shopatoa.com\\\/ro\\\/#organization\"},\"potentialAction\":[{\"@type\":\"SearchAction\",\"target\":{\"@type\":\"EntryPoint\",\"urlTemplate\":\"https:\\\/\\\/shopatoa.com\\\/ro\\\/?s={search_term_string}\"},\"query-input\":{\"@type\":\"PropertyValueSpecification\",\"valueRequired\":true,\"valueName\":\"search_term_string\"}}],\"inLanguage\":\"ro-RO\"},{\"@type\":\"Organization\",\"@id\":\"https:\\\/\\\/shopatoa.com\\\/ro\\\/#organization\",\"name\":\"SHOPATOA\",\"url\":\"https:\\\/\\\/shopatoa.com\\\/ro\\\/\",\"logo\":{\"@type\":\"ImageObject\",\"inLanguage\":\"ro-RO\",\"@id\":\"https:\\\/\\\/shopatoa.com\\\/ro\\\/#\\\/schema\\\/logo\\\/image\\\/\",\"url\":\"https:\\\/\\\/storage.googleapis.com\\\/cz-shopatoa-img\\\/ro\\\/b4dac915-shopatoa_logo.png\",\"contentUrl\":\"https:\\\/\\\/storage.googleapis.com\\\/cz-shopatoa-img\\\/ro\\\/b4dac915-shopatoa_logo.png\",\"width\":416,\"height\":63,\"caption\":\"SHOPATOA\"},\"image\":{\"@id\":\"https:\\\/\\\/shopatoa.com\\\/ro\\\/#\\\/schema\\\/logo\\\/image\\\/\"}}]}<\/script>\n<!-- \/ Yoast SEO plugin. -->","yoast_head_json":{"title":"Jeffree Star Cosmetics Jeffree Star Skin Strawberry Water lotiune tonica 135 ml - SHOPATOA.COM","robots":{"index":"index","follow":"follow","max-snippet":"max-snippet:-1","max-image-preview":"max-image-preview:large","max-video-preview":"max-video-preview:-1"},"canonical":"https:\/\/shopatoa.com\/ro\/jeffree-star-cosmetics-jeffree-star-skin-strawberry-water-lotiune-tonica-135-ml\/","og_locale":"ro_RO","og_type":"article","og_title":"Jeffree Star Cosmetics Jeffree Star Skin Strawberry Water lotiune tonica 135 ml - SHOPATOA.COM","og_description":"Jeffree Star Cosmetics Jeffree Star Skin Strawberry Water, 135 ml, Ap\u0103 de fa\u021b\u0103 pentru femei, Tranzi\u021bia dintre cur\u0103\u021bare \u0219i rutina ulterioar\u0103 de \u00eengrijire a tenului este la fel de important\u0103 ca \u0219i procesul de cur\u0103\u021bare \u00een sine. Apa facial\u0103 Jeffree Star Cosmetics Jeffree Star Skin Strawberry Water \u00eembog\u0103\u021be\u0219te \u00eentreaga rutin\u0103 de cur\u0103\u021bare a tenului, conect\u00e2nd...","og_url":"https:\/\/shopatoa.com\/ro\/jeffree-star-cosmetics-jeffree-star-skin-strawberry-water-lotiune-tonica-135-ml\/","og_site_name":"SHOPATOA","article_modified_time":"2026-02-04T04:26:14+00:00","og_image":[{"width":800,"height":800,"url":"https:\/\/storage.googleapis.com\/cz-shopatoa-img\/ro\/2e10ef83-unnamed-file.webp","type":"image\/webp"}],"twitter_card":"summary_large_image","twitter_misc":{"Timp estimat pentru citire":"1 minut"},"schema":{"@context":"https:\/\/schema.org","@graph":[{"@type":"WebPage","@id":"https:\/\/shopatoa.com\/ro\/jeffree-star-cosmetics-jeffree-star-skin-strawberry-water-lotiune-tonica-135-ml\/","url":"https:\/\/shopatoa.com\/ro\/jeffree-star-cosmetics-jeffree-star-skin-strawberry-water-lotiune-tonica-135-ml\/","name":"Jeffree Star Cosmetics Jeffree Star Skin Strawberry Water lotiune tonica 135 ml - SHOPATOA.COM","isPartOf":{"@id":"https:\/\/shopatoa.com\/ro\/#website"},"primaryImageOfPage":{"@id":"https:\/\/shopatoa.com\/ro\/jeffree-star-cosmetics-jeffree-star-skin-strawberry-water-lotiune-tonica-135-ml\/#primaryimage"},"image":{"@id":"https:\/\/shopatoa.com\/ro\/jeffree-star-cosmetics-jeffree-star-skin-strawberry-water-lotiune-tonica-135-ml\/#primaryimage"},"thumbnailUrl":"https:\/\/storage.googleapis.com\/cz-shopatoa-img\/ro\/2e10ef83-unnamed-file.webp","datePublished":"2025-06-25T19:38:18+00:00","dateModified":"2026-02-04T04:26:14+00:00","breadcrumb":{"@id":"https:\/\/shopatoa.com\/ro\/jeffree-star-cosmetics-jeffree-star-skin-strawberry-water-lotiune-tonica-135-ml\/#breadcrumb"},"inLanguage":"ro-RO","potentialAction":[{"@type":"ReadAction","target":["https:\/\/shopatoa.com\/ro\/jeffree-star-cosmetics-jeffree-star-skin-strawberry-water-lotiune-tonica-135-ml\/"]}]},{"@type":"ImageObject","inLanguage":"ro-RO","@id":"https:\/\/shopatoa.com\/ro\/jeffree-star-cosmetics-jeffree-star-skin-strawberry-water-lotiune-tonica-135-ml\/#primaryimage","url":"https:\/\/storage.googleapis.com\/cz-shopatoa-img\/ro\/2e10ef83-unnamed-file.webp","contentUrl":"https:\/\/storage.googleapis.com\/cz-shopatoa-img\/ro\/2e10ef83-unnamed-file.webp","width":800,"height":800},{"@type":"BreadcrumbList","@id":"https:\/\/shopatoa.com\/ro\/jeffree-star-cosmetics-jeffree-star-skin-strawberry-water-lotiune-tonica-135-ml\/#breadcrumb","itemListElement":[{"@type":"ListItem","position":1,"name":"Dom\u016f","item":"https:\/\/shopatoa.com\/ro\/"},{"@type":"ListItem","position":2,"name":"Shop","item":"https:\/\/shopatoa.com\/ro\/shop\/"},{"@type":"ListItem","position":3,"name":"S\u0103n\u0103tate \u0219i frumuse\u021be","item":"https:\/\/shopatoa.com\/ro\/sanatate-si-frumusete\/"},{"@type":"ListItem","position":4,"name":"\u00cengrijire personal\u0103","item":"https:\/\/shopatoa.com\/ro\/ingrijire-personala\/"},{"@type":"ListItem","position":5,"name":"Cosmetice","item":"https:\/\/shopatoa.com\/ro\/cosmetice-ingrijire-personala\/"},{"@type":"ListItem","position":6,"name":"\u00cengrijirea pielii","item":"https:\/\/shopatoa.com\/ro\/ingrijirea-pielii\/"},{"@type":"ListItem","position":7,"name":"Lo\u021biune &amp; Hidratant","item":"https:\/\/shopatoa.com\/ro\/lotiune-hidratant\/"},{"@type":"ListItem","position":8,"name":"Jeffree Star Cosmetics Jeffree Star Skin Strawberry Water lotiune tonica 135 ml"}]},{"@type":"WebSite","@id":"https:\/\/shopatoa.com\/ro\/#website","url":"https:\/\/shopatoa.com\/ro\/","name":"SHOPATOA","description":"","publisher":{"@id":"https:\/\/shopatoa.com\/ro\/#organization"},"potentialAction":[{"@type":"SearchAction","target":{"@type":"EntryPoint","urlTemplate":"https:\/\/shopatoa.com\/ro\/?s={search_term_string}"},"query-input":{"@type":"PropertyValueSpecification","valueRequired":true,"valueName":"search_term_string"}}],"inLanguage":"ro-RO"},{"@type":"Organization","@id":"https:\/\/shopatoa.com\/ro\/#organization","name":"SHOPATOA","url":"https:\/\/shopatoa.com\/ro\/","logo":{"@type":"ImageObject","inLanguage":"ro-RO","@id":"https:\/\/shopatoa.com\/ro\/#\/schema\/logo\/image\/","url":"https:\/\/storage.googleapis.com\/cz-shopatoa-img\/ro\/b4dac915-shopatoa_logo.png","contentUrl":"https:\/\/storage.googleapis.com\/cz-shopatoa-img\/ro\/b4dac915-shopatoa_logo.png","width":416,"height":63,"caption":"SHOPATOA"},"image":{"@id":"https:\/\/shopatoa.com\/ro\/#\/schema\/logo\/image\/"}}]}},"_links":{"self":[{"href":"https:\/\/shopatoa.com\/ro\/wp-json\/wp\/v2\/product\/457082","targetHints":{"allow":["GET"]}}],"collection":[{"href":"https:\/\/shopatoa.com\/ro\/wp-json\/wp\/v2\/product"}],"about":[{"href":"https:\/\/shopatoa.com\/ro\/wp-json\/wp\/v2\/types\/product"}],"replies":[{"embeddable":true,"href":"https:\/\/shopatoa.com\/ro\/wp-json\/wp\/v2\/comments?post=457082"}],"wp:featuredmedia":[{"embeddable":true,"href":"https:\/\/shopatoa.com\/ro\/wp-json\/wp\/v2\/media\/457083"}],"wp:attachment":[{"href":"https:\/\/shopatoa.com\/ro\/wp-json\/wp\/v2\/media?parent=457082"}],"wp:term":[{"taxonomy":"product_brand","embeddable":true,"href":"https:\/\/shopatoa.com\/ro\/wp-json\/wp\/v2\/product_brand?post=457082"},{"taxonomy":"product_cat","embeddable":true,"href":"https:\/\/shopatoa.com\/ro\/wp-json\/wp\/v2\/product_cat?post=457082"},{"taxonomy":"product_tag","embeddable":true,"href":"https:\/\/shopatoa.com\/ro\/wp-json\/wp\/v2\/product_tag?post=457082"}],"curies":[{"name":"wp","href":"https:\/\/api.w.org\/{rel}","templated":true}]}}