{"id":457094,"date":"2025-06-25T21:38:18","date_gmt":"2025-06-25T19:38:18","guid":{"rendered":"https:\/\/shopatoa.com\/ro\/manyo-panthetoin-deep-moisture-cream-crema-intens-hidratanta-cu-efect-calmant-80-ml\/"},"modified":"2025-06-25T21:39:35","modified_gmt":"2025-06-25T19:39:35","slug":"manyo-panthetoin-deep-moisture-cream-crema-intens-hidratanta-cu-efect-calmant-80-ml","status":"publish","type":"product","link":"https:\/\/shopatoa.com\/ro\/manyo-panthetoin-deep-moisture-cream-crema-intens-hidratanta-cu-efect-calmant-80-ml\/","title":{"rendered":"ma:nyo Panthetoin Deep Moisture Cream crem\u0103 intens hidratant\u0103 cu efect calmant 80 ml"},"content":{"rendered":"<p>ma:nyo Panthetoin Deep Moisture Cream, 80 ml, Creme pentru ten pentru femei, Nu dori\u021bi s\u0103 subestima\u021bi \u00eengrijirea tenului? Folosi\u021bi o crem\u0103 hidratant\u0103 \u00een fiecare zi \u2013 este baza \u00eengrijirii tenului, care nu poate lipsi din rutina dvs. cosmetic\u0103. Crema de fa\u021b\u0103 ma:nyo Panthetoin Deep Moisture Cream \u00eei va oferi tenului doza necesar\u0103 de hidratare, \u00eei va ameliora senza\u021bia de deshidratare \u0219i va preveni descuamarea. Las\u0103 tenul echilibrat, catifelat, hr\u0103nit \u0219i neted. \u00cen plus, efectele sale hidratante vor contribui, de asemenea, la combaterea semnelor de \u00eemb\u0103tr\u00e2nire.  Caracteristici:  hidrateaz\u0103 intens regenereaz\u0103 bariera pielii calmeaz\u0103 irita\u021biile \u0219i \u00eenro\u0219irea are efect de calmare nu las\u0103 o senza\u021bie de gras \u00eent\u0103re\u0219te bariera de protec\u021bie a pielii  Cum se utilizeaz\u0103: Se aplic\u0103 pe pielea curat\u0103, cu mi\u0219c\u0103ri circulare \u0219i se maseaz\u0103 u\u0219or. Se aplic\u0103 pe fa\u021b\u0103, pe g\u00e2t \u0219i pe decolteu. Se utilizeaz\u0103 \u00een fiecare diminea\u021b\u0103 \u0219i\/sau sear\u0103.<\/p>\n","protected":false},"excerpt":{"rendered":"<p>ma:nyo Panthetoin Deep Moisture Cream, 80 ml, Creme pentru ten pentru femei, Nu dori\u021bi s\u0103 subestima\u021bi \u00eengrijirea tenului? Folosi\u021bi o crem\u0103 hidratant\u0103 \u00een fiecare zi \u2013 este baza \u00eengrijirii tenului, care nu poate lipsi din rutina dvs. cosmetic\u0103. Crema de fa\u021b\u0103 ma:nyo Panthetoin Deep Moisture Cream \u00eei va oferi tenului doza necesar\u0103 de hidratare, \u00eei&#8230;<\/p>\n","protected":false},"featured_media":457095,"comment_status":"closed","ping_status":"open","template":"","meta":{"_acf_changed":false,"_kadence_starter_templates_imported_post":false,"_kad_post_transparent":"","_kad_post_title":"","_kad_post_layout":"","_kad_post_sidebar_id":"","_kad_post_content_style":"","_kad_post_vertical_padding":"","_kad_post_feature":"","_kad_post_feature_position":"","_kad_post_header":false,"_kad_post_footer":false,"_kad_post_classname":""},"product_brand":[2598],"product_cat":[1564,1563,1565,1562],"product_tag":[],"class_list":{"0":"post-457094","1":"product","2":"type-product","3":"status-publish","4":"has-post-thumbnail","6":"product_brand-manyo","7":"product_cat-cosmetice-ingrijire-personala","8":"product_cat-ingrijire-personala","9":"product_cat-ingrijirea-pielii","10":"product_cat-sanatate-si-frumusete","11":"pa_gen-female","12":"pa_marime-80-ml","14":"first","15":"instock","16":"sale","17":"product-type-external","18":"entry","19":"content-bg","20":"loop-entry"},"acf":[],"yoast_head":"<!-- This site is optimized with the Yoast SEO plugin v27.4 - https:\/\/yoast.com\/product\/yoast-seo-wordpress\/ -->\n<title>ma:nyo Panthetoin Deep Moisture Cream crem\u0103 intens hidratant\u0103 cu efect calmant 80 ml - SHOPATOA.COM<\/title>\n<meta name=\"robots\" content=\"index, follow, max-snippet:-1, max-image-preview:large, max-video-preview:-1\" \/>\n<link rel=\"canonical\" href=\"https:\/\/shopatoa.com\/ro\/manyo-panthetoin-deep-moisture-cream-crema-intens-hidratanta-cu-efect-calmant-80-ml\/\" \/>\n<meta property=\"og:locale\" content=\"ro_RO\" \/>\n<meta property=\"og:type\" content=\"article\" \/>\n<meta property=\"og:title\" content=\"ma:nyo Panthetoin Deep Moisture Cream crem\u0103 intens hidratant\u0103 cu efect calmant 80 ml - SHOPATOA.COM\" \/>\n<meta property=\"og:description\" content=\"ma:nyo Panthetoin Deep Moisture Cream, 80 ml, Creme pentru ten pentru femei, Nu dori\u021bi s\u0103 subestima\u021bi \u00eengrijirea tenului? Folosi\u021bi o crem\u0103 hidratant\u0103 \u00een fiecare zi \u2013 este baza \u00eengrijirii tenului, care nu poate lipsi din rutina dvs. cosmetic\u0103. Crema de fa\u021b\u0103 ma:nyo Panthetoin Deep Moisture Cream \u00eei va oferi tenului doza necesar\u0103 de hidratare, \u00eei...\" \/>\n<meta property=\"og:url\" content=\"https:\/\/shopatoa.com\/ro\/manyo-panthetoin-deep-moisture-cream-crema-intens-hidratanta-cu-efect-calmant-80-ml\/\" \/>\n<meta property=\"og:site_name\" content=\"SHOPATOA\" \/>\n<meta property=\"article:modified_time\" content=\"2025-06-25T19:39:35+00:00\" \/>\n<meta property=\"og:image\" content=\"https:\/\/storage.googleapis.com\/cz-shopatoa-img\/ro\/e9aca236-unnamed-file.webp\" \/>\n\t<meta property=\"og:image:width\" content=\"800\" \/>\n\t<meta property=\"og:image:height\" content=\"800\" \/>\n\t<meta property=\"og:image:type\" content=\"image\/webp\" \/>\n<meta name=\"twitter:card\" content=\"summary_large_image\" \/>\n<meta name=\"twitter:label1\" content=\"Timp estimat pentru citire\" \/>\n\t<meta name=\"twitter:data1\" content=\"1 minut\" \/>\n<script type=\"application\/ld+json\" class=\"yoast-schema-graph\">{\"@context\":\"https:\\\/\\\/schema.org\",\"@graph\":[{\"@type\":\"WebPage\",\"@id\":\"https:\\\/\\\/shopatoa.com\\\/ro\\\/manyo-panthetoin-deep-moisture-cream-crema-intens-hidratanta-cu-efect-calmant-80-ml\\\/\",\"url\":\"https:\\\/\\\/shopatoa.com\\\/ro\\\/manyo-panthetoin-deep-moisture-cream-crema-intens-hidratanta-cu-efect-calmant-80-ml\\\/\",\"name\":\"ma:nyo Panthetoin Deep Moisture Cream crem\u0103 intens hidratant\u0103 cu efect calmant 80 ml - SHOPATOA.COM\",\"isPartOf\":{\"@id\":\"https:\\\/\\\/shopatoa.com\\\/ro\\\/#website\"},\"primaryImageOfPage\":{\"@id\":\"https:\\\/\\\/shopatoa.com\\\/ro\\\/manyo-panthetoin-deep-moisture-cream-crema-intens-hidratanta-cu-efect-calmant-80-ml\\\/#primaryimage\"},\"image\":{\"@id\":\"https:\\\/\\\/shopatoa.com\\\/ro\\\/manyo-panthetoin-deep-moisture-cream-crema-intens-hidratanta-cu-efect-calmant-80-ml\\\/#primaryimage\"},\"thumbnailUrl\":\"https:\\\/\\\/storage.googleapis.com\\\/cz-shopatoa-img\\\/ro\\\/e9aca236-unnamed-file.webp\",\"datePublished\":\"2025-06-25T19:38:18+00:00\",\"dateModified\":\"2025-06-25T19:39:35+00:00\",\"breadcrumb\":{\"@id\":\"https:\\\/\\\/shopatoa.com\\\/ro\\\/manyo-panthetoin-deep-moisture-cream-crema-intens-hidratanta-cu-efect-calmant-80-ml\\\/#breadcrumb\"},\"inLanguage\":\"ro-RO\",\"potentialAction\":[{\"@type\":\"ReadAction\",\"target\":[\"https:\\\/\\\/shopatoa.com\\\/ro\\\/manyo-panthetoin-deep-moisture-cream-crema-intens-hidratanta-cu-efect-calmant-80-ml\\\/\"]}]},{\"@type\":\"ImageObject\",\"inLanguage\":\"ro-RO\",\"@id\":\"https:\\\/\\\/shopatoa.com\\\/ro\\\/manyo-panthetoin-deep-moisture-cream-crema-intens-hidratanta-cu-efect-calmant-80-ml\\\/#primaryimage\",\"url\":\"https:\\\/\\\/storage.googleapis.com\\\/cz-shopatoa-img\\\/ro\\\/e9aca236-unnamed-file.webp\",\"contentUrl\":\"https:\\\/\\\/storage.googleapis.com\\\/cz-shopatoa-img\\\/ro\\\/e9aca236-unnamed-file.webp\",\"width\":800,\"height\":800},{\"@type\":\"BreadcrumbList\",\"@id\":\"https:\\\/\\\/shopatoa.com\\\/ro\\\/manyo-panthetoin-deep-moisture-cream-crema-intens-hidratanta-cu-efect-calmant-80-ml\\\/#breadcrumb\",\"itemListElement\":[{\"@type\":\"ListItem\",\"position\":1,\"name\":\"Dom\u016f\",\"item\":\"https:\\\/\\\/shopatoa.com\\\/ro\\\/\"},{\"@type\":\"ListItem\",\"position\":2,\"name\":\"Shop\",\"item\":\"https:\\\/\\\/shopatoa.com\\\/ro\\\/shop\\\/\"},{\"@type\":\"ListItem\",\"position\":3,\"name\":\"ma:nyo Panthetoin Deep Moisture Cream crem\u0103 intens hidratant\u0103 cu efect calmant 80 ml\"}]},{\"@type\":\"WebSite\",\"@id\":\"https:\\\/\\\/shopatoa.com\\\/ro\\\/#website\",\"url\":\"https:\\\/\\\/shopatoa.com\\\/ro\\\/\",\"name\":\"SHOPATOA\",\"description\":\"\",\"publisher\":{\"@id\":\"https:\\\/\\\/shopatoa.com\\\/ro\\\/#organization\"},\"potentialAction\":[{\"@type\":\"SearchAction\",\"target\":{\"@type\":\"EntryPoint\",\"urlTemplate\":\"https:\\\/\\\/shopatoa.com\\\/ro\\\/?s={search_term_string}\"},\"query-input\":{\"@type\":\"PropertyValueSpecification\",\"valueRequired\":true,\"valueName\":\"search_term_string\"}}],\"inLanguage\":\"ro-RO\"},{\"@type\":\"Organization\",\"@id\":\"https:\\\/\\\/shopatoa.com\\\/ro\\\/#organization\",\"name\":\"SHOPATOA\",\"url\":\"https:\\\/\\\/shopatoa.com\\\/ro\\\/\",\"logo\":{\"@type\":\"ImageObject\",\"inLanguage\":\"ro-RO\",\"@id\":\"https:\\\/\\\/shopatoa.com\\\/ro\\\/#\\\/schema\\\/logo\\\/image\\\/\",\"url\":\"https:\\\/\\\/storage.googleapis.com\\\/cz-shopatoa-img\\\/ro\\\/b4dac915-shopatoa_logo.png\",\"contentUrl\":\"https:\\\/\\\/storage.googleapis.com\\\/cz-shopatoa-img\\\/ro\\\/b4dac915-shopatoa_logo.png\",\"width\":416,\"height\":63,\"caption\":\"SHOPATOA\"},\"image\":{\"@id\":\"https:\\\/\\\/shopatoa.com\\\/ro\\\/#\\\/schema\\\/logo\\\/image\\\/\"}}]}<\/script>\n<!-- \/ Yoast SEO plugin. -->","yoast_head_json":{"title":"ma:nyo Panthetoin Deep Moisture Cream crem\u0103 intens hidratant\u0103 cu efect calmant 80 ml - SHOPATOA.COM","robots":{"index":"index","follow":"follow","max-snippet":"max-snippet:-1","max-image-preview":"max-image-preview:large","max-video-preview":"max-video-preview:-1"},"canonical":"https:\/\/shopatoa.com\/ro\/manyo-panthetoin-deep-moisture-cream-crema-intens-hidratanta-cu-efect-calmant-80-ml\/","og_locale":"ro_RO","og_type":"article","og_title":"ma:nyo Panthetoin Deep Moisture Cream crem\u0103 intens hidratant\u0103 cu efect calmant 80 ml - SHOPATOA.COM","og_description":"ma:nyo Panthetoin Deep Moisture Cream, 80 ml, Creme pentru ten pentru femei, Nu dori\u021bi s\u0103 subestima\u021bi \u00eengrijirea tenului? Folosi\u021bi o crem\u0103 hidratant\u0103 \u00een fiecare zi \u2013 este baza \u00eengrijirii tenului, care nu poate lipsi din rutina dvs. cosmetic\u0103. Crema de fa\u021b\u0103 ma:nyo Panthetoin Deep Moisture Cream \u00eei va oferi tenului doza necesar\u0103 de hidratare, \u00eei...","og_url":"https:\/\/shopatoa.com\/ro\/manyo-panthetoin-deep-moisture-cream-crema-intens-hidratanta-cu-efect-calmant-80-ml\/","og_site_name":"SHOPATOA","article_modified_time":"2025-06-25T19:39:35+00:00","og_image":[{"width":800,"height":800,"url":"https:\/\/storage.googleapis.com\/cz-shopatoa-img\/ro\/e9aca236-unnamed-file.webp","type":"image\/webp"}],"twitter_card":"summary_large_image","twitter_misc":{"Timp estimat pentru citire":"1 minut"},"schema":{"@context":"https:\/\/schema.org","@graph":[{"@type":"WebPage","@id":"https:\/\/shopatoa.com\/ro\/manyo-panthetoin-deep-moisture-cream-crema-intens-hidratanta-cu-efect-calmant-80-ml\/","url":"https:\/\/shopatoa.com\/ro\/manyo-panthetoin-deep-moisture-cream-crema-intens-hidratanta-cu-efect-calmant-80-ml\/","name":"ma:nyo Panthetoin Deep Moisture Cream crem\u0103 intens hidratant\u0103 cu efect calmant 80 ml - SHOPATOA.COM","isPartOf":{"@id":"https:\/\/shopatoa.com\/ro\/#website"},"primaryImageOfPage":{"@id":"https:\/\/shopatoa.com\/ro\/manyo-panthetoin-deep-moisture-cream-crema-intens-hidratanta-cu-efect-calmant-80-ml\/#primaryimage"},"image":{"@id":"https:\/\/shopatoa.com\/ro\/manyo-panthetoin-deep-moisture-cream-crema-intens-hidratanta-cu-efect-calmant-80-ml\/#primaryimage"},"thumbnailUrl":"https:\/\/storage.googleapis.com\/cz-shopatoa-img\/ro\/e9aca236-unnamed-file.webp","datePublished":"2025-06-25T19:38:18+00:00","dateModified":"2025-06-25T19:39:35+00:00","breadcrumb":{"@id":"https:\/\/shopatoa.com\/ro\/manyo-panthetoin-deep-moisture-cream-crema-intens-hidratanta-cu-efect-calmant-80-ml\/#breadcrumb"},"inLanguage":"ro-RO","potentialAction":[{"@type":"ReadAction","target":["https:\/\/shopatoa.com\/ro\/manyo-panthetoin-deep-moisture-cream-crema-intens-hidratanta-cu-efect-calmant-80-ml\/"]}]},{"@type":"ImageObject","inLanguage":"ro-RO","@id":"https:\/\/shopatoa.com\/ro\/manyo-panthetoin-deep-moisture-cream-crema-intens-hidratanta-cu-efect-calmant-80-ml\/#primaryimage","url":"https:\/\/storage.googleapis.com\/cz-shopatoa-img\/ro\/e9aca236-unnamed-file.webp","contentUrl":"https:\/\/storage.googleapis.com\/cz-shopatoa-img\/ro\/e9aca236-unnamed-file.webp","width":800,"height":800},{"@type":"BreadcrumbList","@id":"https:\/\/shopatoa.com\/ro\/manyo-panthetoin-deep-moisture-cream-crema-intens-hidratanta-cu-efect-calmant-80-ml\/#breadcrumb","itemListElement":[{"@type":"ListItem","position":1,"name":"Dom\u016f","item":"https:\/\/shopatoa.com\/ro\/"},{"@type":"ListItem","position":2,"name":"Shop","item":"https:\/\/shopatoa.com\/ro\/shop\/"},{"@type":"ListItem","position":3,"name":"ma:nyo Panthetoin Deep Moisture Cream crem\u0103 intens hidratant\u0103 cu efect calmant 80 ml"}]},{"@type":"WebSite","@id":"https:\/\/shopatoa.com\/ro\/#website","url":"https:\/\/shopatoa.com\/ro\/","name":"SHOPATOA","description":"","publisher":{"@id":"https:\/\/shopatoa.com\/ro\/#organization"},"potentialAction":[{"@type":"SearchAction","target":{"@type":"EntryPoint","urlTemplate":"https:\/\/shopatoa.com\/ro\/?s={search_term_string}"},"query-input":{"@type":"PropertyValueSpecification","valueRequired":true,"valueName":"search_term_string"}}],"inLanguage":"ro-RO"},{"@type":"Organization","@id":"https:\/\/shopatoa.com\/ro\/#organization","name":"SHOPATOA","url":"https:\/\/shopatoa.com\/ro\/","logo":{"@type":"ImageObject","inLanguage":"ro-RO","@id":"https:\/\/shopatoa.com\/ro\/#\/schema\/logo\/image\/","url":"https:\/\/storage.googleapis.com\/cz-shopatoa-img\/ro\/b4dac915-shopatoa_logo.png","contentUrl":"https:\/\/storage.googleapis.com\/cz-shopatoa-img\/ro\/b4dac915-shopatoa_logo.png","width":416,"height":63,"caption":"SHOPATOA"},"image":{"@id":"https:\/\/shopatoa.com\/ro\/#\/schema\/logo\/image\/"}}]}},"_links":{"self":[{"href":"https:\/\/shopatoa.com\/ro\/wp-json\/wp\/v2\/product\/457094","targetHints":{"allow":["GET"]}}],"collection":[{"href":"https:\/\/shopatoa.com\/ro\/wp-json\/wp\/v2\/product"}],"about":[{"href":"https:\/\/shopatoa.com\/ro\/wp-json\/wp\/v2\/types\/product"}],"replies":[{"embeddable":true,"href":"https:\/\/shopatoa.com\/ro\/wp-json\/wp\/v2\/comments?post=457094"}],"wp:featuredmedia":[{"embeddable":true,"href":"https:\/\/shopatoa.com\/ro\/wp-json\/wp\/v2\/media\/457095"}],"wp:attachment":[{"href":"https:\/\/shopatoa.com\/ro\/wp-json\/wp\/v2\/media?parent=457094"}],"wp:term":[{"taxonomy":"product_brand","embeddable":true,"href":"https:\/\/shopatoa.com\/ro\/wp-json\/wp\/v2\/product_brand?post=457094"},{"taxonomy":"product_cat","embeddable":true,"href":"https:\/\/shopatoa.com\/ro\/wp-json\/wp\/v2\/product_cat?post=457094"},{"taxonomy":"product_tag","embeddable":true,"href":"https:\/\/shopatoa.com\/ro\/wp-json\/wp\/v2\/product_tag?post=457094"}],"curies":[{"name":"wp","href":"https:\/\/api.w.org\/{rel}","templated":true}]}}