{"id":457502,"date":"2025-06-25T22:15:53","date_gmt":"2025-06-25T20:15:53","guid":{"rendered":"https:\/\/shopatoa.com\/ro\/indola-glaze-it-up-spray-pentru-par-pentru-o-stralucire-puternica-300-ml\/"},"modified":"2026-02-04T04:21:16","modified_gmt":"2026-02-04T03:21:16","slug":"indola-glaze-it-up-spray-pentru-par-pentru-o-stralucire-puternica-300-ml","status":"publish","type":"product","link":"https:\/\/shopatoa.com\/ro\/indola-glaze-it-up-spray-pentru-par-pentru-o-stralucire-puternica-300-ml\/","title":{"rendered":"Indola Glaze It Up spray pentru p\u0103r pentru o stralucire puternica 300 ml"},"content":{"rendered":"<p>Indola Glaze It Up, 300 ml, Luciu pentru p\u0103r pentru femei, Coafurii dvs. \u00eei lipse\u0219te ceva care s\u0103 \u00eei eviden\u021bieze cu adev\u0103rat frumuse\u021bea? Produsul Indola Glaze It Up va conferi p\u0103rului dvs. o str\u0103lucire splendid\u0103 \u0219i \u00eel va l\u0103sa radiant, indiferent dac\u0103 este \u0219aten, blond, ro\u0219cat sau negru. V\u0103 va permite s\u0103 ob\u021bine\u021bi un aspect orbitor \u00een c\u00e2teva secunde, f\u0103r\u0103 s\u0103 creeze o senza\u021bie de p\u0103r \u00eenc\u0103rcat, lipicios sau gras. \u00cen plus, datorit\u0103 propriet\u0103\u021bilor sale de fixare, coafura dvs. \u00ee\u0219i va men\u021bine forma pentru o perioad\u0103 \u00eendelungat\u0103. Pe scurt, asigur\u0103 tu\u0219a final\u0103 care va transforma orice coafur\u0103 \u00een perfec\u021biune absolut\u0103.  Caracteristici:  ofer\u0103 o protec\u021bie eficient\u0103 a p\u0103rului, \u00een timpul tratamentului termic pentru un p\u0103r str\u0103lucitor \u0219i hidratat neteze\u0219te firele de p\u0103r combate electrizarea  Ingrediente:  produs vegan  Cum se utilizeaz\u0103: Pulveriza\u021bi pe p\u0103rul umed sau uscat.<\/p>\n","protected":false},"excerpt":{"rendered":"<p>Indola Glaze It Up, 300 ml, Luciu pentru p\u0103r pentru femei, Coafurii dvs. \u00eei lipse\u0219te ceva care s\u0103 \u00eei eviden\u021bieze cu adev\u0103rat frumuse\u021bea? Produsul Indola Glaze It Up va conferi p\u0103rului dvs. o str\u0103lucire splendid\u0103 \u0219i \u00eel va l\u0103sa radiant, indiferent dac\u0103 este \u0219aten, blond, ro\u0219cat sau negru. V\u0103 va permite s\u0103 ob\u021bine\u021bi un aspect&#8230;<\/p>\n","protected":false},"featured_media":457503,"comment_status":"closed","ping_status":"open","template":"","meta":{"_acf_changed":false,"_kadence_starter_templates_imported_post":false,"_kad_post_transparent":"","_kad_post_title":"","_kad_post_layout":"","_kad_post_sidebar_id":"","_kad_post_content_style":"","_kad_post_vertical_padding":"","_kad_post_feature":"","_kad_post_feature_position":"","_kad_post_header":false,"_kad_post_footer":false,"_kad_post_classname":""},"product_brand":[2399],"product_cat":[1563,1590,1562],"product_tag":[],"class_list":{"0":"post-457502","1":"product","2":"type-product","3":"status-publish","4":"has-post-thumbnail","6":"product_brand-indola","7":"product_cat-ingrijire-personala","8":"product_cat-ingrijirea-parului","9":"product_cat-sanatate-si-frumusete","10":"pa_gen-female","11":"pa_marime-300-ml","13":"first","14":"instock","15":"sale","16":"product-type-external","17":"entry","18":"content-bg","19":"loop-entry"},"acf":[],"yoast_head":"<!-- This site is optimized with the Yoast SEO plugin v27.4 - https:\/\/yoast.com\/product\/yoast-seo-wordpress\/ -->\n<title>Indola Glaze It Up spray pentru p\u0103r pentru o stralucire puternica 300 ml - SHOPATOA.COM<\/title>\n<meta name=\"robots\" content=\"index, follow, max-snippet:-1, max-image-preview:large, max-video-preview:-1\" \/>\n<link rel=\"canonical\" href=\"https:\/\/shopatoa.com\/ro\/indola-glaze-it-up-spray-pentru-par-pentru-o-stralucire-puternica-300-ml\/\" \/>\n<meta property=\"og:locale\" content=\"ro_RO\" \/>\n<meta property=\"og:type\" content=\"article\" \/>\n<meta property=\"og:title\" content=\"Indola Glaze It Up spray pentru p\u0103r pentru o stralucire puternica 300 ml - SHOPATOA.COM\" \/>\n<meta property=\"og:description\" content=\"Indola Glaze It Up, 300 ml, Luciu pentru p\u0103r pentru femei, Coafurii dvs. \u00eei lipse\u0219te ceva care s\u0103 \u00eei eviden\u021bieze cu adev\u0103rat frumuse\u021bea? Produsul Indola Glaze It Up va conferi p\u0103rului dvs. o str\u0103lucire splendid\u0103 \u0219i \u00eel va l\u0103sa radiant, indiferent dac\u0103 este \u0219aten, blond, ro\u0219cat sau negru. V\u0103 va permite s\u0103 ob\u021bine\u021bi un aspect...\" \/>\n<meta property=\"og:url\" content=\"https:\/\/shopatoa.com\/ro\/indola-glaze-it-up-spray-pentru-par-pentru-o-stralucire-puternica-300-ml\/\" \/>\n<meta property=\"og:site_name\" content=\"SHOPATOA\" \/>\n<meta property=\"article:modified_time\" content=\"2026-02-04T03:21:16+00:00\" \/>\n<meta property=\"og:image\" content=\"https:\/\/storage.googleapis.com\/cz-shopatoa-img\/ro\/444e0d48-unnamed-file.webp\" \/>\n\t<meta property=\"og:image:width\" content=\"800\" \/>\n\t<meta property=\"og:image:height\" content=\"800\" \/>\n\t<meta property=\"og:image:type\" content=\"image\/webp\" \/>\n<meta name=\"twitter:card\" content=\"summary_large_image\" \/>\n<meta name=\"twitter:label1\" content=\"Timp estimat pentru citire\" \/>\n\t<meta name=\"twitter:data1\" content=\"1 minut\" \/>\n<script type=\"application\/ld+json\" class=\"yoast-schema-graph\">{\"@context\":\"https:\\\/\\\/schema.org\",\"@graph\":[{\"@type\":\"WebPage\",\"@id\":\"https:\\\/\\\/shopatoa.com\\\/ro\\\/indola-glaze-it-up-spray-pentru-par-pentru-o-stralucire-puternica-300-ml\\\/\",\"url\":\"https:\\\/\\\/shopatoa.com\\\/ro\\\/indola-glaze-it-up-spray-pentru-par-pentru-o-stralucire-puternica-300-ml\\\/\",\"name\":\"Indola Glaze It Up spray pentru p\u0103r pentru o stralucire puternica 300 ml - SHOPATOA.COM\",\"isPartOf\":{\"@id\":\"https:\\\/\\\/shopatoa.com\\\/ro\\\/#website\"},\"primaryImageOfPage\":{\"@id\":\"https:\\\/\\\/shopatoa.com\\\/ro\\\/indola-glaze-it-up-spray-pentru-par-pentru-o-stralucire-puternica-300-ml\\\/#primaryimage\"},\"image\":{\"@id\":\"https:\\\/\\\/shopatoa.com\\\/ro\\\/indola-glaze-it-up-spray-pentru-par-pentru-o-stralucire-puternica-300-ml\\\/#primaryimage\"},\"thumbnailUrl\":\"https:\\\/\\\/storage.googleapis.com\\\/cz-shopatoa-img\\\/ro\\\/444e0d48-unnamed-file.webp\",\"datePublished\":\"2025-06-25T20:15:53+00:00\",\"dateModified\":\"2026-02-04T03:21:16+00:00\",\"breadcrumb\":{\"@id\":\"https:\\\/\\\/shopatoa.com\\\/ro\\\/indola-glaze-it-up-spray-pentru-par-pentru-o-stralucire-puternica-300-ml\\\/#breadcrumb\"},\"inLanguage\":\"ro-RO\",\"potentialAction\":[{\"@type\":\"ReadAction\",\"target\":[\"https:\\\/\\\/shopatoa.com\\\/ro\\\/indola-glaze-it-up-spray-pentru-par-pentru-o-stralucire-puternica-300-ml\\\/\"]}]},{\"@type\":\"ImageObject\",\"inLanguage\":\"ro-RO\",\"@id\":\"https:\\\/\\\/shopatoa.com\\\/ro\\\/indola-glaze-it-up-spray-pentru-par-pentru-o-stralucire-puternica-300-ml\\\/#primaryimage\",\"url\":\"https:\\\/\\\/storage.googleapis.com\\\/cz-shopatoa-img\\\/ro\\\/444e0d48-unnamed-file.webp\",\"contentUrl\":\"https:\\\/\\\/storage.googleapis.com\\\/cz-shopatoa-img\\\/ro\\\/444e0d48-unnamed-file.webp\",\"width\":800,\"height\":800},{\"@type\":\"BreadcrumbList\",\"@id\":\"https:\\\/\\\/shopatoa.com\\\/ro\\\/indola-glaze-it-up-spray-pentru-par-pentru-o-stralucire-puternica-300-ml\\\/#breadcrumb\",\"itemListElement\":[{\"@type\":\"ListItem\",\"position\":1,\"name\":\"Dom\u016f\",\"item\":\"https:\\\/\\\/shopatoa.com\\\/ro\\\/\"},{\"@type\":\"ListItem\",\"position\":2,\"name\":\"Shop\",\"item\":\"https:\\\/\\\/shopatoa.com\\\/ro\\\/shop\\\/\"},{\"@type\":\"ListItem\",\"position\":3,\"name\":\"S\u0103n\u0103tate \u0219i frumuse\u021be\",\"item\":\"https:\\\/\\\/shopatoa.com\\\/ro\\\/sanatate-si-frumusete\\\/\"},{\"@type\":\"ListItem\",\"position\":4,\"name\":\"\u00cengrijire personal\u0103\",\"item\":\"https:\\\/\\\/shopatoa.com\\\/ro\\\/ingrijire-personala\\\/\"},{\"@type\":\"ListItem\",\"position\":5,\"name\":\"\u00cengrijirea p\u0103rului\",\"item\":\"https:\\\/\\\/shopatoa.com\\\/ro\\\/ingrijirea-parului\\\/\"},{\"@type\":\"ListItem\",\"position\":6,\"name\":\"Indola Glaze It Up spray pentru p\u0103r pentru o stralucire puternica 300 ml\"}]},{\"@type\":\"WebSite\",\"@id\":\"https:\\\/\\\/shopatoa.com\\\/ro\\\/#website\",\"url\":\"https:\\\/\\\/shopatoa.com\\\/ro\\\/\",\"name\":\"SHOPATOA\",\"description\":\"\",\"publisher\":{\"@id\":\"https:\\\/\\\/shopatoa.com\\\/ro\\\/#organization\"},\"potentialAction\":[{\"@type\":\"SearchAction\",\"target\":{\"@type\":\"EntryPoint\",\"urlTemplate\":\"https:\\\/\\\/shopatoa.com\\\/ro\\\/?s={search_term_string}\"},\"query-input\":{\"@type\":\"PropertyValueSpecification\",\"valueRequired\":true,\"valueName\":\"search_term_string\"}}],\"inLanguage\":\"ro-RO\"},{\"@type\":\"Organization\",\"@id\":\"https:\\\/\\\/shopatoa.com\\\/ro\\\/#organization\",\"name\":\"SHOPATOA\",\"url\":\"https:\\\/\\\/shopatoa.com\\\/ro\\\/\",\"logo\":{\"@type\":\"ImageObject\",\"inLanguage\":\"ro-RO\",\"@id\":\"https:\\\/\\\/shopatoa.com\\\/ro\\\/#\\\/schema\\\/logo\\\/image\\\/\",\"url\":\"https:\\\/\\\/storage.googleapis.com\\\/cz-shopatoa-img\\\/ro\\\/b4dac915-shopatoa_logo.png\",\"contentUrl\":\"https:\\\/\\\/storage.googleapis.com\\\/cz-shopatoa-img\\\/ro\\\/b4dac915-shopatoa_logo.png\",\"width\":416,\"height\":63,\"caption\":\"SHOPATOA\"},\"image\":{\"@id\":\"https:\\\/\\\/shopatoa.com\\\/ro\\\/#\\\/schema\\\/logo\\\/image\\\/\"}}]}<\/script>\n<!-- \/ Yoast SEO plugin. -->","yoast_head_json":{"title":"Indola Glaze It Up spray pentru p\u0103r pentru o stralucire puternica 300 ml - SHOPATOA.COM","robots":{"index":"index","follow":"follow","max-snippet":"max-snippet:-1","max-image-preview":"max-image-preview:large","max-video-preview":"max-video-preview:-1"},"canonical":"https:\/\/shopatoa.com\/ro\/indola-glaze-it-up-spray-pentru-par-pentru-o-stralucire-puternica-300-ml\/","og_locale":"ro_RO","og_type":"article","og_title":"Indola Glaze It Up spray pentru p\u0103r pentru o stralucire puternica 300 ml - SHOPATOA.COM","og_description":"Indola Glaze It Up, 300 ml, Luciu pentru p\u0103r pentru femei, Coafurii dvs. \u00eei lipse\u0219te ceva care s\u0103 \u00eei eviden\u021bieze cu adev\u0103rat frumuse\u021bea? Produsul Indola Glaze It Up va conferi p\u0103rului dvs. o str\u0103lucire splendid\u0103 \u0219i \u00eel va l\u0103sa radiant, indiferent dac\u0103 este \u0219aten, blond, ro\u0219cat sau negru. V\u0103 va permite s\u0103 ob\u021bine\u021bi un aspect...","og_url":"https:\/\/shopatoa.com\/ro\/indola-glaze-it-up-spray-pentru-par-pentru-o-stralucire-puternica-300-ml\/","og_site_name":"SHOPATOA","article_modified_time":"2026-02-04T03:21:16+00:00","og_image":[{"width":800,"height":800,"url":"https:\/\/storage.googleapis.com\/cz-shopatoa-img\/ro\/444e0d48-unnamed-file.webp","type":"image\/webp"}],"twitter_card":"summary_large_image","twitter_misc":{"Timp estimat pentru citire":"1 minut"},"schema":{"@context":"https:\/\/schema.org","@graph":[{"@type":"WebPage","@id":"https:\/\/shopatoa.com\/ro\/indola-glaze-it-up-spray-pentru-par-pentru-o-stralucire-puternica-300-ml\/","url":"https:\/\/shopatoa.com\/ro\/indola-glaze-it-up-spray-pentru-par-pentru-o-stralucire-puternica-300-ml\/","name":"Indola Glaze It Up spray pentru p\u0103r pentru o stralucire puternica 300 ml - SHOPATOA.COM","isPartOf":{"@id":"https:\/\/shopatoa.com\/ro\/#website"},"primaryImageOfPage":{"@id":"https:\/\/shopatoa.com\/ro\/indola-glaze-it-up-spray-pentru-par-pentru-o-stralucire-puternica-300-ml\/#primaryimage"},"image":{"@id":"https:\/\/shopatoa.com\/ro\/indola-glaze-it-up-spray-pentru-par-pentru-o-stralucire-puternica-300-ml\/#primaryimage"},"thumbnailUrl":"https:\/\/storage.googleapis.com\/cz-shopatoa-img\/ro\/444e0d48-unnamed-file.webp","datePublished":"2025-06-25T20:15:53+00:00","dateModified":"2026-02-04T03:21:16+00:00","breadcrumb":{"@id":"https:\/\/shopatoa.com\/ro\/indola-glaze-it-up-spray-pentru-par-pentru-o-stralucire-puternica-300-ml\/#breadcrumb"},"inLanguage":"ro-RO","potentialAction":[{"@type":"ReadAction","target":["https:\/\/shopatoa.com\/ro\/indola-glaze-it-up-spray-pentru-par-pentru-o-stralucire-puternica-300-ml\/"]}]},{"@type":"ImageObject","inLanguage":"ro-RO","@id":"https:\/\/shopatoa.com\/ro\/indola-glaze-it-up-spray-pentru-par-pentru-o-stralucire-puternica-300-ml\/#primaryimage","url":"https:\/\/storage.googleapis.com\/cz-shopatoa-img\/ro\/444e0d48-unnamed-file.webp","contentUrl":"https:\/\/storage.googleapis.com\/cz-shopatoa-img\/ro\/444e0d48-unnamed-file.webp","width":800,"height":800},{"@type":"BreadcrumbList","@id":"https:\/\/shopatoa.com\/ro\/indola-glaze-it-up-spray-pentru-par-pentru-o-stralucire-puternica-300-ml\/#breadcrumb","itemListElement":[{"@type":"ListItem","position":1,"name":"Dom\u016f","item":"https:\/\/shopatoa.com\/ro\/"},{"@type":"ListItem","position":2,"name":"Shop","item":"https:\/\/shopatoa.com\/ro\/shop\/"},{"@type":"ListItem","position":3,"name":"S\u0103n\u0103tate \u0219i frumuse\u021be","item":"https:\/\/shopatoa.com\/ro\/sanatate-si-frumusete\/"},{"@type":"ListItem","position":4,"name":"\u00cengrijire personal\u0103","item":"https:\/\/shopatoa.com\/ro\/ingrijire-personala\/"},{"@type":"ListItem","position":5,"name":"\u00cengrijirea p\u0103rului","item":"https:\/\/shopatoa.com\/ro\/ingrijirea-parului\/"},{"@type":"ListItem","position":6,"name":"Indola Glaze It Up spray pentru p\u0103r pentru o stralucire puternica 300 ml"}]},{"@type":"WebSite","@id":"https:\/\/shopatoa.com\/ro\/#website","url":"https:\/\/shopatoa.com\/ro\/","name":"SHOPATOA","description":"","publisher":{"@id":"https:\/\/shopatoa.com\/ro\/#organization"},"potentialAction":[{"@type":"SearchAction","target":{"@type":"EntryPoint","urlTemplate":"https:\/\/shopatoa.com\/ro\/?s={search_term_string}"},"query-input":{"@type":"PropertyValueSpecification","valueRequired":true,"valueName":"search_term_string"}}],"inLanguage":"ro-RO"},{"@type":"Organization","@id":"https:\/\/shopatoa.com\/ro\/#organization","name":"SHOPATOA","url":"https:\/\/shopatoa.com\/ro\/","logo":{"@type":"ImageObject","inLanguage":"ro-RO","@id":"https:\/\/shopatoa.com\/ro\/#\/schema\/logo\/image\/","url":"https:\/\/storage.googleapis.com\/cz-shopatoa-img\/ro\/b4dac915-shopatoa_logo.png","contentUrl":"https:\/\/storage.googleapis.com\/cz-shopatoa-img\/ro\/b4dac915-shopatoa_logo.png","width":416,"height":63,"caption":"SHOPATOA"},"image":{"@id":"https:\/\/shopatoa.com\/ro\/#\/schema\/logo\/image\/"}}]}},"_links":{"self":[{"href":"https:\/\/shopatoa.com\/ro\/wp-json\/wp\/v2\/product\/457502","targetHints":{"allow":["GET"]}}],"collection":[{"href":"https:\/\/shopatoa.com\/ro\/wp-json\/wp\/v2\/product"}],"about":[{"href":"https:\/\/shopatoa.com\/ro\/wp-json\/wp\/v2\/types\/product"}],"replies":[{"embeddable":true,"href":"https:\/\/shopatoa.com\/ro\/wp-json\/wp\/v2\/comments?post=457502"}],"wp:featuredmedia":[{"embeddable":true,"href":"https:\/\/shopatoa.com\/ro\/wp-json\/wp\/v2\/media\/457503"}],"wp:attachment":[{"href":"https:\/\/shopatoa.com\/ro\/wp-json\/wp\/v2\/media?parent=457502"}],"wp:term":[{"taxonomy":"product_brand","embeddable":true,"href":"https:\/\/shopatoa.com\/ro\/wp-json\/wp\/v2\/product_brand?post=457502"},{"taxonomy":"product_cat","embeddable":true,"href":"https:\/\/shopatoa.com\/ro\/wp-json\/wp\/v2\/product_cat?post=457502"},{"taxonomy":"product_tag","embeddable":true,"href":"https:\/\/shopatoa.com\/ro\/wp-json\/wp\/v2\/product_tag?post=457502"}],"curies":[{"name":"wp","href":"https:\/\/api.w.org\/{rel}","templated":true}]}}