{"id":457802,"date":"2025-06-25T22:41:30","date_gmt":"2025-06-25T20:41:30","guid":{"rendered":"https:\/\/shopatoa.com\/ro\/korika-superfruits-set-de-masti-faciale\/"},"modified":"2025-06-25T22:41:47","modified_gmt":"2025-06-25T20:41:47","slug":"korika-superfruits-set-de-masti-faciale","status":"publish","type":"product","link":"https:\/\/shopatoa.com\/ro\/korika-superfruits-set-de-masti-faciale\/","title":{"rendered":"KORIKA SuperFruits set de m\u0103\u0219ti faciale"},"content":{"rendered":"<p>KORIKA SuperFruits, 7&#215;25 g, M\u0103\u0219ti din p\u00e2nz\u0103 pentru femei, Totul pentru un ten frumos \u00eentr-un singur pachet. Setul de cosmetice KORIKA SuperFruits con\u021bine nu unul, ci mai multe produse, care v\u0103 vor ajuta s\u0103 v\u0103 crea\u021bi sau s\u0103 v\u0103 \u00eembog\u0103\u021bi\u021bi rutina zilnic\u0103 de \u00eengrijire \u0219i s\u0103 v\u0103 oferi\u021bi un moment de bucurie sau s\u0103 oferi\u021bi un cadou celor dragi.  Setul con\u021bine:   KORIKA SuperFruits Pomegranate &#8211; Hydrating Sheet Mask masc\u0103 textil\u0103 hidratant\u0103 25 g  KORIKA SuperFruits Goji Berry &#8211; Anti-aging Sheet Mask Masca faciala cu efect de intinerire 25 g  KORIKA SuperFruits Blueberry &#8211; Detoxifying Sheet Mask masc\u0103 compres\u0103 hidratant\u0103 25 g  KORIKA SuperFruits Dragon Fruit &#8211; Calming Sheet Mask masc\u0103 textil\u0103 calmant\u0103 25 g  KORIKA SuperFruits Avocado &#8211; Nourishing Sheet Mask masc\u0103 textil\u0103 nutritiv\u0103 25 g  KORIKA SuperFruits Acai Berry &#8211; Anti-pollution Sheet Mask masca pentru celule cu efect detoxifiant 25 g  KORIKA SuperFruits Hallabong &#8211; Brightening Sheet Mask masc\u0103 textil\u0103 iluminatoare 25 g   Caracteristici:  hidrateaz\u0103 profund \u0219i hr\u0103ne\u0219te intens \u00eenfrumuse\u021beaz\u0103 aspectul pielii la atingere, pielea devine fin\u0103 ca m\u0103tasea ilumineaz\u0103 \u0219i \u00eemprosp\u0103teaz\u0103 red\u0103 pielii elasticitatea \u0219i sentimentul de confort are efect de calmare regenereaz\u0103 bariera pielii pentru ten deshidratat frumos ambalat\/ambalare cadou aplicare practic\u0103 \u0219i igienic\u0103 foarte potrivit ca un cadou<\/p>\n","protected":false},"excerpt":{"rendered":"<p>KORIKA SuperFruits, 7&#215;25 g, M\u0103\u0219ti din p\u00e2nz\u0103 pentru femei, Totul pentru un ten frumos \u00eentr-un singur pachet. Setul de cosmetice KORIKA SuperFruits con\u021bine nu unul, ci mai multe produse, care v\u0103 vor ajuta s\u0103 v\u0103 crea\u021bi sau s\u0103 v\u0103 \u00eembog\u0103\u021bi\u021bi rutina zilnic\u0103 de \u00eengrijire \u0219i s\u0103 v\u0103 oferi\u021bi un moment de bucurie sau s\u0103 oferi\u021bi&#8230;<\/p>\n","protected":false},"featured_media":457803,"comment_status":"closed","ping_status":"open","template":"","meta":{"_acf_changed":false,"_kadence_starter_templates_imported_post":false,"_kad_post_transparent":"","_kad_post_title":"","_kad_post_layout":"","_kad_post_sidebar_id":"","_kad_post_content_style":"","_kad_post_vertical_padding":"","_kad_post_feature":"","_kad_post_feature_position":"","_kad_post_header":false,"_kad_post_footer":false,"_kad_post_classname":""},"product_brand":[1924],"product_cat":[1564,1563,1565,1614,1562],"product_tag":[],"class_list":{"0":"post-457802","1":"product","2":"type-product","3":"status-publish","4":"has-post-thumbnail","6":"product_brand-korika","7":"product_cat-cosmetice-ingrijire-personala","8":"product_cat-ingrijire-personala","9":"product_cat-ingrijirea-pielii","10":"product_cat-masti-si-peelings-pentru-ten","11":"product_cat-sanatate-si-frumusete","12":"pa_gen-female","13":"pa_marime-7x25-g","15":"first","16":"instock","17":"sale","18":"product-type-external","19":"entry","20":"content-bg","21":"loop-entry"},"acf":[],"yoast_head":"<!-- This site is optimized with the Yoast SEO plugin v27.4 - https:\/\/yoast.com\/product\/yoast-seo-wordpress\/ -->\n<title>KORIKA SuperFruits set de m\u0103\u0219ti faciale - SHOPATOA.COM<\/title>\n<meta name=\"robots\" content=\"index, follow, max-snippet:-1, max-image-preview:large, max-video-preview:-1\" \/>\n<link rel=\"canonical\" href=\"https:\/\/shopatoa.com\/ro\/korika-superfruits-set-de-masti-faciale\/\" \/>\n<meta property=\"og:locale\" content=\"ro_RO\" \/>\n<meta property=\"og:type\" content=\"article\" \/>\n<meta property=\"og:title\" content=\"KORIKA SuperFruits set de m\u0103\u0219ti faciale - SHOPATOA.COM\" \/>\n<meta property=\"og:description\" content=\"KORIKA SuperFruits, 7&#215;25 g, M\u0103\u0219ti din p\u00e2nz\u0103 pentru femei, Totul pentru un ten frumos \u00eentr-un singur pachet. Setul de cosmetice KORIKA SuperFruits con\u021bine nu unul, ci mai multe produse, care v\u0103 vor ajuta s\u0103 v\u0103 crea\u021bi sau s\u0103 v\u0103 \u00eembog\u0103\u021bi\u021bi rutina zilnic\u0103 de \u00eengrijire \u0219i s\u0103 v\u0103 oferi\u021bi un moment de bucurie sau s\u0103 oferi\u021bi...\" \/>\n<meta property=\"og:url\" content=\"https:\/\/shopatoa.com\/ro\/korika-superfruits-set-de-masti-faciale\/\" \/>\n<meta property=\"og:site_name\" content=\"SHOPATOA\" \/>\n<meta property=\"article:modified_time\" content=\"2025-06-25T20:41:47+00:00\" \/>\n<meta property=\"og:image\" content=\"https:\/\/storage.googleapis.com\/cz-shopatoa-img\/ro\/1e51d52d-unnamed-file.webp\" \/>\n\t<meta property=\"og:image:width\" content=\"800\" \/>\n\t<meta property=\"og:image:height\" content=\"800\" \/>\n\t<meta property=\"og:image:type\" content=\"image\/webp\" \/>\n<meta name=\"twitter:card\" content=\"summary_large_image\" \/>\n<meta name=\"twitter:label1\" content=\"Timp estimat pentru citire\" \/>\n\t<meta name=\"twitter:data1\" content=\"1 minut\" \/>\n<script type=\"application\/ld+json\" class=\"yoast-schema-graph\">{\"@context\":\"https:\\\/\\\/schema.org\",\"@graph\":[{\"@type\":\"WebPage\",\"@id\":\"https:\\\/\\\/shopatoa.com\\\/ro\\\/korika-superfruits-set-de-masti-faciale\\\/\",\"url\":\"https:\\\/\\\/shopatoa.com\\\/ro\\\/korika-superfruits-set-de-masti-faciale\\\/\",\"name\":\"KORIKA SuperFruits set de m\u0103\u0219ti faciale - SHOPATOA.COM\",\"isPartOf\":{\"@id\":\"https:\\\/\\\/shopatoa.com\\\/ro\\\/#website\"},\"primaryImageOfPage\":{\"@id\":\"https:\\\/\\\/shopatoa.com\\\/ro\\\/korika-superfruits-set-de-masti-faciale\\\/#primaryimage\"},\"image\":{\"@id\":\"https:\\\/\\\/shopatoa.com\\\/ro\\\/korika-superfruits-set-de-masti-faciale\\\/#primaryimage\"},\"thumbnailUrl\":\"https:\\\/\\\/storage.googleapis.com\\\/cz-shopatoa-img\\\/ro\\\/1e51d52d-unnamed-file.webp\",\"datePublished\":\"2025-06-25T20:41:30+00:00\",\"dateModified\":\"2025-06-25T20:41:47+00:00\",\"breadcrumb\":{\"@id\":\"https:\\\/\\\/shopatoa.com\\\/ro\\\/korika-superfruits-set-de-masti-faciale\\\/#breadcrumb\"},\"inLanguage\":\"ro-RO\",\"potentialAction\":[{\"@type\":\"ReadAction\",\"target\":[\"https:\\\/\\\/shopatoa.com\\\/ro\\\/korika-superfruits-set-de-masti-faciale\\\/\"]}]},{\"@type\":\"ImageObject\",\"inLanguage\":\"ro-RO\",\"@id\":\"https:\\\/\\\/shopatoa.com\\\/ro\\\/korika-superfruits-set-de-masti-faciale\\\/#primaryimage\",\"url\":\"https:\\\/\\\/storage.googleapis.com\\\/cz-shopatoa-img\\\/ro\\\/1e51d52d-unnamed-file.webp\",\"contentUrl\":\"https:\\\/\\\/storage.googleapis.com\\\/cz-shopatoa-img\\\/ro\\\/1e51d52d-unnamed-file.webp\",\"width\":800,\"height\":800},{\"@type\":\"BreadcrumbList\",\"@id\":\"https:\\\/\\\/shopatoa.com\\\/ro\\\/korika-superfruits-set-de-masti-faciale\\\/#breadcrumb\",\"itemListElement\":[{\"@type\":\"ListItem\",\"position\":1,\"name\":\"Dom\u016f\",\"item\":\"https:\\\/\\\/shopatoa.com\\\/ro\\\/\"},{\"@type\":\"ListItem\",\"position\":2,\"name\":\"Shop\",\"item\":\"https:\\\/\\\/shopatoa.com\\\/ro\\\/shop\\\/\"},{\"@type\":\"ListItem\",\"position\":3,\"name\":\"KORIKA SuperFruits set de m\u0103\u0219ti faciale\"}]},{\"@type\":\"WebSite\",\"@id\":\"https:\\\/\\\/shopatoa.com\\\/ro\\\/#website\",\"url\":\"https:\\\/\\\/shopatoa.com\\\/ro\\\/\",\"name\":\"SHOPATOA\",\"description\":\"\",\"publisher\":{\"@id\":\"https:\\\/\\\/shopatoa.com\\\/ro\\\/#organization\"},\"potentialAction\":[{\"@type\":\"SearchAction\",\"target\":{\"@type\":\"EntryPoint\",\"urlTemplate\":\"https:\\\/\\\/shopatoa.com\\\/ro\\\/?s={search_term_string}\"},\"query-input\":{\"@type\":\"PropertyValueSpecification\",\"valueRequired\":true,\"valueName\":\"search_term_string\"}}],\"inLanguage\":\"ro-RO\"},{\"@type\":\"Organization\",\"@id\":\"https:\\\/\\\/shopatoa.com\\\/ro\\\/#organization\",\"name\":\"SHOPATOA\",\"url\":\"https:\\\/\\\/shopatoa.com\\\/ro\\\/\",\"logo\":{\"@type\":\"ImageObject\",\"inLanguage\":\"ro-RO\",\"@id\":\"https:\\\/\\\/shopatoa.com\\\/ro\\\/#\\\/schema\\\/logo\\\/image\\\/\",\"url\":\"https:\\\/\\\/storage.googleapis.com\\\/cz-shopatoa-img\\\/ro\\\/b4dac915-shopatoa_logo.png\",\"contentUrl\":\"https:\\\/\\\/storage.googleapis.com\\\/cz-shopatoa-img\\\/ro\\\/b4dac915-shopatoa_logo.png\",\"width\":416,\"height\":63,\"caption\":\"SHOPATOA\"},\"image\":{\"@id\":\"https:\\\/\\\/shopatoa.com\\\/ro\\\/#\\\/schema\\\/logo\\\/image\\\/\"}}]}<\/script>\n<!-- \/ Yoast SEO plugin. -->","yoast_head_json":{"title":"KORIKA SuperFruits set de m\u0103\u0219ti faciale - SHOPATOA.COM","robots":{"index":"index","follow":"follow","max-snippet":"max-snippet:-1","max-image-preview":"max-image-preview:large","max-video-preview":"max-video-preview:-1"},"canonical":"https:\/\/shopatoa.com\/ro\/korika-superfruits-set-de-masti-faciale\/","og_locale":"ro_RO","og_type":"article","og_title":"KORIKA SuperFruits set de m\u0103\u0219ti faciale - SHOPATOA.COM","og_description":"KORIKA SuperFruits, 7&#215;25 g, M\u0103\u0219ti din p\u00e2nz\u0103 pentru femei, Totul pentru un ten frumos \u00eentr-un singur pachet. Setul de cosmetice KORIKA SuperFruits con\u021bine nu unul, ci mai multe produse, care v\u0103 vor ajuta s\u0103 v\u0103 crea\u021bi sau s\u0103 v\u0103 \u00eembog\u0103\u021bi\u021bi rutina zilnic\u0103 de \u00eengrijire \u0219i s\u0103 v\u0103 oferi\u021bi un moment de bucurie sau s\u0103 oferi\u021bi...","og_url":"https:\/\/shopatoa.com\/ro\/korika-superfruits-set-de-masti-faciale\/","og_site_name":"SHOPATOA","article_modified_time":"2025-06-25T20:41:47+00:00","og_image":[{"width":800,"height":800,"url":"https:\/\/storage.googleapis.com\/cz-shopatoa-img\/ro\/1e51d52d-unnamed-file.webp","type":"image\/webp"}],"twitter_card":"summary_large_image","twitter_misc":{"Timp estimat pentru citire":"1 minut"},"schema":{"@context":"https:\/\/schema.org","@graph":[{"@type":"WebPage","@id":"https:\/\/shopatoa.com\/ro\/korika-superfruits-set-de-masti-faciale\/","url":"https:\/\/shopatoa.com\/ro\/korika-superfruits-set-de-masti-faciale\/","name":"KORIKA SuperFruits set de m\u0103\u0219ti faciale - SHOPATOA.COM","isPartOf":{"@id":"https:\/\/shopatoa.com\/ro\/#website"},"primaryImageOfPage":{"@id":"https:\/\/shopatoa.com\/ro\/korika-superfruits-set-de-masti-faciale\/#primaryimage"},"image":{"@id":"https:\/\/shopatoa.com\/ro\/korika-superfruits-set-de-masti-faciale\/#primaryimage"},"thumbnailUrl":"https:\/\/storage.googleapis.com\/cz-shopatoa-img\/ro\/1e51d52d-unnamed-file.webp","datePublished":"2025-06-25T20:41:30+00:00","dateModified":"2025-06-25T20:41:47+00:00","breadcrumb":{"@id":"https:\/\/shopatoa.com\/ro\/korika-superfruits-set-de-masti-faciale\/#breadcrumb"},"inLanguage":"ro-RO","potentialAction":[{"@type":"ReadAction","target":["https:\/\/shopatoa.com\/ro\/korika-superfruits-set-de-masti-faciale\/"]}]},{"@type":"ImageObject","inLanguage":"ro-RO","@id":"https:\/\/shopatoa.com\/ro\/korika-superfruits-set-de-masti-faciale\/#primaryimage","url":"https:\/\/storage.googleapis.com\/cz-shopatoa-img\/ro\/1e51d52d-unnamed-file.webp","contentUrl":"https:\/\/storage.googleapis.com\/cz-shopatoa-img\/ro\/1e51d52d-unnamed-file.webp","width":800,"height":800},{"@type":"BreadcrumbList","@id":"https:\/\/shopatoa.com\/ro\/korika-superfruits-set-de-masti-faciale\/#breadcrumb","itemListElement":[{"@type":"ListItem","position":1,"name":"Dom\u016f","item":"https:\/\/shopatoa.com\/ro\/"},{"@type":"ListItem","position":2,"name":"Shop","item":"https:\/\/shopatoa.com\/ro\/shop\/"},{"@type":"ListItem","position":3,"name":"KORIKA SuperFruits set de m\u0103\u0219ti faciale"}]},{"@type":"WebSite","@id":"https:\/\/shopatoa.com\/ro\/#website","url":"https:\/\/shopatoa.com\/ro\/","name":"SHOPATOA","description":"","publisher":{"@id":"https:\/\/shopatoa.com\/ro\/#organization"},"potentialAction":[{"@type":"SearchAction","target":{"@type":"EntryPoint","urlTemplate":"https:\/\/shopatoa.com\/ro\/?s={search_term_string}"},"query-input":{"@type":"PropertyValueSpecification","valueRequired":true,"valueName":"search_term_string"}}],"inLanguage":"ro-RO"},{"@type":"Organization","@id":"https:\/\/shopatoa.com\/ro\/#organization","name":"SHOPATOA","url":"https:\/\/shopatoa.com\/ro\/","logo":{"@type":"ImageObject","inLanguage":"ro-RO","@id":"https:\/\/shopatoa.com\/ro\/#\/schema\/logo\/image\/","url":"https:\/\/storage.googleapis.com\/cz-shopatoa-img\/ro\/b4dac915-shopatoa_logo.png","contentUrl":"https:\/\/storage.googleapis.com\/cz-shopatoa-img\/ro\/b4dac915-shopatoa_logo.png","width":416,"height":63,"caption":"SHOPATOA"},"image":{"@id":"https:\/\/shopatoa.com\/ro\/#\/schema\/logo\/image\/"}}]}},"_links":{"self":[{"href":"https:\/\/shopatoa.com\/ro\/wp-json\/wp\/v2\/product\/457802","targetHints":{"allow":["GET"]}}],"collection":[{"href":"https:\/\/shopatoa.com\/ro\/wp-json\/wp\/v2\/product"}],"about":[{"href":"https:\/\/shopatoa.com\/ro\/wp-json\/wp\/v2\/types\/product"}],"replies":[{"embeddable":true,"href":"https:\/\/shopatoa.com\/ro\/wp-json\/wp\/v2\/comments?post=457802"}],"wp:featuredmedia":[{"embeddable":true,"href":"https:\/\/shopatoa.com\/ro\/wp-json\/wp\/v2\/media\/457803"}],"wp:attachment":[{"href":"https:\/\/shopatoa.com\/ro\/wp-json\/wp\/v2\/media?parent=457802"}],"wp:term":[{"taxonomy":"product_brand","embeddable":true,"href":"https:\/\/shopatoa.com\/ro\/wp-json\/wp\/v2\/product_brand?post=457802"},{"taxonomy":"product_cat","embeddable":true,"href":"https:\/\/shopatoa.com\/ro\/wp-json\/wp\/v2\/product_cat?post=457802"},{"taxonomy":"product_tag","embeddable":true,"href":"https:\/\/shopatoa.com\/ro\/wp-json\/wp\/v2\/product_tag?post=457802"}],"curies":[{"name":"wp","href":"https:\/\/api.w.org\/{rel}","templated":true}]}}