{"id":458006,"date":"2025-06-25T23:09:45","date_gmt":"2025-06-25T21:09:45","guid":{"rendered":"https:\/\/shopatoa.com\/ro\/stenders-nordic-jasmine-verbena-ingredient-pentru-baie-500-g\/"},"modified":"2025-06-25T23:10:24","modified_gmt":"2025-06-25T21:10:24","slug":"stenders-nordic-jasmine-verbena-ingredient-pentru-baie-500-g","status":"publish","type":"product","link":"https:\/\/shopatoa.com\/ro\/stenders-nordic-jasmine-verbena-ingredient-pentru-baie-500-g\/","title":{"rendered":"STENDERS Nordic Jasmine &#038; Verbena ingredient pentru baie 500 g"},"content":{"rendered":"<p>STENDERS Nordic Jasmine &#038; Verbena, 500 g, Sare de baie pentru femei, V\u0103 plac b\u0103ile lungi \u00eentr-o cad\u0103 plin\u0103 cu ap\u0103 fierbinte? Sarea de baie STENDERS Nordic Jasmine &#038; Verbena v\u0103 va \u00eembun\u0103t\u0103\u021bi ritualul preferat de relaxare \u0219i \u00eel va duce la un nou nivel. V\u0103 va permite s\u0103 crea\u021bi acas\u0103 o baie de sare, care nu numai c\u0103 v\u0103 va ajuta s\u0103 sc\u0103pa\u021bi de stres, ci \u0219i de tensiune \u0219i s\u0103 crea\u021bi o atmosfer\u0103 pl\u0103cut\u0103. \u00cen plus, detensioneaz\u0103 \u0219i sistemul musculo-scheletic, va aduce alinare mu\u0219chilor obosi\u021bi sau \u00eencorda\u021bi, favoriz\u00e2nd regenerarea organismului. Sarea este bogat\u0103 \u00een minerale naturale, av\u00e2nd astfel un efect regenerator \u0219i contribuind la ameliorarea problemelor cutanate.  Caracteristici:  catifeleaz\u0103 \u0219i \u00eenmoaie pielea \u00eembun\u0103t\u0103\u021be\u0219te metabolismul pielii miroase pl\u0103cut are efect relaxant las\u0103 o senza\u021bie r\u0103coritoare are un efect relaxant asupra sistemului musculo-scheletic al corpului  Cum se utilizeaz\u0103: Se toarn\u0103 \u00een baia cald\u0103 \u0219i se las\u0103 s\u0103 se dizolve.<\/p>\n","protected":false},"excerpt":{"rendered":"<p>STENDERS Nordic Jasmine &#038; Verbena, 500 g, Sare de baie pentru femei, V\u0103 plac b\u0103ile lungi \u00eentr-o cad\u0103 plin\u0103 cu ap\u0103 fierbinte? Sarea de baie STENDERS Nordic Jasmine &#038; Verbena v\u0103 va \u00eembun\u0103t\u0103\u021bi ritualul preferat de relaxare \u0219i \u00eel va duce la un nou nivel. V\u0103 va permite s\u0103 crea\u021bi acas\u0103 o baie de sare,&#8230;<\/p>\n","protected":false},"featured_media":458007,"comment_status":"closed","ping_status":"open","template":"","meta":{"_acf_changed":false,"_kadence_starter_templates_imported_post":false,"_kad_post_transparent":"","_kad_post_title":"","_kad_post_layout":"","_kad_post_sidebar_id":"","_kad_post_content_style":"","_kad_post_vertical_padding":"","_kad_post_feature":"","_kad_post_feature_position":"","_kad_post_header":false,"_kad_post_footer":false,"_kad_post_classname":""},"product_brand":[1914],"product_cat":[1630,1570,1564,1563,1562],"product_tag":[],"class_list":{"0":"post-458006","1":"product","2":"type-product","3":"status-publish","4":"has-post-thumbnail","6":"product_brand-stenders","7":"product_cat-aditivi-de-baie","8":"product_cat-baie-si-corp","9":"product_cat-cosmetice-ingrijire-personala","10":"product_cat-ingrijire-personala","11":"product_cat-sanatate-si-frumusete","12":"pa_gen-female","13":"pa_marime-500-g","15":"first","16":"instock","17":"sale","18":"product-type-external","19":"entry","20":"content-bg","21":"loop-entry"},"acf":[],"yoast_head":"<!-- This site is optimized with the Yoast SEO plugin v27.4 - https:\/\/yoast.com\/product\/yoast-seo-wordpress\/ -->\n<title>STENDERS Nordic Jasmine &amp; Verbena ingredient pentru baie 500 g - SHOPATOA.COM<\/title>\n<meta name=\"robots\" content=\"index, follow, max-snippet:-1, max-image-preview:large, max-video-preview:-1\" \/>\n<link rel=\"canonical\" href=\"https:\/\/shopatoa.com\/ro\/stenders-nordic-jasmine-verbena-ingredient-pentru-baie-500-g\/\" \/>\n<meta property=\"og:locale\" content=\"ro_RO\" \/>\n<meta property=\"og:type\" content=\"article\" \/>\n<meta property=\"og:title\" content=\"STENDERS Nordic Jasmine &amp; Verbena ingredient pentru baie 500 g - SHOPATOA.COM\" \/>\n<meta property=\"og:description\" content=\"STENDERS Nordic Jasmine &#038; Verbena, 500 g, Sare de baie pentru femei, V\u0103 plac b\u0103ile lungi \u00eentr-o cad\u0103 plin\u0103 cu ap\u0103 fierbinte? Sarea de baie STENDERS Nordic Jasmine &#038; Verbena v\u0103 va \u00eembun\u0103t\u0103\u021bi ritualul preferat de relaxare \u0219i \u00eel va duce la un nou nivel. V\u0103 va permite s\u0103 crea\u021bi acas\u0103 o baie de sare,...\" \/>\n<meta property=\"og:url\" content=\"https:\/\/shopatoa.com\/ro\/stenders-nordic-jasmine-verbena-ingredient-pentru-baie-500-g\/\" \/>\n<meta property=\"og:site_name\" content=\"SHOPATOA\" \/>\n<meta property=\"article:modified_time\" content=\"2025-06-25T21:10:24+00:00\" \/>\n<meta property=\"og:image\" content=\"https:\/\/storage.googleapis.com\/cz-shopatoa-img\/ro\/f81bb4dc-unnamed-file.webp\" \/>\n\t<meta property=\"og:image:width\" content=\"800\" \/>\n\t<meta property=\"og:image:height\" content=\"800\" \/>\n\t<meta property=\"og:image:type\" content=\"image\/webp\" \/>\n<meta name=\"twitter:card\" content=\"summary_large_image\" \/>\n<meta name=\"twitter:label1\" content=\"Timp estimat pentru citire\" \/>\n\t<meta name=\"twitter:data1\" content=\"1 minut\" \/>\n<script type=\"application\/ld+json\" class=\"yoast-schema-graph\">{\"@context\":\"https:\\\/\\\/schema.org\",\"@graph\":[{\"@type\":\"WebPage\",\"@id\":\"https:\\\/\\\/shopatoa.com\\\/ro\\\/stenders-nordic-jasmine-verbena-ingredient-pentru-baie-500-g\\\/\",\"url\":\"https:\\\/\\\/shopatoa.com\\\/ro\\\/stenders-nordic-jasmine-verbena-ingredient-pentru-baie-500-g\\\/\",\"name\":\"STENDERS Nordic Jasmine & Verbena ingredient pentru baie 500 g - SHOPATOA.COM\",\"isPartOf\":{\"@id\":\"https:\\\/\\\/shopatoa.com\\\/ro\\\/#website\"},\"primaryImageOfPage\":{\"@id\":\"https:\\\/\\\/shopatoa.com\\\/ro\\\/stenders-nordic-jasmine-verbena-ingredient-pentru-baie-500-g\\\/#primaryimage\"},\"image\":{\"@id\":\"https:\\\/\\\/shopatoa.com\\\/ro\\\/stenders-nordic-jasmine-verbena-ingredient-pentru-baie-500-g\\\/#primaryimage\"},\"thumbnailUrl\":\"https:\\\/\\\/storage.googleapis.com\\\/cz-shopatoa-img\\\/ro\\\/f81bb4dc-unnamed-file.webp\",\"datePublished\":\"2025-06-25T21:09:45+00:00\",\"dateModified\":\"2025-06-25T21:10:24+00:00\",\"breadcrumb\":{\"@id\":\"https:\\\/\\\/shopatoa.com\\\/ro\\\/stenders-nordic-jasmine-verbena-ingredient-pentru-baie-500-g\\\/#breadcrumb\"},\"inLanguage\":\"ro-RO\",\"potentialAction\":[{\"@type\":\"ReadAction\",\"target\":[\"https:\\\/\\\/shopatoa.com\\\/ro\\\/stenders-nordic-jasmine-verbena-ingredient-pentru-baie-500-g\\\/\"]}]},{\"@type\":\"ImageObject\",\"inLanguage\":\"ro-RO\",\"@id\":\"https:\\\/\\\/shopatoa.com\\\/ro\\\/stenders-nordic-jasmine-verbena-ingredient-pentru-baie-500-g\\\/#primaryimage\",\"url\":\"https:\\\/\\\/storage.googleapis.com\\\/cz-shopatoa-img\\\/ro\\\/f81bb4dc-unnamed-file.webp\",\"contentUrl\":\"https:\\\/\\\/storage.googleapis.com\\\/cz-shopatoa-img\\\/ro\\\/f81bb4dc-unnamed-file.webp\",\"width\":800,\"height\":800},{\"@type\":\"BreadcrumbList\",\"@id\":\"https:\\\/\\\/shopatoa.com\\\/ro\\\/stenders-nordic-jasmine-verbena-ingredient-pentru-baie-500-g\\\/#breadcrumb\",\"itemListElement\":[{\"@type\":\"ListItem\",\"position\":1,\"name\":\"Dom\u016f\",\"item\":\"https:\\\/\\\/shopatoa.com\\\/ro\\\/\"},{\"@type\":\"ListItem\",\"position\":2,\"name\":\"Shop\",\"item\":\"https:\\\/\\\/shopatoa.com\\\/ro\\\/shop\\\/\"},{\"@type\":\"ListItem\",\"position\":3,\"name\":\"STENDERS Nordic Jasmine &#038; Verbena ingredient pentru baie 500 g\"}]},{\"@type\":\"WebSite\",\"@id\":\"https:\\\/\\\/shopatoa.com\\\/ro\\\/#website\",\"url\":\"https:\\\/\\\/shopatoa.com\\\/ro\\\/\",\"name\":\"SHOPATOA\",\"description\":\"\",\"publisher\":{\"@id\":\"https:\\\/\\\/shopatoa.com\\\/ro\\\/#organization\"},\"potentialAction\":[{\"@type\":\"SearchAction\",\"target\":{\"@type\":\"EntryPoint\",\"urlTemplate\":\"https:\\\/\\\/shopatoa.com\\\/ro\\\/?s={search_term_string}\"},\"query-input\":{\"@type\":\"PropertyValueSpecification\",\"valueRequired\":true,\"valueName\":\"search_term_string\"}}],\"inLanguage\":\"ro-RO\"},{\"@type\":\"Organization\",\"@id\":\"https:\\\/\\\/shopatoa.com\\\/ro\\\/#organization\",\"name\":\"SHOPATOA\",\"url\":\"https:\\\/\\\/shopatoa.com\\\/ro\\\/\",\"logo\":{\"@type\":\"ImageObject\",\"inLanguage\":\"ro-RO\",\"@id\":\"https:\\\/\\\/shopatoa.com\\\/ro\\\/#\\\/schema\\\/logo\\\/image\\\/\",\"url\":\"https:\\\/\\\/storage.googleapis.com\\\/cz-shopatoa-img\\\/ro\\\/b4dac915-shopatoa_logo.png\",\"contentUrl\":\"https:\\\/\\\/storage.googleapis.com\\\/cz-shopatoa-img\\\/ro\\\/b4dac915-shopatoa_logo.png\",\"width\":416,\"height\":63,\"caption\":\"SHOPATOA\"},\"image\":{\"@id\":\"https:\\\/\\\/shopatoa.com\\\/ro\\\/#\\\/schema\\\/logo\\\/image\\\/\"}}]}<\/script>\n<!-- \/ Yoast SEO plugin. -->","yoast_head_json":{"title":"STENDERS Nordic Jasmine & Verbena ingredient pentru baie 500 g - SHOPATOA.COM","robots":{"index":"index","follow":"follow","max-snippet":"max-snippet:-1","max-image-preview":"max-image-preview:large","max-video-preview":"max-video-preview:-1"},"canonical":"https:\/\/shopatoa.com\/ro\/stenders-nordic-jasmine-verbena-ingredient-pentru-baie-500-g\/","og_locale":"ro_RO","og_type":"article","og_title":"STENDERS Nordic Jasmine & Verbena ingredient pentru baie 500 g - SHOPATOA.COM","og_description":"STENDERS Nordic Jasmine &#038; Verbena, 500 g, Sare de baie pentru femei, V\u0103 plac b\u0103ile lungi \u00eentr-o cad\u0103 plin\u0103 cu ap\u0103 fierbinte? Sarea de baie STENDERS Nordic Jasmine &#038; Verbena v\u0103 va \u00eembun\u0103t\u0103\u021bi ritualul preferat de relaxare \u0219i \u00eel va duce la un nou nivel. V\u0103 va permite s\u0103 crea\u021bi acas\u0103 o baie de sare,...","og_url":"https:\/\/shopatoa.com\/ro\/stenders-nordic-jasmine-verbena-ingredient-pentru-baie-500-g\/","og_site_name":"SHOPATOA","article_modified_time":"2025-06-25T21:10:24+00:00","og_image":[{"width":800,"height":800,"url":"https:\/\/storage.googleapis.com\/cz-shopatoa-img\/ro\/f81bb4dc-unnamed-file.webp","type":"image\/webp"}],"twitter_card":"summary_large_image","twitter_misc":{"Timp estimat pentru citire":"1 minut"},"schema":{"@context":"https:\/\/schema.org","@graph":[{"@type":"WebPage","@id":"https:\/\/shopatoa.com\/ro\/stenders-nordic-jasmine-verbena-ingredient-pentru-baie-500-g\/","url":"https:\/\/shopatoa.com\/ro\/stenders-nordic-jasmine-verbena-ingredient-pentru-baie-500-g\/","name":"STENDERS Nordic Jasmine & Verbena ingredient pentru baie 500 g - SHOPATOA.COM","isPartOf":{"@id":"https:\/\/shopatoa.com\/ro\/#website"},"primaryImageOfPage":{"@id":"https:\/\/shopatoa.com\/ro\/stenders-nordic-jasmine-verbena-ingredient-pentru-baie-500-g\/#primaryimage"},"image":{"@id":"https:\/\/shopatoa.com\/ro\/stenders-nordic-jasmine-verbena-ingredient-pentru-baie-500-g\/#primaryimage"},"thumbnailUrl":"https:\/\/storage.googleapis.com\/cz-shopatoa-img\/ro\/f81bb4dc-unnamed-file.webp","datePublished":"2025-06-25T21:09:45+00:00","dateModified":"2025-06-25T21:10:24+00:00","breadcrumb":{"@id":"https:\/\/shopatoa.com\/ro\/stenders-nordic-jasmine-verbena-ingredient-pentru-baie-500-g\/#breadcrumb"},"inLanguage":"ro-RO","potentialAction":[{"@type":"ReadAction","target":["https:\/\/shopatoa.com\/ro\/stenders-nordic-jasmine-verbena-ingredient-pentru-baie-500-g\/"]}]},{"@type":"ImageObject","inLanguage":"ro-RO","@id":"https:\/\/shopatoa.com\/ro\/stenders-nordic-jasmine-verbena-ingredient-pentru-baie-500-g\/#primaryimage","url":"https:\/\/storage.googleapis.com\/cz-shopatoa-img\/ro\/f81bb4dc-unnamed-file.webp","contentUrl":"https:\/\/storage.googleapis.com\/cz-shopatoa-img\/ro\/f81bb4dc-unnamed-file.webp","width":800,"height":800},{"@type":"BreadcrumbList","@id":"https:\/\/shopatoa.com\/ro\/stenders-nordic-jasmine-verbena-ingredient-pentru-baie-500-g\/#breadcrumb","itemListElement":[{"@type":"ListItem","position":1,"name":"Dom\u016f","item":"https:\/\/shopatoa.com\/ro\/"},{"@type":"ListItem","position":2,"name":"Shop","item":"https:\/\/shopatoa.com\/ro\/shop\/"},{"@type":"ListItem","position":3,"name":"STENDERS Nordic Jasmine &#038; Verbena ingredient pentru baie 500 g"}]},{"@type":"WebSite","@id":"https:\/\/shopatoa.com\/ro\/#website","url":"https:\/\/shopatoa.com\/ro\/","name":"SHOPATOA","description":"","publisher":{"@id":"https:\/\/shopatoa.com\/ro\/#organization"},"potentialAction":[{"@type":"SearchAction","target":{"@type":"EntryPoint","urlTemplate":"https:\/\/shopatoa.com\/ro\/?s={search_term_string}"},"query-input":{"@type":"PropertyValueSpecification","valueRequired":true,"valueName":"search_term_string"}}],"inLanguage":"ro-RO"},{"@type":"Organization","@id":"https:\/\/shopatoa.com\/ro\/#organization","name":"SHOPATOA","url":"https:\/\/shopatoa.com\/ro\/","logo":{"@type":"ImageObject","inLanguage":"ro-RO","@id":"https:\/\/shopatoa.com\/ro\/#\/schema\/logo\/image\/","url":"https:\/\/storage.googleapis.com\/cz-shopatoa-img\/ro\/b4dac915-shopatoa_logo.png","contentUrl":"https:\/\/storage.googleapis.com\/cz-shopatoa-img\/ro\/b4dac915-shopatoa_logo.png","width":416,"height":63,"caption":"SHOPATOA"},"image":{"@id":"https:\/\/shopatoa.com\/ro\/#\/schema\/logo\/image\/"}}]}},"_links":{"self":[{"href":"https:\/\/shopatoa.com\/ro\/wp-json\/wp\/v2\/product\/458006","targetHints":{"allow":["GET"]}}],"collection":[{"href":"https:\/\/shopatoa.com\/ro\/wp-json\/wp\/v2\/product"}],"about":[{"href":"https:\/\/shopatoa.com\/ro\/wp-json\/wp\/v2\/types\/product"}],"replies":[{"embeddable":true,"href":"https:\/\/shopatoa.com\/ro\/wp-json\/wp\/v2\/comments?post=458006"}],"wp:featuredmedia":[{"embeddable":true,"href":"https:\/\/shopatoa.com\/ro\/wp-json\/wp\/v2\/media\/458007"}],"wp:attachment":[{"href":"https:\/\/shopatoa.com\/ro\/wp-json\/wp\/v2\/media?parent=458006"}],"wp:term":[{"taxonomy":"product_brand","embeddable":true,"href":"https:\/\/shopatoa.com\/ro\/wp-json\/wp\/v2\/product_brand?post=458006"},{"taxonomy":"product_cat","embeddable":true,"href":"https:\/\/shopatoa.com\/ro\/wp-json\/wp\/v2\/product_cat?post=458006"},{"taxonomy":"product_tag","embeddable":true,"href":"https:\/\/shopatoa.com\/ro\/wp-json\/wp\/v2\/product_tag?post=458006"}],"curies":[{"name":"wp","href":"https:\/\/api.w.org\/{rel}","templated":true}]}}