{"id":458104,"date":"2025-06-25T23:18:42","date_gmt":"2025-06-25T21:18:42","guid":{"rendered":"https:\/\/shopatoa.com\/ro\/cerave-refill-foaming-cleanser-gel-spumant-de-curatare-pentru-piele-normala-si-grasa-refil-473-ml\/"},"modified":"2026-02-04T02:49:10","modified_gmt":"2026-02-04T01:49:10","slug":"cerave-refill-foaming-cleanser-gel-spumant-de-curatare-pentru-piele-normala-si-grasa-refil-473-ml","status":"publish","type":"product","link":"https:\/\/shopatoa.com\/ro\/cerave-refill-foaming-cleanser-gel-spumant-de-curatare-pentru-piele-normala-si-grasa-refil-473-ml\/","title":{"rendered":"CeraVe Refill Foaming Cleanser gel spumant de curatare pentru piele normala si grasa Refil 473 ml"},"content":{"rendered":"<p>CeraVe Refill Foaming Cleanser, 473 ml, Cur\u0103\u021barea pielii pentru femei, \u00cenainte de a \u00eencepe rutina obi\u0219nuit\u0103 de \u00eengrijire, este foarte important s\u0103 v\u0103 preg\u0103ti\u021bi tenul printr-o cur\u0103\u021bare temeinic\u0103 \u2013 f\u0103r\u0103 aceasta, \u00eengrijirea urm\u0103toare nu va fi la fel de eficient\u0103. Produsul de cur\u0103\u021bare a tenului CeraVe Refill ajut\u0103 la \u00eendep\u0103rtarea tuturor impurit\u0103\u021bilor acumulate pe ten \u0219i \u00een pori pe parcursul zilei sau peste noapte, l\u0103s\u00e2nd fa\u021ba perfect curat\u0103 \u0219i preg\u0103tit\u0103 pentru orice alt\u0103 \u00eengrijire.  Caracteristici:  spal\u0103 u\u0219or \u0219i temeinic \u00eentreaga fa\u021b\u0103 poate fi folosit \u0219i la un ten sensibil hidrateaz\u0103 \u00een profunzime regleaz\u0103 produc\u021bia de sebum ac\u021bioneaz\u0103 \u00eempotriva imperfec\u021biunilor regenereaz\u0103 bariera pielii nu astup\u0103 porii  Ingrediente:  nu con\u021bine parfum testat dermatologic  Cum se utilizeaz\u0103: Aplica\u021bi pe tenul umed \u0219i spuma\u021bi. Apoi se limpeze\u0219te bine cu ap\u0103.<\/p>\n","protected":false},"excerpt":{"rendered":"<p>CeraVe Refill Foaming Cleanser, 473 ml, Cur\u0103\u021barea pielii pentru femei, \u00cenainte de a \u00eencepe rutina obi\u0219nuit\u0103 de \u00eengrijire, este foarte important s\u0103 v\u0103 preg\u0103ti\u021bi tenul printr-o cur\u0103\u021bare temeinic\u0103 \u2013 f\u0103r\u0103 aceasta, \u00eengrijirea urm\u0103toare nu va fi la fel de eficient\u0103. Produsul de cur\u0103\u021bare a tenului CeraVe Refill ajut\u0103 la \u00eendep\u0103rtarea tuturor impurit\u0103\u021bilor acumulate pe ten&#8230;<\/p>\n","protected":false},"featured_media":458105,"comment_status":"closed","ping_status":"open","template":"","meta":{"_acf_changed":false,"_kadence_starter_templates_imported_post":false,"_kad_post_transparent":"","_kad_post_title":"","_kad_post_layout":"","_kad_post_sidebar_id":"","_kad_post_content_style":"","_kad_post_vertical_padding":"","_kad_post_feature":"","_kad_post_feature_position":"","_kad_post_header":false,"_kad_post_footer":false,"_kad_post_classname":""},"product_brand":[139],"product_cat":[1570,1564,1571,1563,1562],"product_tag":[],"class_list":{"0":"post-458104","1":"product","2":"type-product","3":"status-publish","4":"has-post-thumbnail","6":"product_brand-cerave","7":"product_cat-baie-si-corp","8":"product_cat-cosmetice-ingrijire-personala","9":"product_cat-gel-de-dus","10":"product_cat-ingrijire-personala","11":"product_cat-sanatate-si-frumusete","12":"pa_gen-female","13":"pa_marime-473-ml","15":"first","16":"instock","17":"product-type-external","18":"entry","19":"content-bg","20":"loop-entry"},"acf":[],"yoast_head":"<!-- This site is optimized with the Yoast SEO plugin v27.4 - https:\/\/yoast.com\/product\/yoast-seo-wordpress\/ -->\n<title>CeraVe Refill Foaming Cleanser gel spumant de curatare pentru piele normala si grasa Refil 473 ml - SHOPATOA.COM<\/title>\n<meta name=\"robots\" content=\"index, follow, max-snippet:-1, max-image-preview:large, max-video-preview:-1\" \/>\n<link rel=\"canonical\" href=\"https:\/\/shopatoa.com\/ro\/cerave-refill-foaming-cleanser-gel-spumant-de-curatare-pentru-piele-normala-si-grasa-refil-473-ml\/\" \/>\n<meta property=\"og:locale\" content=\"ro_RO\" \/>\n<meta property=\"og:type\" content=\"article\" \/>\n<meta property=\"og:title\" content=\"CeraVe Refill Foaming Cleanser gel spumant de curatare pentru piele normala si grasa Refil 473 ml - SHOPATOA.COM\" \/>\n<meta property=\"og:description\" content=\"CeraVe Refill Foaming Cleanser, 473 ml, Cur\u0103\u021barea pielii pentru femei, \u00cenainte de a \u00eencepe rutina obi\u0219nuit\u0103 de \u00eengrijire, este foarte important s\u0103 v\u0103 preg\u0103ti\u021bi tenul printr-o cur\u0103\u021bare temeinic\u0103 \u2013 f\u0103r\u0103 aceasta, \u00eengrijirea urm\u0103toare nu va fi la fel de eficient\u0103. Produsul de cur\u0103\u021bare a tenului CeraVe Refill ajut\u0103 la \u00eendep\u0103rtarea tuturor impurit\u0103\u021bilor acumulate pe ten...\" \/>\n<meta property=\"og:url\" content=\"https:\/\/shopatoa.com\/ro\/cerave-refill-foaming-cleanser-gel-spumant-de-curatare-pentru-piele-normala-si-grasa-refil-473-ml\/\" \/>\n<meta property=\"og:site_name\" content=\"SHOPATOA\" \/>\n<meta property=\"article:modified_time\" content=\"2026-02-04T01:49:10+00:00\" \/>\n<meta property=\"og:image\" content=\"https:\/\/storage.googleapis.com\/cz-shopatoa-img\/ro\/1bb1a303-unnamed-file.webp\" \/>\n\t<meta property=\"og:image:width\" content=\"800\" \/>\n\t<meta property=\"og:image:height\" content=\"800\" \/>\n\t<meta property=\"og:image:type\" content=\"image\/webp\" \/>\n<meta name=\"twitter:card\" content=\"summary_large_image\" \/>\n<meta name=\"twitter:label1\" content=\"Timp estimat pentru citire\" \/>\n\t<meta name=\"twitter:data1\" content=\"1 minut\" \/>\n<script type=\"application\/ld+json\" class=\"yoast-schema-graph\">{\"@context\":\"https:\\\/\\\/schema.org\",\"@graph\":[{\"@type\":\"WebPage\",\"@id\":\"https:\\\/\\\/shopatoa.com\\\/ro\\\/cerave-refill-foaming-cleanser-gel-spumant-de-curatare-pentru-piele-normala-si-grasa-refil-473-ml\\\/\",\"url\":\"https:\\\/\\\/shopatoa.com\\\/ro\\\/cerave-refill-foaming-cleanser-gel-spumant-de-curatare-pentru-piele-normala-si-grasa-refil-473-ml\\\/\",\"name\":\"CeraVe Refill Foaming Cleanser gel spumant de curatare pentru piele normala si grasa Refil 473 ml - SHOPATOA.COM\",\"isPartOf\":{\"@id\":\"https:\\\/\\\/shopatoa.com\\\/ro\\\/#website\"},\"primaryImageOfPage\":{\"@id\":\"https:\\\/\\\/shopatoa.com\\\/ro\\\/cerave-refill-foaming-cleanser-gel-spumant-de-curatare-pentru-piele-normala-si-grasa-refil-473-ml\\\/#primaryimage\"},\"image\":{\"@id\":\"https:\\\/\\\/shopatoa.com\\\/ro\\\/cerave-refill-foaming-cleanser-gel-spumant-de-curatare-pentru-piele-normala-si-grasa-refil-473-ml\\\/#primaryimage\"},\"thumbnailUrl\":\"https:\\\/\\\/storage.googleapis.com\\\/cz-shopatoa-img\\\/ro\\\/1bb1a303-unnamed-file.webp\",\"datePublished\":\"2025-06-25T21:18:42+00:00\",\"dateModified\":\"2026-02-04T01:49:10+00:00\",\"breadcrumb\":{\"@id\":\"https:\\\/\\\/shopatoa.com\\\/ro\\\/cerave-refill-foaming-cleanser-gel-spumant-de-curatare-pentru-piele-normala-si-grasa-refil-473-ml\\\/#breadcrumb\"},\"inLanguage\":\"ro-RO\",\"potentialAction\":[{\"@type\":\"ReadAction\",\"target\":[\"https:\\\/\\\/shopatoa.com\\\/ro\\\/cerave-refill-foaming-cleanser-gel-spumant-de-curatare-pentru-piele-normala-si-grasa-refil-473-ml\\\/\"]}]},{\"@type\":\"ImageObject\",\"inLanguage\":\"ro-RO\",\"@id\":\"https:\\\/\\\/shopatoa.com\\\/ro\\\/cerave-refill-foaming-cleanser-gel-spumant-de-curatare-pentru-piele-normala-si-grasa-refil-473-ml\\\/#primaryimage\",\"url\":\"https:\\\/\\\/storage.googleapis.com\\\/cz-shopatoa-img\\\/ro\\\/1bb1a303-unnamed-file.webp\",\"contentUrl\":\"https:\\\/\\\/storage.googleapis.com\\\/cz-shopatoa-img\\\/ro\\\/1bb1a303-unnamed-file.webp\",\"width\":800,\"height\":800},{\"@type\":\"BreadcrumbList\",\"@id\":\"https:\\\/\\\/shopatoa.com\\\/ro\\\/cerave-refill-foaming-cleanser-gel-spumant-de-curatare-pentru-piele-normala-si-grasa-refil-473-ml\\\/#breadcrumb\",\"itemListElement\":[{\"@type\":\"ListItem\",\"position\":1,\"name\":\"Dom\u016f\",\"item\":\"https:\\\/\\\/shopatoa.com\\\/ro\\\/\"},{\"@type\":\"ListItem\",\"position\":2,\"name\":\"Shop\",\"item\":\"https:\\\/\\\/shopatoa.com\\\/ro\\\/shop\\\/\"},{\"@type\":\"ListItem\",\"position\":3,\"name\":\"S\u0103n\u0103tate \u0219i frumuse\u021be\",\"item\":\"https:\\\/\\\/shopatoa.com\\\/ro\\\/sanatate-si-frumusete\\\/\"},{\"@type\":\"ListItem\",\"position\":4,\"name\":\"\u00cengrijire personal\u0103\",\"item\":\"https:\\\/\\\/shopatoa.com\\\/ro\\\/ingrijire-personala\\\/\"},{\"@type\":\"ListItem\",\"position\":5,\"name\":\"Cosmetice\",\"item\":\"https:\\\/\\\/shopatoa.com\\\/ro\\\/cosmetice-ingrijire-personala\\\/\"},{\"@type\":\"ListItem\",\"position\":6,\"name\":\"Baie \u0219i corp\",\"item\":\"https:\\\/\\\/shopatoa.com\\\/ro\\\/baie-si-corp\\\/\"},{\"@type\":\"ListItem\",\"position\":7,\"name\":\"Gel de du\u0219\",\"item\":\"https:\\\/\\\/shopatoa.com\\\/ro\\\/gel-de-dus\\\/\"},{\"@type\":\"ListItem\",\"position\":8,\"name\":\"CeraVe Refill Foaming Cleanser gel spumant de curatare pentru piele normala si grasa Refil 473 ml\"}]},{\"@type\":\"WebSite\",\"@id\":\"https:\\\/\\\/shopatoa.com\\\/ro\\\/#website\",\"url\":\"https:\\\/\\\/shopatoa.com\\\/ro\\\/\",\"name\":\"SHOPATOA\",\"description\":\"\",\"publisher\":{\"@id\":\"https:\\\/\\\/shopatoa.com\\\/ro\\\/#organization\"},\"potentialAction\":[{\"@type\":\"SearchAction\",\"target\":{\"@type\":\"EntryPoint\",\"urlTemplate\":\"https:\\\/\\\/shopatoa.com\\\/ro\\\/?s={search_term_string}\"},\"query-input\":{\"@type\":\"PropertyValueSpecification\",\"valueRequired\":true,\"valueName\":\"search_term_string\"}}],\"inLanguage\":\"ro-RO\"},{\"@type\":\"Organization\",\"@id\":\"https:\\\/\\\/shopatoa.com\\\/ro\\\/#organization\",\"name\":\"SHOPATOA\",\"url\":\"https:\\\/\\\/shopatoa.com\\\/ro\\\/\",\"logo\":{\"@type\":\"ImageObject\",\"inLanguage\":\"ro-RO\",\"@id\":\"https:\\\/\\\/shopatoa.com\\\/ro\\\/#\\\/schema\\\/logo\\\/image\\\/\",\"url\":\"https:\\\/\\\/storage.googleapis.com\\\/cz-shopatoa-img\\\/ro\\\/b4dac915-shopatoa_logo.png\",\"contentUrl\":\"https:\\\/\\\/storage.googleapis.com\\\/cz-shopatoa-img\\\/ro\\\/b4dac915-shopatoa_logo.png\",\"width\":416,\"height\":63,\"caption\":\"SHOPATOA\"},\"image\":{\"@id\":\"https:\\\/\\\/shopatoa.com\\\/ro\\\/#\\\/schema\\\/logo\\\/image\\\/\"}}]}<\/script>\n<!-- \/ Yoast SEO plugin. -->","yoast_head_json":{"title":"CeraVe Refill Foaming Cleanser gel spumant de curatare pentru piele normala si grasa Refil 473 ml - SHOPATOA.COM","robots":{"index":"index","follow":"follow","max-snippet":"max-snippet:-1","max-image-preview":"max-image-preview:large","max-video-preview":"max-video-preview:-1"},"canonical":"https:\/\/shopatoa.com\/ro\/cerave-refill-foaming-cleanser-gel-spumant-de-curatare-pentru-piele-normala-si-grasa-refil-473-ml\/","og_locale":"ro_RO","og_type":"article","og_title":"CeraVe Refill Foaming Cleanser gel spumant de curatare pentru piele normala si grasa Refil 473 ml - SHOPATOA.COM","og_description":"CeraVe Refill Foaming Cleanser, 473 ml, Cur\u0103\u021barea pielii pentru femei, \u00cenainte de a \u00eencepe rutina obi\u0219nuit\u0103 de \u00eengrijire, este foarte important s\u0103 v\u0103 preg\u0103ti\u021bi tenul printr-o cur\u0103\u021bare temeinic\u0103 \u2013 f\u0103r\u0103 aceasta, \u00eengrijirea urm\u0103toare nu va fi la fel de eficient\u0103. Produsul de cur\u0103\u021bare a tenului CeraVe Refill ajut\u0103 la \u00eendep\u0103rtarea tuturor impurit\u0103\u021bilor acumulate pe ten...","og_url":"https:\/\/shopatoa.com\/ro\/cerave-refill-foaming-cleanser-gel-spumant-de-curatare-pentru-piele-normala-si-grasa-refil-473-ml\/","og_site_name":"SHOPATOA","article_modified_time":"2026-02-04T01:49:10+00:00","og_image":[{"width":800,"height":800,"url":"https:\/\/storage.googleapis.com\/cz-shopatoa-img\/ro\/1bb1a303-unnamed-file.webp","type":"image\/webp"}],"twitter_card":"summary_large_image","twitter_misc":{"Timp estimat pentru citire":"1 minut"},"schema":{"@context":"https:\/\/schema.org","@graph":[{"@type":"WebPage","@id":"https:\/\/shopatoa.com\/ro\/cerave-refill-foaming-cleanser-gel-spumant-de-curatare-pentru-piele-normala-si-grasa-refil-473-ml\/","url":"https:\/\/shopatoa.com\/ro\/cerave-refill-foaming-cleanser-gel-spumant-de-curatare-pentru-piele-normala-si-grasa-refil-473-ml\/","name":"CeraVe Refill Foaming Cleanser gel spumant de curatare pentru piele normala si grasa Refil 473 ml - SHOPATOA.COM","isPartOf":{"@id":"https:\/\/shopatoa.com\/ro\/#website"},"primaryImageOfPage":{"@id":"https:\/\/shopatoa.com\/ro\/cerave-refill-foaming-cleanser-gel-spumant-de-curatare-pentru-piele-normala-si-grasa-refil-473-ml\/#primaryimage"},"image":{"@id":"https:\/\/shopatoa.com\/ro\/cerave-refill-foaming-cleanser-gel-spumant-de-curatare-pentru-piele-normala-si-grasa-refil-473-ml\/#primaryimage"},"thumbnailUrl":"https:\/\/storage.googleapis.com\/cz-shopatoa-img\/ro\/1bb1a303-unnamed-file.webp","datePublished":"2025-06-25T21:18:42+00:00","dateModified":"2026-02-04T01:49:10+00:00","breadcrumb":{"@id":"https:\/\/shopatoa.com\/ro\/cerave-refill-foaming-cleanser-gel-spumant-de-curatare-pentru-piele-normala-si-grasa-refil-473-ml\/#breadcrumb"},"inLanguage":"ro-RO","potentialAction":[{"@type":"ReadAction","target":["https:\/\/shopatoa.com\/ro\/cerave-refill-foaming-cleanser-gel-spumant-de-curatare-pentru-piele-normala-si-grasa-refil-473-ml\/"]}]},{"@type":"ImageObject","inLanguage":"ro-RO","@id":"https:\/\/shopatoa.com\/ro\/cerave-refill-foaming-cleanser-gel-spumant-de-curatare-pentru-piele-normala-si-grasa-refil-473-ml\/#primaryimage","url":"https:\/\/storage.googleapis.com\/cz-shopatoa-img\/ro\/1bb1a303-unnamed-file.webp","contentUrl":"https:\/\/storage.googleapis.com\/cz-shopatoa-img\/ro\/1bb1a303-unnamed-file.webp","width":800,"height":800},{"@type":"BreadcrumbList","@id":"https:\/\/shopatoa.com\/ro\/cerave-refill-foaming-cleanser-gel-spumant-de-curatare-pentru-piele-normala-si-grasa-refil-473-ml\/#breadcrumb","itemListElement":[{"@type":"ListItem","position":1,"name":"Dom\u016f","item":"https:\/\/shopatoa.com\/ro\/"},{"@type":"ListItem","position":2,"name":"Shop","item":"https:\/\/shopatoa.com\/ro\/shop\/"},{"@type":"ListItem","position":3,"name":"S\u0103n\u0103tate \u0219i frumuse\u021be","item":"https:\/\/shopatoa.com\/ro\/sanatate-si-frumusete\/"},{"@type":"ListItem","position":4,"name":"\u00cengrijire personal\u0103","item":"https:\/\/shopatoa.com\/ro\/ingrijire-personala\/"},{"@type":"ListItem","position":5,"name":"Cosmetice","item":"https:\/\/shopatoa.com\/ro\/cosmetice-ingrijire-personala\/"},{"@type":"ListItem","position":6,"name":"Baie \u0219i corp","item":"https:\/\/shopatoa.com\/ro\/baie-si-corp\/"},{"@type":"ListItem","position":7,"name":"Gel de du\u0219","item":"https:\/\/shopatoa.com\/ro\/gel-de-dus\/"},{"@type":"ListItem","position":8,"name":"CeraVe Refill Foaming Cleanser gel spumant de curatare pentru piele normala si grasa Refil 473 ml"}]},{"@type":"WebSite","@id":"https:\/\/shopatoa.com\/ro\/#website","url":"https:\/\/shopatoa.com\/ro\/","name":"SHOPATOA","description":"","publisher":{"@id":"https:\/\/shopatoa.com\/ro\/#organization"},"potentialAction":[{"@type":"SearchAction","target":{"@type":"EntryPoint","urlTemplate":"https:\/\/shopatoa.com\/ro\/?s={search_term_string}"},"query-input":{"@type":"PropertyValueSpecification","valueRequired":true,"valueName":"search_term_string"}}],"inLanguage":"ro-RO"},{"@type":"Organization","@id":"https:\/\/shopatoa.com\/ro\/#organization","name":"SHOPATOA","url":"https:\/\/shopatoa.com\/ro\/","logo":{"@type":"ImageObject","inLanguage":"ro-RO","@id":"https:\/\/shopatoa.com\/ro\/#\/schema\/logo\/image\/","url":"https:\/\/storage.googleapis.com\/cz-shopatoa-img\/ro\/b4dac915-shopatoa_logo.png","contentUrl":"https:\/\/storage.googleapis.com\/cz-shopatoa-img\/ro\/b4dac915-shopatoa_logo.png","width":416,"height":63,"caption":"SHOPATOA"},"image":{"@id":"https:\/\/shopatoa.com\/ro\/#\/schema\/logo\/image\/"}}]}},"_links":{"self":[{"href":"https:\/\/shopatoa.com\/ro\/wp-json\/wp\/v2\/product\/458104","targetHints":{"allow":["GET"]}}],"collection":[{"href":"https:\/\/shopatoa.com\/ro\/wp-json\/wp\/v2\/product"}],"about":[{"href":"https:\/\/shopatoa.com\/ro\/wp-json\/wp\/v2\/types\/product"}],"replies":[{"embeddable":true,"href":"https:\/\/shopatoa.com\/ro\/wp-json\/wp\/v2\/comments?post=458104"}],"wp:featuredmedia":[{"embeddable":true,"href":"https:\/\/shopatoa.com\/ro\/wp-json\/wp\/v2\/media\/458105"}],"wp:attachment":[{"href":"https:\/\/shopatoa.com\/ro\/wp-json\/wp\/v2\/media?parent=458104"}],"wp:term":[{"taxonomy":"product_brand","embeddable":true,"href":"https:\/\/shopatoa.com\/ro\/wp-json\/wp\/v2\/product_brand?post=458104"},{"taxonomy":"product_cat","embeddable":true,"href":"https:\/\/shopatoa.com\/ro\/wp-json\/wp\/v2\/product_cat?post=458104"},{"taxonomy":"product_tag","embeddable":true,"href":"https:\/\/shopatoa.com\/ro\/wp-json\/wp\/v2\/product_tag?post=458104"}],"curies":[{"name":"wp","href":"https:\/\/api.w.org\/{rel}","templated":true}]}}