{"id":458224,"date":"2025-06-25T23:28:46","date_gmt":"2025-06-25T21:28:46","guid":{"rendered":"https:\/\/shopatoa.com\/ro\/valera-swiss-silent-jet-8600-ionic-rotocord-uscator-de-par-profesional-cu-ionizator-tip-sxj-8600-d-rc\/"},"modified":"2025-06-25T23:29:11","modified_gmt":"2025-06-25T21:29:11","slug":"valera-swiss-silent-jet-8600-ionic-rotocord-uscator-de-par-profesional-cu-ionizator-tip-sxj-8600-d-rc","status":"publish","type":"product","link":"https:\/\/shopatoa.com\/ro\/valera-swiss-silent-jet-8600-ionic-rotocord-uscator-de-par-profesional-cu-ionizator-tip-sxj-8600-d-rc\/","title":{"rendered":"Valera Swiss Silent Jet 8600 Ionic Rotocord usc\u0103tor de p\u0103r profesional, cu ionizator tip SXJ 8600 D RC"},"content":{"rendered":"<p>Valera Swiss Silent Jet 8600 Ionic Rotocord, Uscatoare de par pentru femei, Din c\u00e2nd \u00een c\u00e2nd, este indicat s\u0103 v\u0103 l\u0103sa\u021bi p\u0103rul s\u0103 se usuce liber dup\u0103 sp\u0103lare, \u00eens\u0103 nu exist\u0103 \u00eentotdeauna timp suficient pentru asta. \u0218i tocmai \u00een situa\u021biile \u00een care sunte\u021bi presat\u0103 de timp \u0219i ave\u021bi nevoie s\u0103 v\u0103 usca\u021bi p\u0103rul mai rapid \u0219i mai eficient din diverse motive, v\u0103 va fi de folos usc\u0103torul de p\u0103r Valera Swiss Silent Jet 8600 Ionic Rotocord . Asigur\u0103 o uscare rapid\u0103, eficient\u0103, dar delicat\u0103 a oric\u0103rui tip de p\u0103r \u0219i permite o uscare u\u0219oar\u0103 a p\u0103rului, pentru ca acesta s\u0103 capete mai mult volum \u0219i s\u0103 ob\u021bine\u021bi u\u0219or o coafur\u0103 frumoas\u0103 \u0219i voluminoas\u0103 ca la salon.  Caracteristici:  vitez\u0103 reglabil\u0103 cu temperatur\u0103 reglabil\u0103 func\u021bie de ionizare func\u021bie de aer rece, pentru fixarea coafurii grila din spate deta\u0219abil\u0103, pentru cur\u0103\u021bare u\u0219oar\u0103  Cum se utilizeaz\u0103: Se vor urma instruc\u021biunile de utilizare incluse.<\/p>\n","protected":false},"excerpt":{"rendered":"<p>Valera Swiss Silent Jet 8600 Ionic Rotocord, Uscatoare de par pentru femei, Din c\u00e2nd \u00een c\u00e2nd, este indicat s\u0103 v\u0103 l\u0103sa\u021bi p\u0103rul s\u0103 se usuce liber dup\u0103 sp\u0103lare, \u00eens\u0103 nu exist\u0103 \u00eentotdeauna timp suficient pentru asta. \u0218i tocmai \u00een situa\u021biile \u00een care sunte\u021bi presat\u0103 de timp \u0219i ave\u021bi nevoie s\u0103 v\u0103 usca\u021bi p\u0103rul mai rapid&#8230;<\/p>\n","protected":false},"featured_media":458225,"comment_status":"closed","ping_status":"open","template":"","meta":{"_acf_changed":false,"_kadence_starter_templates_imported_post":false,"_kad_post_transparent":"","_kad_post_title":"","_kad_post_layout":"","_kad_post_sidebar_id":"","_kad_post_content_style":"","_kad_post_vertical_padding":"","_kad_post_feature":"","_kad_post_feature_position":"","_kad_post_header":false,"_kad_post_footer":false,"_kad_post_classname":""},"product_brand":[355],"product_cat":[1563,1590,1562,1657,1658],"product_tag":[],"class_list":{"0":"post-458224","1":"product","2":"type-product","3":"status-publish","4":"has-post-thumbnail","6":"product_brand-valera","7":"product_cat-ingrijire-personala","8":"product_cat-ingrijirea-parului","9":"product_cat-sanatate-si-frumusete","10":"product_cat-unelte-de-coafat","11":"product_cat-uscatoare-de-par","12":"pa_gen-female","14":"first","15":"instock","16":"product-type-external","17":"entry","18":"content-bg","19":"loop-entry"},"acf":[],"yoast_head":"<!-- This site is optimized with the Yoast SEO plugin v27.4 - https:\/\/yoast.com\/product\/yoast-seo-wordpress\/ -->\n<title>Valera Swiss Silent Jet 8600 Ionic Rotocord usc\u0103tor de p\u0103r profesional, cu ionizator tip SXJ 8600 D RC - SHOPATOA.COM<\/title>\n<meta name=\"robots\" content=\"index, follow, max-snippet:-1, max-image-preview:large, max-video-preview:-1\" \/>\n<link rel=\"canonical\" href=\"https:\/\/shopatoa.com\/ro\/valera-swiss-silent-jet-8600-ionic-rotocord-uscator-de-par-profesional-cu-ionizator-tip-sxj-8600-d-rc\/\" \/>\n<meta property=\"og:locale\" content=\"ro_RO\" \/>\n<meta property=\"og:type\" content=\"article\" \/>\n<meta property=\"og:title\" content=\"Valera Swiss Silent Jet 8600 Ionic Rotocord usc\u0103tor de p\u0103r profesional, cu ionizator tip SXJ 8600 D RC - SHOPATOA.COM\" \/>\n<meta property=\"og:description\" content=\"Valera Swiss Silent Jet 8600 Ionic Rotocord, Uscatoare de par pentru femei, Din c\u00e2nd \u00een c\u00e2nd, este indicat s\u0103 v\u0103 l\u0103sa\u021bi p\u0103rul s\u0103 se usuce liber dup\u0103 sp\u0103lare, \u00eens\u0103 nu exist\u0103 \u00eentotdeauna timp suficient pentru asta. \u0218i tocmai \u00een situa\u021biile \u00een care sunte\u021bi presat\u0103 de timp \u0219i ave\u021bi nevoie s\u0103 v\u0103 usca\u021bi p\u0103rul mai rapid...\" \/>\n<meta property=\"og:url\" content=\"https:\/\/shopatoa.com\/ro\/valera-swiss-silent-jet-8600-ionic-rotocord-uscator-de-par-profesional-cu-ionizator-tip-sxj-8600-d-rc\/\" \/>\n<meta property=\"og:site_name\" content=\"SHOPATOA\" \/>\n<meta property=\"article:modified_time\" content=\"2025-06-25T21:29:11+00:00\" \/>\n<meta property=\"og:image\" content=\"https:\/\/storage.googleapis.com\/cz-shopatoa-img\/ro\/58ec13e1-unnamed-file.webp\" \/>\n\t<meta property=\"og:image:width\" content=\"800\" \/>\n\t<meta property=\"og:image:height\" content=\"800\" \/>\n\t<meta property=\"og:image:type\" content=\"image\/webp\" \/>\n<meta name=\"twitter:card\" content=\"summary_large_image\" \/>\n<meta name=\"twitter:label1\" content=\"Timp estimat pentru citire\" \/>\n\t<meta name=\"twitter:data1\" content=\"1 minut\" \/>\n<script type=\"application\/ld+json\" class=\"yoast-schema-graph\">{\"@context\":\"https:\\\/\\\/schema.org\",\"@graph\":[{\"@type\":\"WebPage\",\"@id\":\"https:\\\/\\\/shopatoa.com\\\/ro\\\/valera-swiss-silent-jet-8600-ionic-rotocord-uscator-de-par-profesional-cu-ionizator-tip-sxj-8600-d-rc\\\/\",\"url\":\"https:\\\/\\\/shopatoa.com\\\/ro\\\/valera-swiss-silent-jet-8600-ionic-rotocord-uscator-de-par-profesional-cu-ionizator-tip-sxj-8600-d-rc\\\/\",\"name\":\"Valera Swiss Silent Jet 8600 Ionic Rotocord usc\u0103tor de p\u0103r profesional, cu ionizator tip SXJ 8600 D RC - SHOPATOA.COM\",\"isPartOf\":{\"@id\":\"https:\\\/\\\/shopatoa.com\\\/ro\\\/#website\"},\"primaryImageOfPage\":{\"@id\":\"https:\\\/\\\/shopatoa.com\\\/ro\\\/valera-swiss-silent-jet-8600-ionic-rotocord-uscator-de-par-profesional-cu-ionizator-tip-sxj-8600-d-rc\\\/#primaryimage\"},\"image\":{\"@id\":\"https:\\\/\\\/shopatoa.com\\\/ro\\\/valera-swiss-silent-jet-8600-ionic-rotocord-uscator-de-par-profesional-cu-ionizator-tip-sxj-8600-d-rc\\\/#primaryimage\"},\"thumbnailUrl\":\"https:\\\/\\\/storage.googleapis.com\\\/cz-shopatoa-img\\\/ro\\\/58ec13e1-unnamed-file.webp\",\"datePublished\":\"2025-06-25T21:28:46+00:00\",\"dateModified\":\"2025-06-25T21:29:11+00:00\",\"breadcrumb\":{\"@id\":\"https:\\\/\\\/shopatoa.com\\\/ro\\\/valera-swiss-silent-jet-8600-ionic-rotocord-uscator-de-par-profesional-cu-ionizator-tip-sxj-8600-d-rc\\\/#breadcrumb\"},\"inLanguage\":\"ro-RO\",\"potentialAction\":[{\"@type\":\"ReadAction\",\"target\":[\"https:\\\/\\\/shopatoa.com\\\/ro\\\/valera-swiss-silent-jet-8600-ionic-rotocord-uscator-de-par-profesional-cu-ionizator-tip-sxj-8600-d-rc\\\/\"]}]},{\"@type\":\"ImageObject\",\"inLanguage\":\"ro-RO\",\"@id\":\"https:\\\/\\\/shopatoa.com\\\/ro\\\/valera-swiss-silent-jet-8600-ionic-rotocord-uscator-de-par-profesional-cu-ionizator-tip-sxj-8600-d-rc\\\/#primaryimage\",\"url\":\"https:\\\/\\\/storage.googleapis.com\\\/cz-shopatoa-img\\\/ro\\\/58ec13e1-unnamed-file.webp\",\"contentUrl\":\"https:\\\/\\\/storage.googleapis.com\\\/cz-shopatoa-img\\\/ro\\\/58ec13e1-unnamed-file.webp\",\"width\":800,\"height\":800},{\"@type\":\"BreadcrumbList\",\"@id\":\"https:\\\/\\\/shopatoa.com\\\/ro\\\/valera-swiss-silent-jet-8600-ionic-rotocord-uscator-de-par-profesional-cu-ionizator-tip-sxj-8600-d-rc\\\/#breadcrumb\",\"itemListElement\":[{\"@type\":\"ListItem\",\"position\":1,\"name\":\"Dom\u016f\",\"item\":\"https:\\\/\\\/shopatoa.com\\\/ro\\\/\"},{\"@type\":\"ListItem\",\"position\":2,\"name\":\"Shop\",\"item\":\"https:\\\/\\\/shopatoa.com\\\/ro\\\/shop\\\/\"},{\"@type\":\"ListItem\",\"position\":3,\"name\":\"Valera Swiss Silent Jet 8600 Ionic Rotocord usc\u0103tor de p\u0103r profesional, cu ionizator tip SXJ 8600 D RC\"}]},{\"@type\":\"WebSite\",\"@id\":\"https:\\\/\\\/shopatoa.com\\\/ro\\\/#website\",\"url\":\"https:\\\/\\\/shopatoa.com\\\/ro\\\/\",\"name\":\"SHOPATOA\",\"description\":\"\",\"publisher\":{\"@id\":\"https:\\\/\\\/shopatoa.com\\\/ro\\\/#organization\"},\"potentialAction\":[{\"@type\":\"SearchAction\",\"target\":{\"@type\":\"EntryPoint\",\"urlTemplate\":\"https:\\\/\\\/shopatoa.com\\\/ro\\\/?s={search_term_string}\"},\"query-input\":{\"@type\":\"PropertyValueSpecification\",\"valueRequired\":true,\"valueName\":\"search_term_string\"}}],\"inLanguage\":\"ro-RO\"},{\"@type\":\"Organization\",\"@id\":\"https:\\\/\\\/shopatoa.com\\\/ro\\\/#organization\",\"name\":\"SHOPATOA\",\"url\":\"https:\\\/\\\/shopatoa.com\\\/ro\\\/\",\"logo\":{\"@type\":\"ImageObject\",\"inLanguage\":\"ro-RO\",\"@id\":\"https:\\\/\\\/shopatoa.com\\\/ro\\\/#\\\/schema\\\/logo\\\/image\\\/\",\"url\":\"https:\\\/\\\/storage.googleapis.com\\\/cz-shopatoa-img\\\/ro\\\/b4dac915-shopatoa_logo.png\",\"contentUrl\":\"https:\\\/\\\/storage.googleapis.com\\\/cz-shopatoa-img\\\/ro\\\/b4dac915-shopatoa_logo.png\",\"width\":416,\"height\":63,\"caption\":\"SHOPATOA\"},\"image\":{\"@id\":\"https:\\\/\\\/shopatoa.com\\\/ro\\\/#\\\/schema\\\/logo\\\/image\\\/\"}}]}<\/script>\n<!-- \/ Yoast SEO plugin. -->","yoast_head_json":{"title":"Valera Swiss Silent Jet 8600 Ionic Rotocord usc\u0103tor de p\u0103r profesional, cu ionizator tip SXJ 8600 D RC - SHOPATOA.COM","robots":{"index":"index","follow":"follow","max-snippet":"max-snippet:-1","max-image-preview":"max-image-preview:large","max-video-preview":"max-video-preview:-1"},"canonical":"https:\/\/shopatoa.com\/ro\/valera-swiss-silent-jet-8600-ionic-rotocord-uscator-de-par-profesional-cu-ionizator-tip-sxj-8600-d-rc\/","og_locale":"ro_RO","og_type":"article","og_title":"Valera Swiss Silent Jet 8600 Ionic Rotocord usc\u0103tor de p\u0103r profesional, cu ionizator tip SXJ 8600 D RC - SHOPATOA.COM","og_description":"Valera Swiss Silent Jet 8600 Ionic Rotocord, Uscatoare de par pentru femei, Din c\u00e2nd \u00een c\u00e2nd, este indicat s\u0103 v\u0103 l\u0103sa\u021bi p\u0103rul s\u0103 se usuce liber dup\u0103 sp\u0103lare, \u00eens\u0103 nu exist\u0103 \u00eentotdeauna timp suficient pentru asta. \u0218i tocmai \u00een situa\u021biile \u00een care sunte\u021bi presat\u0103 de timp \u0219i ave\u021bi nevoie s\u0103 v\u0103 usca\u021bi p\u0103rul mai rapid...","og_url":"https:\/\/shopatoa.com\/ro\/valera-swiss-silent-jet-8600-ionic-rotocord-uscator-de-par-profesional-cu-ionizator-tip-sxj-8600-d-rc\/","og_site_name":"SHOPATOA","article_modified_time":"2025-06-25T21:29:11+00:00","og_image":[{"width":800,"height":800,"url":"https:\/\/storage.googleapis.com\/cz-shopatoa-img\/ro\/58ec13e1-unnamed-file.webp","type":"image\/webp"}],"twitter_card":"summary_large_image","twitter_misc":{"Timp estimat pentru citire":"1 minut"},"schema":{"@context":"https:\/\/schema.org","@graph":[{"@type":"WebPage","@id":"https:\/\/shopatoa.com\/ro\/valera-swiss-silent-jet-8600-ionic-rotocord-uscator-de-par-profesional-cu-ionizator-tip-sxj-8600-d-rc\/","url":"https:\/\/shopatoa.com\/ro\/valera-swiss-silent-jet-8600-ionic-rotocord-uscator-de-par-profesional-cu-ionizator-tip-sxj-8600-d-rc\/","name":"Valera Swiss Silent Jet 8600 Ionic Rotocord usc\u0103tor de p\u0103r profesional, cu ionizator tip SXJ 8600 D RC - SHOPATOA.COM","isPartOf":{"@id":"https:\/\/shopatoa.com\/ro\/#website"},"primaryImageOfPage":{"@id":"https:\/\/shopatoa.com\/ro\/valera-swiss-silent-jet-8600-ionic-rotocord-uscator-de-par-profesional-cu-ionizator-tip-sxj-8600-d-rc\/#primaryimage"},"image":{"@id":"https:\/\/shopatoa.com\/ro\/valera-swiss-silent-jet-8600-ionic-rotocord-uscator-de-par-profesional-cu-ionizator-tip-sxj-8600-d-rc\/#primaryimage"},"thumbnailUrl":"https:\/\/storage.googleapis.com\/cz-shopatoa-img\/ro\/58ec13e1-unnamed-file.webp","datePublished":"2025-06-25T21:28:46+00:00","dateModified":"2025-06-25T21:29:11+00:00","breadcrumb":{"@id":"https:\/\/shopatoa.com\/ro\/valera-swiss-silent-jet-8600-ionic-rotocord-uscator-de-par-profesional-cu-ionizator-tip-sxj-8600-d-rc\/#breadcrumb"},"inLanguage":"ro-RO","potentialAction":[{"@type":"ReadAction","target":["https:\/\/shopatoa.com\/ro\/valera-swiss-silent-jet-8600-ionic-rotocord-uscator-de-par-profesional-cu-ionizator-tip-sxj-8600-d-rc\/"]}]},{"@type":"ImageObject","inLanguage":"ro-RO","@id":"https:\/\/shopatoa.com\/ro\/valera-swiss-silent-jet-8600-ionic-rotocord-uscator-de-par-profesional-cu-ionizator-tip-sxj-8600-d-rc\/#primaryimage","url":"https:\/\/storage.googleapis.com\/cz-shopatoa-img\/ro\/58ec13e1-unnamed-file.webp","contentUrl":"https:\/\/storage.googleapis.com\/cz-shopatoa-img\/ro\/58ec13e1-unnamed-file.webp","width":800,"height":800},{"@type":"BreadcrumbList","@id":"https:\/\/shopatoa.com\/ro\/valera-swiss-silent-jet-8600-ionic-rotocord-uscator-de-par-profesional-cu-ionizator-tip-sxj-8600-d-rc\/#breadcrumb","itemListElement":[{"@type":"ListItem","position":1,"name":"Dom\u016f","item":"https:\/\/shopatoa.com\/ro\/"},{"@type":"ListItem","position":2,"name":"Shop","item":"https:\/\/shopatoa.com\/ro\/shop\/"},{"@type":"ListItem","position":3,"name":"Valera Swiss Silent Jet 8600 Ionic Rotocord usc\u0103tor de p\u0103r profesional, cu ionizator tip SXJ 8600 D RC"}]},{"@type":"WebSite","@id":"https:\/\/shopatoa.com\/ro\/#website","url":"https:\/\/shopatoa.com\/ro\/","name":"SHOPATOA","description":"","publisher":{"@id":"https:\/\/shopatoa.com\/ro\/#organization"},"potentialAction":[{"@type":"SearchAction","target":{"@type":"EntryPoint","urlTemplate":"https:\/\/shopatoa.com\/ro\/?s={search_term_string}"},"query-input":{"@type":"PropertyValueSpecification","valueRequired":true,"valueName":"search_term_string"}}],"inLanguage":"ro-RO"},{"@type":"Organization","@id":"https:\/\/shopatoa.com\/ro\/#organization","name":"SHOPATOA","url":"https:\/\/shopatoa.com\/ro\/","logo":{"@type":"ImageObject","inLanguage":"ro-RO","@id":"https:\/\/shopatoa.com\/ro\/#\/schema\/logo\/image\/","url":"https:\/\/storage.googleapis.com\/cz-shopatoa-img\/ro\/b4dac915-shopatoa_logo.png","contentUrl":"https:\/\/storage.googleapis.com\/cz-shopatoa-img\/ro\/b4dac915-shopatoa_logo.png","width":416,"height":63,"caption":"SHOPATOA"},"image":{"@id":"https:\/\/shopatoa.com\/ro\/#\/schema\/logo\/image\/"}}]}},"_links":{"self":[{"href":"https:\/\/shopatoa.com\/ro\/wp-json\/wp\/v2\/product\/458224","targetHints":{"allow":["GET"]}}],"collection":[{"href":"https:\/\/shopatoa.com\/ro\/wp-json\/wp\/v2\/product"}],"about":[{"href":"https:\/\/shopatoa.com\/ro\/wp-json\/wp\/v2\/types\/product"}],"replies":[{"embeddable":true,"href":"https:\/\/shopatoa.com\/ro\/wp-json\/wp\/v2\/comments?post=458224"}],"wp:featuredmedia":[{"embeddable":true,"href":"https:\/\/shopatoa.com\/ro\/wp-json\/wp\/v2\/media\/458225"}],"wp:attachment":[{"href":"https:\/\/shopatoa.com\/ro\/wp-json\/wp\/v2\/media?parent=458224"}],"wp:term":[{"taxonomy":"product_brand","embeddable":true,"href":"https:\/\/shopatoa.com\/ro\/wp-json\/wp\/v2\/product_brand?post=458224"},{"taxonomy":"product_cat","embeddable":true,"href":"https:\/\/shopatoa.com\/ro\/wp-json\/wp\/v2\/product_cat?post=458224"},{"taxonomy":"product_tag","embeddable":true,"href":"https:\/\/shopatoa.com\/ro\/wp-json\/wp\/v2\/product_tag?post=458224"}],"curies":[{"name":"wp","href":"https:\/\/api.w.org\/{rel}","templated":true}]}}