{"id":458276,"date":"2025-06-25T23:31:52","date_gmt":"2025-06-25T21:31:52","guid":{"rendered":"https:\/\/shopatoa.com\/ro\/erbe-solingen-shave-razor-6433-mach-3-titan-set-pentru-barbierit-pentru-barbati\/"},"modified":"2026-02-04T02:04:26","modified_gmt":"2026-02-04T01:04:26","slug":"erbe-solingen-shave-razor-6433-mach-3-titan-set-pentru-barbierit-pentru-barbati","status":"publish","type":"product","link":"https:\/\/shopatoa.com\/ro\/erbe-solingen-shave-razor-6433-mach-3-titan-set-pentru-barbierit-pentru-barbati\/","title":{"rendered":"Erbe Solingen Shave Razor 6433 Mach 3 Titan set pentru b\u0103rbierit pentru b\u0103rba\u021bi"},"content":{"rendered":"<p>Erbe Solingen Shave Razor 6433 Mach 3 Titan, Truse de b\u0103rbierit pentru b\u0103rba\u021bi, B\u0103rbieritul clasic devine din ce \u00een ce mai apreciat. Dac\u0103 \u0219i dvs. dori\u021bi s\u0103 include\u021bi elemente de b\u0103rbierit clasic \u00een rutina de \u00eengrijire, articolul Erbe Solingen Shave Razor 6433 Mach 3 Titan v\u0103 va completa perfect trusa de cosmetice. V\u0103 va facilita rutina de b\u0103rbierit \u0219i v\u0103 va ajuta s\u0103 ob\u021bine\u021bi un rezultat ca la un frizer profesionist.  Setul con\u021bine:  Gillette Mach 3 aparat de ras Pamatuf pentru barbierit stand  Caracteristici:  b\u0103rbierit 100 % neted execu\u021bie stilat\u0103  Cum se utilizeaz\u0103: P\u0103m\u0103tuful se \u00eenmoaie \u00een ap\u0103 fierbinte, se adaug\u0103, cu mi\u0219c\u0103ri circulare, s\u0103punul de ras, se spumeaz\u0103 \u0219i se aplic\u0103 pe fa\u021b\u0103.<\/p>\n","protected":false},"excerpt":{"rendered":"<p>Erbe Solingen Shave Razor 6433 Mach 3 Titan, Truse de b\u0103rbierit pentru b\u0103rba\u021bi, B\u0103rbieritul clasic devine din ce \u00een ce mai apreciat. Dac\u0103 \u0219i dvs. dori\u021bi s\u0103 include\u021bi elemente de b\u0103rbierit clasic \u00een rutina de \u00eengrijire, articolul Erbe Solingen Shave Razor 6433 Mach 3 Titan v\u0103 va completa perfect trusa de cosmetice. V\u0103 va facilita&#8230;<\/p>\n","protected":false},"featured_media":458277,"comment_status":"closed","ping_status":"open","template":"","meta":{"_acf_changed":false,"_kadence_starter_templates_imported_post":false,"_kad_post_transparent":"","_kad_post_title":"","_kad_post_layout":"","_kad_post_sidebar_id":"","_kad_post_content_style":"","_kad_post_vertical_padding":"","_kad_post_feature":"","_kad_post_feature_position":"","_kad_post_header":false,"_kad_post_footer":false,"_kad_post_classname":""},"product_brand":[1969],"product_cat":[1897,1881,1563,1562],"product_tag":[],"class_list":{"0":"post-458276","1":"product","2":"type-product","3":"status-publish","4":"has-post-thumbnail","6":"product_brand-erbe-solingen","7":"product_cat-aparate-de-ras-electrice","8":"product_cat-barbierit-si-ingrijire","9":"product_cat-ingrijire-personala","10":"product_cat-sanatate-si-frumusete","11":"pa_gen-male","13":"first","14":"instock","15":"sale","16":"product-type-external","17":"entry","18":"content-bg","19":"loop-entry"},"acf":[],"yoast_head":"<!-- This site is optimized with the Yoast SEO plugin v27.4 - https:\/\/yoast.com\/product\/yoast-seo-wordpress\/ -->\n<title>Erbe Solingen Shave Razor 6433 Mach 3 Titan set pentru b\u0103rbierit pentru b\u0103rba\u021bi - SHOPATOA.COM<\/title>\n<meta name=\"robots\" content=\"index, follow, max-snippet:-1, max-image-preview:large, max-video-preview:-1\" \/>\n<link rel=\"canonical\" href=\"https:\/\/shopatoa.com\/ro\/erbe-solingen-shave-razor-6433-mach-3-titan-set-pentru-barbierit-pentru-barbati\/\" \/>\n<meta property=\"og:locale\" content=\"ro_RO\" \/>\n<meta property=\"og:type\" content=\"article\" \/>\n<meta property=\"og:title\" content=\"Erbe Solingen Shave Razor 6433 Mach 3 Titan set pentru b\u0103rbierit pentru b\u0103rba\u021bi - SHOPATOA.COM\" \/>\n<meta property=\"og:description\" content=\"Erbe Solingen Shave Razor 6433 Mach 3 Titan, Truse de b\u0103rbierit pentru b\u0103rba\u021bi, B\u0103rbieritul clasic devine din ce \u00een ce mai apreciat. Dac\u0103 \u0219i dvs. dori\u021bi s\u0103 include\u021bi elemente de b\u0103rbierit clasic \u00een rutina de \u00eengrijire, articolul Erbe Solingen Shave Razor 6433 Mach 3 Titan v\u0103 va completa perfect trusa de cosmetice. V\u0103 va facilita...\" \/>\n<meta property=\"og:url\" content=\"https:\/\/shopatoa.com\/ro\/erbe-solingen-shave-razor-6433-mach-3-titan-set-pentru-barbierit-pentru-barbati\/\" \/>\n<meta property=\"og:site_name\" content=\"SHOPATOA\" \/>\n<meta property=\"article:modified_time\" content=\"2026-02-04T01:04:26+00:00\" \/>\n<meta property=\"og:image\" content=\"https:\/\/storage.googleapis.com\/cz-shopatoa-img\/ro\/22ae5b7f-unnamed-file.webp\" \/>\n\t<meta property=\"og:image:width\" content=\"800\" \/>\n\t<meta property=\"og:image:height\" content=\"800\" \/>\n\t<meta property=\"og:image:type\" content=\"image\/webp\" \/>\n<meta name=\"twitter:card\" content=\"summary_large_image\" \/>\n<meta name=\"twitter:label1\" content=\"Timp estimat pentru citire\" \/>\n\t<meta name=\"twitter:data1\" content=\"1 minut\" \/>\n<script type=\"application\/ld+json\" class=\"yoast-schema-graph\">{\"@context\":\"https:\\\/\\\/schema.org\",\"@graph\":[{\"@type\":\"WebPage\",\"@id\":\"https:\\\/\\\/shopatoa.com\\\/ro\\\/erbe-solingen-shave-razor-6433-mach-3-titan-set-pentru-barbierit-pentru-barbati\\\/\",\"url\":\"https:\\\/\\\/shopatoa.com\\\/ro\\\/erbe-solingen-shave-razor-6433-mach-3-titan-set-pentru-barbierit-pentru-barbati\\\/\",\"name\":\"Erbe Solingen Shave Razor 6433 Mach 3 Titan set pentru b\u0103rbierit pentru b\u0103rba\u021bi - SHOPATOA.COM\",\"isPartOf\":{\"@id\":\"https:\\\/\\\/shopatoa.com\\\/ro\\\/#website\"},\"primaryImageOfPage\":{\"@id\":\"https:\\\/\\\/shopatoa.com\\\/ro\\\/erbe-solingen-shave-razor-6433-mach-3-titan-set-pentru-barbierit-pentru-barbati\\\/#primaryimage\"},\"image\":{\"@id\":\"https:\\\/\\\/shopatoa.com\\\/ro\\\/erbe-solingen-shave-razor-6433-mach-3-titan-set-pentru-barbierit-pentru-barbati\\\/#primaryimage\"},\"thumbnailUrl\":\"https:\\\/\\\/storage.googleapis.com\\\/cz-shopatoa-img\\\/ro\\\/22ae5b7f-unnamed-file.webp\",\"datePublished\":\"2025-06-25T21:31:52+00:00\",\"dateModified\":\"2026-02-04T01:04:26+00:00\",\"breadcrumb\":{\"@id\":\"https:\\\/\\\/shopatoa.com\\\/ro\\\/erbe-solingen-shave-razor-6433-mach-3-titan-set-pentru-barbierit-pentru-barbati\\\/#breadcrumb\"},\"inLanguage\":\"ro-RO\",\"potentialAction\":[{\"@type\":\"ReadAction\",\"target\":[\"https:\\\/\\\/shopatoa.com\\\/ro\\\/erbe-solingen-shave-razor-6433-mach-3-titan-set-pentru-barbierit-pentru-barbati\\\/\"]}]},{\"@type\":\"ImageObject\",\"inLanguage\":\"ro-RO\",\"@id\":\"https:\\\/\\\/shopatoa.com\\\/ro\\\/erbe-solingen-shave-razor-6433-mach-3-titan-set-pentru-barbierit-pentru-barbati\\\/#primaryimage\",\"url\":\"https:\\\/\\\/storage.googleapis.com\\\/cz-shopatoa-img\\\/ro\\\/22ae5b7f-unnamed-file.webp\",\"contentUrl\":\"https:\\\/\\\/storage.googleapis.com\\\/cz-shopatoa-img\\\/ro\\\/22ae5b7f-unnamed-file.webp\",\"width\":800,\"height\":800},{\"@type\":\"BreadcrumbList\",\"@id\":\"https:\\\/\\\/shopatoa.com\\\/ro\\\/erbe-solingen-shave-razor-6433-mach-3-titan-set-pentru-barbierit-pentru-barbati\\\/#breadcrumb\",\"itemListElement\":[{\"@type\":\"ListItem\",\"position\":1,\"name\":\"Dom\u016f\",\"item\":\"https:\\\/\\\/shopatoa.com\\\/ro\\\/\"},{\"@type\":\"ListItem\",\"position\":2,\"name\":\"Shop\",\"item\":\"https:\\\/\\\/shopatoa.com\\\/ro\\\/shop\\\/\"},{\"@type\":\"ListItem\",\"position\":3,\"name\":\"S\u0103n\u0103tate \u0219i frumuse\u021be\",\"item\":\"https:\\\/\\\/shopatoa.com\\\/ro\\\/sanatate-si-frumusete\\\/\"},{\"@type\":\"ListItem\",\"position\":4,\"name\":\"\u00cengrijire personal\u0103\",\"item\":\"https:\\\/\\\/shopatoa.com\\\/ro\\\/ingrijire-personala\\\/\"},{\"@type\":\"ListItem\",\"position\":5,\"name\":\"B\u0103rbierit \u0219i \u00eengrijire\",\"item\":\"https:\\\/\\\/shopatoa.com\\\/ro\\\/barbierit-si-ingrijire\\\/\"},{\"@type\":\"ListItem\",\"position\":6,\"name\":\"Aparate de ras electrice\",\"item\":\"https:\\\/\\\/shopatoa.com\\\/ro\\\/aparate-de-ras-electrice\\\/\"},{\"@type\":\"ListItem\",\"position\":7,\"name\":\"Erbe Solingen Shave Razor 6433 Mach 3 Titan set pentru b\u0103rbierit pentru b\u0103rba\u021bi\"}]},{\"@type\":\"WebSite\",\"@id\":\"https:\\\/\\\/shopatoa.com\\\/ro\\\/#website\",\"url\":\"https:\\\/\\\/shopatoa.com\\\/ro\\\/\",\"name\":\"SHOPATOA\",\"description\":\"\",\"publisher\":{\"@id\":\"https:\\\/\\\/shopatoa.com\\\/ro\\\/#organization\"},\"potentialAction\":[{\"@type\":\"SearchAction\",\"target\":{\"@type\":\"EntryPoint\",\"urlTemplate\":\"https:\\\/\\\/shopatoa.com\\\/ro\\\/?s={search_term_string}\"},\"query-input\":{\"@type\":\"PropertyValueSpecification\",\"valueRequired\":true,\"valueName\":\"search_term_string\"}}],\"inLanguage\":\"ro-RO\"},{\"@type\":\"Organization\",\"@id\":\"https:\\\/\\\/shopatoa.com\\\/ro\\\/#organization\",\"name\":\"SHOPATOA\",\"url\":\"https:\\\/\\\/shopatoa.com\\\/ro\\\/\",\"logo\":{\"@type\":\"ImageObject\",\"inLanguage\":\"ro-RO\",\"@id\":\"https:\\\/\\\/shopatoa.com\\\/ro\\\/#\\\/schema\\\/logo\\\/image\\\/\",\"url\":\"https:\\\/\\\/storage.googleapis.com\\\/cz-shopatoa-img\\\/ro\\\/b4dac915-shopatoa_logo.png\",\"contentUrl\":\"https:\\\/\\\/storage.googleapis.com\\\/cz-shopatoa-img\\\/ro\\\/b4dac915-shopatoa_logo.png\",\"width\":416,\"height\":63,\"caption\":\"SHOPATOA\"},\"image\":{\"@id\":\"https:\\\/\\\/shopatoa.com\\\/ro\\\/#\\\/schema\\\/logo\\\/image\\\/\"}}]}<\/script>\n<!-- \/ Yoast SEO plugin. -->","yoast_head_json":{"title":"Erbe Solingen Shave Razor 6433 Mach 3 Titan set pentru b\u0103rbierit pentru b\u0103rba\u021bi - SHOPATOA.COM","robots":{"index":"index","follow":"follow","max-snippet":"max-snippet:-1","max-image-preview":"max-image-preview:large","max-video-preview":"max-video-preview:-1"},"canonical":"https:\/\/shopatoa.com\/ro\/erbe-solingen-shave-razor-6433-mach-3-titan-set-pentru-barbierit-pentru-barbati\/","og_locale":"ro_RO","og_type":"article","og_title":"Erbe Solingen Shave Razor 6433 Mach 3 Titan set pentru b\u0103rbierit pentru b\u0103rba\u021bi - SHOPATOA.COM","og_description":"Erbe Solingen Shave Razor 6433 Mach 3 Titan, Truse de b\u0103rbierit pentru b\u0103rba\u021bi, B\u0103rbieritul clasic devine din ce \u00een ce mai apreciat. Dac\u0103 \u0219i dvs. dori\u021bi s\u0103 include\u021bi elemente de b\u0103rbierit clasic \u00een rutina de \u00eengrijire, articolul Erbe Solingen Shave Razor 6433 Mach 3 Titan v\u0103 va completa perfect trusa de cosmetice. V\u0103 va facilita...","og_url":"https:\/\/shopatoa.com\/ro\/erbe-solingen-shave-razor-6433-mach-3-titan-set-pentru-barbierit-pentru-barbati\/","og_site_name":"SHOPATOA","article_modified_time":"2026-02-04T01:04:26+00:00","og_image":[{"width":800,"height":800,"url":"https:\/\/storage.googleapis.com\/cz-shopatoa-img\/ro\/22ae5b7f-unnamed-file.webp","type":"image\/webp"}],"twitter_card":"summary_large_image","twitter_misc":{"Timp estimat pentru citire":"1 minut"},"schema":{"@context":"https:\/\/schema.org","@graph":[{"@type":"WebPage","@id":"https:\/\/shopatoa.com\/ro\/erbe-solingen-shave-razor-6433-mach-3-titan-set-pentru-barbierit-pentru-barbati\/","url":"https:\/\/shopatoa.com\/ro\/erbe-solingen-shave-razor-6433-mach-3-titan-set-pentru-barbierit-pentru-barbati\/","name":"Erbe Solingen Shave Razor 6433 Mach 3 Titan set pentru b\u0103rbierit pentru b\u0103rba\u021bi - SHOPATOA.COM","isPartOf":{"@id":"https:\/\/shopatoa.com\/ro\/#website"},"primaryImageOfPage":{"@id":"https:\/\/shopatoa.com\/ro\/erbe-solingen-shave-razor-6433-mach-3-titan-set-pentru-barbierit-pentru-barbati\/#primaryimage"},"image":{"@id":"https:\/\/shopatoa.com\/ro\/erbe-solingen-shave-razor-6433-mach-3-titan-set-pentru-barbierit-pentru-barbati\/#primaryimage"},"thumbnailUrl":"https:\/\/storage.googleapis.com\/cz-shopatoa-img\/ro\/22ae5b7f-unnamed-file.webp","datePublished":"2025-06-25T21:31:52+00:00","dateModified":"2026-02-04T01:04:26+00:00","breadcrumb":{"@id":"https:\/\/shopatoa.com\/ro\/erbe-solingen-shave-razor-6433-mach-3-titan-set-pentru-barbierit-pentru-barbati\/#breadcrumb"},"inLanguage":"ro-RO","potentialAction":[{"@type":"ReadAction","target":["https:\/\/shopatoa.com\/ro\/erbe-solingen-shave-razor-6433-mach-3-titan-set-pentru-barbierit-pentru-barbati\/"]}]},{"@type":"ImageObject","inLanguage":"ro-RO","@id":"https:\/\/shopatoa.com\/ro\/erbe-solingen-shave-razor-6433-mach-3-titan-set-pentru-barbierit-pentru-barbati\/#primaryimage","url":"https:\/\/storage.googleapis.com\/cz-shopatoa-img\/ro\/22ae5b7f-unnamed-file.webp","contentUrl":"https:\/\/storage.googleapis.com\/cz-shopatoa-img\/ro\/22ae5b7f-unnamed-file.webp","width":800,"height":800},{"@type":"BreadcrumbList","@id":"https:\/\/shopatoa.com\/ro\/erbe-solingen-shave-razor-6433-mach-3-titan-set-pentru-barbierit-pentru-barbati\/#breadcrumb","itemListElement":[{"@type":"ListItem","position":1,"name":"Dom\u016f","item":"https:\/\/shopatoa.com\/ro\/"},{"@type":"ListItem","position":2,"name":"Shop","item":"https:\/\/shopatoa.com\/ro\/shop\/"},{"@type":"ListItem","position":3,"name":"S\u0103n\u0103tate \u0219i frumuse\u021be","item":"https:\/\/shopatoa.com\/ro\/sanatate-si-frumusete\/"},{"@type":"ListItem","position":4,"name":"\u00cengrijire personal\u0103","item":"https:\/\/shopatoa.com\/ro\/ingrijire-personala\/"},{"@type":"ListItem","position":5,"name":"B\u0103rbierit \u0219i \u00eengrijire","item":"https:\/\/shopatoa.com\/ro\/barbierit-si-ingrijire\/"},{"@type":"ListItem","position":6,"name":"Aparate de ras electrice","item":"https:\/\/shopatoa.com\/ro\/aparate-de-ras-electrice\/"},{"@type":"ListItem","position":7,"name":"Erbe Solingen Shave Razor 6433 Mach 3 Titan set pentru b\u0103rbierit pentru b\u0103rba\u021bi"}]},{"@type":"WebSite","@id":"https:\/\/shopatoa.com\/ro\/#website","url":"https:\/\/shopatoa.com\/ro\/","name":"SHOPATOA","description":"","publisher":{"@id":"https:\/\/shopatoa.com\/ro\/#organization"},"potentialAction":[{"@type":"SearchAction","target":{"@type":"EntryPoint","urlTemplate":"https:\/\/shopatoa.com\/ro\/?s={search_term_string}"},"query-input":{"@type":"PropertyValueSpecification","valueRequired":true,"valueName":"search_term_string"}}],"inLanguage":"ro-RO"},{"@type":"Organization","@id":"https:\/\/shopatoa.com\/ro\/#organization","name":"SHOPATOA","url":"https:\/\/shopatoa.com\/ro\/","logo":{"@type":"ImageObject","inLanguage":"ro-RO","@id":"https:\/\/shopatoa.com\/ro\/#\/schema\/logo\/image\/","url":"https:\/\/storage.googleapis.com\/cz-shopatoa-img\/ro\/b4dac915-shopatoa_logo.png","contentUrl":"https:\/\/storage.googleapis.com\/cz-shopatoa-img\/ro\/b4dac915-shopatoa_logo.png","width":416,"height":63,"caption":"SHOPATOA"},"image":{"@id":"https:\/\/shopatoa.com\/ro\/#\/schema\/logo\/image\/"}}]}},"_links":{"self":[{"href":"https:\/\/shopatoa.com\/ro\/wp-json\/wp\/v2\/product\/458276","targetHints":{"allow":["GET"]}}],"collection":[{"href":"https:\/\/shopatoa.com\/ro\/wp-json\/wp\/v2\/product"}],"about":[{"href":"https:\/\/shopatoa.com\/ro\/wp-json\/wp\/v2\/types\/product"}],"replies":[{"embeddable":true,"href":"https:\/\/shopatoa.com\/ro\/wp-json\/wp\/v2\/comments?post=458276"}],"wp:featuredmedia":[{"embeddable":true,"href":"https:\/\/shopatoa.com\/ro\/wp-json\/wp\/v2\/media\/458277"}],"wp:attachment":[{"href":"https:\/\/shopatoa.com\/ro\/wp-json\/wp\/v2\/media?parent=458276"}],"wp:term":[{"taxonomy":"product_brand","embeddable":true,"href":"https:\/\/shopatoa.com\/ro\/wp-json\/wp\/v2\/product_brand?post=458276"},{"taxonomy":"product_cat","embeddable":true,"href":"https:\/\/shopatoa.com\/ro\/wp-json\/wp\/v2\/product_cat?post=458276"},{"taxonomy":"product_tag","embeddable":true,"href":"https:\/\/shopatoa.com\/ro\/wp-json\/wp\/v2\/product_tag?post=458276"}],"curies":[{"name":"wp","href":"https:\/\/api.w.org\/{rel}","templated":true}]}}