{"id":458502,"date":"2025-06-25T23:51:32","date_gmt":"2025-06-25T21:51:32","guid":{"rendered":"https:\/\/shopatoa.com\/ro\/renovality-mineral-cream-with-uv-protection-crema-pentru-fata-spf-30-30-ml\/"},"modified":"2026-02-04T01:27:28","modified_gmt":"2026-02-04T00:27:28","slug":"renovality-mineral-cream-with-uv-protection-crema-pentru-fata-spf-30-30-ml","status":"publish","type":"product","link":"https:\/\/shopatoa.com\/ro\/renovality-mineral-cream-with-uv-protection-crema-pentru-fata-spf-30-30-ml\/","title":{"rendered":"Renovality Mineral Cream with UV Protection crem\u0103 pentru fa\u021b\u0103 SPF 30 30 ml"},"content":{"rendered":"<p>Renovality Mineral Cream with UV Protection, 30 ml, Protec\u021bie contra radia\u021biilor solare pentru femei, Proteja\u021bi-v\u0103 pielea \u00eempotriva arsurilor solare, \u00eemb\u0103tr\u00e2nirii premature \u0219i a altor afec\u021biuni cauzate de expunerea la soare. Produsul de protec\u021bie solar\u0103 Renovality Mineral Cream with UV Protection creeaz\u0103 un scut defensiv eficient \u00eempotriva radia\u021biilor UV \u0219i v\u0103 ajuta s\u0103 preveni\u021bi nu doar arsurile solare sau petele pigmentare, ci \u0219i reducerea elasticit\u0103\u021bii pielii, pierderea colagenului \u0219i alte semne de \u00eemb\u0103tr\u00e2nire a pielii. \u0218i nu \u00een ultimul r\u00e2nd, reduce semnificativ riscul de cancer de piele.  Caracteristici:  nu las\u0103 o senza\u021bie de gras se absoarbe rapid hr\u0103ne\u0219te \u00een profunzime protejeaz\u0103 pielea de ac\u021biunea negativ\u0103 a radia\u021biilor UV filtrele minerale UV &#8211; r\u0103m\u00e2n pe suprafa\u021ba pielii \u0219i reflect\u0103 razele solare poate l\u0103sa pe piele o u\u0219oar\u0103 pelicul\u0103 alb\u0103  Cum se utilizeaz\u0103: Folosi\u021bi pe fa\u021b\u0103, g\u00e2t \u0219i decolteu. Folosi\u021bi ca ultim pas al rutinei dvs. zilnice de \u00eengrijire. Se maseaz\u0103 delicat.<\/p>\n","protected":false},"excerpt":{"rendered":"<p>Renovality Mineral Cream with UV Protection, 30 ml, Protec\u021bie contra radia\u021biilor solare pentru femei, Proteja\u021bi-v\u0103 pielea \u00eempotriva arsurilor solare, \u00eemb\u0103tr\u00e2nirii premature \u0219i a altor afec\u021biuni cauzate de expunerea la soare. Produsul de protec\u021bie solar\u0103 Renovality Mineral Cream with UV Protection creeaz\u0103 un scut defensiv eficient \u00eempotriva radia\u021biilor UV \u0219i v\u0103 ajuta s\u0103 preveni\u021bi nu doar&#8230;<\/p>\n","protected":false},"featured_media":458503,"comment_status":"closed","ping_status":"open","template":"","meta":{"_acf_changed":false,"_kadence_starter_templates_imported_post":false,"_kad_post_transparent":"","_kad_post_title":"","_kad_post_layout":"","_kad_post_sidebar_id":"","_kad_post_content_style":"","_kad_post_vertical_padding":"","_kad_post_feature":"","_kad_post_feature_position":"","_kad_post_header":false,"_kad_post_footer":false,"_kad_post_classname":""},"product_brand":[2001],"product_cat":[1564,1563,1565,1562],"product_tag":[],"class_list":{"0":"post-458502","1":"product","2":"type-product","3":"status-publish","4":"has-post-thumbnail","6":"product_brand-renovality","7":"product_cat-cosmetice-ingrijire-personala","8":"product_cat-ingrijire-personala","9":"product_cat-ingrijirea-pielii","10":"product_cat-sanatate-si-frumusete","11":"pa_gen-female","12":"pa_marime-30-ml","14":"first","15":"instock","16":"sale","17":"product-type-external","18":"entry","19":"content-bg","20":"loop-entry"},"acf":[],"yoast_head":"<!-- This site is optimized with the Yoast SEO plugin v27.4 - https:\/\/yoast.com\/product\/yoast-seo-wordpress\/ -->\n<title>Renovality Mineral Cream with UV Protection crem\u0103 pentru fa\u021b\u0103 SPF 30 30 ml - SHOPATOA.COM<\/title>\n<meta name=\"robots\" content=\"index, follow, max-snippet:-1, max-image-preview:large, max-video-preview:-1\" \/>\n<link rel=\"canonical\" href=\"https:\/\/shopatoa.com\/ro\/renovality-mineral-cream-with-uv-protection-crema-pentru-fata-spf-30-30-ml\/\" \/>\n<meta property=\"og:locale\" content=\"ro_RO\" \/>\n<meta property=\"og:type\" content=\"article\" \/>\n<meta property=\"og:title\" content=\"Renovality Mineral Cream with UV Protection crem\u0103 pentru fa\u021b\u0103 SPF 30 30 ml - SHOPATOA.COM\" \/>\n<meta property=\"og:description\" content=\"Renovality Mineral Cream with UV Protection, 30 ml, Protec\u021bie contra radia\u021biilor solare pentru femei, Proteja\u021bi-v\u0103 pielea \u00eempotriva arsurilor solare, \u00eemb\u0103tr\u00e2nirii premature \u0219i a altor afec\u021biuni cauzate de expunerea la soare. Produsul de protec\u021bie solar\u0103 Renovality Mineral Cream with UV Protection creeaz\u0103 un scut defensiv eficient \u00eempotriva radia\u021biilor UV \u0219i v\u0103 ajuta s\u0103 preveni\u021bi nu doar...\" \/>\n<meta property=\"og:url\" content=\"https:\/\/shopatoa.com\/ro\/renovality-mineral-cream-with-uv-protection-crema-pentru-fata-spf-30-30-ml\/\" \/>\n<meta property=\"og:site_name\" content=\"SHOPATOA\" \/>\n<meta property=\"article:modified_time\" content=\"2026-02-04T00:27:28+00:00\" \/>\n<meta property=\"og:image\" content=\"https:\/\/storage.googleapis.com\/cz-shopatoa-img\/ro\/7bdb85c8-unnamed-file.webp\" \/>\n\t<meta property=\"og:image:width\" content=\"800\" \/>\n\t<meta property=\"og:image:height\" content=\"800\" \/>\n\t<meta property=\"og:image:type\" content=\"image\/webp\" \/>\n<meta name=\"twitter:card\" content=\"summary_large_image\" \/>\n<meta name=\"twitter:label1\" content=\"Timp estimat pentru citire\" \/>\n\t<meta name=\"twitter:data1\" content=\"1 minut\" \/>\n<script type=\"application\/ld+json\" class=\"yoast-schema-graph\">{\"@context\":\"https:\\\/\\\/schema.org\",\"@graph\":[{\"@type\":\"WebPage\",\"@id\":\"https:\\\/\\\/shopatoa.com\\\/ro\\\/renovality-mineral-cream-with-uv-protection-crema-pentru-fata-spf-30-30-ml\\\/\",\"url\":\"https:\\\/\\\/shopatoa.com\\\/ro\\\/renovality-mineral-cream-with-uv-protection-crema-pentru-fata-spf-30-30-ml\\\/\",\"name\":\"Renovality Mineral Cream with UV Protection crem\u0103 pentru fa\u021b\u0103 SPF 30 30 ml - SHOPATOA.COM\",\"isPartOf\":{\"@id\":\"https:\\\/\\\/shopatoa.com\\\/ro\\\/#website\"},\"primaryImageOfPage\":{\"@id\":\"https:\\\/\\\/shopatoa.com\\\/ro\\\/renovality-mineral-cream-with-uv-protection-crema-pentru-fata-spf-30-30-ml\\\/#primaryimage\"},\"image\":{\"@id\":\"https:\\\/\\\/shopatoa.com\\\/ro\\\/renovality-mineral-cream-with-uv-protection-crema-pentru-fata-spf-30-30-ml\\\/#primaryimage\"},\"thumbnailUrl\":\"https:\\\/\\\/storage.googleapis.com\\\/cz-shopatoa-img\\\/ro\\\/7bdb85c8-unnamed-file.webp\",\"datePublished\":\"2025-06-25T21:51:32+00:00\",\"dateModified\":\"2026-02-04T00:27:28+00:00\",\"breadcrumb\":{\"@id\":\"https:\\\/\\\/shopatoa.com\\\/ro\\\/renovality-mineral-cream-with-uv-protection-crema-pentru-fata-spf-30-30-ml\\\/#breadcrumb\"},\"inLanguage\":\"ro-RO\",\"potentialAction\":[{\"@type\":\"ReadAction\",\"target\":[\"https:\\\/\\\/shopatoa.com\\\/ro\\\/renovality-mineral-cream-with-uv-protection-crema-pentru-fata-spf-30-30-ml\\\/\"]}]},{\"@type\":\"ImageObject\",\"inLanguage\":\"ro-RO\",\"@id\":\"https:\\\/\\\/shopatoa.com\\\/ro\\\/renovality-mineral-cream-with-uv-protection-crema-pentru-fata-spf-30-30-ml\\\/#primaryimage\",\"url\":\"https:\\\/\\\/storage.googleapis.com\\\/cz-shopatoa-img\\\/ro\\\/7bdb85c8-unnamed-file.webp\",\"contentUrl\":\"https:\\\/\\\/storage.googleapis.com\\\/cz-shopatoa-img\\\/ro\\\/7bdb85c8-unnamed-file.webp\",\"width\":800,\"height\":800},{\"@type\":\"BreadcrumbList\",\"@id\":\"https:\\\/\\\/shopatoa.com\\\/ro\\\/renovality-mineral-cream-with-uv-protection-crema-pentru-fata-spf-30-30-ml\\\/#breadcrumb\",\"itemListElement\":[{\"@type\":\"ListItem\",\"position\":1,\"name\":\"Dom\u016f\",\"item\":\"https:\\\/\\\/shopatoa.com\\\/ro\\\/\"},{\"@type\":\"ListItem\",\"position\":2,\"name\":\"Shop\",\"item\":\"https:\\\/\\\/shopatoa.com\\\/ro\\\/shop\\\/\"},{\"@type\":\"ListItem\",\"position\":3,\"name\":\"S\u0103n\u0103tate \u0219i frumuse\u021be\",\"item\":\"https:\\\/\\\/shopatoa.com\\\/ro\\\/sanatate-si-frumusete\\\/\"},{\"@type\":\"ListItem\",\"position\":4,\"name\":\"\u00cengrijire personal\u0103\",\"item\":\"https:\\\/\\\/shopatoa.com\\\/ro\\\/ingrijire-personala\\\/\"},{\"@type\":\"ListItem\",\"position\":5,\"name\":\"Cosmetice\",\"item\":\"https:\\\/\\\/shopatoa.com\\\/ro\\\/cosmetice-ingrijire-personala\\\/\"},{\"@type\":\"ListItem\",\"position\":6,\"name\":\"\u00cengrijirea pielii\",\"item\":\"https:\\\/\\\/shopatoa.com\\\/ro\\\/ingrijirea-pielii\\\/\"},{\"@type\":\"ListItem\",\"position\":7,\"name\":\"Renovality Mineral Cream with UV Protection crem\u0103 pentru fa\u021b\u0103 SPF 30 30 ml\"}]},{\"@type\":\"WebSite\",\"@id\":\"https:\\\/\\\/shopatoa.com\\\/ro\\\/#website\",\"url\":\"https:\\\/\\\/shopatoa.com\\\/ro\\\/\",\"name\":\"SHOPATOA\",\"description\":\"\",\"publisher\":{\"@id\":\"https:\\\/\\\/shopatoa.com\\\/ro\\\/#organization\"},\"potentialAction\":[{\"@type\":\"SearchAction\",\"target\":{\"@type\":\"EntryPoint\",\"urlTemplate\":\"https:\\\/\\\/shopatoa.com\\\/ro\\\/?s={search_term_string}\"},\"query-input\":{\"@type\":\"PropertyValueSpecification\",\"valueRequired\":true,\"valueName\":\"search_term_string\"}}],\"inLanguage\":\"ro-RO\"},{\"@type\":\"Organization\",\"@id\":\"https:\\\/\\\/shopatoa.com\\\/ro\\\/#organization\",\"name\":\"SHOPATOA\",\"url\":\"https:\\\/\\\/shopatoa.com\\\/ro\\\/\",\"logo\":{\"@type\":\"ImageObject\",\"inLanguage\":\"ro-RO\",\"@id\":\"https:\\\/\\\/shopatoa.com\\\/ro\\\/#\\\/schema\\\/logo\\\/image\\\/\",\"url\":\"https:\\\/\\\/storage.googleapis.com\\\/cz-shopatoa-img\\\/ro\\\/b4dac915-shopatoa_logo.png\",\"contentUrl\":\"https:\\\/\\\/storage.googleapis.com\\\/cz-shopatoa-img\\\/ro\\\/b4dac915-shopatoa_logo.png\",\"width\":416,\"height\":63,\"caption\":\"SHOPATOA\"},\"image\":{\"@id\":\"https:\\\/\\\/shopatoa.com\\\/ro\\\/#\\\/schema\\\/logo\\\/image\\\/\"}}]}<\/script>\n<!-- \/ Yoast SEO plugin. -->","yoast_head_json":{"title":"Renovality Mineral Cream with UV Protection crem\u0103 pentru fa\u021b\u0103 SPF 30 30 ml - SHOPATOA.COM","robots":{"index":"index","follow":"follow","max-snippet":"max-snippet:-1","max-image-preview":"max-image-preview:large","max-video-preview":"max-video-preview:-1"},"canonical":"https:\/\/shopatoa.com\/ro\/renovality-mineral-cream-with-uv-protection-crema-pentru-fata-spf-30-30-ml\/","og_locale":"ro_RO","og_type":"article","og_title":"Renovality Mineral Cream with UV Protection crem\u0103 pentru fa\u021b\u0103 SPF 30 30 ml - SHOPATOA.COM","og_description":"Renovality Mineral Cream with UV Protection, 30 ml, Protec\u021bie contra radia\u021biilor solare pentru femei, Proteja\u021bi-v\u0103 pielea \u00eempotriva arsurilor solare, \u00eemb\u0103tr\u00e2nirii premature \u0219i a altor afec\u021biuni cauzate de expunerea la soare. Produsul de protec\u021bie solar\u0103 Renovality Mineral Cream with UV Protection creeaz\u0103 un scut defensiv eficient \u00eempotriva radia\u021biilor UV \u0219i v\u0103 ajuta s\u0103 preveni\u021bi nu doar...","og_url":"https:\/\/shopatoa.com\/ro\/renovality-mineral-cream-with-uv-protection-crema-pentru-fata-spf-30-30-ml\/","og_site_name":"SHOPATOA","article_modified_time":"2026-02-04T00:27:28+00:00","og_image":[{"width":800,"height":800,"url":"https:\/\/storage.googleapis.com\/cz-shopatoa-img\/ro\/7bdb85c8-unnamed-file.webp","type":"image\/webp"}],"twitter_card":"summary_large_image","twitter_misc":{"Timp estimat pentru citire":"1 minut"},"schema":{"@context":"https:\/\/schema.org","@graph":[{"@type":"WebPage","@id":"https:\/\/shopatoa.com\/ro\/renovality-mineral-cream-with-uv-protection-crema-pentru-fata-spf-30-30-ml\/","url":"https:\/\/shopatoa.com\/ro\/renovality-mineral-cream-with-uv-protection-crema-pentru-fata-spf-30-30-ml\/","name":"Renovality Mineral Cream with UV Protection crem\u0103 pentru fa\u021b\u0103 SPF 30 30 ml - SHOPATOA.COM","isPartOf":{"@id":"https:\/\/shopatoa.com\/ro\/#website"},"primaryImageOfPage":{"@id":"https:\/\/shopatoa.com\/ro\/renovality-mineral-cream-with-uv-protection-crema-pentru-fata-spf-30-30-ml\/#primaryimage"},"image":{"@id":"https:\/\/shopatoa.com\/ro\/renovality-mineral-cream-with-uv-protection-crema-pentru-fata-spf-30-30-ml\/#primaryimage"},"thumbnailUrl":"https:\/\/storage.googleapis.com\/cz-shopatoa-img\/ro\/7bdb85c8-unnamed-file.webp","datePublished":"2025-06-25T21:51:32+00:00","dateModified":"2026-02-04T00:27:28+00:00","breadcrumb":{"@id":"https:\/\/shopatoa.com\/ro\/renovality-mineral-cream-with-uv-protection-crema-pentru-fata-spf-30-30-ml\/#breadcrumb"},"inLanguage":"ro-RO","potentialAction":[{"@type":"ReadAction","target":["https:\/\/shopatoa.com\/ro\/renovality-mineral-cream-with-uv-protection-crema-pentru-fata-spf-30-30-ml\/"]}]},{"@type":"ImageObject","inLanguage":"ro-RO","@id":"https:\/\/shopatoa.com\/ro\/renovality-mineral-cream-with-uv-protection-crema-pentru-fata-spf-30-30-ml\/#primaryimage","url":"https:\/\/storage.googleapis.com\/cz-shopatoa-img\/ro\/7bdb85c8-unnamed-file.webp","contentUrl":"https:\/\/storage.googleapis.com\/cz-shopatoa-img\/ro\/7bdb85c8-unnamed-file.webp","width":800,"height":800},{"@type":"BreadcrumbList","@id":"https:\/\/shopatoa.com\/ro\/renovality-mineral-cream-with-uv-protection-crema-pentru-fata-spf-30-30-ml\/#breadcrumb","itemListElement":[{"@type":"ListItem","position":1,"name":"Dom\u016f","item":"https:\/\/shopatoa.com\/ro\/"},{"@type":"ListItem","position":2,"name":"Shop","item":"https:\/\/shopatoa.com\/ro\/shop\/"},{"@type":"ListItem","position":3,"name":"S\u0103n\u0103tate \u0219i frumuse\u021be","item":"https:\/\/shopatoa.com\/ro\/sanatate-si-frumusete\/"},{"@type":"ListItem","position":4,"name":"\u00cengrijire personal\u0103","item":"https:\/\/shopatoa.com\/ro\/ingrijire-personala\/"},{"@type":"ListItem","position":5,"name":"Cosmetice","item":"https:\/\/shopatoa.com\/ro\/cosmetice-ingrijire-personala\/"},{"@type":"ListItem","position":6,"name":"\u00cengrijirea pielii","item":"https:\/\/shopatoa.com\/ro\/ingrijirea-pielii\/"},{"@type":"ListItem","position":7,"name":"Renovality Mineral Cream with UV Protection crem\u0103 pentru fa\u021b\u0103 SPF 30 30 ml"}]},{"@type":"WebSite","@id":"https:\/\/shopatoa.com\/ro\/#website","url":"https:\/\/shopatoa.com\/ro\/","name":"SHOPATOA","description":"","publisher":{"@id":"https:\/\/shopatoa.com\/ro\/#organization"},"potentialAction":[{"@type":"SearchAction","target":{"@type":"EntryPoint","urlTemplate":"https:\/\/shopatoa.com\/ro\/?s={search_term_string}"},"query-input":{"@type":"PropertyValueSpecification","valueRequired":true,"valueName":"search_term_string"}}],"inLanguage":"ro-RO"},{"@type":"Organization","@id":"https:\/\/shopatoa.com\/ro\/#organization","name":"SHOPATOA","url":"https:\/\/shopatoa.com\/ro\/","logo":{"@type":"ImageObject","inLanguage":"ro-RO","@id":"https:\/\/shopatoa.com\/ro\/#\/schema\/logo\/image\/","url":"https:\/\/storage.googleapis.com\/cz-shopatoa-img\/ro\/b4dac915-shopatoa_logo.png","contentUrl":"https:\/\/storage.googleapis.com\/cz-shopatoa-img\/ro\/b4dac915-shopatoa_logo.png","width":416,"height":63,"caption":"SHOPATOA"},"image":{"@id":"https:\/\/shopatoa.com\/ro\/#\/schema\/logo\/image\/"}}]}},"_links":{"self":[{"href":"https:\/\/shopatoa.com\/ro\/wp-json\/wp\/v2\/product\/458502","targetHints":{"allow":["GET"]}}],"collection":[{"href":"https:\/\/shopatoa.com\/ro\/wp-json\/wp\/v2\/product"}],"about":[{"href":"https:\/\/shopatoa.com\/ro\/wp-json\/wp\/v2\/types\/product"}],"replies":[{"embeddable":true,"href":"https:\/\/shopatoa.com\/ro\/wp-json\/wp\/v2\/comments?post=458502"}],"wp:featuredmedia":[{"embeddable":true,"href":"https:\/\/shopatoa.com\/ro\/wp-json\/wp\/v2\/media\/458503"}],"wp:attachment":[{"href":"https:\/\/shopatoa.com\/ro\/wp-json\/wp\/v2\/media?parent=458502"}],"wp:term":[{"taxonomy":"product_brand","embeddable":true,"href":"https:\/\/shopatoa.com\/ro\/wp-json\/wp\/v2\/product_brand?post=458502"},{"taxonomy":"product_cat","embeddable":true,"href":"https:\/\/shopatoa.com\/ro\/wp-json\/wp\/v2\/product_cat?post=458502"},{"taxonomy":"product_tag","embeddable":true,"href":"https:\/\/shopatoa.com\/ro\/wp-json\/wp\/v2\/product_tag?post=458502"}],"curies":[{"name":"wp","href":"https:\/\/api.w.org\/{rel}","templated":true}]}}